{"id":9080,"date":"2021-07-02T16:29:38","date_gmt":"2021-07-02T16:29:38","guid":{"rendered":"https:\/\/globalmedsonlineinc.com\/no\/?post_type=product&#038;p=9080"},"modified":"2024-02-21T10:57:02","modified_gmt":"2024-02-21T10:57:02","slug":"xanax","status":"publish","type":"product","link":"https:\/\/globalmedsonlineinc.com\/no\/product\/pain-killers\/xanax\/","title":{"rendered":"Kj\u00f8p Xanax piller online"},"content":{"rendered":"<h1>Xanax-piller til salgs p\u00e5 nett uten resept<\/h1>\n<p><a href=\"https:\/\/globalmedsonlineinc.com\/no\/product\/pain-killers\/xanax\/\">Xanax piller til salgs p\u00e5 nett<\/a> uten resept , Xanax, ogs\u00e5 kalt Aprazolam, er en medisin i benzodiazepinklassen &lt; a href=&#8221;https:\/\/en.wikipedia.org\/wiki\/Alprazolam&#8221;&gt;brukes for \u00e5 lette manifestasjoner knyttet til spenninger og angstanfall, akkurat som elendighet, PMS (premenstruell tilstand), viss frykt og anfall. XANAX er demonstrert for administrering av nerv\u00f8sitetsproblemer og \u00f8yeblikkelig hjelp av bivirkninger av uro hos voksne. XANAX er ogs\u00e5 demonstrert for behandling av vanvidd hos voksne med eller uten frykt for flekker og omstendigheter som kan for\u00e5rsake vanvidd, forsvarsl\u00f8shet eller skam (agorafobi). Kj\u00f8p Xanax-piller p\u00e5 nettet<\/p>\n<p>Er det riktig \u00e5 si at du opplever plager?? n\u00e5 kan du f\u00e5 dine plage resepter fra tr\u00f8st i ditt hjem eller kontor, vi selger topp kliniske smerte piller for hjelp med ubehag og en rekke andre sykdommer som inkluderer; xanax, oksykontin, oksykodon, dilaudid, demerol, metadon (dolophin, metadose), roksykodon, diazepam, ritalin, percocet, concerta, tramadol, adderall, hydrokodon, morfin. Vi har 100 % rekord i fruktbare formidler. Kj\u00f8p Xanax-piller p\u00e5 nettet<\/p>\n<p>Vi har medisiner for behandling av p\u00e5g\u00e5ende ryggplager, hack, nerv\u00f8sitet, alarmproblemer, motl\u00f8shet, erektil dysfunksjon, seksuell funksjonssvikt, narkolepsi, korpulens, elendighet, tretthet, vektreduksjonstilskudd og mer p\u00e5 nettet (ingen rettsmiddel n\u00f8dvendig).<\/p>\n<p>&#8211; Ingen rettsmiddel n\u00f8dvendig<\/p>\n<p>&#8211; ekspress tidligere for tiden eller 24 timers formidling<\/p>\n<p>&#8211; Emballasjen er eksepsjonelt taktfullt fast, pakket inn med en aluminiumsfolie, fri for enhver fare<\/p>\n<p>&#8211; Ingen merker uendelig tilf\u00f8rsel av pakke<\/p>\n<p>&#8211; 100 % kundebehandling og st\u00f8tte.<\/p>\n<p>&#8211; Pengene tilbake sikre<\/p>\n<p>\u2013 Vi tilbyr hus til hus formidlingsadministrasjoner<\/p>\n<p>&#8211; Utmerkede og uovertrufne kostnader.<\/p>\n<p>Vi pakker buntene forsiktig med wolfram og karbonpapir for \u00e5 unng\u00e5 gjennom tradisjoner x-beam maskiner ved luftterminaler. Bunter er perfekt lastet med velsignelsespapirer utenfra. Kj\u00f8p Xanax-piller p\u00e5 nettet<\/p>\n<p>Leter du etter billig XANAX 2mg p\u00e5 nett? Bestill XANAX 2mg fra Global Home Med til rimelige priser og levering direkte hjem til deg!<\/p>\n<p>Kj\u00f8p Alprazolam i Storbritannia \u2026 Alprazolam (Xanax) 2mg UK\/EU-merke \u2026 2 mg-tabletten er en kraftigere versjon av denne effektive angstmedisinen i Storbritannia<\/p>\n<p>Kj\u00f8p Xanax p\u00e5 nett \u2013 Xanax bar til salgs \u2013Kj\u00f8p xanax 2mg p\u00e5 nett \u2013kj\u00f8p xanax 1mg p\u00e5 nett \u2013 Xanax kan f\u00f8les beroligende og beroligende, slik at du f\u00f8ler deg avslappet og rolig<\/p>\n<p>Kj\u00f8p Xanax 2Mg Uk Materialiserende ergonomisk Bestill Xanax Overnight salified konveksert? Fustier <a href=\"https:\/\/no.wikipedia.org\/wiki\/Alprazolam\">Wilburn<\/a> fremtvinger tilbudet om \u00e5 kj\u00f8pe Xanax Online Reddit<\/p>\n<p>Kj\u00f8p billig, xanax online uten resept. Generisk zoloft beste nettapoteker billig xanax nettkj\u00f8p phentermine. Bilder av generiske xanax 2mg barer<br \/>\nKj\u00f8p Xanax 2 mg Alprazolam 0,5 MG, 1MG, 2MG Tablet brukes til \u00e5 behandle panikklidelser og angst, som uventet ekstrem frykt og spenning p\u00e5 grunn av stress. Det anbefales \u00e5 starte med en liten dose og \u00f8ke den gradvis. Ikke slutt \u00e5 ta dette legemidlet plutselig, da det kan for\u00e5rsake abstinenssymptomer som anfall, aggressiv oppf\u00f8rsel, t\u00e5kesyn, etc.<\/p>\n<p>Ta Alprazolam 0,5 MG tablett med eller uten mat. Ikke ta inn st\u00f8rre mengder enn anbefalt. R\u00e5df\u00f8r deg med legen hvis du opplever noen u\u00f8nskede effekter. Ikke slutt \u00e5 ta medisinen uten \u00e5 konsultere legen din, da det kan for\u00e5rsake abstinenssymptomer.<\/p>\n<p>Hvordan det fungerer<br \/>\nDenne medisinen binder seg til kloridkanalene og letter tilstr\u00f8mningen av kloridioner, og for\u00e5rsaker dermed hyperpolarisering og stabilisering av nevronmembranen, og forhindrer ytterligere eksitasjon av cellen.<\/p>\n<p>Xanax-piller av god kvalitet p\u00e5 nettet: Det er fullstendig forst\u00e5tt at folk ikke raskt stoler p\u00e5 kvaliteten p\u00e5 Xanax-piller som selges p\u00e5 nettet fordi de ikke kan unders\u00f8ke det fysisk. Men det er ikke det samme med online Xanax piller online leverand\u00f8rer. Produktene her er tro mot beskrivelsen med vedlikehold av h\u00f8y kvalitet utf\u00f8rt under tilsyn av eksperter.<\/p>\n<p>Rask &amp; Diskret frakt: Leveringen av Xanax-pillene p\u00e5 nett etter \u00e5 ha mottatt bestillingen skjer innen den lovede tidsrammen. Fraktteamet legger all sin innsats i \u00e5 gj\u00f8re frakt- og leveringsprosedyren jevn og rask. Du kan ogs\u00e5 forvente utmerkede tjenester n\u00e5r du kj\u00f8per Xanax-piller online fra profesjonelle p\u00e5 nettplattformen.<\/p>\n","protected":false},"excerpt":{"rendered":"<p>Kj\u00f8p Xanax 2 MG Tablet brukes til \u00e5 behandle panikklidelser og angst, som uventet ekstrem frykt og spenning p\u00e5 grunn av stress. Det anbefales \u00e5 starte med en liten dose og \u00f8ke den gradvis. Ikke slutt \u00e5 ta dette legemidlet plutselig, da det kan for\u00e5rsake abstinenssymptomer som anfall, aggressiv oppf\u00f8rsel, t\u00e5kesyn, etc.<\/p>\n","protected":false},"featured_media":9085,"comment_status":"open","ping_status":"closed","template":"","meta":{"_acf_changed":false,"_monsterinsights_skip_tracking":false,"_monsterinsights_sitenote_active":false,"_monsterinsights_sitenote_note":"","_monsterinsights_sitenote_category":0},"product_brand":[],"product_cat":[52],"product_tag":[801,802,805,807,818,808,804,803,806,809,810,811,815,816,817,812,813,814],"class_list":{"0":"post-9080","1":"product","2":"type-product","3":"status-publish","4":"has-post-thumbnail","6":"product_cat-pain-killers","7":"product_tag-2mg-xanax-til-salgs","8":"product_tag-alprazolam-til-salgs","9":"product_tag-bestill-alprazolam-online","10":"product_tag-det-beste-stedet-a-kjope-alprazolam-online","11":"product_tag-gule-xanax-barer-til-salgs","12":"product_tag-hvor-kan-man-kjope-alprazolam-online","13":"product_tag-hvordan-kjope-alprazolam-online","14":"product_tag-kjop-alprazolam-online","15":"product_tag-kjop-xanax-piller-pa-nettet","16":"product_tag-xanax-2mg-til-salgs","17":"product_tag-xanax-barer-til-salgs","18":"product_tag-xanax-barer-til-salgs-pa-nettet","19":"product_tag-xanax-piller-til-salgs","20":"product_tag-xanax-piller-til-salgs-online","21":"product_tag-xanax-tabletter-til-salgs","22":"product_tag-xanax-til-salgs","23":"product_tag-xanax-til-salgs-pa-nettet","24":"product_tag-xanax-til-salgs-uten-resept","26":"first","27":"instock","28":"featured","29":"shipping-taxable","30":"purchasable","31":"product-type-variable","32":"has-default-attributes"},"acf":[],"yoast_head":"<!-- This site is optimized with the Yoast SEO plugin v27.2 - https:\/\/yoast.com\/product\/yoast-seo-wordpress\/ -->\n<title>Xanax piller til salgs p\u00e5 nett uten resept | Global Meds Inc.<\/title>\n<meta name=\"description\" content=\"Xanax piller til salgs p\u00e5 nett uten resept. Vi selger Xanax-piller av beste kvalitet. Kontakt oss gjerne for mer informasjon og priser.\" \/>\n<meta name=\"robots\" content=\"index, follow, max-snippet:-1, max-image-preview:large, max-video-preview:-1\" \/>\n<link rel=\"canonical\" href=\"https:\/\/globalmedsonlineinc.com\/no\/product\/pain-killers\/xanax\/\" \/>\n<meta property=\"og:locale\" content=\"nn_NO\" \/>\n<meta property=\"og:type\" content=\"article\" \/>\n<meta property=\"og:title\" content=\"Xanax piller til salgs p\u00e5 nett uten resept | Global Meds Inc.\" \/>\n<meta property=\"og:description\" content=\"Xanax piller til salgs p\u00e5 nett uten resept. Vi selger Xanax-piller av beste kvalitet. Kontakt oss gjerne for mer informasjon og priser.\" \/>\n<meta property=\"og:url\" content=\"https:\/\/globalmedsonlineinc.com\/no\/product\/pain-killers\/xanax\/\" \/>\n<meta property=\"og:site_name\" content=\"Global Meds Inc\" \/>\n<meta property=\"article:modified_time\" content=\"2024-02-21T10:57:02+00:00\" \/>\n<meta property=\"og:image\" content=\"https:\/\/globalmedsonlineinc.com\/no\/content\/media\/uploads\/sites\/10\/2021\/07\/Buy-XANAX-XR-ALPRAZOLAM-EXTENDED-RELEASE-TABLETS-2-Mg-50-TABLETS-RX-ONLY.jpg\" \/>\n\t<meta property=\"og:image:width\" content=\"1200\" \/>\n\t<meta property=\"og:image:height\" content=\"1200\" \/>\n\t<meta property=\"og:image:type\" content=\"image\/jpeg\" \/>\n<meta name=\"twitter:card\" content=\"summary_large_image\" \/>\n<meta name=\"twitter:label1\" content=\"Est. reading time\" \/>\n\t<meta name=\"twitter:data1\" content=\"4 minutt\" \/>\n<script type=\"application\/ld+json\" class=\"yoast-schema-graph\">{\"@context\":\"https:\/\/schema.org\",\"@graph\":[{\"@type\":\"WebPage\",\"@id\":\"https:\/\/globalmedsonlineinc.com\/no\/product\/pain-killers\/xanax\/\",\"url\":\"https:\/\/globalmedsonlineinc.com\/no\/product\/pain-killers\/xanax\/\",\"name\":\"Xanax piller til salgs p\u00e5 nett uten resept | Global Meds Inc.\",\"isPartOf\":{\"@id\":\"https:\/\/globalmedsonlineinc.com\/no\/#website\"},\"primaryImageOfPage\":{\"@id\":\"https:\/\/globalmedsonlineinc.com\/no\/product\/pain-killers\/xanax\/#primaryimage\"},\"image\":{\"@id\":\"https:\/\/globalmedsonlineinc.com\/no\/product\/pain-killers\/xanax\/#primaryimage\"},\"thumbnailUrl\":\"https:\/\/globalmedsonlineinc.com\/no\/content\/media\/uploads\/sites\/10\/2021\/07\/Buy-XANAX-XR-ALPRAZOLAM-EXTENDED-RELEASE-TABLETS-2-Mg-50-TABLETS-RX-ONLY.jpg\",\"datePublished\":\"2021-07-02T16:29:38+00:00\",\"dateModified\":\"2024-02-21T10:57:02+00:00\",\"description\":\"Xanax piller til salgs p\u00e5 nett uten resept. Vi selger Xanax-piller av beste kvalitet. Kontakt oss gjerne for mer informasjon og priser.\",\"breadcrumb\":{\"@id\":\"https:\/\/globalmedsonlineinc.com\/no\/product\/pain-killers\/xanax\/#breadcrumb\"},\"inLanguage\":\"nn-NO\",\"potentialAction\":[{\"@type\":\"ReadAction\",\"target\":[\"https:\/\/globalmedsonlineinc.com\/no\/product\/pain-killers\/xanax\/\"]}]},{\"@type\":\"ImageObject\",\"inLanguage\":\"nn-NO\",\"@id\":\"https:\/\/globalmedsonlineinc.com\/no\/product\/pain-killers\/xanax\/#primaryimage\",\"url\":\"https:\/\/globalmedsonlineinc.com\/no\/content\/media\/uploads\/sites\/10\/2021\/07\/Buy-XANAX-XR-ALPRAZOLAM-EXTENDED-RELEASE-TABLETS-2-Mg-50-TABLETS-RX-ONLY.jpg\",\"contentUrl\":\"https:\/\/globalmedsonlineinc.com\/no\/content\/media\/uploads\/sites\/10\/2021\/07\/Buy-XANAX-XR-ALPRAZOLAM-EXTENDED-RELEASE-TABLETS-2-Mg-50-TABLETS-RX-ONLY.jpg\",\"width\":1200,\"height\":1200,\"caption\":\"Xanax piller til salgs p\u00e5 nett uten resept\"},{\"@type\":\"BreadcrumbList\",\"@id\":\"https:\/\/globalmedsonlineinc.com\/no\/product\/pain-killers\/xanax\/#breadcrumb\",\"itemListElement\":[{\"@type\":\"ListItem\",\"position\":1,\"name\":\"Home\",\"item\":\"https:\/\/globalmedsonlineinc.com\/no\/\"},{\"@type\":\"ListItem\",\"position\":2,\"name\":\"Produkter\",\"item\":\"https:\/\/globalmedsonlineinc.com\/no\/produkter\/\"},{\"@type\":\"ListItem\",\"position\":3,\"name\":\"Kj\u00f8p Xanax piller online\"}]},{\"@type\":\"WebSite\",\"@id\":\"https:\/\/globalmedsonlineinc.com\/no\/#website\",\"url\":\"https:\/\/globalmedsonlineinc.com\/no\/\",\"name\":\"Global Meds Inc\",\"description\":\"\",\"publisher\":{\"@id\":\"https:\/\/globalmedsonlineinc.com\/no\/#organization\"},\"potentialAction\":[{\"@type\":\"SearchAction\",\"target\":{\"@type\":\"EntryPoint\",\"urlTemplate\":\"https:\/\/globalmedsonlineinc.com\/no\/?s={search_term_string}\"},\"query-input\":{\"@type\":\"PropertyValueSpecification\",\"valueRequired\":true,\"valueName\":\"search_term_string\"}}],\"inLanguage\":\"nn-NO\"},{\"@type\":\"Organization\",\"@id\":\"https:\/\/globalmedsonlineinc.com\/no\/#organization\",\"name\":\"Global Meds Inc.\",\"url\":\"https:\/\/globalmedsonlineinc.com\/no\/\",\"logo\":{\"@type\":\"ImageObject\",\"inLanguage\":\"nn-NO\",\"@id\":\"https:\/\/globalmedsonlineinc.com\/no\/#\/schema\/logo\/image\/\",\"url\":\"https:\/\/globalmedsonlineinc.com\/no\/content\/media\/uploads\/sites\/10\/2021\/06\/globalmedsonlineincLogoShop20210630123730.00.png\",\"contentUrl\":\"https:\/\/globalmedsonlineinc.com\/no\/content\/media\/uploads\/sites\/10\/2021\/06\/globalmedsonlineincLogoShop20210630123730.00.png\",\"width\":450,\"height\":117,\"caption\":\"Global Meds Inc.\"},\"image\":{\"@id\":\"https:\/\/globalmedsonlineinc.com\/no\/#\/schema\/logo\/image\/\"}}]}<\/script>\n<!-- \/ Yoast SEO plugin. -->","yoast_head_json":{"title":"Xanax piller til salgs p\u00e5 nett uten resept | Global Meds Inc.","description":"Xanax piller til salgs p\u00e5 nett uten resept. Vi selger Xanax-piller av beste kvalitet. Kontakt oss gjerne for mer informasjon og priser.","robots":{"index":"index","follow":"follow","max-snippet":"max-snippet:-1","max-image-preview":"max-image-preview:large","max-video-preview":"max-video-preview:-1"},"canonical":"https:\/\/globalmedsonlineinc.com\/no\/product\/pain-killers\/xanax\/","og_locale":"nn_NO","og_type":"article","og_title":"Xanax piller til salgs p\u00e5 nett uten resept | Global Meds Inc.","og_description":"Xanax piller til salgs p\u00e5 nett uten resept. Vi selger Xanax-piller av beste kvalitet. Kontakt oss gjerne for mer informasjon og priser.","og_url":"https:\/\/globalmedsonlineinc.com\/no\/product\/pain-killers\/xanax\/","og_site_name":"Global Meds Inc","article_modified_time":"2024-02-21T10:57:02+00:00","og_image":[{"width":1200,"height":1200,"url":"https:\/\/globalmedsonlineinc.com\/no\/content\/media\/uploads\/sites\/10\/2021\/07\/Buy-XANAX-XR-ALPRAZOLAM-EXTENDED-RELEASE-TABLETS-2-Mg-50-TABLETS-RX-ONLY.jpg","type":"image\/jpeg"}],"twitter_card":"summary_large_image","twitter_misc":{"Est. reading time":"4 minutt"},"schema":{"@context":"https:\/\/schema.org","@graph":[{"@type":"WebPage","@id":"https:\/\/globalmedsonlineinc.com\/no\/product\/pain-killers\/xanax\/","url":"https:\/\/globalmedsonlineinc.com\/no\/product\/pain-killers\/xanax\/","name":"Xanax piller til salgs p\u00e5 nett uten resept | Global Meds Inc.","isPartOf":{"@id":"https:\/\/globalmedsonlineinc.com\/no\/#website"},"primaryImageOfPage":{"@id":"https:\/\/globalmedsonlineinc.com\/no\/product\/pain-killers\/xanax\/#primaryimage"},"image":{"@id":"https:\/\/globalmedsonlineinc.com\/no\/product\/pain-killers\/xanax\/#primaryimage"},"thumbnailUrl":"https:\/\/globalmedsonlineinc.com\/no\/content\/media\/uploads\/sites\/10\/2021\/07\/Buy-XANAX-XR-ALPRAZOLAM-EXTENDED-RELEASE-TABLETS-2-Mg-50-TABLETS-RX-ONLY.jpg","datePublished":"2021-07-02T16:29:38+00:00","dateModified":"2024-02-21T10:57:02+00:00","description":"Xanax piller til salgs p\u00e5 nett uten resept. Vi selger Xanax-piller av beste kvalitet. Kontakt oss gjerne for mer informasjon og priser.","breadcrumb":{"@id":"https:\/\/globalmedsonlineinc.com\/no\/product\/pain-killers\/xanax\/#breadcrumb"},"inLanguage":"nn-NO","potentialAction":[{"@type":"ReadAction","target":["https:\/\/globalmedsonlineinc.com\/no\/product\/pain-killers\/xanax\/"]}]},{"@type":"ImageObject","inLanguage":"nn-NO","@id":"https:\/\/globalmedsonlineinc.com\/no\/product\/pain-killers\/xanax\/#primaryimage","url":"https:\/\/globalmedsonlineinc.com\/no\/content\/media\/uploads\/sites\/10\/2021\/07\/Buy-XANAX-XR-ALPRAZOLAM-EXTENDED-RELEASE-TABLETS-2-Mg-50-TABLETS-RX-ONLY.jpg","contentUrl":"https:\/\/globalmedsonlineinc.com\/no\/content\/media\/uploads\/sites\/10\/2021\/07\/Buy-XANAX-XR-ALPRAZOLAM-EXTENDED-RELEASE-TABLETS-2-Mg-50-TABLETS-RX-ONLY.jpg","width":1200,"height":1200,"caption":"Xanax piller til salgs p\u00e5 nett uten resept"},{"@type":"BreadcrumbList","@id":"https:\/\/globalmedsonlineinc.com\/no\/product\/pain-killers\/xanax\/#breadcrumb","itemListElement":[{"@type":"ListItem","position":1,"name":"Home","item":"https:\/\/globalmedsonlineinc.com\/no\/"},{"@type":"ListItem","position":2,"name":"Produkter","item":"https:\/\/globalmedsonlineinc.com\/no\/produkter\/"},{"@type":"ListItem","position":3,"name":"Kj\u00f8p Xanax piller online"}]},{"@type":"WebSite","@id":"https:\/\/globalmedsonlineinc.com\/no\/#website","url":"https:\/\/globalmedsonlineinc.com\/no\/","name":"Global Meds Inc","description":"","publisher":{"@id":"https:\/\/globalmedsonlineinc.com\/no\/#organization"},"potentialAction":[{"@type":"SearchAction","target":{"@type":"EntryPoint","urlTemplate":"https:\/\/globalmedsonlineinc.com\/no\/?s={search_term_string}"},"query-input":{"@type":"PropertyValueSpecification","valueRequired":true,"valueName":"search_term_string"}}],"inLanguage":"nn-NO"},{"@type":"Organization","@id":"https:\/\/globalmedsonlineinc.com\/no\/#organization","name":"Global Meds Inc.","url":"https:\/\/globalmedsonlineinc.com\/no\/","logo":{"@type":"ImageObject","inLanguage":"nn-NO","@id":"https:\/\/globalmedsonlineinc.com\/no\/#\/schema\/logo\/image\/","url":"https:\/\/globalmedsonlineinc.com\/no\/content\/media\/uploads\/sites\/10\/2021\/06\/globalmedsonlineincLogoShop20210630123730.00.png","contentUrl":"https:\/\/globalmedsonlineinc.com\/no\/content\/media\/uploads\/sites\/10\/2021\/06\/globalmedsonlineincLogoShop20210630123730.00.png","width":450,"height":117,"caption":"Global Meds Inc."},"image":{"@id":"https:\/\/globalmedsonlineinc.com\/no\/#\/schema\/logo\/image\/"}}]}},"_links":{"self":[{"href":"https:\/\/globalmedsonlineinc.com\/no\/wp-json\/wp\/v2\/product\/9080","targetHints":{"allow":["GET"]}}],"collection":[{"href":"https:\/\/globalmedsonlineinc.com\/no\/wp-json\/wp\/v2\/product"}],"about":[{"href":"https:\/\/globalmedsonlineinc.com\/no\/wp-json\/wp\/v2\/types\/product"}],"replies":[{"embeddable":true,"href":"https:\/\/globalmedsonlineinc.com\/no\/wp-json\/wp\/v2\/comments?post=9080"}],"wp:featuredmedia":[{"embeddable":true,"href":"https:\/\/globalmedsonlineinc.com\/no\/wp-json\/wp\/v2\/media\/9085"}],"wp:attachment":[{"href":"https:\/\/globalmedsonlineinc.com\/no\/wp-json\/wp\/v2\/media?parent=9080"}],"wp:term":[{"taxonomy":"product_brand","embeddable":true,"href":"https:\/\/globalmedsonlineinc.com\/no\/wp-json\/wp\/v2\/product_brand?post=9080"},{"taxonomy":"product_cat","embeddable":true,"href":"https:\/\/globalmedsonlineinc.com\/no\/wp-json\/wp\/v2\/product_cat?post=9080"},{"taxonomy":"product_tag","embeddable":true,"href":"https:\/\/globalmedsonlineinc.com\/no\/wp-json\/wp\/v2\/product_tag?post=9080"}],"curies":[{"name":"wp","href":"https:\/\/api.w.org\/{rel}","templated":true}]}}