{"id":8984,"date":"2021-06-30T21:00:35","date_gmt":"2021-06-30T21:00:35","guid":{"rendered":"https:\/\/globalmedsonlineinc.com\/no\/?post_type=product&#038;p=8984"},"modified":"2024-02-21T11:01:35","modified_gmt":"2024-02-21T11:01:35","slug":"pentobarbitalnatrium-vaeske","status":"publish","type":"product","link":"https:\/\/globalmedsonlineinc.com\/no\/product\/nembutal-pentobarbital\/pentobarbitalnatrium-vaeske\/","title":{"rendered":"Pentobarbitalnatrium (v\u00e6ske)"},"content":{"rendered":"<h1 class=\"lRu31\" dir=\"ltr\"><span class=\"HwtZe\" lang=\"no\"><span class=\"jCAhz ChMk0b\"><span class=\"ryNqvb\">Pentobarbital natrium oral v\u00e6ske til salgs online<\/span><\/span><\/span><\/h1>\n<div dir=\"ltr\"><\/div>\n<div class=\"lRu31\" dir=\"ltr\"><span class=\"HwtZe\" lang=\"no\"><span class=\"jCAhz ChMk0b\"><span class=\"ryNqvb\"><a href=\"https:\/\/globalmedsonlineinc.com\/no\/product\/nembutal-pentobarbital\/pentobarbitalnatrium-vaeske\/\">Pentobarbital natrium oral v\u00e6ske til salgs online<\/a>. <\/span><\/span><\/span><span style=\"font-size: 1rem\">NEMBUTAL natriumoppl\u00f8sning (pentobarbitalnatriuminjeksjon) er en steril oppl\u00f8sning for intraven\u00f8s eller intramuskul\u00e6r injeksjon. Hver ml inneholder pentobarbitalnatrium 50 mg, i en b\u00e6rer av propylenglykol, 40 %, alkohol, 10 % og vann til injeksjon, til volum. pH justeres til ca. 9,5 med saltsyre og\/eller natriumhydroksid. Dette legemidlet er til injeksjon i en muskel eller en vene. Kj\u00f8p Pentobarbital Sodium Online, Pentobarbital for eutanasi, Pentobarbital natrium gruppe, Pentobarbital natrium v\u00e6ske, Natrium pentobarbital for eutanasi.<\/span><\/div>\n<p>Kj\u00f8p av natriumpentobarbital p\u00e5 nett er n\u00e5 mulig hos Global Meds Inc. Du kan n\u00e5 kj\u00f8pe Pentobarbital Sodium Injection <a href=\"https:\/\/no.wikipedia.org\/wiki\/Pentobarbital\">og<\/a> f\u00e5 den levert p\u00e5 adressen din innen den lovede tidsrammen. Kontakt oss n\u00e5! Pentobarbital for eutanasi, Pentobarbital natrium v\u00e6ske, Natrium pentobarbital for eutanasi av dyr,<\/p>\n<h6 class=\"tt\">Hva er Pentobarbital og dets bruksomr\u00e5der?<\/h6>\n<p>Pentobarbital er et barbiturat som virker som et depressivt middel, eller beroligende middel, som brukes p\u00e5 kort sikt for \u00e5 behandle s\u00f8vnl\u00f8shet. Pentobarbital brukes ogs\u00e5 som akuttbehandling for anfall, og for \u00e5 f\u00e5 pasienter til \u00e5 sovne for operasjon. Kj\u00f8p pentobarbitalnatrium p\u00e5 nett, Pentobarbital for avlivning, Sodium pentobarbital for avlivning av dyr.<\/p>\n<p>I h\u00f8ye doser for\u00e5rsaker pentobarbital d\u00f8d ved respirasjonsstans. Den brukes til veterin\u00e6r eutanasi og brukes av noen amerikanske stater og den amerikanske f\u00f8derale regjeringen for henrettelser av d\u00f8mte kriminelle. Kj\u00f8p Pentobarbital Sodium Online<sup id=\"cite_ref-2\" class=\"reference\"><\/sup><\/p>\n<p>Pentobarbital kan for\u00e5rsake d\u00f8d n\u00e5r det brukes i h\u00f8ye doser. Det brukes til eutanasi for mennesker s\u00e5 vel som dyr. Det brukes ogs\u00e5 alene, eller i kombinasjon med komplement\u00e6re midler som fenytoin, i kommersielle injiserbare dyreavlivningsl\u00f8sninger.<\/p>\n<h6>Pentobarbital for eutanasi<\/h6>\n<p>Pentobarbital (Nembutal) er et korttidsvirkende barbiturat beroligende-hypnotisk som er mye brukt i veterin\u00e6rpraksis for anestesi og eutanasi. Det anbefales ogs\u00e5 som et medikament for eutanasi eller assistert selvmord p\u00e5 grunn av dets raske inntreden av koma og oppfatningen av en fredelig d\u00f8d. Kj\u00f8p Pentobarbital Sodium Online<\/p>\n<h6>Hvordan administreres pentobarbitalnatrium?<\/h6>\n<div id=\"_joT9X9rQHMb1gQa08rz4CA32\" class=\"gy6Qzb oNjtBb V1sL5c\" aria-labelledby=\"_joT9X9rQHMb1gQa08rz4CA33\">\n<div>\n<div id=\"_joT9X9rQHMb1gQa08rz4CA34\" class=\"y8URue\" data-hveid=\"CBEQDA\" data-ved=\"2ahUKEwjaz5v_oZbuAhXGesAKHTQ5D48Qu04oAXoECBEQDA\">\n<div class=\"mod\" data-md=\"61\">\n<div class=\"LGOjhe\" role=\"heading\" data-attrid=\"wa:\/description\" data-hveid=\"CAsQAA\"><span class=\"ILfuVd NA6bn\"><span class=\"hgKElc\">Pentobarbital kan v\u00e6re administrert intraperitonealt eller intraven\u00f8st. N\u00e5r det brukes som generell anestesi, kan pentobarbital administreres som en bolus (Borkowski et al., 1990) eller CRI. Kommersielle l\u00f8sninger inneholder vanligvis propylenglykol, som kan for\u00e5rsake smerte ved injeksjon og tromboflebitt. Kj\u00f8p Pentobarbital Sodium Online<\/span><\/span><\/div>\n<\/div>\n<div role=\"heading\" data-attrid=\"wa:\/description\" data-hveid=\"CAsQAA\">\n<p><strong>Hvordan kan jeg kj\u00f8pe Nembutal p\u00e5 nett?<\/strong><\/p>\n<p>\u00c5 kj\u00f8pe Nembutal p\u00e5 nett er alltid en god beslutning, da det hjelper deg \u00e5 spare b\u00e5de penger og tid. Og den eneste p\u00e5litelige m\u00e5ten \u00e5 kj\u00f8pe Nembutal p\u00e5 nettet er \u00e5 koble til et nettapotek. Ja, du leste riktig! Det b\u00f8r ikke v\u00e6re et hvilket som helst tilfeldig apotek, men et nettbasert Nembutal-apotek som har et godt rykte p\u00e5 nettplattformen, slik at du kan forvente toppkvalitetsprodukter og rettidig levering fra dem og ikke f\u00f8le noen byrde av noe slag.<\/p>\n<p>Nembutal-apotek p\u00e5 nett \u2013 din eneste beste m\u00e5te \u00e5 kj\u00f8pe Nembutal p\u00e5 nett<\/p>\n<p>Et nettbasert Nembutal-apotek som v\u00e5rt er et perfekt valg n\u00e5r det gjelder \u00e5 kj\u00f8pe Nembutal p\u00e5 nett. Med hjelp fra et p\u00e5litelig og profesjonelt apotek kan du kj\u00f8pe de beste produktene og sikre deres effektivitet og sikkerhetsutsikter.<br \/>\nDe profesjonelle apotekene f\u00f8lger alltid sine plikter og ansvar overfor kunder p\u00e5 alvor. Prisene p\u00e5 nettapoteket for \u00e5 kj\u00f8pe Nembutal eller andre relaterte produkter er rimelige og rimelige av alle. Det er ikke n\u00f8dvendig \u00e5 bruke en formue for \u00e5 kj\u00f8pe disse produktene.<\/p>\n<p>Du kan komme direkte i kontakt med Online Nembutal Pharmacy via dets offisielle nettsted og dele bestillingsdetaljene dine for Nembutal som f\u00f8lger med \u00e5 betale for det samme ved \u00e5 bruke de tilgjengelige betalingsalternativene.<\/p>\n<p>Teamet av ledere vil ta seg av ordredetaljene dine og fors\u00f8ke \u00e5 fullf\u00f8re dem s\u00e5 snart som mulig. Pakketeamet vil pakke bestillingen din med ytterste presisjon for \u00e5 sikre at den ikke blir skadet under transporten.<\/p>\n<p>Hvis du har tatt beslutningen om \u00e5 kj\u00f8pe Nembutal p\u00e5 nettet, kan du kontakte Nembutal-apoteket p\u00e5 nett i dag og bestille. Bestillingen din vil snart bli fullf\u00f8rt av teammedlemmene.<\/p>\n<p>Selvmord med nembutal er det beste uten smerte. Vi tilbyr ogs\u00e5 engros- og utsalgspriser, gratis diskret ekspress fra hele verden. Vennligst krev oss produktene du leter etter, s\u00e5 sender vi deg alle detaljpriser og pakke.<\/p>\n<p>Oppn\u00e5 en god slutt p\u00e5 livet med natriumpentobarbital Nembutal Kj\u00f8p kun fra en legitim og lovlig nembutalpentobarbitalnatriumselger uten reseptleverand\u00f8r. Vi er i fredelig beslutning om \u00e5 gi livsinformasjon kontaktalternativer for mer informasjon om hvordan du bestiller.<\/p>\n<p>Vi er lederne i valget ved livets slutt D\u00f8dshjelp \/ assistert selvmord av informasjonen og forsvarssamfunnet. Vi har andre medisiner, selv om de ikke er nevnt i forrige liste.<\/p>\n<p>Hvor kan du f\u00e5 Nembutal? Finne en passende butikk eller apotek for \u00e5 kj\u00f8pe Nembutal online? Da vil denne bloggen hjelpe deg \u00e5 vite alt om det!<\/p>\n<p>Siden Nembutal har blitt et diskutabelt produkt globalt, har ettersp\u00f8rselen etter det samme \u00f8kt. Det er et velpr\u00f8vd og p\u00e5litelig medikament som gir pasientene ro. Det er mye brukt til anestesiform\u00e5l i medisinsk industri. Det kommer i forskjellige former, inkludert pulver, kapsler, tabletter og v\u00e6ske. Og for \u00e5 kj\u00f8pe alle former for Nembutal, kan du kontakte et Online Nembutal-apotek direkte. Pentobarbital Sodium v\u00e6ske til salgs p\u00e5 nett<\/p>\n<p>Fremveksten av en rekke butikker og apotek har gjort kj\u00f8pet av Nembutal enkelt og praktisk. Tiden hadde g\u00e5tt da man pleide \u00e5 slite veldig med \u00e5 kj\u00f8pe Nembutal i butikkene offline ved \u00e5 reise kilometer og bare hvis de er tilgjengelige. Men med fremskritt innen tid og teknologi, har online-modusen kommet. Du kan enkelt kontakte en nettbutikk eller apotek ved \u00e5 bruke enhetene dine rett der du bor. Det er ikke n\u00f8dvendig \u00e5 reise noe sted lenger.<\/p>\n<p>Selv om det er flere butikker som kan hjelpe deg med \u00e5 kj\u00f8pe Nembutal p\u00e5 nett, blir det viktig \u00e5 velge den p\u00e5litelige og p\u00e5litelige. Og det kan v\u00e6re litt av en oppgave. Men du trenger ikke \u00e5 bekymre deg for det. Ankomsten av Online Nembutal Pharmacy er erkl\u00e6rt \u00e5 v\u00e6re en enorm hjelp for folk som \u00f8nsker \u00e5 kj\u00f8pe Nembutal.<\/p>\n<p>Nembutal-apoteket p\u00e5 nettplattformen vil gi deg f\u00f8lgende<\/p>\n<p>Nembutal av god kvalitet: Det er fullstendig forst\u00e5tt at folk ikke raskt stoler p\u00e5 kvaliteten p\u00e5 Nembutal som selges p\u00e5 nettet fordi de ikke kan unders\u00f8ke det fysisk. Men det er ikke det samme med Online Nembutal Pharmacy. Produktene her er tro mot beskrivelsen med vedlikehold av h\u00f8y kvalitet utf\u00f8rt under tilsyn av eksperter.<\/p>\n<p>Diskret frakt: Leveringen av Nembutal etter mottak av bestillingen gj\u00f8res innenfor den lovede tidsrammen. Fraktteamet legger all sin innsats i \u00e5 gj\u00f8re frakt- og leveringsprosedyren jevn og rask. Du kan ogs\u00e5 forvente utmerkede tjenester n\u00e5r du kj\u00f8per Nembutal fra profesjonelle p\u00e5 nettplattformen.<\/p>\n<\/div>\n<\/div>\n<\/div>\n<\/div>\n\n","protected":false},"excerpt":{"rendered":"<p>Pentobarbitalnatriuminjeksjon er en steril l\u00f8sning for intraven\u00f8s\u00a0eller\u00a0intramuskul\u00e6r\u00a0injeksjon. Hver ml inneholder pentobarbitalnatrium 50 mg, i en b\u00e6rer av propylenglykol, 40 %, alkohol, 10 % og vann til injeksjon, til volum. pH justeres til ca. 9,5 med saltsyre og\/eller natriumhydroksid.<\/p>\n","protected":false},"featured_media":8996,"comment_status":"closed","ping_status":"closed","template":"","meta":{"_acf_changed":false,"_monsterinsights_skip_tracking":false,"_monsterinsights_sitenote_active":false,"_monsterinsights_sitenote_note":"","_monsterinsights_sitenote_category":0},"product_brand":[],"product_cat":[87],"product_tag":[855,866,865,862,863,864,867,869,868,826,825,824,823,819,820,821,822,856,858,859,861,860,857,96,827,838,837,836,828,831,832,835,833,834,840,839,830,829,842,843,847,845,846,844,841,848,854,853,850,851,852,849],"class_list":{"0":"post-8984","1":"product","2":"type-product","3":"status-publish","4":"has-post-thumbnail","6":"product_cat-nembutal-pentobarbital","7":"product_tag-fenobarbitalnatrium-intravenos","8":"product_tag-hvor-kan-du-kjope-pentobarbitalnatrium","9":"product_tag-hvor-kan-jeg-kjope-natrium-pentobarbital","10":"product_tag-hvor-kan-jeg-kjope-nembutal-natrium-pentobarbital","11":"product_tag-hvor-kan-jeg-kjope-pentobarbital-natrium","12":"product_tag-hvor-kan-jeg-kjope-pentobarbital-natrium-sovepiller","13":"product_tag-hvor-kan-man-kjope-pentobarbitalnatrium","14":"product_tag-hvor-man-kan-fa-tak-i-pentobarbitalnatrium","15":"product_tag-hvor-man-kan-kjope-pentobarbitalnatrium-for-hunder","16":"product_tag-kan-du-kjope-natriumpentobarbital","17":"product_tag-kan-du-kjope-pentobarbitalnatrium-over-disk","18":"product_tag-kan-jeg-kjope-pentobarbital","19":"product_tag-kjop-natriumpentobarbital-uk","20":"product_tag-kjop-nembutal-pentobarbitalnatrium","21":"product_tag-kjop-pentobarbitalnatrium","22":"product_tag-kjop-pentobarbitalnatrium-2021","23":"product_tag-kjop-pentobarbitalnatrium-pentobarbitalnatriumsalt","24":"product_tag-natrium","25":"product_tag-natrium-pentobarbital-dyr-pentobarbital-cost","26":"product_tag-natrium-pentobarbital-for-eutanasi","27":"product_tag-natrium-pentobarbital-holdbarhet","28":"product_tag-natrium-pentobarbital-produsenter","29":"product_tag-natriumpentobarbital-nembutal","30":"product_tag-nembutal","31":"product_tag-nembutal-pentobarbital-de-natrium-dose-letale","32":"product_tag-pentobarbital-for-hund-mennesker","33":"product_tag-pentobarbital-for-hunde","34":"product_tag-pentobarbital-for-natrium","35":"product_tag-pentobarbital-natrium-anestesi","36":"product_tag-pentobarbital-natrium-dod","37":"product_tag-pentobarbital-natrium-dosering","38":"product_tag-pentobarbital-natrium-for-hunde","39":"product_tag-pentobarbital-natrium-for-hunder","40":"product_tag-pentobarbital-natrium-for-mennesker","41":"product_tag-pentobarbital-natrium-injeksjon-usp","42":"product_tag-pentobarbital-natrium-injeksjonslosning","43":"product_tag-pentobarbital-natrium-kina","44":"product_tag-pentobarbital-natrium-kjope","45":"product_tag-pentobarbital-natrium-nz","46":"product_tag-pentobarbital-natrium-oral","47":"product_tag-pentobarbital-natrium-pentobarbital-pris","48":"product_tag-pentobarbital-natrium-piller","49":"product_tag-pentobarbital-natrium-pulver","50":"product_tag-pentobarbital-natrium-reseptfri","51":"product_tag-pentobarbital-natrium-vaeske","52":"product_tag-pentobarbital-sodium","53":"product_tag-pentobarbitalbruk","54":"product_tag-pentobarbitalnatrium-hvor-du-kan-kjope","55":"product_tag-pentobarbitalnatrium-sovepiller","56":"product_tag-pentobarbitalnatrium-sovepiller-over-disk","57":"product_tag-pentobarbitalnatriumtabletter","58":"product_tag-prescript-um-salt","60":"first","61":"instock","62":"shipping-taxable","63":"product-type-grouped"},"acf":[],"yoast_head":"<!-- This site is optimized with the Yoast SEO plugin v27.2 - https:\/\/yoast.com\/product\/yoast-seo-wordpress\/ -->\n<title>Pentobarbital natrium oral v\u00e6ske til salgs online | Global Meds Inc.<\/title>\n<meta name=\"description\" content=\"Pentobarbital natrium oral v\u00e6ske til salgs online. Vi selger den beste kvaliteten Pentobarbital natrium oral v\u00e6ske. Kontakt oss gjerne for mer informasjon.\" \/>\n<meta name=\"robots\" content=\"index, follow, max-snippet:-1, max-image-preview:large, max-video-preview:-1\" \/>\n<link rel=\"canonical\" href=\"https:\/\/globalmedsonlineinc.com\/no\/product\/nembutal-pentobarbital\/pentobarbitalnatrium-vaeske\/\" \/>\n<meta property=\"og:locale\" content=\"nn_NO\" \/>\n<meta property=\"og:type\" content=\"article\" \/>\n<meta property=\"og:title\" content=\"Pentobarbital natrium oral v\u00e6ske til salgs online | Global Meds Inc.\" \/>\n<meta property=\"og:description\" content=\"Pentobarbital natrium oral v\u00e6ske til salgs online. Vi selger den beste kvaliteten Pentobarbital natrium oral v\u00e6ske. Kontakt oss gjerne for mer informasjon.\" \/>\n<meta property=\"og:url\" content=\"https:\/\/globalmedsonlineinc.com\/no\/product\/nembutal-pentobarbital\/pentobarbitalnatrium-vaeske\/\" \/>\n<meta property=\"og:site_name\" content=\"Global Meds Inc\" \/>\n<meta property=\"article:modified_time\" content=\"2024-02-21T11:01:35+00:00\" \/>\n<meta property=\"og:image\" content=\"https:\/\/globalmedsonlineinc.com\/no\/content\/media\/uploads\/sites\/10\/2021\/06\/Buy-Pentobarbital-Sodium-Liquid-Injectable-Online-20210624231650.00.jpg\" \/>\n\t<meta property=\"og:image:width\" content=\"1200\" \/>\n\t<meta property=\"og:image:height\" content=\"1200\" \/>\n\t<meta property=\"og:image:type\" content=\"image\/jpeg\" \/>\n<meta name=\"twitter:card\" content=\"summary_large_image\" \/>\n<meta name=\"twitter:label1\" content=\"Est. reading time\" \/>\n\t<meta name=\"twitter:data1\" content=\"7 minutt\" \/>\n<script type=\"application\/ld+json\" class=\"yoast-schema-graph\">{\"@context\":\"https:\/\/schema.org\",\"@graph\":[{\"@type\":\"WebPage\",\"@id\":\"https:\/\/globalmedsonlineinc.com\/no\/product\/nembutal-pentobarbital\/pentobarbitalnatrium-vaeske\/\",\"url\":\"https:\/\/globalmedsonlineinc.com\/no\/product\/nembutal-pentobarbital\/pentobarbitalnatrium-vaeske\/\",\"name\":\"Pentobarbital natrium oral v\u00e6ske til salgs online | Global Meds Inc.\",\"isPartOf\":{\"@id\":\"https:\/\/globalmedsonlineinc.com\/no\/#website\"},\"primaryImageOfPage\":{\"@id\":\"https:\/\/globalmedsonlineinc.com\/no\/product\/nembutal-pentobarbital\/pentobarbitalnatrium-vaeske\/#primaryimage\"},\"image\":{\"@id\":\"https:\/\/globalmedsonlineinc.com\/no\/product\/nembutal-pentobarbital\/pentobarbitalnatrium-vaeske\/#primaryimage\"},\"thumbnailUrl\":\"https:\/\/globalmedsonlineinc.com\/no\/content\/media\/uploads\/sites\/10\/2021\/06\/Buy-Pentobarbital-Sodium-Liquid-Injectable-Online-20210624231650.00.jpg\",\"datePublished\":\"2021-06-30T21:00:35+00:00\",\"dateModified\":\"2024-02-21T11:01:35+00:00\",\"description\":\"Pentobarbital natrium oral v\u00e6ske til salgs online. Vi selger den beste kvaliteten Pentobarbital natrium oral v\u00e6ske. Kontakt oss gjerne for mer informasjon.\",\"breadcrumb\":{\"@id\":\"https:\/\/globalmedsonlineinc.com\/no\/product\/nembutal-pentobarbital\/pentobarbitalnatrium-vaeske\/#breadcrumb\"},\"inLanguage\":\"nn-NO\",\"potentialAction\":[{\"@type\":\"ReadAction\",\"target\":[\"https:\/\/globalmedsonlineinc.com\/no\/product\/nembutal-pentobarbital\/pentobarbitalnatrium-vaeske\/\"]}]},{\"@type\":\"ImageObject\",\"inLanguage\":\"nn-NO\",\"@id\":\"https:\/\/globalmedsonlineinc.com\/no\/product\/nembutal-pentobarbital\/pentobarbitalnatrium-vaeske\/#primaryimage\",\"url\":\"https:\/\/globalmedsonlineinc.com\/no\/content\/media\/uploads\/sites\/10\/2021\/06\/Buy-Pentobarbital-Sodium-Liquid-Injectable-Online-20210624231650.00.jpg\",\"contentUrl\":\"https:\/\/globalmedsonlineinc.com\/no\/content\/media\/uploads\/sites\/10\/2021\/06\/Buy-Pentobarbital-Sodium-Liquid-Injectable-Online-20210624231650.00.jpg\",\"width\":1200,\"height\":1200,\"caption\":\"Pentobarbital natrium oral v\u00e6ske til salgs online\"},{\"@type\":\"BreadcrumbList\",\"@id\":\"https:\/\/globalmedsonlineinc.com\/no\/product\/nembutal-pentobarbital\/pentobarbitalnatrium-vaeske\/#breadcrumb\",\"itemListElement\":[{\"@type\":\"ListItem\",\"position\":1,\"name\":\"Home\",\"item\":\"https:\/\/globalmedsonlineinc.com\/no\/\"},{\"@type\":\"ListItem\",\"position\":2,\"name\":\"Produkter\",\"item\":\"https:\/\/globalmedsonlineinc.com\/no\/produkter\/\"},{\"@type\":\"ListItem\",\"position\":3,\"name\":\"Pentobarbitalnatrium (v\u00e6ske)\"}]},{\"@type\":\"WebSite\",\"@id\":\"https:\/\/globalmedsonlineinc.com\/no\/#website\",\"url\":\"https:\/\/globalmedsonlineinc.com\/no\/\",\"name\":\"Global Meds Inc\",\"description\":\"\",\"publisher\":{\"@id\":\"https:\/\/globalmedsonlineinc.com\/no\/#organization\"},\"potentialAction\":[{\"@type\":\"SearchAction\",\"target\":{\"@type\":\"EntryPoint\",\"urlTemplate\":\"https:\/\/globalmedsonlineinc.com\/no\/?s={search_term_string}\"},\"query-input\":{\"@type\":\"PropertyValueSpecification\",\"valueRequired\":true,\"valueName\":\"search_term_string\"}}],\"inLanguage\":\"nn-NO\"},{\"@type\":\"Organization\",\"@id\":\"https:\/\/globalmedsonlineinc.com\/no\/#organization\",\"name\":\"Global Meds Inc.\",\"url\":\"https:\/\/globalmedsonlineinc.com\/no\/\",\"logo\":{\"@type\":\"ImageObject\",\"inLanguage\":\"nn-NO\",\"@id\":\"https:\/\/globalmedsonlineinc.com\/no\/#\/schema\/logo\/image\/\",\"url\":\"https:\/\/globalmedsonlineinc.com\/no\/content\/media\/uploads\/sites\/10\/2021\/06\/globalmedsonlineincLogoShop20210630123730.00.png\",\"contentUrl\":\"https:\/\/globalmedsonlineinc.com\/no\/content\/media\/uploads\/sites\/10\/2021\/06\/globalmedsonlineincLogoShop20210630123730.00.png\",\"width\":450,\"height\":117,\"caption\":\"Global Meds Inc.\"},\"image\":{\"@id\":\"https:\/\/globalmedsonlineinc.com\/no\/#\/schema\/logo\/image\/\"}}]}<\/script>\n<!-- \/ Yoast SEO plugin. -->","yoast_head_json":{"title":"Pentobarbital natrium oral v\u00e6ske til salgs online | Global Meds Inc.","description":"Pentobarbital natrium oral v\u00e6ske til salgs online. Vi selger den beste kvaliteten Pentobarbital natrium oral v\u00e6ske. Kontakt oss gjerne for mer informasjon.","robots":{"index":"index","follow":"follow","max-snippet":"max-snippet:-1","max-image-preview":"max-image-preview:large","max-video-preview":"max-video-preview:-1"},"canonical":"https:\/\/globalmedsonlineinc.com\/no\/product\/nembutal-pentobarbital\/pentobarbitalnatrium-vaeske\/","og_locale":"nn_NO","og_type":"article","og_title":"Pentobarbital natrium oral v\u00e6ske til salgs online | Global Meds Inc.","og_description":"Pentobarbital natrium oral v\u00e6ske til salgs online. Vi selger den beste kvaliteten Pentobarbital natrium oral v\u00e6ske. Kontakt oss gjerne for mer informasjon.","og_url":"https:\/\/globalmedsonlineinc.com\/no\/product\/nembutal-pentobarbital\/pentobarbitalnatrium-vaeske\/","og_site_name":"Global Meds Inc","article_modified_time":"2024-02-21T11:01:35+00:00","og_image":[{"width":1200,"height":1200,"url":"https:\/\/globalmedsonlineinc.com\/no\/content\/media\/uploads\/sites\/10\/2021\/06\/Buy-Pentobarbital-Sodium-Liquid-Injectable-Online-20210624231650.00.jpg","type":"image\/jpeg"}],"twitter_card":"summary_large_image","twitter_misc":{"Est. reading time":"7 minutt"},"schema":{"@context":"https:\/\/schema.org","@graph":[{"@type":"WebPage","@id":"https:\/\/globalmedsonlineinc.com\/no\/product\/nembutal-pentobarbital\/pentobarbitalnatrium-vaeske\/","url":"https:\/\/globalmedsonlineinc.com\/no\/product\/nembutal-pentobarbital\/pentobarbitalnatrium-vaeske\/","name":"Pentobarbital natrium oral v\u00e6ske til salgs online | Global Meds Inc.","isPartOf":{"@id":"https:\/\/globalmedsonlineinc.com\/no\/#website"},"primaryImageOfPage":{"@id":"https:\/\/globalmedsonlineinc.com\/no\/product\/nembutal-pentobarbital\/pentobarbitalnatrium-vaeske\/#primaryimage"},"image":{"@id":"https:\/\/globalmedsonlineinc.com\/no\/product\/nembutal-pentobarbital\/pentobarbitalnatrium-vaeske\/#primaryimage"},"thumbnailUrl":"https:\/\/globalmedsonlineinc.com\/no\/content\/media\/uploads\/sites\/10\/2021\/06\/Buy-Pentobarbital-Sodium-Liquid-Injectable-Online-20210624231650.00.jpg","datePublished":"2021-06-30T21:00:35+00:00","dateModified":"2024-02-21T11:01:35+00:00","description":"Pentobarbital natrium oral v\u00e6ske til salgs online. Vi selger den beste kvaliteten Pentobarbital natrium oral v\u00e6ske. Kontakt oss gjerne for mer informasjon.","breadcrumb":{"@id":"https:\/\/globalmedsonlineinc.com\/no\/product\/nembutal-pentobarbital\/pentobarbitalnatrium-vaeske\/#breadcrumb"},"inLanguage":"nn-NO","potentialAction":[{"@type":"ReadAction","target":["https:\/\/globalmedsonlineinc.com\/no\/product\/nembutal-pentobarbital\/pentobarbitalnatrium-vaeske\/"]}]},{"@type":"ImageObject","inLanguage":"nn-NO","@id":"https:\/\/globalmedsonlineinc.com\/no\/product\/nembutal-pentobarbital\/pentobarbitalnatrium-vaeske\/#primaryimage","url":"https:\/\/globalmedsonlineinc.com\/no\/content\/media\/uploads\/sites\/10\/2021\/06\/Buy-Pentobarbital-Sodium-Liquid-Injectable-Online-20210624231650.00.jpg","contentUrl":"https:\/\/globalmedsonlineinc.com\/no\/content\/media\/uploads\/sites\/10\/2021\/06\/Buy-Pentobarbital-Sodium-Liquid-Injectable-Online-20210624231650.00.jpg","width":1200,"height":1200,"caption":"Pentobarbital natrium oral v\u00e6ske til salgs online"},{"@type":"BreadcrumbList","@id":"https:\/\/globalmedsonlineinc.com\/no\/product\/nembutal-pentobarbital\/pentobarbitalnatrium-vaeske\/#breadcrumb","itemListElement":[{"@type":"ListItem","position":1,"name":"Home","item":"https:\/\/globalmedsonlineinc.com\/no\/"},{"@type":"ListItem","position":2,"name":"Produkter","item":"https:\/\/globalmedsonlineinc.com\/no\/produkter\/"},{"@type":"ListItem","position":3,"name":"Pentobarbitalnatrium (v\u00e6ske)"}]},{"@type":"WebSite","@id":"https:\/\/globalmedsonlineinc.com\/no\/#website","url":"https:\/\/globalmedsonlineinc.com\/no\/","name":"Global Meds Inc","description":"","publisher":{"@id":"https:\/\/globalmedsonlineinc.com\/no\/#organization"},"potentialAction":[{"@type":"SearchAction","target":{"@type":"EntryPoint","urlTemplate":"https:\/\/globalmedsonlineinc.com\/no\/?s={search_term_string}"},"query-input":{"@type":"PropertyValueSpecification","valueRequired":true,"valueName":"search_term_string"}}],"inLanguage":"nn-NO"},{"@type":"Organization","@id":"https:\/\/globalmedsonlineinc.com\/no\/#organization","name":"Global Meds Inc.","url":"https:\/\/globalmedsonlineinc.com\/no\/","logo":{"@type":"ImageObject","inLanguage":"nn-NO","@id":"https:\/\/globalmedsonlineinc.com\/no\/#\/schema\/logo\/image\/","url":"https:\/\/globalmedsonlineinc.com\/no\/content\/media\/uploads\/sites\/10\/2021\/06\/globalmedsonlineincLogoShop20210630123730.00.png","contentUrl":"https:\/\/globalmedsonlineinc.com\/no\/content\/media\/uploads\/sites\/10\/2021\/06\/globalmedsonlineincLogoShop20210630123730.00.png","width":450,"height":117,"caption":"Global Meds Inc."},"image":{"@id":"https:\/\/globalmedsonlineinc.com\/no\/#\/schema\/logo\/image\/"}}]}},"_links":{"self":[{"href":"https:\/\/globalmedsonlineinc.com\/no\/wp-json\/wp\/v2\/product\/8984","targetHints":{"allow":["GET"]}}],"collection":[{"href":"https:\/\/globalmedsonlineinc.com\/no\/wp-json\/wp\/v2\/product"}],"about":[{"href":"https:\/\/globalmedsonlineinc.com\/no\/wp-json\/wp\/v2\/types\/product"}],"replies":[{"embeddable":true,"href":"https:\/\/globalmedsonlineinc.com\/no\/wp-json\/wp\/v2\/comments?post=8984"}],"wp:featuredmedia":[{"embeddable":true,"href":"https:\/\/globalmedsonlineinc.com\/no\/wp-json\/wp\/v2\/media\/8996"}],"wp:attachment":[{"href":"https:\/\/globalmedsonlineinc.com\/no\/wp-json\/wp\/v2\/media?parent=8984"}],"wp:term":[{"taxonomy":"product_brand","embeddable":true,"href":"https:\/\/globalmedsonlineinc.com\/no\/wp-json\/wp\/v2\/product_brand?post=8984"},{"taxonomy":"product_cat","embeddable":true,"href":"https:\/\/globalmedsonlineinc.com\/no\/wp-json\/wp\/v2\/product_cat?post=8984"},{"taxonomy":"product_tag","embeddable":true,"href":"https:\/\/globalmedsonlineinc.com\/no\/wp-json\/wp\/v2\/product_tag?post=8984"}],"curies":[{"name":"wp","href":"https:\/\/api.w.org\/{rel}","templated":true}]}}