{"id":8978,"date":"2021-06-30T20:58:46","date_gmt":"2021-06-30T20:58:46","guid":{"rendered":"https:\/\/globalmedsonlineinc.com\/no\/?post_type=product&#038;p=8978"},"modified":"2024-02-21T11:03:48","modified_gmt":"2024-02-21T11:03:48","slug":"kjop-phenobarbital-phenobarbital-luminal","status":"publish","type":"product","link":"https:\/\/globalmedsonlineinc.com\/no\/product\/nembutal-pentobarbital\/kjop-phenobarbital-phenobarbital-luminal\/","title":{"rendered":"Kj\u00f8p Phenobarbital (Phenobarbital) \/ Luminal"},"content":{"rendered":"<h1 class=\"lRu31\" dir=\"ltr\"><span class=\"HwtZe\" lang=\"no\"><span class=\"jCAhz ChMk0b\"><span class=\"ryNqvb\">Phenobarbital tabletter til salgs p\u00e5 nett<\/span><\/span><\/span><\/h1>\n<div dir=\"ltr\"><\/div>\n<div class=\"lRu31\" dir=\"ltr\"><span class=\"HwtZe\" lang=\"no\"><span class=\"jCAhz ChMk0b\"><span class=\"ryNqvb\"><a href=\"https:\/\/globalmedsonlineinc.com\/no\/product\/nembutal-pentobarbital\/kjop-phenobarbital-phenobarbital-luminal\/\">Phenobarbital tabletter til salgs p\u00e5 nett<\/a>. <\/span><\/span><\/span><span style=\"font-size: 1rem\">Global Meds Inc er et p\u00e5litelig apotek som <\/span><a href=\"https:\/\/no.wikipedia.org\/wiki\/Barbiturat\">hjelper<\/a><span style=\"font-size: 1rem\"> folk med \u00e5 motta medisinene og medisinene deres p\u00e5 en praktisk m\u00e5te. Hvis du er villig til \u00e5 kj\u00f8pe Phenobarbital Luminal online, s\u00e5 g\u00e5 ikke glipp av noen sjanse til \u00e5 bes\u00f8ke oss online. Vi selger dette stoffet til rimelige priser her.<\/span><\/div>\n<p>Nettapoteket v\u00e5rt har v\u00e6rt konsekvent i \u00e5 gi kunder f\u00f8rsteklasses medisiner. Alle legemidlene leveres hit innen den tiden som er tildelt kundene. Vi har ingen forsinkelser i arbeidet v\u00e5rt og er raske med hver behandling. Hvis du leter etter et nettapotek som oss, s\u00e5 kontakt oss i dag og bestill for \u00e5 kj\u00f8pe Phenobarbital Luminal online til beste pris og f\u00e5 det levert snart!<\/p>\n<h6 class=\"tt\">Hvordan kan vi hjelpe deg med \u00e5 bruke Phenobarbital Luminal trygt?<\/h6>\n<p>Phenobarbital Luminal er et effektivt medikament som er mye brukt for \u00e5 kontrollere visse typer anfall. Du kan ogs\u00e5 bruke dette stoffet for behandling av angst, s\u00f8vnproblemer og andre. Det er sv\u00e6rt viktig \u00e5 snakke med legen din f\u00f8r du bruker dette legemidlet. Snakk med legen din for fullstendige detaljer og start deretter medisinen p\u00e5 Phenobarbital Luminal.<\/p>\n<p>V\u00e5rt nettapotek gir en medisinguide sammen med alle produktene. Derfor kan du f\u00f8lge instruksjonene og bruke denne medisinen trygt. Vi er her for \u00e5 hjelpe deg med \u00e5 kj\u00f8pe Phenobarbital Luminal online p\u00e5 en enkel m\u00e5te. Ta kontakt med oss \u200b\u200bi dag og dra nytte av fordelene med dette stoffet. Vi er her for \u00e5 betjene deg med konsekvent st\u00f8tte.<\/p>\n<p>God kvalitet Phenobarbital Luminal online p\u00e5 nettet: Det er fullstendig forst\u00e5tt at folk ikke raskt stoler p\u00e5 kvaliteten p\u00e5 Phenobarbital Luminal online som selges online fordi de ikke kan unders\u00f8ke det fysisk. Men det er ikke det samme med Online Phenobarbital Luminal online leverand\u00f8rer. Produktene her er tro mot beskrivelsen med vedlikehold av h\u00f8y kvalitet utf\u00f8rt under tilsyn av eksperter.<\/p>\n<p>Rask &amp; Diskret frakt: Leveringen av Phenobarbital Luminal p\u00e5 nettet etter mottak av bestillingen skjer innenfor den lovede tidsrammen. Fraktteamet legger all sin innsats i \u00e5 gj\u00f8re frakt- og leveringsprosedyren jevn og rask. Du kan ogs\u00e5 forvente utmerkede tjenester n\u00e5r du kj\u00f8per Phenobarbital Luminal online fra profesjonelle p\u00e5 nettplattformen.<\/p>\n","protected":false},"excerpt":{"rendered":"<p><strong>Hvor kan jeg kj\u00f8pe Phenobarbital Luminal til best pris?<\/strong><\/p>\n<p>Du kan n\u00e5 kj\u00f8pe Phenobarbital Luminal p\u00e5 Online Nembutal Pharmacy. Din bestilling til Phenobarbital Luminal for salg vil bli fullf\u00f8rt p\u00e5 kortest mulig tid. Alt du trenger \u00e5 gj\u00f8re er \u00e5 ringe oss, sende sms eller e-post i dag og f\u00e5 stoffet ditt levert snart. Koble til n\u00e5!<\/p>\n","protected":false},"featured_media":8995,"comment_status":"closed","ping_status":"closed","template":"","meta":{"_acf_changed":false,"_monsterinsights_skip_tracking":false,"_monsterinsights_sitenote_active":false,"_monsterinsights_sitenote_note":"","_monsterinsights_sitenote_category":0},"product_brand":[],"product_cat":[87],"product_tag":[],"class_list":{"0":"post-8978","1":"product","2":"type-product","3":"status-publish","4":"has-post-thumbnail","6":"product_cat-nembutal-pentobarbital","8":"first","9":"instock","10":"shipping-taxable","11":"purchasable","12":"product-type-variable","13":"has-default-attributes"},"acf":[],"yoast_head":"<!-- This site is optimized with the Yoast SEO plugin v27.2 - https:\/\/yoast.com\/product\/yoast-seo-wordpress\/ -->\n<title>Phenobarbital tabletter til salgs p\u00e5 nett | Global Meds Inc.<\/title>\n<meta name=\"description\" content=\"Phenobarbital tabletter til salgs p\u00e5 nett. Vi selger Phenobarbital tabletter av beste kvalitet. Kontakt oss gjerne for mer informasjon og priser.\" \/>\n<meta name=\"robots\" content=\"index, follow, max-snippet:-1, max-image-preview:large, max-video-preview:-1\" \/>\n<link rel=\"canonical\" href=\"https:\/\/globalmedsonlineinc.com\/no\/product\/nembutal-pentobarbital\/kjop-phenobarbital-phenobarbital-luminal\/\" \/>\n<meta property=\"og:locale\" content=\"nn_NO\" \/>\n<meta property=\"og:type\" content=\"article\" \/>\n<meta property=\"og:title\" content=\"Phenobarbital tabletter til salgs p\u00e5 nett | Global Meds Inc.\" \/>\n<meta property=\"og:description\" content=\"Phenobarbital tabletter til salgs p\u00e5 nett. Vi selger Phenobarbital tabletter av beste kvalitet. Kontakt oss gjerne for mer informasjon og priser.\" \/>\n<meta property=\"og:url\" content=\"https:\/\/globalmedsonlineinc.com\/no\/product\/nembutal-pentobarbital\/kjop-phenobarbital-phenobarbital-luminal\/\" \/>\n<meta property=\"og:site_name\" content=\"Global Meds Inc\" \/>\n<meta property=\"article:modified_time\" content=\"2024-02-21T11:03:48+00:00\" \/>\n<meta property=\"og:image\" content=\"https:\/\/globalmedsonlineinc.com\/no\/content\/media\/uploads\/sites\/10\/2021\/06\/PhenobarbitalLuminal.jpg\" \/>\n\t<meta property=\"og:image:width\" content=\"600\" \/>\n\t<meta property=\"og:image:height\" content=\"600\" \/>\n\t<meta property=\"og:image:type\" content=\"image\/jpeg\" \/>\n<meta name=\"twitter:card\" content=\"summary_large_image\" \/>\n<meta name=\"twitter:label1\" content=\"Est. reading time\" \/>\n\t<meta name=\"twitter:data1\" content=\"3 minutt\" \/>\n<script type=\"application\/ld+json\" class=\"yoast-schema-graph\">{\"@context\":\"https:\/\/schema.org\",\"@graph\":[{\"@type\":\"WebPage\",\"@id\":\"https:\/\/globalmedsonlineinc.com\/no\/product\/nembutal-pentobarbital\/kjop-phenobarbital-phenobarbital-luminal\/\",\"url\":\"https:\/\/globalmedsonlineinc.com\/no\/product\/nembutal-pentobarbital\/kjop-phenobarbital-phenobarbital-luminal\/\",\"name\":\"Phenobarbital tabletter til salgs p\u00e5 nett | Global Meds Inc.\",\"isPartOf\":{\"@id\":\"https:\/\/globalmedsonlineinc.com\/no\/#website\"},\"primaryImageOfPage\":{\"@id\":\"https:\/\/globalmedsonlineinc.com\/no\/product\/nembutal-pentobarbital\/kjop-phenobarbital-phenobarbital-luminal\/#primaryimage\"},\"image\":{\"@id\":\"https:\/\/globalmedsonlineinc.com\/no\/product\/nembutal-pentobarbital\/kjop-phenobarbital-phenobarbital-luminal\/#primaryimage\"},\"thumbnailUrl\":\"https:\/\/globalmedsonlineinc.com\/no\/content\/media\/uploads\/sites\/10\/2021\/06\/PhenobarbitalLuminal.jpg\",\"datePublished\":\"2021-06-30T20:58:46+00:00\",\"dateModified\":\"2024-02-21T11:03:48+00:00\",\"description\":\"Phenobarbital tabletter til salgs p\u00e5 nett. Vi selger Phenobarbital tabletter av beste kvalitet. Kontakt oss gjerne for mer informasjon og priser.\",\"breadcrumb\":{\"@id\":\"https:\/\/globalmedsonlineinc.com\/no\/product\/nembutal-pentobarbital\/kjop-phenobarbital-phenobarbital-luminal\/#breadcrumb\"},\"inLanguage\":\"nn-NO\",\"potentialAction\":[{\"@type\":\"ReadAction\",\"target\":[\"https:\/\/globalmedsonlineinc.com\/no\/product\/nembutal-pentobarbital\/kjop-phenobarbital-phenobarbital-luminal\/\"]}]},{\"@type\":\"ImageObject\",\"inLanguage\":\"nn-NO\",\"@id\":\"https:\/\/globalmedsonlineinc.com\/no\/product\/nembutal-pentobarbital\/kjop-phenobarbital-phenobarbital-luminal\/#primaryimage\",\"url\":\"https:\/\/globalmedsonlineinc.com\/no\/content\/media\/uploads\/sites\/10\/2021\/06\/PhenobarbitalLuminal.jpg\",\"contentUrl\":\"https:\/\/globalmedsonlineinc.com\/no\/content\/media\/uploads\/sites\/10\/2021\/06\/PhenobarbitalLuminal.jpg\",\"width\":600,\"height\":600,\"caption\":\"Phenobarbital tabletter til salgs p\u00e5 nett\"},{\"@type\":\"BreadcrumbList\",\"@id\":\"https:\/\/globalmedsonlineinc.com\/no\/product\/nembutal-pentobarbital\/kjop-phenobarbital-phenobarbital-luminal\/#breadcrumb\",\"itemListElement\":[{\"@type\":\"ListItem\",\"position\":1,\"name\":\"Home\",\"item\":\"https:\/\/globalmedsonlineinc.com\/no\/\"},{\"@type\":\"ListItem\",\"position\":2,\"name\":\"Produkter\",\"item\":\"https:\/\/globalmedsonlineinc.com\/no\/produkter\/\"},{\"@type\":\"ListItem\",\"position\":3,\"name\":\"Kj\u00f8p Phenobarbital (Phenobarbital) \/ Luminal\"}]},{\"@type\":\"WebSite\",\"@id\":\"https:\/\/globalmedsonlineinc.com\/no\/#website\",\"url\":\"https:\/\/globalmedsonlineinc.com\/no\/\",\"name\":\"Global Meds Inc\",\"description\":\"\",\"publisher\":{\"@id\":\"https:\/\/globalmedsonlineinc.com\/no\/#organization\"},\"potentialAction\":[{\"@type\":\"SearchAction\",\"target\":{\"@type\":\"EntryPoint\",\"urlTemplate\":\"https:\/\/globalmedsonlineinc.com\/no\/?s={search_term_string}\"},\"query-input\":{\"@type\":\"PropertyValueSpecification\",\"valueRequired\":true,\"valueName\":\"search_term_string\"}}],\"inLanguage\":\"nn-NO\"},{\"@type\":\"Organization\",\"@id\":\"https:\/\/globalmedsonlineinc.com\/no\/#organization\",\"name\":\"Global Meds Inc.\",\"url\":\"https:\/\/globalmedsonlineinc.com\/no\/\",\"logo\":{\"@type\":\"ImageObject\",\"inLanguage\":\"nn-NO\",\"@id\":\"https:\/\/globalmedsonlineinc.com\/no\/#\/schema\/logo\/image\/\",\"url\":\"https:\/\/globalmedsonlineinc.com\/no\/content\/media\/uploads\/sites\/10\/2021\/06\/globalmedsonlineincLogoShop20210630123730.00.png\",\"contentUrl\":\"https:\/\/globalmedsonlineinc.com\/no\/content\/media\/uploads\/sites\/10\/2021\/06\/globalmedsonlineincLogoShop20210630123730.00.png\",\"width\":450,\"height\":117,\"caption\":\"Global Meds Inc.\"},\"image\":{\"@id\":\"https:\/\/globalmedsonlineinc.com\/no\/#\/schema\/logo\/image\/\"}}]}<\/script>\n<!-- \/ Yoast SEO plugin. -->","yoast_head_json":{"title":"Phenobarbital tabletter til salgs p\u00e5 nett | Global Meds Inc.","description":"Phenobarbital tabletter til salgs p\u00e5 nett. Vi selger Phenobarbital tabletter av beste kvalitet. Kontakt oss gjerne for mer informasjon og priser.","robots":{"index":"index","follow":"follow","max-snippet":"max-snippet:-1","max-image-preview":"max-image-preview:large","max-video-preview":"max-video-preview:-1"},"canonical":"https:\/\/globalmedsonlineinc.com\/no\/product\/nembutal-pentobarbital\/kjop-phenobarbital-phenobarbital-luminal\/","og_locale":"nn_NO","og_type":"article","og_title":"Phenobarbital tabletter til salgs p\u00e5 nett | Global Meds Inc.","og_description":"Phenobarbital tabletter til salgs p\u00e5 nett. Vi selger Phenobarbital tabletter av beste kvalitet. Kontakt oss gjerne for mer informasjon og priser.","og_url":"https:\/\/globalmedsonlineinc.com\/no\/product\/nembutal-pentobarbital\/kjop-phenobarbital-phenobarbital-luminal\/","og_site_name":"Global Meds Inc","article_modified_time":"2024-02-21T11:03:48+00:00","og_image":[{"width":600,"height":600,"url":"https:\/\/globalmedsonlineinc.com\/no\/content\/media\/uploads\/sites\/10\/2021\/06\/PhenobarbitalLuminal.jpg","type":"image\/jpeg"}],"twitter_card":"summary_large_image","twitter_misc":{"Est. reading time":"3 minutt"},"schema":{"@context":"https:\/\/schema.org","@graph":[{"@type":"WebPage","@id":"https:\/\/globalmedsonlineinc.com\/no\/product\/nembutal-pentobarbital\/kjop-phenobarbital-phenobarbital-luminal\/","url":"https:\/\/globalmedsonlineinc.com\/no\/product\/nembutal-pentobarbital\/kjop-phenobarbital-phenobarbital-luminal\/","name":"Phenobarbital tabletter til salgs p\u00e5 nett | Global Meds Inc.","isPartOf":{"@id":"https:\/\/globalmedsonlineinc.com\/no\/#website"},"primaryImageOfPage":{"@id":"https:\/\/globalmedsonlineinc.com\/no\/product\/nembutal-pentobarbital\/kjop-phenobarbital-phenobarbital-luminal\/#primaryimage"},"image":{"@id":"https:\/\/globalmedsonlineinc.com\/no\/product\/nembutal-pentobarbital\/kjop-phenobarbital-phenobarbital-luminal\/#primaryimage"},"thumbnailUrl":"https:\/\/globalmedsonlineinc.com\/no\/content\/media\/uploads\/sites\/10\/2021\/06\/PhenobarbitalLuminal.jpg","datePublished":"2021-06-30T20:58:46+00:00","dateModified":"2024-02-21T11:03:48+00:00","description":"Phenobarbital tabletter til salgs p\u00e5 nett. Vi selger Phenobarbital tabletter av beste kvalitet. Kontakt oss gjerne for mer informasjon og priser.","breadcrumb":{"@id":"https:\/\/globalmedsonlineinc.com\/no\/product\/nembutal-pentobarbital\/kjop-phenobarbital-phenobarbital-luminal\/#breadcrumb"},"inLanguage":"nn-NO","potentialAction":[{"@type":"ReadAction","target":["https:\/\/globalmedsonlineinc.com\/no\/product\/nembutal-pentobarbital\/kjop-phenobarbital-phenobarbital-luminal\/"]}]},{"@type":"ImageObject","inLanguage":"nn-NO","@id":"https:\/\/globalmedsonlineinc.com\/no\/product\/nembutal-pentobarbital\/kjop-phenobarbital-phenobarbital-luminal\/#primaryimage","url":"https:\/\/globalmedsonlineinc.com\/no\/content\/media\/uploads\/sites\/10\/2021\/06\/PhenobarbitalLuminal.jpg","contentUrl":"https:\/\/globalmedsonlineinc.com\/no\/content\/media\/uploads\/sites\/10\/2021\/06\/PhenobarbitalLuminal.jpg","width":600,"height":600,"caption":"Phenobarbital tabletter til salgs p\u00e5 nett"},{"@type":"BreadcrumbList","@id":"https:\/\/globalmedsonlineinc.com\/no\/product\/nembutal-pentobarbital\/kjop-phenobarbital-phenobarbital-luminal\/#breadcrumb","itemListElement":[{"@type":"ListItem","position":1,"name":"Home","item":"https:\/\/globalmedsonlineinc.com\/no\/"},{"@type":"ListItem","position":2,"name":"Produkter","item":"https:\/\/globalmedsonlineinc.com\/no\/produkter\/"},{"@type":"ListItem","position":3,"name":"Kj\u00f8p Phenobarbital (Phenobarbital) \/ Luminal"}]},{"@type":"WebSite","@id":"https:\/\/globalmedsonlineinc.com\/no\/#website","url":"https:\/\/globalmedsonlineinc.com\/no\/","name":"Global Meds Inc","description":"","publisher":{"@id":"https:\/\/globalmedsonlineinc.com\/no\/#organization"},"potentialAction":[{"@type":"SearchAction","target":{"@type":"EntryPoint","urlTemplate":"https:\/\/globalmedsonlineinc.com\/no\/?s={search_term_string}"},"query-input":{"@type":"PropertyValueSpecification","valueRequired":true,"valueName":"search_term_string"}}],"inLanguage":"nn-NO"},{"@type":"Organization","@id":"https:\/\/globalmedsonlineinc.com\/no\/#organization","name":"Global Meds Inc.","url":"https:\/\/globalmedsonlineinc.com\/no\/","logo":{"@type":"ImageObject","inLanguage":"nn-NO","@id":"https:\/\/globalmedsonlineinc.com\/no\/#\/schema\/logo\/image\/","url":"https:\/\/globalmedsonlineinc.com\/no\/content\/media\/uploads\/sites\/10\/2021\/06\/globalmedsonlineincLogoShop20210630123730.00.png","contentUrl":"https:\/\/globalmedsonlineinc.com\/no\/content\/media\/uploads\/sites\/10\/2021\/06\/globalmedsonlineincLogoShop20210630123730.00.png","width":450,"height":117,"caption":"Global Meds Inc."},"image":{"@id":"https:\/\/globalmedsonlineinc.com\/no\/#\/schema\/logo\/image\/"}}]}},"_links":{"self":[{"href":"https:\/\/globalmedsonlineinc.com\/no\/wp-json\/wp\/v2\/product\/8978","targetHints":{"allow":["GET"]}}],"collection":[{"href":"https:\/\/globalmedsonlineinc.com\/no\/wp-json\/wp\/v2\/product"}],"about":[{"href":"https:\/\/globalmedsonlineinc.com\/no\/wp-json\/wp\/v2\/types\/product"}],"replies":[{"embeddable":true,"href":"https:\/\/globalmedsonlineinc.com\/no\/wp-json\/wp\/v2\/comments?post=8978"}],"wp:featuredmedia":[{"embeddable":true,"href":"https:\/\/globalmedsonlineinc.com\/no\/wp-json\/wp\/v2\/media\/8995"}],"wp:attachment":[{"href":"https:\/\/globalmedsonlineinc.com\/no\/wp-json\/wp\/v2\/media?parent=8978"}],"wp:term":[{"taxonomy":"product_brand","embeddable":true,"href":"https:\/\/globalmedsonlineinc.com\/no\/wp-json\/wp\/v2\/product_brand?post=8978"},{"taxonomy":"product_cat","embeddable":true,"href":"https:\/\/globalmedsonlineinc.com\/no\/wp-json\/wp\/v2\/product_cat?post=8978"},{"taxonomy":"product_tag","embeddable":true,"href":"https:\/\/globalmedsonlineinc.com\/no\/wp-json\/wp\/v2\/product_tag?post=8978"}],"curies":[{"name":"wp","href":"https:\/\/api.w.org\/{rel}","templated":true}]}}