{"id":8973,"date":"2021-06-30T20:56:09","date_gmt":"2021-06-30T20:56:09","guid":{"rendered":"https:\/\/globalmedsonlineinc.com\/no\/?post_type=product&#038;p=8973"},"modified":"2024-02-21T11:05:55","modified_gmt":"2024-02-21T11:05:55","slug":"kjop-seconal-sodium-online","status":"publish","type":"product","link":"https:\/\/globalmedsonlineinc.com\/no\/product\/nembutal-pentobarbital\/kjop-seconal-sodium-online\/","title":{"rendered":"Kj\u00f8p Seconal natrium online"},"content":{"rendered":"<h1 class=\"lRu31\" dir=\"ltr\"><span class=\"HwtZe\" lang=\"no\"><span class=\"jCAhz ChMk0b\"><span class=\"ryNqvb\">Seconal natrium til salgs p\u00e5 nett<\/span><\/span><\/span><\/h1>\n<div dir=\"ltr\"><\/div>\n<div class=\"lRu31\" dir=\"ltr\"><span class=\"HwtZe\" lang=\"no\"><span class=\"jCAhz ChMk0b\"><span class=\"ryNqvb\"><a href=\"https:\/\/globalmedsonlineinc.com\/no\/product\/nembutal-pentobarbital\/kjop-seconal-sodium-online\/\">Seconal natrium til salgs p\u00e5 nett<\/a>. <\/span><\/span><\/span><span style=\"font-size: 1rem\">Global Meds Inc er n\u00e5 tilgjengelig med Seconal Sodium til de beste prisene. Hvis du \u00f8nsker \u00e5 kj\u00f8pe Seconal Sodium p\u00e5 nett, f\u00f8lg dine krav p\u00e5 nettapoteket v\u00e5rt i dag og f\u00e5 dem oppfylt innen kort tid. Alt du trenger \u00e5 gj\u00f8re er \u00e5 bestille Seconal Sodium og teammedlemmene v\u00e5re vil forberede og pakke det for deg etterfulgt av rettidig levering. Vi er et profesjonelt og p\u00e5litelig apotek som har jobbet konsekvent i denne bransjen i flere ti\u00e5r. Du kan stole p\u00e5 oss n\u00e5r det gjelder \u00e5 f\u00e5 medisiner av beste kvalitet og det ogs\u00e5 innenfor den angitte tidsperioden.<\/span><\/div>\n<h6 class=\"tt\">Hva kan Seconal Sodium gi deg? Hvorfor velge oss til \u00e5 kj\u00f8pe det?<\/h6>\n<p>Seconal Sodium brukes for \u00e5 roe deg rett f\u00f8r operasjonen. Seconal Sodium har et sted med en klasse med medisiner kjent som barbiturat hypnotika. Det virker ved \u00e5 p\u00e5virke visse deler av hjernen for \u00e5 roe deg. Eldre voksne b\u00f8r snakke om risikoen og fordelene med denne medisinen med legen sin eller legemiddelspesialisten, akkurat som andre kraftige og muligens sikrere behandlinger. Les medisinveiledningen som f\u00f8lger med produktet fra nettapoteket v\u00e5rt f\u00f8r du begynner \u00e5 ta Seconal Sodium og hver gang du f\u00e5r en topp. R\u00e5df\u00f8r deg med legen <a href=\"https:\/\/no.wikipedia.org\/wiki\/Barbiturat\">din<\/a> eller legemiddelspesialisten hvis du har sp\u00f8rsm\u00e5l. Ta denne medisinen gjennom munnen p\u00e5 en ufylt mage som koordinert av legen din f\u00f8r operasjonen.<\/p>\n<p><strong>Seconal Sodium brukes utelukkende for f\u00f8lgende forhold:<\/strong><\/p>\n<ul>\n<li>ytterligere lokalbed\u00f8velse<\/li>\n<li>ekstra middel for \u00e5 indusere generell anestesi<\/li>\n<\/ul>\n<p>Seconal Sodium Secobarbital til salgs p\u00e5 Online Nembutal Pharmacy, og vi vil levere det samme p\u00e5 ditt foretrukne sted s\u00e5 snart som mulig. La oss tjene deg p\u00e5 best mulig m\u00e5te. Du kan stole helt p\u00e5 v\u00e5rt nettbaserte Nembutal-apotek og forvente det beste fra oss. Vi er alltid tilgjengelige for v\u00e5re betydelige kunder for \u00e5 oppfylle deres behov og krav. Kontakt oss med en gang!<\/p>\n<p>Seconal Sodium av god kvalitet p\u00e5 nettet: Det er fullstendig forst\u00e5tt at folk ikke raskt stoler p\u00e5 kvaliteten p\u00e5 Seconal Sodium online som selges p\u00e5 nettet fordi de ikke kan unders\u00f8ke det fysisk. Men det er ikke det samme med Online Seconal Sodium online leverand\u00f8rer. Produktene her er tro mot beskrivelsen med vedlikehold av h\u00f8y kvalitet utf\u00f8rt under tilsyn av eksperter.<\/p>\n<p>Rask &amp; Diskret frakt: Leveringen av Seconal Sodium online etter mottak av bestillingen skjer innenfor den lovede tidsrammen. Fraktteamet legger all sin innsats i \u00e5 gj\u00f8re frakt- og leveringsprosedyren jevn og rask. Du kan ogs\u00e5 forvente utmerkede tjenester n\u00e5r du kj\u00f8per Seconal Sodium online fra profesjonelle p\u00e5 nettplattformen.<\/p>\n","protected":false},"excerpt":{"rendered":"<p><strong>Kom i kontakt med Nembutal-apoteket p\u00e5 nett<\/strong><\/p>\n<p>Online Nembutal Pharmacy er tilgjengelig for alle mennesker globalt. Du kan n\u00e5 oss n\u00e5r som helst, hvor som helst. Vi svarer alltid kundene v\u00e5re innen noen f\u00e5 \u00f8yeblikk og hjelper dem med deres sp\u00f8rsm\u00e5l. N\u00e5r vi har mottatt bestillingsdetaljene fra deg, begynner vi \u00e5 pakke det samme i neste \u00f8yeblikk. Vi s\u00f8rger for at alle legemidler n\u00e5r kundene v\u00e5re i trygg og forsvarlig emballasje uten \u00e5 bli skadet. Hos oss trenger du verken bekymre deg for kvaliteten p\u00e5 legemidlene eller leveringsstatusen. Vi er tilstede for \u00e5 ta alt ansvar. Du vil bare motta det beste for helsen din herfra. Du kan ringe, sende en e-post eller sende tekstmelding til oss. Kj\u00f8p Seconal Sodium Secobarbital 100mg i dag og f\u00e5 det levert i l\u00f8pet av kort tid fra Nembutal Pharmacy p\u00e5 nett.<\/p>\n","protected":false},"featured_media":8994,"comment_status":"closed","ping_status":"closed","template":"","meta":{"_acf_changed":false,"_monsterinsights_skip_tracking":false,"_monsterinsights_sitenote_active":false,"_monsterinsights_sitenote_note":"","_monsterinsights_sitenote_category":0},"product_brand":[],"product_cat":[87],"product_tag":[],"class_list":{"0":"post-8973","1":"product","2":"type-product","3":"status-publish","4":"has-post-thumbnail","6":"product_cat-nembutal-pentobarbital","8":"first","9":"instock","10":"shipping-taxable","11":"purchasable","12":"product-type-variable","13":"has-default-attributes"},"acf":[],"yoast_head":"<!-- This site is optimized with the Yoast SEO plugin v27.2 - https:\/\/yoast.com\/product\/yoast-seo-wordpress\/ -->\n<title>Seconal natrium til salgs p\u00e5 nett - Global Meds Inc<\/title>\n<meta name=\"description\" content=\"Seconal natrium til salgs p\u00e5 nett. Vi selger den beste kvaliteten Seconal natrium. Kontakt oss gjerne for mer informasjon og priser.\" \/>\n<meta name=\"robots\" content=\"index, follow, max-snippet:-1, max-image-preview:large, max-video-preview:-1\" \/>\n<link rel=\"canonical\" href=\"https:\/\/globalmedsonlineinc.com\/no\/product\/nembutal-pentobarbital\/kjop-seconal-sodium-online\/\" \/>\n<meta property=\"og:locale\" content=\"nn_NO\" \/>\n<meta property=\"og:type\" content=\"article\" \/>\n<meta property=\"og:title\" content=\"Seconal natrium til salgs p\u00e5 nett - Global Meds Inc\" \/>\n<meta property=\"og:description\" content=\"Seconal natrium til salgs p\u00e5 nett. Vi selger den beste kvaliteten Seconal natrium. Kontakt oss gjerne for mer informasjon og priser.\" \/>\n<meta property=\"og:url\" content=\"https:\/\/globalmedsonlineinc.com\/no\/product\/nembutal-pentobarbital\/kjop-seconal-sodium-online\/\" \/>\n<meta property=\"og:site_name\" content=\"Global Meds Inc\" \/>\n<meta property=\"article:modified_time\" content=\"2024-02-21T11:05:55+00:00\" \/>\n<meta property=\"og:image\" content=\"https:\/\/globalmedsonlineinc.com\/no\/content\/media\/uploads\/sites\/10\/2021\/06\/seconal-sodium.jpg\" \/>\n\t<meta property=\"og:image:width\" content=\"600\" \/>\n\t<meta property=\"og:image:height\" content=\"600\" \/>\n\t<meta property=\"og:image:type\" content=\"image\/jpeg\" \/>\n<meta name=\"twitter:card\" content=\"summary_large_image\" \/>\n<meta name=\"twitter:label1\" content=\"Est. reading time\" \/>\n\t<meta name=\"twitter:data1\" content=\"3 minutt\" \/>\n<script type=\"application\/ld+json\" class=\"yoast-schema-graph\">{\"@context\":\"https:\/\/schema.org\",\"@graph\":[{\"@type\":\"WebPage\",\"@id\":\"https:\/\/globalmedsonlineinc.com\/no\/product\/nembutal-pentobarbital\/kjop-seconal-sodium-online\/\",\"url\":\"https:\/\/globalmedsonlineinc.com\/no\/product\/nembutal-pentobarbital\/kjop-seconal-sodium-online\/\",\"name\":\"Seconal natrium til salgs p\u00e5 nett - Global Meds Inc\",\"isPartOf\":{\"@id\":\"https:\/\/globalmedsonlineinc.com\/no\/#website\"},\"primaryImageOfPage\":{\"@id\":\"https:\/\/globalmedsonlineinc.com\/no\/product\/nembutal-pentobarbital\/kjop-seconal-sodium-online\/#primaryimage\"},\"image\":{\"@id\":\"https:\/\/globalmedsonlineinc.com\/no\/product\/nembutal-pentobarbital\/kjop-seconal-sodium-online\/#primaryimage\"},\"thumbnailUrl\":\"https:\/\/globalmedsonlineinc.com\/no\/content\/media\/uploads\/sites\/10\/2021\/06\/seconal-sodium.jpg\",\"datePublished\":\"2021-06-30T20:56:09+00:00\",\"dateModified\":\"2024-02-21T11:05:55+00:00\",\"description\":\"Seconal natrium til salgs p\u00e5 nett. Vi selger den beste kvaliteten Seconal natrium. Kontakt oss gjerne for mer informasjon og priser.\",\"breadcrumb\":{\"@id\":\"https:\/\/globalmedsonlineinc.com\/no\/product\/nembutal-pentobarbital\/kjop-seconal-sodium-online\/#breadcrumb\"},\"inLanguage\":\"nn-NO\",\"potentialAction\":[{\"@type\":\"ReadAction\",\"target\":[\"https:\/\/globalmedsonlineinc.com\/no\/product\/nembutal-pentobarbital\/kjop-seconal-sodium-online\/\"]}]},{\"@type\":\"ImageObject\",\"inLanguage\":\"nn-NO\",\"@id\":\"https:\/\/globalmedsonlineinc.com\/no\/product\/nembutal-pentobarbital\/kjop-seconal-sodium-online\/#primaryimage\",\"url\":\"https:\/\/globalmedsonlineinc.com\/no\/content\/media\/uploads\/sites\/10\/2021\/06\/seconal-sodium.jpg\",\"contentUrl\":\"https:\/\/globalmedsonlineinc.com\/no\/content\/media\/uploads\/sites\/10\/2021\/06\/seconal-sodium.jpg\",\"width\":600,\"height\":600,\"caption\":\"Seconal natrium til salgs p\u00e5 nett\"},{\"@type\":\"BreadcrumbList\",\"@id\":\"https:\/\/globalmedsonlineinc.com\/no\/product\/nembutal-pentobarbital\/kjop-seconal-sodium-online\/#breadcrumb\",\"itemListElement\":[{\"@type\":\"ListItem\",\"position\":1,\"name\":\"Home\",\"item\":\"https:\/\/globalmedsonlineinc.com\/no\/\"},{\"@type\":\"ListItem\",\"position\":2,\"name\":\"Produkter\",\"item\":\"https:\/\/globalmedsonlineinc.com\/no\/produkter\/\"},{\"@type\":\"ListItem\",\"position\":3,\"name\":\"Kj\u00f8p Seconal natrium online\"}]},{\"@type\":\"WebSite\",\"@id\":\"https:\/\/globalmedsonlineinc.com\/no\/#website\",\"url\":\"https:\/\/globalmedsonlineinc.com\/no\/\",\"name\":\"Global Meds Inc\",\"description\":\"\",\"publisher\":{\"@id\":\"https:\/\/globalmedsonlineinc.com\/no\/#organization\"},\"potentialAction\":[{\"@type\":\"SearchAction\",\"target\":{\"@type\":\"EntryPoint\",\"urlTemplate\":\"https:\/\/globalmedsonlineinc.com\/no\/?s={search_term_string}\"},\"query-input\":{\"@type\":\"PropertyValueSpecification\",\"valueRequired\":true,\"valueName\":\"search_term_string\"}}],\"inLanguage\":\"nn-NO\"},{\"@type\":\"Organization\",\"@id\":\"https:\/\/globalmedsonlineinc.com\/no\/#organization\",\"name\":\"Global Meds Inc.\",\"url\":\"https:\/\/globalmedsonlineinc.com\/no\/\",\"logo\":{\"@type\":\"ImageObject\",\"inLanguage\":\"nn-NO\",\"@id\":\"https:\/\/globalmedsonlineinc.com\/no\/#\/schema\/logo\/image\/\",\"url\":\"https:\/\/globalmedsonlineinc.com\/no\/content\/media\/uploads\/sites\/10\/2021\/06\/globalmedsonlineincLogoShop20210630123730.00.png\",\"contentUrl\":\"https:\/\/globalmedsonlineinc.com\/no\/content\/media\/uploads\/sites\/10\/2021\/06\/globalmedsonlineincLogoShop20210630123730.00.png\",\"width\":450,\"height\":117,\"caption\":\"Global Meds Inc.\"},\"image\":{\"@id\":\"https:\/\/globalmedsonlineinc.com\/no\/#\/schema\/logo\/image\/\"}}]}<\/script>\n<!-- \/ Yoast SEO plugin. -->","yoast_head_json":{"title":"Seconal natrium til salgs p\u00e5 nett - Global Meds Inc","description":"Seconal natrium til salgs p\u00e5 nett. Vi selger den beste kvaliteten Seconal natrium. Kontakt oss gjerne for mer informasjon og priser.","robots":{"index":"index","follow":"follow","max-snippet":"max-snippet:-1","max-image-preview":"max-image-preview:large","max-video-preview":"max-video-preview:-1"},"canonical":"https:\/\/globalmedsonlineinc.com\/no\/product\/nembutal-pentobarbital\/kjop-seconal-sodium-online\/","og_locale":"nn_NO","og_type":"article","og_title":"Seconal natrium til salgs p\u00e5 nett - Global Meds Inc","og_description":"Seconal natrium til salgs p\u00e5 nett. Vi selger den beste kvaliteten Seconal natrium. Kontakt oss gjerne for mer informasjon og priser.","og_url":"https:\/\/globalmedsonlineinc.com\/no\/product\/nembutal-pentobarbital\/kjop-seconal-sodium-online\/","og_site_name":"Global Meds Inc","article_modified_time":"2024-02-21T11:05:55+00:00","og_image":[{"width":600,"height":600,"url":"https:\/\/globalmedsonlineinc.com\/no\/content\/media\/uploads\/sites\/10\/2021\/06\/seconal-sodium.jpg","type":"image\/jpeg"}],"twitter_card":"summary_large_image","twitter_misc":{"Est. reading time":"3 minutt"},"schema":{"@context":"https:\/\/schema.org","@graph":[{"@type":"WebPage","@id":"https:\/\/globalmedsonlineinc.com\/no\/product\/nembutal-pentobarbital\/kjop-seconal-sodium-online\/","url":"https:\/\/globalmedsonlineinc.com\/no\/product\/nembutal-pentobarbital\/kjop-seconal-sodium-online\/","name":"Seconal natrium til salgs p\u00e5 nett - Global Meds Inc","isPartOf":{"@id":"https:\/\/globalmedsonlineinc.com\/no\/#website"},"primaryImageOfPage":{"@id":"https:\/\/globalmedsonlineinc.com\/no\/product\/nembutal-pentobarbital\/kjop-seconal-sodium-online\/#primaryimage"},"image":{"@id":"https:\/\/globalmedsonlineinc.com\/no\/product\/nembutal-pentobarbital\/kjop-seconal-sodium-online\/#primaryimage"},"thumbnailUrl":"https:\/\/globalmedsonlineinc.com\/no\/content\/media\/uploads\/sites\/10\/2021\/06\/seconal-sodium.jpg","datePublished":"2021-06-30T20:56:09+00:00","dateModified":"2024-02-21T11:05:55+00:00","description":"Seconal natrium til salgs p\u00e5 nett. Vi selger den beste kvaliteten Seconal natrium. Kontakt oss gjerne for mer informasjon og priser.","breadcrumb":{"@id":"https:\/\/globalmedsonlineinc.com\/no\/product\/nembutal-pentobarbital\/kjop-seconal-sodium-online\/#breadcrumb"},"inLanguage":"nn-NO","potentialAction":[{"@type":"ReadAction","target":["https:\/\/globalmedsonlineinc.com\/no\/product\/nembutal-pentobarbital\/kjop-seconal-sodium-online\/"]}]},{"@type":"ImageObject","inLanguage":"nn-NO","@id":"https:\/\/globalmedsonlineinc.com\/no\/product\/nembutal-pentobarbital\/kjop-seconal-sodium-online\/#primaryimage","url":"https:\/\/globalmedsonlineinc.com\/no\/content\/media\/uploads\/sites\/10\/2021\/06\/seconal-sodium.jpg","contentUrl":"https:\/\/globalmedsonlineinc.com\/no\/content\/media\/uploads\/sites\/10\/2021\/06\/seconal-sodium.jpg","width":600,"height":600,"caption":"Seconal natrium til salgs p\u00e5 nett"},{"@type":"BreadcrumbList","@id":"https:\/\/globalmedsonlineinc.com\/no\/product\/nembutal-pentobarbital\/kjop-seconal-sodium-online\/#breadcrumb","itemListElement":[{"@type":"ListItem","position":1,"name":"Home","item":"https:\/\/globalmedsonlineinc.com\/no\/"},{"@type":"ListItem","position":2,"name":"Produkter","item":"https:\/\/globalmedsonlineinc.com\/no\/produkter\/"},{"@type":"ListItem","position":3,"name":"Kj\u00f8p Seconal natrium online"}]},{"@type":"WebSite","@id":"https:\/\/globalmedsonlineinc.com\/no\/#website","url":"https:\/\/globalmedsonlineinc.com\/no\/","name":"Global Meds Inc","description":"","publisher":{"@id":"https:\/\/globalmedsonlineinc.com\/no\/#organization"},"potentialAction":[{"@type":"SearchAction","target":{"@type":"EntryPoint","urlTemplate":"https:\/\/globalmedsonlineinc.com\/no\/?s={search_term_string}"},"query-input":{"@type":"PropertyValueSpecification","valueRequired":true,"valueName":"search_term_string"}}],"inLanguage":"nn-NO"},{"@type":"Organization","@id":"https:\/\/globalmedsonlineinc.com\/no\/#organization","name":"Global Meds Inc.","url":"https:\/\/globalmedsonlineinc.com\/no\/","logo":{"@type":"ImageObject","inLanguage":"nn-NO","@id":"https:\/\/globalmedsonlineinc.com\/no\/#\/schema\/logo\/image\/","url":"https:\/\/globalmedsonlineinc.com\/no\/content\/media\/uploads\/sites\/10\/2021\/06\/globalmedsonlineincLogoShop20210630123730.00.png","contentUrl":"https:\/\/globalmedsonlineinc.com\/no\/content\/media\/uploads\/sites\/10\/2021\/06\/globalmedsonlineincLogoShop20210630123730.00.png","width":450,"height":117,"caption":"Global Meds Inc."},"image":{"@id":"https:\/\/globalmedsonlineinc.com\/no\/#\/schema\/logo\/image\/"}}]}},"_links":{"self":[{"href":"https:\/\/globalmedsonlineinc.com\/no\/wp-json\/wp\/v2\/product\/8973","targetHints":{"allow":["GET"]}}],"collection":[{"href":"https:\/\/globalmedsonlineinc.com\/no\/wp-json\/wp\/v2\/product"}],"about":[{"href":"https:\/\/globalmedsonlineinc.com\/no\/wp-json\/wp\/v2\/types\/product"}],"replies":[{"embeddable":true,"href":"https:\/\/globalmedsonlineinc.com\/no\/wp-json\/wp\/v2\/comments?post=8973"}],"wp:featuredmedia":[{"embeddable":true,"href":"https:\/\/globalmedsonlineinc.com\/no\/wp-json\/wp\/v2\/media\/8994"}],"wp:attachment":[{"href":"https:\/\/globalmedsonlineinc.com\/no\/wp-json\/wp\/v2\/media?parent=8973"}],"wp:term":[{"taxonomy":"product_brand","embeddable":true,"href":"https:\/\/globalmedsonlineinc.com\/no\/wp-json\/wp\/v2\/product_brand?post=8973"},{"taxonomy":"product_cat","embeddable":true,"href":"https:\/\/globalmedsonlineinc.com\/no\/wp-json\/wp\/v2\/product_cat?post=8973"},{"taxonomy":"product_tag","embeddable":true,"href":"https:\/\/globalmedsonlineinc.com\/no\/wp-json\/wp\/v2\/product_tag?post=8973"}],"curies":[{"name":"wp","href":"https:\/\/api.w.org\/{rel}","templated":true}]}}