{"id":8927,"date":"2021-06-30T20:43:54","date_gmt":"2021-06-30T20:43:54","guid":{"rendered":"https:\/\/globalmedsonlineinc.com\/no\/?post_type=product&#038;p=8927"},"modified":"2024-02-21T11:08:38","modified_gmt":"2024-02-21T11:08:38","slug":"kjop-pentobarbital-sodium-vaeske-muntlig-pa-nett","status":"publish","type":"product","link":"https:\/\/globalmedsonlineinc.com\/no\/product\/nembutal-pentobarbital\/kjop-pentobarbital-sodium-vaeske-muntlig-pa-nett\/","title":{"rendered":"Kj\u00f8p Pentobarbital Sodium (V\u00e6ske) (Muntlig) p\u00e5 nett"},"content":{"rendered":"<h1 class=\"tt\">Pentobarbitalnatrium oral flytende l\u00f8sning til salgs p\u00e5 nettet<\/h1>\n<p class=\"tt\"><a href=\"https:\/\/globalmedsonlineinc.com\/no\/product\/nembutal-pentobarbital\/buy-pentobarbital-sodium-liquid-oral-online\/\">Pentobarbitalnatrium oral liquid l\u00f8sning<\/a> for salg p\u00e5 nett. NEMBUTAL natriumoppl\u00f8sning (pentobarbitalnatriuminjeksjon) er en steril oppl\u00f8sning for intraven\u00f8s\u00a0eller\u00a0intramuskul\u00e6r injeksjon. Hver ml inneholder pentobarbitalnatrium 50 mg, i en b\u00e6rer av propylenglykol, 40 %, alkohol, 10 % og vann til injeksjon, til volum. pH justeres til omtrent 9,5 med saltsyre <a href=\"https:\/\/en.wikipedia.org\/wiki\/Pentobarbital\">og<\/a>\/eller natriumhydroksid. Dette legemidlet er til injeksjon i en muskel eller en vene. Kj\u00f8p Pentobarbital Sodium Online, Pentobarbital for eutanasi, Pentobarbital natrium gruppe, Pentobarbital natrium v\u00e6ske, Natrium pentobarbital for eutanasi.<\/p>\n<p>Kj\u00f8p av natriumpentobarbital online er n\u00e5 mulig hos Nembutal Group. <a href=\"https:\/\/no.wikipedia.org\/wiki\/Pentobarbital\">Du<\/a> kan n\u00e5 bestille Pentobarbital Sodium Injection og f\u00e5 den levert p\u00e5 adressen din innen den lovede tidsrammen. Kontakt oss n\u00e5! Pentobarbital for eutanasi, Pentobarbital natrium v\u00e6ske, Natrium pentobarbital for eutanasi av dyr,<\/p>\n<p class=\"tt\"><strong>Hva er Pentobarbital og dets bruksomr\u00e5der?<\/strong><\/p>\n<p>Pentobarbital er et barbiturat som virker som et depressivt middel, eller beroligende middel, som brukes p\u00e5 kort sikt for \u00e5 behandle s\u00f8vnl\u00f8shet. Pentobarbital brukes ogs\u00e5 som akuttbehandling for anfall, og for \u00e5 f\u00e5 pasienter til \u00e5 sovne for operasjon. Kj\u00f8p pentobarbitalnatrium p\u00e5 nett, Pentobarbital for avlivning, Sodium pentobarbital for avlivning av dyr.<\/p>\n<p>I h\u00f8ye doser for\u00e5rsaker pentobarbital d\u00f8d ved respirasjonsstans. Den brukes til veterin\u00e6r eutanasi og brukes av noen amerikanske stater og den amerikanske f\u00f8derale regjeringen for henrettelser av d\u00f8mte kriminelle. Kj\u00f8p Pentobarbital Sodium Online<sup id=\"cite_ref-2\" class=\"reference\"><\/sup><\/p>\n<p>Pentobarbital kan for\u00e5rsake d\u00f8d n\u00e5r det brukes i h\u00f8ye doser. Det brukes til eutanasi for mennesker s\u00e5 vel som dyr. Det brukes ogs\u00e5 alene, eller i kombinasjon med komplement\u00e6re midler som fenytoin, i kommersielle injiserbare dyreavlivningsl\u00f8sninger.<\/p>\n<p><strong>Pentobarbital for eutanasi<\/strong><\/p>\n<p>Pentobarbital (Nembutal) er et korttidsvirkende barbiturat beroligende-hypnotisk som er mye brukt i veterin\u00e6rpraksis for anestesi og eutanasi. Det anbefales ogs\u00e5 som et medikament for eutanasi eller assistert selvmord p\u00e5 grunn av dets raske inntreden av koma og oppfatningen av en fredelig d\u00f8d. Kj\u00f8p Pentobarbital Sodium Online<\/p>\n<p><strong>Hvordan administreres pentobarbitalnatrium?<\/strong><\/p>\n<div id=\"_joT9X9rQHMb1gQa08rz4CA32\" class=\"gy6Qzb oNjtBb V1sL5c\" aria-labelledby=\"_joT9X9rQHMb1gQa08rz4CA33\">\n<div>\n<div id=\"_joT9X9rQHMb1gQa08rz4CA34\" class=\"y8URue\" data-hveid=\"CBEQDA\" data-ved=\"2ahUKEwjaz5v_oZbuAhXGesAKHTQ5D48Qu04oAXoECBEQDA\">\n<div class=\"mod\" data-md=\"61\">\n<div class=\"LGOjhe\" role=\"heading\" data-attrid=\"wa:\/description\" data-hveid=\"CAsQAA\"><span class=\"ILfuVd NA6bn\"><span class=\"hgKElc\">Pentobarbital\u00a0kan v\u00e6re administrert intraperitonealt eller intraven\u00f8st. N\u00e5r det brukes som generell anestesi, kan pentobarbital administreres som en bolus (Borkowski et al., 1990) eller CRI. Kommersielle l\u00f8sninger inneholder vanligvis propylenglykol, som kan for\u00e5rsake smerte ved injeksjon og tromboflebitt. Kj\u00f8p Pentobarbital Sodium Online<\/span><\/span><\/div>\n<\/div>\n<\/div>\n<\/div>\n<\/div>\n\n","protected":false},"excerpt":{"rendered":"<p>Pentobarbitalnatriuminjeksjon er en steril l\u00f8sning for intraven\u00f8s\u00a0eller\u00a0intramuskul\u00e6r\u00a0injeksjon. Hver ml inneholder pentobarbitalnatrium 50 mg, i en b\u00e6rer av propylenglykol, 40 %, alkohol, 10 % og vann til injeksjon, til volum. pH justeres til ca. 9,5 med saltsyre og\/eller natriumhydroksid.<\/p>\n","protected":false},"featured_media":8969,"comment_status":"open","ping_status":"closed","template":"","meta":{"_acf_changed":false,"_monsterinsights_skip_tracking":false,"_monsterinsights_sitenote_active":false,"_monsterinsights_sitenote_note":"","_monsterinsights_sitenote_category":0},"product_brand":[],"product_cat":[87],"product_tag":[855,866,865,862,863,864,867,869,868,826,825,824,823,819,820,821,822,856,858,859,861,860,857,96,827,838,837,836,828,831,832,835,833,834,840,839,830,829,842,843,847,845,846,844,841,848,854,853,850,851,852,849],"class_list":{"0":"post-8927","1":"product","2":"type-product","3":"status-publish","4":"has-post-thumbnail","6":"product_cat-nembutal-pentobarbital","7":"product_tag-fenobarbitalnatrium-intravenos","8":"product_tag-hvor-kan-du-kjope-pentobarbitalnatrium","9":"product_tag-hvor-kan-jeg-kjope-natrium-pentobarbital","10":"product_tag-hvor-kan-jeg-kjope-nembutal-natrium-pentobarbital","11":"product_tag-hvor-kan-jeg-kjope-pentobarbital-natrium","12":"product_tag-hvor-kan-jeg-kjope-pentobarbital-natrium-sovepiller","13":"product_tag-hvor-kan-man-kjope-pentobarbitalnatrium","14":"product_tag-hvor-man-kan-fa-tak-i-pentobarbitalnatrium","15":"product_tag-hvor-man-kan-kjope-pentobarbitalnatrium-for-hunder","16":"product_tag-kan-du-kjope-natriumpentobarbital","17":"product_tag-kan-du-kjope-pentobarbitalnatrium-over-disk","18":"product_tag-kan-jeg-kjope-pentobarbital","19":"product_tag-kjop-natriumpentobarbital-uk","20":"product_tag-kjop-nembutal-pentobarbitalnatrium","21":"product_tag-kjop-pentobarbitalnatrium","22":"product_tag-kjop-pentobarbitalnatrium-2021","23":"product_tag-kjop-pentobarbitalnatrium-pentobarbitalnatriumsalt","24":"product_tag-natrium","25":"product_tag-natrium-pentobarbital-dyr-pentobarbital-cost","26":"product_tag-natrium-pentobarbital-for-eutanasi","27":"product_tag-natrium-pentobarbital-holdbarhet","28":"product_tag-natrium-pentobarbital-produsenter","29":"product_tag-natriumpentobarbital-nembutal","30":"product_tag-nembutal","31":"product_tag-nembutal-pentobarbital-de-natrium-dose-letale","32":"product_tag-pentobarbital-for-hund-mennesker","33":"product_tag-pentobarbital-for-hunde","34":"product_tag-pentobarbital-for-natrium","35":"product_tag-pentobarbital-natrium-anestesi","36":"product_tag-pentobarbital-natrium-dod","37":"product_tag-pentobarbital-natrium-dosering","38":"product_tag-pentobarbital-natrium-for-hunde","39":"product_tag-pentobarbital-natrium-for-hunder","40":"product_tag-pentobarbital-natrium-for-mennesker","41":"product_tag-pentobarbital-natrium-injeksjon-usp","42":"product_tag-pentobarbital-natrium-injeksjonslosning","43":"product_tag-pentobarbital-natrium-kina","44":"product_tag-pentobarbital-natrium-kjope","45":"product_tag-pentobarbital-natrium-nz","46":"product_tag-pentobarbital-natrium-oral","47":"product_tag-pentobarbital-natrium-pentobarbital-pris","48":"product_tag-pentobarbital-natrium-piller","49":"product_tag-pentobarbital-natrium-pulver","50":"product_tag-pentobarbital-natrium-reseptfri","51":"product_tag-pentobarbital-natrium-vaeske","52":"product_tag-pentobarbital-sodium","53":"product_tag-pentobarbitalbruk","54":"product_tag-pentobarbitalnatrium-hvor-du-kan-kjope","55":"product_tag-pentobarbitalnatrium-sovepiller","56":"product_tag-pentobarbitalnatrium-sovepiller-over-disk","57":"product_tag-pentobarbitalnatriumtabletter","58":"product_tag-prescript-um-salt","60":"first","61":"instock","62":"shipping-taxable","63":"purchasable","64":"product-type-variable","65":"has-default-attributes"},"acf":[],"yoast_head":"<!-- This site is optimized with the Yoast SEO plugin v27.2 - https:\/\/yoast.com\/product\/yoast-seo-wordpress\/ -->\n<title>Pentobarbitalnatrium oral til salgs p\u00e5 nettet | Global Meds Inc.<\/title>\n<meta name=\"description\" content=\"Pentobarbitalnatrium oral flytende l\u00f8sning til salgs p\u00e5 nettet. Vi selger Pentobarbitalnatrium av beste kvalitet. Kontakt oss gjerne for mer informasjon.\" \/>\n<meta name=\"robots\" content=\"index, follow, max-snippet:-1, max-image-preview:large, max-video-preview:-1\" \/>\n<link rel=\"canonical\" href=\"https:\/\/globalmedsonlineinc.com\/no\/product\/nembutal-pentobarbital\/kjop-pentobarbital-sodium-vaeske-muntlig-pa-nett\/\" \/>\n<meta property=\"og:locale\" content=\"nn_NO\" \/>\n<meta property=\"og:type\" content=\"article\" \/>\n<meta property=\"og:title\" content=\"Pentobarbitalnatrium oral til salgs p\u00e5 nettet | Global Meds Inc.\" \/>\n<meta property=\"og:description\" content=\"Pentobarbitalnatrium oral flytende l\u00f8sning til salgs p\u00e5 nettet. Vi selger Pentobarbitalnatrium av beste kvalitet. Kontakt oss gjerne for mer informasjon.\" \/>\n<meta property=\"og:url\" content=\"https:\/\/globalmedsonlineinc.com\/no\/product\/nembutal-pentobarbital\/kjop-pentobarbital-sodium-vaeske-muntlig-pa-nett\/\" \/>\n<meta property=\"og:site_name\" content=\"Global Meds Inc\" \/>\n<meta property=\"article:modified_time\" content=\"2024-02-21T11:08:38+00:00\" \/>\n<meta property=\"og:image\" content=\"https:\/\/globalmedsonlineinc.com\/no\/content\/media\/uploads\/sites\/10\/2021\/06\/Pentobarbital-sodium.jpg\" \/>\n\t<meta property=\"og:image:width\" content=\"600\" \/>\n\t<meta property=\"og:image:height\" content=\"600\" \/>\n\t<meta property=\"og:image:type\" content=\"image\/jpeg\" \/>\n<meta name=\"twitter:card\" content=\"summary_large_image\" \/>\n<meta name=\"twitter:label1\" content=\"Est. reading time\" \/>\n\t<meta name=\"twitter:data1\" content=\"3 minutt\" \/>\n<script type=\"application\/ld+json\" class=\"yoast-schema-graph\">{\"@context\":\"https:\/\/schema.org\",\"@graph\":[{\"@type\":\"WebPage\",\"@id\":\"https:\/\/globalmedsonlineinc.com\/no\/product\/nembutal-pentobarbital\/kjop-pentobarbital-sodium-vaeske-muntlig-pa-nett\/\",\"url\":\"https:\/\/globalmedsonlineinc.com\/no\/product\/nembutal-pentobarbital\/kjop-pentobarbital-sodium-vaeske-muntlig-pa-nett\/\",\"name\":\"Pentobarbitalnatrium oral til salgs p\u00e5 nettet | Global Meds Inc.\",\"isPartOf\":{\"@id\":\"https:\/\/globalmedsonlineinc.com\/no\/#website\"},\"primaryImageOfPage\":{\"@id\":\"https:\/\/globalmedsonlineinc.com\/no\/product\/nembutal-pentobarbital\/kjop-pentobarbital-sodium-vaeske-muntlig-pa-nett\/#primaryimage\"},\"image\":{\"@id\":\"https:\/\/globalmedsonlineinc.com\/no\/product\/nembutal-pentobarbital\/kjop-pentobarbital-sodium-vaeske-muntlig-pa-nett\/#primaryimage\"},\"thumbnailUrl\":\"https:\/\/globalmedsonlineinc.com\/no\/content\/media\/uploads\/sites\/10\/2021\/06\/Pentobarbital-sodium.jpg\",\"datePublished\":\"2021-06-30T20:43:54+00:00\",\"dateModified\":\"2024-02-21T11:08:38+00:00\",\"description\":\"Pentobarbitalnatrium oral flytende l\u00f8sning til salgs p\u00e5 nettet. Vi selger Pentobarbitalnatrium av beste kvalitet. Kontakt oss gjerne for mer informasjon.\",\"breadcrumb\":{\"@id\":\"https:\/\/globalmedsonlineinc.com\/no\/product\/nembutal-pentobarbital\/kjop-pentobarbital-sodium-vaeske-muntlig-pa-nett\/#breadcrumb\"},\"inLanguage\":\"nn-NO\",\"potentialAction\":[{\"@type\":\"ReadAction\",\"target\":[\"https:\/\/globalmedsonlineinc.com\/no\/product\/nembutal-pentobarbital\/kjop-pentobarbital-sodium-vaeske-muntlig-pa-nett\/\"]}]},{\"@type\":\"ImageObject\",\"inLanguage\":\"nn-NO\",\"@id\":\"https:\/\/globalmedsonlineinc.com\/no\/product\/nembutal-pentobarbital\/kjop-pentobarbital-sodium-vaeske-muntlig-pa-nett\/#primaryimage\",\"url\":\"https:\/\/globalmedsonlineinc.com\/no\/content\/media\/uploads\/sites\/10\/2021\/06\/Pentobarbital-sodium.jpg\",\"contentUrl\":\"https:\/\/globalmedsonlineinc.com\/no\/content\/media\/uploads\/sites\/10\/2021\/06\/Pentobarbital-sodium.jpg\",\"width\":600,\"height\":600,\"caption\":\"Pentobarbitalnatrium oral flytende l\u00f8sning til salgs p\u00e5 nettet\"},{\"@type\":\"BreadcrumbList\",\"@id\":\"https:\/\/globalmedsonlineinc.com\/no\/product\/nembutal-pentobarbital\/kjop-pentobarbital-sodium-vaeske-muntlig-pa-nett\/#breadcrumb\",\"itemListElement\":[{\"@type\":\"ListItem\",\"position\":1,\"name\":\"Home\",\"item\":\"https:\/\/globalmedsonlineinc.com\/no\/\"},{\"@type\":\"ListItem\",\"position\":2,\"name\":\"Produkter\",\"item\":\"https:\/\/globalmedsonlineinc.com\/no\/produkter\/\"},{\"@type\":\"ListItem\",\"position\":3,\"name\":\"Kj\u00f8p Pentobarbital Sodium (V\u00e6ske) (Muntlig) p\u00e5 nett\"}]},{\"@type\":\"WebSite\",\"@id\":\"https:\/\/globalmedsonlineinc.com\/no\/#website\",\"url\":\"https:\/\/globalmedsonlineinc.com\/no\/\",\"name\":\"Global Meds Inc\",\"description\":\"\",\"publisher\":{\"@id\":\"https:\/\/globalmedsonlineinc.com\/no\/#organization\"},\"potentialAction\":[{\"@type\":\"SearchAction\",\"target\":{\"@type\":\"EntryPoint\",\"urlTemplate\":\"https:\/\/globalmedsonlineinc.com\/no\/?s={search_term_string}\"},\"query-input\":{\"@type\":\"PropertyValueSpecification\",\"valueRequired\":true,\"valueName\":\"search_term_string\"}}],\"inLanguage\":\"nn-NO\"},{\"@type\":\"Organization\",\"@id\":\"https:\/\/globalmedsonlineinc.com\/no\/#organization\",\"name\":\"Global Meds Inc.\",\"url\":\"https:\/\/globalmedsonlineinc.com\/no\/\",\"logo\":{\"@type\":\"ImageObject\",\"inLanguage\":\"nn-NO\",\"@id\":\"https:\/\/globalmedsonlineinc.com\/no\/#\/schema\/logo\/image\/\",\"url\":\"https:\/\/globalmedsonlineinc.com\/no\/content\/media\/uploads\/sites\/10\/2021\/06\/globalmedsonlineincLogoShop20210630123730.00.png\",\"contentUrl\":\"https:\/\/globalmedsonlineinc.com\/no\/content\/media\/uploads\/sites\/10\/2021\/06\/globalmedsonlineincLogoShop20210630123730.00.png\",\"width\":450,\"height\":117,\"caption\":\"Global Meds Inc.\"},\"image\":{\"@id\":\"https:\/\/globalmedsonlineinc.com\/no\/#\/schema\/logo\/image\/\"}}]}<\/script>\n<!-- \/ Yoast SEO plugin. -->","yoast_head_json":{"title":"Pentobarbitalnatrium oral til salgs p\u00e5 nettet | Global Meds Inc.","description":"Pentobarbitalnatrium oral flytende l\u00f8sning til salgs p\u00e5 nettet. Vi selger Pentobarbitalnatrium av beste kvalitet. Kontakt oss gjerne for mer informasjon.","robots":{"index":"index","follow":"follow","max-snippet":"max-snippet:-1","max-image-preview":"max-image-preview:large","max-video-preview":"max-video-preview:-1"},"canonical":"https:\/\/globalmedsonlineinc.com\/no\/product\/nembutal-pentobarbital\/kjop-pentobarbital-sodium-vaeske-muntlig-pa-nett\/","og_locale":"nn_NO","og_type":"article","og_title":"Pentobarbitalnatrium oral til salgs p\u00e5 nettet | Global Meds Inc.","og_description":"Pentobarbitalnatrium oral flytende l\u00f8sning til salgs p\u00e5 nettet. Vi selger Pentobarbitalnatrium av beste kvalitet. Kontakt oss gjerne for mer informasjon.","og_url":"https:\/\/globalmedsonlineinc.com\/no\/product\/nembutal-pentobarbital\/kjop-pentobarbital-sodium-vaeske-muntlig-pa-nett\/","og_site_name":"Global Meds Inc","article_modified_time":"2024-02-21T11:08:38+00:00","og_image":[{"width":600,"height":600,"url":"https:\/\/globalmedsonlineinc.com\/no\/content\/media\/uploads\/sites\/10\/2021\/06\/Pentobarbital-sodium.jpg","type":"image\/jpeg"}],"twitter_card":"summary_large_image","twitter_misc":{"Est. reading time":"3 minutt"},"schema":{"@context":"https:\/\/schema.org","@graph":[{"@type":"WebPage","@id":"https:\/\/globalmedsonlineinc.com\/no\/product\/nembutal-pentobarbital\/kjop-pentobarbital-sodium-vaeske-muntlig-pa-nett\/","url":"https:\/\/globalmedsonlineinc.com\/no\/product\/nembutal-pentobarbital\/kjop-pentobarbital-sodium-vaeske-muntlig-pa-nett\/","name":"Pentobarbitalnatrium oral til salgs p\u00e5 nettet | Global Meds Inc.","isPartOf":{"@id":"https:\/\/globalmedsonlineinc.com\/no\/#website"},"primaryImageOfPage":{"@id":"https:\/\/globalmedsonlineinc.com\/no\/product\/nembutal-pentobarbital\/kjop-pentobarbital-sodium-vaeske-muntlig-pa-nett\/#primaryimage"},"image":{"@id":"https:\/\/globalmedsonlineinc.com\/no\/product\/nembutal-pentobarbital\/kjop-pentobarbital-sodium-vaeske-muntlig-pa-nett\/#primaryimage"},"thumbnailUrl":"https:\/\/globalmedsonlineinc.com\/no\/content\/media\/uploads\/sites\/10\/2021\/06\/Pentobarbital-sodium.jpg","datePublished":"2021-06-30T20:43:54+00:00","dateModified":"2024-02-21T11:08:38+00:00","description":"Pentobarbitalnatrium oral flytende l\u00f8sning til salgs p\u00e5 nettet. Vi selger Pentobarbitalnatrium av beste kvalitet. Kontakt oss gjerne for mer informasjon.","breadcrumb":{"@id":"https:\/\/globalmedsonlineinc.com\/no\/product\/nembutal-pentobarbital\/kjop-pentobarbital-sodium-vaeske-muntlig-pa-nett\/#breadcrumb"},"inLanguage":"nn-NO","potentialAction":[{"@type":"ReadAction","target":["https:\/\/globalmedsonlineinc.com\/no\/product\/nembutal-pentobarbital\/kjop-pentobarbital-sodium-vaeske-muntlig-pa-nett\/"]}]},{"@type":"ImageObject","inLanguage":"nn-NO","@id":"https:\/\/globalmedsonlineinc.com\/no\/product\/nembutal-pentobarbital\/kjop-pentobarbital-sodium-vaeske-muntlig-pa-nett\/#primaryimage","url":"https:\/\/globalmedsonlineinc.com\/no\/content\/media\/uploads\/sites\/10\/2021\/06\/Pentobarbital-sodium.jpg","contentUrl":"https:\/\/globalmedsonlineinc.com\/no\/content\/media\/uploads\/sites\/10\/2021\/06\/Pentobarbital-sodium.jpg","width":600,"height":600,"caption":"Pentobarbitalnatrium oral flytende l\u00f8sning til salgs p\u00e5 nettet"},{"@type":"BreadcrumbList","@id":"https:\/\/globalmedsonlineinc.com\/no\/product\/nembutal-pentobarbital\/kjop-pentobarbital-sodium-vaeske-muntlig-pa-nett\/#breadcrumb","itemListElement":[{"@type":"ListItem","position":1,"name":"Home","item":"https:\/\/globalmedsonlineinc.com\/no\/"},{"@type":"ListItem","position":2,"name":"Produkter","item":"https:\/\/globalmedsonlineinc.com\/no\/produkter\/"},{"@type":"ListItem","position":3,"name":"Kj\u00f8p Pentobarbital Sodium (V\u00e6ske) (Muntlig) p\u00e5 nett"}]},{"@type":"WebSite","@id":"https:\/\/globalmedsonlineinc.com\/no\/#website","url":"https:\/\/globalmedsonlineinc.com\/no\/","name":"Global Meds Inc","description":"","publisher":{"@id":"https:\/\/globalmedsonlineinc.com\/no\/#organization"},"potentialAction":[{"@type":"SearchAction","target":{"@type":"EntryPoint","urlTemplate":"https:\/\/globalmedsonlineinc.com\/no\/?s={search_term_string}"},"query-input":{"@type":"PropertyValueSpecification","valueRequired":true,"valueName":"search_term_string"}}],"inLanguage":"nn-NO"},{"@type":"Organization","@id":"https:\/\/globalmedsonlineinc.com\/no\/#organization","name":"Global Meds Inc.","url":"https:\/\/globalmedsonlineinc.com\/no\/","logo":{"@type":"ImageObject","inLanguage":"nn-NO","@id":"https:\/\/globalmedsonlineinc.com\/no\/#\/schema\/logo\/image\/","url":"https:\/\/globalmedsonlineinc.com\/no\/content\/media\/uploads\/sites\/10\/2021\/06\/globalmedsonlineincLogoShop20210630123730.00.png","contentUrl":"https:\/\/globalmedsonlineinc.com\/no\/content\/media\/uploads\/sites\/10\/2021\/06\/globalmedsonlineincLogoShop20210630123730.00.png","width":450,"height":117,"caption":"Global Meds Inc."},"image":{"@id":"https:\/\/globalmedsonlineinc.com\/no\/#\/schema\/logo\/image\/"}}]}},"_links":{"self":[{"href":"https:\/\/globalmedsonlineinc.com\/no\/wp-json\/wp\/v2\/product\/8927","targetHints":{"allow":["GET"]}}],"collection":[{"href":"https:\/\/globalmedsonlineinc.com\/no\/wp-json\/wp\/v2\/product"}],"about":[{"href":"https:\/\/globalmedsonlineinc.com\/no\/wp-json\/wp\/v2\/types\/product"}],"replies":[{"embeddable":true,"href":"https:\/\/globalmedsonlineinc.com\/no\/wp-json\/wp\/v2\/comments?post=8927"}],"wp:featuredmedia":[{"embeddable":true,"href":"https:\/\/globalmedsonlineinc.com\/no\/wp-json\/wp\/v2\/media\/8969"}],"wp:attachment":[{"href":"https:\/\/globalmedsonlineinc.com\/no\/wp-json\/wp\/v2\/media?parent=8927"}],"wp:term":[{"taxonomy":"product_brand","embeddable":true,"href":"https:\/\/globalmedsonlineinc.com\/no\/wp-json\/wp\/v2\/product_brand?post=8927"},{"taxonomy":"product_cat","embeddable":true,"href":"https:\/\/globalmedsonlineinc.com\/no\/wp-json\/wp\/v2\/product_cat?post=8927"},{"taxonomy":"product_tag","embeddable":true,"href":"https:\/\/globalmedsonlineinc.com\/no\/wp-json\/wp\/v2\/product_tag?post=8927"}],"curies":[{"name":"wp","href":"https:\/\/api.w.org\/{rel}","templated":true}]}}