{"id":8925,"date":"2021-06-30T20:43:24","date_gmt":"2021-06-30T20:43:24","guid":{"rendered":"https:\/\/globalmedsonlineinc.com\/no\/?post_type=product&#038;p=8925"},"modified":"2024-02-21T11:11:26","modified_gmt":"2024-02-21T11:11:26","slug":"kjop-nembutal-piller-pa-nett","status":"publish","type":"product","link":"https:\/\/globalmedsonlineinc.com\/no\/product\/nembutal-pentobarbital\/kjop-nembutal-piller-pa-nett\/","title":{"rendered":"Kj\u00f8p Nembutal-piller p\u00e5 nett"},"content":{"rendered":"<h1 class=\"lRu31\" dir=\"ltr\"><span class=\"HwtZe\" lang=\"no\"><span class=\"jCAhz ChMk0b\"><span class=\"ryNqvb\">Nembutal-piller til salgs p\u00e5 nettet<\/span><\/span><\/span><\/h1>\n<p><a href=\"https:\/\/globalmedsonlineinc.com\/no\/product\/nembutal-pentobarbital\/buy-nembutal-pills-online\/\">Nembutal-piller til salgs p\u00e5 nettet<\/a>. Hos Nembutal Group kan du n\u00e5 bestille Nembutal-piller og utnytte dem p\u00e5 best mulig m\u00e5te for helsefordelene dine. Vi tar bestillingsdetaljene dine i betraktning og sender den samme <a href=\"https:\/\/no.wikipedia.org\/wiki\/Pentobarbital\">til<\/a> din nevnte destinasjon p\u00e5 en forsvarlig m\u00e5te. Ta kontakt med oss \u200b\u200bi dag og kj\u00f8p Nembutal-piller for salg til rimelige priser.<\/p>\n<p>Med v\u00e5rt utmerkede rykte i bransjen, tilbyr vi Nembutal-piller p\u00e5 en presis m\u00e5te. Vi f\u00f8lger et raskt og enkelt leveringssystem for v\u00e5re kunder for \u00e5 sikre at de mottar bestillingen s\u00e5 raskt som mulig. Vi pr\u00f8ver alltid v\u00e5rt beste for ikke \u00e5 f\u00e5 kundene v\u00e5re til \u00e5 vente p\u00e5 produktlevering.<\/p>\n<p>Siden vi er et spesialisert nettapotek, lar vi nesten ikke noe aspekt eller element v\u00e6re involvert i den jevne produktleveringen. Teamet v\u00e5rt overv\u00e5ker alt hver dag for ikke \u00e5 g\u00e5 glipp av noe. Vi \u00f8nsker at v\u00e5re verdifulle kunder skal f\u00e5 det beste for helsen deres.<\/p>\n<h6 class=\"tt\">Hva er rollen til Nembutal-piller i folks liv?<\/h6>\n<p>Nembutal-piller er ikke en hvilken som helst tilfeldig medisin som kan kj\u00f8pes fra et lokalt apotek eller apotek. Det er en f\u00f8rsteklasses medisin som brukes som et narkotikum for behandling av s\u00f8vnmangel hos mennesker. P\u00e5 sykehus og medisinske klinikker bruker leger og kirurger Nembutal-piller for \u00e5 indusere s\u00f8vn hos pasientene slik at de kan g\u00e5 videre med den medisinske prosedyren. Hvis du har noen bruk av Nembutal-piller, kan du koble deg til den beste nettbutikken i nettverdenen som er Online Nembutal Pharmacy. Her f\u00e5r du det beste av alt. Kommuniser med oss \u200b\u200bn\u00e5!<\/p>\n<h6 class=\"tt\">Kj\u00f8p Nembutal-tabletter online til beste pris fra v\u00e5rt beste nettapotek<\/h6>\n<p>P\u00e5 nettplattformen har kj\u00f8pet av Nembutal-tabletter blitt enkelt og praktisk for alle. Hvis du ogs\u00e5 \u00f8nsker \u00e5 kj\u00f8pe Nembutal-tabletter p\u00e5 nett, kan du koble til Nembutal-apoteket p\u00e5 nett. Apoteket v\u00e5rt er et dedikert, p\u00e5litelig og rimelig sted for deg \u00e5 fullf\u00f8re dine krav ang\u00e5ende Nembutal.<\/p>\n<p>Vi tror p\u00e5 kvalitetsprodukter og gir det samme til v\u00e5re kunder. Bestillingen om \u00e5 kj\u00f8pe Nembutal-tabletter online til beste pris vil bli oppfylt av oss innen en kort tidsramme. Vi f\u00e5r deg ikke til \u00e5 vente lenger. Forvent levering av produktene dine snart fra v\u00e5rt nettapotek. Vi har et diskret og trygt leveringssystem. Vi gir ikke rom for feil. Alle bestillingene utf\u00f8res profesjonelt her. Kj\u00f8p n\u00e5!<\/p>\n<h6>Nembutal-nettbrett \u2013 kjenn til trygge bruksomr\u00e5der med hjelp fra v\u00e5rt profesjonelle team<\/h6>\n<p>Nembutal-tabletter er mye brukt som medisin for behandling av s\u00f8vnl\u00f8shet, sedasjon og anfallstilstander. Vi har levert Nembutal-tabletter over hele verden i lang tid. I flere tilfeller bruker leger dette produktet som anestesi hos pasientene f\u00f8r de utf\u00f8rer noen operasjon p\u00e5 dem. For \u00e5 teste disse tablettene gj\u00f8r vi sporadiske tester for \u00e5 sikre effektiviteten av og til.<\/p>\n<p>Vi gir Nembutal-tabletter med en medisinguide. Dette hjelper kundene v\u00e5re med \u00e5 administrere riktig og forst\u00e5 riktig dose av denne medisinen i henhold til deres vekt, alder og medisinske tilstand. Vi anser ogs\u00e5 Nembutal-tabletter som de enkleste og beste medisinene for personer som lider av s\u00f8vnproblemer.<\/p>\n<p>Ekspertene v\u00e5re er tilgjengelige 24*7 for \u00e5 hjelpe deg med \u00e5 forst\u00e5 alt om bruken av Nembutal-tabletter. Prisene p\u00e5 v\u00e5re Nembutal-tabletter er rimelige av alle. Du trenger imidlertid ikke stresse over prisene p\u00e5 dette produktet. Bestill dine behov n\u00e5!<\/p>\n<h6 class=\"tt\">Kj\u00f8p Nembutal Pentobarbital online fra The Expert Pharmacy<\/h6>\n<p>Online Nembutal Pharmacy er den eneste p\u00e5litelige destinasjonen hvor du kan kj\u00f8pe Nembutal Pentobarbital online til de beste prisene tilgjengelig. I det \u00f8yeblikket vi mottar bestillingsdetaljene fra deg, vil det samme bli lagt inn i forberedelsesprosessen, etterfulgt av leveringen. V\u00e5re teammedlemmer vil pakke medisinene dine trygt og sende dem til deg innen kort tid. Du kan forvente det beste av alt fra oss ang\u00e5ende kvaliteten og rettidig levering av Nembutal Pentobarbital.<\/p>\n<h6 class=\"tt\">Hva b\u00f8r du kj\u00f8pe Nembutal Pentobarbital? Hvilket sted er det rette \u00e5 kj\u00f8pe det?<\/h6>\n<p>Nembutal Pentobarbital er et effektivt medikament som for det meste brukes i kombinasjon med andre resepter for \u00e5 kontrollere anfall. Hvis du har problemer relatert til anfall, er denne medisinen riktig for deg. Du kan leve hele dagen med stor energi uten \u00e5 bekymre deg for episoden med anfall. Det produserer sin innvirkning p\u00e5 ulike deler av hjernen som f\u00f8rer til ro i kroppen.<\/p>\n<p>Online Nembutal Pharmacy er det rette stedet for deg \u00e5 kj\u00f8pe Nembutal Pentobarbital online til beste pris. Denne medisinen selges her p\u00e5 best mulig helse og m\u00e5te. Alle legemidlene v\u00e5re er lab testet og g\u00e5r gjennom flere tester. Vi har knyttet til oss de beste medisinprodusentene over hele verden. Hvis du kj\u00f8per medisiner fra oss, er det ingen grunn til \u00e5 stresse med noe. Du vil garantert f\u00e5 det beste for helsen din!<\/p>\n<p>Nembutal-piller av god kvalitet p\u00e5 nettet: Det er fullstendig forst\u00e5tt at folk ikke raskt stoler p\u00e5 kvaliteten p\u00e5 nembutal-piller som selges p\u00e5 nettet fordi de ikke kan unders\u00f8ke det fysisk. Men det er ikke det samme med Online nembutal piller online leverand\u00f8rer. Produktene her er tro mot beskrivelsen med vedlikehold av h\u00f8y kvalitet utf\u00f8rt under tilsyn av eksperter.<\/p>\n<p>Rask &amp; Diskret frakt: Leveringen av nembutal-pillene p\u00e5 nett etter mottak av bestillingen skjer innenfor den lovede tidsrammen. Fraktteamet legger all sin innsats i \u00e5 gj\u00f8re frakt- og leveringsprosedyren jevn og rask. Du kan ogs\u00e5 forvente utmerkede tjenester n\u00e5r du kj\u00f8per nembutal-piller online fra profesjonelle p\u00e5 nettplattformen.<\/p>\n","protected":false},"excerpt":{"rendered":"<p><strong>Hvordan f\u00e5 kontakt med det beste nettapoteket for \u00e5 kj\u00f8pe Nembutal-piller p\u00e5 nettet?<\/strong><\/p>\n<p>Hvis du vil vite hvordan du kobler deg til det beste nettapoteket for \u00e5 kj\u00f8pe Nembutal-piller online, s\u00e5 er Pentobarbital Group alltid tilgjengelig for \u00e5 gi deg fullstendig st\u00f8tte. Vi er her for \u00e5 hjelpe deg med \u00e5 kj\u00f8pe Nembutal-piller online til beste pris. Du kan sende inn bestillingen her og vente p\u00e5 at den er fullf\u00f8rt i l\u00f8pet av et sp\u00f8rsm\u00e5l om tid. Vi vil ikke gj\u00f8re noen un\u00f8dvendige forsinkelser i leveringen. Ta kontakt i dag!<\/p>\n","protected":false},"featured_media":8964,"comment_status":"open","ping_status":"closed","template":"","meta":{"_acf_changed":false,"_monsterinsights_skip_tracking":false,"_monsterinsights_sitenote_active":false,"_monsterinsights_sitenote_note":"","_monsterinsights_sitenote_category":0},"product_brand":[],"product_cat":[87],"product_tag":[],"class_list":{"0":"post-8925","1":"product","2":"type-product","3":"status-publish","4":"has-post-thumbnail","6":"product_cat-nembutal-pentobarbital","8":"first","9":"instock","10":"featured","11":"shipping-taxable","12":"purchasable","13":"product-type-variable","14":"has-default-attributes"},"acf":[],"yoast_head":"<!-- This site is optimized with the Yoast SEO plugin v27.2 - https:\/\/yoast.com\/product\/yoast-seo-wordpress\/ -->\n<title>Nembutal-piller til salgs p\u00e5 nettet - Global Meds Inc.<\/title>\n<meta name=\"description\" content=\"Nembutal-piller til salgs p\u00e5 nettet. Vi selger Nembutal-piller av beste kvalitet. Kontakt oss gjerne for mer informasjon og priser.\" \/>\n<meta name=\"robots\" content=\"index, follow, max-snippet:-1, max-image-preview:large, max-video-preview:-1\" \/>\n<link rel=\"canonical\" href=\"https:\/\/globalmedsonlineinc.com\/no\/product\/nembutal-pentobarbital\/kjop-nembutal-piller-pa-nett\/\" \/>\n<meta property=\"og:locale\" content=\"nn_NO\" \/>\n<meta property=\"og:type\" content=\"article\" \/>\n<meta property=\"og:title\" content=\"Nembutal-piller til salgs p\u00e5 nettet - Global Meds Inc.\" \/>\n<meta property=\"og:description\" content=\"Nembutal-piller til salgs p\u00e5 nettet. Vi selger Nembutal-piller av beste kvalitet. Kontakt oss gjerne for mer informasjon og priser.\" \/>\n<meta property=\"og:url\" content=\"https:\/\/globalmedsonlineinc.com\/no\/product\/nembutal-pentobarbital\/kjop-nembutal-piller-pa-nett\/\" \/>\n<meta property=\"og:site_name\" content=\"Global Meds Inc\" \/>\n<meta property=\"article:modified_time\" content=\"2024-02-21T11:11:26+00:00\" \/>\n<meta property=\"og:image\" content=\"https:\/\/globalmedsonlineinc.com\/no\/content\/media\/uploads\/sites\/10\/2021\/06\/nembutal-pills.jpg\" \/>\n\t<meta property=\"og:image:width\" content=\"600\" \/>\n\t<meta property=\"og:image:height\" content=\"600\" \/>\n\t<meta property=\"og:image:type\" content=\"image\/jpeg\" \/>\n<meta name=\"twitter:card\" content=\"summary_large_image\" \/>\n<meta name=\"twitter:label1\" content=\"Est. reading time\" \/>\n\t<meta name=\"twitter:data1\" content=\"5 minutt\" \/>\n<script type=\"application\/ld+json\" class=\"yoast-schema-graph\">{\"@context\":\"https:\/\/schema.org\",\"@graph\":[{\"@type\":\"WebPage\",\"@id\":\"https:\/\/globalmedsonlineinc.com\/no\/product\/nembutal-pentobarbital\/kjop-nembutal-piller-pa-nett\/\",\"url\":\"https:\/\/globalmedsonlineinc.com\/no\/product\/nembutal-pentobarbital\/kjop-nembutal-piller-pa-nett\/\",\"name\":\"Nembutal-piller til salgs p\u00e5 nettet - Global Meds Inc.\",\"isPartOf\":{\"@id\":\"https:\/\/globalmedsonlineinc.com\/no\/#website\"},\"primaryImageOfPage\":{\"@id\":\"https:\/\/globalmedsonlineinc.com\/no\/product\/nembutal-pentobarbital\/kjop-nembutal-piller-pa-nett\/#primaryimage\"},\"image\":{\"@id\":\"https:\/\/globalmedsonlineinc.com\/no\/product\/nembutal-pentobarbital\/kjop-nembutal-piller-pa-nett\/#primaryimage\"},\"thumbnailUrl\":\"https:\/\/globalmedsonlineinc.com\/no\/content\/media\/uploads\/sites\/10\/2021\/06\/nembutal-pills.jpg\",\"datePublished\":\"2021-06-30T20:43:24+00:00\",\"dateModified\":\"2024-02-21T11:11:26+00:00\",\"description\":\"Nembutal-piller til salgs p\u00e5 nettet. Vi selger Nembutal-piller av beste kvalitet. Kontakt oss gjerne for mer informasjon og priser.\",\"breadcrumb\":{\"@id\":\"https:\/\/globalmedsonlineinc.com\/no\/product\/nembutal-pentobarbital\/kjop-nembutal-piller-pa-nett\/#breadcrumb\"},\"inLanguage\":\"nn-NO\",\"potentialAction\":[{\"@type\":\"ReadAction\",\"target\":[\"https:\/\/globalmedsonlineinc.com\/no\/product\/nembutal-pentobarbital\/kjop-nembutal-piller-pa-nett\/\"]}]},{\"@type\":\"ImageObject\",\"inLanguage\":\"nn-NO\",\"@id\":\"https:\/\/globalmedsonlineinc.com\/no\/product\/nembutal-pentobarbital\/kjop-nembutal-piller-pa-nett\/#primaryimage\",\"url\":\"https:\/\/globalmedsonlineinc.com\/no\/content\/media\/uploads\/sites\/10\/2021\/06\/nembutal-pills.jpg\",\"contentUrl\":\"https:\/\/globalmedsonlineinc.com\/no\/content\/media\/uploads\/sites\/10\/2021\/06\/nembutal-pills.jpg\",\"width\":600,\"height\":600,\"caption\":\"Nembutal-piller til salgs p\u00e5 nettet\"},{\"@type\":\"BreadcrumbList\",\"@id\":\"https:\/\/globalmedsonlineinc.com\/no\/product\/nembutal-pentobarbital\/kjop-nembutal-piller-pa-nett\/#breadcrumb\",\"itemListElement\":[{\"@type\":\"ListItem\",\"position\":1,\"name\":\"Home\",\"item\":\"https:\/\/globalmedsonlineinc.com\/no\/\"},{\"@type\":\"ListItem\",\"position\":2,\"name\":\"Produkter\",\"item\":\"https:\/\/globalmedsonlineinc.com\/no\/produkter\/\"},{\"@type\":\"ListItem\",\"position\":3,\"name\":\"Kj\u00f8p Nembutal-piller p\u00e5 nett\"}]},{\"@type\":\"WebSite\",\"@id\":\"https:\/\/globalmedsonlineinc.com\/no\/#website\",\"url\":\"https:\/\/globalmedsonlineinc.com\/no\/\",\"name\":\"Global Meds Inc\",\"description\":\"\",\"publisher\":{\"@id\":\"https:\/\/globalmedsonlineinc.com\/no\/#organization\"},\"potentialAction\":[{\"@type\":\"SearchAction\",\"target\":{\"@type\":\"EntryPoint\",\"urlTemplate\":\"https:\/\/globalmedsonlineinc.com\/no\/?s={search_term_string}\"},\"query-input\":{\"@type\":\"PropertyValueSpecification\",\"valueRequired\":true,\"valueName\":\"search_term_string\"}}],\"inLanguage\":\"nn-NO\"},{\"@type\":\"Organization\",\"@id\":\"https:\/\/globalmedsonlineinc.com\/no\/#organization\",\"name\":\"Global Meds Inc.\",\"url\":\"https:\/\/globalmedsonlineinc.com\/no\/\",\"logo\":{\"@type\":\"ImageObject\",\"inLanguage\":\"nn-NO\",\"@id\":\"https:\/\/globalmedsonlineinc.com\/no\/#\/schema\/logo\/image\/\",\"url\":\"https:\/\/globalmedsonlineinc.com\/no\/content\/media\/uploads\/sites\/10\/2021\/06\/globalmedsonlineincLogoShop20210630123730.00.png\",\"contentUrl\":\"https:\/\/globalmedsonlineinc.com\/no\/content\/media\/uploads\/sites\/10\/2021\/06\/globalmedsonlineincLogoShop20210630123730.00.png\",\"width\":450,\"height\":117,\"caption\":\"Global Meds Inc.\"},\"image\":{\"@id\":\"https:\/\/globalmedsonlineinc.com\/no\/#\/schema\/logo\/image\/\"}}]}<\/script>\n<!-- \/ Yoast SEO plugin. -->","yoast_head_json":{"title":"Nembutal-piller til salgs p\u00e5 nettet - Global Meds Inc.","description":"Nembutal-piller til salgs p\u00e5 nettet. Vi selger Nembutal-piller av beste kvalitet. Kontakt oss gjerne for mer informasjon og priser.","robots":{"index":"index","follow":"follow","max-snippet":"max-snippet:-1","max-image-preview":"max-image-preview:large","max-video-preview":"max-video-preview:-1"},"canonical":"https:\/\/globalmedsonlineinc.com\/no\/product\/nembutal-pentobarbital\/kjop-nembutal-piller-pa-nett\/","og_locale":"nn_NO","og_type":"article","og_title":"Nembutal-piller til salgs p\u00e5 nettet - Global Meds Inc.","og_description":"Nembutal-piller til salgs p\u00e5 nettet. Vi selger Nembutal-piller av beste kvalitet. Kontakt oss gjerne for mer informasjon og priser.","og_url":"https:\/\/globalmedsonlineinc.com\/no\/product\/nembutal-pentobarbital\/kjop-nembutal-piller-pa-nett\/","og_site_name":"Global Meds Inc","article_modified_time":"2024-02-21T11:11:26+00:00","og_image":[{"width":600,"height":600,"url":"https:\/\/globalmedsonlineinc.com\/no\/content\/media\/uploads\/sites\/10\/2021\/06\/nembutal-pills.jpg","type":"image\/jpeg"}],"twitter_card":"summary_large_image","twitter_misc":{"Est. reading time":"5 minutt"},"schema":{"@context":"https:\/\/schema.org","@graph":[{"@type":"WebPage","@id":"https:\/\/globalmedsonlineinc.com\/no\/product\/nembutal-pentobarbital\/kjop-nembutal-piller-pa-nett\/","url":"https:\/\/globalmedsonlineinc.com\/no\/product\/nembutal-pentobarbital\/kjop-nembutal-piller-pa-nett\/","name":"Nembutal-piller til salgs p\u00e5 nettet - Global Meds Inc.","isPartOf":{"@id":"https:\/\/globalmedsonlineinc.com\/no\/#website"},"primaryImageOfPage":{"@id":"https:\/\/globalmedsonlineinc.com\/no\/product\/nembutal-pentobarbital\/kjop-nembutal-piller-pa-nett\/#primaryimage"},"image":{"@id":"https:\/\/globalmedsonlineinc.com\/no\/product\/nembutal-pentobarbital\/kjop-nembutal-piller-pa-nett\/#primaryimage"},"thumbnailUrl":"https:\/\/globalmedsonlineinc.com\/no\/content\/media\/uploads\/sites\/10\/2021\/06\/nembutal-pills.jpg","datePublished":"2021-06-30T20:43:24+00:00","dateModified":"2024-02-21T11:11:26+00:00","description":"Nembutal-piller til salgs p\u00e5 nettet. Vi selger Nembutal-piller av beste kvalitet. Kontakt oss gjerne for mer informasjon og priser.","breadcrumb":{"@id":"https:\/\/globalmedsonlineinc.com\/no\/product\/nembutal-pentobarbital\/kjop-nembutal-piller-pa-nett\/#breadcrumb"},"inLanguage":"nn-NO","potentialAction":[{"@type":"ReadAction","target":["https:\/\/globalmedsonlineinc.com\/no\/product\/nembutal-pentobarbital\/kjop-nembutal-piller-pa-nett\/"]}]},{"@type":"ImageObject","inLanguage":"nn-NO","@id":"https:\/\/globalmedsonlineinc.com\/no\/product\/nembutal-pentobarbital\/kjop-nembutal-piller-pa-nett\/#primaryimage","url":"https:\/\/globalmedsonlineinc.com\/no\/content\/media\/uploads\/sites\/10\/2021\/06\/nembutal-pills.jpg","contentUrl":"https:\/\/globalmedsonlineinc.com\/no\/content\/media\/uploads\/sites\/10\/2021\/06\/nembutal-pills.jpg","width":600,"height":600,"caption":"Nembutal-piller til salgs p\u00e5 nettet"},{"@type":"BreadcrumbList","@id":"https:\/\/globalmedsonlineinc.com\/no\/product\/nembutal-pentobarbital\/kjop-nembutal-piller-pa-nett\/#breadcrumb","itemListElement":[{"@type":"ListItem","position":1,"name":"Home","item":"https:\/\/globalmedsonlineinc.com\/no\/"},{"@type":"ListItem","position":2,"name":"Produkter","item":"https:\/\/globalmedsonlineinc.com\/no\/produkter\/"},{"@type":"ListItem","position":3,"name":"Kj\u00f8p Nembutal-piller p\u00e5 nett"}]},{"@type":"WebSite","@id":"https:\/\/globalmedsonlineinc.com\/no\/#website","url":"https:\/\/globalmedsonlineinc.com\/no\/","name":"Global Meds Inc","description":"","publisher":{"@id":"https:\/\/globalmedsonlineinc.com\/no\/#organization"},"potentialAction":[{"@type":"SearchAction","target":{"@type":"EntryPoint","urlTemplate":"https:\/\/globalmedsonlineinc.com\/no\/?s={search_term_string}"},"query-input":{"@type":"PropertyValueSpecification","valueRequired":true,"valueName":"search_term_string"}}],"inLanguage":"nn-NO"},{"@type":"Organization","@id":"https:\/\/globalmedsonlineinc.com\/no\/#organization","name":"Global Meds Inc.","url":"https:\/\/globalmedsonlineinc.com\/no\/","logo":{"@type":"ImageObject","inLanguage":"nn-NO","@id":"https:\/\/globalmedsonlineinc.com\/no\/#\/schema\/logo\/image\/","url":"https:\/\/globalmedsonlineinc.com\/no\/content\/media\/uploads\/sites\/10\/2021\/06\/globalmedsonlineincLogoShop20210630123730.00.png","contentUrl":"https:\/\/globalmedsonlineinc.com\/no\/content\/media\/uploads\/sites\/10\/2021\/06\/globalmedsonlineincLogoShop20210630123730.00.png","width":450,"height":117,"caption":"Global Meds Inc."},"image":{"@id":"https:\/\/globalmedsonlineinc.com\/no\/#\/schema\/logo\/image\/"}}]}},"_links":{"self":[{"href":"https:\/\/globalmedsonlineinc.com\/no\/wp-json\/wp\/v2\/product\/8925","targetHints":{"allow":["GET"]}}],"collection":[{"href":"https:\/\/globalmedsonlineinc.com\/no\/wp-json\/wp\/v2\/product"}],"about":[{"href":"https:\/\/globalmedsonlineinc.com\/no\/wp-json\/wp\/v2\/types\/product"}],"replies":[{"embeddable":true,"href":"https:\/\/globalmedsonlineinc.com\/no\/wp-json\/wp\/v2\/comments?post=8925"}],"wp:featuredmedia":[{"embeddable":true,"href":"https:\/\/globalmedsonlineinc.com\/no\/wp-json\/wp\/v2\/media\/8964"}],"wp:attachment":[{"href":"https:\/\/globalmedsonlineinc.com\/no\/wp-json\/wp\/v2\/media?parent=8925"}],"wp:term":[{"taxonomy":"product_brand","embeddable":true,"href":"https:\/\/globalmedsonlineinc.com\/no\/wp-json\/wp\/v2\/product_brand?post=8925"},{"taxonomy":"product_cat","embeddable":true,"href":"https:\/\/globalmedsonlineinc.com\/no\/wp-json\/wp\/v2\/product_cat?post=8925"},{"taxonomy":"product_tag","embeddable":true,"href":"https:\/\/globalmedsonlineinc.com\/no\/wp-json\/wp\/v2\/product_tag?post=8925"}],"curies":[{"name":"wp","href":"https:\/\/api.w.org\/{rel}","templated":true}]}}