{"id":8924,"date":"2021-06-30T20:43:12","date_gmt":"2021-06-30T20:43:12","guid":{"rendered":"https:\/\/globalmedsonlineinc.com\/no\/?post_type=product&#038;p=8924"},"modified":"2024-02-21T11:12:57","modified_gmt":"2024-02-21T11:12:57","slug":"kjop-nembutal-kapsler-pa-nett","status":"publish","type":"product","link":"https:\/\/globalmedsonlineinc.com\/no\/product\/nembutal-pentobarbital\/kjop-nembutal-kapsler-pa-nett\/","title":{"rendered":"Kj\u00f8p Nembutal-kapsler p\u00e5 nett"},"content":{"rendered":"<h1><strong>Nembutal-kapsler til salgs p\u00e5 nettet<\/strong><\/h1>\n<p><a href=\"https:\/\/globalmedsonlineinc.com\/no\/product\/nembutal-pentobarbital\/buy-nembutal-capsules-online\/\">Nembutal-kapsler til salgs p\u00e5 nettet<\/a>. M\u00f8t de beste leverand\u00f8rene og forhandlerne av Nembutal-kapsler p\u00e5 v\u00e5rt nettbaserte Nembutal-apotek<\/p>\n<p>Finner du et p\u00e5litelig og profesjonelt nettapotek som kan hjelpe deg med \u00e5 kj\u00f8pe Nembutal Capsules online til den beste prisen? Hvis ja, s\u00e5 har du definitivt kommet til rett sted. Vi er et anerkjent nettapotek kjent under navnet Online Nembutal Pharmacy. Som de beste leverand\u00f8rene og leverand\u00f8rene p\u00e5 nettmarkedet, har vi f\u00e5tt mange lojale kunder som regelmessig kj\u00f8per Nembutal Capsules fra v\u00e5rt nettapotek.<\/p>\n<p>Selv om du kj\u00f8per Nembutal Capsules for f\u00f8rste gang fra v\u00e5rt nettapotek, ikke bekymre deg for noe. Du f\u00e5r bare det beste herfra. Vi er alltid her for \u00e5 hjelpe deg med \u00e5 kj\u00f8pe Nembutal-kapsler online p\u00e5 en praktisk m\u00e5te. Vi f\u00f8lger riktige bransjestandarder og gir v\u00e5re kunder produktene deres p\u00e5 samme m\u00e5te. Ingen <a href=\"https:\/\/en.wikipedia.org\/wiki\/Pentobarbital\">kompromiss<\/a> blir gjort med kvaliteten, emballasjen eller leveringen av Nembutal-kapslene fra nettapoteket <a href=\"https:\/\/no.wikipedia.org\/wiki\/Pentobarbital\">v\u00e5rt<\/a>. Hvis du ser frem til \u00e5 kj\u00f8pe Nembutal Capsules, s\u00e5 kontakt oss i dag og f\u00e5 dine behov oppfylt i l\u00f8pet av kort tid.<\/p>\n<p class=\"tt\"><strong>Hvorfor \u00e5 velge Nembutal-apotek p\u00e5 nett er den beste avgj\u00f8relsen for \u00e5 kj\u00f8pe Nembutal-kapsler?<\/strong><\/p>\n<p>Hvis du vil ha Nembutal-kapsler p\u00e5 en presis m\u00e5te med kvalitetssjekket og rask levering, s\u00e5 er det \u00e5 velge oss alltid det beste valget. Nembutal-apotek p\u00e5 nett selger Nembutal-kapsler av beste kvalitet til rimelige priser over hele verden. En ting som holder oss p\u00e5 sporet er at vi ikke bruker mellomledd i transaksjonsprosessen v\u00e5r. Vi kommuniserer direkte til kundene og fullf\u00f8rer bestillingen deres i tide.<\/p>\n<p>For \u00e5 ha jobbet i dette domenet over en lang periode, har vi blitt satt pris p\u00e5 av v\u00e5re kunder i form av positive anmeldelser og tilbakemeldinger. Teamet v\u00e5rt s\u00f8rger for at Nembutal Capsules n\u00e5r kundene p\u00e5 en trygg og sikker m\u00e5te. Med hvert produkt gir vi et vedlagt sett med instruksjoner. Disse instruksjonene vil hjelpe deg \u00e5 h\u00e5ndtere medisinen din p\u00e5 Nembutal-kapsler p\u00e5 en beskyttet m\u00e5te.<\/p>\n<p>V\u00e5re utmerkede tjenester er alltid tilgjengelige for deg. Du kan hente mer informasjon om medisinen p\u00e5 Nembutal-kapsler ved hjelp av v\u00e5rt nettapotek. Tidligere pleide folk \u00e5 slite med \u00e5 kj\u00f8pe Nembutal-kapsler. Men med fremgangen i tid har nettapoteket v\u00e5rt kommet med Nembutal-produkter. Du kan kj\u00f8pe dem n\u00e5r som helst, hvor som helst.<\/p>\n<p>Nembutal-kapsler av god kvalitet p\u00e5 nettet: Det er fullstendig forst\u00e5tt at folk ikke raskt stoler p\u00e5 kvaliteten p\u00e5 nembutal-kapsler som selges online, fordi de ikke kan unders\u00f8ke det fysisk. Men det er ikke det samme med Online nembutal kapsler online leverand\u00f8rer. Produktene her er tro mot beskrivelsen med vedlikehold av h\u00f8y kvalitet utf\u00f8rt under tilsyn av eksperter.<\/p>\n<p>Rask &amp; Diskret frakt: Leveringen av nembutal-kapslene p\u00e5 nett etter mottak av bestillingen skjer innenfor den lovede tidsrammen. Fraktteamet legger all sin innsats i \u00e5 gj\u00f8re frakt- og leveringsprosedyren jevn og rask. Du kan ogs\u00e5 forvente utmerkede tjenester n\u00e5r du kj\u00f8per nembutal-kapsler online fra profesjonelle p\u00e5 nettplattformen.<\/p>\n","protected":false},"excerpt":{"rendered":"<p><strong>Hvordan bestiller du Nembutal-kapsler p\u00e5 nettet?<\/strong><\/p>\n<p>P\u00e5 v\u00e5r offisielle nettside kan du legge til kravet ditt om \u00e5 kj\u00f8pe Nembutal-kapsler online til beste pris og f\u00e5 det gjort p\u00e5 kort tid. Din bestilling er v\u00e5rt ansvar. Kontakt oss i dag og f\u00e5 Nembutal Capsules til salgs p\u00e5 enkleste m\u00e5te!<\/p>\n","protected":false},"featured_media":8961,"comment_status":"closed","ping_status":"closed","template":"","meta":{"_acf_changed":false,"_monsterinsights_skip_tracking":false,"_monsterinsights_sitenote_active":false,"_monsterinsights_sitenote_note":"","_monsterinsights_sitenote_category":0},"product_brand":[],"product_cat":[87],"product_tag":[],"class_list":{"0":"post-8924","1":"product","2":"type-product","3":"status-publish","4":"has-post-thumbnail","6":"product_cat-nembutal-pentobarbital","8":"first","9":"instock","10":"featured","11":"shipping-taxable","12":"purchasable","13":"product-type-variable"},"acf":[],"yoast_head":"<!-- This site is optimized with the Yoast SEO plugin v27.2 - https:\/\/yoast.com\/product\/yoast-seo-wordpress\/ -->\n<title>Nembutal-kapsler til salgs p\u00e5 nettet | Global Meds Inc.<\/title>\n<meta name=\"description\" content=\"Nembutal-kapsler til salgs p\u00e5 nettet. Vi selger Nembutal-kapsler av beste kvalitet. Kontakt oss gjerne for mer informasjon og priser.\" \/>\n<meta name=\"robots\" content=\"index, follow, max-snippet:-1, max-image-preview:large, max-video-preview:-1\" \/>\n<link rel=\"canonical\" href=\"https:\/\/globalmedsonlineinc.com\/no\/product\/nembutal-pentobarbital\/kjop-nembutal-kapsler-pa-nett\/\" \/>\n<meta property=\"og:locale\" content=\"nn_NO\" \/>\n<meta property=\"og:type\" content=\"article\" \/>\n<meta property=\"og:title\" content=\"Nembutal-kapsler til salgs p\u00e5 nettet | Global Meds Inc.\" \/>\n<meta property=\"og:description\" content=\"Nembutal-kapsler til salgs p\u00e5 nettet. Vi selger Nembutal-kapsler av beste kvalitet. Kontakt oss gjerne for mer informasjon og priser.\" \/>\n<meta property=\"og:url\" content=\"https:\/\/globalmedsonlineinc.com\/no\/product\/nembutal-pentobarbital\/kjop-nembutal-kapsler-pa-nett\/\" \/>\n<meta property=\"og:site_name\" content=\"Global Meds Inc\" \/>\n<meta property=\"article:modified_time\" content=\"2024-02-21T11:12:57+00:00\" \/>\n<meta property=\"og:image\" content=\"https:\/\/globalmedsonlineinc.com\/no\/content\/media\/uploads\/sites\/10\/2021\/06\/nembutal-capsules.jpg\" \/>\n\t<meta property=\"og:image:width\" content=\"600\" \/>\n\t<meta property=\"og:image:height\" content=\"600\" \/>\n\t<meta property=\"og:image:type\" content=\"image\/jpeg\" \/>\n<meta name=\"twitter:card\" content=\"summary_large_image\" \/>\n<meta name=\"twitter:label1\" content=\"Est. reading time\" \/>\n\t<meta name=\"twitter:data1\" content=\"3 minutt\" \/>\n<script type=\"application\/ld+json\" class=\"yoast-schema-graph\">{\"@context\":\"https:\/\/schema.org\",\"@graph\":[{\"@type\":\"WebPage\",\"@id\":\"https:\/\/globalmedsonlineinc.com\/no\/product\/nembutal-pentobarbital\/kjop-nembutal-kapsler-pa-nett\/\",\"url\":\"https:\/\/globalmedsonlineinc.com\/no\/product\/nembutal-pentobarbital\/kjop-nembutal-kapsler-pa-nett\/\",\"name\":\"Nembutal-kapsler til salgs p\u00e5 nettet | Global Meds Inc.\",\"isPartOf\":{\"@id\":\"https:\/\/globalmedsonlineinc.com\/no\/#website\"},\"primaryImageOfPage\":{\"@id\":\"https:\/\/globalmedsonlineinc.com\/no\/product\/nembutal-pentobarbital\/kjop-nembutal-kapsler-pa-nett\/#primaryimage\"},\"image\":{\"@id\":\"https:\/\/globalmedsonlineinc.com\/no\/product\/nembutal-pentobarbital\/kjop-nembutal-kapsler-pa-nett\/#primaryimage\"},\"thumbnailUrl\":\"https:\/\/globalmedsonlineinc.com\/no\/content\/media\/uploads\/sites\/10\/2021\/06\/nembutal-capsules.jpg\",\"datePublished\":\"2021-06-30T20:43:12+00:00\",\"dateModified\":\"2024-02-21T11:12:57+00:00\",\"description\":\"Nembutal-kapsler til salgs p\u00e5 nettet. Vi selger Nembutal-kapsler av beste kvalitet. Kontakt oss gjerne for mer informasjon og priser.\",\"breadcrumb\":{\"@id\":\"https:\/\/globalmedsonlineinc.com\/no\/product\/nembutal-pentobarbital\/kjop-nembutal-kapsler-pa-nett\/#breadcrumb\"},\"inLanguage\":\"nn-NO\",\"potentialAction\":[{\"@type\":\"ReadAction\",\"target\":[\"https:\/\/globalmedsonlineinc.com\/no\/product\/nembutal-pentobarbital\/kjop-nembutal-kapsler-pa-nett\/\"]}]},{\"@type\":\"ImageObject\",\"inLanguage\":\"nn-NO\",\"@id\":\"https:\/\/globalmedsonlineinc.com\/no\/product\/nembutal-pentobarbital\/kjop-nembutal-kapsler-pa-nett\/#primaryimage\",\"url\":\"https:\/\/globalmedsonlineinc.com\/no\/content\/media\/uploads\/sites\/10\/2021\/06\/nembutal-capsules.jpg\",\"contentUrl\":\"https:\/\/globalmedsonlineinc.com\/no\/content\/media\/uploads\/sites\/10\/2021\/06\/nembutal-capsules.jpg\",\"width\":600,\"height\":600,\"caption\":\"Nembutal-kapsler til salgs p\u00e5 nettet\"},{\"@type\":\"BreadcrumbList\",\"@id\":\"https:\/\/globalmedsonlineinc.com\/no\/product\/nembutal-pentobarbital\/kjop-nembutal-kapsler-pa-nett\/#breadcrumb\",\"itemListElement\":[{\"@type\":\"ListItem\",\"position\":1,\"name\":\"Home\",\"item\":\"https:\/\/globalmedsonlineinc.com\/no\/\"},{\"@type\":\"ListItem\",\"position\":2,\"name\":\"Produkter\",\"item\":\"https:\/\/globalmedsonlineinc.com\/no\/produkter\/\"},{\"@type\":\"ListItem\",\"position\":3,\"name\":\"Kj\u00f8p Nembutal-kapsler p\u00e5 nett\"}]},{\"@type\":\"WebSite\",\"@id\":\"https:\/\/globalmedsonlineinc.com\/no\/#website\",\"url\":\"https:\/\/globalmedsonlineinc.com\/no\/\",\"name\":\"Global Meds Inc\",\"description\":\"\",\"publisher\":{\"@id\":\"https:\/\/globalmedsonlineinc.com\/no\/#organization\"},\"potentialAction\":[{\"@type\":\"SearchAction\",\"target\":{\"@type\":\"EntryPoint\",\"urlTemplate\":\"https:\/\/globalmedsonlineinc.com\/no\/?s={search_term_string}\"},\"query-input\":{\"@type\":\"PropertyValueSpecification\",\"valueRequired\":true,\"valueName\":\"search_term_string\"}}],\"inLanguage\":\"nn-NO\"},{\"@type\":\"Organization\",\"@id\":\"https:\/\/globalmedsonlineinc.com\/no\/#organization\",\"name\":\"Global Meds Inc.\",\"url\":\"https:\/\/globalmedsonlineinc.com\/no\/\",\"logo\":{\"@type\":\"ImageObject\",\"inLanguage\":\"nn-NO\",\"@id\":\"https:\/\/globalmedsonlineinc.com\/no\/#\/schema\/logo\/image\/\",\"url\":\"https:\/\/globalmedsonlineinc.com\/no\/content\/media\/uploads\/sites\/10\/2021\/06\/globalmedsonlineincLogoShop20210630123730.00.png\",\"contentUrl\":\"https:\/\/globalmedsonlineinc.com\/no\/content\/media\/uploads\/sites\/10\/2021\/06\/globalmedsonlineincLogoShop20210630123730.00.png\",\"width\":450,\"height\":117,\"caption\":\"Global Meds Inc.\"},\"image\":{\"@id\":\"https:\/\/globalmedsonlineinc.com\/no\/#\/schema\/logo\/image\/\"}}]}<\/script>\n<!-- \/ Yoast SEO plugin. -->","yoast_head_json":{"title":"Nembutal-kapsler til salgs p\u00e5 nettet | Global Meds Inc.","description":"Nembutal-kapsler til salgs p\u00e5 nettet. Vi selger Nembutal-kapsler av beste kvalitet. Kontakt oss gjerne for mer informasjon og priser.","robots":{"index":"index","follow":"follow","max-snippet":"max-snippet:-1","max-image-preview":"max-image-preview:large","max-video-preview":"max-video-preview:-1"},"canonical":"https:\/\/globalmedsonlineinc.com\/no\/product\/nembutal-pentobarbital\/kjop-nembutal-kapsler-pa-nett\/","og_locale":"nn_NO","og_type":"article","og_title":"Nembutal-kapsler til salgs p\u00e5 nettet | Global Meds Inc.","og_description":"Nembutal-kapsler til salgs p\u00e5 nettet. Vi selger Nembutal-kapsler av beste kvalitet. Kontakt oss gjerne for mer informasjon og priser.","og_url":"https:\/\/globalmedsonlineinc.com\/no\/product\/nembutal-pentobarbital\/kjop-nembutal-kapsler-pa-nett\/","og_site_name":"Global Meds Inc","article_modified_time":"2024-02-21T11:12:57+00:00","og_image":[{"width":600,"height":600,"url":"https:\/\/globalmedsonlineinc.com\/no\/content\/media\/uploads\/sites\/10\/2021\/06\/nembutal-capsules.jpg","type":"image\/jpeg"}],"twitter_card":"summary_large_image","twitter_misc":{"Est. reading time":"3 minutt"},"schema":{"@context":"https:\/\/schema.org","@graph":[{"@type":"WebPage","@id":"https:\/\/globalmedsonlineinc.com\/no\/product\/nembutal-pentobarbital\/kjop-nembutal-kapsler-pa-nett\/","url":"https:\/\/globalmedsonlineinc.com\/no\/product\/nembutal-pentobarbital\/kjop-nembutal-kapsler-pa-nett\/","name":"Nembutal-kapsler til salgs p\u00e5 nettet | Global Meds Inc.","isPartOf":{"@id":"https:\/\/globalmedsonlineinc.com\/no\/#website"},"primaryImageOfPage":{"@id":"https:\/\/globalmedsonlineinc.com\/no\/product\/nembutal-pentobarbital\/kjop-nembutal-kapsler-pa-nett\/#primaryimage"},"image":{"@id":"https:\/\/globalmedsonlineinc.com\/no\/product\/nembutal-pentobarbital\/kjop-nembutal-kapsler-pa-nett\/#primaryimage"},"thumbnailUrl":"https:\/\/globalmedsonlineinc.com\/no\/content\/media\/uploads\/sites\/10\/2021\/06\/nembutal-capsules.jpg","datePublished":"2021-06-30T20:43:12+00:00","dateModified":"2024-02-21T11:12:57+00:00","description":"Nembutal-kapsler til salgs p\u00e5 nettet. Vi selger Nembutal-kapsler av beste kvalitet. Kontakt oss gjerne for mer informasjon og priser.","breadcrumb":{"@id":"https:\/\/globalmedsonlineinc.com\/no\/product\/nembutal-pentobarbital\/kjop-nembutal-kapsler-pa-nett\/#breadcrumb"},"inLanguage":"nn-NO","potentialAction":[{"@type":"ReadAction","target":["https:\/\/globalmedsonlineinc.com\/no\/product\/nembutal-pentobarbital\/kjop-nembutal-kapsler-pa-nett\/"]}]},{"@type":"ImageObject","inLanguage":"nn-NO","@id":"https:\/\/globalmedsonlineinc.com\/no\/product\/nembutal-pentobarbital\/kjop-nembutal-kapsler-pa-nett\/#primaryimage","url":"https:\/\/globalmedsonlineinc.com\/no\/content\/media\/uploads\/sites\/10\/2021\/06\/nembutal-capsules.jpg","contentUrl":"https:\/\/globalmedsonlineinc.com\/no\/content\/media\/uploads\/sites\/10\/2021\/06\/nembutal-capsules.jpg","width":600,"height":600,"caption":"Nembutal-kapsler til salgs p\u00e5 nettet"},{"@type":"BreadcrumbList","@id":"https:\/\/globalmedsonlineinc.com\/no\/product\/nembutal-pentobarbital\/kjop-nembutal-kapsler-pa-nett\/#breadcrumb","itemListElement":[{"@type":"ListItem","position":1,"name":"Home","item":"https:\/\/globalmedsonlineinc.com\/no\/"},{"@type":"ListItem","position":2,"name":"Produkter","item":"https:\/\/globalmedsonlineinc.com\/no\/produkter\/"},{"@type":"ListItem","position":3,"name":"Kj\u00f8p Nembutal-kapsler p\u00e5 nett"}]},{"@type":"WebSite","@id":"https:\/\/globalmedsonlineinc.com\/no\/#website","url":"https:\/\/globalmedsonlineinc.com\/no\/","name":"Global Meds Inc","description":"","publisher":{"@id":"https:\/\/globalmedsonlineinc.com\/no\/#organization"},"potentialAction":[{"@type":"SearchAction","target":{"@type":"EntryPoint","urlTemplate":"https:\/\/globalmedsonlineinc.com\/no\/?s={search_term_string}"},"query-input":{"@type":"PropertyValueSpecification","valueRequired":true,"valueName":"search_term_string"}}],"inLanguage":"nn-NO"},{"@type":"Organization","@id":"https:\/\/globalmedsonlineinc.com\/no\/#organization","name":"Global Meds Inc.","url":"https:\/\/globalmedsonlineinc.com\/no\/","logo":{"@type":"ImageObject","inLanguage":"nn-NO","@id":"https:\/\/globalmedsonlineinc.com\/no\/#\/schema\/logo\/image\/","url":"https:\/\/globalmedsonlineinc.com\/no\/content\/media\/uploads\/sites\/10\/2021\/06\/globalmedsonlineincLogoShop20210630123730.00.png","contentUrl":"https:\/\/globalmedsonlineinc.com\/no\/content\/media\/uploads\/sites\/10\/2021\/06\/globalmedsonlineincLogoShop20210630123730.00.png","width":450,"height":117,"caption":"Global Meds Inc."},"image":{"@id":"https:\/\/globalmedsonlineinc.com\/no\/#\/schema\/logo\/image\/"}}]}},"_links":{"self":[{"href":"https:\/\/globalmedsonlineinc.com\/no\/wp-json\/wp\/v2\/product\/8924","targetHints":{"allow":["GET"]}}],"collection":[{"href":"https:\/\/globalmedsonlineinc.com\/no\/wp-json\/wp\/v2\/product"}],"about":[{"href":"https:\/\/globalmedsonlineinc.com\/no\/wp-json\/wp\/v2\/types\/product"}],"replies":[{"embeddable":true,"href":"https:\/\/globalmedsonlineinc.com\/no\/wp-json\/wp\/v2\/comments?post=8924"}],"wp:featuredmedia":[{"embeddable":true,"href":"https:\/\/globalmedsonlineinc.com\/no\/wp-json\/wp\/v2\/media\/8961"}],"wp:attachment":[{"href":"https:\/\/globalmedsonlineinc.com\/no\/wp-json\/wp\/v2\/media?parent=8924"}],"wp:term":[{"taxonomy":"product_brand","embeddable":true,"href":"https:\/\/globalmedsonlineinc.com\/no\/wp-json\/wp\/v2\/product_brand?post=8924"},{"taxonomy":"product_cat","embeddable":true,"href":"https:\/\/globalmedsonlineinc.com\/no\/wp-json\/wp\/v2\/product_cat?post=8924"},{"taxonomy":"product_tag","embeddable":true,"href":"https:\/\/globalmedsonlineinc.com\/no\/wp-json\/wp\/v2\/product_tag?post=8924"}],"curies":[{"name":"wp","href":"https:\/\/api.w.org\/{rel}","templated":true}]}}