{"id":8921,"date":"2021-06-30T20:42:49","date_gmt":"2021-06-30T20:42:49","guid":{"rendered":"https:\/\/globalmedsonlineinc.com\/no\/?post_type=product&#038;p=8921"},"modified":"2024-02-21T11:19:14","modified_gmt":"2024-02-21T11:19:14","slug":"brallobarbital-vesparax","status":"publish","type":"product","link":"https:\/\/globalmedsonlineinc.com\/no\/product\/nembutal-pentobarbital\/brallobarbital-vesparax\/","title":{"rendered":"Kj\u00f8p Brallobarbital (Vesparax) p\u00e5 nett"},"content":{"rendered":"<h1 class=\"lRu31\" dir=\"ltr\"><span class=\"HwtZe\" lang=\"no\"><span class=\"jCAhz ChMk0b\"><span class=\"ryNqvb\">Brallobarbital piller til salgs p\u00e5 nett uten resept<\/span><\/span><\/span><\/h1>\n<div dir=\"ltr\"><\/div>\n<div class=\"lRu31\" dir=\"ltr\"><span class=\"HwtZe\" lang=\"no\"><span class=\"jCAhz ChMk0b\"><span class=\"ryNqvb\"><a href=\"https:\/\/globalmedsonlineinc.com\/no\/product\/nembutal-pentobarbital\/brallobarbital-vesparax\/\">Brallobarbital piller til salgs<\/a> p\u00e5 nett uten resept. <\/span><\/span><\/span><span style=\"font-size: 1rem\">Kj\u00f8p Brallobarbital (Vesparax) online fra det profesjonelle apoteket<\/span><\/div>\n<p>Nettbasert Nembutal-apotek h\u00e5ndterer Brallobarbital (Vesparax) p\u00e5 nettplattformen og leverer det innen tidsrammen til kunder som har lagt inn en bestilling p\u00e5 det. Vi er et profesjonelt nettapotek hvor du kan kj\u00f8pe Vesparax online til de beste prisene tilgjengelig. Prisene v\u00e5re er makel\u00f8se og rimelige av alle. Vi har ogs\u00e5 et team <a href=\"https:\/\/en.wikipedia.org\/wiki\/Brallobarbital\">som<\/a> vil oppfylle dine behov og krav ang\u00e5ende Nembutal Brallobarbital p\u00e5 en praktisk m\u00e5te. Du kan n\u00e5 effektivt kj\u00f8pe Nembutal Brallobarbital fra apoteket v\u00e5rt og motta det innen kort tid p\u00e5 d\u00f8rstokken.<\/p>\n<h6 class=\"tt\">Hva er Brallobarbital (Vesparax) og hva er bruken av det?<\/h6>\n<p>Vesparax er ansett som en atypisk antipsykotisk medisin. Det fungerer <a href=\"https:\/\/no.wikipedia.org\/wiki\/Barbiturat\">ved<\/a> \u00e5 endre aktivitetene til kjemikaliene som finnes i hjernen. Dette legemidlet er funnet egnet til \u00e5 brukes av kun voksne og b\u00f8r ikke gis til noen under 18 \u00e5r.<\/p>\n<h6><strong>Bruk av Vesparax inkluderer f\u00f8lgende:<\/strong><\/h6>\n<ul>\n<li>Hjelper med behandling av schizofreni hos voksne og barn<\/li>\n<li>Indikert for behandling av bipolar lidelse hos voksne og barn<\/li>\n<li>brukes i kombinasjon med antidepressiva for \u00e5 behandle alvorlig depressiv lidelse hos voksneBrallobarbital (Vesparax) av god kvalitet p\u00e5 nettet: Det er fullstendig forst\u00e5tt at folk ikke raskt stoler p\u00e5 kvaliteten p\u00e5 Brallobarbital online som selges p\u00e5 nettet fordi de ikke kan unders\u00f8ke det fysisk. Men det er ikke det samme med Online Brallobarbital nettleverand\u00f8rer. Produktene her er tro mot beskrivelsen med vedlikehold av h\u00f8y kvalitet utf\u00f8rt under tilsyn av eksperter.\n<p>Rask &amp; Diskret frakt: Leveringen av Brallobarbital p\u00e5 nett etter \u00e5 ha mottatt bestillingen skjer innen den lovede tidsrammen. Fraktteamet legger all sin innsats i \u00e5 gj\u00f8re frakt- og leveringsprosedyren jevn og rask. Du kan ogs\u00e5 forvente utmerkede tjenester n\u00e5r du kj\u00f8per Brallobarbital online fra profesjonelle p\u00e5 nettplattformen.<\/li>\n<\/ul>\n\n","protected":false},"excerpt":{"rendered":"<p><strong>Kom i kontakt med Nembutal-apoteket p\u00e5 nett<\/strong><\/p>\n<p>Online Nembutal Pharmacy er n\u00e5 bare et klikk unna! Du kan ringe oss, sende tekstmeldinger eller en e-post for \u00e5 f\u00e5 l\u00f8st sp\u00f8rsm\u00e5lene dine. Vi vil garantert utf\u00f8re bestillingen din innen den lovede tidsperioden. Trykk p\u00e5 bestillingen din for \u00e5 kj\u00f8pe Vesparax online n\u00e5!<\/p>\n","protected":false},"featured_media":8952,"comment_status":"open","ping_status":"closed","template":"","meta":{"_acf_changed":false,"_monsterinsights_skip_tracking":false,"_monsterinsights_sitenote_active":false,"_monsterinsights_sitenote_note":"","_monsterinsights_sitenote_category":0},"product_brand":[],"product_cat":[87],"product_tag":[],"class_list":{"0":"post-8921","1":"product","2":"type-product","3":"status-publish","4":"has-post-thumbnail","6":"product_cat-nembutal-pentobarbital","8":"first","9":"instock","10":"shipping-taxable","11":"purchasable","12":"product-type-variable","13":"has-default-attributes"},"acf":[],"yoast_head":"<!-- This site is optimized with the Yoast SEO plugin v27.2 - https:\/\/yoast.com\/product\/yoast-seo-wordpress\/ -->\n<title>Brallobarbital piller til salgs p\u00e5 nett uten resept | Global Meds Inc.<\/title>\n<meta name=\"description\" content=\"Brallobarbital piller til salgs p\u00e5 nett uten resept. Vi selger brallobarbital-piller av beste kvalitet. Kontakt oss gjerne for mer informasjon og priser.\" \/>\n<meta name=\"robots\" content=\"index, follow, max-snippet:-1, max-image-preview:large, max-video-preview:-1\" \/>\n<link rel=\"canonical\" href=\"https:\/\/globalmedsonlineinc.com\/no\/product\/nembutal-pentobarbital\/brallobarbital-vesparax\/\" \/>\n<meta property=\"og:locale\" content=\"nn_NO\" \/>\n<meta property=\"og:type\" content=\"article\" \/>\n<meta property=\"og:title\" content=\"Brallobarbital piller til salgs p\u00e5 nett uten resept | Global Meds Inc.\" \/>\n<meta property=\"og:description\" content=\"Brallobarbital piller til salgs p\u00e5 nett uten resept. Vi selger brallobarbital-piller av beste kvalitet. Kontakt oss gjerne for mer informasjon og priser.\" \/>\n<meta property=\"og:url\" content=\"https:\/\/globalmedsonlineinc.com\/no\/product\/nembutal-pentobarbital\/brallobarbital-vesparax\/\" \/>\n<meta property=\"og:site_name\" content=\"Global Meds Inc\" \/>\n<meta property=\"article:modified_time\" content=\"2024-02-21T11:19:14+00:00\" \/>\n<meta property=\"og:image\" content=\"https:\/\/globalmedsonlineinc.com\/no\/content\/media\/uploads\/sites\/10\/2021\/06\/brallobarbital-Vesparax.jpg\" \/>\n\t<meta property=\"og:image:width\" content=\"600\" \/>\n\t<meta property=\"og:image:height\" content=\"600\" \/>\n\t<meta property=\"og:image:type\" content=\"image\/jpeg\" \/>\n<meta name=\"twitter:card\" content=\"summary_large_image\" \/>\n<meta name=\"twitter:label1\" content=\"Est. reading time\" \/>\n\t<meta name=\"twitter:data1\" content=\"2 minutt\" \/>\n<script type=\"application\/ld+json\" class=\"yoast-schema-graph\">{\"@context\":\"https:\/\/schema.org\",\"@graph\":[{\"@type\":\"WebPage\",\"@id\":\"https:\/\/globalmedsonlineinc.com\/no\/product\/nembutal-pentobarbital\/brallobarbital-vesparax\/\",\"url\":\"https:\/\/globalmedsonlineinc.com\/no\/product\/nembutal-pentobarbital\/brallobarbital-vesparax\/\",\"name\":\"Brallobarbital piller til salgs p\u00e5 nett uten resept | Global Meds Inc.\",\"isPartOf\":{\"@id\":\"https:\/\/globalmedsonlineinc.com\/no\/#website\"},\"primaryImageOfPage\":{\"@id\":\"https:\/\/globalmedsonlineinc.com\/no\/product\/nembutal-pentobarbital\/brallobarbital-vesparax\/#primaryimage\"},\"image\":{\"@id\":\"https:\/\/globalmedsonlineinc.com\/no\/product\/nembutal-pentobarbital\/brallobarbital-vesparax\/#primaryimage\"},\"thumbnailUrl\":\"https:\/\/globalmedsonlineinc.com\/no\/content\/media\/uploads\/sites\/10\/2021\/06\/brallobarbital-Vesparax.jpg\",\"datePublished\":\"2021-06-30T20:42:49+00:00\",\"dateModified\":\"2024-02-21T11:19:14+00:00\",\"description\":\"Brallobarbital piller til salgs p\u00e5 nett uten resept. Vi selger brallobarbital-piller av beste kvalitet. Kontakt oss gjerne for mer informasjon og priser.\",\"breadcrumb\":{\"@id\":\"https:\/\/globalmedsonlineinc.com\/no\/product\/nembutal-pentobarbital\/brallobarbital-vesparax\/#breadcrumb\"},\"inLanguage\":\"nn-NO\",\"potentialAction\":[{\"@type\":\"ReadAction\",\"target\":[\"https:\/\/globalmedsonlineinc.com\/no\/product\/nembutal-pentobarbital\/brallobarbital-vesparax\/\"]}]},{\"@type\":\"ImageObject\",\"inLanguage\":\"nn-NO\",\"@id\":\"https:\/\/globalmedsonlineinc.com\/no\/product\/nembutal-pentobarbital\/brallobarbital-vesparax\/#primaryimage\",\"url\":\"https:\/\/globalmedsonlineinc.com\/no\/content\/media\/uploads\/sites\/10\/2021\/06\/brallobarbital-Vesparax.jpg\",\"contentUrl\":\"https:\/\/globalmedsonlineinc.com\/no\/content\/media\/uploads\/sites\/10\/2021\/06\/brallobarbital-Vesparax.jpg\",\"width\":600,\"height\":600,\"caption\":\"Brallobarbital piller til salgs p\u00e5 nett uten resept\"},{\"@type\":\"BreadcrumbList\",\"@id\":\"https:\/\/globalmedsonlineinc.com\/no\/product\/nembutal-pentobarbital\/brallobarbital-vesparax\/#breadcrumb\",\"itemListElement\":[{\"@type\":\"ListItem\",\"position\":1,\"name\":\"Home\",\"item\":\"https:\/\/globalmedsonlineinc.com\/no\/\"},{\"@type\":\"ListItem\",\"position\":2,\"name\":\"Produkter\",\"item\":\"https:\/\/globalmedsonlineinc.com\/no\/produkter\/\"},{\"@type\":\"ListItem\",\"position\":3,\"name\":\"Kj\u00f8p Brallobarbital (Vesparax) p\u00e5 nett\"}]},{\"@type\":\"WebSite\",\"@id\":\"https:\/\/globalmedsonlineinc.com\/no\/#website\",\"url\":\"https:\/\/globalmedsonlineinc.com\/no\/\",\"name\":\"Global Meds Inc\",\"description\":\"\",\"publisher\":{\"@id\":\"https:\/\/globalmedsonlineinc.com\/no\/#organization\"},\"potentialAction\":[{\"@type\":\"SearchAction\",\"target\":{\"@type\":\"EntryPoint\",\"urlTemplate\":\"https:\/\/globalmedsonlineinc.com\/no\/?s={search_term_string}\"},\"query-input\":{\"@type\":\"PropertyValueSpecification\",\"valueRequired\":true,\"valueName\":\"search_term_string\"}}],\"inLanguage\":\"nn-NO\"},{\"@type\":\"Organization\",\"@id\":\"https:\/\/globalmedsonlineinc.com\/no\/#organization\",\"name\":\"Global Meds Inc.\",\"url\":\"https:\/\/globalmedsonlineinc.com\/no\/\",\"logo\":{\"@type\":\"ImageObject\",\"inLanguage\":\"nn-NO\",\"@id\":\"https:\/\/globalmedsonlineinc.com\/no\/#\/schema\/logo\/image\/\",\"url\":\"https:\/\/globalmedsonlineinc.com\/no\/content\/media\/uploads\/sites\/10\/2021\/06\/globalmedsonlineincLogoShop20210630123730.00.png\",\"contentUrl\":\"https:\/\/globalmedsonlineinc.com\/no\/content\/media\/uploads\/sites\/10\/2021\/06\/globalmedsonlineincLogoShop20210630123730.00.png\",\"width\":450,\"height\":117,\"caption\":\"Global Meds Inc.\"},\"image\":{\"@id\":\"https:\/\/globalmedsonlineinc.com\/no\/#\/schema\/logo\/image\/\"}}]}<\/script>\n<!-- \/ Yoast SEO plugin. -->","yoast_head_json":{"title":"Brallobarbital piller til salgs p\u00e5 nett uten resept | Global Meds Inc.","description":"Brallobarbital piller til salgs p\u00e5 nett uten resept. Vi selger brallobarbital-piller av beste kvalitet. Kontakt oss gjerne for mer informasjon og priser.","robots":{"index":"index","follow":"follow","max-snippet":"max-snippet:-1","max-image-preview":"max-image-preview:large","max-video-preview":"max-video-preview:-1"},"canonical":"https:\/\/globalmedsonlineinc.com\/no\/product\/nembutal-pentobarbital\/brallobarbital-vesparax\/","og_locale":"nn_NO","og_type":"article","og_title":"Brallobarbital piller til salgs p\u00e5 nett uten resept | Global Meds Inc.","og_description":"Brallobarbital piller til salgs p\u00e5 nett uten resept. Vi selger brallobarbital-piller av beste kvalitet. Kontakt oss gjerne for mer informasjon og priser.","og_url":"https:\/\/globalmedsonlineinc.com\/no\/product\/nembutal-pentobarbital\/brallobarbital-vesparax\/","og_site_name":"Global Meds Inc","article_modified_time":"2024-02-21T11:19:14+00:00","og_image":[{"width":600,"height":600,"url":"https:\/\/globalmedsonlineinc.com\/no\/content\/media\/uploads\/sites\/10\/2021\/06\/brallobarbital-Vesparax.jpg","type":"image\/jpeg"}],"twitter_card":"summary_large_image","twitter_misc":{"Est. reading time":"2 minutt"},"schema":{"@context":"https:\/\/schema.org","@graph":[{"@type":"WebPage","@id":"https:\/\/globalmedsonlineinc.com\/no\/product\/nembutal-pentobarbital\/brallobarbital-vesparax\/","url":"https:\/\/globalmedsonlineinc.com\/no\/product\/nembutal-pentobarbital\/brallobarbital-vesparax\/","name":"Brallobarbital piller til salgs p\u00e5 nett uten resept | Global Meds Inc.","isPartOf":{"@id":"https:\/\/globalmedsonlineinc.com\/no\/#website"},"primaryImageOfPage":{"@id":"https:\/\/globalmedsonlineinc.com\/no\/product\/nembutal-pentobarbital\/brallobarbital-vesparax\/#primaryimage"},"image":{"@id":"https:\/\/globalmedsonlineinc.com\/no\/product\/nembutal-pentobarbital\/brallobarbital-vesparax\/#primaryimage"},"thumbnailUrl":"https:\/\/globalmedsonlineinc.com\/no\/content\/media\/uploads\/sites\/10\/2021\/06\/brallobarbital-Vesparax.jpg","datePublished":"2021-06-30T20:42:49+00:00","dateModified":"2024-02-21T11:19:14+00:00","description":"Brallobarbital piller til salgs p\u00e5 nett uten resept. Vi selger brallobarbital-piller av beste kvalitet. Kontakt oss gjerne for mer informasjon og priser.","breadcrumb":{"@id":"https:\/\/globalmedsonlineinc.com\/no\/product\/nembutal-pentobarbital\/brallobarbital-vesparax\/#breadcrumb"},"inLanguage":"nn-NO","potentialAction":[{"@type":"ReadAction","target":["https:\/\/globalmedsonlineinc.com\/no\/product\/nembutal-pentobarbital\/brallobarbital-vesparax\/"]}]},{"@type":"ImageObject","inLanguage":"nn-NO","@id":"https:\/\/globalmedsonlineinc.com\/no\/product\/nembutal-pentobarbital\/brallobarbital-vesparax\/#primaryimage","url":"https:\/\/globalmedsonlineinc.com\/no\/content\/media\/uploads\/sites\/10\/2021\/06\/brallobarbital-Vesparax.jpg","contentUrl":"https:\/\/globalmedsonlineinc.com\/no\/content\/media\/uploads\/sites\/10\/2021\/06\/brallobarbital-Vesparax.jpg","width":600,"height":600,"caption":"Brallobarbital piller til salgs p\u00e5 nett uten resept"},{"@type":"BreadcrumbList","@id":"https:\/\/globalmedsonlineinc.com\/no\/product\/nembutal-pentobarbital\/brallobarbital-vesparax\/#breadcrumb","itemListElement":[{"@type":"ListItem","position":1,"name":"Home","item":"https:\/\/globalmedsonlineinc.com\/no\/"},{"@type":"ListItem","position":2,"name":"Produkter","item":"https:\/\/globalmedsonlineinc.com\/no\/produkter\/"},{"@type":"ListItem","position":3,"name":"Kj\u00f8p Brallobarbital (Vesparax) p\u00e5 nett"}]},{"@type":"WebSite","@id":"https:\/\/globalmedsonlineinc.com\/no\/#website","url":"https:\/\/globalmedsonlineinc.com\/no\/","name":"Global Meds Inc","description":"","publisher":{"@id":"https:\/\/globalmedsonlineinc.com\/no\/#organization"},"potentialAction":[{"@type":"SearchAction","target":{"@type":"EntryPoint","urlTemplate":"https:\/\/globalmedsonlineinc.com\/no\/?s={search_term_string}"},"query-input":{"@type":"PropertyValueSpecification","valueRequired":true,"valueName":"search_term_string"}}],"inLanguage":"nn-NO"},{"@type":"Organization","@id":"https:\/\/globalmedsonlineinc.com\/no\/#organization","name":"Global Meds Inc.","url":"https:\/\/globalmedsonlineinc.com\/no\/","logo":{"@type":"ImageObject","inLanguage":"nn-NO","@id":"https:\/\/globalmedsonlineinc.com\/no\/#\/schema\/logo\/image\/","url":"https:\/\/globalmedsonlineinc.com\/no\/content\/media\/uploads\/sites\/10\/2021\/06\/globalmedsonlineincLogoShop20210630123730.00.png","contentUrl":"https:\/\/globalmedsonlineinc.com\/no\/content\/media\/uploads\/sites\/10\/2021\/06\/globalmedsonlineincLogoShop20210630123730.00.png","width":450,"height":117,"caption":"Global Meds Inc."},"image":{"@id":"https:\/\/globalmedsonlineinc.com\/no\/#\/schema\/logo\/image\/"}}]}},"_links":{"self":[{"href":"https:\/\/globalmedsonlineinc.com\/no\/wp-json\/wp\/v2\/product\/8921","targetHints":{"allow":["GET"]}}],"collection":[{"href":"https:\/\/globalmedsonlineinc.com\/no\/wp-json\/wp\/v2\/product"}],"about":[{"href":"https:\/\/globalmedsonlineinc.com\/no\/wp-json\/wp\/v2\/types\/product"}],"replies":[{"embeddable":true,"href":"https:\/\/globalmedsonlineinc.com\/no\/wp-json\/wp\/v2\/comments?post=8921"}],"wp:featuredmedia":[{"embeddable":true,"href":"https:\/\/globalmedsonlineinc.com\/no\/wp-json\/wp\/v2\/media\/8952"}],"wp:attachment":[{"href":"https:\/\/globalmedsonlineinc.com\/no\/wp-json\/wp\/v2\/media?parent=8921"}],"wp:term":[{"taxonomy":"product_brand","embeddable":true,"href":"https:\/\/globalmedsonlineinc.com\/no\/wp-json\/wp\/v2\/product_brand?post=8921"},{"taxonomy":"product_cat","embeddable":true,"href":"https:\/\/globalmedsonlineinc.com\/no\/wp-json\/wp\/v2\/product_cat?post=8921"},{"taxonomy":"product_tag","embeddable":true,"href":"https:\/\/globalmedsonlineinc.com\/no\/wp-json\/wp\/v2\/product_tag?post=8921"}],"curies":[{"name":"wp","href":"https:\/\/api.w.org\/{rel}","templated":true}]}}