{"id":8920,"date":"2021-06-30T20:42:25","date_gmt":"2021-06-30T20:42:25","guid":{"rendered":"https:\/\/globalmedsonlineinc.com\/no\/?post_type=product&#038;p=8920"},"modified":"2021-11-07T12:20:56","modified_gmt":"2021-11-07T12:20:56","slug":"aprobarbitone","status":"publish","type":"product","link":"https:\/\/globalmedsonlineinc.com\/no\/product\/nembutal-pentobarbital\/aprobarbitone\/","title":{"rendered":"Kj\u00f8p Aprobarbitone online"},"content":{"rendered":"<h1>Aprobarbitone til salgs online uten resept<\/h1>\n<p class=\"tt\"><a href=\"https:\/\/globalmedsonlineinc.com\/no\/product\/nembutal-pentobarbital\/aprobarbitone\/\">Aprobarbiton til salgs p\u00e5 nett<\/a> uten resept. Kj\u00f8p Aprobarbitone online fra det f\u00f8rsteklasses Nembutal-apoteket<\/p>\n<p>Online Nembutal Pharmacy har jobbet i denne bransjen i en lang periode. Vi har n\u00e5 fullstendig forst\u00e5tt perspektivene og kravene til kunder fra hele verden. Vi er her for \u00e5 fullf\u00f8re alle kravene ang\u00e5ende Aprobarbitone. Hvis du \u00f8nsker \u00e5 kj\u00f8pe Aprobarbitone online, s\u00e5 er apoteket v\u00e5rt det beste \u00e5 gj\u00f8re det. Vi er tilgjengelige med dette legemidlet til beskjedne priser. Du kan enkelt kj\u00f8pe den fra oss, og vi vil levere den til deg innen den nevnte tiden <a href=\"https:\/\/en.wikipedia.org\/wiki\/Aprobarbital\">spann<\/a>.<\/p>\n<h4 class=\"tt\">Hva kan Aprobarbitone gj\u00f8re for deg?<\/h4>\n<p>Bruk av Aprobarbitone kan hjelpe deg med \u00e5 f\u00e5 en god natts s\u00f8vn. Kort sagt, det er en perfekt behandling for s\u00f8vnl\u00f8se mennesker. Det er kjent for sine utrolige egenskaper ved \u00e5 v\u00e6re beroligende, hypnotisk og antikonvulsivt middel.<\/p>\n<h4 class=\"tt\">Hvorfor b\u00f8r du velge at vi skal kj\u00f8pe Aprobarbitone online?<\/h4>\n<p>Vi er et spesialisert team av mennesker som har dyp erfaring innen medisin og narkotika. P\u00e5 toppen av det gj\u00f8r vi Aprobarbitone og andre produkter tilgjengelig i alle deler av verden. N\u00e5 kan du kj\u00f8pe Aprobarbitone online til beste pris fra hjemmet ditt selv. Vi er bare et klikk unna. Send inn bestillingen din for \u00e5 kj\u00f8pe Aprobarbitone online i dag og f\u00e5 den levert snart p\u00e5 den nevnte adressen.<\/p>\n<p><strong>Vet du hvor du kan kj\u00f8pe Aprobarbitone uten resept?<\/strong><\/p>\n<p>Aprobarbitone til salgs, Brallobarbital gateverdi, Aprobarbitone dosering, hvordan lage Aprobarbitone, hvor kan jeg Aprobarbitone online, hvor f\u00e5r man Aprobarbitone , hva er Aprobarbitone , Premium kvalitet Aprobarbitone til salgs. Alle disse ubesvarte sp\u00f8rsm\u00e5lene kan f\u00e5 sine svar gjennom oss. Du trenger bare \u00e5 g\u00e5 gjennom nettsiden v\u00e5r og du vil f\u00e5 svar p\u00e5 hvordan og hvor du kan kj\u00f8pe Aprobarbitone-piller uten resept p\u00e5 nett.<\/p>\n<p>Hva med Aprobarbitone? Vet du ogs\u00e5 hvor du kan f\u00e5 kj\u00f8pt Aprobarbitone til salgs p\u00e5 nett uten resept? kj\u00f8pe Aprobarbitone for salg, hvordan lage Aprobarbitone, hvordan ser Aprobarbitone ut, Aprobarbitone gatepris, Aprobarbitone pris, hvor kj\u00f8pes Aprobarbitone, ren Aprobarbitone, hvor kan jeg kj\u00f8pe Aprobarbitone online uten resept, kj\u00f8pe ren Aprobarbitone online uten resept.<\/p>\n<p>God kvalitet Aprobarbitone (Vesparax) online: Det er fullstendig forst\u00e5tt at folk ikke raskt stoler p\u00e5 kvaliteten p\u00e5 Aprobarbitone online som selges p\u00e5 nettet fordi de ikke kan unders\u00f8ke det fysisk. Men det er ikke det samme med Online Aprobarbitone-nettleverand\u00f8rer. Produktene her er tro mot beskrivelsen med vedlikehold av h\u00f8y kvalitet utf\u00f8rt under tilsyn av eksperter.<\/p>\n<p>Rask &amp; Diskret frakt: Leveringen av Aprobarbitone online etter \u00e5 ha mottatt bestillingen gj\u00f8res innenfor den lovede tidsrammen. Fraktteamet legger all sin innsats i \u00e5 gj\u00f8re frakt- og leveringsprosedyren jevn og rask. Du kan ogs\u00e5 forvente utmerkede tjenester n\u00e5r du kj\u00f8per Aprobarbitone online fra profesjonelle p\u00e5 nettplattformen.<\/p>\n","protected":false},"excerpt":{"rendered":"<p><strong>Hvordan bestiller du Aprobarbitone p\u00e5 nettbasert Nembutal-apotek?<\/strong><\/p>\n<p>Online Nembutal Pharmacy er et perfekt reisem\u00e5l for \u00e5 oppfylle dine behov og krav ang\u00e5ende Aprobarbitone. Du kan ganske enkelt legge medisinen din i handlekurven, fullf\u00f8re betalingsprosedyren og bestille den p\u00e5 nettsiden v\u00e5r. Ta kontakt med apoteket v\u00e5rt n\u00e5 og f\u00e5 det beste for helsen din. F\u00e5 Aprobarbital til salgs i dag!<\/p>\n","protected":false},"featured_media":8950,"comment_status":"open","ping_status":"closed","template":"","meta":{"_acf_changed":false,"_monsterinsights_skip_tracking":false,"_monsterinsights_sitenote_active":false,"_monsterinsights_sitenote_note":"","_monsterinsights_sitenote_category":0},"product_brand":[],"product_cat":[87],"product_tag":[],"class_list":{"0":"post-8920","1":"product","2":"type-product","3":"status-publish","4":"has-post-thumbnail","6":"product_cat-nembutal-pentobarbital","8":"first","9":"instock","10":"featured","11":"shipping-taxable","12":"purchasable","13":"product-type-variable","14":"has-default-attributes"},"acf":[],"yoast_head":"<!-- This site is optimized with the Yoast SEO plugin v27.2 - https:\/\/yoast.com\/product\/yoast-seo-wordpress\/ -->\n<title>Aprobarbitone til salgs p\u00e5 nett uten resept - Global Meds Inc.<\/title>\n<meta name=\"description\" content=\"Aprobarbitone til salgs p\u00e5 nett uten resept. Hvis du leter etter hvordan du kj\u00f8per Aprobarbitone, s\u00e5 er du p\u00e5 rett sted for \u00e5 kj\u00f8pe Aprobarbitone online.\" \/>\n<meta name=\"robots\" content=\"index, follow, max-snippet:-1, max-image-preview:large, max-video-preview:-1\" \/>\n<link rel=\"canonical\" href=\"https:\/\/globalmedsonlineinc.com\/no\/product\/nembutal-pentobarbital\/aprobarbitone\/\" \/>\n<meta property=\"og:locale\" content=\"nn_NO\" \/>\n<meta property=\"og:type\" content=\"article\" \/>\n<meta property=\"og:title\" content=\"Aprobarbitone til salgs p\u00e5 nett uten resept - Global Meds Inc.\" \/>\n<meta property=\"og:description\" content=\"Aprobarbitone til salgs p\u00e5 nett uten resept. Hvis du leter etter hvordan du kj\u00f8per Aprobarbitone, s\u00e5 er du p\u00e5 rett sted for \u00e5 kj\u00f8pe Aprobarbitone online.\" \/>\n<meta property=\"og:url\" content=\"https:\/\/globalmedsonlineinc.com\/no\/product\/nembutal-pentobarbital\/aprobarbitone\/\" \/>\n<meta property=\"og:site_name\" content=\"Global Meds Inc\" \/>\n<meta property=\"article:modified_time\" content=\"2021-11-07T12:20:56+00:00\" \/>\n<meta property=\"og:image\" content=\"https:\/\/globalmedsonlineinc.com\/no\/content\/media\/uploads\/sites\/10\/2021\/06\/Aprobarbitone-1.jpg\" \/>\n\t<meta property=\"og:image:width\" content=\"600\" \/>\n\t<meta property=\"og:image:height\" content=\"600\" \/>\n\t<meta property=\"og:image:type\" content=\"image\/jpeg\" \/>\n<meta name=\"twitter:card\" content=\"summary_large_image\" \/>\n<meta name=\"twitter:label1\" content=\"Est. reading time\" \/>\n\t<meta name=\"twitter:data1\" content=\"3 minutt\" \/>\n<script type=\"application\/ld+json\" class=\"yoast-schema-graph\">{\"@context\":\"https:\/\/schema.org\",\"@graph\":[{\"@type\":\"WebPage\",\"@id\":\"https:\/\/globalmedsonlineinc.com\/no\/product\/nembutal-pentobarbital\/aprobarbitone\/\",\"url\":\"https:\/\/globalmedsonlineinc.com\/no\/product\/nembutal-pentobarbital\/aprobarbitone\/\",\"name\":\"Aprobarbitone til salgs p\u00e5 nett uten resept - Global Meds Inc.\",\"isPartOf\":{\"@id\":\"https:\/\/globalmedsonlineinc.com\/no\/#website\"},\"primaryImageOfPage\":{\"@id\":\"https:\/\/globalmedsonlineinc.com\/no\/product\/nembutal-pentobarbital\/aprobarbitone\/#primaryimage\"},\"image\":{\"@id\":\"https:\/\/globalmedsonlineinc.com\/no\/product\/nembutal-pentobarbital\/aprobarbitone\/#primaryimage\"},\"thumbnailUrl\":\"https:\/\/globalmedsonlineinc.com\/no\/content\/media\/uploads\/sites\/10\/2021\/06\/Aprobarbitone-1.jpg\",\"datePublished\":\"2021-06-30T20:42:25+00:00\",\"dateModified\":\"2021-11-07T12:20:56+00:00\",\"description\":\"Aprobarbitone til salgs p\u00e5 nett uten resept. Hvis du leter etter hvordan du kj\u00f8per Aprobarbitone, s\u00e5 er du p\u00e5 rett sted for \u00e5 kj\u00f8pe Aprobarbitone online.\",\"breadcrumb\":{\"@id\":\"https:\/\/globalmedsonlineinc.com\/no\/product\/nembutal-pentobarbital\/aprobarbitone\/#breadcrumb\"},\"inLanguage\":\"nn-NO\",\"potentialAction\":[{\"@type\":\"ReadAction\",\"target\":[\"https:\/\/globalmedsonlineinc.com\/no\/product\/nembutal-pentobarbital\/aprobarbitone\/\"]}]},{\"@type\":\"ImageObject\",\"inLanguage\":\"nn-NO\",\"@id\":\"https:\/\/globalmedsonlineinc.com\/no\/product\/nembutal-pentobarbital\/aprobarbitone\/#primaryimage\",\"url\":\"https:\/\/globalmedsonlineinc.com\/no\/content\/media\/uploads\/sites\/10\/2021\/06\/Aprobarbitone-1.jpg\",\"contentUrl\":\"https:\/\/globalmedsonlineinc.com\/no\/content\/media\/uploads\/sites\/10\/2021\/06\/Aprobarbitone-1.jpg\",\"width\":600,\"height\":600,\"caption\":\"Aprobarbitone for sale online without prescription\"},{\"@type\":\"BreadcrumbList\",\"@id\":\"https:\/\/globalmedsonlineinc.com\/no\/product\/nembutal-pentobarbital\/aprobarbitone\/#breadcrumb\",\"itemListElement\":[{\"@type\":\"ListItem\",\"position\":1,\"name\":\"Home\",\"item\":\"https:\/\/globalmedsonlineinc.com\/no\/\"},{\"@type\":\"ListItem\",\"position\":2,\"name\":\"Produkter\",\"item\":\"https:\/\/globalmedsonlineinc.com\/no\/produkter\/\"},{\"@type\":\"ListItem\",\"position\":3,\"name\":\"Kj\u00f8p Aprobarbitone online\"}]},{\"@type\":\"WebSite\",\"@id\":\"https:\/\/globalmedsonlineinc.com\/no\/#website\",\"url\":\"https:\/\/globalmedsonlineinc.com\/no\/\",\"name\":\"Global Meds Inc\",\"description\":\"\",\"publisher\":{\"@id\":\"https:\/\/globalmedsonlineinc.com\/no\/#organization\"},\"potentialAction\":[{\"@type\":\"SearchAction\",\"target\":{\"@type\":\"EntryPoint\",\"urlTemplate\":\"https:\/\/globalmedsonlineinc.com\/no\/?s={search_term_string}\"},\"query-input\":{\"@type\":\"PropertyValueSpecification\",\"valueRequired\":true,\"valueName\":\"search_term_string\"}}],\"inLanguage\":\"nn-NO\"},{\"@type\":\"Organization\",\"@id\":\"https:\/\/globalmedsonlineinc.com\/no\/#organization\",\"name\":\"Global Meds Inc.\",\"url\":\"https:\/\/globalmedsonlineinc.com\/no\/\",\"logo\":{\"@type\":\"ImageObject\",\"inLanguage\":\"nn-NO\",\"@id\":\"https:\/\/globalmedsonlineinc.com\/no\/#\/schema\/logo\/image\/\",\"url\":\"https:\/\/globalmedsonlineinc.com\/no\/content\/media\/uploads\/sites\/10\/2021\/06\/globalmedsonlineincLogoShop20210630123730.00.png\",\"contentUrl\":\"https:\/\/globalmedsonlineinc.com\/no\/content\/media\/uploads\/sites\/10\/2021\/06\/globalmedsonlineincLogoShop20210630123730.00.png\",\"width\":450,\"height\":117,\"caption\":\"Global Meds Inc.\"},\"image\":{\"@id\":\"https:\/\/globalmedsonlineinc.com\/no\/#\/schema\/logo\/image\/\"}}]}<\/script>\n<!-- \/ Yoast SEO plugin. -->","yoast_head_json":{"title":"Aprobarbitone til salgs p\u00e5 nett uten resept - Global Meds Inc.","description":"Aprobarbitone til salgs p\u00e5 nett uten resept. Hvis du leter etter hvordan du kj\u00f8per Aprobarbitone, s\u00e5 er du p\u00e5 rett sted for \u00e5 kj\u00f8pe Aprobarbitone online.","robots":{"index":"index","follow":"follow","max-snippet":"max-snippet:-1","max-image-preview":"max-image-preview:large","max-video-preview":"max-video-preview:-1"},"canonical":"https:\/\/globalmedsonlineinc.com\/no\/product\/nembutal-pentobarbital\/aprobarbitone\/","og_locale":"nn_NO","og_type":"article","og_title":"Aprobarbitone til salgs p\u00e5 nett uten resept - Global Meds Inc.","og_description":"Aprobarbitone til salgs p\u00e5 nett uten resept. Hvis du leter etter hvordan du kj\u00f8per Aprobarbitone, s\u00e5 er du p\u00e5 rett sted for \u00e5 kj\u00f8pe Aprobarbitone online.","og_url":"https:\/\/globalmedsonlineinc.com\/no\/product\/nembutal-pentobarbital\/aprobarbitone\/","og_site_name":"Global Meds Inc","article_modified_time":"2021-11-07T12:20:56+00:00","og_image":[{"width":600,"height":600,"url":"https:\/\/globalmedsonlineinc.com\/no\/content\/media\/uploads\/sites\/10\/2021\/06\/Aprobarbitone-1.jpg","type":"image\/jpeg"}],"twitter_card":"summary_large_image","twitter_misc":{"Est. reading time":"3 minutt"},"schema":{"@context":"https:\/\/schema.org","@graph":[{"@type":"WebPage","@id":"https:\/\/globalmedsonlineinc.com\/no\/product\/nembutal-pentobarbital\/aprobarbitone\/","url":"https:\/\/globalmedsonlineinc.com\/no\/product\/nembutal-pentobarbital\/aprobarbitone\/","name":"Aprobarbitone til salgs p\u00e5 nett uten resept - Global Meds Inc.","isPartOf":{"@id":"https:\/\/globalmedsonlineinc.com\/no\/#website"},"primaryImageOfPage":{"@id":"https:\/\/globalmedsonlineinc.com\/no\/product\/nembutal-pentobarbital\/aprobarbitone\/#primaryimage"},"image":{"@id":"https:\/\/globalmedsonlineinc.com\/no\/product\/nembutal-pentobarbital\/aprobarbitone\/#primaryimage"},"thumbnailUrl":"https:\/\/globalmedsonlineinc.com\/no\/content\/media\/uploads\/sites\/10\/2021\/06\/Aprobarbitone-1.jpg","datePublished":"2021-06-30T20:42:25+00:00","dateModified":"2021-11-07T12:20:56+00:00","description":"Aprobarbitone til salgs p\u00e5 nett uten resept. Hvis du leter etter hvordan du kj\u00f8per Aprobarbitone, s\u00e5 er du p\u00e5 rett sted for \u00e5 kj\u00f8pe Aprobarbitone online.","breadcrumb":{"@id":"https:\/\/globalmedsonlineinc.com\/no\/product\/nembutal-pentobarbital\/aprobarbitone\/#breadcrumb"},"inLanguage":"nn-NO","potentialAction":[{"@type":"ReadAction","target":["https:\/\/globalmedsonlineinc.com\/no\/product\/nembutal-pentobarbital\/aprobarbitone\/"]}]},{"@type":"ImageObject","inLanguage":"nn-NO","@id":"https:\/\/globalmedsonlineinc.com\/no\/product\/nembutal-pentobarbital\/aprobarbitone\/#primaryimage","url":"https:\/\/globalmedsonlineinc.com\/no\/content\/media\/uploads\/sites\/10\/2021\/06\/Aprobarbitone-1.jpg","contentUrl":"https:\/\/globalmedsonlineinc.com\/no\/content\/media\/uploads\/sites\/10\/2021\/06\/Aprobarbitone-1.jpg","width":600,"height":600,"caption":"Aprobarbitone for sale online without prescription"},{"@type":"BreadcrumbList","@id":"https:\/\/globalmedsonlineinc.com\/no\/product\/nembutal-pentobarbital\/aprobarbitone\/#breadcrumb","itemListElement":[{"@type":"ListItem","position":1,"name":"Home","item":"https:\/\/globalmedsonlineinc.com\/no\/"},{"@type":"ListItem","position":2,"name":"Produkter","item":"https:\/\/globalmedsonlineinc.com\/no\/produkter\/"},{"@type":"ListItem","position":3,"name":"Kj\u00f8p Aprobarbitone online"}]},{"@type":"WebSite","@id":"https:\/\/globalmedsonlineinc.com\/no\/#website","url":"https:\/\/globalmedsonlineinc.com\/no\/","name":"Global Meds Inc","description":"","publisher":{"@id":"https:\/\/globalmedsonlineinc.com\/no\/#organization"},"potentialAction":[{"@type":"SearchAction","target":{"@type":"EntryPoint","urlTemplate":"https:\/\/globalmedsonlineinc.com\/no\/?s={search_term_string}"},"query-input":{"@type":"PropertyValueSpecification","valueRequired":true,"valueName":"search_term_string"}}],"inLanguage":"nn-NO"},{"@type":"Organization","@id":"https:\/\/globalmedsonlineinc.com\/no\/#organization","name":"Global Meds Inc.","url":"https:\/\/globalmedsonlineinc.com\/no\/","logo":{"@type":"ImageObject","inLanguage":"nn-NO","@id":"https:\/\/globalmedsonlineinc.com\/no\/#\/schema\/logo\/image\/","url":"https:\/\/globalmedsonlineinc.com\/no\/content\/media\/uploads\/sites\/10\/2021\/06\/globalmedsonlineincLogoShop20210630123730.00.png","contentUrl":"https:\/\/globalmedsonlineinc.com\/no\/content\/media\/uploads\/sites\/10\/2021\/06\/globalmedsonlineincLogoShop20210630123730.00.png","width":450,"height":117,"caption":"Global Meds Inc."},"image":{"@id":"https:\/\/globalmedsonlineinc.com\/no\/#\/schema\/logo\/image\/"}}]}},"_links":{"self":[{"href":"https:\/\/globalmedsonlineinc.com\/no\/wp-json\/wp\/v2\/product\/8920","targetHints":{"allow":["GET"]}}],"collection":[{"href":"https:\/\/globalmedsonlineinc.com\/no\/wp-json\/wp\/v2\/product"}],"about":[{"href":"https:\/\/globalmedsonlineinc.com\/no\/wp-json\/wp\/v2\/types\/product"}],"replies":[{"embeddable":true,"href":"https:\/\/globalmedsonlineinc.com\/no\/wp-json\/wp\/v2\/comments?post=8920"}],"wp:featuredmedia":[{"embeddable":true,"href":"https:\/\/globalmedsonlineinc.com\/no\/wp-json\/wp\/v2\/media\/8950"}],"wp:attachment":[{"href":"https:\/\/globalmedsonlineinc.com\/no\/wp-json\/wp\/v2\/media?parent=8920"}],"wp:term":[{"taxonomy":"product_brand","embeddable":true,"href":"https:\/\/globalmedsonlineinc.com\/no\/wp-json\/wp\/v2\/product_brand?post=8920"},{"taxonomy":"product_cat","embeddable":true,"href":"https:\/\/globalmedsonlineinc.com\/no\/wp-json\/wp\/v2\/product_cat?post=8920"},{"taxonomy":"product_tag","embeddable":true,"href":"https:\/\/globalmedsonlineinc.com\/no\/wp-json\/wp\/v2\/product_tag?post=8920"}],"curies":[{"name":"wp","href":"https:\/\/api.w.org\/{rel}","templated":true}]}}