{"id":10551,"date":"2021-11-01T08:45:47","date_gmt":"2021-11-01T08:45:47","guid":{"rendered":"https:\/\/globalmedsonlineinc.com\/no\/?post_type=product&#038;p=10551"},"modified":"2024-02-21T10:16:05","modified_gmt":"2024-02-21T10:16:05","slug":"kjop-gamma-hydroxybutyrate-ghb-pulver-pa-nett","status":"publish","type":"product","link":"https:\/\/globalmedsonlineinc.com\/no\/product\/research-chemicals\/kjop-gamma-hydroxybutyrate-ghb-pulver-pa-nett\/","title":{"rendered":"Kj\u00f8p Gamma Hydroxybutyrate (GHB) Pulver p\u00e5 nett"},"content":{"rendered":"<h1 class=\"lRu31\" dir=\"ltr\"><span class=\"HwtZe\" lang=\"no\"><span class=\"jCAhz ChMk0b\"><span class=\"ryNqvb\">Kj\u00f8p Gamma Hydroxybutyrate (GHB) pulver p\u00e5 nett<\/span><\/span><\/span><\/h1>\n<div dir=\"ltr\"><\/div>\n<div class=\"lRu31\" dir=\"ltr\"><a href=\"https:\/\/globalmedsonlineinc.com\/no\/product\/research-chemicals\/kjop-gamma-hydroxybutyrate-ghb-pulver-pa-nett\/\"><span class=\"HwtZe\" lang=\"no\"><span class=\"jCAhz ChMk0b\"><span class=\"ryNqvb\">Kj\u00f8p Gamma Hydroxybutyrate (GHB) pulver p\u00e5 nett<\/span><\/span><\/span><\/a><span style=\"font-size: 1rem\">. gamma-hydroksysm\u00f8rsyre eller y-hydroksysm\u00f8rsyre (GHB), ogs\u00e5 kjent som 4-hydroksysm\u00f8rsyre, er en naturlig forekommende nevrotransmitter og et psykoaktivt medikament. Det er en forl\u00f8per for GABA, glutamat og glycin i visse hjerneomr\u00e5der. Den virker p\u00e5 GHB-reseptoren og er en svak agonist ved GABAB-reseptoren. GHB har blitt brukt i medisinske omgivelser som generell anestesi og som behandling for katapleksi, narkolepsi og alkoholisme. Det brukes ogs\u00e5 ulovlig som et rusmiddel, som en forsterker av atletisk ytelse, som et date-voldtektsmiddel og som et rekreasjonsmiddel.<\/span><\/div>\n<p>Det brukes ofte i form av et salt, for eksempel natrium-\u03b3-hydroksybutyrat (NaGHB, <a href=\"https:\/\/en.wikipedia.org\/wiki\/Gamma-Hydroxybutyric_acid\">natrium<\/a> oksybat, eller Xyrem) eller kalium-y-hydroksybutyrat (KGHB, kaliumoksybat). GHB produseres ogs\u00e5 som et resultat av gj\u00e6ring, og finnes i sm\u00e5 mengder i enkelte \u00f8l og vin, biff og sm\u00e5 sitrusfrukter.<\/p>\n<p>Vi er profesjonelle leverand\u00f8rer som alltid f\u00f8lger sine plikter og ansvar overfor kunder p\u00e5 alvor. Prisene hos nettleverand\u00f8rene for kj\u00f8p av Gamma Hydroxybutyrate (GHB) Online eller andre relaterte produkter er rimelige og rimelige av alle. Det er ikke n\u00f8dvendig \u00e5 bruke en formue for \u00e5 kj\u00f8pe disse produktene.<\/p>\n<p>Teamet med ledere vil ivareta bestillingsdetaljene dine og fors\u00f8ke \u00e5 fullf\u00f8re dem s\u00e5 snart som mulig. Pakketeamet vil pakke bestillingen din med ytterste presisjon for \u00e5 sikre at den ikke blir skadet under transporten. S\u00e5 du kan se hvor enkelt det er hos oss. Du kan bestille Gamma Hydroxybutyrate (GHB) online til USA, Europa, Australia, USA, KINA, Canada og hvorfor ikke over hele verden.<\/p>\n<p>Det er g\u00e5tt tid da man pleide \u00e5 slite veldig med \u00e5 kj\u00f8pe Gamma Hydroxybutyrate (GHB) Online i butikker offline ved \u00e5 reise kilometer og bare hvis de er tilgjengelige. Men med fremskritt innen tid og teknologi, har online-modusen kommet. Du kan enkelt kontakte en butikk ved \u00e5 bruke enhetene dine rett der du bor og bestille Gamma Hydroxybutyrate (GHB) Online. Det er ikke n\u00f8dvendig \u00e5 reise noe sted lenger, du kan alltid bestille Gamma Hydroxybutyrate (GHB) online hos oss.<\/p>\n","protected":false},"excerpt":{"rendered":"<p>Kj\u00f8p Gamma Hydroxybutyrate (GHB) Pulver p\u00e5 nett. V\u00e5rt GHB-pulver er 100 % laboratorietestet. Vi sender v\u00e5rt GHB-pulver som diskret og ekspressforsendelse internasjonalt.<\/p>\n","protected":false},"featured_media":10552,"comment_status":"open","ping_status":"closed","template":"","meta":{"_acf_changed":false,"_monsterinsights_skip_tracking":false,"_monsterinsights_sitenote_active":false,"_monsterinsights_sitenote_note":"","_monsterinsights_sitenote_category":0},"product_brand":[],"product_cat":[53],"product_tag":[],"class_list":{"0":"post-10551","1":"product","2":"type-product","3":"status-publish","4":"has-post-thumbnail","6":"product_cat-research-chemicals","8":"first","9":"instock","10":"shipping-taxable","11":"purchasable","12":"product-type-simple"},"acf":[],"yoast_head":"<!-- This site is optimized with the Yoast SEO plugin v27.2 - https:\/\/yoast.com\/product\/yoast-seo-wordpress\/ -->\n<title>Kj\u00f8p Gamma Hydroxybutyrate (GHB) pulver p\u00e5 nett - Global Meds Inc<\/title>\n<meta name=\"description\" content=\"Kj\u00f8p Gamma Hydroxybutyrate (GHB) pulver p\u00e5 nett. Vi selger GHB-pulver av beste kvalitet. Kontakt oss gjerne for mer informasjon og priser.\" \/>\n<meta name=\"robots\" content=\"index, follow, max-snippet:-1, max-image-preview:large, max-video-preview:-1\" \/>\n<link rel=\"canonical\" href=\"https:\/\/globalmedsonlineinc.com\/no\/product\/research-chemicals\/kjop-gamma-hydroxybutyrate-ghb-pulver-pa-nett\/\" \/>\n<meta property=\"og:locale\" content=\"nn_NO\" \/>\n<meta property=\"og:type\" content=\"article\" \/>\n<meta property=\"og:title\" content=\"Kj\u00f8p Gamma Hydroxybutyrate (GHB) pulver p\u00e5 nett - Global Meds Inc\" \/>\n<meta property=\"og:description\" content=\"Kj\u00f8p Gamma Hydroxybutyrate (GHB) pulver p\u00e5 nett. Vi selger GHB-pulver av beste kvalitet. Kontakt oss gjerne for mer informasjon og priser.\" \/>\n<meta property=\"og:url\" content=\"https:\/\/globalmedsonlineinc.com\/no\/product\/research-chemicals\/kjop-gamma-hydroxybutyrate-ghb-pulver-pa-nett\/\" \/>\n<meta property=\"og:site_name\" content=\"Global Meds Inc\" \/>\n<meta property=\"article:modified_time\" content=\"2024-02-21T10:16:05+00:00\" \/>\n<meta property=\"og:image\" content=\"https:\/\/globalmedsonlineinc.com\/no\/content\/media\/uploads\/sites\/10\/2021\/11\/Gamma-hydroxybutyrate-powder.jpg\" \/>\n\t<meta property=\"og:image:width\" content=\"600\" \/>\n\t<meta property=\"og:image:height\" content=\"600\" \/>\n\t<meta property=\"og:image:type\" content=\"image\/jpeg\" \/>\n<meta name=\"twitter:card\" content=\"summary_large_image\" \/>\n<meta name=\"twitter:label1\" content=\"Est. reading time\" \/>\n\t<meta name=\"twitter:data1\" content=\"2 minutt\" \/>\n<script type=\"application\/ld+json\" class=\"yoast-schema-graph\">{\"@context\":\"https:\/\/schema.org\",\"@graph\":[{\"@type\":\"WebPage\",\"@id\":\"https:\/\/globalmedsonlineinc.com\/no\/product\/research-chemicals\/kjop-gamma-hydroxybutyrate-ghb-pulver-pa-nett\/\",\"url\":\"https:\/\/globalmedsonlineinc.com\/no\/product\/research-chemicals\/kjop-gamma-hydroxybutyrate-ghb-pulver-pa-nett\/\",\"name\":\"Kj\u00f8p Gamma Hydroxybutyrate (GHB) pulver p\u00e5 nett - Global Meds Inc\",\"isPartOf\":{\"@id\":\"https:\/\/globalmedsonlineinc.com\/no\/#website\"},\"primaryImageOfPage\":{\"@id\":\"https:\/\/globalmedsonlineinc.com\/no\/product\/research-chemicals\/kjop-gamma-hydroxybutyrate-ghb-pulver-pa-nett\/#primaryimage\"},\"image\":{\"@id\":\"https:\/\/globalmedsonlineinc.com\/no\/product\/research-chemicals\/kjop-gamma-hydroxybutyrate-ghb-pulver-pa-nett\/#primaryimage\"},\"thumbnailUrl\":\"https:\/\/globalmedsonlineinc.com\/no\/content\/media\/uploads\/sites\/10\/2021\/11\/Gamma-hydroxybutyrate-powder.jpg\",\"datePublished\":\"2021-11-01T08:45:47+00:00\",\"dateModified\":\"2024-02-21T10:16:05+00:00\",\"description\":\"Kj\u00f8p Gamma Hydroxybutyrate (GHB) pulver p\u00e5 nett. Vi selger GHB-pulver av beste kvalitet. Kontakt oss gjerne for mer informasjon og priser.\",\"breadcrumb\":{\"@id\":\"https:\/\/globalmedsonlineinc.com\/no\/product\/research-chemicals\/kjop-gamma-hydroxybutyrate-ghb-pulver-pa-nett\/#breadcrumb\"},\"inLanguage\":\"nn-NO\",\"potentialAction\":[{\"@type\":\"ReadAction\",\"target\":[\"https:\/\/globalmedsonlineinc.com\/no\/product\/research-chemicals\/kjop-gamma-hydroxybutyrate-ghb-pulver-pa-nett\/\"]}]},{\"@type\":\"ImageObject\",\"inLanguage\":\"nn-NO\",\"@id\":\"https:\/\/globalmedsonlineinc.com\/no\/product\/research-chemicals\/kjop-gamma-hydroxybutyrate-ghb-pulver-pa-nett\/#primaryimage\",\"url\":\"https:\/\/globalmedsonlineinc.com\/no\/content\/media\/uploads\/sites\/10\/2021\/11\/Gamma-hydroxybutyrate-powder.jpg\",\"contentUrl\":\"https:\/\/globalmedsonlineinc.com\/no\/content\/media\/uploads\/sites\/10\/2021\/11\/Gamma-hydroxybutyrate-powder.jpg\",\"width\":600,\"height\":600,\"caption\":\"Kj\u00f8p Gamma Hydroxybutyrate (GHB) pulver p\u00e5 nett\"},{\"@type\":\"BreadcrumbList\",\"@id\":\"https:\/\/globalmedsonlineinc.com\/no\/product\/research-chemicals\/kjop-gamma-hydroxybutyrate-ghb-pulver-pa-nett\/#breadcrumb\",\"itemListElement\":[{\"@type\":\"ListItem\",\"position\":1,\"name\":\"Home\",\"item\":\"https:\/\/globalmedsonlineinc.com\/no\/\"},{\"@type\":\"ListItem\",\"position\":2,\"name\":\"Produkter\",\"item\":\"https:\/\/globalmedsonlineinc.com\/no\/produkter\/\"},{\"@type\":\"ListItem\",\"position\":3,\"name\":\"Kj\u00f8p Gamma Hydroxybutyrate (GHB) Pulver p\u00e5 nett\"}]},{\"@type\":\"WebSite\",\"@id\":\"https:\/\/globalmedsonlineinc.com\/no\/#website\",\"url\":\"https:\/\/globalmedsonlineinc.com\/no\/\",\"name\":\"Global Meds Inc\",\"description\":\"\",\"publisher\":{\"@id\":\"https:\/\/globalmedsonlineinc.com\/no\/#organization\"},\"potentialAction\":[{\"@type\":\"SearchAction\",\"target\":{\"@type\":\"EntryPoint\",\"urlTemplate\":\"https:\/\/globalmedsonlineinc.com\/no\/?s={search_term_string}\"},\"query-input\":{\"@type\":\"PropertyValueSpecification\",\"valueRequired\":true,\"valueName\":\"search_term_string\"}}],\"inLanguage\":\"nn-NO\"},{\"@type\":\"Organization\",\"@id\":\"https:\/\/globalmedsonlineinc.com\/no\/#organization\",\"name\":\"Global Meds Inc.\",\"url\":\"https:\/\/globalmedsonlineinc.com\/no\/\",\"logo\":{\"@type\":\"ImageObject\",\"inLanguage\":\"nn-NO\",\"@id\":\"https:\/\/globalmedsonlineinc.com\/no\/#\/schema\/logo\/image\/\",\"url\":\"https:\/\/globalmedsonlineinc.com\/no\/content\/media\/uploads\/sites\/10\/2021\/06\/globalmedsonlineincLogoShop20210630123730.00.png\",\"contentUrl\":\"https:\/\/globalmedsonlineinc.com\/no\/content\/media\/uploads\/sites\/10\/2021\/06\/globalmedsonlineincLogoShop20210630123730.00.png\",\"width\":450,\"height\":117,\"caption\":\"Global Meds Inc.\"},\"image\":{\"@id\":\"https:\/\/globalmedsonlineinc.com\/no\/#\/schema\/logo\/image\/\"}}]}<\/script>\n<!-- \/ Yoast SEO plugin. -->","yoast_head_json":{"title":"Kj\u00f8p Gamma Hydroxybutyrate (GHB) pulver p\u00e5 nett - Global Meds Inc","description":"Kj\u00f8p Gamma Hydroxybutyrate (GHB) pulver p\u00e5 nett. Vi selger GHB-pulver av beste kvalitet. Kontakt oss gjerne for mer informasjon og priser.","robots":{"index":"index","follow":"follow","max-snippet":"max-snippet:-1","max-image-preview":"max-image-preview:large","max-video-preview":"max-video-preview:-1"},"canonical":"https:\/\/globalmedsonlineinc.com\/no\/product\/research-chemicals\/kjop-gamma-hydroxybutyrate-ghb-pulver-pa-nett\/","og_locale":"nn_NO","og_type":"article","og_title":"Kj\u00f8p Gamma Hydroxybutyrate (GHB) pulver p\u00e5 nett - Global Meds Inc","og_description":"Kj\u00f8p Gamma Hydroxybutyrate (GHB) pulver p\u00e5 nett. Vi selger GHB-pulver av beste kvalitet. Kontakt oss gjerne for mer informasjon og priser.","og_url":"https:\/\/globalmedsonlineinc.com\/no\/product\/research-chemicals\/kjop-gamma-hydroxybutyrate-ghb-pulver-pa-nett\/","og_site_name":"Global Meds Inc","article_modified_time":"2024-02-21T10:16:05+00:00","og_image":[{"width":600,"height":600,"url":"https:\/\/globalmedsonlineinc.com\/no\/content\/media\/uploads\/sites\/10\/2021\/11\/Gamma-hydroxybutyrate-powder.jpg","type":"image\/jpeg"}],"twitter_card":"summary_large_image","twitter_misc":{"Est. reading time":"2 minutt"},"schema":{"@context":"https:\/\/schema.org","@graph":[{"@type":"WebPage","@id":"https:\/\/globalmedsonlineinc.com\/no\/product\/research-chemicals\/kjop-gamma-hydroxybutyrate-ghb-pulver-pa-nett\/","url":"https:\/\/globalmedsonlineinc.com\/no\/product\/research-chemicals\/kjop-gamma-hydroxybutyrate-ghb-pulver-pa-nett\/","name":"Kj\u00f8p Gamma Hydroxybutyrate (GHB) pulver p\u00e5 nett - Global Meds Inc","isPartOf":{"@id":"https:\/\/globalmedsonlineinc.com\/no\/#website"},"primaryImageOfPage":{"@id":"https:\/\/globalmedsonlineinc.com\/no\/product\/research-chemicals\/kjop-gamma-hydroxybutyrate-ghb-pulver-pa-nett\/#primaryimage"},"image":{"@id":"https:\/\/globalmedsonlineinc.com\/no\/product\/research-chemicals\/kjop-gamma-hydroxybutyrate-ghb-pulver-pa-nett\/#primaryimage"},"thumbnailUrl":"https:\/\/globalmedsonlineinc.com\/no\/content\/media\/uploads\/sites\/10\/2021\/11\/Gamma-hydroxybutyrate-powder.jpg","datePublished":"2021-11-01T08:45:47+00:00","dateModified":"2024-02-21T10:16:05+00:00","description":"Kj\u00f8p Gamma Hydroxybutyrate (GHB) pulver p\u00e5 nett. Vi selger GHB-pulver av beste kvalitet. Kontakt oss gjerne for mer informasjon og priser.","breadcrumb":{"@id":"https:\/\/globalmedsonlineinc.com\/no\/product\/research-chemicals\/kjop-gamma-hydroxybutyrate-ghb-pulver-pa-nett\/#breadcrumb"},"inLanguage":"nn-NO","potentialAction":[{"@type":"ReadAction","target":["https:\/\/globalmedsonlineinc.com\/no\/product\/research-chemicals\/kjop-gamma-hydroxybutyrate-ghb-pulver-pa-nett\/"]}]},{"@type":"ImageObject","inLanguage":"nn-NO","@id":"https:\/\/globalmedsonlineinc.com\/no\/product\/research-chemicals\/kjop-gamma-hydroxybutyrate-ghb-pulver-pa-nett\/#primaryimage","url":"https:\/\/globalmedsonlineinc.com\/no\/content\/media\/uploads\/sites\/10\/2021\/11\/Gamma-hydroxybutyrate-powder.jpg","contentUrl":"https:\/\/globalmedsonlineinc.com\/no\/content\/media\/uploads\/sites\/10\/2021\/11\/Gamma-hydroxybutyrate-powder.jpg","width":600,"height":600,"caption":"Kj\u00f8p Gamma Hydroxybutyrate (GHB) pulver p\u00e5 nett"},{"@type":"BreadcrumbList","@id":"https:\/\/globalmedsonlineinc.com\/no\/product\/research-chemicals\/kjop-gamma-hydroxybutyrate-ghb-pulver-pa-nett\/#breadcrumb","itemListElement":[{"@type":"ListItem","position":1,"name":"Home","item":"https:\/\/globalmedsonlineinc.com\/no\/"},{"@type":"ListItem","position":2,"name":"Produkter","item":"https:\/\/globalmedsonlineinc.com\/no\/produkter\/"},{"@type":"ListItem","position":3,"name":"Kj\u00f8p Gamma Hydroxybutyrate (GHB) Pulver p\u00e5 nett"}]},{"@type":"WebSite","@id":"https:\/\/globalmedsonlineinc.com\/no\/#website","url":"https:\/\/globalmedsonlineinc.com\/no\/","name":"Global Meds Inc","description":"","publisher":{"@id":"https:\/\/globalmedsonlineinc.com\/no\/#organization"},"potentialAction":[{"@type":"SearchAction","target":{"@type":"EntryPoint","urlTemplate":"https:\/\/globalmedsonlineinc.com\/no\/?s={search_term_string}"},"query-input":{"@type":"PropertyValueSpecification","valueRequired":true,"valueName":"search_term_string"}}],"inLanguage":"nn-NO"},{"@type":"Organization","@id":"https:\/\/globalmedsonlineinc.com\/no\/#organization","name":"Global Meds Inc.","url":"https:\/\/globalmedsonlineinc.com\/no\/","logo":{"@type":"ImageObject","inLanguage":"nn-NO","@id":"https:\/\/globalmedsonlineinc.com\/no\/#\/schema\/logo\/image\/","url":"https:\/\/globalmedsonlineinc.com\/no\/content\/media\/uploads\/sites\/10\/2021\/06\/globalmedsonlineincLogoShop20210630123730.00.png","contentUrl":"https:\/\/globalmedsonlineinc.com\/no\/content\/media\/uploads\/sites\/10\/2021\/06\/globalmedsonlineincLogoShop20210630123730.00.png","width":450,"height":117,"caption":"Global Meds Inc."},"image":{"@id":"https:\/\/globalmedsonlineinc.com\/no\/#\/schema\/logo\/image\/"}}]}},"_links":{"self":[{"href":"https:\/\/globalmedsonlineinc.com\/no\/wp-json\/wp\/v2\/product\/10551","targetHints":{"allow":["GET"]}}],"collection":[{"href":"https:\/\/globalmedsonlineinc.com\/no\/wp-json\/wp\/v2\/product"}],"about":[{"href":"https:\/\/globalmedsonlineinc.com\/no\/wp-json\/wp\/v2\/types\/product"}],"replies":[{"embeddable":true,"href":"https:\/\/globalmedsonlineinc.com\/no\/wp-json\/wp\/v2\/comments?post=10551"}],"wp:featuredmedia":[{"embeddable":true,"href":"https:\/\/globalmedsonlineinc.com\/no\/wp-json\/wp\/v2\/media\/10552"}],"wp:attachment":[{"href":"https:\/\/globalmedsonlineinc.com\/no\/wp-json\/wp\/v2\/media?parent=10551"}],"wp:term":[{"taxonomy":"product_brand","embeddable":true,"href":"https:\/\/globalmedsonlineinc.com\/no\/wp-json\/wp\/v2\/product_brand?post=10551"},{"taxonomy":"product_cat","embeddable":true,"href":"https:\/\/globalmedsonlineinc.com\/no\/wp-json\/wp\/v2\/product_cat?post=10551"},{"taxonomy":"product_tag","embeddable":true,"href":"https:\/\/globalmedsonlineinc.com\/no\/wp-json\/wp\/v2\/product_tag?post=10551"}],"curies":[{"name":"wp","href":"https:\/\/api.w.org\/{rel}","templated":true}]}}