{"id":10542,"date":"2021-10-31T05:31:34","date_gmt":"2021-10-31T05:31:34","guid":{"rendered":"https:\/\/globalmedsonlineinc.com\/no\/?post_type=product&#038;p=10542"},"modified":"2024-02-21T10:18:22","modified_gmt":"2024-02-21T10:18:22","slug":"ketamin-pulver","status":"publish","type":"product","link":"https:\/\/globalmedsonlineinc.com\/no\/product\/pain-killers\/ketamin-pulver\/","title":{"rendered":"Kj\u00f8p ketaminpulver p\u00e5 nett"},"content":{"rendered":"<h1 class=\"lRu31\" dir=\"ltr\"><span class=\"HwtZe\" lang=\"no\"><span class=\"jCAhz ChMk0b\"><span class=\"ryNqvb\">Ketaminpulver til salgs p\u00e5 nett<\/span><\/span><\/span><\/h1>\n<div dir=\"ltr\"><\/div>\n<div class=\"lRu31\" dir=\"ltr\"><span class=\"HwtZe\" lang=\"no\"><span class=\"jCAhz ChMk0b\"><span class=\"ryNqvb\"><a href=\"https:\/\/globalmedsonlineinc.com\/no\/product\/pain-killers\/ketamin-pulver\/\">Ketaminpulver til salgs p\u00e5 nett<\/a>. <\/span><\/span><\/span><strong style=\"font-size: 1rem\">Bestill ketaminpulver for \u00e5 behandle alvorlig stress og depresjon<\/strong><\/div>\n<p dir=\"ltr\">Depresjon er den ledende \u00e5rsaken til psykisk funksjonshemming over hele verden, og den har en betydelig rolle \u00e5 spille for \u00e5 \u00f8ke selvmordsraten. Ketamin vinner terreng som en effektiv behandling for depresjon p\u00e5 grunn av den raske utbruddet. Det virker ved \u00e5 binde seg til NMDA-reseptorer i hjernen og \u00f8ke antallet nevrotransmittere kalt glutamat. Dette etterf\u00f8lges av aktivering av AMPA-reseptorer som f\u00f8rer til frigj\u00f8ring av andre molekyler, og hele prosessen p\u00e5virker kognisjon, hum\u00f8r og tankem\u00f8nstre. Legemidlet letter ogs\u00e5 kommunikasjon innenfor bestemte omr\u00e5der i hjernen og reduserer signaler involvert i betennelse. Det er avgj\u00f8rende \u00e5 forst\u00e5 risikoene og fordelene f\u00f8r du bestiller ketaminpulver til personlig bruk. Med riktig administrasjon er det et av de sikreste alternativene for stresslindring.<\/p>\n<p dir=\"ltr\"><strong>Kj\u00f8p ketaminpulver p\u00e5 nettet fra en p\u00e5litelig leverand\u00f8r<\/strong><\/p>\n<p>Ingenting betyr mer enn kvalitet n\u00e5r det gjelder \u00e5 ta Rx-medisiner til medisinske form\u00e5l. Hos USpharma Shop har vi et ekspertteam som utf\u00f8rer kvalitetskontroller i flere stadier for \u00e5 sikre at vi er i tr\u00e5d med de globale standardene. V\u00e5rt ketaminpulver til salgs har gjort underverker for mange, og vi h\u00e5per det samme for deg. Hvis det er noen bekymringer, vennligst\u00a0ta <a href=\"https:\/\/no.wikipedia.org\/wiki\/Ketamin\">kontakt\u00a0<\/a>med teamet v\u00e5rt n\u00e5r det passer deg.<\/p>\n","protected":false},"excerpt":{"rendered":"<p>Ketamin har vist seg \u00e5 v\u00e6re tilstrekkelig til \u00e5 behandle motl\u00f8shet hos pasienter med bipolare problemer som ikke har respondert p\u00e5 antidepressiva.<\/p>\n","protected":false},"featured_media":10549,"comment_status":"open","ping_status":"closed","template":"","meta":{"_acf_changed":false,"_monsterinsights_skip_tracking":false,"_monsterinsights_sitenote_active":false,"_monsterinsights_sitenote_note":"","_monsterinsights_sitenote_category":0},"product_brand":[],"product_cat":[52,53],"product_tag":[498,499,500,496,497,495],"class_list":{"0":"post-10542","1":"product","2":"type-product","3":"status-publish","4":"has-post-thumbnail","6":"product_cat-pain-killers","7":"product_cat-research-chemicals","8":"product_tag-bestill-ketamin-hcl-online","9":"product_tag-det-beste-stedet-a-kjope-ketamin-hcl-online","10":"product_tag-hvor-kan-man-kjope-ketamin-hcl-online","11":"product_tag-hvordan-kjope-ketamin-hcl-online","12":"product_tag-ketamin-hcl-til-salgs","13":"product_tag-kjop-ketamin-hcl-online","15":"first","16":"instock","17":"featured","18":"shipping-taxable","19":"purchasable","20":"product-type-variable","21":"has-default-attributes"},"acf":[],"yoast_head":"<!-- This site is optimized with the Yoast SEO plugin v27.2 - https:\/\/yoast.com\/product\/yoast-seo-wordpress\/ -->\n<title>Ketaminpulver til salgs p\u00e5 nett | Global Meds Inc.<\/title>\n<meta name=\"description\" content=\"Ketaminpulver til salgs p\u00e5 nett. Hvis du leter etter hvordan du kj\u00f8per ketamin p\u00e5 nettet, s\u00e5 er du p\u00e5 rett sted for \u00e5 kj\u00f8pe ketamin p\u00e5 nettet.\" \/>\n<meta name=\"robots\" content=\"index, follow, max-snippet:-1, max-image-preview:large, max-video-preview:-1\" \/>\n<link rel=\"canonical\" href=\"https:\/\/globalmedsonlineinc.com\/no\/product\/pain-killers\/ketamin-pulver\/\" \/>\n<meta property=\"og:locale\" content=\"nn_NO\" \/>\n<meta property=\"og:type\" content=\"article\" \/>\n<meta property=\"og:title\" content=\"Ketaminpulver til salgs p\u00e5 nett | Global Meds Inc.\" \/>\n<meta property=\"og:description\" content=\"Ketaminpulver til salgs p\u00e5 nett. Hvis du leter etter hvordan du kj\u00f8per ketamin p\u00e5 nettet, s\u00e5 er du p\u00e5 rett sted for \u00e5 kj\u00f8pe ketamin p\u00e5 nettet.\" \/>\n<meta property=\"og:url\" content=\"https:\/\/globalmedsonlineinc.com\/no\/product\/pain-killers\/ketamin-pulver\/\" \/>\n<meta property=\"og:site_name\" content=\"Global Meds Inc\" \/>\n<meta property=\"article:modified_time\" content=\"2024-02-21T10:18:22+00:00\" \/>\n<meta property=\"og:image\" content=\"https:\/\/globalmedsonlineinc.com\/no\/content\/media\/uploads\/sites\/10\/2021\/10\/Ketamine.jpg\" \/>\n\t<meta property=\"og:image:width\" content=\"225\" \/>\n\t<meta property=\"og:image:height\" content=\"225\" \/>\n\t<meta property=\"og:image:type\" content=\"image\/jpeg\" \/>\n<meta name=\"twitter:card\" content=\"summary_large_image\" \/>\n<meta name=\"twitter:label1\" content=\"Est. reading time\" \/>\n\t<meta name=\"twitter:data1\" content=\"1 minutt\" \/>\n<script type=\"application\/ld+json\" class=\"yoast-schema-graph\">{\"@context\":\"https:\/\/schema.org\",\"@graph\":[{\"@type\":\"WebPage\",\"@id\":\"https:\/\/globalmedsonlineinc.com\/no\/product\/pain-killers\/ketamin-pulver\/\",\"url\":\"https:\/\/globalmedsonlineinc.com\/no\/product\/pain-killers\/ketamin-pulver\/\",\"name\":\"Ketaminpulver til salgs p\u00e5 nett | Global Meds Inc.\",\"isPartOf\":{\"@id\":\"https:\/\/globalmedsonlineinc.com\/no\/#website\"},\"primaryImageOfPage\":{\"@id\":\"https:\/\/globalmedsonlineinc.com\/no\/product\/pain-killers\/ketamin-pulver\/#primaryimage\"},\"image\":{\"@id\":\"https:\/\/globalmedsonlineinc.com\/no\/product\/pain-killers\/ketamin-pulver\/#primaryimage\"},\"thumbnailUrl\":\"https:\/\/globalmedsonlineinc.com\/no\/content\/media\/uploads\/sites\/10\/2021\/10\/Ketamine.jpg\",\"datePublished\":\"2021-10-31T05:31:34+00:00\",\"dateModified\":\"2024-02-21T10:18:22+00:00\",\"description\":\"Ketaminpulver til salgs p\u00e5 nett. Hvis du leter etter hvordan du kj\u00f8per ketamin p\u00e5 nettet, s\u00e5 er du p\u00e5 rett sted for \u00e5 kj\u00f8pe ketamin p\u00e5 nettet.\",\"breadcrumb\":{\"@id\":\"https:\/\/globalmedsonlineinc.com\/no\/product\/pain-killers\/ketamin-pulver\/#breadcrumb\"},\"inLanguage\":\"nn-NO\",\"potentialAction\":[{\"@type\":\"ReadAction\",\"target\":[\"https:\/\/globalmedsonlineinc.com\/no\/product\/pain-killers\/ketamin-pulver\/\"]}]},{\"@type\":\"ImageObject\",\"inLanguage\":\"nn-NO\",\"@id\":\"https:\/\/globalmedsonlineinc.com\/no\/product\/pain-killers\/ketamin-pulver\/#primaryimage\",\"url\":\"https:\/\/globalmedsonlineinc.com\/no\/content\/media\/uploads\/sites\/10\/2021\/10\/Ketamine.jpg\",\"contentUrl\":\"https:\/\/globalmedsonlineinc.com\/no\/content\/media\/uploads\/sites\/10\/2021\/10\/Ketamine.jpg\",\"width\":225,\"height\":225,\"caption\":\"Ketaminpulver til salgs p\u00e5 nett\"},{\"@type\":\"BreadcrumbList\",\"@id\":\"https:\/\/globalmedsonlineinc.com\/no\/product\/pain-killers\/ketamin-pulver\/#breadcrumb\",\"itemListElement\":[{\"@type\":\"ListItem\",\"position\":1,\"name\":\"Home\",\"item\":\"https:\/\/globalmedsonlineinc.com\/no\/\"},{\"@type\":\"ListItem\",\"position\":2,\"name\":\"Produkter\",\"item\":\"https:\/\/globalmedsonlineinc.com\/no\/produkter\/\"},{\"@type\":\"ListItem\",\"position\":3,\"name\":\"Kj\u00f8p ketaminpulver p\u00e5 nett\"}]},{\"@type\":\"WebSite\",\"@id\":\"https:\/\/globalmedsonlineinc.com\/no\/#website\",\"url\":\"https:\/\/globalmedsonlineinc.com\/no\/\",\"name\":\"Global Meds Inc\",\"description\":\"\",\"publisher\":{\"@id\":\"https:\/\/globalmedsonlineinc.com\/no\/#organization\"},\"potentialAction\":[{\"@type\":\"SearchAction\",\"target\":{\"@type\":\"EntryPoint\",\"urlTemplate\":\"https:\/\/globalmedsonlineinc.com\/no\/?s={search_term_string}\"},\"query-input\":{\"@type\":\"PropertyValueSpecification\",\"valueRequired\":true,\"valueName\":\"search_term_string\"}}],\"inLanguage\":\"nn-NO\"},{\"@type\":\"Organization\",\"@id\":\"https:\/\/globalmedsonlineinc.com\/no\/#organization\",\"name\":\"Global Meds Inc.\",\"url\":\"https:\/\/globalmedsonlineinc.com\/no\/\",\"logo\":{\"@type\":\"ImageObject\",\"inLanguage\":\"nn-NO\",\"@id\":\"https:\/\/globalmedsonlineinc.com\/no\/#\/schema\/logo\/image\/\",\"url\":\"https:\/\/globalmedsonlineinc.com\/no\/content\/media\/uploads\/sites\/10\/2021\/06\/globalmedsonlineincLogoShop20210630123730.00.png\",\"contentUrl\":\"https:\/\/globalmedsonlineinc.com\/no\/content\/media\/uploads\/sites\/10\/2021\/06\/globalmedsonlineincLogoShop20210630123730.00.png\",\"width\":450,\"height\":117,\"caption\":\"Global Meds Inc.\"},\"image\":{\"@id\":\"https:\/\/globalmedsonlineinc.com\/no\/#\/schema\/logo\/image\/\"}}]}<\/script>\n<!-- \/ Yoast SEO plugin. -->","yoast_head_json":{"title":"Ketaminpulver til salgs p\u00e5 nett | Global Meds Inc.","description":"Ketaminpulver til salgs p\u00e5 nett. Hvis du leter etter hvordan du kj\u00f8per ketamin p\u00e5 nettet, s\u00e5 er du p\u00e5 rett sted for \u00e5 kj\u00f8pe ketamin p\u00e5 nettet.","robots":{"index":"index","follow":"follow","max-snippet":"max-snippet:-1","max-image-preview":"max-image-preview:large","max-video-preview":"max-video-preview:-1"},"canonical":"https:\/\/globalmedsonlineinc.com\/no\/product\/pain-killers\/ketamin-pulver\/","og_locale":"nn_NO","og_type":"article","og_title":"Ketaminpulver til salgs p\u00e5 nett | Global Meds Inc.","og_description":"Ketaminpulver til salgs p\u00e5 nett. Hvis du leter etter hvordan du kj\u00f8per ketamin p\u00e5 nettet, s\u00e5 er du p\u00e5 rett sted for \u00e5 kj\u00f8pe ketamin p\u00e5 nettet.","og_url":"https:\/\/globalmedsonlineinc.com\/no\/product\/pain-killers\/ketamin-pulver\/","og_site_name":"Global Meds Inc","article_modified_time":"2024-02-21T10:18:22+00:00","og_image":[{"width":225,"height":225,"url":"https:\/\/globalmedsonlineinc.com\/no\/content\/media\/uploads\/sites\/10\/2021\/10\/Ketamine.jpg","type":"image\/jpeg"}],"twitter_card":"summary_large_image","twitter_misc":{"Est. reading time":"1 minutt"},"schema":{"@context":"https:\/\/schema.org","@graph":[{"@type":"WebPage","@id":"https:\/\/globalmedsonlineinc.com\/no\/product\/pain-killers\/ketamin-pulver\/","url":"https:\/\/globalmedsonlineinc.com\/no\/product\/pain-killers\/ketamin-pulver\/","name":"Ketaminpulver til salgs p\u00e5 nett | Global Meds Inc.","isPartOf":{"@id":"https:\/\/globalmedsonlineinc.com\/no\/#website"},"primaryImageOfPage":{"@id":"https:\/\/globalmedsonlineinc.com\/no\/product\/pain-killers\/ketamin-pulver\/#primaryimage"},"image":{"@id":"https:\/\/globalmedsonlineinc.com\/no\/product\/pain-killers\/ketamin-pulver\/#primaryimage"},"thumbnailUrl":"https:\/\/globalmedsonlineinc.com\/no\/content\/media\/uploads\/sites\/10\/2021\/10\/Ketamine.jpg","datePublished":"2021-10-31T05:31:34+00:00","dateModified":"2024-02-21T10:18:22+00:00","description":"Ketaminpulver til salgs p\u00e5 nett. Hvis du leter etter hvordan du kj\u00f8per ketamin p\u00e5 nettet, s\u00e5 er du p\u00e5 rett sted for \u00e5 kj\u00f8pe ketamin p\u00e5 nettet.","breadcrumb":{"@id":"https:\/\/globalmedsonlineinc.com\/no\/product\/pain-killers\/ketamin-pulver\/#breadcrumb"},"inLanguage":"nn-NO","potentialAction":[{"@type":"ReadAction","target":["https:\/\/globalmedsonlineinc.com\/no\/product\/pain-killers\/ketamin-pulver\/"]}]},{"@type":"ImageObject","inLanguage":"nn-NO","@id":"https:\/\/globalmedsonlineinc.com\/no\/product\/pain-killers\/ketamin-pulver\/#primaryimage","url":"https:\/\/globalmedsonlineinc.com\/no\/content\/media\/uploads\/sites\/10\/2021\/10\/Ketamine.jpg","contentUrl":"https:\/\/globalmedsonlineinc.com\/no\/content\/media\/uploads\/sites\/10\/2021\/10\/Ketamine.jpg","width":225,"height":225,"caption":"Ketaminpulver til salgs p\u00e5 nett"},{"@type":"BreadcrumbList","@id":"https:\/\/globalmedsonlineinc.com\/no\/product\/pain-killers\/ketamin-pulver\/#breadcrumb","itemListElement":[{"@type":"ListItem","position":1,"name":"Home","item":"https:\/\/globalmedsonlineinc.com\/no\/"},{"@type":"ListItem","position":2,"name":"Produkter","item":"https:\/\/globalmedsonlineinc.com\/no\/produkter\/"},{"@type":"ListItem","position":3,"name":"Kj\u00f8p ketaminpulver p\u00e5 nett"}]},{"@type":"WebSite","@id":"https:\/\/globalmedsonlineinc.com\/no\/#website","url":"https:\/\/globalmedsonlineinc.com\/no\/","name":"Global Meds Inc","description":"","publisher":{"@id":"https:\/\/globalmedsonlineinc.com\/no\/#organization"},"potentialAction":[{"@type":"SearchAction","target":{"@type":"EntryPoint","urlTemplate":"https:\/\/globalmedsonlineinc.com\/no\/?s={search_term_string}"},"query-input":{"@type":"PropertyValueSpecification","valueRequired":true,"valueName":"search_term_string"}}],"inLanguage":"nn-NO"},{"@type":"Organization","@id":"https:\/\/globalmedsonlineinc.com\/no\/#organization","name":"Global Meds Inc.","url":"https:\/\/globalmedsonlineinc.com\/no\/","logo":{"@type":"ImageObject","inLanguage":"nn-NO","@id":"https:\/\/globalmedsonlineinc.com\/no\/#\/schema\/logo\/image\/","url":"https:\/\/globalmedsonlineinc.com\/no\/content\/media\/uploads\/sites\/10\/2021\/06\/globalmedsonlineincLogoShop20210630123730.00.png","contentUrl":"https:\/\/globalmedsonlineinc.com\/no\/content\/media\/uploads\/sites\/10\/2021\/06\/globalmedsonlineincLogoShop20210630123730.00.png","width":450,"height":117,"caption":"Global Meds Inc."},"image":{"@id":"https:\/\/globalmedsonlineinc.com\/no\/#\/schema\/logo\/image\/"}}]}},"_links":{"self":[{"href":"https:\/\/globalmedsonlineinc.com\/no\/wp-json\/wp\/v2\/product\/10542","targetHints":{"allow":["GET"]}}],"collection":[{"href":"https:\/\/globalmedsonlineinc.com\/no\/wp-json\/wp\/v2\/product"}],"about":[{"href":"https:\/\/globalmedsonlineinc.com\/no\/wp-json\/wp\/v2\/types\/product"}],"replies":[{"embeddable":true,"href":"https:\/\/globalmedsonlineinc.com\/no\/wp-json\/wp\/v2\/comments?post=10542"}],"wp:featuredmedia":[{"embeddable":true,"href":"https:\/\/globalmedsonlineinc.com\/no\/wp-json\/wp\/v2\/media\/10549"}],"wp:attachment":[{"href":"https:\/\/globalmedsonlineinc.com\/no\/wp-json\/wp\/v2\/media?parent=10542"}],"wp:term":[{"taxonomy":"product_brand","embeddable":true,"href":"https:\/\/globalmedsonlineinc.com\/no\/wp-json\/wp\/v2\/product_brand?post=10542"},{"taxonomy":"product_cat","embeddable":true,"href":"https:\/\/globalmedsonlineinc.com\/no\/wp-json\/wp\/v2\/product_cat?post=10542"},{"taxonomy":"product_tag","embeddable":true,"href":"https:\/\/globalmedsonlineinc.com\/no\/wp-json\/wp\/v2\/product_tag?post=10542"}],"curies":[{"name":"wp","href":"https:\/\/api.w.org\/{rel}","templated":true}]}}