{"id":8973,"date":"2021-06-30T20:56:09","date_gmt":"2021-06-30T20:56:09","guid":{"rendered":"https:\/\/globalmedsonlineinc.com\/nl\/?post_type=product&#038;p=8973"},"modified":"2024-02-19T14:18:54","modified_gmt":"2024-02-19T14:18:54","slug":"seconal-natrium-kopen","status":"publish","type":"product","link":"https:\/\/globalmedsonlineinc.com\/nl\/product\/nembutal-pentobarbital\/seconal-natrium-kopen\/","title":{"rendered":"Koop Seconal Natrium online"},"content":{"rendered":"<h1 class=\"lRu31\" dir=\"ltr\"><span class=\"HwtZe\" lang=\"nl\"><span class=\"jCAhz ChMk0b\"><span class=\"ryNqvb\">Seconal Natrium online te koop<\/span><\/span><\/span><\/h1>\n<p><a href=\"https:\/\/globalmedsonlineinc.com\/nl\/product\/nembutal-pentobarbital\/seconal-natrium-kopen\/\"><span class=\"VIiyi\" lang=\"nl\"><span class=\"JLqJ4b ChMk0b C1N51c\" data-language-for-alternatives=\"nl\" data-language-to-translate-into=\"en\" data-phrase-index=\"0\">Seconal Natrium online te koop<\/span><\/span><\/a>. Online Nembutal Pharmacy is nu beschikbaar met Seconal Natrium aan de beste prijzen. Als u Seconal Sodium online wilt kopen, sla dan vandaag nog uw slag bij onze online apotheek en krijg ze volbracht binnen een korte tijdspanne. Alles wat u hoeft te doen is bestellen Seconal Natrium en onze teamleden zal voorbereiden en verpakken voor u gevolgd door tijdige levering. Wij zijn een professionele en betrouwbare apotheek die consequent in <a href=\"https:\/\/nl.wikipedia.org\/wiki\/Barbituraat\">deze<\/a> industrie voor decennia heeft gewerkt. U kunt op ons rekenen voor wat betreft het verkrijgen van de beste kwaliteit geneesmiddelen en dat ook binnen de genoemde termijn.<\/p>\n<h6 class=\"tt\">Wat kan Seconal Sodium U bieden? Waarom kiezen voor ons om het te kopen?<\/h6>\n<p>Seconal natrium wordt gebruikt om u te kalmeren net voor de operatie. Seconal Natrium heeft een plaats in een klasse van medicijnen bekend als barbituraat hypnotica. Het werkt door het be\u00efnvloeden van bepaalde delen van de hersenen om u te kalmeren. Oudere volwassenen moeten praten over de risico&#8217;s en voordelen van deze medicatie met hun arts of medicijnenspecialist, net als andere krachtige en mogelijk veiliger behandelingen. Lees de medicatie gids die samen met het product door onze online apotheek voordat u begint met het nemen van Seconal natrium en elke keer dat u een top off. Als u vragen hebt, raadpleeg dan uw arts of geneesmiddel specialist. Neem deze medicatie door mond op een ongevulde maag zoals geco\u00f6rdineerd door uw arts v\u00f3\u00f3r de operatie.<\/p>\n<p><strong>Seconal Sodium wordt uitsluitend gebruikt voor de volgende aandoeningen:<\/strong><\/p>\n<ul>\n<li>additionele plaatselijke verdoving<\/li>\n<li>extra middel om algemene anesthesie op te wekken<\/li>\n<\/ul>\n<p>Seconal natrium Secobarbital te koop bij Online Nembutal apotheek en wij zullen hetzelfde te leveren op uw gewenste locatie zo spoedig mogelijk. Sta ons toe om u te dienen in de beste manier waarop we konden. U kunt volledig vertrouwen op onze Online Nembutal apotheek en verwacht het beste van ons. Wij zijn altijd beschikbaar voor onze belangrijke klanten in het bereiken van hun behoeften en eisen. Neem direct contact met ons op!<\/p>\n<p>Goede kwaliteit Seconal Natrium online: Het is volkomen duidelijk dat mensen de kwaliteit van Seconal Sodium online die online wordt verkocht niet snel vertrouwen omdat ze het niet fysiek kunnen onderzoeken. Maar het is niet hetzelfde met online Seconal Sodium online leveranciers. De producten hier zijn trouw aan hun beschrijving met hoogwaardig onderhoud onder toezicht van experts.<\/p>\n<p>Snelle en discrete verzending: De levering van de Seconal Sodium online na ontvangst van de bestelling gebeurt binnen de beloofde termijn. Het verzendteam doet er alles aan om de verzend- en leveringsprocedure soepel en snel te laten verlopen. Ook bij het online kopen van Seconal Sodium kunt u uitstekende service verwachten van de professional op het online platform.<\/p>\n","protected":false},"excerpt":{"rendered":"<p><strong>Get In Contact Met Online Nembutal Apotheek<\/strong><\/p>\n<p>Online Nembutal Pharmacy is beschikbaar voor alle mensen wereldwijd. U kunt ons altijd en overal bereiken. We reageren altijd op onze klanten binnen een paar momenten en helpen hen met hun vragen. Zodra wij de bestelgegevens van u hebben ontvangen, beginnen wij met de verpakking van hetzelfde in het volgende moment. Wij zorgen ervoor dat alle medicijnen zijn het bereiken van onze klanten in een veilige en goede verpakking zonder damaged.With ons, hoeft u niet een van beide zorgen te maken over de kwaliteit van de medicijnen of de levering status. Wij zijn aanwezig om alle verantwoordelijkheden op ons te nemen. U zult alleen het beste voor uw gezondheid van hier ontvangen. U kunt een oproep, e-mail, of tekst naar ons geven. Koop Seconal Natrium Secobarbital 100mg vandaag en krijg het geleverd in een korte periode van tijd van Online Nembutal Apotheek.<\/p>\n","protected":false},"featured_media":8994,"comment_status":"open","ping_status":"closed","template":"","meta":{"_acf_changed":false,"_monsterinsights_skip_tracking":false,"_monsterinsights_sitenote_active":false,"_monsterinsights_sitenote_note":"","_monsterinsights_sitenote_category":0},"product_brand":[],"product_cat":[87],"product_tag":[],"class_list":{"0":"post-8973","1":"product","2":"type-product","3":"status-publish","4":"has-post-thumbnail","6":"product_cat-nembutal-pentobarbital","8":"first","9":"instock","10":"shipping-taxable","11":"purchasable","12":"product-type-variable","13":"has-default-attributes"},"acf":[],"yoast_head":"<!-- This site is optimized with the Yoast SEO plugin v27.2 - https:\/\/yoast.com\/product\/yoast-seo-wordpress\/ -->\n<title>Seconal Natrium online te koop - Global Meds Inc.<\/title>\n<meta name=\"description\" content=\"Seconal Natrium online te koop. Wij verkopen de beste kwaliteit Seconal Natrium. Neem gerust contact met ons op voor meer informatie en prijzen.\" \/>\n<meta name=\"robots\" content=\"index, follow, max-snippet:-1, max-image-preview:large, max-video-preview:-1\" \/>\n<link rel=\"canonical\" href=\"https:\/\/globalmedsonlineinc.com\/nl\/product\/nembutal-pentobarbital\/seconal-natrium-kopen\/\" \/>\n<meta property=\"og:locale\" content=\"nl_NL\" \/>\n<meta property=\"og:type\" content=\"article\" \/>\n<meta property=\"og:title\" content=\"Seconal Natrium online te koop - Global Meds Inc.\" \/>\n<meta property=\"og:description\" content=\"Seconal Natrium online te koop. Wij verkopen de beste kwaliteit Seconal Natrium. Neem gerust contact met ons op voor meer informatie en prijzen.\" \/>\n<meta property=\"og:url\" content=\"https:\/\/globalmedsonlineinc.com\/nl\/product\/nembutal-pentobarbital\/seconal-natrium-kopen\/\" \/>\n<meta property=\"og:site_name\" content=\"Global Meds Inc\" \/>\n<meta property=\"article:modified_time\" content=\"2024-02-19T14:18:54+00:00\" \/>\n<meta property=\"og:image\" content=\"https:\/\/globalmedsonlineinc.com\/nl\/content\/media\/uploads\/sites\/3\/2021\/06\/seconal-sodium.jpg\" \/>\n\t<meta property=\"og:image:width\" content=\"600\" \/>\n\t<meta property=\"og:image:height\" content=\"600\" \/>\n\t<meta property=\"og:image:type\" content=\"image\/jpeg\" \/>\n<meta name=\"twitter:card\" content=\"summary_large_image\" \/>\n<meta name=\"twitter:label1\" content=\"Geschatte leestijd\" \/>\n\t<meta name=\"twitter:data1\" content=\"3 minuten\" \/>\n<script type=\"application\/ld+json\" class=\"yoast-schema-graph\">{\"@context\":\"https:\/\/schema.org\",\"@graph\":[{\"@type\":\"WebPage\",\"@id\":\"https:\/\/globalmedsonlineinc.com\/nl\/product\/nembutal-pentobarbital\/seconal-natrium-kopen\/\",\"url\":\"https:\/\/globalmedsonlineinc.com\/nl\/product\/nembutal-pentobarbital\/seconal-natrium-kopen\/\",\"name\":\"Seconal Natrium online te koop - Global Meds Inc.\",\"isPartOf\":{\"@id\":\"https:\/\/globalmedsonlineinc.com\/nl\/#website\"},\"primaryImageOfPage\":{\"@id\":\"https:\/\/globalmedsonlineinc.com\/nl\/product\/nembutal-pentobarbital\/seconal-natrium-kopen\/#primaryimage\"},\"image\":{\"@id\":\"https:\/\/globalmedsonlineinc.com\/nl\/product\/nembutal-pentobarbital\/seconal-natrium-kopen\/#primaryimage\"},\"thumbnailUrl\":\"https:\/\/globalmedsonlineinc.com\/nl\/content\/media\/uploads\/sites\/3\/2021\/06\/seconal-sodium.jpg\",\"datePublished\":\"2021-06-30T20:56:09+00:00\",\"dateModified\":\"2024-02-19T14:18:54+00:00\",\"description\":\"Seconal Natrium online te koop. Wij verkopen de beste kwaliteit Seconal Natrium. Neem gerust contact met ons op voor meer informatie en prijzen.\",\"breadcrumb\":{\"@id\":\"https:\/\/globalmedsonlineinc.com\/nl\/product\/nembutal-pentobarbital\/seconal-natrium-kopen\/#breadcrumb\"},\"inLanguage\":\"nl-NL\",\"potentialAction\":[{\"@type\":\"ReadAction\",\"target\":[\"https:\/\/globalmedsonlineinc.com\/nl\/product\/nembutal-pentobarbital\/seconal-natrium-kopen\/\"]}]},{\"@type\":\"ImageObject\",\"inLanguage\":\"nl-NL\",\"@id\":\"https:\/\/globalmedsonlineinc.com\/nl\/product\/nembutal-pentobarbital\/seconal-natrium-kopen\/#primaryimage\",\"url\":\"https:\/\/globalmedsonlineinc.com\/nl\/content\/media\/uploads\/sites\/3\/2021\/06\/seconal-sodium.jpg\",\"contentUrl\":\"https:\/\/globalmedsonlineinc.com\/nl\/content\/media\/uploads\/sites\/3\/2021\/06\/seconal-sodium.jpg\",\"width\":600,\"height\":600,\"caption\":\"Seconal Natrium online te koop\"},{\"@type\":\"BreadcrumbList\",\"@id\":\"https:\/\/globalmedsonlineinc.com\/nl\/product\/nembutal-pentobarbital\/seconal-natrium-kopen\/#breadcrumb\",\"itemListElement\":[{\"@type\":\"ListItem\",\"position\":1,\"name\":\"Home\",\"item\":\"https:\/\/globalmedsonlineinc.com\/nl\/\"},{\"@type\":\"ListItem\",\"position\":2,\"name\":\"Producten\",\"item\":\"https:\/\/globalmedsonlineinc.com\/nl\/producten\/\"},{\"@type\":\"ListItem\",\"position\":3,\"name\":\"Koop Seconal Natrium online\"}]},{\"@type\":\"WebSite\",\"@id\":\"https:\/\/globalmedsonlineinc.com\/nl\/#website\",\"url\":\"https:\/\/globalmedsonlineinc.com\/nl\/\",\"name\":\"Global Meds Inc\",\"description\":\"\",\"potentialAction\":[{\"@type\":\"SearchAction\",\"target\":{\"@type\":\"EntryPoint\",\"urlTemplate\":\"https:\/\/globalmedsonlineinc.com\/nl\/?s={search_term_string}\"},\"query-input\":{\"@type\":\"PropertyValueSpecification\",\"valueRequired\":true,\"valueName\":\"search_term_string\"}}],\"inLanguage\":\"nl-NL\"}]}<\/script>\n<!-- \/ Yoast SEO plugin. -->","yoast_head_json":{"title":"Seconal Natrium online te koop - Global Meds Inc.","description":"Seconal Natrium online te koop. Wij verkopen de beste kwaliteit Seconal Natrium. Neem gerust contact met ons op voor meer informatie en prijzen.","robots":{"index":"index","follow":"follow","max-snippet":"max-snippet:-1","max-image-preview":"max-image-preview:large","max-video-preview":"max-video-preview:-1"},"canonical":"https:\/\/globalmedsonlineinc.com\/nl\/product\/nembutal-pentobarbital\/seconal-natrium-kopen\/","og_locale":"nl_NL","og_type":"article","og_title":"Seconal Natrium online te koop - Global Meds Inc.","og_description":"Seconal Natrium online te koop. Wij verkopen de beste kwaliteit Seconal Natrium. Neem gerust contact met ons op voor meer informatie en prijzen.","og_url":"https:\/\/globalmedsonlineinc.com\/nl\/product\/nembutal-pentobarbital\/seconal-natrium-kopen\/","og_site_name":"Global Meds Inc","article_modified_time":"2024-02-19T14:18:54+00:00","og_image":[{"width":600,"height":600,"url":"https:\/\/globalmedsonlineinc.com\/nl\/content\/media\/uploads\/sites\/3\/2021\/06\/seconal-sodium.jpg","type":"image\/jpeg"}],"twitter_card":"summary_large_image","twitter_misc":{"Geschatte leestijd":"3 minuten"},"schema":{"@context":"https:\/\/schema.org","@graph":[{"@type":"WebPage","@id":"https:\/\/globalmedsonlineinc.com\/nl\/product\/nembutal-pentobarbital\/seconal-natrium-kopen\/","url":"https:\/\/globalmedsonlineinc.com\/nl\/product\/nembutal-pentobarbital\/seconal-natrium-kopen\/","name":"Seconal Natrium online te koop - Global Meds Inc.","isPartOf":{"@id":"https:\/\/globalmedsonlineinc.com\/nl\/#website"},"primaryImageOfPage":{"@id":"https:\/\/globalmedsonlineinc.com\/nl\/product\/nembutal-pentobarbital\/seconal-natrium-kopen\/#primaryimage"},"image":{"@id":"https:\/\/globalmedsonlineinc.com\/nl\/product\/nembutal-pentobarbital\/seconal-natrium-kopen\/#primaryimage"},"thumbnailUrl":"https:\/\/globalmedsonlineinc.com\/nl\/content\/media\/uploads\/sites\/3\/2021\/06\/seconal-sodium.jpg","datePublished":"2021-06-30T20:56:09+00:00","dateModified":"2024-02-19T14:18:54+00:00","description":"Seconal Natrium online te koop. Wij verkopen de beste kwaliteit Seconal Natrium. Neem gerust contact met ons op voor meer informatie en prijzen.","breadcrumb":{"@id":"https:\/\/globalmedsonlineinc.com\/nl\/product\/nembutal-pentobarbital\/seconal-natrium-kopen\/#breadcrumb"},"inLanguage":"nl-NL","potentialAction":[{"@type":"ReadAction","target":["https:\/\/globalmedsonlineinc.com\/nl\/product\/nembutal-pentobarbital\/seconal-natrium-kopen\/"]}]},{"@type":"ImageObject","inLanguage":"nl-NL","@id":"https:\/\/globalmedsonlineinc.com\/nl\/product\/nembutal-pentobarbital\/seconal-natrium-kopen\/#primaryimage","url":"https:\/\/globalmedsonlineinc.com\/nl\/content\/media\/uploads\/sites\/3\/2021\/06\/seconal-sodium.jpg","contentUrl":"https:\/\/globalmedsonlineinc.com\/nl\/content\/media\/uploads\/sites\/3\/2021\/06\/seconal-sodium.jpg","width":600,"height":600,"caption":"Seconal Natrium online te koop"},{"@type":"BreadcrumbList","@id":"https:\/\/globalmedsonlineinc.com\/nl\/product\/nembutal-pentobarbital\/seconal-natrium-kopen\/#breadcrumb","itemListElement":[{"@type":"ListItem","position":1,"name":"Home","item":"https:\/\/globalmedsonlineinc.com\/nl\/"},{"@type":"ListItem","position":2,"name":"Producten","item":"https:\/\/globalmedsonlineinc.com\/nl\/producten\/"},{"@type":"ListItem","position":3,"name":"Koop Seconal Natrium online"}]},{"@type":"WebSite","@id":"https:\/\/globalmedsonlineinc.com\/nl\/#website","url":"https:\/\/globalmedsonlineinc.com\/nl\/","name":"Global Meds Inc","description":"","potentialAction":[{"@type":"SearchAction","target":{"@type":"EntryPoint","urlTemplate":"https:\/\/globalmedsonlineinc.com\/nl\/?s={search_term_string}"},"query-input":{"@type":"PropertyValueSpecification","valueRequired":true,"valueName":"search_term_string"}}],"inLanguage":"nl-NL"}]}},"_links":{"self":[{"href":"https:\/\/globalmedsonlineinc.com\/nl\/wp-json\/wp\/v2\/product\/8973","targetHints":{"allow":["GET"]}}],"collection":[{"href":"https:\/\/globalmedsonlineinc.com\/nl\/wp-json\/wp\/v2\/product"}],"about":[{"href":"https:\/\/globalmedsonlineinc.com\/nl\/wp-json\/wp\/v2\/types\/product"}],"replies":[{"embeddable":true,"href":"https:\/\/globalmedsonlineinc.com\/nl\/wp-json\/wp\/v2\/comments?post=8973"}],"wp:featuredmedia":[{"embeddable":true,"href":"https:\/\/globalmedsonlineinc.com\/nl\/wp-json\/wp\/v2\/media\/8994"}],"wp:attachment":[{"href":"https:\/\/globalmedsonlineinc.com\/nl\/wp-json\/wp\/v2\/media?parent=8973"}],"wp:term":[{"taxonomy":"product_brand","embeddable":true,"href":"https:\/\/globalmedsonlineinc.com\/nl\/wp-json\/wp\/v2\/product_brand?post=8973"},{"taxonomy":"product_cat","embeddable":true,"href":"https:\/\/globalmedsonlineinc.com\/nl\/wp-json\/wp\/v2\/product_cat?post=8973"},{"taxonomy":"product_tag","embeddable":true,"href":"https:\/\/globalmedsonlineinc.com\/nl\/wp-json\/wp\/v2\/product_tag?post=8973"}],"curies":[{"name":"wp","href":"https:\/\/api.w.org\/{rel}","templated":true}]}}