{"id":9255,"date":"2021-07-02T22:42:13","date_gmt":"2021-07-02T22:42:13","guid":{"rendered":"https:\/\/globalmedsonlineinc.com\/it\/?post_type=product&#038;p=9255"},"modified":"2024-02-20T10:59:40","modified_gmt":"2024-02-20T10:59:40","slug":"mdpv","status":"publish","type":"product","link":"https:\/\/globalmedsonlineinc.com\/it\/product\/research-chemicals\/mdpv\/","title":{"rendered":"Comprare MDPV online"},"content":{"rendered":"<h1>Cristallo di MDPV in vendita online<\/h1>\n<p><a href=\"https:\/\/globalmedsonlineinc.com\/it\/product\/research-chemicals\/mdpv\/\">Cristallo di MDPV in vendita online<\/a>. Circa MDPV (Methylenedioxypyrovalerone)<br \/>\nMethylenedioxypyrovalerone (MDPV) \u00e8 uno stimolante della classe dei catoni che agisce come un inibitore della ricaptazione della noradrenalina-dopamina.<br \/>\n\u00c8 stato sviluppato per la prima volta negli anni &#8217;60 da un team della Boehringer Ingelheim.<br \/>\nLa sua attivit\u00e0 sul trasportatore della dopamina \u00e8 sei volte pi\u00f9 forte che sul trasportatore della noradrenalina ed \u00e8 praticamente inattivo sul trasportatore della serotonina.<\/p>\n<p>\u00e8 rimasto uno stimolante oscuro fino a circa il 2004, quando \u00e8 stato riferito che \u00e8 stato venduto come una droga di design. Fino al divieto nel 2011, i prodotti contenenti Methylenedioxypyrovalerone ed etichettati come sali da bagno sono stati venduti come <a href=\"https:\/\/it.wikipedia.org\/wiki\/Metilenediossipirovalerone\">droghe ricreative<\/a> nelle stazioni di servizio e nei minimarket negli Stati Uniti, in modo simile al marketing per Spice e K2 come incenso.<\/p>\n<p>Aspetto della MDPV<br \/>\nIl sale cloridrato esiste come una polvere cristallina molto fine che \u00e8 igroscopica.<\/p>\n<p>Quindi, tende a formare grumi, assomigliando a qualcosa come lo zucchero in polvere.<br \/>\nInoltre, il suo colore pu\u00f2 variare dal bianco puro a un giallo-marrone e ha un leggero odore che si rafforza quando si colora.<\/p>\n<p>Farmacologia della MDPV<br \/>\nIl metilendioxpirovalerone ha un record di uso medico approvato dalla FDA.<\/p>\n<p>\u00c8 stato dimostrato che produce robusti effetti di rinforzo e autosomministrazione compulsiva nei ratti, anche se questo era gi\u00e0 stato provvisoriamente stabilito da una serie di casi documentati di abuso e dipendenza negli esseri umani prima che i test sugli animali fossero condotti.<\/p>\n<p>L&#8217;MDPV \u00e8 l&#8217;analogo 3,4-metilendiossi sostituito all&#8217;anello del composto pirovalerone, sviluppato negli anni &#8217;60, che \u00e8 stato usato per il trattamento della fatica cronica e come anoressizzante.<\/p>\n<p>Effetti dell&#8217;MDPV<br \/>\nL&#8217;MDPV agisce come uno stimolante ed \u00e8 stato segnalato per produrre effetti simili a quelli della cocaina, del metilfenidato e delle anfetamine.<\/p>\n<p>Gli effetti psicologici primari hanno una durata di circa 3 o 4 ore, con postumi come tachicardia, ipertensione e lieve stimolazione che durano da 6 a 8 ore. dosi elevate sono state osservate per causare intensi e prolungati attacchi di panico nei consumatori intolleranti agli stimolanti.<\/p>\n<p>Inoltre, ci sono rapporti aneddotici di psicosi da astinenza dal sonno e dipendenza a dosi pi\u00f9 elevate o intervalli di dosaggio pi\u00f9 frequenti.<\/p>\n<p>Le modalit\u00e0 di assunzione riportate includono il consumo orale, l&#8217;insufflazione, il fumo, l&#8217;uso rettale ed endovenoso.<\/p>\n<p>Si suppone che sia attivo a 3-5 mg, con dosi tipiche che vanno tra 5-20 mg.<\/p>\n<p>Buona qualit\u00e0 MDPV online: \u00c8 del tutto comprensibile che la gente non si fidi rapidamente della qualit\u00e0 del MDPV venduto online perch\u00e9 non pu\u00f2 esaminarlo fisicamente. Ma non \u00e8 la stessa cosa con i fornitori di MDPV online. I prodotti qui sono fedeli alla loro descrizione con una manutenzione di alta qualit\u00e0 fatta sotto la supervisione degli esperti.<\/p>\n<p>Veloce &amp; Spedizione discreta: La consegna del MDPV dopo aver ricevuto l&#8217;ordine avviene nei tempi promessi. Il team di spedizione mette tutto il suo impegno nel rendere la procedura di spedizione e consegna liscia e veloce. Puoi anche aspettarti servizi eccellenti quando acquisti Fentany dal professionista sulla piattaforma online.<\/p>\n","protected":false},"excerpt":{"rendered":"<p>Compra MDPV puro online.<\/p>\n<p>ordinare almeno 10 grammi minimo. per alcune localit\u00e0, accettiamo solo 25 grammi importo minimo dell&#8217;ordine. spero che vi piaccia la qualit\u00e0 del nostro prodotto. per qualsiasi informazione contattateci direttamente.<\/p>\n<p>Abbiamo la migliore qualit\u00e0 MDPV in vendita sul nostro negozio online, offriamo anche la consegna discreta e il pagamento \u00e8 sicuro con il 100% di privacy garantita in ogni momento. provaci e vedi il risultato. dal momento che abbiamo MDPV in vendita online, consideriamo la privacy e la sicurezza dei nostri utenti e noi molto importante e come tale, abbiamo fatto un sistema di pagamento sicuro per tutti voi. godere di acquistare MDPV online dal nostro negozio<\/p>\n","protected":false},"featured_media":9261,"comment_status":"open","ping_status":"closed","template":"","meta":{"_acf_changed":false,"_monsterinsights_skip_tracking":false,"_monsterinsights_sitenote_active":false,"_monsterinsights_sitenote_note":"","_monsterinsights_sitenote_category":0},"product_brand":[],"product_cat":[53],"product_tag":[],"class_list":{"0":"post-9255","1":"product","2":"type-product","3":"status-publish","4":"has-post-thumbnail","6":"product_cat-research-chemicals","8":"first","9":"instock","10":"sale","11":"shipping-taxable","12":"purchasable","13":"product-type-variable","14":"has-default-attributes"},"acf":[],"yoast_head":"<!-- This site is optimized with the Yoast SEO plugin v27.2 - https:\/\/yoast.com\/product\/yoast-seo-wordpress\/ -->\n<title>Cristallo di MDPV in vendita online | Global Meds Inc<\/title>\n<meta name=\"description\" content=\"Cristallo di MDPV in vendita online. Vendiamo il Cristallo MDPV della migliore qualit\u00e0. Vi invitiamo a contattarci per ulteriori informazioni e prezzi.\" \/>\n<meta name=\"robots\" content=\"index, follow, max-snippet:-1, max-image-preview:large, max-video-preview:-1\" \/>\n<link rel=\"canonical\" href=\"https:\/\/globalmedsonlineinc.com\/it\/product\/research-chemicals\/mdpv\/\" \/>\n<meta property=\"og:locale\" content=\"it_IT\" \/>\n<meta property=\"og:type\" content=\"article\" \/>\n<meta property=\"og:title\" content=\"Cristallo di MDPV in vendita online | Global Meds Inc\" \/>\n<meta property=\"og:description\" content=\"Cristallo di MDPV in vendita online. Vendiamo il Cristallo MDPV della migliore qualit\u00e0. Vi invitiamo a contattarci per ulteriori informazioni e prezzi.\" \/>\n<meta property=\"og:url\" content=\"https:\/\/globalmedsonlineinc.com\/it\/product\/research-chemicals\/mdpv\/\" \/>\n<meta property=\"og:site_name\" content=\"Global Meds Inc\" \/>\n<meta property=\"article:modified_time\" content=\"2024-02-20T10:59:40+00:00\" \/>\n<meta property=\"og:image\" content=\"https:\/\/globalmedsonlineinc.com\/it\/content\/media\/uploads\/sites\/9\/2021\/07\/MDPV.jpg\" \/>\n\t<meta property=\"og:image:width\" content=\"1200\" \/>\n\t<meta property=\"og:image:height\" content=\"1200\" \/>\n\t<meta property=\"og:image:type\" content=\"image\/jpeg\" \/>\n<meta name=\"twitter:card\" content=\"summary_large_image\" \/>\n<meta name=\"twitter:label1\" content=\"Tempo di lettura stimato\" \/>\n\t<meta name=\"twitter:data1\" content=\"3 minuti\" \/>\n<script type=\"application\/ld+json\" class=\"yoast-schema-graph\">{\"@context\":\"https:\/\/schema.org\",\"@graph\":[{\"@type\":\"WebPage\",\"@id\":\"https:\/\/globalmedsonlineinc.com\/it\/product\/research-chemicals\/mdpv\/\",\"url\":\"https:\/\/globalmedsonlineinc.com\/it\/product\/research-chemicals\/mdpv\/\",\"name\":\"Cristallo di MDPV in vendita online | Global Meds Inc\",\"isPartOf\":{\"@id\":\"https:\/\/globalmedsonlineinc.com\/it\/#website\"},\"primaryImageOfPage\":{\"@id\":\"https:\/\/globalmedsonlineinc.com\/it\/product\/research-chemicals\/mdpv\/#primaryimage\"},\"image\":{\"@id\":\"https:\/\/globalmedsonlineinc.com\/it\/product\/research-chemicals\/mdpv\/#primaryimage\"},\"thumbnailUrl\":\"https:\/\/globalmedsonlineinc.com\/it\/content\/media\/uploads\/sites\/9\/2021\/07\/MDPV.jpg\",\"datePublished\":\"2021-07-02T22:42:13+00:00\",\"dateModified\":\"2024-02-20T10:59:40+00:00\",\"description\":\"Cristallo di MDPV in vendita online. Vendiamo il Cristallo MDPV della migliore qualit\u00e0. Vi invitiamo a contattarci per ulteriori informazioni e prezzi.\",\"breadcrumb\":{\"@id\":\"https:\/\/globalmedsonlineinc.com\/it\/product\/research-chemicals\/mdpv\/#breadcrumb\"},\"inLanguage\":\"it-IT\",\"potentialAction\":[{\"@type\":\"ReadAction\",\"target\":[\"https:\/\/globalmedsonlineinc.com\/it\/product\/research-chemicals\/mdpv\/\"]}]},{\"@type\":\"ImageObject\",\"inLanguage\":\"it-IT\",\"@id\":\"https:\/\/globalmedsonlineinc.com\/it\/product\/research-chemicals\/mdpv\/#primaryimage\",\"url\":\"https:\/\/globalmedsonlineinc.com\/it\/content\/media\/uploads\/sites\/9\/2021\/07\/MDPV.jpg\",\"contentUrl\":\"https:\/\/globalmedsonlineinc.com\/it\/content\/media\/uploads\/sites\/9\/2021\/07\/MDPV.jpg\",\"width\":1200,\"height\":1200,\"caption\":\"Cristallo di MDPV in vendita online\"},{\"@type\":\"BreadcrumbList\",\"@id\":\"https:\/\/globalmedsonlineinc.com\/it\/product\/research-chemicals\/mdpv\/#breadcrumb\",\"itemListElement\":[{\"@type\":\"ListItem\",\"position\":1,\"name\":\"Home\",\"item\":\"https:\/\/globalmedsonlineinc.com\/it\/\"},{\"@type\":\"ListItem\",\"position\":2,\"name\":\"Prodotti\",\"item\":\"https:\/\/globalmedsonlineinc.com\/it\/prodotti\/\"},{\"@type\":\"ListItem\",\"position\":3,\"name\":\"Comprare MDPV online\"}]},{\"@type\":\"WebSite\",\"@id\":\"https:\/\/globalmedsonlineinc.com\/it\/#website\",\"url\":\"https:\/\/globalmedsonlineinc.com\/it\/\",\"name\":\"Global Meds Inc\",\"description\":\"\",\"publisher\":{\"@id\":\"https:\/\/globalmedsonlineinc.com\/it\/#organization\"},\"potentialAction\":[{\"@type\":\"SearchAction\",\"target\":{\"@type\":\"EntryPoint\",\"urlTemplate\":\"https:\/\/globalmedsonlineinc.com\/it\/?s={search_term_string}\"},\"query-input\":{\"@type\":\"PropertyValueSpecification\",\"valueRequired\":true,\"valueName\":\"search_term_string\"}}],\"inLanguage\":\"it-IT\"},{\"@type\":\"Organization\",\"@id\":\"https:\/\/globalmedsonlineinc.com\/it\/#organization\",\"name\":\"Global Meds Inc.\",\"url\":\"https:\/\/globalmedsonlineinc.com\/it\/\",\"logo\":{\"@type\":\"ImageObject\",\"inLanguage\":\"it-IT\",\"@id\":\"https:\/\/globalmedsonlineinc.com\/it\/#\/schema\/logo\/image\/\",\"url\":\"https:\/\/globalmedsonlineinc.com\/it\/content\/media\/uploads\/sites\/9\/2021\/06\/globalmedsonlineincLogoShop20210630123730.00.png\",\"contentUrl\":\"https:\/\/globalmedsonlineinc.com\/it\/content\/media\/uploads\/sites\/9\/2021\/06\/globalmedsonlineincLogoShop20210630123730.00.png\",\"width\":450,\"height\":117,\"caption\":\"Global Meds Inc.\"},\"image\":{\"@id\":\"https:\/\/globalmedsonlineinc.com\/it\/#\/schema\/logo\/image\/\"}}]}<\/script>\n<!-- \/ Yoast SEO plugin. -->","yoast_head_json":{"title":"Cristallo di MDPV in vendita online | Global Meds Inc","description":"Cristallo di MDPV in vendita online. Vendiamo il Cristallo MDPV della migliore qualit\u00e0. Vi invitiamo a contattarci per ulteriori informazioni e prezzi.","robots":{"index":"index","follow":"follow","max-snippet":"max-snippet:-1","max-image-preview":"max-image-preview:large","max-video-preview":"max-video-preview:-1"},"canonical":"https:\/\/globalmedsonlineinc.com\/it\/product\/research-chemicals\/mdpv\/","og_locale":"it_IT","og_type":"article","og_title":"Cristallo di MDPV in vendita online | Global Meds Inc","og_description":"Cristallo di MDPV in vendita online. Vendiamo il Cristallo MDPV della migliore qualit\u00e0. Vi invitiamo a contattarci per ulteriori informazioni e prezzi.","og_url":"https:\/\/globalmedsonlineinc.com\/it\/product\/research-chemicals\/mdpv\/","og_site_name":"Global Meds Inc","article_modified_time":"2024-02-20T10:59:40+00:00","og_image":[{"width":1200,"height":1200,"url":"https:\/\/globalmedsonlineinc.com\/it\/content\/media\/uploads\/sites\/9\/2021\/07\/MDPV.jpg","type":"image\/jpeg"}],"twitter_card":"summary_large_image","twitter_misc":{"Tempo di lettura stimato":"3 minuti"},"schema":{"@context":"https:\/\/schema.org","@graph":[{"@type":"WebPage","@id":"https:\/\/globalmedsonlineinc.com\/it\/product\/research-chemicals\/mdpv\/","url":"https:\/\/globalmedsonlineinc.com\/it\/product\/research-chemicals\/mdpv\/","name":"Cristallo di MDPV in vendita online | Global Meds Inc","isPartOf":{"@id":"https:\/\/globalmedsonlineinc.com\/it\/#website"},"primaryImageOfPage":{"@id":"https:\/\/globalmedsonlineinc.com\/it\/product\/research-chemicals\/mdpv\/#primaryimage"},"image":{"@id":"https:\/\/globalmedsonlineinc.com\/it\/product\/research-chemicals\/mdpv\/#primaryimage"},"thumbnailUrl":"https:\/\/globalmedsonlineinc.com\/it\/content\/media\/uploads\/sites\/9\/2021\/07\/MDPV.jpg","datePublished":"2021-07-02T22:42:13+00:00","dateModified":"2024-02-20T10:59:40+00:00","description":"Cristallo di MDPV in vendita online. Vendiamo il Cristallo MDPV della migliore qualit\u00e0. Vi invitiamo a contattarci per ulteriori informazioni e prezzi.","breadcrumb":{"@id":"https:\/\/globalmedsonlineinc.com\/it\/product\/research-chemicals\/mdpv\/#breadcrumb"},"inLanguage":"it-IT","potentialAction":[{"@type":"ReadAction","target":["https:\/\/globalmedsonlineinc.com\/it\/product\/research-chemicals\/mdpv\/"]}]},{"@type":"ImageObject","inLanguage":"it-IT","@id":"https:\/\/globalmedsonlineinc.com\/it\/product\/research-chemicals\/mdpv\/#primaryimage","url":"https:\/\/globalmedsonlineinc.com\/it\/content\/media\/uploads\/sites\/9\/2021\/07\/MDPV.jpg","contentUrl":"https:\/\/globalmedsonlineinc.com\/it\/content\/media\/uploads\/sites\/9\/2021\/07\/MDPV.jpg","width":1200,"height":1200,"caption":"Cristallo di MDPV in vendita online"},{"@type":"BreadcrumbList","@id":"https:\/\/globalmedsonlineinc.com\/it\/product\/research-chemicals\/mdpv\/#breadcrumb","itemListElement":[{"@type":"ListItem","position":1,"name":"Home","item":"https:\/\/globalmedsonlineinc.com\/it\/"},{"@type":"ListItem","position":2,"name":"Prodotti","item":"https:\/\/globalmedsonlineinc.com\/it\/prodotti\/"},{"@type":"ListItem","position":3,"name":"Comprare MDPV online"}]},{"@type":"WebSite","@id":"https:\/\/globalmedsonlineinc.com\/it\/#website","url":"https:\/\/globalmedsonlineinc.com\/it\/","name":"Global Meds Inc","description":"","publisher":{"@id":"https:\/\/globalmedsonlineinc.com\/it\/#organization"},"potentialAction":[{"@type":"SearchAction","target":{"@type":"EntryPoint","urlTemplate":"https:\/\/globalmedsonlineinc.com\/it\/?s={search_term_string}"},"query-input":{"@type":"PropertyValueSpecification","valueRequired":true,"valueName":"search_term_string"}}],"inLanguage":"it-IT"},{"@type":"Organization","@id":"https:\/\/globalmedsonlineinc.com\/it\/#organization","name":"Global Meds Inc.","url":"https:\/\/globalmedsonlineinc.com\/it\/","logo":{"@type":"ImageObject","inLanguage":"it-IT","@id":"https:\/\/globalmedsonlineinc.com\/it\/#\/schema\/logo\/image\/","url":"https:\/\/globalmedsonlineinc.com\/it\/content\/media\/uploads\/sites\/9\/2021\/06\/globalmedsonlineincLogoShop20210630123730.00.png","contentUrl":"https:\/\/globalmedsonlineinc.com\/it\/content\/media\/uploads\/sites\/9\/2021\/06\/globalmedsonlineincLogoShop20210630123730.00.png","width":450,"height":117,"caption":"Global Meds Inc."},"image":{"@id":"https:\/\/globalmedsonlineinc.com\/it\/#\/schema\/logo\/image\/"}}]}},"_links":{"self":[{"href":"https:\/\/globalmedsonlineinc.com\/it\/wp-json\/wp\/v2\/product\/9255","targetHints":{"allow":["GET"]}}],"collection":[{"href":"https:\/\/globalmedsonlineinc.com\/it\/wp-json\/wp\/v2\/product"}],"about":[{"href":"https:\/\/globalmedsonlineinc.com\/it\/wp-json\/wp\/v2\/types\/product"}],"replies":[{"embeddable":true,"href":"https:\/\/globalmedsonlineinc.com\/it\/wp-json\/wp\/v2\/comments?post=9255"}],"wp:featuredmedia":[{"embeddable":true,"href":"https:\/\/globalmedsonlineinc.com\/it\/wp-json\/wp\/v2\/media\/9261"}],"wp:attachment":[{"href":"https:\/\/globalmedsonlineinc.com\/it\/wp-json\/wp\/v2\/media?parent=9255"}],"wp:term":[{"taxonomy":"product_brand","embeddable":true,"href":"https:\/\/globalmedsonlineinc.com\/it\/wp-json\/wp\/v2\/product_brand?post=9255"},{"taxonomy":"product_cat","embeddable":true,"href":"https:\/\/globalmedsonlineinc.com\/it\/wp-json\/wp\/v2\/product_cat?post=9255"},{"taxonomy":"product_tag","embeddable":true,"href":"https:\/\/globalmedsonlineinc.com\/it\/wp-json\/wp\/v2\/product_tag?post=9255"}],"curies":[{"name":"wp","href":"https:\/\/api.w.org\/{rel}","templated":true}]}}