{"id":9247,"date":"2021-07-02T22:30:11","date_gmt":"2021-07-02T22:30:11","guid":{"rendered":"https:\/\/globalmedsonlineinc.com\/it\/?post_type=product&#038;p=9247"},"modified":"2024-02-20T11:00:53","modified_gmt":"2024-02-20T11:00:53","slug":"buphedrone","status":"publish","type":"product","link":"https:\/\/globalmedsonlineinc.com\/it\/product\/research-chemicals\/buphedrone\/","title":{"rendered":"Comprare Buphedrone online"},"content":{"rendered":"<h1>Polvere di Acquista Buphedrone online<\/h1>\n<p>Polvere di Comprare Buphedrone online<a href=\"https:\/\/en.wikipedia.org\/wiki\/Buphedrone\">. La storia del Buphedrone<\/a> inizia nel 1928. Quando la sostanza chimica di ricerca \u00e8 stata sintetizzata per la prima volta, \u00e8 stata inclusa nella classe delle fenetilamine e dei catinoni. \u00c8 vietato consumare il buphedrone per la vendita, ma \u00e8 disponibile sul mercato della chimica di ricerca per scopi di ricerca e forensi. Nel nostro negozio online di buphedrone si trova il Buphedrone in vendita cos\u00ec come molti altri stimolanti in vendita simili al Buphedrone.<\/p>\n<p>Conosciuta come MABP, questa droga progettata \u00e8 un beta-chetone. Se hai bisogno di comprare analoghi della metanfetamina, MABP sar\u00e0 una buona scelta.<\/p>\n<p>Puoi comprare MABP online con consegna in tutto il mondo. La nostra azienda \u00e8 impegnata in MABP all&#8217;ingrosso. Essendo incluso nella zona grigia ricerca chimica MABP \u00e8 ampiamente utilizzato tra i ricercatori e gli scienziati in vari test ed esperimenti. Quando hai bisogno di MABP Acquista online da venditori di fiducia SOLO. In questo modo otterrai sostanze pure a prezzi accessibili.<\/p>\n<p>Prima che i clienti ordinino MABP online, consigliamo di leggere le informazioni sugli effetti di MABP e sugli effetti collaterali per sapere cosa aspettarsi dall&#8217;esperienza con MABP. E&#8217; anche possibile conoscere i resoconti dei viaggi con MABP e i casi di morte con MABP, cos\u00ec come i brutti viaggi con MABP e le lesioni dalle dichiarazioni dei precedenti utenti che visitano la pagina MABP Erowid.<\/p>\n<p>La sensazione di euforia \u00e8 stata dichiarata da tutti gli utenti MABP. Hanno anche ammesso che \u00e8 molto importante come prendere e usare MABP. Non porta solo all&#8217;innalzamento dell&#8217;umore, ma le persone diventano pi\u00f9 loquaci, la loro frequenza cardiaca aumenta. Il loro discorso \u00e8 diventato confuso e non possono addormentarsi. Si sentono irrequieti e hanno aumentato le capacit\u00e0 di comunicazione e la motivazione.<\/p>\n<p>Il MABP \u00e8 un potente rilasciatore di dopamina. Confrontando la MABP e la metanfetamina, la MABP \u00e8 pi\u00f9 euforica e meno stimolante.<\/p>\n<p>La sensazione di euforia \u00e8 stata dichiarata da tutti i consumatori di Buphedrone. Hanno anche ammesso che \u00e8 molto importante come prendere e usare il Buphedrone. Non porta solo all&#8217;elevazione dell&#8217;umore, ma le persone sono diventate pi\u00f9 loquaci, la loro frequenza cardiaca aumenta. I loro discorsi sono diventati confusi e non possono addormentarsi. Si sentono irrequieti e hanno aumentato le capacit\u00e0 di comunicazione e la motivazione.<\/p>\n<p>Buona qualit\u00e0 Buphedrone online: E &#8216;completamente capito che la gente non rapidamente fiducia la qualit\u00e0 del Buphedrone venduto online perch\u00e9 non possono esaminare fisicamente. Ma non \u00e8 la stessa cosa con<a href=\"https:\/\/globalmedsonlineinc.com\/it\/product\/research-chemicals\/buphedrone\/\"> fornitori di Buphedrone online<\/a>. I prodotti qui sono fedeli alla loro descrizione con una manutenzione di alta qualit\u00e0 fatta sotto la supervisione degli esperti.<\/p>\n<p>Veloce &amp; Spedizione discreta: La consegna del Buphedrone dopo aver ricevuto l&#8217;ordine avviene entro i tempi promessi. Il team di spedizione mette tutto il suo impegno nel rendere la procedura di spedizione e consegna liscia e veloce. Puoi anche aspettarti servizi eccellenti quando acquisti Buphedrone dal professionista sulla piattaforma online.<\/p>\n","protected":false},"excerpt":{"rendered":"<p>Comprare Buphedrone online<a href=\"https:\/\/en.wikipedia.org\/wiki\/Buphedrone\">. La storia del Buphedrone<\/a> inizia nel 1928. Quando il prodotto chimico di ricerca \u00e8 stato sintetizzato per la prima volta, \u00e8 stato incluso nella classe delle fenetilamine e dei catinoni. \u00c8 vietato consumare il buphedrone per la vendita, ma \u00e8 disponibile sul mercato della chimica di ricerca per scopi di ricerca e forensi. Nel nostro negozio online di buphedrone si trova Buphedrone in vendita cos\u00ec come molti altri stimolanti in vendita simili al Buphedrone.<\/p>\n","protected":false},"featured_media":9254,"comment_status":"open","ping_status":"closed","template":"","meta":{"_acf_changed":false,"_monsterinsights_skip_tracking":false,"_monsterinsights_sitenote_active":false,"_monsterinsights_sitenote_note":"","_monsterinsights_sitenote_category":0},"product_brand":[],"product_cat":[53],"product_tag":[476,502,503,479,504,505,506,507,508],"class_list":{"0":"post-9247","1":"product","2":"type-product","3":"status-publish","4":"has-post-thumbnail","6":"product_cat-research-chemicals","7":"product_tag-buphedrone","8":"product_tag-buphedrone-comprare","9":"product_tag-buphedrone-in-vendita","10":"product_tag-buphedrone-priz","11":"product_tag-comprare-buphedrone-online","12":"product_tag-comprare-mabp","13":"product_tag-comprare-mabp-online","14":"product_tag-mabp-in-vendita","15":"product_tag-ordine-buphedrone","17":"first","18":"instock","19":"shipping-taxable","20":"purchasable","21":"product-type-variable","22":"has-default-attributes"},"acf":[],"yoast_head":"<!-- This site is optimized with the Yoast SEO plugin v27.2 - https:\/\/yoast.com\/product\/yoast-seo-wordpress\/ -->\n<title>Polvere di Comprare Buphedrone online | Global Meds Inc.<\/title>\n<meta name=\"description\" content=\"Polvere di Comprare Buphedrone online. Vendiamo la polvere di bufedrone della migliore qualit\u00e0. Vi invitiamo a contattarci per ulteriori informazioni e prezzi.\" \/>\n<meta name=\"robots\" content=\"index, follow, max-snippet:-1, max-image-preview:large, max-video-preview:-1\" \/>\n<link rel=\"canonical\" href=\"https:\/\/globalmedsonlineinc.com\/it\/product\/research-chemicals\/buphedrone\/\" \/>\n<meta property=\"og:locale\" content=\"it_IT\" \/>\n<meta property=\"og:type\" content=\"article\" \/>\n<meta property=\"og:title\" content=\"Polvere di Comprare Buphedrone online | Global Meds Inc.\" \/>\n<meta property=\"og:description\" content=\"Polvere di Comprare Buphedrone online. Vendiamo la polvere di bufedrone della migliore qualit\u00e0. Vi invitiamo a contattarci per ulteriori informazioni e prezzi.\" \/>\n<meta property=\"og:url\" content=\"https:\/\/globalmedsonlineinc.com\/it\/product\/research-chemicals\/buphedrone\/\" \/>\n<meta property=\"og:site_name\" content=\"Global Meds Inc\" \/>\n<meta property=\"article:modified_time\" content=\"2024-02-20T11:00:53+00:00\" \/>\n<meta property=\"og:image\" content=\"https:\/\/globalmedsonlineinc.com\/it\/content\/media\/uploads\/sites\/9\/2021\/07\/Buphedrone.jpg\" \/>\n\t<meta property=\"og:image:width\" content=\"1200\" \/>\n\t<meta property=\"og:image:height\" content=\"1200\" \/>\n\t<meta property=\"og:image:type\" content=\"image\/jpeg\" \/>\n<meta name=\"twitter:card\" content=\"summary_large_image\" \/>\n<meta name=\"twitter:label1\" content=\"Tempo di lettura stimato\" \/>\n\t<meta name=\"twitter:data1\" content=\"3 minuti\" \/>\n<script type=\"application\/ld+json\" class=\"yoast-schema-graph\">{\"@context\":\"https:\/\/schema.org\",\"@graph\":[{\"@type\":\"WebPage\",\"@id\":\"https:\/\/globalmedsonlineinc.com\/it\/product\/research-chemicals\/buphedrone\/\",\"url\":\"https:\/\/globalmedsonlineinc.com\/it\/product\/research-chemicals\/buphedrone\/\",\"name\":\"Polvere di Comprare Buphedrone online | Global Meds Inc.\",\"isPartOf\":{\"@id\":\"https:\/\/globalmedsonlineinc.com\/it\/#website\"},\"primaryImageOfPage\":{\"@id\":\"https:\/\/globalmedsonlineinc.com\/it\/product\/research-chemicals\/buphedrone\/#primaryimage\"},\"image\":{\"@id\":\"https:\/\/globalmedsonlineinc.com\/it\/product\/research-chemicals\/buphedrone\/#primaryimage\"},\"thumbnailUrl\":\"https:\/\/globalmedsonlineinc.com\/it\/content\/media\/uploads\/sites\/9\/2021\/07\/Buphedrone.jpg\",\"datePublished\":\"2021-07-02T22:30:11+00:00\",\"dateModified\":\"2024-02-20T11:00:53+00:00\",\"description\":\"Polvere di Comprare Buphedrone online. Vendiamo la polvere di bufedrone della migliore qualit\u00e0. Vi invitiamo a contattarci per ulteriori informazioni e prezzi.\",\"breadcrumb\":{\"@id\":\"https:\/\/globalmedsonlineinc.com\/it\/product\/research-chemicals\/buphedrone\/#breadcrumb\"},\"inLanguage\":\"it-IT\",\"potentialAction\":[{\"@type\":\"ReadAction\",\"target\":[\"https:\/\/globalmedsonlineinc.com\/it\/product\/research-chemicals\/buphedrone\/\"]}]},{\"@type\":\"ImageObject\",\"inLanguage\":\"it-IT\",\"@id\":\"https:\/\/globalmedsonlineinc.com\/it\/product\/research-chemicals\/buphedrone\/#primaryimage\",\"url\":\"https:\/\/globalmedsonlineinc.com\/it\/content\/media\/uploads\/sites\/9\/2021\/07\/Buphedrone.jpg\",\"contentUrl\":\"https:\/\/globalmedsonlineinc.com\/it\/content\/media\/uploads\/sites\/9\/2021\/07\/Buphedrone.jpg\",\"width\":1200,\"height\":1200,\"caption\":\"Buy Buphedrone online\"},{\"@type\":\"BreadcrumbList\",\"@id\":\"https:\/\/globalmedsonlineinc.com\/it\/product\/research-chemicals\/buphedrone\/#breadcrumb\",\"itemListElement\":[{\"@type\":\"ListItem\",\"position\":1,\"name\":\"Home\",\"item\":\"https:\/\/globalmedsonlineinc.com\/it\/\"},{\"@type\":\"ListItem\",\"position\":2,\"name\":\"Prodotti\",\"item\":\"https:\/\/globalmedsonlineinc.com\/it\/prodotti\/\"},{\"@type\":\"ListItem\",\"position\":3,\"name\":\"Comprare Buphedrone online\"}]},{\"@type\":\"WebSite\",\"@id\":\"https:\/\/globalmedsonlineinc.com\/it\/#website\",\"url\":\"https:\/\/globalmedsonlineinc.com\/it\/\",\"name\":\"Global Meds Inc\",\"description\":\"\",\"publisher\":{\"@id\":\"https:\/\/globalmedsonlineinc.com\/it\/#organization\"},\"potentialAction\":[{\"@type\":\"SearchAction\",\"target\":{\"@type\":\"EntryPoint\",\"urlTemplate\":\"https:\/\/globalmedsonlineinc.com\/it\/?s={search_term_string}\"},\"query-input\":{\"@type\":\"PropertyValueSpecification\",\"valueRequired\":true,\"valueName\":\"search_term_string\"}}],\"inLanguage\":\"it-IT\"},{\"@type\":\"Organization\",\"@id\":\"https:\/\/globalmedsonlineinc.com\/it\/#organization\",\"name\":\"Global Meds Inc.\",\"url\":\"https:\/\/globalmedsonlineinc.com\/it\/\",\"logo\":{\"@type\":\"ImageObject\",\"inLanguage\":\"it-IT\",\"@id\":\"https:\/\/globalmedsonlineinc.com\/it\/#\/schema\/logo\/image\/\",\"url\":\"https:\/\/globalmedsonlineinc.com\/it\/content\/media\/uploads\/sites\/9\/2021\/06\/globalmedsonlineincLogoShop20210630123730.00.png\",\"contentUrl\":\"https:\/\/globalmedsonlineinc.com\/it\/content\/media\/uploads\/sites\/9\/2021\/06\/globalmedsonlineincLogoShop20210630123730.00.png\",\"width\":450,\"height\":117,\"caption\":\"Global Meds Inc.\"},\"image\":{\"@id\":\"https:\/\/globalmedsonlineinc.com\/it\/#\/schema\/logo\/image\/\"}}]}<\/script>\n<!-- \/ Yoast SEO plugin. -->","yoast_head_json":{"title":"Polvere di Comprare Buphedrone online | Global Meds Inc.","description":"Polvere di Comprare Buphedrone online. Vendiamo la polvere di bufedrone della migliore qualit\u00e0. Vi invitiamo a contattarci per ulteriori informazioni e prezzi.","robots":{"index":"index","follow":"follow","max-snippet":"max-snippet:-1","max-image-preview":"max-image-preview:large","max-video-preview":"max-video-preview:-1"},"canonical":"https:\/\/globalmedsonlineinc.com\/it\/product\/research-chemicals\/buphedrone\/","og_locale":"it_IT","og_type":"article","og_title":"Polvere di Comprare Buphedrone online | Global Meds Inc.","og_description":"Polvere di Comprare Buphedrone online. Vendiamo la polvere di bufedrone della migliore qualit\u00e0. Vi invitiamo a contattarci per ulteriori informazioni e prezzi.","og_url":"https:\/\/globalmedsonlineinc.com\/it\/product\/research-chemicals\/buphedrone\/","og_site_name":"Global Meds Inc","article_modified_time":"2024-02-20T11:00:53+00:00","og_image":[{"width":1200,"height":1200,"url":"https:\/\/globalmedsonlineinc.com\/it\/content\/media\/uploads\/sites\/9\/2021\/07\/Buphedrone.jpg","type":"image\/jpeg"}],"twitter_card":"summary_large_image","twitter_misc":{"Tempo di lettura stimato":"3 minuti"},"schema":{"@context":"https:\/\/schema.org","@graph":[{"@type":"WebPage","@id":"https:\/\/globalmedsonlineinc.com\/it\/product\/research-chemicals\/buphedrone\/","url":"https:\/\/globalmedsonlineinc.com\/it\/product\/research-chemicals\/buphedrone\/","name":"Polvere di Comprare Buphedrone online | Global Meds Inc.","isPartOf":{"@id":"https:\/\/globalmedsonlineinc.com\/it\/#website"},"primaryImageOfPage":{"@id":"https:\/\/globalmedsonlineinc.com\/it\/product\/research-chemicals\/buphedrone\/#primaryimage"},"image":{"@id":"https:\/\/globalmedsonlineinc.com\/it\/product\/research-chemicals\/buphedrone\/#primaryimage"},"thumbnailUrl":"https:\/\/globalmedsonlineinc.com\/it\/content\/media\/uploads\/sites\/9\/2021\/07\/Buphedrone.jpg","datePublished":"2021-07-02T22:30:11+00:00","dateModified":"2024-02-20T11:00:53+00:00","description":"Polvere di Comprare Buphedrone online. Vendiamo la polvere di bufedrone della migliore qualit\u00e0. Vi invitiamo a contattarci per ulteriori informazioni e prezzi.","breadcrumb":{"@id":"https:\/\/globalmedsonlineinc.com\/it\/product\/research-chemicals\/buphedrone\/#breadcrumb"},"inLanguage":"it-IT","potentialAction":[{"@type":"ReadAction","target":["https:\/\/globalmedsonlineinc.com\/it\/product\/research-chemicals\/buphedrone\/"]}]},{"@type":"ImageObject","inLanguage":"it-IT","@id":"https:\/\/globalmedsonlineinc.com\/it\/product\/research-chemicals\/buphedrone\/#primaryimage","url":"https:\/\/globalmedsonlineinc.com\/it\/content\/media\/uploads\/sites\/9\/2021\/07\/Buphedrone.jpg","contentUrl":"https:\/\/globalmedsonlineinc.com\/it\/content\/media\/uploads\/sites\/9\/2021\/07\/Buphedrone.jpg","width":1200,"height":1200,"caption":"Buy Buphedrone online"},{"@type":"BreadcrumbList","@id":"https:\/\/globalmedsonlineinc.com\/it\/product\/research-chemicals\/buphedrone\/#breadcrumb","itemListElement":[{"@type":"ListItem","position":1,"name":"Home","item":"https:\/\/globalmedsonlineinc.com\/it\/"},{"@type":"ListItem","position":2,"name":"Prodotti","item":"https:\/\/globalmedsonlineinc.com\/it\/prodotti\/"},{"@type":"ListItem","position":3,"name":"Comprare Buphedrone online"}]},{"@type":"WebSite","@id":"https:\/\/globalmedsonlineinc.com\/it\/#website","url":"https:\/\/globalmedsonlineinc.com\/it\/","name":"Global Meds Inc","description":"","publisher":{"@id":"https:\/\/globalmedsonlineinc.com\/it\/#organization"},"potentialAction":[{"@type":"SearchAction","target":{"@type":"EntryPoint","urlTemplate":"https:\/\/globalmedsonlineinc.com\/it\/?s={search_term_string}"},"query-input":{"@type":"PropertyValueSpecification","valueRequired":true,"valueName":"search_term_string"}}],"inLanguage":"it-IT"},{"@type":"Organization","@id":"https:\/\/globalmedsonlineinc.com\/it\/#organization","name":"Global Meds Inc.","url":"https:\/\/globalmedsonlineinc.com\/it\/","logo":{"@type":"ImageObject","inLanguage":"it-IT","@id":"https:\/\/globalmedsonlineinc.com\/it\/#\/schema\/logo\/image\/","url":"https:\/\/globalmedsonlineinc.com\/it\/content\/media\/uploads\/sites\/9\/2021\/06\/globalmedsonlineincLogoShop20210630123730.00.png","contentUrl":"https:\/\/globalmedsonlineinc.com\/it\/content\/media\/uploads\/sites\/9\/2021\/06\/globalmedsonlineincLogoShop20210630123730.00.png","width":450,"height":117,"caption":"Global Meds Inc."},"image":{"@id":"https:\/\/globalmedsonlineinc.com\/it\/#\/schema\/logo\/image\/"}}]}},"_links":{"self":[{"href":"https:\/\/globalmedsonlineinc.com\/it\/wp-json\/wp\/v2\/product\/9247","targetHints":{"allow":["GET"]}}],"collection":[{"href":"https:\/\/globalmedsonlineinc.com\/it\/wp-json\/wp\/v2\/product"}],"about":[{"href":"https:\/\/globalmedsonlineinc.com\/it\/wp-json\/wp\/v2\/types\/product"}],"replies":[{"embeddable":true,"href":"https:\/\/globalmedsonlineinc.com\/it\/wp-json\/wp\/v2\/comments?post=9247"}],"wp:featuredmedia":[{"embeddable":true,"href":"https:\/\/globalmedsonlineinc.com\/it\/wp-json\/wp\/v2\/media\/9254"}],"wp:attachment":[{"href":"https:\/\/globalmedsonlineinc.com\/it\/wp-json\/wp\/v2\/media?parent=9247"}],"wp:term":[{"taxonomy":"product_brand","embeddable":true,"href":"https:\/\/globalmedsonlineinc.com\/it\/wp-json\/wp\/v2\/product_brand?post=9247"},{"taxonomy":"product_cat","embeddable":true,"href":"https:\/\/globalmedsonlineinc.com\/it\/wp-json\/wp\/v2\/product_cat?post=9247"},{"taxonomy":"product_tag","embeddable":true,"href":"https:\/\/globalmedsonlineinc.com\/it\/wp-json\/wp\/v2\/product_tag?post=9247"}],"curies":[{"name":"wp","href":"https:\/\/api.w.org\/{rel}","templated":true}]}}