{"id":9239,"date":"2021-07-02T22:17:23","date_gmt":"2021-07-02T22:17:23","guid":{"rendered":"https:\/\/globalmedsonlineinc.com\/it\/?post_type=product&#038;p=9239"},"modified":"2024-02-20T11:02:22","modified_gmt":"2024-02-20T11:02:22","slug":"butylone","status":"publish","type":"product","link":"https:\/\/globalmedsonlineinc.com\/it\/product\/research-chemicals\/butylone\/","title":{"rendered":"Comprare Butylone online"},"content":{"rendered":"<h1>Polvere di Butylone in vendita online<\/h1>\n<p><a href=\"https:\/\/globalmedsonlineinc.com\/it\/product\/research-chemicals\/butylone\/\">Polvere di Butylone in vendita online<\/a>. Butylone (noto anche come \u03b2-cheto-N-metilbenzodioxolylbutanamine, \u03b2k-MBDB, o B1) \u00e8 un sintetico entactogen e stimolante delle classi fenetilamina e catinone. Il butilone \u00e8 l&#8217;analogo \u03b2-chetogenico di MBDB e l&#8217;analogo metilenossi sostituito del buphedrone.<\/p>\n<p>Come designer drug, \u00e8 comunemente venduto in strada insieme all&#8217;etilone come sostituto o contraffazione di MDMA e metilone (che sono tutti collettivamente indicati come &#8220;Molly&#8221;) a causa del calo di disponibilit\u00e0 del metilone sul mercato chimico della ricerca.<\/p>\n<p>Tuttavia, nonostante le somiglianze comportamentali e <a href=\"https:\/\/it.wikipedia.org\/wiki\/Butilone\">farmacologiche<\/a> tra butylone e MDMA, gli effetti soggettivi osservati delle due sostanze non sono completamente identici.<\/p>\n<p>Il butilone ha solo una breve storia di uso umano ed \u00e8 segnalato come meno potente dei suoi parenti metilone ed etilone, oltre a possedere pi\u00f9 classici effetti stimolanti che effetti entactogeni.<\/p>\n<p>Chiamata anche \u03b2-cheto-N-metilbenzodioxolylbutanamine, \u00e8 una molecola sintetica della famiglia dei catinoni. I catinoni sono strutturalmente simili alle anfetamine in quanto contengono un nucleo di fenetilammina con un anello fenilico legato a un gruppo amminico (NH2) attraverso una catena etilica con un&#8217;ulteriore sostituzione etilica a R\u03b1. I catinoni come il butilone sono fenetilamine alfa-metilate (cio\u00e8 anfetamine) ma differiscono da esse per l&#8217;aggiunta di un gruppo funzionale chetonico (un gruppo carbonilico a R\u03b2). Il butilone contiene una sostituzione metilica a RN, una sostituzione che \u00e8 condivisa con MDEA, etilone, 4-MEC, e alcuni altri stimolanti ed entactogeni. Inoltre, il butilone contiene sostituzioni a R3 e R4 dell&#8217;anello fenilico con gruppi di ossigeno. Questi gruppi di ossigeno sono incorporati in un anello metilenossi attraverso una catena di metilene. Il butilone condivide questo anello metilenossi con MDA, MDAI e MDMA.<\/p>\n<p>agisce come un inibitore\/rilascio misto di serotonina, norepinefrina e dopamina. Questi sono i neurotrasmettitori responsabili del piacere, della ricompensa, della motivazione e della concentrazione. Questo avviene inibendo la ricaptazione e il riassorbimento dei neurotrasmettitori dopo che hanno svolto la loro funzione di trasmissione di un impulso neurale, permettendo essenzialmente di accumularli e riutilizzarli, causando effetti fisicamente stimolanti ed euforici.<\/p>\n<p>Buona qualit\u00e0 Butylone online: E &#8216;completamente capito che la gente non rapidamente fiducia la qualit\u00e0 di Butylone venduto online perch\u00e9 non possono esaminare fisicamente. Ma non \u00e8 la stessa cosa con i fornitori Online Butylone. I prodotti qui sono fedeli alla loro descrizione con una manutenzione di alta qualit\u00e0 fatta sotto la supervisione degli esperti.<\/p>\n<p>Veloce &amp; Spedizione discreta: La consegna del Butylone dopo aver ricevuto l&#8217;ordine avviene entro i tempi promessi. Il team di spedizione mette tutto il suo impegno nel rendere la procedura di spedizione e consegna liscia e veloce. Si pu\u00f2 anche aspettare servizi eccellenti quando si acquista Butylone dal professionista sulla piattaforma online.<\/p>\n","protected":false},"excerpt":{"rendered":"<p>Il butilone (noto anche come \u03b2-cheto-N-metilbenzodioxolilbutanamina, \u03b2k-MBDB, o B1) \u00e8 un entactogeno sintetico e stimolante delle classi fenetilamina e catinone. Il butilone \u00e8 l&#8217;analogo \u03b2-cheto dell&#8217;MBDB e l&#8217;analogo metilenossi sostituito del buphedrone.<\/p>\n","protected":false},"featured_media":9246,"comment_status":"open","ping_status":"closed","template":"","meta":{"_acf_changed":false,"_monsterinsights_skip_tracking":false,"_monsterinsights_sitenote_active":false,"_monsterinsights_sitenote_note":"","_monsterinsights_sitenote_category":0},"product_brand":[],"product_cat":[53],"product_tag":[509,526,524,525,452,510,511,512,519,513,520,521,514,517,515,516,518,528,529,530,527,522,523],"class_list":{"0":"post-9239","1":"product","2":"type-product","3":"status-publish","4":"has-post-thumbnail","6":"product_cat-research-chemicals","7":"product_tag-99-purezza-butylone-online","8":"product_tag-acquisto-butylone-con-bitcoin","9":"product_tag-acquisto-butylone-crystal-online","10":"product_tag-acquisto-butylone-online","11":"product_tag-butylone","12":"product_tag-butylone-bk-mbdb-in-vendita","13":"product_tag-butylone-bk-mbdb-in-vendita-in-tutto-il-mondo","14":"product_tag-butylone-crystal-in-vendita","15":"product_tag-butylone-economico-in-vendita-fast-delivery-research-chemical","16":"product_tag-butylone-in-vendita","17":"product_tag-come-acquistare-butylone-crystal-online","18":"product_tag-come-acquistare-butylone-onlinel","19":"product_tag-comprare-butylone-crystal-online","20":"product_tag-comprare-butylone-economico-online","21":"product_tag-comprare-butylone-online","22":"product_tag-comprare-butylone-polvere-e-cristalli-online-comprare-methylone-polvere-e-cristalli-online","23":"product_tag-comprare-ethylone-polvere-e-cristalli-online","24":"product_tag-dove-acquistare-butylone-bk-mbdb","25":"product_tag-dove-acquistare-butylone-crystal-online","26":"product_tag-dove-acquistare-butylone-online","27":"product_tag-il-posto-migliore-per-acquistare-butylone-online","28":"product_tag-ordine-butylone-crystal-online","29":"product_tag-ordine-butylone-online","31":"first","32":"instock","33":"sale","34":"shipping-taxable","35":"purchasable","36":"product-type-variable","37":"has-default-attributes"},"acf":[],"yoast_head":"<!-- This site is optimized with the Yoast SEO plugin v27.2 - https:\/\/yoast.com\/product\/yoast-seo-wordpress\/ -->\n<title>Polvere di Butylone in vendita online - Global Meds Inc.<\/title>\n<meta name=\"description\" content=\"Polvere di Butylone in vendita online. Vendiamo Polvere di butilone della migliore qualit\u00e0. Vi invitiamo a contattarci per ulteriori informazioni e prezzi.\" \/>\n<meta name=\"robots\" content=\"index, follow, max-snippet:-1, max-image-preview:large, max-video-preview:-1\" \/>\n<link rel=\"canonical\" href=\"https:\/\/globalmedsonlineinc.com\/it\/product\/research-chemicals\/butylone\/\" \/>\n<meta property=\"og:locale\" content=\"it_IT\" \/>\n<meta property=\"og:type\" content=\"article\" \/>\n<meta property=\"og:title\" content=\"Polvere di Butylone in vendita online - Global Meds Inc.\" \/>\n<meta property=\"og:description\" content=\"Polvere di Butylone in vendita online. Vendiamo Polvere di butilone della migliore qualit\u00e0. Vi invitiamo a contattarci per ulteriori informazioni e prezzi.\" \/>\n<meta property=\"og:url\" content=\"https:\/\/globalmedsonlineinc.com\/it\/product\/research-chemicals\/butylone\/\" \/>\n<meta property=\"og:site_name\" content=\"Global Meds Inc\" \/>\n<meta property=\"article:modified_time\" content=\"2024-02-20T11:02:22+00:00\" \/>\n<meta property=\"og:image\" content=\"https:\/\/globalmedsonlineinc.com\/it\/content\/media\/uploads\/sites\/9\/2021\/07\/Buy-Butylone-powder.jpg\" \/>\n\t<meta property=\"og:image:width\" content=\"1200\" \/>\n\t<meta property=\"og:image:height\" content=\"1200\" \/>\n\t<meta property=\"og:image:type\" content=\"image\/jpeg\" \/>\n<meta name=\"twitter:card\" content=\"summary_large_image\" \/>\n<meta name=\"twitter:label1\" content=\"Tempo di lettura stimato\" \/>\n\t<meta name=\"twitter:data1\" content=\"3 minuti\" \/>\n<script type=\"application\/ld+json\" class=\"yoast-schema-graph\">{\"@context\":\"https:\/\/schema.org\",\"@graph\":[{\"@type\":\"WebPage\",\"@id\":\"https:\/\/globalmedsonlineinc.com\/it\/product\/research-chemicals\/butylone\/\",\"url\":\"https:\/\/globalmedsonlineinc.com\/it\/product\/research-chemicals\/butylone\/\",\"name\":\"Polvere di Butylone in vendita online - Global Meds Inc.\",\"isPartOf\":{\"@id\":\"https:\/\/globalmedsonlineinc.com\/it\/#website\"},\"primaryImageOfPage\":{\"@id\":\"https:\/\/globalmedsonlineinc.com\/it\/product\/research-chemicals\/butylone\/#primaryimage\"},\"image\":{\"@id\":\"https:\/\/globalmedsonlineinc.com\/it\/product\/research-chemicals\/butylone\/#primaryimage\"},\"thumbnailUrl\":\"https:\/\/globalmedsonlineinc.com\/it\/content\/media\/uploads\/sites\/9\/2021\/07\/Buy-Butylone-powder.jpg\",\"datePublished\":\"2021-07-02T22:17:23+00:00\",\"dateModified\":\"2024-02-20T11:02:22+00:00\",\"description\":\"Polvere di Butylone in vendita online. Vendiamo Polvere di butilone della migliore qualit\u00e0. Vi invitiamo a contattarci per ulteriori informazioni e prezzi.\",\"breadcrumb\":{\"@id\":\"https:\/\/globalmedsonlineinc.com\/it\/product\/research-chemicals\/butylone\/#breadcrumb\"},\"inLanguage\":\"it-IT\",\"potentialAction\":[{\"@type\":\"ReadAction\",\"target\":[\"https:\/\/globalmedsonlineinc.com\/it\/product\/research-chemicals\/butylone\/\"]}]},{\"@type\":\"ImageObject\",\"inLanguage\":\"it-IT\",\"@id\":\"https:\/\/globalmedsonlineinc.com\/it\/product\/research-chemicals\/butylone\/#primaryimage\",\"url\":\"https:\/\/globalmedsonlineinc.com\/it\/content\/media\/uploads\/sites\/9\/2021\/07\/Buy-Butylone-powder.jpg\",\"contentUrl\":\"https:\/\/globalmedsonlineinc.com\/it\/content\/media\/uploads\/sites\/9\/2021\/07\/Buy-Butylone-powder.jpg\",\"width\":1200,\"height\":1200,\"caption\":\"Polvere di Butylone in vendita online\"},{\"@type\":\"BreadcrumbList\",\"@id\":\"https:\/\/globalmedsonlineinc.com\/it\/product\/research-chemicals\/butylone\/#breadcrumb\",\"itemListElement\":[{\"@type\":\"ListItem\",\"position\":1,\"name\":\"Home\",\"item\":\"https:\/\/globalmedsonlineinc.com\/it\/\"},{\"@type\":\"ListItem\",\"position\":2,\"name\":\"Prodotti\",\"item\":\"https:\/\/globalmedsonlineinc.com\/it\/prodotti\/\"},{\"@type\":\"ListItem\",\"position\":3,\"name\":\"Comprare Butylone online\"}]},{\"@type\":\"WebSite\",\"@id\":\"https:\/\/globalmedsonlineinc.com\/it\/#website\",\"url\":\"https:\/\/globalmedsonlineinc.com\/it\/\",\"name\":\"Global Meds Inc\",\"description\":\"\",\"publisher\":{\"@id\":\"https:\/\/globalmedsonlineinc.com\/it\/#organization\"},\"potentialAction\":[{\"@type\":\"SearchAction\",\"target\":{\"@type\":\"EntryPoint\",\"urlTemplate\":\"https:\/\/globalmedsonlineinc.com\/it\/?s={search_term_string}\"},\"query-input\":{\"@type\":\"PropertyValueSpecification\",\"valueRequired\":true,\"valueName\":\"search_term_string\"}}],\"inLanguage\":\"it-IT\"},{\"@type\":\"Organization\",\"@id\":\"https:\/\/globalmedsonlineinc.com\/it\/#organization\",\"name\":\"Global Meds Inc.\",\"url\":\"https:\/\/globalmedsonlineinc.com\/it\/\",\"logo\":{\"@type\":\"ImageObject\",\"inLanguage\":\"it-IT\",\"@id\":\"https:\/\/globalmedsonlineinc.com\/it\/#\/schema\/logo\/image\/\",\"url\":\"https:\/\/globalmedsonlineinc.com\/it\/content\/media\/uploads\/sites\/9\/2021\/06\/globalmedsonlineincLogoShop20210630123730.00.png\",\"contentUrl\":\"https:\/\/globalmedsonlineinc.com\/it\/content\/media\/uploads\/sites\/9\/2021\/06\/globalmedsonlineincLogoShop20210630123730.00.png\",\"width\":450,\"height\":117,\"caption\":\"Global Meds Inc.\"},\"image\":{\"@id\":\"https:\/\/globalmedsonlineinc.com\/it\/#\/schema\/logo\/image\/\"}}]}<\/script>\n<!-- \/ Yoast SEO plugin. -->","yoast_head_json":{"title":"Polvere di Butylone in vendita online - Global Meds Inc.","description":"Polvere di Butylone in vendita online. Vendiamo Polvere di butilone della migliore qualit\u00e0. Vi invitiamo a contattarci per ulteriori informazioni e prezzi.","robots":{"index":"index","follow":"follow","max-snippet":"max-snippet:-1","max-image-preview":"max-image-preview:large","max-video-preview":"max-video-preview:-1"},"canonical":"https:\/\/globalmedsonlineinc.com\/it\/product\/research-chemicals\/butylone\/","og_locale":"it_IT","og_type":"article","og_title":"Polvere di Butylone in vendita online - Global Meds Inc.","og_description":"Polvere di Butylone in vendita online. Vendiamo Polvere di butilone della migliore qualit\u00e0. Vi invitiamo a contattarci per ulteriori informazioni e prezzi.","og_url":"https:\/\/globalmedsonlineinc.com\/it\/product\/research-chemicals\/butylone\/","og_site_name":"Global Meds Inc","article_modified_time":"2024-02-20T11:02:22+00:00","og_image":[{"width":1200,"height":1200,"url":"https:\/\/globalmedsonlineinc.com\/it\/content\/media\/uploads\/sites\/9\/2021\/07\/Buy-Butylone-powder.jpg","type":"image\/jpeg"}],"twitter_card":"summary_large_image","twitter_misc":{"Tempo di lettura stimato":"3 minuti"},"schema":{"@context":"https:\/\/schema.org","@graph":[{"@type":"WebPage","@id":"https:\/\/globalmedsonlineinc.com\/it\/product\/research-chemicals\/butylone\/","url":"https:\/\/globalmedsonlineinc.com\/it\/product\/research-chemicals\/butylone\/","name":"Polvere di Butylone in vendita online - Global Meds Inc.","isPartOf":{"@id":"https:\/\/globalmedsonlineinc.com\/it\/#website"},"primaryImageOfPage":{"@id":"https:\/\/globalmedsonlineinc.com\/it\/product\/research-chemicals\/butylone\/#primaryimage"},"image":{"@id":"https:\/\/globalmedsonlineinc.com\/it\/product\/research-chemicals\/butylone\/#primaryimage"},"thumbnailUrl":"https:\/\/globalmedsonlineinc.com\/it\/content\/media\/uploads\/sites\/9\/2021\/07\/Buy-Butylone-powder.jpg","datePublished":"2021-07-02T22:17:23+00:00","dateModified":"2024-02-20T11:02:22+00:00","description":"Polvere di Butylone in vendita online. Vendiamo Polvere di butilone della migliore qualit\u00e0. Vi invitiamo a contattarci per ulteriori informazioni e prezzi.","breadcrumb":{"@id":"https:\/\/globalmedsonlineinc.com\/it\/product\/research-chemicals\/butylone\/#breadcrumb"},"inLanguage":"it-IT","potentialAction":[{"@type":"ReadAction","target":["https:\/\/globalmedsonlineinc.com\/it\/product\/research-chemicals\/butylone\/"]}]},{"@type":"ImageObject","inLanguage":"it-IT","@id":"https:\/\/globalmedsonlineinc.com\/it\/product\/research-chemicals\/butylone\/#primaryimage","url":"https:\/\/globalmedsonlineinc.com\/it\/content\/media\/uploads\/sites\/9\/2021\/07\/Buy-Butylone-powder.jpg","contentUrl":"https:\/\/globalmedsonlineinc.com\/it\/content\/media\/uploads\/sites\/9\/2021\/07\/Buy-Butylone-powder.jpg","width":1200,"height":1200,"caption":"Polvere di Butylone in vendita online"},{"@type":"BreadcrumbList","@id":"https:\/\/globalmedsonlineinc.com\/it\/product\/research-chemicals\/butylone\/#breadcrumb","itemListElement":[{"@type":"ListItem","position":1,"name":"Home","item":"https:\/\/globalmedsonlineinc.com\/it\/"},{"@type":"ListItem","position":2,"name":"Prodotti","item":"https:\/\/globalmedsonlineinc.com\/it\/prodotti\/"},{"@type":"ListItem","position":3,"name":"Comprare Butylone online"}]},{"@type":"WebSite","@id":"https:\/\/globalmedsonlineinc.com\/it\/#website","url":"https:\/\/globalmedsonlineinc.com\/it\/","name":"Global Meds Inc","description":"","publisher":{"@id":"https:\/\/globalmedsonlineinc.com\/it\/#organization"},"potentialAction":[{"@type":"SearchAction","target":{"@type":"EntryPoint","urlTemplate":"https:\/\/globalmedsonlineinc.com\/it\/?s={search_term_string}"},"query-input":{"@type":"PropertyValueSpecification","valueRequired":true,"valueName":"search_term_string"}}],"inLanguage":"it-IT"},{"@type":"Organization","@id":"https:\/\/globalmedsonlineinc.com\/it\/#organization","name":"Global Meds Inc.","url":"https:\/\/globalmedsonlineinc.com\/it\/","logo":{"@type":"ImageObject","inLanguage":"it-IT","@id":"https:\/\/globalmedsonlineinc.com\/it\/#\/schema\/logo\/image\/","url":"https:\/\/globalmedsonlineinc.com\/it\/content\/media\/uploads\/sites\/9\/2021\/06\/globalmedsonlineincLogoShop20210630123730.00.png","contentUrl":"https:\/\/globalmedsonlineinc.com\/it\/content\/media\/uploads\/sites\/9\/2021\/06\/globalmedsonlineincLogoShop20210630123730.00.png","width":450,"height":117,"caption":"Global Meds Inc."},"image":{"@id":"https:\/\/globalmedsonlineinc.com\/it\/#\/schema\/logo\/image\/"}}]}},"_links":{"self":[{"href":"https:\/\/globalmedsonlineinc.com\/it\/wp-json\/wp\/v2\/product\/9239","targetHints":{"allow":["GET"]}}],"collection":[{"href":"https:\/\/globalmedsonlineinc.com\/it\/wp-json\/wp\/v2\/product"}],"about":[{"href":"https:\/\/globalmedsonlineinc.com\/it\/wp-json\/wp\/v2\/types\/product"}],"replies":[{"embeddable":true,"href":"https:\/\/globalmedsonlineinc.com\/it\/wp-json\/wp\/v2\/comments?post=9239"}],"wp:featuredmedia":[{"embeddable":true,"href":"https:\/\/globalmedsonlineinc.com\/it\/wp-json\/wp\/v2\/media\/9246"}],"wp:attachment":[{"href":"https:\/\/globalmedsonlineinc.com\/it\/wp-json\/wp\/v2\/media?parent=9239"}],"wp:term":[{"taxonomy":"product_brand","embeddable":true,"href":"https:\/\/globalmedsonlineinc.com\/it\/wp-json\/wp\/v2\/product_brand?post=9239"},{"taxonomy":"product_cat","embeddable":true,"href":"https:\/\/globalmedsonlineinc.com\/it\/wp-json\/wp\/v2\/product_cat?post=9239"},{"taxonomy":"product_tag","embeddable":true,"href":"https:\/\/globalmedsonlineinc.com\/it\/wp-json\/wp\/v2\/product_tag?post=9239"}],"curies":[{"name":"wp","href":"https:\/\/api.w.org\/{rel}","templated":true}]}}