{"id":9231,"date":"2021-07-02T21:58:00","date_gmt":"2021-07-02T21:58:00","guid":{"rendered":"https:\/\/globalmedsonlineinc.com\/it\/?post_type=product&#038;p=9231"},"modified":"2024-02-20T11:03:10","modified_gmt":"2024-02-20T11:03:10","slug":"fentanyl-polvere","status":"publish","type":"product","link":"https:\/\/globalmedsonlineinc.com\/it\/product\/research-chemicals\/fentanyl-polvere\/","title":{"rendered":"Comprare Fentanyl in polvere online"},"content":{"rendered":"<h1>Fentanyl polvere in vendita online<\/h1>\n<p><a href=\"https:\/\/globalmedsonlineinc.com\/it\/product\/research-chemicals\/fentanyl-powder\/\">Fentanyl polvere in vendita online<\/a>, Fentanyl polvere \u00e8 un analgesico oppioide sintetico sorprendente che \u00e8 simile alla morfina tuttavia \u00e8 50 a pi\u00f9 volte pi\u00f9 potente.1,2 E &#8216;un calendario II medico prescritto farmaco,3 ed \u00e8 normalmente usato per trattare i pazienti con tormento estremo o per sorvegliare il tormento dopo un intervento chirurgico.4 E&#8217; inoltre qua e l\u00e0 usato per trattare pazienti con agonia costante <a href=\"https:\/\/en.wikipedia.org\/wiki\/Fentanyl\">che<\/a> sono veramente indulgenti verso altri oppioidi.5 Nella sua struttura medica, il fentanyl \u00e8 indicato con nomi come Actiq, Duragesic, e Sublimaze.5,6 I nomi di strada per il fentanyl o per l&#8217;eroina legata al fentanyl incorporano Apache, China Girl, China White, Dance Fever, Friend, Goodfella, Jackpot, Murder 8, TNT, e Tango and Cash.<\/p>\n<p>Come gli individui usano il fentanyl?<\/p>\n<p>Quando \u00e8 approvato da un medico, il fentanyl \u00e8 <a href=\"https:\/\/it.wikipedia.org\/wiki\/Fentanyl\">regolarmente<\/a> diretto per mezzo di infusione, correzione transdermica, o in pastiglie.6 Tuttavia, il fentanyl e gli analoghi del fentanyl correlati con eccessi tardivi sono consegnati in laboratori furtivi.7 Questo fentanyl non-farmaco \u00e8 venduto nelle strutture che lo accompagnano: come polvere; spillato su carta assorbente; mescolato con o in sostituzione dell&#8217;eroina; o come compresse che imitano altri oppioidi meno intensi.8 La gente pu\u00f2 ingoiare, grugnire, o infondere il fentanyl, o pu\u00f2 mettersi in bocca la carta assorbente in modo che il fentanyl sia trattenuto attraverso lo strato mucoso.<\/p>\n<p>Come influisce il fentanyl sul cervello?<\/p>\n<p>Come l&#8217;eroina, la morfina e altri farmaci narcotici, il fentanyl funziona limitandosi ai recettori narcotici del corpo, che si trovano negli spazi della mente che controllano il tormento e le emozioni.9 Quando i farmaci narcotici si legano a questi recettori, possono far salire i livelli di dopamina nelle regioni premiate del cervello, creando una condizione di estasi e rilassamento.9 Le propriet\u00e0 del Fentanyl assomigliano a quelle dell&#8217;eroina e incorporano l&#8217;euforia, la stanchezza, la nausea, il disordine, l&#8217;ostruzione, la sedazione, la resilienza, la fissazione, la disgrazia e la cattura respiratoria, l&#8217;ovviet\u00e0, lo stato di trance e la morte.<\/p>\n<p>Buona qualit\u00e0 Fentanyl polvere online: \u00c8 completamente compreso che la gente non si fida rapidamente della qualit\u00e0 della polvere di Fentanyl venduta online perch\u00e9 non pu\u00f2 esaminarla fisicamente. Ma non \u00e8 la stessa cosa con i fornitori di polvere di Fentanyl online. I prodotti qui sono fedeli alla loro descrizione con una manutenzione di alta qualit\u00e0 fatta sotto la supervisione degli esperti.<\/p>\n<p>Veloce &amp; Spedizione discreta: La consegna della polvere di Fentanyl dopo aver ricevuto l&#8217;ordine avviene entro i tempi promessi. Il team di spedizione mette tutto il suo impegno nel rendere la procedura di spedizione e consegna liscia e veloce. Puoi anche aspettarti servizi eccellenti quando acquisti Fentanyl in polvere dal professionista sulla piattaforma online.<\/p>\n\n","protected":false},"excerpt":{"rendered":"<p>Fentanyl <a href=\"\/product\/research-chemicals\/fentanyl-powder\/\">\u00e8 un potente analgesico oppioide sintetico che \u00e8 simile<\/a> alla morfina ma \u00e8 da 50 a 100 volte pi\u00f9 potente.1,2 \u00c8 un farmaco da prescrizione della tabella II,3 ed \u00e8 tipicamente usato per trattare pazienti con dolore grave o per gestire il dolore dopo un intervento chirurgico.<\/p>\n","protected":false},"featured_media":9238,"comment_status":"open","ping_status":"closed","template":"","meta":{"_acf_changed":false,"_monsterinsights_skip_tracking":false,"_monsterinsights_sitenote_active":false,"_monsterinsights_sitenote_note":"","_monsterinsights_sitenote_category":0},"product_brand":[],"product_cat":[53],"product_tag":[531],"class_list":{"0":"post-9231","1":"product","2":"type-product","3":"status-publish","4":"has-post-thumbnail","6":"product_cat-research-chemicals","7":"product_tag-comprare-fentanyl-polvere-online","9":"first","10":"instock","11":"sale","12":"shipping-taxable","13":"purchasable","14":"product-type-variable","15":"has-default-attributes"},"acf":[],"yoast_head":"<!-- This site is optimized with the Yoast SEO plugin v27.2 - https:\/\/yoast.com\/product\/yoast-seo-wordpress\/ -->\n<title>Fentanyl in polvere in vendita online | Global Meds Inc.<\/title>\n<meta name=\"description\" content=\"Fentanyl polvere in vendita online. Vendiamo la polvere di Fentanil della migliore qualit\u00e0. Vi invitiamo a contattarci per ulteriori informazioni e prezzi.\" \/>\n<meta name=\"robots\" content=\"index, follow, max-snippet:-1, max-image-preview:large, max-video-preview:-1\" \/>\n<link rel=\"canonical\" href=\"https:\/\/globalmedsonlineinc.com\/it\/product\/research-chemicals\/fentanyl-polvere\/\" \/>\n<meta property=\"og:locale\" content=\"it_IT\" \/>\n<meta property=\"og:type\" content=\"article\" \/>\n<meta property=\"og:title\" content=\"Fentanyl in polvere in vendita online | Global Meds Inc.\" \/>\n<meta property=\"og:description\" content=\"Fentanyl polvere in vendita online. Vendiamo la polvere di Fentanil della migliore qualit\u00e0. Vi invitiamo a contattarci per ulteriori informazioni e prezzi.\" \/>\n<meta property=\"og:url\" content=\"https:\/\/globalmedsonlineinc.com\/it\/product\/research-chemicals\/fentanyl-polvere\/\" \/>\n<meta property=\"og:site_name\" content=\"Global Meds Inc\" \/>\n<meta property=\"article:modified_time\" content=\"2024-02-20T11:03:10+00:00\" \/>\n<meta property=\"og:image\" content=\"https:\/\/globalmedsonlineinc.com\/it\/content\/media\/uploads\/sites\/9\/2021\/07\/FENTANYL-POWDER-for-Sale.jpg\" \/>\n\t<meta property=\"og:image:width\" content=\"1200\" \/>\n\t<meta property=\"og:image:height\" content=\"1200\" \/>\n\t<meta property=\"og:image:type\" content=\"image\/jpeg\" \/>\n<meta name=\"twitter:card\" content=\"summary_large_image\" \/>\n<meta name=\"twitter:label1\" content=\"Tempo di lettura stimato\" \/>\n\t<meta name=\"twitter:data1\" content=\"3 minuti\" \/>\n<script type=\"application\/ld+json\" class=\"yoast-schema-graph\">{\"@context\":\"https:\/\/schema.org\",\"@graph\":[{\"@type\":\"WebPage\",\"@id\":\"https:\/\/globalmedsonlineinc.com\/it\/product\/research-chemicals\/fentanyl-polvere\/\",\"url\":\"https:\/\/globalmedsonlineinc.com\/it\/product\/research-chemicals\/fentanyl-polvere\/\",\"name\":\"Fentanyl in polvere in vendita online | Global Meds Inc.\",\"isPartOf\":{\"@id\":\"https:\/\/globalmedsonlineinc.com\/it\/#website\"},\"primaryImageOfPage\":{\"@id\":\"https:\/\/globalmedsonlineinc.com\/it\/product\/research-chemicals\/fentanyl-polvere\/#primaryimage\"},\"image\":{\"@id\":\"https:\/\/globalmedsonlineinc.com\/it\/product\/research-chemicals\/fentanyl-polvere\/#primaryimage\"},\"thumbnailUrl\":\"https:\/\/globalmedsonlineinc.com\/it\/content\/media\/uploads\/sites\/9\/2021\/07\/FENTANYL-POWDER-for-Sale.jpg\",\"datePublished\":\"2021-07-02T21:58:00+00:00\",\"dateModified\":\"2024-02-20T11:03:10+00:00\",\"description\":\"Fentanyl polvere in vendita online. Vendiamo la polvere di Fentanil della migliore qualit\u00e0. Vi invitiamo a contattarci per ulteriori informazioni e prezzi.\",\"breadcrumb\":{\"@id\":\"https:\/\/globalmedsonlineinc.com\/it\/product\/research-chemicals\/fentanyl-polvere\/#breadcrumb\"},\"inLanguage\":\"it-IT\",\"potentialAction\":[{\"@type\":\"ReadAction\",\"target\":[\"https:\/\/globalmedsonlineinc.com\/it\/product\/research-chemicals\/fentanyl-polvere\/\"]}]},{\"@type\":\"ImageObject\",\"inLanguage\":\"it-IT\",\"@id\":\"https:\/\/globalmedsonlineinc.com\/it\/product\/research-chemicals\/fentanyl-polvere\/#primaryimage\",\"url\":\"https:\/\/globalmedsonlineinc.com\/it\/content\/media\/uploads\/sites\/9\/2021\/07\/FENTANYL-POWDER-for-Sale.jpg\",\"contentUrl\":\"https:\/\/globalmedsonlineinc.com\/it\/content\/media\/uploads\/sites\/9\/2021\/07\/FENTANYL-POWDER-for-Sale.jpg\",\"width\":1200,\"height\":1200,\"caption\":\"Fentany powder for sale online\"},{\"@type\":\"BreadcrumbList\",\"@id\":\"https:\/\/globalmedsonlineinc.com\/it\/product\/research-chemicals\/fentanyl-polvere\/#breadcrumb\",\"itemListElement\":[{\"@type\":\"ListItem\",\"position\":1,\"name\":\"Home\",\"item\":\"https:\/\/globalmedsonlineinc.com\/it\/\"},{\"@type\":\"ListItem\",\"position\":2,\"name\":\"Prodotti\",\"item\":\"https:\/\/globalmedsonlineinc.com\/it\/prodotti\/\"},{\"@type\":\"ListItem\",\"position\":3,\"name\":\"Comprare Fentanyl in polvere online\"}]},{\"@type\":\"WebSite\",\"@id\":\"https:\/\/globalmedsonlineinc.com\/it\/#website\",\"url\":\"https:\/\/globalmedsonlineinc.com\/it\/\",\"name\":\"Global Meds Inc\",\"description\":\"\",\"publisher\":{\"@id\":\"https:\/\/globalmedsonlineinc.com\/it\/#organization\"},\"potentialAction\":[{\"@type\":\"SearchAction\",\"target\":{\"@type\":\"EntryPoint\",\"urlTemplate\":\"https:\/\/globalmedsonlineinc.com\/it\/?s={search_term_string}\"},\"query-input\":{\"@type\":\"PropertyValueSpecification\",\"valueRequired\":true,\"valueName\":\"search_term_string\"}}],\"inLanguage\":\"it-IT\"},{\"@type\":\"Organization\",\"@id\":\"https:\/\/globalmedsonlineinc.com\/it\/#organization\",\"name\":\"Global Meds Inc.\",\"url\":\"https:\/\/globalmedsonlineinc.com\/it\/\",\"logo\":{\"@type\":\"ImageObject\",\"inLanguage\":\"it-IT\",\"@id\":\"https:\/\/globalmedsonlineinc.com\/it\/#\/schema\/logo\/image\/\",\"url\":\"https:\/\/globalmedsonlineinc.com\/it\/content\/media\/uploads\/sites\/9\/2021\/06\/globalmedsonlineincLogoShop20210630123730.00.png\",\"contentUrl\":\"https:\/\/globalmedsonlineinc.com\/it\/content\/media\/uploads\/sites\/9\/2021\/06\/globalmedsonlineincLogoShop20210630123730.00.png\",\"width\":450,\"height\":117,\"caption\":\"Global Meds Inc.\"},\"image\":{\"@id\":\"https:\/\/globalmedsonlineinc.com\/it\/#\/schema\/logo\/image\/\"}}]}<\/script>\n<!-- \/ Yoast SEO plugin. -->","yoast_head_json":{"title":"Fentanyl in polvere in vendita online | Global Meds Inc.","description":"Fentanyl polvere in vendita online. Vendiamo la polvere di Fentanil della migliore qualit\u00e0. Vi invitiamo a contattarci per ulteriori informazioni e prezzi.","robots":{"index":"index","follow":"follow","max-snippet":"max-snippet:-1","max-image-preview":"max-image-preview:large","max-video-preview":"max-video-preview:-1"},"canonical":"https:\/\/globalmedsonlineinc.com\/it\/product\/research-chemicals\/fentanyl-polvere\/","og_locale":"it_IT","og_type":"article","og_title":"Fentanyl in polvere in vendita online | Global Meds Inc.","og_description":"Fentanyl polvere in vendita online. Vendiamo la polvere di Fentanil della migliore qualit\u00e0. Vi invitiamo a contattarci per ulteriori informazioni e prezzi.","og_url":"https:\/\/globalmedsonlineinc.com\/it\/product\/research-chemicals\/fentanyl-polvere\/","og_site_name":"Global Meds Inc","article_modified_time":"2024-02-20T11:03:10+00:00","og_image":[{"width":1200,"height":1200,"url":"https:\/\/globalmedsonlineinc.com\/it\/content\/media\/uploads\/sites\/9\/2021\/07\/FENTANYL-POWDER-for-Sale.jpg","type":"image\/jpeg"}],"twitter_card":"summary_large_image","twitter_misc":{"Tempo di lettura stimato":"3 minuti"},"schema":{"@context":"https:\/\/schema.org","@graph":[{"@type":"WebPage","@id":"https:\/\/globalmedsonlineinc.com\/it\/product\/research-chemicals\/fentanyl-polvere\/","url":"https:\/\/globalmedsonlineinc.com\/it\/product\/research-chemicals\/fentanyl-polvere\/","name":"Fentanyl in polvere in vendita online | Global Meds Inc.","isPartOf":{"@id":"https:\/\/globalmedsonlineinc.com\/it\/#website"},"primaryImageOfPage":{"@id":"https:\/\/globalmedsonlineinc.com\/it\/product\/research-chemicals\/fentanyl-polvere\/#primaryimage"},"image":{"@id":"https:\/\/globalmedsonlineinc.com\/it\/product\/research-chemicals\/fentanyl-polvere\/#primaryimage"},"thumbnailUrl":"https:\/\/globalmedsonlineinc.com\/it\/content\/media\/uploads\/sites\/9\/2021\/07\/FENTANYL-POWDER-for-Sale.jpg","datePublished":"2021-07-02T21:58:00+00:00","dateModified":"2024-02-20T11:03:10+00:00","description":"Fentanyl polvere in vendita online. Vendiamo la polvere di Fentanil della migliore qualit\u00e0. Vi invitiamo a contattarci per ulteriori informazioni e prezzi.","breadcrumb":{"@id":"https:\/\/globalmedsonlineinc.com\/it\/product\/research-chemicals\/fentanyl-polvere\/#breadcrumb"},"inLanguage":"it-IT","potentialAction":[{"@type":"ReadAction","target":["https:\/\/globalmedsonlineinc.com\/it\/product\/research-chemicals\/fentanyl-polvere\/"]}]},{"@type":"ImageObject","inLanguage":"it-IT","@id":"https:\/\/globalmedsonlineinc.com\/it\/product\/research-chemicals\/fentanyl-polvere\/#primaryimage","url":"https:\/\/globalmedsonlineinc.com\/it\/content\/media\/uploads\/sites\/9\/2021\/07\/FENTANYL-POWDER-for-Sale.jpg","contentUrl":"https:\/\/globalmedsonlineinc.com\/it\/content\/media\/uploads\/sites\/9\/2021\/07\/FENTANYL-POWDER-for-Sale.jpg","width":1200,"height":1200,"caption":"Fentany powder for sale online"},{"@type":"BreadcrumbList","@id":"https:\/\/globalmedsonlineinc.com\/it\/product\/research-chemicals\/fentanyl-polvere\/#breadcrumb","itemListElement":[{"@type":"ListItem","position":1,"name":"Home","item":"https:\/\/globalmedsonlineinc.com\/it\/"},{"@type":"ListItem","position":2,"name":"Prodotti","item":"https:\/\/globalmedsonlineinc.com\/it\/prodotti\/"},{"@type":"ListItem","position":3,"name":"Comprare Fentanyl in polvere online"}]},{"@type":"WebSite","@id":"https:\/\/globalmedsonlineinc.com\/it\/#website","url":"https:\/\/globalmedsonlineinc.com\/it\/","name":"Global Meds Inc","description":"","publisher":{"@id":"https:\/\/globalmedsonlineinc.com\/it\/#organization"},"potentialAction":[{"@type":"SearchAction","target":{"@type":"EntryPoint","urlTemplate":"https:\/\/globalmedsonlineinc.com\/it\/?s={search_term_string}"},"query-input":{"@type":"PropertyValueSpecification","valueRequired":true,"valueName":"search_term_string"}}],"inLanguage":"it-IT"},{"@type":"Organization","@id":"https:\/\/globalmedsonlineinc.com\/it\/#organization","name":"Global Meds Inc.","url":"https:\/\/globalmedsonlineinc.com\/it\/","logo":{"@type":"ImageObject","inLanguage":"it-IT","@id":"https:\/\/globalmedsonlineinc.com\/it\/#\/schema\/logo\/image\/","url":"https:\/\/globalmedsonlineinc.com\/it\/content\/media\/uploads\/sites\/9\/2021\/06\/globalmedsonlineincLogoShop20210630123730.00.png","contentUrl":"https:\/\/globalmedsonlineinc.com\/it\/content\/media\/uploads\/sites\/9\/2021\/06\/globalmedsonlineincLogoShop20210630123730.00.png","width":450,"height":117,"caption":"Global Meds Inc."},"image":{"@id":"https:\/\/globalmedsonlineinc.com\/it\/#\/schema\/logo\/image\/"}}]}},"_links":{"self":[{"href":"https:\/\/globalmedsonlineinc.com\/it\/wp-json\/wp\/v2\/product\/9231","targetHints":{"allow":["GET"]}}],"collection":[{"href":"https:\/\/globalmedsonlineinc.com\/it\/wp-json\/wp\/v2\/product"}],"about":[{"href":"https:\/\/globalmedsonlineinc.com\/it\/wp-json\/wp\/v2\/types\/product"}],"replies":[{"embeddable":true,"href":"https:\/\/globalmedsonlineinc.com\/it\/wp-json\/wp\/v2\/comments?post=9231"}],"wp:featuredmedia":[{"embeddable":true,"href":"https:\/\/globalmedsonlineinc.com\/it\/wp-json\/wp\/v2\/media\/9238"}],"wp:attachment":[{"href":"https:\/\/globalmedsonlineinc.com\/it\/wp-json\/wp\/v2\/media?parent=9231"}],"wp:term":[{"taxonomy":"product_brand","embeddable":true,"href":"https:\/\/globalmedsonlineinc.com\/it\/wp-json\/wp\/v2\/product_brand?post=9231"},{"taxonomy":"product_cat","embeddable":true,"href":"https:\/\/globalmedsonlineinc.com\/it\/wp-json\/wp\/v2\/product_cat?post=9231"},{"taxonomy":"product_tag","embeddable":true,"href":"https:\/\/globalmedsonlineinc.com\/it\/wp-json\/wp\/v2\/product_tag?post=9231"}],"curies":[{"name":"wp","href":"https:\/\/api.w.org\/{rel}","templated":true}]}}