{"id":9223,"date":"2021-07-02T21:32:15","date_gmt":"2021-07-02T21:32:15","guid":{"rendered":"https:\/\/globalmedsonlineinc.com\/it\/?post_type=product&#038;p=9223"},"modified":"2024-02-20T11:05:33","modified_gmt":"2024-02-20T11:05:33","slug":"mdai","status":"publish","type":"product","link":"https:\/\/globalmedsonlineinc.com\/it\/product\/research-chemicals\/mdai\/","title":{"rendered":"Comprare MDAI online"},"content":{"rendered":"<h1>Cristallo MDAI in vendita online<\/h1>\n<p><a href=\"https:\/\/globalmedsonlineinc.com\/it\/product\/research-chemicals\/mdai\/\">Cristallo MDAI in vendita online<\/a> . MDAI e tutte le altre fenetilamine vendute su questo sito sono proposte per la ricerca e le applicazioni scientifiche. L&#8217;esame sintetico chiamato MDA.I \u00e8 una droga architetto con possibili impatti fisiologici e psicoattivi e ha l&#8217;equazione sub-atomica C10H11NO2 &#8211; HCl. Il peso dell&#8217;equazione ha il valore 213,7 g\/mol. Acquista MDAI sul web.<\/p>\n<p>Questa sostanza \u00e8 veramente nuova, quindi le propriet\u00e0 tossicologiche e fisiologiche di MDAI non sono note.Filiali di fenetilammina, per esempio, 5,6-metilendioxy-2-aminoindano possono avere propriet\u00e0 energizzanti ed entactogeniche. Acquista MDAI sul web.<\/p>\n<p>6,7-Dihydro-5H-indeno[5,6-d]-1,3-dioxol-6-amine, monoidrocloride e qualsiasi altra droga creatrice venduta su questo sito sono proposte per la ricerca e le applicazioni misurabili.<\/p>\n<p>Conservare gentilmente questa fenetilammina in un luogo fresco e asciutto. La sicurezza del composto fenetilammina MDA.I \u00e8 fino a 2 anni in condizioni di capacit\u00e0 legittime. Acquista MDA.I sul web.<\/p>\n<p>Perch\u00e9 acquistare MDA.I da noi?<\/p>\n<p>\u2605 Abbiamo una lunga storia di scambio sul mercato, cos\u00ec potrai approfittare della nostra esperienza.<\/p>\n<p>MDAI \u00e8 stato provato e controllato.<\/p>\n<p>Puoi acquistare MDAI utilizzando Bitcoin, MoneyGram e Western Union o un trasferimento bancario.<\/p>\n<p>Cosa ottieni quando acquisti MDA.I da noi?<\/p>\n<p>&#8211; Una tasca fissa in foglio di alluminio contenente 6,7-diidro-5H-indeno[5,6-d]-1,3-dioxole-6-amina, monoidrocloruro di ricerca sintetica della massima qualit\u00e0<\/p>\n<p>&#8211; Ricetta forte come il vetro puro<\/p>\n<p>&#8211; \u226598% immacolatezza<\/p>\n<p>Offriamo un servizio accelerato tra 1-2 giorni universalmente. I nostri trasporti sono al 100% accurati ed espressi e in questo modo assicurano tutti i clienti e i pacchi per il trasporto rendendo gli affari costantemente un trionfo.<\/p>\n<p>Buona qualit\u00e0 MDAI online: Si capisce perfettamente che le <a href=\"https:\/\/it.wikipedia.org\/wiki\/MDAI\">persone<\/a> non si fidano rapidamente della qualit\u00e0 di MDAI venduto online perch\u00e9 non possono esaminarlo fisicamente. Ma non \u00e8 la stessa cosa con i fornitori di MDAI online. I prodotti qui sono fedeli alla loro descrizione con una manutenzione di alta qualit\u00e0 fatta sotto la supervisione degli esperti.<\/p>\n<p>Veloce &amp; Spedizione discreta: La consegna del MDAIonline dopo aver ricevuto l&#8217;ordine viene fatta nei tempi promessi. Il team di spedizione mette tutto il suo impegno nel rendere la spedizione e la procedura di consegna liscia e veloce. Puoi anche aspettarti servizi eccellenti quando acquisti MDAI online dal professionista sulla piattaforma online.<\/p>\n","protected":false},"excerpt":{"rendered":"<p>MDAI venduto online ha un nome IUPAC completo di 6,7-diidro-5H-indeno[5,6-d]-1,3-dioxol-6-amina, monoidrocloride che appartiene a una classe di sostanze chimiche di ricerca fenetilamine.<br \/>\nMDAI potrebbe avere propriet\u00e0 entactogene e stimolanti.<\/p>\n","protected":false},"featured_media":9230,"comment_status":"open","ping_status":"closed","template":"","meta":{"_acf_changed":false,"_monsterinsights_skip_tracking":false,"_monsterinsights_sitenote_active":false,"_monsterinsights_sitenote_note":"","_monsterinsights_sitenote_category":0},"product_brand":[],"product_cat":[53],"product_tag":[533,532,534,536,535,448,537,538],"class_list":{"0":"post-9223","1":"product","2":"type-product","3":"status-publish","4":"has-post-thumbnail","6":"product_cat-research-chemicals","7":"product_tag-come-ottenere-mdai","8":"product_tag-comprare-mdai-online","9":"product_tag-mdai-in-vendita","10":"product_tag-mdai-in-vendita-allestero","11":"product_tag-mdai-in-vendita-senza-ricetta","12":"product_tag-mdai-street-value","13":"product_tag-ordine-mdai","14":"product_tag-ordine-mdai-online","16":"first","17":"instock","18":"shipping-taxable","19":"purchasable","20":"product-type-variable"},"acf":[],"yoast_head":"<!-- This site is optimized with the Yoast SEO plugin v27.2 - https:\/\/yoast.com\/product\/yoast-seo-wordpress\/ -->\n<title>Cristallo MDAI in vendita online | Global Meds Inc.<\/title>\n<meta name=\"description\" content=\"Cristallo MDAI in vendita online. Vendiamo il cristallo MDAI della migliore qualit\u00e0. Vi invitiamo a contattarci per ulteriori informazioni e prezzi.\" \/>\n<meta name=\"robots\" content=\"index, follow, max-snippet:-1, max-image-preview:large, max-video-preview:-1\" \/>\n<link rel=\"canonical\" href=\"https:\/\/globalmedsonlineinc.com\/it\/product\/research-chemicals\/mdai\/\" \/>\n<meta property=\"og:locale\" content=\"it_IT\" \/>\n<meta property=\"og:type\" content=\"article\" \/>\n<meta property=\"og:title\" content=\"Cristallo MDAI in vendita online | Global Meds Inc.\" \/>\n<meta property=\"og:description\" content=\"Cristallo MDAI in vendita online. Vendiamo il cristallo MDAI della migliore qualit\u00e0. Vi invitiamo a contattarci per ulteriori informazioni e prezzi.\" \/>\n<meta property=\"og:url\" content=\"https:\/\/globalmedsonlineinc.com\/it\/product\/research-chemicals\/mdai\/\" \/>\n<meta property=\"og:site_name\" content=\"Global Meds Inc\" \/>\n<meta property=\"article:modified_time\" content=\"2024-02-20T11:05:33+00:00\" \/>\n<meta property=\"og:image\" content=\"https:\/\/globalmedsonlineinc.com\/it\/content\/media\/uploads\/sites\/9\/2021\/07\/MDAI.jpg\" \/>\n\t<meta property=\"og:image:width\" content=\"1200\" \/>\n\t<meta property=\"og:image:height\" content=\"1200\" \/>\n\t<meta property=\"og:image:type\" content=\"image\/jpeg\" \/>\n<meta name=\"twitter:card\" content=\"summary_large_image\" \/>\n<meta name=\"twitter:label1\" content=\"Tempo di lettura stimato\" \/>\n\t<meta name=\"twitter:data1\" content=\"3 minuti\" \/>\n<script type=\"application\/ld+json\" class=\"yoast-schema-graph\">{\"@context\":\"https:\/\/schema.org\",\"@graph\":[{\"@type\":\"WebPage\",\"@id\":\"https:\/\/globalmedsonlineinc.com\/it\/product\/research-chemicals\/mdai\/\",\"url\":\"https:\/\/globalmedsonlineinc.com\/it\/product\/research-chemicals\/mdai\/\",\"name\":\"Cristallo MDAI in vendita online | Global Meds Inc.\",\"isPartOf\":{\"@id\":\"https:\/\/globalmedsonlineinc.com\/it\/#website\"},\"primaryImageOfPage\":{\"@id\":\"https:\/\/globalmedsonlineinc.com\/it\/product\/research-chemicals\/mdai\/#primaryimage\"},\"image\":{\"@id\":\"https:\/\/globalmedsonlineinc.com\/it\/product\/research-chemicals\/mdai\/#primaryimage\"},\"thumbnailUrl\":\"https:\/\/globalmedsonlineinc.com\/it\/content\/media\/uploads\/sites\/9\/2021\/07\/MDAI.jpg\",\"datePublished\":\"2021-07-02T21:32:15+00:00\",\"dateModified\":\"2024-02-20T11:05:33+00:00\",\"description\":\"Cristallo MDAI in vendita online. Vendiamo il cristallo MDAI della migliore qualit\u00e0. Vi invitiamo a contattarci per ulteriori informazioni e prezzi.\",\"breadcrumb\":{\"@id\":\"https:\/\/globalmedsonlineinc.com\/it\/product\/research-chemicals\/mdai\/#breadcrumb\"},\"inLanguage\":\"it-IT\",\"potentialAction\":[{\"@type\":\"ReadAction\",\"target\":[\"https:\/\/globalmedsonlineinc.com\/it\/product\/research-chemicals\/mdai\/\"]}]},{\"@type\":\"ImageObject\",\"inLanguage\":\"it-IT\",\"@id\":\"https:\/\/globalmedsonlineinc.com\/it\/product\/research-chemicals\/mdai\/#primaryimage\",\"url\":\"https:\/\/globalmedsonlineinc.com\/it\/content\/media\/uploads\/sites\/9\/2021\/07\/MDAI.jpg\",\"contentUrl\":\"https:\/\/globalmedsonlineinc.com\/it\/content\/media\/uploads\/sites\/9\/2021\/07\/MDAI.jpg\",\"width\":1200,\"height\":1200,\"caption\":\"Cristallo MDAI in vendita online\"},{\"@type\":\"BreadcrumbList\",\"@id\":\"https:\/\/globalmedsonlineinc.com\/it\/product\/research-chemicals\/mdai\/#breadcrumb\",\"itemListElement\":[{\"@type\":\"ListItem\",\"position\":1,\"name\":\"Home\",\"item\":\"https:\/\/globalmedsonlineinc.com\/it\/\"},{\"@type\":\"ListItem\",\"position\":2,\"name\":\"Prodotti\",\"item\":\"https:\/\/globalmedsonlineinc.com\/it\/prodotti\/\"},{\"@type\":\"ListItem\",\"position\":3,\"name\":\"Comprare MDAI online\"}]},{\"@type\":\"WebSite\",\"@id\":\"https:\/\/globalmedsonlineinc.com\/it\/#website\",\"url\":\"https:\/\/globalmedsonlineinc.com\/it\/\",\"name\":\"Global Meds Inc\",\"description\":\"\",\"publisher\":{\"@id\":\"https:\/\/globalmedsonlineinc.com\/it\/#organization\"},\"potentialAction\":[{\"@type\":\"SearchAction\",\"target\":{\"@type\":\"EntryPoint\",\"urlTemplate\":\"https:\/\/globalmedsonlineinc.com\/it\/?s={search_term_string}\"},\"query-input\":{\"@type\":\"PropertyValueSpecification\",\"valueRequired\":true,\"valueName\":\"search_term_string\"}}],\"inLanguage\":\"it-IT\"},{\"@type\":\"Organization\",\"@id\":\"https:\/\/globalmedsonlineinc.com\/it\/#organization\",\"name\":\"Global Meds Inc.\",\"url\":\"https:\/\/globalmedsonlineinc.com\/it\/\",\"logo\":{\"@type\":\"ImageObject\",\"inLanguage\":\"it-IT\",\"@id\":\"https:\/\/globalmedsonlineinc.com\/it\/#\/schema\/logo\/image\/\",\"url\":\"https:\/\/globalmedsonlineinc.com\/it\/content\/media\/uploads\/sites\/9\/2021\/06\/globalmedsonlineincLogoShop20210630123730.00.png\",\"contentUrl\":\"https:\/\/globalmedsonlineinc.com\/it\/content\/media\/uploads\/sites\/9\/2021\/06\/globalmedsonlineincLogoShop20210630123730.00.png\",\"width\":450,\"height\":117,\"caption\":\"Global Meds Inc.\"},\"image\":{\"@id\":\"https:\/\/globalmedsonlineinc.com\/it\/#\/schema\/logo\/image\/\"}}]}<\/script>\n<!-- \/ Yoast SEO plugin. -->","yoast_head_json":{"title":"Cristallo MDAI in vendita online | Global Meds Inc.","description":"Cristallo MDAI in vendita online. Vendiamo il cristallo MDAI della migliore qualit\u00e0. Vi invitiamo a contattarci per ulteriori informazioni e prezzi.","robots":{"index":"index","follow":"follow","max-snippet":"max-snippet:-1","max-image-preview":"max-image-preview:large","max-video-preview":"max-video-preview:-1"},"canonical":"https:\/\/globalmedsonlineinc.com\/it\/product\/research-chemicals\/mdai\/","og_locale":"it_IT","og_type":"article","og_title":"Cristallo MDAI in vendita online | Global Meds Inc.","og_description":"Cristallo MDAI in vendita online. Vendiamo il cristallo MDAI della migliore qualit\u00e0. Vi invitiamo a contattarci per ulteriori informazioni e prezzi.","og_url":"https:\/\/globalmedsonlineinc.com\/it\/product\/research-chemicals\/mdai\/","og_site_name":"Global Meds Inc","article_modified_time":"2024-02-20T11:05:33+00:00","og_image":[{"width":1200,"height":1200,"url":"https:\/\/globalmedsonlineinc.com\/it\/content\/media\/uploads\/sites\/9\/2021\/07\/MDAI.jpg","type":"image\/jpeg"}],"twitter_card":"summary_large_image","twitter_misc":{"Tempo di lettura stimato":"3 minuti"},"schema":{"@context":"https:\/\/schema.org","@graph":[{"@type":"WebPage","@id":"https:\/\/globalmedsonlineinc.com\/it\/product\/research-chemicals\/mdai\/","url":"https:\/\/globalmedsonlineinc.com\/it\/product\/research-chemicals\/mdai\/","name":"Cristallo MDAI in vendita online | Global Meds Inc.","isPartOf":{"@id":"https:\/\/globalmedsonlineinc.com\/it\/#website"},"primaryImageOfPage":{"@id":"https:\/\/globalmedsonlineinc.com\/it\/product\/research-chemicals\/mdai\/#primaryimage"},"image":{"@id":"https:\/\/globalmedsonlineinc.com\/it\/product\/research-chemicals\/mdai\/#primaryimage"},"thumbnailUrl":"https:\/\/globalmedsonlineinc.com\/it\/content\/media\/uploads\/sites\/9\/2021\/07\/MDAI.jpg","datePublished":"2021-07-02T21:32:15+00:00","dateModified":"2024-02-20T11:05:33+00:00","description":"Cristallo MDAI in vendita online. Vendiamo il cristallo MDAI della migliore qualit\u00e0. Vi invitiamo a contattarci per ulteriori informazioni e prezzi.","breadcrumb":{"@id":"https:\/\/globalmedsonlineinc.com\/it\/product\/research-chemicals\/mdai\/#breadcrumb"},"inLanguage":"it-IT","potentialAction":[{"@type":"ReadAction","target":["https:\/\/globalmedsonlineinc.com\/it\/product\/research-chemicals\/mdai\/"]}]},{"@type":"ImageObject","inLanguage":"it-IT","@id":"https:\/\/globalmedsonlineinc.com\/it\/product\/research-chemicals\/mdai\/#primaryimage","url":"https:\/\/globalmedsonlineinc.com\/it\/content\/media\/uploads\/sites\/9\/2021\/07\/MDAI.jpg","contentUrl":"https:\/\/globalmedsonlineinc.com\/it\/content\/media\/uploads\/sites\/9\/2021\/07\/MDAI.jpg","width":1200,"height":1200,"caption":"Cristallo MDAI in vendita online"},{"@type":"BreadcrumbList","@id":"https:\/\/globalmedsonlineinc.com\/it\/product\/research-chemicals\/mdai\/#breadcrumb","itemListElement":[{"@type":"ListItem","position":1,"name":"Home","item":"https:\/\/globalmedsonlineinc.com\/it\/"},{"@type":"ListItem","position":2,"name":"Prodotti","item":"https:\/\/globalmedsonlineinc.com\/it\/prodotti\/"},{"@type":"ListItem","position":3,"name":"Comprare MDAI online"}]},{"@type":"WebSite","@id":"https:\/\/globalmedsonlineinc.com\/it\/#website","url":"https:\/\/globalmedsonlineinc.com\/it\/","name":"Global Meds Inc","description":"","publisher":{"@id":"https:\/\/globalmedsonlineinc.com\/it\/#organization"},"potentialAction":[{"@type":"SearchAction","target":{"@type":"EntryPoint","urlTemplate":"https:\/\/globalmedsonlineinc.com\/it\/?s={search_term_string}"},"query-input":{"@type":"PropertyValueSpecification","valueRequired":true,"valueName":"search_term_string"}}],"inLanguage":"it-IT"},{"@type":"Organization","@id":"https:\/\/globalmedsonlineinc.com\/it\/#organization","name":"Global Meds Inc.","url":"https:\/\/globalmedsonlineinc.com\/it\/","logo":{"@type":"ImageObject","inLanguage":"it-IT","@id":"https:\/\/globalmedsonlineinc.com\/it\/#\/schema\/logo\/image\/","url":"https:\/\/globalmedsonlineinc.com\/it\/content\/media\/uploads\/sites\/9\/2021\/06\/globalmedsonlineincLogoShop20210630123730.00.png","contentUrl":"https:\/\/globalmedsonlineinc.com\/it\/content\/media\/uploads\/sites\/9\/2021\/06\/globalmedsonlineincLogoShop20210630123730.00.png","width":450,"height":117,"caption":"Global Meds Inc."},"image":{"@id":"https:\/\/globalmedsonlineinc.com\/it\/#\/schema\/logo\/image\/"}}]}},"_links":{"self":[{"href":"https:\/\/globalmedsonlineinc.com\/it\/wp-json\/wp\/v2\/product\/9223","targetHints":{"allow":["GET"]}}],"collection":[{"href":"https:\/\/globalmedsonlineinc.com\/it\/wp-json\/wp\/v2\/product"}],"about":[{"href":"https:\/\/globalmedsonlineinc.com\/it\/wp-json\/wp\/v2\/types\/product"}],"replies":[{"embeddable":true,"href":"https:\/\/globalmedsonlineinc.com\/it\/wp-json\/wp\/v2\/comments?post=9223"}],"wp:featuredmedia":[{"embeddable":true,"href":"https:\/\/globalmedsonlineinc.com\/it\/wp-json\/wp\/v2\/media\/9230"}],"wp:attachment":[{"href":"https:\/\/globalmedsonlineinc.com\/it\/wp-json\/wp\/v2\/media?parent=9223"}],"wp:term":[{"taxonomy":"product_brand","embeddable":true,"href":"https:\/\/globalmedsonlineinc.com\/it\/wp-json\/wp\/v2\/product_brand?post=9223"},{"taxonomy":"product_cat","embeddable":true,"href":"https:\/\/globalmedsonlineinc.com\/it\/wp-json\/wp\/v2\/product_cat?post=9223"},{"taxonomy":"product_tag","embeddable":true,"href":"https:\/\/globalmedsonlineinc.com\/it\/wp-json\/wp\/v2\/product_tag?post=9223"}],"curies":[{"name":"wp","href":"https:\/\/api.w.org\/{rel}","templated":true}]}}