{"id":9214,"date":"2021-07-02T21:20:14","date_gmt":"2021-07-02T21:20:14","guid":{"rendered":"https:\/\/globalmedsonlineinc.com\/it\/?post_type=product&#038;p=9214"},"modified":"2024-02-20T11:06:28","modified_gmt":"2024-02-20T11:06:28","slug":"mdma","status":"publish","type":"product","link":"https:\/\/globalmedsonlineinc.com\/it\/product\/research-chemicals\/mdma\/","title":{"rendered":"Comprare MDMA online"},"content":{"rendered":"<h1><strong>MDMA in vendita online<\/strong><\/h1>\n<p><a href=\"https:\/\/globalmedsonlineinc.com\/it\/product\/research-chemicals\/mdma\/\">MDMA in vendita online<\/a>. MDMA Powder Crystals \u00e8 un farmaco che agisce sia come energizzante che come allucinogeno, fornendo un impatto rinvigorente, torsioni temporali e percettive, e una gioia espansa dalle esperienze materiali. 1,2 In genere, l&#8217;MDMA (abbreviazione del nome sintetico 3,4-metilendioximetanfetamina) viene assunta per via orale, per la maggior parte sotto forma di compressa o astuccio, e i suoi effetti durano dalle 3 alle 6 ore circa. La porzione normale \u00e8 da una a due compresse, con ogni compressa che comunemente contiene da qualche parte nella gamma di 60 e 120 milligrammi di MDMA.1 Non \u00e8 notevole per i clienti richiedere una seconda porzione del farmaco quando gli impatti della porzione principale iniziano a svanire. Acquistare MDMA sul web<\/p>\n<p>it Powder Crystals, 3,4-Methylenedioxy-methamphetamine (MDMA) \u00e8 un farmaco prodotto che cambia il temperamento e il discernimento (attenzione agli oggetti e alle condizioni circostanti). \u00c8 artificialmente come i due energizzanti e stimolanti e produce sensazioni di energia espansa, gioia, calore passionale, e contorto intuito tangibile e mondano. Acquistare MDMA sul web<\/p>\n<p>it Powder Crystals era inizialmente ben noto nella scena dei club di danza e nelle feste da ballo notturne (&#8220;rave&#8221;), ma il farmaco influenza attualmente una massa pi\u00f9 estesa di individui, che in generale chiamano il farmaco rapimento o molly.<\/p>\n<p>Come gli individui usano i Cristalli di Polvere?<\/p>\n<p>it Powder Crystals ordinariamente lo accettano come contenitore o compressa, ma alcuni lo ingoiano in una struttura fluida o grugniscono la polvere. Il famoso soprannome Molly (slang per &#8220;atomica&#8221;) allude regolarmente al tipo di polvere probabilmente &#8220;non adulterata&#8221;, simile al vetro, normalmente venduta in contenitori. Ciononostante, gli individui che acquistano polveri o casse vendute come Molly stanno spesso ottenendo farmaci diversi a parit\u00e0 di condizioni, per esempio, catinoni ingegnerizzati (&#8220;sali da doccia&#8221;) (vedi &#8220;Rischio extra di MDMA&#8221;).<\/p>\n<p>\u00e8 Cristalli di polvere in miscela con diversi farmaci come liquore o maryjane. Acquistare MDMA sul web<\/p>\n<p>espande il movimento di tre sostanze sintetiche del cervello:<\/p>\n<p>Dopamina &#8211; provoca un&#8217;espansione dell&#8217;euforia e un&#8217;espansione dell&#8217;energia\/movimento.<\/p>\n<p>norepinefrina &#8211; espande il polso e lo sforzo circolatorio, che \u00e8 <a href=\"https:\/\/it.wikipedia.org\/wiki\/MDMA\">particolarmente<\/a> pericoloso per gli individui con problemi cardiovascolari<\/p>\n<p>Serotonina &#8211; influenza l&#8217;impostazione mentale, il desiderio, il riposo e le diverse capacit\u00e0. Allo stesso modo, innesca sostanze chimiche che influenzano l&#8217;eccitazione e la certezza sessuale. L&#8217;arrivo di un sacco di serotonina provoca probabilmente la vicinanza passionale, lo stato d&#8217;animo elevato e la simpatia sentita dai clienti<\/p>\n<p>MDMA di buona qualit\u00e0 online: \u00c8 del tutto comprensibile che la gente non si fidi rapidamente della qualit\u00e0 dell&#8217;MDMA venduta online perch\u00e9 non pu\u00f2 esaminarla fisicamente. Ma non \u00e8 la stessa cosa con i fornitori di MDMA online. I prodotti qui sono fedeli alla loro descrizione con una manutenzione di alta qualit\u00e0 fatta sotto la supervisione degli esperti.<\/p>\n<p>Veloce &amp; Spedizione discreta: La consegna dell&#8217;MDMA online dopo aver ricevuto l&#8217;ordine avviene nei tempi promessi. Il team di spedizione mette tutto il suo impegno nel rendere la procedura di spedizione e consegna liscia e veloce. Puoi anche aspettarti servizi eccellenti quando acquisti MDMA online dai professionisti della piattaforma online.<\/p>\n","protected":false},"excerpt":{"rendered":"<p>Acquistare MDMA sul web. <a href=\"https:\/\/en.wikipedia.org\/wiki\/MDMA\">MDMA Powder<\/a> Crystals \u00e8 un farmaco che agisce sia come energizzante che come allucinogeno, offrendo un impatto rinvigorente, torsioni temporali e percettive, e gioia espansa dalle esperienze materiali.<\/p>\n","protected":false},"featured_media":9220,"comment_status":"open","ping_status":"closed","template":"","meta":{"_acf_changed":false,"_monsterinsights_skip_tracking":false,"_monsterinsights_sitenote_active":false,"_monsterinsights_sitenote_note":"","_monsterinsights_sitenote_category":0},"product_brand":[],"product_cat":[53],"product_tag":[562,564,565,549,550,551,548,544,545,546,547,566,567,552,540,568,539,541,555,556,554,425,558,557,560,561,559,431,563,543,542,553],"class_list":{"0":"post-9214","1":"product","2":"type-product","3":"status-publish","4":"has-post-thumbnail","6":"product_cat-research-chemicals","7":"product_tag-acquistare-online-mdma","8":"product_tag-acquisto-mdma-con-bitcoin","9":"product_tag-acquisto-modesto-mdma-sul-web","10":"product_tag-basso-prezzo-mdma","11":"product_tag-basso-tasso-mdma","12":"product_tag-basso-valore-mdma","13":"product_tag-come-acquistare-lsd","14":"product_tag-come-comprare-lsd","15":"product_tag-come-comprare-mdma","16":"product_tag-come-ottenere-il-massimo-da-molly","17":"product_tag-come-paracadutare-molly","18":"product_tag-cosa-fa-molly-a-voi","19":"product_tag-cosa-sembra-molly-puro","20":"product_tag-cristalli-mda","21":"product_tag-diversi-modi-di-prendere-molly","22":"product_tag-dove-acquistare-mdma-sul-web","23":"product_tag-effetti-cristallo-molly","24":"product_tag-effetti-di-molly","25":"product_tag-gemma-mdma-disponibile-per-essere-acquistato","26":"product_tag-mdma-fornitori","27":"product_tag-mdma-in-vendita","28":"product_tag-methylenedioxyphenethylamine","29":"product_tag-molly-cristalli-effetti-collaterali","30":"product_tag-molly-cristalli-prezzo","31":"product_tag-molly-droga-ingredienti","32":"product_tag-molly-effetti-collaterali-giorno-successivo","33":"product_tag-molly-effetti-della-droga","34":"product_tag-molly-vs-ecstacy","35":"product_tag-ordine-mdma","36":"product_tag-quanto-costa-lo-speed-per-grammo","37":"product_tag-quanto-tempo-da-fastidio-molly","38":"product_tag-sconto-mdma","40":"first","41":"instock","42":"shipping-taxable","43":"purchasable","44":"product-type-variable","45":"has-default-attributes"},"acf":[],"yoast_head":"<!-- This site is optimized with the Yoast SEO plugin v27.2 - https:\/\/yoast.com\/product\/yoast-seo-wordpress\/ -->\n<title>MDMA in vendita online | Global Meds Inc.<\/title>\n<meta name=\"description\" content=\"MDMA in vendita online. Vendiamo MDMA della migliore qualit\u00e0. Vi invitiamo a contattarci per ulteriori informazioni e prezzi.\" \/>\n<meta name=\"robots\" content=\"index, follow, max-snippet:-1, max-image-preview:large, max-video-preview:-1\" \/>\n<link rel=\"canonical\" href=\"https:\/\/globalmedsonlineinc.com\/it\/product\/research-chemicals\/mdma\/\" \/>\n<meta property=\"og:locale\" content=\"it_IT\" \/>\n<meta property=\"og:type\" content=\"article\" \/>\n<meta property=\"og:title\" content=\"MDMA in vendita online | Global Meds Inc.\" \/>\n<meta property=\"og:description\" content=\"MDMA in vendita online. Vendiamo MDMA della migliore qualit\u00e0. Vi invitiamo a contattarci per ulteriori informazioni e prezzi.\" \/>\n<meta property=\"og:url\" content=\"https:\/\/globalmedsonlineinc.com\/it\/product\/research-chemicals\/mdma\/\" \/>\n<meta property=\"og:site_name\" content=\"Global Meds Inc\" \/>\n<meta property=\"article:modified_time\" content=\"2024-02-20T11:06:28+00:00\" \/>\n<meta property=\"og:image\" content=\"https:\/\/globalmedsonlineinc.com\/it\/content\/media\/uploads\/sites\/9\/2021\/07\/Buy-Mdma-pills.jpg\" \/>\n\t<meta property=\"og:image:width\" content=\"1200\" \/>\n\t<meta property=\"og:image:height\" content=\"1200\" \/>\n\t<meta property=\"og:image:type\" content=\"image\/jpeg\" \/>\n<meta name=\"twitter:card\" content=\"summary_large_image\" \/>\n<meta name=\"twitter:label1\" content=\"Tempo di lettura stimato\" \/>\n\t<meta name=\"twitter:data1\" content=\"3 minuti\" \/>\n<script type=\"application\/ld+json\" class=\"yoast-schema-graph\">{\"@context\":\"https:\/\/schema.org\",\"@graph\":[{\"@type\":\"WebPage\",\"@id\":\"https:\/\/globalmedsonlineinc.com\/it\/product\/research-chemicals\/mdma\/\",\"url\":\"https:\/\/globalmedsonlineinc.com\/it\/product\/research-chemicals\/mdma\/\",\"name\":\"MDMA in vendita online | Global Meds Inc.\",\"isPartOf\":{\"@id\":\"https:\/\/globalmedsonlineinc.com\/it\/#website\"},\"primaryImageOfPage\":{\"@id\":\"https:\/\/globalmedsonlineinc.com\/it\/product\/research-chemicals\/mdma\/#primaryimage\"},\"image\":{\"@id\":\"https:\/\/globalmedsonlineinc.com\/it\/product\/research-chemicals\/mdma\/#primaryimage\"},\"thumbnailUrl\":\"https:\/\/globalmedsonlineinc.com\/it\/content\/media\/uploads\/sites\/9\/2021\/07\/Buy-Mdma-pills.jpg\",\"datePublished\":\"2021-07-02T21:20:14+00:00\",\"dateModified\":\"2024-02-20T11:06:28+00:00\",\"description\":\"MDMA in vendita online. Vendiamo MDMA della migliore qualit\u00e0. Vi invitiamo a contattarci per ulteriori informazioni e prezzi.\",\"breadcrumb\":{\"@id\":\"https:\/\/globalmedsonlineinc.com\/it\/product\/research-chemicals\/mdma\/#breadcrumb\"},\"inLanguage\":\"it-IT\",\"potentialAction\":[{\"@type\":\"ReadAction\",\"target\":[\"https:\/\/globalmedsonlineinc.com\/it\/product\/research-chemicals\/mdma\/\"]}]},{\"@type\":\"ImageObject\",\"inLanguage\":\"it-IT\",\"@id\":\"https:\/\/globalmedsonlineinc.com\/it\/product\/research-chemicals\/mdma\/#primaryimage\",\"url\":\"https:\/\/globalmedsonlineinc.com\/it\/content\/media\/uploads\/sites\/9\/2021\/07\/Buy-Mdma-pills.jpg\",\"contentUrl\":\"https:\/\/globalmedsonlineinc.com\/it\/content\/media\/uploads\/sites\/9\/2021\/07\/Buy-Mdma-pills.jpg\",\"width\":1200,\"height\":1200,\"caption\":\"MDMA in vendita online\"},{\"@type\":\"BreadcrumbList\",\"@id\":\"https:\/\/globalmedsonlineinc.com\/it\/product\/research-chemicals\/mdma\/#breadcrumb\",\"itemListElement\":[{\"@type\":\"ListItem\",\"position\":1,\"name\":\"Home\",\"item\":\"https:\/\/globalmedsonlineinc.com\/it\/\"},{\"@type\":\"ListItem\",\"position\":2,\"name\":\"Prodotti\",\"item\":\"https:\/\/globalmedsonlineinc.com\/it\/prodotti\/\"},{\"@type\":\"ListItem\",\"position\":3,\"name\":\"Comprare MDMA online\"}]},{\"@type\":\"WebSite\",\"@id\":\"https:\/\/globalmedsonlineinc.com\/it\/#website\",\"url\":\"https:\/\/globalmedsonlineinc.com\/it\/\",\"name\":\"Global Meds Inc\",\"description\":\"\",\"publisher\":{\"@id\":\"https:\/\/globalmedsonlineinc.com\/it\/#organization\"},\"potentialAction\":[{\"@type\":\"SearchAction\",\"target\":{\"@type\":\"EntryPoint\",\"urlTemplate\":\"https:\/\/globalmedsonlineinc.com\/it\/?s={search_term_string}\"},\"query-input\":{\"@type\":\"PropertyValueSpecification\",\"valueRequired\":true,\"valueName\":\"search_term_string\"}}],\"inLanguage\":\"it-IT\"},{\"@type\":\"Organization\",\"@id\":\"https:\/\/globalmedsonlineinc.com\/it\/#organization\",\"name\":\"Global Meds Inc.\",\"url\":\"https:\/\/globalmedsonlineinc.com\/it\/\",\"logo\":{\"@type\":\"ImageObject\",\"inLanguage\":\"it-IT\",\"@id\":\"https:\/\/globalmedsonlineinc.com\/it\/#\/schema\/logo\/image\/\",\"url\":\"https:\/\/globalmedsonlineinc.com\/it\/content\/media\/uploads\/sites\/9\/2021\/06\/globalmedsonlineincLogoShop20210630123730.00.png\",\"contentUrl\":\"https:\/\/globalmedsonlineinc.com\/it\/content\/media\/uploads\/sites\/9\/2021\/06\/globalmedsonlineincLogoShop20210630123730.00.png\",\"width\":450,\"height\":117,\"caption\":\"Global Meds Inc.\"},\"image\":{\"@id\":\"https:\/\/globalmedsonlineinc.com\/it\/#\/schema\/logo\/image\/\"}}]}<\/script>\n<!-- \/ Yoast SEO plugin. -->","yoast_head_json":{"title":"MDMA in vendita online | Global Meds Inc.","description":"MDMA in vendita online. Vendiamo MDMA della migliore qualit\u00e0. Vi invitiamo a contattarci per ulteriori informazioni e prezzi.","robots":{"index":"index","follow":"follow","max-snippet":"max-snippet:-1","max-image-preview":"max-image-preview:large","max-video-preview":"max-video-preview:-1"},"canonical":"https:\/\/globalmedsonlineinc.com\/it\/product\/research-chemicals\/mdma\/","og_locale":"it_IT","og_type":"article","og_title":"MDMA in vendita online | Global Meds Inc.","og_description":"MDMA in vendita online. Vendiamo MDMA della migliore qualit\u00e0. Vi invitiamo a contattarci per ulteriori informazioni e prezzi.","og_url":"https:\/\/globalmedsonlineinc.com\/it\/product\/research-chemicals\/mdma\/","og_site_name":"Global Meds Inc","article_modified_time":"2024-02-20T11:06:28+00:00","og_image":[{"width":1200,"height":1200,"url":"https:\/\/globalmedsonlineinc.com\/it\/content\/media\/uploads\/sites\/9\/2021\/07\/Buy-Mdma-pills.jpg","type":"image\/jpeg"}],"twitter_card":"summary_large_image","twitter_misc":{"Tempo di lettura stimato":"3 minuti"},"schema":{"@context":"https:\/\/schema.org","@graph":[{"@type":"WebPage","@id":"https:\/\/globalmedsonlineinc.com\/it\/product\/research-chemicals\/mdma\/","url":"https:\/\/globalmedsonlineinc.com\/it\/product\/research-chemicals\/mdma\/","name":"MDMA in vendita online | Global Meds Inc.","isPartOf":{"@id":"https:\/\/globalmedsonlineinc.com\/it\/#website"},"primaryImageOfPage":{"@id":"https:\/\/globalmedsonlineinc.com\/it\/product\/research-chemicals\/mdma\/#primaryimage"},"image":{"@id":"https:\/\/globalmedsonlineinc.com\/it\/product\/research-chemicals\/mdma\/#primaryimage"},"thumbnailUrl":"https:\/\/globalmedsonlineinc.com\/it\/content\/media\/uploads\/sites\/9\/2021\/07\/Buy-Mdma-pills.jpg","datePublished":"2021-07-02T21:20:14+00:00","dateModified":"2024-02-20T11:06:28+00:00","description":"MDMA in vendita online. Vendiamo MDMA della migliore qualit\u00e0. Vi invitiamo a contattarci per ulteriori informazioni e prezzi.","breadcrumb":{"@id":"https:\/\/globalmedsonlineinc.com\/it\/product\/research-chemicals\/mdma\/#breadcrumb"},"inLanguage":"it-IT","potentialAction":[{"@type":"ReadAction","target":["https:\/\/globalmedsonlineinc.com\/it\/product\/research-chemicals\/mdma\/"]}]},{"@type":"ImageObject","inLanguage":"it-IT","@id":"https:\/\/globalmedsonlineinc.com\/it\/product\/research-chemicals\/mdma\/#primaryimage","url":"https:\/\/globalmedsonlineinc.com\/it\/content\/media\/uploads\/sites\/9\/2021\/07\/Buy-Mdma-pills.jpg","contentUrl":"https:\/\/globalmedsonlineinc.com\/it\/content\/media\/uploads\/sites\/9\/2021\/07\/Buy-Mdma-pills.jpg","width":1200,"height":1200,"caption":"MDMA in vendita online"},{"@type":"BreadcrumbList","@id":"https:\/\/globalmedsonlineinc.com\/it\/product\/research-chemicals\/mdma\/#breadcrumb","itemListElement":[{"@type":"ListItem","position":1,"name":"Home","item":"https:\/\/globalmedsonlineinc.com\/it\/"},{"@type":"ListItem","position":2,"name":"Prodotti","item":"https:\/\/globalmedsonlineinc.com\/it\/prodotti\/"},{"@type":"ListItem","position":3,"name":"Comprare MDMA online"}]},{"@type":"WebSite","@id":"https:\/\/globalmedsonlineinc.com\/it\/#website","url":"https:\/\/globalmedsonlineinc.com\/it\/","name":"Global Meds Inc","description":"","publisher":{"@id":"https:\/\/globalmedsonlineinc.com\/it\/#organization"},"potentialAction":[{"@type":"SearchAction","target":{"@type":"EntryPoint","urlTemplate":"https:\/\/globalmedsonlineinc.com\/it\/?s={search_term_string}"},"query-input":{"@type":"PropertyValueSpecification","valueRequired":true,"valueName":"search_term_string"}}],"inLanguage":"it-IT"},{"@type":"Organization","@id":"https:\/\/globalmedsonlineinc.com\/it\/#organization","name":"Global Meds Inc.","url":"https:\/\/globalmedsonlineinc.com\/it\/","logo":{"@type":"ImageObject","inLanguage":"it-IT","@id":"https:\/\/globalmedsonlineinc.com\/it\/#\/schema\/logo\/image\/","url":"https:\/\/globalmedsonlineinc.com\/it\/content\/media\/uploads\/sites\/9\/2021\/06\/globalmedsonlineincLogoShop20210630123730.00.png","contentUrl":"https:\/\/globalmedsonlineinc.com\/it\/content\/media\/uploads\/sites\/9\/2021\/06\/globalmedsonlineincLogoShop20210630123730.00.png","width":450,"height":117,"caption":"Global Meds Inc."},"image":{"@id":"https:\/\/globalmedsonlineinc.com\/it\/#\/schema\/logo\/image\/"}}]}},"_links":{"self":[{"href":"https:\/\/globalmedsonlineinc.com\/it\/wp-json\/wp\/v2\/product\/9214","targetHints":{"allow":["GET"]}}],"collection":[{"href":"https:\/\/globalmedsonlineinc.com\/it\/wp-json\/wp\/v2\/product"}],"about":[{"href":"https:\/\/globalmedsonlineinc.com\/it\/wp-json\/wp\/v2\/types\/product"}],"replies":[{"embeddable":true,"href":"https:\/\/globalmedsonlineinc.com\/it\/wp-json\/wp\/v2\/comments?post=9214"}],"wp:featuredmedia":[{"embeddable":true,"href":"https:\/\/globalmedsonlineinc.com\/it\/wp-json\/wp\/v2\/media\/9220"}],"wp:attachment":[{"href":"https:\/\/globalmedsonlineinc.com\/it\/wp-json\/wp\/v2\/media?parent=9214"}],"wp:term":[{"taxonomy":"product_brand","embeddable":true,"href":"https:\/\/globalmedsonlineinc.com\/it\/wp-json\/wp\/v2\/product_brand?post=9214"},{"taxonomy":"product_cat","embeddable":true,"href":"https:\/\/globalmedsonlineinc.com\/it\/wp-json\/wp\/v2\/product_cat?post=9214"},{"taxonomy":"product_tag","embeddable":true,"href":"https:\/\/globalmedsonlineinc.com\/it\/wp-json\/wp\/v2\/product_tag?post=9214"}],"curies":[{"name":"wp","href":"https:\/\/api.w.org\/{rel}","templated":true}]}}