{"id":9208,"date":"2021-07-02T21:05:42","date_gmt":"2021-07-02T21:05:42","guid":{"rendered":"https:\/\/globalmedsonlineinc.com\/it\/?post_type=product&#038;p=9208"},"modified":"2024-02-20T11:08:20","modified_gmt":"2024-02-20T11:08:20","slug":"jwh-250","status":"publish","type":"product","link":"https:\/\/globalmedsonlineinc.com\/it\/product\/research-chemicals\/jwh-250\/","title":{"rendered":"Comprare JWH-250 online"},"content":{"rendered":"<h1>Polvere di JWH-250 in vendita online<\/h1>\n<p><a href=\"https:\/\/globalmedsonlineinc.com\/it\/product\/research-chemicals\/jwh-250\/\">Polvere di JWH-250 in vendita online<\/a> . JWH-250 \u00e8 un agonista dei recettori dei cannabinoidi prodotto che \u00e8 stato identificato in articoli dall&#8217;ultima parte degli anni 2000. \u00c8 stato creato dal Dr. John W. Huffman e un rapporto su di esso \u00e8 stato distribuito nel 2005 da Huffman et al Purchase JWH-250 sul web.<\/p>\n<p>Il farmaco \u00e8 un fenilacetilindolo e funziona come agonista dei recettori CB1 e CB2. Ha una parzialit\u00e0 di ~11 nM al CB1 e ~33 nM al CB2.<\/p>\n<p>Un paio d&#8217;anni dopo essere stato menzionato per la prima volta nella <a href=\"https:\/\/en.wikipedia.org\/wiki\/JWH-250\">scrittura<\/a>, JWH-250 ha colpito il mercato, con l&#8217;identificazione primaria proveniente dalla polizia tedesca nel maggio 2009. Hanno scoperto il farmaco in una miscela naturale per fumare. Acquisto JWH-250 sul web<\/p>\n<p>\u00c8 stato anche riconosciuto in polveri e combinazioni vendute sul web agli analisti in Giappone. Questi esempi contenevano 77-165 mg per ogni articolo.<\/p>\n<p>A causa del modo in cui \u00e8 stato venduto, quasi certamente, gli individui sono entrati in contatto con JWH-250 senza riconoscerlo.<\/p>\n<p>Massa molare: 335,439 g\/mol<\/p>\n<p>ChEMBL Id: 188031<\/p>\n<p>ChemSpider ID: 23256117<\/p>\n<p>PubChem CID: 44397540<\/p>\n<p>Ricetta: C22H25NO2<\/p>\n<p>Buona qualit\u00e0 JWH-250 online: E &#8216;completamente capito che la gente non rapidamente fiducia la qualit\u00e0 di JWH-250 venduto online perch\u00e9 non possono esaminare fisicamente. Ma non \u00e8 la stessa cosa con i fornitori online JWH-250 online. I prodotti qui sono fedeli alla loro descrizione con la manutenzione di alta qualit\u00e0 fatta sotto la supervisione degli esperti.<\/p>\n<p>Veloce &amp; Spedizione discreta: La consegna del JWH-250 online dopo aver ricevuto l&#8217;ordine viene effettuata nei tempi promessi. Il team di spedizione mette tutto il suo impegno nel rendere la procedura di spedizione e consegna liscia e veloce. Si pu\u00f2 anche aspettare servizi eccellenti quando si acquista JWH-250 online dal professionista sulla piattaforma online.<\/p>\n","protected":false},"excerpt":{"rendered":"<p>Acquisto <a href=\"https:\/\/en.wikipedia.org\/wiki\/JWH-250\">JWH-250<\/a> sul web. JWH-250 \u00e8 un agonista dei recettori dei cannabinoidi prodotto che \u00e8 stato identificato in articoli dall&#8217;ultima parte degli anni 2000. \u00c8 stato creato dal Dr. John W. Huffman e un rapporto su di esso \u00e8 stato distribuito nel 2005 da Huffman et al Purchase JWH-250 on the web.<\/p>\n","protected":false},"featured_media":9213,"comment_status":"open","ping_status":"closed","template":"","meta":{"_acf_changed":false,"_monsterinsights_skip_tracking":false,"_monsterinsights_sitenote_active":false,"_monsterinsights_sitenote_note":"","_monsterinsights_sitenote_category":0},"product_brand":[],"product_cat":[53],"product_tag":[594,595,596,600,597,601,598,599,578,579,570,571,574,573,572,576,575,577,607,609,608,606,610,586,581,592,580,591,582,584,590,605,585,583,588,589,587,569,593,604,602,603],"class_list":{"0":"post-9208","1":"product","2":"type-product","3":"status-publish","4":"has-post-thumbnail","6":"product_cat-research-chemicals","7":"product_tag-acquisto-genuino-jwh-250-disponibile-per-essere-acquistato-pagina","8":"product_tag-acquisto-jwh-250","9":"product_tag-acquisto-jwh-250-a-modico-valore","10":"product_tag-acquisto-jwh-250-di-massa","11":"product_tag-acquisto-jwh-250-disponibile-per-essere-acquistato","12":"product_tag-acquisto-jwh-250-modesto","13":"product_tag-acquisto-jwh-250-per-uso-individuale","14":"product_tag-acquisto-jwh-250-sul-web","15":"product_tag-come-acquistare-a-buon-mercato-jwh-250-spedizione-in-tutto-il-mondo","16":"product_tag-come-acquistare-modesto-jwh-250-spedizione-in-tutto-il-mondo","17":"product_tag-comprare-jwh-250","18":"product_tag-comprare-jwh-250-a-prezzi-accessibili","19":"product_tag-comprare-jwh-250-legittimo-per-vendita-pagina-web","20":"product_tag-comprare-jwh-250-online","21":"product_tag-comprare-jwh-250-per-uso-personale","22":"product_tag-comprare-modesto-jwh-250-online","23":"product_tag-comprare-modesto-jwh-250-per-uso-vegetale","24":"product_tag-comprare-modesto-mefedrone-online","25":"product_tag-dove-acquistare-jwh-250","26":"product_tag-dove-acquistare-jwh-250-modesto-negozio","27":"product_tag-dove-acquistare-jwh-250per-uso-individuale","28":"product_tag-dove-ottenere-jwh-250-disponibile-per-essere-acquistato","29":"product_tag-dove-sarei-in-grado-di-acquistare-jwh-250","30":"product_tag-jwh-250-acquisto","31":"product_tag-jwh-250-affare","32":"product_tag-jwh-250-allingrosso","33":"product_tag-jwh-250-disponibile-per-essere-acquistato","34":"product_tag-jwh-250-dove-acquistare","35":"product_tag-jwh-250-droga-per-la-vendita","36":"product_tag-jwh-250-farmaco-disponibile-per-essere-acquistato","37":"product_tag-jwh-250-negozio","38":"product_tag-jwh-250-non-adulterato","39":"product_tag-jwh-250-nutrimento-delle-piante-in-vendita","40":"product_tag-jwh-250-per-la-vendita","41":"product_tag-jwh-250-richiesta","42":"product_tag-jwh-250-sali-da-doccia-disponibili-per-lacquisto","43":"product_tag-jwh-250-siti-di-acquisto","44":"product_tag-miglior-posto-per-acquistare-jwh-250","45":"product_tag-mjwh-250-fornitori","46":"product_tag-negozio-jwh-250","47":"product_tag-qualita-jwh-250-disponibile-per-essere-acquistato","48":"product_tag-qualita-jwh-250-in-vendita","50":"first","51":"instock","52":"sale","53":"featured","54":"shipping-taxable","55":"purchasable","56":"product-type-variable","57":"has-default-attributes"},"acf":[],"yoast_head":"<!-- This site is optimized with the Yoast SEO plugin v27.2 - https:\/\/yoast.com\/product\/yoast-seo-wordpress\/ -->\n<title>Polvere di JWH-250 in vendita online | Global Meds Inc.<\/title>\n<meta name=\"description\" content=\"Polvere di JWH-250 in vendita online. Vendiamo la polvere JWH-250 della migliore qualit\u00e0. Vi invitiamo a contattarci per ulteriori informazioni e prezzi.\" \/>\n<meta name=\"robots\" content=\"index, follow, max-snippet:-1, max-image-preview:large, max-video-preview:-1\" \/>\n<link rel=\"canonical\" href=\"https:\/\/globalmedsonlineinc.com\/it\/product\/research-chemicals\/jwh-250\/\" \/>\n<meta property=\"og:locale\" content=\"it_IT\" \/>\n<meta property=\"og:type\" content=\"article\" \/>\n<meta property=\"og:title\" content=\"Polvere di JWH-250 in vendita online | Global Meds Inc.\" \/>\n<meta property=\"og:description\" content=\"Polvere di JWH-250 in vendita online. Vendiamo la polvere JWH-250 della migliore qualit\u00e0. Vi invitiamo a contattarci per ulteriori informazioni e prezzi.\" \/>\n<meta property=\"og:url\" content=\"https:\/\/globalmedsonlineinc.com\/it\/product\/research-chemicals\/jwh-250\/\" \/>\n<meta property=\"og:site_name\" content=\"Global Meds Inc\" \/>\n<meta property=\"article:modified_time\" content=\"2024-02-20T11:08:20+00:00\" \/>\n<meta property=\"og:image\" content=\"https:\/\/globalmedsonlineinc.com\/it\/content\/media\/uploads\/sites\/9\/2021\/07\/jwh-250.jpg\" \/>\n\t<meta property=\"og:image:width\" content=\"1200\" \/>\n\t<meta property=\"og:image:height\" content=\"1200\" \/>\n\t<meta property=\"og:image:type\" content=\"image\/jpeg\" \/>\n<meta name=\"twitter:card\" content=\"summary_large_image\" \/>\n<meta name=\"twitter:label1\" content=\"Tempo di lettura stimato\" \/>\n\t<meta name=\"twitter:data1\" content=\"2 minuti\" \/>\n<script type=\"application\/ld+json\" class=\"yoast-schema-graph\">{\"@context\":\"https:\/\/schema.org\",\"@graph\":[{\"@type\":\"WebPage\",\"@id\":\"https:\/\/globalmedsonlineinc.com\/it\/product\/research-chemicals\/jwh-250\/\",\"url\":\"https:\/\/globalmedsonlineinc.com\/it\/product\/research-chemicals\/jwh-250\/\",\"name\":\"Polvere di JWH-250 in vendita online | Global Meds Inc.\",\"isPartOf\":{\"@id\":\"https:\/\/globalmedsonlineinc.com\/it\/#website\"},\"primaryImageOfPage\":{\"@id\":\"https:\/\/globalmedsonlineinc.com\/it\/product\/research-chemicals\/jwh-250\/#primaryimage\"},\"image\":{\"@id\":\"https:\/\/globalmedsonlineinc.com\/it\/product\/research-chemicals\/jwh-250\/#primaryimage\"},\"thumbnailUrl\":\"https:\/\/globalmedsonlineinc.com\/it\/content\/media\/uploads\/sites\/9\/2021\/07\/jwh-250.jpg\",\"datePublished\":\"2021-07-02T21:05:42+00:00\",\"dateModified\":\"2024-02-20T11:08:20+00:00\",\"description\":\"Polvere di JWH-250 in vendita online. Vendiamo la polvere JWH-250 della migliore qualit\u00e0. Vi invitiamo a contattarci per ulteriori informazioni e prezzi.\",\"breadcrumb\":{\"@id\":\"https:\/\/globalmedsonlineinc.com\/it\/product\/research-chemicals\/jwh-250\/#breadcrumb\"},\"inLanguage\":\"it-IT\",\"potentialAction\":[{\"@type\":\"ReadAction\",\"target\":[\"https:\/\/globalmedsonlineinc.com\/it\/product\/research-chemicals\/jwh-250\/\"]}]},{\"@type\":\"ImageObject\",\"inLanguage\":\"it-IT\",\"@id\":\"https:\/\/globalmedsonlineinc.com\/it\/product\/research-chemicals\/jwh-250\/#primaryimage\",\"url\":\"https:\/\/globalmedsonlineinc.com\/it\/content\/media\/uploads\/sites\/9\/2021\/07\/jwh-250.jpg\",\"contentUrl\":\"https:\/\/globalmedsonlineinc.com\/it\/content\/media\/uploads\/sites\/9\/2021\/07\/jwh-250.jpg\",\"width\":1200,\"height\":1200,\"caption\":\"Polvere di JWH-250 in vendita online\"},{\"@type\":\"BreadcrumbList\",\"@id\":\"https:\/\/globalmedsonlineinc.com\/it\/product\/research-chemicals\/jwh-250\/#breadcrumb\",\"itemListElement\":[{\"@type\":\"ListItem\",\"position\":1,\"name\":\"Home\",\"item\":\"https:\/\/globalmedsonlineinc.com\/it\/\"},{\"@type\":\"ListItem\",\"position\":2,\"name\":\"Prodotti\",\"item\":\"https:\/\/globalmedsonlineinc.com\/it\/prodotti\/\"},{\"@type\":\"ListItem\",\"position\":3,\"name\":\"Comprare JWH-250 online\"}]},{\"@type\":\"WebSite\",\"@id\":\"https:\/\/globalmedsonlineinc.com\/it\/#website\",\"url\":\"https:\/\/globalmedsonlineinc.com\/it\/\",\"name\":\"Global Meds Inc\",\"description\":\"\",\"publisher\":{\"@id\":\"https:\/\/globalmedsonlineinc.com\/it\/#organization\"},\"potentialAction\":[{\"@type\":\"SearchAction\",\"target\":{\"@type\":\"EntryPoint\",\"urlTemplate\":\"https:\/\/globalmedsonlineinc.com\/it\/?s={search_term_string}\"},\"query-input\":{\"@type\":\"PropertyValueSpecification\",\"valueRequired\":true,\"valueName\":\"search_term_string\"}}],\"inLanguage\":\"it-IT\"},{\"@type\":\"Organization\",\"@id\":\"https:\/\/globalmedsonlineinc.com\/it\/#organization\",\"name\":\"Global Meds Inc.\",\"url\":\"https:\/\/globalmedsonlineinc.com\/it\/\",\"logo\":{\"@type\":\"ImageObject\",\"inLanguage\":\"it-IT\",\"@id\":\"https:\/\/globalmedsonlineinc.com\/it\/#\/schema\/logo\/image\/\",\"url\":\"https:\/\/globalmedsonlineinc.com\/it\/content\/media\/uploads\/sites\/9\/2021\/06\/globalmedsonlineincLogoShop20210630123730.00.png\",\"contentUrl\":\"https:\/\/globalmedsonlineinc.com\/it\/content\/media\/uploads\/sites\/9\/2021\/06\/globalmedsonlineincLogoShop20210630123730.00.png\",\"width\":450,\"height\":117,\"caption\":\"Global Meds Inc.\"},\"image\":{\"@id\":\"https:\/\/globalmedsonlineinc.com\/it\/#\/schema\/logo\/image\/\"}}]}<\/script>\n<!-- \/ Yoast SEO plugin. -->","yoast_head_json":{"title":"Polvere di JWH-250 in vendita online | Global Meds Inc.","description":"Polvere di JWH-250 in vendita online. Vendiamo la polvere JWH-250 della migliore qualit\u00e0. Vi invitiamo a contattarci per ulteriori informazioni e prezzi.","robots":{"index":"index","follow":"follow","max-snippet":"max-snippet:-1","max-image-preview":"max-image-preview:large","max-video-preview":"max-video-preview:-1"},"canonical":"https:\/\/globalmedsonlineinc.com\/it\/product\/research-chemicals\/jwh-250\/","og_locale":"it_IT","og_type":"article","og_title":"Polvere di JWH-250 in vendita online | Global Meds Inc.","og_description":"Polvere di JWH-250 in vendita online. Vendiamo la polvere JWH-250 della migliore qualit\u00e0. Vi invitiamo a contattarci per ulteriori informazioni e prezzi.","og_url":"https:\/\/globalmedsonlineinc.com\/it\/product\/research-chemicals\/jwh-250\/","og_site_name":"Global Meds Inc","article_modified_time":"2024-02-20T11:08:20+00:00","og_image":[{"width":1200,"height":1200,"url":"https:\/\/globalmedsonlineinc.com\/it\/content\/media\/uploads\/sites\/9\/2021\/07\/jwh-250.jpg","type":"image\/jpeg"}],"twitter_card":"summary_large_image","twitter_misc":{"Tempo di lettura stimato":"2 minuti"},"schema":{"@context":"https:\/\/schema.org","@graph":[{"@type":"WebPage","@id":"https:\/\/globalmedsonlineinc.com\/it\/product\/research-chemicals\/jwh-250\/","url":"https:\/\/globalmedsonlineinc.com\/it\/product\/research-chemicals\/jwh-250\/","name":"Polvere di JWH-250 in vendita online | Global Meds Inc.","isPartOf":{"@id":"https:\/\/globalmedsonlineinc.com\/it\/#website"},"primaryImageOfPage":{"@id":"https:\/\/globalmedsonlineinc.com\/it\/product\/research-chemicals\/jwh-250\/#primaryimage"},"image":{"@id":"https:\/\/globalmedsonlineinc.com\/it\/product\/research-chemicals\/jwh-250\/#primaryimage"},"thumbnailUrl":"https:\/\/globalmedsonlineinc.com\/it\/content\/media\/uploads\/sites\/9\/2021\/07\/jwh-250.jpg","datePublished":"2021-07-02T21:05:42+00:00","dateModified":"2024-02-20T11:08:20+00:00","description":"Polvere di JWH-250 in vendita online. Vendiamo la polvere JWH-250 della migliore qualit\u00e0. Vi invitiamo a contattarci per ulteriori informazioni e prezzi.","breadcrumb":{"@id":"https:\/\/globalmedsonlineinc.com\/it\/product\/research-chemicals\/jwh-250\/#breadcrumb"},"inLanguage":"it-IT","potentialAction":[{"@type":"ReadAction","target":["https:\/\/globalmedsonlineinc.com\/it\/product\/research-chemicals\/jwh-250\/"]}]},{"@type":"ImageObject","inLanguage":"it-IT","@id":"https:\/\/globalmedsonlineinc.com\/it\/product\/research-chemicals\/jwh-250\/#primaryimage","url":"https:\/\/globalmedsonlineinc.com\/it\/content\/media\/uploads\/sites\/9\/2021\/07\/jwh-250.jpg","contentUrl":"https:\/\/globalmedsonlineinc.com\/it\/content\/media\/uploads\/sites\/9\/2021\/07\/jwh-250.jpg","width":1200,"height":1200,"caption":"Polvere di JWH-250 in vendita online"},{"@type":"BreadcrumbList","@id":"https:\/\/globalmedsonlineinc.com\/it\/product\/research-chemicals\/jwh-250\/#breadcrumb","itemListElement":[{"@type":"ListItem","position":1,"name":"Home","item":"https:\/\/globalmedsonlineinc.com\/it\/"},{"@type":"ListItem","position":2,"name":"Prodotti","item":"https:\/\/globalmedsonlineinc.com\/it\/prodotti\/"},{"@type":"ListItem","position":3,"name":"Comprare JWH-250 online"}]},{"@type":"WebSite","@id":"https:\/\/globalmedsonlineinc.com\/it\/#website","url":"https:\/\/globalmedsonlineinc.com\/it\/","name":"Global Meds Inc","description":"","publisher":{"@id":"https:\/\/globalmedsonlineinc.com\/it\/#organization"},"potentialAction":[{"@type":"SearchAction","target":{"@type":"EntryPoint","urlTemplate":"https:\/\/globalmedsonlineinc.com\/it\/?s={search_term_string}"},"query-input":{"@type":"PropertyValueSpecification","valueRequired":true,"valueName":"search_term_string"}}],"inLanguage":"it-IT"},{"@type":"Organization","@id":"https:\/\/globalmedsonlineinc.com\/it\/#organization","name":"Global Meds Inc.","url":"https:\/\/globalmedsonlineinc.com\/it\/","logo":{"@type":"ImageObject","inLanguage":"it-IT","@id":"https:\/\/globalmedsonlineinc.com\/it\/#\/schema\/logo\/image\/","url":"https:\/\/globalmedsonlineinc.com\/it\/content\/media\/uploads\/sites\/9\/2021\/06\/globalmedsonlineincLogoShop20210630123730.00.png","contentUrl":"https:\/\/globalmedsonlineinc.com\/it\/content\/media\/uploads\/sites\/9\/2021\/06\/globalmedsonlineincLogoShop20210630123730.00.png","width":450,"height":117,"caption":"Global Meds Inc."},"image":{"@id":"https:\/\/globalmedsonlineinc.com\/it\/#\/schema\/logo\/image\/"}}]}},"_links":{"self":[{"href":"https:\/\/globalmedsonlineinc.com\/it\/wp-json\/wp\/v2\/product\/9208","targetHints":{"allow":["GET"]}}],"collection":[{"href":"https:\/\/globalmedsonlineinc.com\/it\/wp-json\/wp\/v2\/product"}],"about":[{"href":"https:\/\/globalmedsonlineinc.com\/it\/wp-json\/wp\/v2\/types\/product"}],"replies":[{"embeddable":true,"href":"https:\/\/globalmedsonlineinc.com\/it\/wp-json\/wp\/v2\/comments?post=9208"}],"wp:featuredmedia":[{"embeddable":true,"href":"https:\/\/globalmedsonlineinc.com\/it\/wp-json\/wp\/v2\/media\/9213"}],"wp:attachment":[{"href":"https:\/\/globalmedsonlineinc.com\/it\/wp-json\/wp\/v2\/media?parent=9208"}],"wp:term":[{"taxonomy":"product_brand","embeddable":true,"href":"https:\/\/globalmedsonlineinc.com\/it\/wp-json\/wp\/v2\/product_brand?post=9208"},{"taxonomy":"product_cat","embeddable":true,"href":"https:\/\/globalmedsonlineinc.com\/it\/wp-json\/wp\/v2\/product_cat?post=9208"},{"taxonomy":"product_tag","embeddable":true,"href":"https:\/\/globalmedsonlineinc.com\/it\/wp-json\/wp\/v2\/product_tag?post=9208"}],"curies":[{"name":"wp","href":"https:\/\/api.w.org\/{rel}","templated":true}]}}