{"id":9202,"date":"2021-07-02T20:53:43","date_gmt":"2021-07-02T20:53:43","guid":{"rendered":"https:\/\/globalmedsonlineinc.com\/it\/?post_type=product&#038;p=9202"},"modified":"2024-02-20T11:09:33","modified_gmt":"2024-02-20T11:09:33","slug":"jwh-018","status":"publish","type":"product","link":"https:\/\/globalmedsonlineinc.com\/it\/product\/research-chemicals\/jwh-018\/","title":{"rendered":"Comprare JWH-018 online"},"content":{"rendered":"<h1>Polvere di JWH-018 in vendita online<\/h1>\n<p><a href=\"https:\/\/globalmedsonlineinc.com\/it\/product\/research-chemicals\/jwh-018\/\">Polvere di JWH-018 in vendita online<\/a>. JWH-018 \u00e8 un cannabinoide prodotto che si trova in diverse forme della miscela domestica &#8220;Zest&#8221;. L&#8217;utilizzo illegale di questo cannabinoide della Spice \u00e8 incentrato sui suoi impatti psicoattivi, che imitano quelli del \u03949-THC della cannabis. Nonostante il fatto che il JWH-018 sia essenzialmente pi\u00f9 potente di misure praticamente identiche di cannabis, presenta inoltre un&#8217;enorme prova di riconoscimento da parte dei comuni test del \u03949-THC.<\/p>\n<p>Nel luglio 2009, la US Drug Enforcement Agency (DEA) ha aggiunto il JWH-018 al suo elenco di farmaci e sostanze sintetiche di preoccupazione. Nonostante le catture rivelate di Spice in Ohio e Florida, alcuni stati hanno stabilito misure autorevoli che limitano la vendita o il possesso di JWH-018, tra cui Alabama, Arkansas, Georgia, Kansas, Kentucky, North Dakota e Tennessee.<\/p>\n<p>In ogni caso un caso di affidamento di JWH-018 \u00e8 stato reso conto dal <a href=\"https:\/\/en.wikipedia.org\/wiki\/JWH-018\">media<\/a>. Il cliente ha consumato JWH-018 giorno per giorno per un tempo molto lungo. Gli effetti collaterali dell&#8217;astinenza sono stati pi\u00f9 gravi di quelli compiuti a causa della dipendenza dalla cannabis. Il JWH-018 in vendita online \u00e8 apparso causare cambiamenti significativi nello spessore dei recettori CB1 in seguito all&#8217;organizzazione, rendendo la desensibilizzazione pi\u00f9 rapida rispetto ai cannabinoidi correlati.<\/p>\n<p>Il 15 ottobre 2011, il coroner della contea di Anderson, Greg Shore, ha attribuito la morte di un giocatore di pallavolo della Carolina del Sud a &#8220;intossicazione da droga e delusione degli organi&#8221; causata dal JWH-018. Un&#8217;e-mail datata 4 novembre 2011 riguardante il caso \u00e8 stata finalmente consegnata dalla citt\u00e0 di Anderson S.C. il 16 dicembre 2011 sotto la legge sulla libert\u00e0 di informazione dopo che varie richieste dei media per vedere i dati erano state negate.<\/p>\n<p>In contrasto con il THC, che \u00e8 un <a href=\"https:\/\/it.wikipedia.org\/wiki\/JWH-018\">agonista<\/a> incompleto ai recettori CB1, del acquisto di JWH-018 online, e numerosi cannabinoidi ingegnerizzati, sono agonisti completi. \u00c8 stato dimostrato che il THC ostacola la neurotrasmissione dei recettori GABA nel cervello attraverso alcune vie. Il JWH-018 pu\u00f2 causare estremo disagio, fomentazione, e, in casi non comuni (per la maggior parte con clienti JWH non standard), ci si aspetta che sia stato la causa di convulsioni e spasmi trattenendo la neurotrasmissione GABA pi\u00f9 adeguatamente del THC. Gli agonisti completi dei recettori dei cannabinoidi possono introdurre dei veri e propri pericoli per il cliente se usati in modo stravagante.<\/p>\n<p>Diversi impatti fisici e mentali ostili sono stati spiegati dall&#8217;uso di JWH-018 acquistato online. Un esame ha descritto in dettaglio folli rovesci ed effetti collaterali di disagio in tutti i pazienti trattati con malattie psicologiche in seguito all&#8217;inalazione di JWH-018.[21] A causa delle preoccupazioni sulla capacit\u00e0 del JWH-018 e di altri cannabinoidi prodotti di causare psicosi in persone deboli, \u00e8 stato suggerito che gli individui con fattori di rischio per malattie maniacali (come un passato o un passato familiare di psicosi) non utilizzino queste sostanze.<\/p>\n<p>Attualmente \u00e8 stato reso facile comprare JWH-018 online su diversi siti web che fornisce i servizi e si pu\u00f2 ordinare JWH-018 online senza perdere cos\u00ec tanto tempo. Rolland Meds fornisce i migliori servizi e si pu\u00f2 ordinare JWH-018 online con loro e ottenere la vostra consegna in tempo sia sicuro e sano.<\/p>\n<p>Buona qualit\u00e0 JWH-018 online: E &#8216;completamente capito che la gente non rapidamente fiducia la qualit\u00e0 di JWH-018 venduto online perch\u00e9 non possono esaminare fisicamente. Ma non \u00e8 la stessa cosa con i fornitori online JWH-018 online. I prodotti qui sono fedeli alla loro descrizione con la manutenzione di alta qualit\u00e0 fatta sotto la supervisione degli esperti.<\/p>\n<p>Veloce &amp; Spedizione discreta: La consegna del JWH-018 online dopo aver ricevuto l&#8217;ordine \u00e8 fatto entro i tempi promessi. Il team di spedizione mette tutto il suo impegno nel rendere la procedura di spedizione e consegna liscia e veloce. Si pu\u00f2 anche aspettare servizi eccellenti quando si acquista JWH-018 online dal professionista sulla piattaforma online.<\/p>\n","protected":false},"excerpt":{"rendered":"<p>Acquisto <a href=\"https:\/\/en.wikipedia.org\/wiki\/JWH-018\">JWH-018 <\/a>online. JWH-018 \u00e8 un cannabinoide prodotto che si trova in diverse forme della miscela casalinga &#8220;Zest&#8221;. L&#8217;utilizzo illegale di questo cannabinoide della Spice si concentra sui suoi impatti psicoattivi, che imitano quelli del \u03949-THC della cannabis.<\/p>\n","protected":false},"featured_media":9207,"comment_status":"open","ping_status":"closed","template":"","meta":{"_acf_changed":false,"_monsterinsights_skip_tracking":false,"_monsterinsights_sitenote_active":false,"_monsterinsights_sitenote_note":"","_monsterinsights_sitenote_category":0},"product_brand":[],"product_cat":[53],"product_tag":[611,612,613,364,614,366,615,616],"class_list":{"0":"post-9202","1":"product","2":"type-product","3":"status-publish","4":"has-post-thumbnail","6":"product_cat-research-chemicals","7":"product_tag-99-purezza-jwh-018-online","8":"product_tag-acquistare-jwh-018-online","9":"product_tag-come-ottenere-jwh-018","10":"product_tag-jwh-018","11":"product_tag-jwh-018-per-la-vendita","12":"product_tag-jwh-018-street-value","13":"product_tag-ordine-jwh-018","14":"product_tag-ordine-jwh-018-online","16":"first","17":"instock","18":"shipping-taxable","19":"purchasable","20":"product-type-variable","21":"has-default-attributes"},"acf":[],"yoast_head":"<!-- This site is optimized with the Yoast SEO plugin v27.2 - https:\/\/yoast.com\/product\/yoast-seo-wordpress\/ -->\n<title>Polvere di JWH-018 in vendita online | Global Meds Inc.<\/title>\n<meta name=\"description\" content=\"Polvere di JWH-018 in vendita online. Vendiamo la polvere JWH-018 della migliore qualit\u00e0. Vi invitiamo a contattarci per ulteriori informazioni e prezzi.\" \/>\n<meta name=\"robots\" content=\"index, follow, max-snippet:-1, max-image-preview:large, max-video-preview:-1\" \/>\n<link rel=\"canonical\" href=\"https:\/\/globalmedsonlineinc.com\/it\/product\/research-chemicals\/jwh-018\/\" \/>\n<meta property=\"og:locale\" content=\"it_IT\" \/>\n<meta property=\"og:type\" content=\"article\" \/>\n<meta property=\"og:title\" content=\"Polvere di JWH-018 in vendita online | Global Meds Inc.\" \/>\n<meta property=\"og:description\" content=\"Polvere di JWH-018 in vendita online. Vendiamo la polvere JWH-018 della migliore qualit\u00e0. Vi invitiamo a contattarci per ulteriori informazioni e prezzi.\" \/>\n<meta property=\"og:url\" content=\"https:\/\/globalmedsonlineinc.com\/it\/product\/research-chemicals\/jwh-018\/\" \/>\n<meta property=\"og:site_name\" content=\"Global Meds Inc\" \/>\n<meta property=\"article:modified_time\" content=\"2024-02-20T11:09:33+00:00\" \/>\n<meta property=\"og:image\" content=\"https:\/\/globalmedsonlineinc.com\/it\/content\/media\/uploads\/sites\/9\/2021\/07\/Jwh018.jpg\" \/>\n\t<meta property=\"og:image:width\" content=\"1200\" \/>\n\t<meta property=\"og:image:height\" content=\"1200\" \/>\n\t<meta property=\"og:image:type\" content=\"image\/jpeg\" \/>\n<meta name=\"twitter:card\" content=\"summary_large_image\" \/>\n<meta name=\"twitter:label1\" content=\"Tempo di lettura stimato\" \/>\n\t<meta name=\"twitter:data1\" content=\"4 minuti\" \/>\n<script type=\"application\/ld+json\" class=\"yoast-schema-graph\">{\"@context\":\"https:\/\/schema.org\",\"@graph\":[{\"@type\":\"WebPage\",\"@id\":\"https:\/\/globalmedsonlineinc.com\/it\/product\/research-chemicals\/jwh-018\/\",\"url\":\"https:\/\/globalmedsonlineinc.com\/it\/product\/research-chemicals\/jwh-018\/\",\"name\":\"Polvere di JWH-018 in vendita online | Global Meds Inc.\",\"isPartOf\":{\"@id\":\"https:\/\/globalmedsonlineinc.com\/it\/#website\"},\"primaryImageOfPage\":{\"@id\":\"https:\/\/globalmedsonlineinc.com\/it\/product\/research-chemicals\/jwh-018\/#primaryimage\"},\"image\":{\"@id\":\"https:\/\/globalmedsonlineinc.com\/it\/product\/research-chemicals\/jwh-018\/#primaryimage\"},\"thumbnailUrl\":\"https:\/\/globalmedsonlineinc.com\/it\/content\/media\/uploads\/sites\/9\/2021\/07\/Jwh018.jpg\",\"datePublished\":\"2021-07-02T20:53:43+00:00\",\"dateModified\":\"2024-02-20T11:09:33+00:00\",\"description\":\"Polvere di JWH-018 in vendita online. Vendiamo la polvere JWH-018 della migliore qualit\u00e0. Vi invitiamo a contattarci per ulteriori informazioni e prezzi.\",\"breadcrumb\":{\"@id\":\"https:\/\/globalmedsonlineinc.com\/it\/product\/research-chemicals\/jwh-018\/#breadcrumb\"},\"inLanguage\":\"it-IT\",\"potentialAction\":[{\"@type\":\"ReadAction\",\"target\":[\"https:\/\/globalmedsonlineinc.com\/it\/product\/research-chemicals\/jwh-018\/\"]}]},{\"@type\":\"ImageObject\",\"inLanguage\":\"it-IT\",\"@id\":\"https:\/\/globalmedsonlineinc.com\/it\/product\/research-chemicals\/jwh-018\/#primaryimage\",\"url\":\"https:\/\/globalmedsonlineinc.com\/it\/content\/media\/uploads\/sites\/9\/2021\/07\/Jwh018.jpg\",\"contentUrl\":\"https:\/\/globalmedsonlineinc.com\/it\/content\/media\/uploads\/sites\/9\/2021\/07\/Jwh018.jpg\",\"width\":1200,\"height\":1200,\"caption\":\"Polvere di JWH-018 in vendita online\"},{\"@type\":\"BreadcrumbList\",\"@id\":\"https:\/\/globalmedsonlineinc.com\/it\/product\/research-chemicals\/jwh-018\/#breadcrumb\",\"itemListElement\":[{\"@type\":\"ListItem\",\"position\":1,\"name\":\"Home\",\"item\":\"https:\/\/globalmedsonlineinc.com\/it\/\"},{\"@type\":\"ListItem\",\"position\":2,\"name\":\"Prodotti\",\"item\":\"https:\/\/globalmedsonlineinc.com\/it\/prodotti\/\"},{\"@type\":\"ListItem\",\"position\":3,\"name\":\"Comprare JWH-018 online\"}]},{\"@type\":\"WebSite\",\"@id\":\"https:\/\/globalmedsonlineinc.com\/it\/#website\",\"url\":\"https:\/\/globalmedsonlineinc.com\/it\/\",\"name\":\"Global Meds Inc\",\"description\":\"\",\"publisher\":{\"@id\":\"https:\/\/globalmedsonlineinc.com\/it\/#organization\"},\"potentialAction\":[{\"@type\":\"SearchAction\",\"target\":{\"@type\":\"EntryPoint\",\"urlTemplate\":\"https:\/\/globalmedsonlineinc.com\/it\/?s={search_term_string}\"},\"query-input\":{\"@type\":\"PropertyValueSpecification\",\"valueRequired\":true,\"valueName\":\"search_term_string\"}}],\"inLanguage\":\"it-IT\"},{\"@type\":\"Organization\",\"@id\":\"https:\/\/globalmedsonlineinc.com\/it\/#organization\",\"name\":\"Global Meds Inc.\",\"url\":\"https:\/\/globalmedsonlineinc.com\/it\/\",\"logo\":{\"@type\":\"ImageObject\",\"inLanguage\":\"it-IT\",\"@id\":\"https:\/\/globalmedsonlineinc.com\/it\/#\/schema\/logo\/image\/\",\"url\":\"https:\/\/globalmedsonlineinc.com\/it\/content\/media\/uploads\/sites\/9\/2021\/06\/globalmedsonlineincLogoShop20210630123730.00.png\",\"contentUrl\":\"https:\/\/globalmedsonlineinc.com\/it\/content\/media\/uploads\/sites\/9\/2021\/06\/globalmedsonlineincLogoShop20210630123730.00.png\",\"width\":450,\"height\":117,\"caption\":\"Global Meds Inc.\"},\"image\":{\"@id\":\"https:\/\/globalmedsonlineinc.com\/it\/#\/schema\/logo\/image\/\"}}]}<\/script>\n<!-- \/ Yoast SEO plugin. -->","yoast_head_json":{"title":"Polvere di JWH-018 in vendita online | Global Meds Inc.","description":"Polvere di JWH-018 in vendita online. Vendiamo la polvere JWH-018 della migliore qualit\u00e0. Vi invitiamo a contattarci per ulteriori informazioni e prezzi.","robots":{"index":"index","follow":"follow","max-snippet":"max-snippet:-1","max-image-preview":"max-image-preview:large","max-video-preview":"max-video-preview:-1"},"canonical":"https:\/\/globalmedsonlineinc.com\/it\/product\/research-chemicals\/jwh-018\/","og_locale":"it_IT","og_type":"article","og_title":"Polvere di JWH-018 in vendita online | Global Meds Inc.","og_description":"Polvere di JWH-018 in vendita online. Vendiamo la polvere JWH-018 della migliore qualit\u00e0. Vi invitiamo a contattarci per ulteriori informazioni e prezzi.","og_url":"https:\/\/globalmedsonlineinc.com\/it\/product\/research-chemicals\/jwh-018\/","og_site_name":"Global Meds Inc","article_modified_time":"2024-02-20T11:09:33+00:00","og_image":[{"width":1200,"height":1200,"url":"https:\/\/globalmedsonlineinc.com\/it\/content\/media\/uploads\/sites\/9\/2021\/07\/Jwh018.jpg","type":"image\/jpeg"}],"twitter_card":"summary_large_image","twitter_misc":{"Tempo di lettura stimato":"4 minuti"},"schema":{"@context":"https:\/\/schema.org","@graph":[{"@type":"WebPage","@id":"https:\/\/globalmedsonlineinc.com\/it\/product\/research-chemicals\/jwh-018\/","url":"https:\/\/globalmedsonlineinc.com\/it\/product\/research-chemicals\/jwh-018\/","name":"Polvere di JWH-018 in vendita online | Global Meds Inc.","isPartOf":{"@id":"https:\/\/globalmedsonlineinc.com\/it\/#website"},"primaryImageOfPage":{"@id":"https:\/\/globalmedsonlineinc.com\/it\/product\/research-chemicals\/jwh-018\/#primaryimage"},"image":{"@id":"https:\/\/globalmedsonlineinc.com\/it\/product\/research-chemicals\/jwh-018\/#primaryimage"},"thumbnailUrl":"https:\/\/globalmedsonlineinc.com\/it\/content\/media\/uploads\/sites\/9\/2021\/07\/Jwh018.jpg","datePublished":"2021-07-02T20:53:43+00:00","dateModified":"2024-02-20T11:09:33+00:00","description":"Polvere di JWH-018 in vendita online. Vendiamo la polvere JWH-018 della migliore qualit\u00e0. Vi invitiamo a contattarci per ulteriori informazioni e prezzi.","breadcrumb":{"@id":"https:\/\/globalmedsonlineinc.com\/it\/product\/research-chemicals\/jwh-018\/#breadcrumb"},"inLanguage":"it-IT","potentialAction":[{"@type":"ReadAction","target":["https:\/\/globalmedsonlineinc.com\/it\/product\/research-chemicals\/jwh-018\/"]}]},{"@type":"ImageObject","inLanguage":"it-IT","@id":"https:\/\/globalmedsonlineinc.com\/it\/product\/research-chemicals\/jwh-018\/#primaryimage","url":"https:\/\/globalmedsonlineinc.com\/it\/content\/media\/uploads\/sites\/9\/2021\/07\/Jwh018.jpg","contentUrl":"https:\/\/globalmedsonlineinc.com\/it\/content\/media\/uploads\/sites\/9\/2021\/07\/Jwh018.jpg","width":1200,"height":1200,"caption":"Polvere di JWH-018 in vendita online"},{"@type":"BreadcrumbList","@id":"https:\/\/globalmedsonlineinc.com\/it\/product\/research-chemicals\/jwh-018\/#breadcrumb","itemListElement":[{"@type":"ListItem","position":1,"name":"Home","item":"https:\/\/globalmedsonlineinc.com\/it\/"},{"@type":"ListItem","position":2,"name":"Prodotti","item":"https:\/\/globalmedsonlineinc.com\/it\/prodotti\/"},{"@type":"ListItem","position":3,"name":"Comprare JWH-018 online"}]},{"@type":"WebSite","@id":"https:\/\/globalmedsonlineinc.com\/it\/#website","url":"https:\/\/globalmedsonlineinc.com\/it\/","name":"Global Meds Inc","description":"","publisher":{"@id":"https:\/\/globalmedsonlineinc.com\/it\/#organization"},"potentialAction":[{"@type":"SearchAction","target":{"@type":"EntryPoint","urlTemplate":"https:\/\/globalmedsonlineinc.com\/it\/?s={search_term_string}"},"query-input":{"@type":"PropertyValueSpecification","valueRequired":true,"valueName":"search_term_string"}}],"inLanguage":"it-IT"},{"@type":"Organization","@id":"https:\/\/globalmedsonlineinc.com\/it\/#organization","name":"Global Meds Inc.","url":"https:\/\/globalmedsonlineinc.com\/it\/","logo":{"@type":"ImageObject","inLanguage":"it-IT","@id":"https:\/\/globalmedsonlineinc.com\/it\/#\/schema\/logo\/image\/","url":"https:\/\/globalmedsonlineinc.com\/it\/content\/media\/uploads\/sites\/9\/2021\/06\/globalmedsonlineincLogoShop20210630123730.00.png","contentUrl":"https:\/\/globalmedsonlineinc.com\/it\/content\/media\/uploads\/sites\/9\/2021\/06\/globalmedsonlineincLogoShop20210630123730.00.png","width":450,"height":117,"caption":"Global Meds Inc."},"image":{"@id":"https:\/\/globalmedsonlineinc.com\/it\/#\/schema\/logo\/image\/"}}]}},"_links":{"self":[{"href":"https:\/\/globalmedsonlineinc.com\/it\/wp-json\/wp\/v2\/product\/9202","targetHints":{"allow":["GET"]}}],"collection":[{"href":"https:\/\/globalmedsonlineinc.com\/it\/wp-json\/wp\/v2\/product"}],"about":[{"href":"https:\/\/globalmedsonlineinc.com\/it\/wp-json\/wp\/v2\/types\/product"}],"replies":[{"embeddable":true,"href":"https:\/\/globalmedsonlineinc.com\/it\/wp-json\/wp\/v2\/comments?post=9202"}],"wp:featuredmedia":[{"embeddable":true,"href":"https:\/\/globalmedsonlineinc.com\/it\/wp-json\/wp\/v2\/media\/9207"}],"wp:attachment":[{"href":"https:\/\/globalmedsonlineinc.com\/it\/wp-json\/wp\/v2\/media?parent=9202"}],"wp:term":[{"taxonomy":"product_brand","embeddable":true,"href":"https:\/\/globalmedsonlineinc.com\/it\/wp-json\/wp\/v2\/product_brand?post=9202"},{"taxonomy":"product_cat","embeddable":true,"href":"https:\/\/globalmedsonlineinc.com\/it\/wp-json\/wp\/v2\/product_cat?post=9202"},{"taxonomy":"product_tag","embeddable":true,"href":"https:\/\/globalmedsonlineinc.com\/it\/wp-json\/wp\/v2\/product_tag?post=9202"}],"curies":[{"name":"wp","href":"https:\/\/api.w.org\/{rel}","templated":true}]}}