{"id":9196,"date":"2021-07-02T20:41:01","date_gmt":"2021-07-02T20:41:01","guid":{"rendered":"https:\/\/globalmedsonlineinc.com\/it\/?post_type=product&#038;p=9196"},"modified":"2024-02-20T11:15:26","modified_gmt":"2024-02-20T11:15:26","slug":"ephedrine-polvere","status":"publish","type":"product","link":"https:\/\/globalmedsonlineinc.com\/it\/product\/research-chemicals\/ephedrine-polvere\/","title":{"rendered":"Comprare ephedrine in polvere online"},"content":{"rendered":"<h1>Polvere di Efedrina in vendita online<\/h1>\n<p><em><a href=\"https:\/\/globalmedsonlineinc.com\/it\/product\/research-chemicals\/ephedrine-powder\/\">Polvere di Efedrina in vendita online<\/a>. Efedrina in polvere<\/em> \u00e8 uno stimolante naturale del sistema nervoso centrale (CNS) ottenuto dalla pianta naturale Ephedra Equisetina. <em>Acquista Efedrina in polvere<\/em> \u00e8 disponibile negli Stati Uniti come un farmaco senza ricetta per il sollievo dei problemi di respirazione. \u00c8 usato raramente perch\u00e9 ci sono pi\u00f9 sicuri comprare efedrina in polvere online, efedrina in polvere \u00e8 un decongestionante e broncodilatatore. Funziona riducendo il gonfiore e la costrizione dei vasi sanguigni nei passaggi nasali e allargando le vie aeree polmonari, permettendo di respirare pi\u00f9 facilmente.<\/p>\n<p>L&#8217;efedrina in polvere \u00e8 uno stimolante naturale del sistema nervoso centrale ottenuto dalla pianta Ephedra equisetina. Oggi viene prodotta anche per sintesi chimica, il prodotto sintetico viene commercializzato sotto forma del suo sale, il solfato di efedrina; si presenta come una polvere cristallina bianca dal sapore amaro, solubile in acqua e molto solubile in alcol.<\/p>\n<p>L&#8217;efedrina \u00e8 strettamente legata nella struttura alla metanfetamina, anche se le sue azioni sul SNC sono molto meno potenti e anche pi\u00f9 lunghe di quelle delle anfetamine. Le sue azioni stimolanti periferiche sono simili ma meno potenti di quelle dell&#8217;epinefrina (chiamata anche adrenalina), un ormone prodotto nel corpo dalle ghiandole surrenali.<\/p>\n<p>ephedrine in polvere ha propriet\u00e0 bronchiali <a href=\"https:\/\/it.wikipedia.org\/wiki\/Efedrina\">muscolo <\/a>rilassanti moderatamente potenti, e quindi \u00e8 usato per il sollievo sintomatico nei casi pi\u00f9 lievi di attacco asmatico; \u00e8 anche usato per ridurre il rischio di attacchi acuti nel trattamento dell&#8217;asma cronica.<\/p>\n<p>La dose tipica per gli adulti \u00e8 di 30-60 mg assunti per via orale, da tre a quattro volte al giorno, sotto forma di compresse. L&#8217;efedrina sotto forma di gocce nasali \u00e8 anche ampiamente utilizzata per alleviare la congestione nasale associata a malattie del tratto respiratorio superiore. \u00c8 anche usata per trattare il sangue basso.<\/p>\n<p>Buona qualit\u00e0 ephedrine in polvere online: E &#8216;completamente capito che la gente non si fidano rapidamente la qualit\u00e0 di Efedrina in polvere venduti online perch\u00e9 non possono esaminare fisicamente. Ma non \u00e8 la stessa cosa con i fornitori Online Ephedrine Powder online. I prodotti qui sono fedeli alla loro descrizione con una manutenzione di alta qualit\u00e0 fatta sotto la supervisione degli esperti.<\/p>\n<p>Veloce &amp; Spedizione discreta: La consegna dell&#8217;Efedrina in polvere online dopo aver ricevuto l&#8217;ordine viene effettuata nei tempi promessi. Il team di spedizione mette tutto il suo impegno nel rendere la procedura di spedizione e consegna liscia e veloce. Puoi anche aspettarti servizi eccellenti quando acquisti Efedrina in polvere online dal professionista sulla piattaforma online.<\/p>\n","protected":false},"excerpt":{"rendered":"<p>L&#8217;Ephedrine in polvere \u00e8 uno stimolante naturale del sistema nervoso centrale ottenuto dalla pianta Ephedra equisetina. Oggi viene prodotta anche per sintesi chimica, il prodotto sintetico viene commercializzato sotto forma di sale.<\/p>\n","protected":false},"featured_media":9201,"comment_status":"open","ping_status":"closed","template":"","meta":{"_acf_changed":false,"_monsterinsights_skip_tracking":false,"_monsterinsights_sitenote_active":false,"_monsterinsights_sitenote_note":"","_monsterinsights_sitenote_category":0},"product_brand":[],"product_cat":[53],"product_tag":[621,619,617,622,618,620],"class_list":{"0":"post-9196","1":"product","2":"type-product","3":"status-publish","4":"has-post-thumbnail","6":"product_cat-research-chemicals","7":"product_tag-acquista-ephedrine-powder-online","8":"product_tag-come-acquistare-ephedrine-powder-online","9":"product_tag-comprare-ephedrine-powder-online","10":"product_tag-dove-acquistare-ephedrine-powder-online","11":"product_tag-ephedrine-powder-in-vendita","12":"product_tag-ordine-ephedrine-powder-online","14":"first","15":"instock","16":"featured","17":"shipping-taxable","18":"purchasable","19":"product-type-variable","20":"has-default-attributes"},"acf":[],"yoast_head":"<!-- This site is optimized with the Yoast SEO plugin v27.2 - https:\/\/yoast.com\/product\/yoast-seo-wordpress\/ -->\n<title>Polvere di Efedrina in vendita online - Global Meds Inc.<\/title>\n<meta name=\"description\" content=\"Polvere di Efedrina in vendita online. Vendiamo la polvere di Efedrina della migliore qualit\u00e0. Vi invitiamo a contattarci per ulteriori informazioni.\" \/>\n<meta name=\"robots\" content=\"index, follow, max-snippet:-1, max-image-preview:large, max-video-preview:-1\" \/>\n<link rel=\"canonical\" href=\"https:\/\/globalmedsonlineinc.com\/it\/product\/research-chemicals\/ephedrine-polvere\/\" \/>\n<meta property=\"og:locale\" content=\"it_IT\" \/>\n<meta property=\"og:type\" content=\"article\" \/>\n<meta property=\"og:title\" content=\"Polvere di Efedrina in vendita online - Global Meds Inc.\" \/>\n<meta property=\"og:description\" content=\"Polvere di Efedrina in vendita online. Vendiamo la polvere di Efedrina della migliore qualit\u00e0. Vi invitiamo a contattarci per ulteriori informazioni.\" \/>\n<meta property=\"og:url\" content=\"https:\/\/globalmedsonlineinc.com\/it\/product\/research-chemicals\/ephedrine-polvere\/\" \/>\n<meta property=\"og:site_name\" content=\"Global Meds Inc\" \/>\n<meta property=\"article:modified_time\" content=\"2024-02-20T11:15:26+00:00\" \/>\n<meta property=\"og:image\" content=\"https:\/\/globalmedsonlineinc.com\/it\/content\/media\/uploads\/sites\/9\/2021\/07\/EPHEDRINE-POWDER.jpg\" \/>\n\t<meta property=\"og:image:width\" content=\"1200\" \/>\n\t<meta property=\"og:image:height\" content=\"1200\" \/>\n\t<meta property=\"og:image:type\" content=\"image\/jpeg\" \/>\n<meta name=\"twitter:card\" content=\"summary_large_image\" \/>\n<meta name=\"twitter:label1\" content=\"Tempo di lettura stimato\" \/>\n\t<meta name=\"twitter:data1\" content=\"3 minuti\" \/>\n<script type=\"application\/ld+json\" class=\"yoast-schema-graph\">{\"@context\":\"https:\/\/schema.org\",\"@graph\":[{\"@type\":\"WebPage\",\"@id\":\"https:\/\/globalmedsonlineinc.com\/it\/product\/research-chemicals\/ephedrine-polvere\/\",\"url\":\"https:\/\/globalmedsonlineinc.com\/it\/product\/research-chemicals\/ephedrine-polvere\/\",\"name\":\"Polvere di Efedrina in vendita online - Global Meds Inc.\",\"isPartOf\":{\"@id\":\"https:\/\/globalmedsonlineinc.com\/it\/#website\"},\"primaryImageOfPage\":{\"@id\":\"https:\/\/globalmedsonlineinc.com\/it\/product\/research-chemicals\/ephedrine-polvere\/#primaryimage\"},\"image\":{\"@id\":\"https:\/\/globalmedsonlineinc.com\/it\/product\/research-chemicals\/ephedrine-polvere\/#primaryimage\"},\"thumbnailUrl\":\"https:\/\/globalmedsonlineinc.com\/it\/content\/media\/uploads\/sites\/9\/2021\/07\/EPHEDRINE-POWDER.jpg\",\"datePublished\":\"2021-07-02T20:41:01+00:00\",\"dateModified\":\"2024-02-20T11:15:26+00:00\",\"description\":\"Polvere di Efedrina in vendita online. Vendiamo la polvere di Efedrina della migliore qualit\u00e0. Vi invitiamo a contattarci per ulteriori informazioni.\",\"breadcrumb\":{\"@id\":\"https:\/\/globalmedsonlineinc.com\/it\/product\/research-chemicals\/ephedrine-polvere\/#breadcrumb\"},\"inLanguage\":\"it-IT\",\"potentialAction\":[{\"@type\":\"ReadAction\",\"target\":[\"https:\/\/globalmedsonlineinc.com\/it\/product\/research-chemicals\/ephedrine-polvere\/\"]}]},{\"@type\":\"ImageObject\",\"inLanguage\":\"it-IT\",\"@id\":\"https:\/\/globalmedsonlineinc.com\/it\/product\/research-chemicals\/ephedrine-polvere\/#primaryimage\",\"url\":\"https:\/\/globalmedsonlineinc.com\/it\/content\/media\/uploads\/sites\/9\/2021\/07\/EPHEDRINE-POWDER.jpg\",\"contentUrl\":\"https:\/\/globalmedsonlineinc.com\/it\/content\/media\/uploads\/sites\/9\/2021\/07\/EPHEDRINE-POWDER.jpg\",\"width\":1200,\"height\":1200,\"caption\":\"Polvere di Efedrina vendita online\"},{\"@type\":\"BreadcrumbList\",\"@id\":\"https:\/\/globalmedsonlineinc.com\/it\/product\/research-chemicals\/ephedrine-polvere\/#breadcrumb\",\"itemListElement\":[{\"@type\":\"ListItem\",\"position\":1,\"name\":\"Home\",\"item\":\"https:\/\/globalmedsonlineinc.com\/it\/\"},{\"@type\":\"ListItem\",\"position\":2,\"name\":\"Prodotti\",\"item\":\"https:\/\/globalmedsonlineinc.com\/it\/prodotti\/\"},{\"@type\":\"ListItem\",\"position\":3,\"name\":\"Comprare ephedrine in polvere online\"}]},{\"@type\":\"WebSite\",\"@id\":\"https:\/\/globalmedsonlineinc.com\/it\/#website\",\"url\":\"https:\/\/globalmedsonlineinc.com\/it\/\",\"name\":\"Global Meds Inc\",\"description\":\"\",\"publisher\":{\"@id\":\"https:\/\/globalmedsonlineinc.com\/it\/#organization\"},\"potentialAction\":[{\"@type\":\"SearchAction\",\"target\":{\"@type\":\"EntryPoint\",\"urlTemplate\":\"https:\/\/globalmedsonlineinc.com\/it\/?s={search_term_string}\"},\"query-input\":{\"@type\":\"PropertyValueSpecification\",\"valueRequired\":true,\"valueName\":\"search_term_string\"}}],\"inLanguage\":\"it-IT\"},{\"@type\":\"Organization\",\"@id\":\"https:\/\/globalmedsonlineinc.com\/it\/#organization\",\"name\":\"Global Meds Inc.\",\"url\":\"https:\/\/globalmedsonlineinc.com\/it\/\",\"logo\":{\"@type\":\"ImageObject\",\"inLanguage\":\"it-IT\",\"@id\":\"https:\/\/globalmedsonlineinc.com\/it\/#\/schema\/logo\/image\/\",\"url\":\"https:\/\/globalmedsonlineinc.com\/it\/content\/media\/uploads\/sites\/9\/2021\/06\/globalmedsonlineincLogoShop20210630123730.00.png\",\"contentUrl\":\"https:\/\/globalmedsonlineinc.com\/it\/content\/media\/uploads\/sites\/9\/2021\/06\/globalmedsonlineincLogoShop20210630123730.00.png\",\"width\":450,\"height\":117,\"caption\":\"Global Meds Inc.\"},\"image\":{\"@id\":\"https:\/\/globalmedsonlineinc.com\/it\/#\/schema\/logo\/image\/\"}}]}<\/script>\n<!-- \/ Yoast SEO plugin. -->","yoast_head_json":{"title":"Polvere di Efedrina in vendita online - Global Meds Inc.","description":"Polvere di Efedrina in vendita online. Vendiamo la polvere di Efedrina della migliore qualit\u00e0. Vi invitiamo a contattarci per ulteriori informazioni.","robots":{"index":"index","follow":"follow","max-snippet":"max-snippet:-1","max-image-preview":"max-image-preview:large","max-video-preview":"max-video-preview:-1"},"canonical":"https:\/\/globalmedsonlineinc.com\/it\/product\/research-chemicals\/ephedrine-polvere\/","og_locale":"it_IT","og_type":"article","og_title":"Polvere di Efedrina in vendita online - Global Meds Inc.","og_description":"Polvere di Efedrina in vendita online. Vendiamo la polvere di Efedrina della migliore qualit\u00e0. Vi invitiamo a contattarci per ulteriori informazioni.","og_url":"https:\/\/globalmedsonlineinc.com\/it\/product\/research-chemicals\/ephedrine-polvere\/","og_site_name":"Global Meds Inc","article_modified_time":"2024-02-20T11:15:26+00:00","og_image":[{"width":1200,"height":1200,"url":"https:\/\/globalmedsonlineinc.com\/it\/content\/media\/uploads\/sites\/9\/2021\/07\/EPHEDRINE-POWDER.jpg","type":"image\/jpeg"}],"twitter_card":"summary_large_image","twitter_misc":{"Tempo di lettura stimato":"3 minuti"},"schema":{"@context":"https:\/\/schema.org","@graph":[{"@type":"WebPage","@id":"https:\/\/globalmedsonlineinc.com\/it\/product\/research-chemicals\/ephedrine-polvere\/","url":"https:\/\/globalmedsonlineinc.com\/it\/product\/research-chemicals\/ephedrine-polvere\/","name":"Polvere di Efedrina in vendita online - Global Meds Inc.","isPartOf":{"@id":"https:\/\/globalmedsonlineinc.com\/it\/#website"},"primaryImageOfPage":{"@id":"https:\/\/globalmedsonlineinc.com\/it\/product\/research-chemicals\/ephedrine-polvere\/#primaryimage"},"image":{"@id":"https:\/\/globalmedsonlineinc.com\/it\/product\/research-chemicals\/ephedrine-polvere\/#primaryimage"},"thumbnailUrl":"https:\/\/globalmedsonlineinc.com\/it\/content\/media\/uploads\/sites\/9\/2021\/07\/EPHEDRINE-POWDER.jpg","datePublished":"2021-07-02T20:41:01+00:00","dateModified":"2024-02-20T11:15:26+00:00","description":"Polvere di Efedrina in vendita online. Vendiamo la polvere di Efedrina della migliore qualit\u00e0. Vi invitiamo a contattarci per ulteriori informazioni.","breadcrumb":{"@id":"https:\/\/globalmedsonlineinc.com\/it\/product\/research-chemicals\/ephedrine-polvere\/#breadcrumb"},"inLanguage":"it-IT","potentialAction":[{"@type":"ReadAction","target":["https:\/\/globalmedsonlineinc.com\/it\/product\/research-chemicals\/ephedrine-polvere\/"]}]},{"@type":"ImageObject","inLanguage":"it-IT","@id":"https:\/\/globalmedsonlineinc.com\/it\/product\/research-chemicals\/ephedrine-polvere\/#primaryimage","url":"https:\/\/globalmedsonlineinc.com\/it\/content\/media\/uploads\/sites\/9\/2021\/07\/EPHEDRINE-POWDER.jpg","contentUrl":"https:\/\/globalmedsonlineinc.com\/it\/content\/media\/uploads\/sites\/9\/2021\/07\/EPHEDRINE-POWDER.jpg","width":1200,"height":1200,"caption":"Polvere di Efedrina vendita online"},{"@type":"BreadcrumbList","@id":"https:\/\/globalmedsonlineinc.com\/it\/product\/research-chemicals\/ephedrine-polvere\/#breadcrumb","itemListElement":[{"@type":"ListItem","position":1,"name":"Home","item":"https:\/\/globalmedsonlineinc.com\/it\/"},{"@type":"ListItem","position":2,"name":"Prodotti","item":"https:\/\/globalmedsonlineinc.com\/it\/prodotti\/"},{"@type":"ListItem","position":3,"name":"Comprare ephedrine in polvere online"}]},{"@type":"WebSite","@id":"https:\/\/globalmedsonlineinc.com\/it\/#website","url":"https:\/\/globalmedsonlineinc.com\/it\/","name":"Global Meds Inc","description":"","publisher":{"@id":"https:\/\/globalmedsonlineinc.com\/it\/#organization"},"potentialAction":[{"@type":"SearchAction","target":{"@type":"EntryPoint","urlTemplate":"https:\/\/globalmedsonlineinc.com\/it\/?s={search_term_string}"},"query-input":{"@type":"PropertyValueSpecification","valueRequired":true,"valueName":"search_term_string"}}],"inLanguage":"it-IT"},{"@type":"Organization","@id":"https:\/\/globalmedsonlineinc.com\/it\/#organization","name":"Global Meds Inc.","url":"https:\/\/globalmedsonlineinc.com\/it\/","logo":{"@type":"ImageObject","inLanguage":"it-IT","@id":"https:\/\/globalmedsonlineinc.com\/it\/#\/schema\/logo\/image\/","url":"https:\/\/globalmedsonlineinc.com\/it\/content\/media\/uploads\/sites\/9\/2021\/06\/globalmedsonlineincLogoShop20210630123730.00.png","contentUrl":"https:\/\/globalmedsonlineinc.com\/it\/content\/media\/uploads\/sites\/9\/2021\/06\/globalmedsonlineincLogoShop20210630123730.00.png","width":450,"height":117,"caption":"Global Meds Inc."},"image":{"@id":"https:\/\/globalmedsonlineinc.com\/it\/#\/schema\/logo\/image\/"}}]}},"_links":{"self":[{"href":"https:\/\/globalmedsonlineinc.com\/it\/wp-json\/wp\/v2\/product\/9196","targetHints":{"allow":["GET"]}}],"collection":[{"href":"https:\/\/globalmedsonlineinc.com\/it\/wp-json\/wp\/v2\/product"}],"about":[{"href":"https:\/\/globalmedsonlineinc.com\/it\/wp-json\/wp\/v2\/types\/product"}],"replies":[{"embeddable":true,"href":"https:\/\/globalmedsonlineinc.com\/it\/wp-json\/wp\/v2\/comments?post=9196"}],"wp:featuredmedia":[{"embeddable":true,"href":"https:\/\/globalmedsonlineinc.com\/it\/wp-json\/wp\/v2\/media\/9201"}],"wp:attachment":[{"href":"https:\/\/globalmedsonlineinc.com\/it\/wp-json\/wp\/v2\/media?parent=9196"}],"wp:term":[{"taxonomy":"product_brand","embeddable":true,"href":"https:\/\/globalmedsonlineinc.com\/it\/wp-json\/wp\/v2\/product_brand?post=9196"},{"taxonomy":"product_cat","embeddable":true,"href":"https:\/\/globalmedsonlineinc.com\/it\/wp-json\/wp\/v2\/product_cat?post=9196"},{"taxonomy":"product_tag","embeddable":true,"href":"https:\/\/globalmedsonlineinc.com\/it\/wp-json\/wp\/v2\/product_tag?post=9196"}],"curies":[{"name":"wp","href":"https:\/\/api.w.org\/{rel}","templated":true}]}}