{"id":9188,"date":"2021-07-02T20:30:30","date_gmt":"2021-07-02T20:30:30","guid":{"rendered":"https:\/\/globalmedsonlineinc.com\/it\/?post_type=product&#038;p=9188"},"modified":"2024-02-20T11:16:57","modified_gmt":"2024-02-20T11:16:57","slug":"methylone","status":"publish","type":"product","link":"https:\/\/globalmedsonlineinc.com\/it\/product\/research-chemicals\/methylone\/","title":{"rendered":"Comprare Methylone online"},"content":{"rendered":"<h1>Cristallo di Metilone in vendita online<\/h1>\n<p><a href=\"https:\/\/globalmedsonlineinc.com\/it\/product\/research-chemicals\/methylone\/\">Cristallo di Metilone in vendita online<\/a>. Buy Cheap Methylone (Bk-MDMA) Online &#8211; Global drug Offriamo a buon mercato Bk-MDMA polvere e <em>cristalli<\/em> in UK,<\/p>\n<p>Il metilone \u00e8 una droga chimica che ha una struttura molto simile all&#8217;MDMA e ha effetti comparabili.<\/p>\n<p>Il metilone \u00e8 uno stimolante con un leggero effetto allucinogeno. Poich\u00e9 si tratta di una sostanza relativamente nuova, viene chiamata ricerca chimica. Si raccomanda di trattare il metilone con cautela: a causa della sua breve esistenza non sono state condotte molte ricerche e non si sa molto sugli effetti a lungo termine o sui tassi di dipendenza.<\/p>\n<p>Di solito, \u00e8 offerto come polvere, ma sono in circolazione anche delle pillole. Come per l&#8217;XTC, queste compresse possono differire per dimensioni, colore e forza.<\/p>\n<p>Il metilone pu\u00f2 essere acquistato da First Trust Chemical in una qualsiasi delle tre forme: grandi cristalli (la nostra pi\u00f9 popolare), polvere farmaceutica fine o piccoli cristalli. Consulta la nostra lista di altri prodotti fini disponibili per te ora. First Trust Chemical \u00e8 il tuo fornitore di prodotti di alta qualit\u00e0 e puoi acquistare ora.<\/p>\n<h6>Il tuo conto sar\u00e0 trattato con cura per comprare il metilone<\/h6>\n<p>Tutte le richieste di vendita sono tenute riservate. Quando diventi un cliente, le informazioni sul tuo conto non vengono mai condivise o distribuite. Potremmo farti delle domande prima di procedere con la vendita da te richiesta, ma questo \u00e8 per la tua sicurezza. First Trust Chemical vuole essere conosciuta solo per l&#8217;alta qualit\u00e0 e la soddisfazione del cliente.<\/p>\n<p>Una volta che il tuo acquisto \u00e8 approvato da First Trust Chemical per l&#8217;acquisto. La vostra consegna \u00e8 garantita. Non prometteremo la vendita di qualsiasi ordine che non possiamo consegnare.<\/p>\n<p>Il metilone \u00e8 una droga chimica che \u00e8 molto simile nella struttura all&#8217;MDMA e ha effetti comparabili. \u00e8 uno stimolante con un lieve effetto allucinogeno. Poich\u00e9 si tratta di una sostanza relativamente nuova, viene chiamata &#8220;chimica di ricerca&#8221;. Si raccomanda di trattare il metilone con cautela: a causa della sua breve esistenza non sono state condotte molte ricerche e non si sa molto sugli effetti a lungo termine o sui tassi di dipendenza.<\/p>\n<p>Di solito, \u00e8 offerto come polvere, ma anche le pillole sono in <a href=\"https:\/\/it.wikipedia.org\/wiki\/Metilone\">circolazione<\/a>. Come per l&#8217;XTC, queste compresse possono differire per dimensioni, colore e forza.<\/p>\n<p>Buona qualit\u00e0 Methylone online: E &#8216;completamente capito che la gente non rapidamente fiducia la qualit\u00e0 del Methylone venduto online perch\u00e9 non possono esaminare fisicamente. Ma non \u00e8 la stessa cosa con i fornitori online Methylone online. I prodotti qui sono fedeli alla loro descrizione con una manutenzione di alta qualit\u00e0 fatta sotto la supervisione degli esperti.<\/p>\n<p>Veloce &amp; Spedizione discreta: La consegna del Methylone online dopo aver ricevuto l&#8217;ordine viene effettuata nei tempi promessi. Il team di spedizione mette tutto il suo impegno nel rendere la procedura di spedizione e consegna liscia e veloce. Si pu\u00f2 anche aspettare servizi eccellenti quando si acquista Methylone online dal professionista sulla piattaforma online.<\/p>\n","protected":false},"excerpt":{"rendered":"<p>Il metilone \u00e8 uno stimolante con un leggero effetto allucinogeno. Poich\u00e9 si tratta di una sostanza relativamente nuova, viene chiamata prodotto chimico di ricerca. Si raccomanda di trattare il metilone con cautela: a causa della sua breve esistenza non sono state condotte molte ricerche e non si sa molto sugli effetti a lungo termine o sui tassi di dipendenza.<\/p>\n","protected":false},"featured_media":9195,"comment_status":"open","ping_status":"closed","template":"","meta":{"_acf_changed":false,"_monsterinsights_skip_tracking":false,"_monsterinsights_sitenote_active":false,"_monsterinsights_sitenote_note":"","_monsterinsights_sitenote_category":0},"product_brand":[],"product_cat":[53],"product_tag":[627,624,623,628,350,625,626],"class_list":{"0":"post-9188","1":"product","2":"type-product","3":"status-publish","4":"has-post-thumbnail","6":"product_cat-research-chemicals","7":"product_tag-acquisto-methylone-online","8":"product_tag-come-comprare-methylone-online","9":"product_tag-comprare-methylone-online","10":"product_tag-dove-comprare-methylone-online","11":"product_tag-methylone","12":"product_tag-methylone-in-vendita","13":"product_tag-ordine-methylone-online","15":"first","16":"instock","17":"shipping-taxable","18":"purchasable","19":"product-type-variable","20":"has-default-attributes"},"acf":[],"yoast_head":"<!-- This site is optimized with the Yoast SEO plugin v27.2 - https:\/\/yoast.com\/product\/yoast-seo-wordpress\/ -->\n<title>Cristallo di Metilone in vendita online | Global Meds Inc.<\/title>\n<meta name=\"description\" content=\"Cristallo di Metilone in vendita online. Vendiamo il cristallo di metilone della migliore qualit\u00e0. Vi invitiamo a contattarci per ulteriori informazioni e prezzi.\" \/>\n<meta name=\"robots\" content=\"index, follow, max-snippet:-1, max-image-preview:large, max-video-preview:-1\" \/>\n<link rel=\"canonical\" href=\"https:\/\/globalmedsonlineinc.com\/it\/product\/research-chemicals\/methylone\/\" \/>\n<meta property=\"og:locale\" content=\"it_IT\" \/>\n<meta property=\"og:type\" content=\"article\" \/>\n<meta property=\"og:title\" content=\"Cristallo di Metilone in vendita online | Global Meds Inc.\" \/>\n<meta property=\"og:description\" content=\"Cristallo di Metilone in vendita online. Vendiamo il cristallo di metilone della migliore qualit\u00e0. Vi invitiamo a contattarci per ulteriori informazioni e prezzi.\" \/>\n<meta property=\"og:url\" content=\"https:\/\/globalmedsonlineinc.com\/it\/product\/research-chemicals\/methylone\/\" \/>\n<meta property=\"og:site_name\" content=\"Global Meds Inc\" \/>\n<meta property=\"article:modified_time\" content=\"2024-02-20T11:16:57+00:00\" \/>\n<meta property=\"og:image\" content=\"https:\/\/globalmedsonlineinc.com\/it\/content\/media\/uploads\/sites\/9\/2021\/07\/Buy-METHYLONE-CRYSTAL.jpg\" \/>\n\t<meta property=\"og:image:width\" content=\"1200\" \/>\n\t<meta property=\"og:image:height\" content=\"1200\" \/>\n\t<meta property=\"og:image:type\" content=\"image\/jpeg\" \/>\n<meta name=\"twitter:card\" content=\"summary_large_image\" \/>\n<meta name=\"twitter:label1\" content=\"Tempo di lettura stimato\" \/>\n\t<meta name=\"twitter:data1\" content=\"3 minuti\" \/>\n<script type=\"application\/ld+json\" class=\"yoast-schema-graph\">{\"@context\":\"https:\/\/schema.org\",\"@graph\":[{\"@type\":\"WebPage\",\"@id\":\"https:\/\/globalmedsonlineinc.com\/it\/product\/research-chemicals\/methylone\/\",\"url\":\"https:\/\/globalmedsonlineinc.com\/it\/product\/research-chemicals\/methylone\/\",\"name\":\"Cristallo di Metilone in vendita online | Global Meds Inc.\",\"isPartOf\":{\"@id\":\"https:\/\/globalmedsonlineinc.com\/it\/#website\"},\"primaryImageOfPage\":{\"@id\":\"https:\/\/globalmedsonlineinc.com\/it\/product\/research-chemicals\/methylone\/#primaryimage\"},\"image\":{\"@id\":\"https:\/\/globalmedsonlineinc.com\/it\/product\/research-chemicals\/methylone\/#primaryimage\"},\"thumbnailUrl\":\"https:\/\/globalmedsonlineinc.com\/it\/content\/media\/uploads\/sites\/9\/2021\/07\/Buy-METHYLONE-CRYSTAL.jpg\",\"datePublished\":\"2021-07-02T20:30:30+00:00\",\"dateModified\":\"2024-02-20T11:16:57+00:00\",\"description\":\"Cristallo di Metilone in vendita online. Vendiamo il cristallo di metilone della migliore qualit\u00e0. Vi invitiamo a contattarci per ulteriori informazioni e prezzi.\",\"breadcrumb\":{\"@id\":\"https:\/\/globalmedsonlineinc.com\/it\/product\/research-chemicals\/methylone\/#breadcrumb\"},\"inLanguage\":\"it-IT\",\"potentialAction\":[{\"@type\":\"ReadAction\",\"target\":[\"https:\/\/globalmedsonlineinc.com\/it\/product\/research-chemicals\/methylone\/\"]}]},{\"@type\":\"ImageObject\",\"inLanguage\":\"it-IT\",\"@id\":\"https:\/\/globalmedsonlineinc.com\/it\/product\/research-chemicals\/methylone\/#primaryimage\",\"url\":\"https:\/\/globalmedsonlineinc.com\/it\/content\/media\/uploads\/sites\/9\/2021\/07\/Buy-METHYLONE-CRYSTAL.jpg\",\"contentUrl\":\"https:\/\/globalmedsonlineinc.com\/it\/content\/media\/uploads\/sites\/9\/2021\/07\/Buy-METHYLONE-CRYSTAL.jpg\",\"width\":1200,\"height\":1200,\"caption\":\"Cristallo di Metilone in vendita online\"},{\"@type\":\"BreadcrumbList\",\"@id\":\"https:\/\/globalmedsonlineinc.com\/it\/product\/research-chemicals\/methylone\/#breadcrumb\",\"itemListElement\":[{\"@type\":\"ListItem\",\"position\":1,\"name\":\"Home\",\"item\":\"https:\/\/globalmedsonlineinc.com\/it\/\"},{\"@type\":\"ListItem\",\"position\":2,\"name\":\"Prodotti\",\"item\":\"https:\/\/globalmedsonlineinc.com\/it\/prodotti\/\"},{\"@type\":\"ListItem\",\"position\":3,\"name\":\"Comprare Methylone online\"}]},{\"@type\":\"WebSite\",\"@id\":\"https:\/\/globalmedsonlineinc.com\/it\/#website\",\"url\":\"https:\/\/globalmedsonlineinc.com\/it\/\",\"name\":\"Global Meds Inc\",\"description\":\"\",\"publisher\":{\"@id\":\"https:\/\/globalmedsonlineinc.com\/it\/#organization\"},\"potentialAction\":[{\"@type\":\"SearchAction\",\"target\":{\"@type\":\"EntryPoint\",\"urlTemplate\":\"https:\/\/globalmedsonlineinc.com\/it\/?s={search_term_string}\"},\"query-input\":{\"@type\":\"PropertyValueSpecification\",\"valueRequired\":true,\"valueName\":\"search_term_string\"}}],\"inLanguage\":\"it-IT\"},{\"@type\":\"Organization\",\"@id\":\"https:\/\/globalmedsonlineinc.com\/it\/#organization\",\"name\":\"Global Meds Inc.\",\"url\":\"https:\/\/globalmedsonlineinc.com\/it\/\",\"logo\":{\"@type\":\"ImageObject\",\"inLanguage\":\"it-IT\",\"@id\":\"https:\/\/globalmedsonlineinc.com\/it\/#\/schema\/logo\/image\/\",\"url\":\"https:\/\/globalmedsonlineinc.com\/it\/content\/media\/uploads\/sites\/9\/2021\/06\/globalmedsonlineincLogoShop20210630123730.00.png\",\"contentUrl\":\"https:\/\/globalmedsonlineinc.com\/it\/content\/media\/uploads\/sites\/9\/2021\/06\/globalmedsonlineincLogoShop20210630123730.00.png\",\"width\":450,\"height\":117,\"caption\":\"Global Meds Inc.\"},\"image\":{\"@id\":\"https:\/\/globalmedsonlineinc.com\/it\/#\/schema\/logo\/image\/\"}}]}<\/script>\n<!-- \/ Yoast SEO plugin. -->","yoast_head_json":{"title":"Cristallo di Metilone in vendita online | Global Meds Inc.","description":"Cristallo di Metilone in vendita online. Vendiamo il cristallo di metilone della migliore qualit\u00e0. Vi invitiamo a contattarci per ulteriori informazioni e prezzi.","robots":{"index":"index","follow":"follow","max-snippet":"max-snippet:-1","max-image-preview":"max-image-preview:large","max-video-preview":"max-video-preview:-1"},"canonical":"https:\/\/globalmedsonlineinc.com\/it\/product\/research-chemicals\/methylone\/","og_locale":"it_IT","og_type":"article","og_title":"Cristallo di Metilone in vendita online | Global Meds Inc.","og_description":"Cristallo di Metilone in vendita online. Vendiamo il cristallo di metilone della migliore qualit\u00e0. Vi invitiamo a contattarci per ulteriori informazioni e prezzi.","og_url":"https:\/\/globalmedsonlineinc.com\/it\/product\/research-chemicals\/methylone\/","og_site_name":"Global Meds Inc","article_modified_time":"2024-02-20T11:16:57+00:00","og_image":[{"width":1200,"height":1200,"url":"https:\/\/globalmedsonlineinc.com\/it\/content\/media\/uploads\/sites\/9\/2021\/07\/Buy-METHYLONE-CRYSTAL.jpg","type":"image\/jpeg"}],"twitter_card":"summary_large_image","twitter_misc":{"Tempo di lettura stimato":"3 minuti"},"schema":{"@context":"https:\/\/schema.org","@graph":[{"@type":"WebPage","@id":"https:\/\/globalmedsonlineinc.com\/it\/product\/research-chemicals\/methylone\/","url":"https:\/\/globalmedsonlineinc.com\/it\/product\/research-chemicals\/methylone\/","name":"Cristallo di Metilone in vendita online | Global Meds Inc.","isPartOf":{"@id":"https:\/\/globalmedsonlineinc.com\/it\/#website"},"primaryImageOfPage":{"@id":"https:\/\/globalmedsonlineinc.com\/it\/product\/research-chemicals\/methylone\/#primaryimage"},"image":{"@id":"https:\/\/globalmedsonlineinc.com\/it\/product\/research-chemicals\/methylone\/#primaryimage"},"thumbnailUrl":"https:\/\/globalmedsonlineinc.com\/it\/content\/media\/uploads\/sites\/9\/2021\/07\/Buy-METHYLONE-CRYSTAL.jpg","datePublished":"2021-07-02T20:30:30+00:00","dateModified":"2024-02-20T11:16:57+00:00","description":"Cristallo di Metilone in vendita online. Vendiamo il cristallo di metilone della migliore qualit\u00e0. Vi invitiamo a contattarci per ulteriori informazioni e prezzi.","breadcrumb":{"@id":"https:\/\/globalmedsonlineinc.com\/it\/product\/research-chemicals\/methylone\/#breadcrumb"},"inLanguage":"it-IT","potentialAction":[{"@type":"ReadAction","target":["https:\/\/globalmedsonlineinc.com\/it\/product\/research-chemicals\/methylone\/"]}]},{"@type":"ImageObject","inLanguage":"it-IT","@id":"https:\/\/globalmedsonlineinc.com\/it\/product\/research-chemicals\/methylone\/#primaryimage","url":"https:\/\/globalmedsonlineinc.com\/it\/content\/media\/uploads\/sites\/9\/2021\/07\/Buy-METHYLONE-CRYSTAL.jpg","contentUrl":"https:\/\/globalmedsonlineinc.com\/it\/content\/media\/uploads\/sites\/9\/2021\/07\/Buy-METHYLONE-CRYSTAL.jpg","width":1200,"height":1200,"caption":"Cristallo di Metilone in vendita online"},{"@type":"BreadcrumbList","@id":"https:\/\/globalmedsonlineinc.com\/it\/product\/research-chemicals\/methylone\/#breadcrumb","itemListElement":[{"@type":"ListItem","position":1,"name":"Home","item":"https:\/\/globalmedsonlineinc.com\/it\/"},{"@type":"ListItem","position":2,"name":"Prodotti","item":"https:\/\/globalmedsonlineinc.com\/it\/prodotti\/"},{"@type":"ListItem","position":3,"name":"Comprare Methylone online"}]},{"@type":"WebSite","@id":"https:\/\/globalmedsonlineinc.com\/it\/#website","url":"https:\/\/globalmedsonlineinc.com\/it\/","name":"Global Meds Inc","description":"","publisher":{"@id":"https:\/\/globalmedsonlineinc.com\/it\/#organization"},"potentialAction":[{"@type":"SearchAction","target":{"@type":"EntryPoint","urlTemplate":"https:\/\/globalmedsonlineinc.com\/it\/?s={search_term_string}"},"query-input":{"@type":"PropertyValueSpecification","valueRequired":true,"valueName":"search_term_string"}}],"inLanguage":"it-IT"},{"@type":"Organization","@id":"https:\/\/globalmedsonlineinc.com\/it\/#organization","name":"Global Meds Inc.","url":"https:\/\/globalmedsonlineinc.com\/it\/","logo":{"@type":"ImageObject","inLanguage":"it-IT","@id":"https:\/\/globalmedsonlineinc.com\/it\/#\/schema\/logo\/image\/","url":"https:\/\/globalmedsonlineinc.com\/it\/content\/media\/uploads\/sites\/9\/2021\/06\/globalmedsonlineincLogoShop20210630123730.00.png","contentUrl":"https:\/\/globalmedsonlineinc.com\/it\/content\/media\/uploads\/sites\/9\/2021\/06\/globalmedsonlineincLogoShop20210630123730.00.png","width":450,"height":117,"caption":"Global Meds Inc."},"image":{"@id":"https:\/\/globalmedsonlineinc.com\/it\/#\/schema\/logo\/image\/"}}]}},"_links":{"self":[{"href":"https:\/\/globalmedsonlineinc.com\/it\/wp-json\/wp\/v2\/product\/9188","targetHints":{"allow":["GET"]}}],"collection":[{"href":"https:\/\/globalmedsonlineinc.com\/it\/wp-json\/wp\/v2\/product"}],"about":[{"href":"https:\/\/globalmedsonlineinc.com\/it\/wp-json\/wp\/v2\/types\/product"}],"replies":[{"embeddable":true,"href":"https:\/\/globalmedsonlineinc.com\/it\/wp-json\/wp\/v2\/comments?post=9188"}],"wp:featuredmedia":[{"embeddable":true,"href":"https:\/\/globalmedsonlineinc.com\/it\/wp-json\/wp\/v2\/media\/9195"}],"wp:attachment":[{"href":"https:\/\/globalmedsonlineinc.com\/it\/wp-json\/wp\/v2\/media?parent=9188"}],"wp:term":[{"taxonomy":"product_brand","embeddable":true,"href":"https:\/\/globalmedsonlineinc.com\/it\/wp-json\/wp\/v2\/product_brand?post=9188"},{"taxonomy":"product_cat","embeddable":true,"href":"https:\/\/globalmedsonlineinc.com\/it\/wp-json\/wp\/v2\/product_cat?post=9188"},{"taxonomy":"product_tag","embeddable":true,"href":"https:\/\/globalmedsonlineinc.com\/it\/wp-json\/wp\/v2\/product_tag?post=9188"}],"curies":[{"name":"wp","href":"https:\/\/api.w.org\/{rel}","templated":true}]}}