{"id":9180,"date":"2021-07-02T20:17:48","date_gmt":"2021-07-02T20:17:48","guid":{"rendered":"https:\/\/globalmedsonlineinc.com\/it\/?post_type=product&#038;p=9180"},"modified":"2024-02-20T11:20:03","modified_gmt":"2024-02-20T11:20:03","slug":"ketamine","status":"publish","type":"product","link":"https:\/\/globalmedsonlineinc.com\/it\/product\/research-chemicals\/ketamine\/","title":{"rendered":"Comprare Ketamine online"},"content":{"rendered":"<h1>l&#8217;iniezione di ketamina Ketamina in vendita online<\/h1>\n<p><a href=\"https:\/\/globalmedsonlineinc.com\/it\/product\/research-chemicals\/ketamine\/\">l&#8217;iniezione di ketamina Ketamina in vendita online<\/a>. Ketamina HCl, NMIAD686, da Allucinogeni. Alta qualit\u00e0, materiali di riferimento certificati, disponibili per acquistare online su.<\/p>\n<p>Comprare Ketamine online; ketamine ha il marchio venduto Ketalar. Ketalar medicina \u00e8, per la maggior parte, utilizzato perdonando e guardando dopo l&#8217;anestesia. \u00e8 anche utilizzato per l&#8217;aiuto con disagio e disgrazia di memoria. E &#8216;inoltre incorporare di tormento perpetuo e per la sedazione in considerazione concentrata. Il lavoro del cuore, la respirazione e i riflessi del percorso dell&#8217;aviazione per la maggior parte rimangono pratici durante le sue appartenenze.<\/p>\n<h6>ketamina in vendita<\/h6>\n<p>Gli impatti iniziano a malapena entro 5 minuti quando l&#8217;infusione viene data con gli impatti fondamentali che durano fino a venticinque minuti. Ha sintomi regolari che sono risposte mentali quando la prescrizione \u00e8 spenta. le risposte potrebbero essere un disturbo, perplessit\u00e0, viaggi mentali, sforzo circolatorio e tremori muscolari.<\/p>\n<h6>Acquista online la ketamina legale<\/h6>\n<p>Dosaggi pi\u00f9 alti possono fornire impatti sempre pi\u00f9 gravi, con i clienti che dettagliano la separazione totale ed espressa dai loro corpi. Gli impatti sono come quelli ritratti da individui che hanno avuto incontri ravvicinati di morte, ed \u00e8 raffigurato come essere nella &#8220;K-apertura&#8221;.<\/p>\n<h6>Chetamina liquida in vendita<\/h6>\n<p>La ketamina sar\u00e0 utilizzata per l&#8217;agonia post-operatoria i dirigenti. Basse misure di ketamina possono diminuire l&#8217;uso di morfina, la malattia e l&#8217;ansimare dopo una procedura medica. Quindi, la ketamina a basse misure utilizzata nel trattamento del complesso disturbo di tormento provinciale.<\/p>\n<h6>ketamina HCL polvere in vendita<\/h6>\n<p>La ketamina \u00e8 utilizzata per: Indurre l&#8217;anestesia (assenza di sensazioni o sentimenti) prima di una procedura medica o di una certa metodologia. Quindi, che non richiede cliniche di ketamina per lo scioglimento del muscolo scheletrico. Potrebbe anche essere utilizzato per diverse condizioni come controllato dal vostro medico di base. La ketamina \u00e8 un sedativo. Funziona nel cervello per reprimere le sensazioni difficili comprare ketamina legalmente.<\/p>\n<h6>Acquista la ketamina legalmente online<\/h6>\n<p>Il sentimento principale dell&#8217;alto il cliente otterr\u00e0 una sensazione sbalorditiva di rilassamento, una volta ogni tanto raffigurato pieno corpo ronzio intranasale ketamina. Alcuni clienti si sentono come se stessero planando e alcuni lo descrivono addirittura come se fossero fuori dal loro corpo. Molti sperimentano sogni di pip\u00ec che possono durare pi\u00f9 a lungo degli impatti soporiferi. Da qui, sapere quanto dura l&#8217;infusione di ketamina.<\/p>\n<h6>Dove comprare la ketamina online<\/h6>\n<p>La ketamina (Ketalar) in polvere produce un high improvviso che va avanti per circa 60 minuti. Inizia circa 2-5 minuti dopo che la porzione \u00e8 stata fumata o ingerita. Con l&#8217;infusione, si verifica circa 30 secondi dopo che l&#8217;infusione \u00e8 avvenuta.<\/p>\n<h6>Acquista ketamina online senza soluzione<\/h6>\n<p>La sensazione principale dello sballo il cliente otterr\u00e0 una sensazione sbalorditiva di rilassamento, in alcuni casi ritratto ronzio di tutto il corpo. Alcuni clienti si sentono come se stessero planando e alcuni lo descrivono addirittura come se fossero fuori dal loro corpo. Molti sperimentano visualizzazioni che possono durare pi\u00f9 a lungo degli impatti soporiferi della depressione da ketamina.<\/p>\n\n<p>Il pi\u00f9 discreto negozio online, \u00e8 possibile acquistare jwh 122 online, acquistare jwh 018 online, acquistare Nembutal online, acquistare Ketamine online, acquistare Nembutal Sodium Pentobarbital, acquistare TUSSIONEX COUGH SYRUP ONLINE, acquistare Actimmune online, acquistare Cinryze online, acquistare Crack cocaina online, acquistare Cocaina online, acquistare Eroina online,\u00a0comprare lsd online, Comprare LSD compresse online, Comprare Roxicodone online, Comprare Phenazepam, Comprare MDPV online, Comprare A-PVP cristalli, Comprare JWH-200, Comprare Dilaudid online, Comprare Adderall online, Comprare oxycontin, Comprare Xanax online, Comprare Vicodin online, Comprare Mephedrone online, Comprare Pure Crystal Meth online, comprare fentanyl online<\/p>\n\n<h6>Pillole di ketamina in vendita<\/h6>\n<p>Dosaggi pi\u00f9 alti possono fornire impatti sempre pi\u00f9 estremi, con i clienti che annunciano una separazione totale ed esplicita dai loro corpi. Gli impatti sono come quelli ritratti da individui che hanno avuto incontri ravvicinati con la morte, e raffigurati nel &#8220;K-gap&#8221; ketamina per l&#8217;ansia.<\/p>\n<h6>Acquistare la ketamina in polvere online<\/h6>\n<p>La ketamina (Ketalar) in polvere ha, ovviamente, delle reazioni, e queste possono essere molto significative. Le reazioni momentanee incorporano terribili viaggi mentali. Allo stesso modo, con ogni singolo farmaco psicotropo. Quindi, la piacevolezza del viaggio mentale dipende dalla prospettiva del cliente. Cos\u00ec, se il cliente sta cercando di sfuggire allo sconforto. Quindi, le fantasie saranno probabilmente sgradevoli. Ketamina (Ketalar) Polvere<\/p>\n<h6>Dove comprare la ketamina<\/h6>\n<p>Normalmente, gli effetti collaterali includono lo smarrimento e la perplessit\u00e0 generale a causa della natura sedativa del farmaco. Cos\u00ec, sonnolenza, polso espanso, aumento dello sforzo circolatorio iniezione di ketamina.<\/p>\n<h6>Acquista la ketamina in polvere online<\/h6>\n<p>Ketamine (Ketalar) Powder produce un high improvviso che <a href=\"https:\/\/en.wikipedia.org\/wiki\/Ketamine\">v\u00e0<\/a> per circa 60 minuti. Inizia circa 2-5 minuti dopo che la porzione \u00e8 stata fumata o ingerita. Ketamine cream buy online, con infusione, si verifica circa 30 secondi dopo che l&#8217;infusione \u00e8 avvenuta ketamine buy legal.<\/p>\n<h6>Acquista ketamina liquida<\/h6>\n<p>Enormi dosaggi di ketamina (Ketalar) in polvere possono portare a quello che alcuni descrivono come la &#8220;K-opening&#8221;, che pu\u00f2 incorporare gravi e sgradevoli visualizzazioni visive e sonore combinate con una timbrata derealizzazione e una sorprendente separazione dal mondo reale.<\/p>\n<h6>Come comprare la ketamina online<\/h6>\n<p>Forse pi\u00f9 intensamente problematico, chi usa la Ketamina (Ketalar) in polvere pu\u00f2 anche andare verso la nausea. Se questo avanza al vomito, pu\u00f2 essere eccezionalmente pericoloso, come quelli in condizioni di disordine separato come spesso. Cos\u00ec, possibile finire recumbent-esibendo un vero rischio soffocante.\u00a0(Ketalar) Polvere, pausa per un minuto per piegarli sul loro lato o nella posizione di recupero se concepibile per evitare che questo accada. Chiamare immediatamente il 911 per ottenere un aiuto medico di crisi dove posso comprare la ketamina onlile.<\/p>\n<p>Ketamina di buona qualit\u00e0 online: Si capisce perfettamente che la gente non si fida rapidamente della qualit\u00e0 della Ketamina venduta online perch\u00e9 non pu\u00f2 esaminarla fisicamente. Ma non \u00e8 la stessa cosa con i fornitori di Ketamina online. I prodotti qui sono fedeli alla loro descrizione con una manutenzione di alta qualit\u00e0 fatta sotto la supervisione degli esperti.<\/p>\n<p>Veloce &amp; Spedizione discreta: La consegna della Ketamina online dopo aver ricevuto l&#8217;ordine avviene nei tempi promessi. Il team di spedizione mette tutto il suo impegno nel rendere la procedura di spedizione e consegna liscia e veloce. Puoi anche aspettarti servizi eccellenti quando acquisti Ketamine online dal professionista sulla piattaforma online.<\/p>\n","protected":false},"excerpt":{"rendered":"<p>La ketamina ha dimostrato di essere sufficiente nel trattamento dello scoraggiamento nei pazienti con problema bipolare che non hanno risposto agli antidepressivi.<\/p>\n","protected":false},"featured_media":9181,"comment_status":"open","ping_status":"closed","template":"","meta":{"_acf_changed":false,"_monsterinsights_skip_tracking":false,"_monsterinsights_sitenote_active":false,"_monsterinsights_sitenote_note":"","_monsterinsights_sitenote_category":0},"product_brand":[],"product_cat":[53],"product_tag":[499,496,495,501,500,497,498],"class_list":{"0":"post-9180","1":"product","2":"type-product","3":"status-publish","4":"has-post-thumbnail","6":"product_cat-research-chemicals","7":"product_tag-acquisto-ketamine-hcl-online","8":"product_tag-come-comprare-ketamine-hcl-online","9":"product_tag-comprare-ketamine-hcl-online","10":"product_tag-dove-comprare-ketamine-hcl-online","11":"product_tag-il-miglior-posto-per-comprare-ketamine-hcl-online","12":"product_tag-ketamine-hcl-in-vendita","13":"product_tag-ordine-ketamine-hcl-online","15":"first","16":"instock","17":"featured","18":"shipping-taxable","19":"purchasable","20":"product-type-variable","21":"has-default-attributes"},"acf":[],"yoast_head":"<!-- This site is optimized with the Yoast SEO plugin v27.2 - https:\/\/yoast.com\/product\/yoast-seo-wordpress\/ -->\n<title>l&#039;iniezione di ketamina in vendita online | Global Meds Inc.<\/title>\n<meta name=\"description\" content=\"l&#039;iniezione di ketamina in vendita online. Vendiamo l&#039;iniezione di ketamina della migliore qualit\u00e0. Vi invitiamo a contattarci per ulteriori informazioni e prezzi.\" \/>\n<meta name=\"robots\" content=\"index, follow, max-snippet:-1, max-image-preview:large, max-video-preview:-1\" \/>\n<link rel=\"canonical\" href=\"https:\/\/globalmedsonlineinc.com\/it\/product\/research-chemicals\/ketamine\/\" \/>\n<meta property=\"og:locale\" content=\"it_IT\" \/>\n<meta property=\"og:type\" content=\"article\" \/>\n<meta property=\"og:title\" content=\"l&#039;iniezione di ketamina in vendita online | Global Meds Inc.\" \/>\n<meta property=\"og:description\" content=\"l&#039;iniezione di ketamina in vendita online. Vendiamo l&#039;iniezione di ketamina della migliore qualit\u00e0. Vi invitiamo a contattarci per ulteriori informazioni e prezzi.\" \/>\n<meta property=\"og:url\" content=\"https:\/\/globalmedsonlineinc.com\/it\/product\/research-chemicals\/ketamine\/\" \/>\n<meta property=\"og:site_name\" content=\"Global Meds Inc\" \/>\n<meta property=\"article:modified_time\" content=\"2024-02-20T11:20:03+00:00\" \/>\n<meta property=\"og:image\" content=\"https:\/\/globalmedsonlineinc.com\/it\/content\/media\/uploads\/sites\/9\/2021\/07\/Ketamine-HCL-for-Sale.jpg\" \/>\n\t<meta property=\"og:image:width\" content=\"1200\" \/>\n\t<meta property=\"og:image:height\" content=\"1200\" \/>\n\t<meta property=\"og:image:type\" content=\"image\/jpeg\" \/>\n<meta name=\"twitter:card\" content=\"summary_large_image\" \/>\n<meta name=\"twitter:label1\" content=\"Tempo di lettura stimato\" \/>\n\t<meta name=\"twitter:data1\" content=\"5 minuti\" \/>\n<script type=\"application\/ld+json\" class=\"yoast-schema-graph\">{\"@context\":\"https:\/\/schema.org\",\"@graph\":[{\"@type\":\"WebPage\",\"@id\":\"https:\/\/globalmedsonlineinc.com\/it\/product\/research-chemicals\/ketamine\/\",\"url\":\"https:\/\/globalmedsonlineinc.com\/it\/product\/research-chemicals\/ketamine\/\",\"name\":\"l'iniezione di ketamina in vendita online | Global Meds Inc.\",\"isPartOf\":{\"@id\":\"https:\/\/globalmedsonlineinc.com\/it\/#website\"},\"primaryImageOfPage\":{\"@id\":\"https:\/\/globalmedsonlineinc.com\/it\/product\/research-chemicals\/ketamine\/#primaryimage\"},\"image\":{\"@id\":\"https:\/\/globalmedsonlineinc.com\/it\/product\/research-chemicals\/ketamine\/#primaryimage\"},\"thumbnailUrl\":\"https:\/\/globalmedsonlineinc.com\/it\/content\/media\/uploads\/sites\/9\/2021\/07\/Ketamine-HCL-for-Sale.jpg\",\"datePublished\":\"2021-07-02T20:17:48+00:00\",\"dateModified\":\"2024-02-20T11:20:03+00:00\",\"description\":\"l'iniezione di ketamina in vendita online. Vendiamo l'iniezione di ketamina della migliore qualit\u00e0. Vi invitiamo a contattarci per ulteriori informazioni e prezzi.\",\"breadcrumb\":{\"@id\":\"https:\/\/globalmedsonlineinc.com\/it\/product\/research-chemicals\/ketamine\/#breadcrumb\"},\"inLanguage\":\"it-IT\",\"potentialAction\":[{\"@type\":\"ReadAction\",\"target\":[\"https:\/\/globalmedsonlineinc.com\/it\/product\/research-chemicals\/ketamine\/\"]}]},{\"@type\":\"ImageObject\",\"inLanguage\":\"it-IT\",\"@id\":\"https:\/\/globalmedsonlineinc.com\/it\/product\/research-chemicals\/ketamine\/#primaryimage\",\"url\":\"https:\/\/globalmedsonlineinc.com\/it\/content\/media\/uploads\/sites\/9\/2021\/07\/Ketamine-HCL-for-Sale.jpg\",\"contentUrl\":\"https:\/\/globalmedsonlineinc.com\/it\/content\/media\/uploads\/sites\/9\/2021\/07\/Ketamine-HCL-for-Sale.jpg\",\"width\":1200,\"height\":1200,\"caption\":\"l'iniezione di ketamina in vendita online\"},{\"@type\":\"BreadcrumbList\",\"@id\":\"https:\/\/globalmedsonlineinc.com\/it\/product\/research-chemicals\/ketamine\/#breadcrumb\",\"itemListElement\":[{\"@type\":\"ListItem\",\"position\":1,\"name\":\"Home\",\"item\":\"https:\/\/globalmedsonlineinc.com\/it\/\"},{\"@type\":\"ListItem\",\"position\":2,\"name\":\"Prodotti\",\"item\":\"https:\/\/globalmedsonlineinc.com\/it\/prodotti\/\"},{\"@type\":\"ListItem\",\"position\":3,\"name\":\"Comprare Ketamine online\"}]},{\"@type\":\"WebSite\",\"@id\":\"https:\/\/globalmedsonlineinc.com\/it\/#website\",\"url\":\"https:\/\/globalmedsonlineinc.com\/it\/\",\"name\":\"Global Meds Inc\",\"description\":\"\",\"publisher\":{\"@id\":\"https:\/\/globalmedsonlineinc.com\/it\/#organization\"},\"potentialAction\":[{\"@type\":\"SearchAction\",\"target\":{\"@type\":\"EntryPoint\",\"urlTemplate\":\"https:\/\/globalmedsonlineinc.com\/it\/?s={search_term_string}\"},\"query-input\":{\"@type\":\"PropertyValueSpecification\",\"valueRequired\":true,\"valueName\":\"search_term_string\"}}],\"inLanguage\":\"it-IT\"},{\"@type\":\"Organization\",\"@id\":\"https:\/\/globalmedsonlineinc.com\/it\/#organization\",\"name\":\"Global Meds Inc.\",\"url\":\"https:\/\/globalmedsonlineinc.com\/it\/\",\"logo\":{\"@type\":\"ImageObject\",\"inLanguage\":\"it-IT\",\"@id\":\"https:\/\/globalmedsonlineinc.com\/it\/#\/schema\/logo\/image\/\",\"url\":\"https:\/\/globalmedsonlineinc.com\/it\/content\/media\/uploads\/sites\/9\/2021\/06\/globalmedsonlineincLogoShop20210630123730.00.png\",\"contentUrl\":\"https:\/\/globalmedsonlineinc.com\/it\/content\/media\/uploads\/sites\/9\/2021\/06\/globalmedsonlineincLogoShop20210630123730.00.png\",\"width\":450,\"height\":117,\"caption\":\"Global Meds Inc.\"},\"image\":{\"@id\":\"https:\/\/globalmedsonlineinc.com\/it\/#\/schema\/logo\/image\/\"}}]}<\/script>\n<!-- \/ Yoast SEO plugin. -->","yoast_head_json":{"title":"l'iniezione di ketamina in vendita online | Global Meds Inc.","description":"l'iniezione di ketamina in vendita online. Vendiamo l'iniezione di ketamina della migliore qualit\u00e0. Vi invitiamo a contattarci per ulteriori informazioni e prezzi.","robots":{"index":"index","follow":"follow","max-snippet":"max-snippet:-1","max-image-preview":"max-image-preview:large","max-video-preview":"max-video-preview:-1"},"canonical":"https:\/\/globalmedsonlineinc.com\/it\/product\/research-chemicals\/ketamine\/","og_locale":"it_IT","og_type":"article","og_title":"l'iniezione di ketamina in vendita online | Global Meds Inc.","og_description":"l'iniezione di ketamina in vendita online. Vendiamo l'iniezione di ketamina della migliore qualit\u00e0. Vi invitiamo a contattarci per ulteriori informazioni e prezzi.","og_url":"https:\/\/globalmedsonlineinc.com\/it\/product\/research-chemicals\/ketamine\/","og_site_name":"Global Meds Inc","article_modified_time":"2024-02-20T11:20:03+00:00","og_image":[{"width":1200,"height":1200,"url":"https:\/\/globalmedsonlineinc.com\/it\/content\/media\/uploads\/sites\/9\/2021\/07\/Ketamine-HCL-for-Sale.jpg","type":"image\/jpeg"}],"twitter_card":"summary_large_image","twitter_misc":{"Tempo di lettura stimato":"5 minuti"},"schema":{"@context":"https:\/\/schema.org","@graph":[{"@type":"WebPage","@id":"https:\/\/globalmedsonlineinc.com\/it\/product\/research-chemicals\/ketamine\/","url":"https:\/\/globalmedsonlineinc.com\/it\/product\/research-chemicals\/ketamine\/","name":"l'iniezione di ketamina in vendita online | Global Meds Inc.","isPartOf":{"@id":"https:\/\/globalmedsonlineinc.com\/it\/#website"},"primaryImageOfPage":{"@id":"https:\/\/globalmedsonlineinc.com\/it\/product\/research-chemicals\/ketamine\/#primaryimage"},"image":{"@id":"https:\/\/globalmedsonlineinc.com\/it\/product\/research-chemicals\/ketamine\/#primaryimage"},"thumbnailUrl":"https:\/\/globalmedsonlineinc.com\/it\/content\/media\/uploads\/sites\/9\/2021\/07\/Ketamine-HCL-for-Sale.jpg","datePublished":"2021-07-02T20:17:48+00:00","dateModified":"2024-02-20T11:20:03+00:00","description":"l'iniezione di ketamina in vendita online. Vendiamo l'iniezione di ketamina della migliore qualit\u00e0. Vi invitiamo a contattarci per ulteriori informazioni e prezzi.","breadcrumb":{"@id":"https:\/\/globalmedsonlineinc.com\/it\/product\/research-chemicals\/ketamine\/#breadcrumb"},"inLanguage":"it-IT","potentialAction":[{"@type":"ReadAction","target":["https:\/\/globalmedsonlineinc.com\/it\/product\/research-chemicals\/ketamine\/"]}]},{"@type":"ImageObject","inLanguage":"it-IT","@id":"https:\/\/globalmedsonlineinc.com\/it\/product\/research-chemicals\/ketamine\/#primaryimage","url":"https:\/\/globalmedsonlineinc.com\/it\/content\/media\/uploads\/sites\/9\/2021\/07\/Ketamine-HCL-for-Sale.jpg","contentUrl":"https:\/\/globalmedsonlineinc.com\/it\/content\/media\/uploads\/sites\/9\/2021\/07\/Ketamine-HCL-for-Sale.jpg","width":1200,"height":1200,"caption":"l'iniezione di ketamina in vendita online"},{"@type":"BreadcrumbList","@id":"https:\/\/globalmedsonlineinc.com\/it\/product\/research-chemicals\/ketamine\/#breadcrumb","itemListElement":[{"@type":"ListItem","position":1,"name":"Home","item":"https:\/\/globalmedsonlineinc.com\/it\/"},{"@type":"ListItem","position":2,"name":"Prodotti","item":"https:\/\/globalmedsonlineinc.com\/it\/prodotti\/"},{"@type":"ListItem","position":3,"name":"Comprare Ketamine online"}]},{"@type":"WebSite","@id":"https:\/\/globalmedsonlineinc.com\/it\/#website","url":"https:\/\/globalmedsonlineinc.com\/it\/","name":"Global Meds Inc","description":"","publisher":{"@id":"https:\/\/globalmedsonlineinc.com\/it\/#organization"},"potentialAction":[{"@type":"SearchAction","target":{"@type":"EntryPoint","urlTemplate":"https:\/\/globalmedsonlineinc.com\/it\/?s={search_term_string}"},"query-input":{"@type":"PropertyValueSpecification","valueRequired":true,"valueName":"search_term_string"}}],"inLanguage":"it-IT"},{"@type":"Organization","@id":"https:\/\/globalmedsonlineinc.com\/it\/#organization","name":"Global Meds Inc.","url":"https:\/\/globalmedsonlineinc.com\/it\/","logo":{"@type":"ImageObject","inLanguage":"it-IT","@id":"https:\/\/globalmedsonlineinc.com\/it\/#\/schema\/logo\/image\/","url":"https:\/\/globalmedsonlineinc.com\/it\/content\/media\/uploads\/sites\/9\/2021\/06\/globalmedsonlineincLogoShop20210630123730.00.png","contentUrl":"https:\/\/globalmedsonlineinc.com\/it\/content\/media\/uploads\/sites\/9\/2021\/06\/globalmedsonlineincLogoShop20210630123730.00.png","width":450,"height":117,"caption":"Global Meds Inc."},"image":{"@id":"https:\/\/globalmedsonlineinc.com\/it\/#\/schema\/logo\/image\/"}}]}},"_links":{"self":[{"href":"https:\/\/globalmedsonlineinc.com\/it\/wp-json\/wp\/v2\/product\/9180","targetHints":{"allow":["GET"]}}],"collection":[{"href":"https:\/\/globalmedsonlineinc.com\/it\/wp-json\/wp\/v2\/product"}],"about":[{"href":"https:\/\/globalmedsonlineinc.com\/it\/wp-json\/wp\/v2\/types\/product"}],"replies":[{"embeddable":true,"href":"https:\/\/globalmedsonlineinc.com\/it\/wp-json\/wp\/v2\/comments?post=9180"}],"wp:featuredmedia":[{"embeddable":true,"href":"https:\/\/globalmedsonlineinc.com\/it\/wp-json\/wp\/v2\/media\/9181"}],"wp:attachment":[{"href":"https:\/\/globalmedsonlineinc.com\/it\/wp-json\/wp\/v2\/media?parent=9180"}],"wp:term":[{"taxonomy":"product_brand","embeddable":true,"href":"https:\/\/globalmedsonlineinc.com\/it\/wp-json\/wp\/v2\/product_brand?post=9180"},{"taxonomy":"product_cat","embeddable":true,"href":"https:\/\/globalmedsonlineinc.com\/it\/wp-json\/wp\/v2\/product_cat?post=9180"},{"taxonomy":"product_tag","embeddable":true,"href":"https:\/\/globalmedsonlineinc.com\/it\/wp-json\/wp\/v2\/product_tag?post=9180"}],"curies":[{"name":"wp","href":"https:\/\/api.w.org\/{rel}","templated":true}]}}