{"id":9174,"date":"2021-07-02T20:01:10","date_gmt":"2021-07-02T20:01:10","guid":{"rendered":"https:\/\/globalmedsonlineinc.com\/it\/?post_type=product&#038;p=9174"},"modified":"2024-02-20T11:22:10","modified_gmt":"2024-02-20T11:22:10","slug":"crystal-meth","status":"publish","type":"product","link":"https:\/\/globalmedsonlineinc.com\/it\/product\/research-chemicals\/crystal-meth\/","title":{"rendered":"Comprare Crystal Meth online"},"content":{"rendered":"<h1>Metanfetamine in vendita online<\/h1>\n<p><a href=\"https:\/\/globalmedsonlineinc.com\/it\/product\/research-chemicals\/crystal-meth\/\">Metanfetamine in vendita online<\/a>. La metanfetamina \u00e8 uno stimolante potente e che crea una forte dipendenza che colpisce il sistema nervoso centrale. Conosciuta anche come metanfetamina, gesso, ghiaccio e cristallo, tra molti altri termini, si presenta sotto forma di una polvere cristallina bianca, inodore e dal sapore amaro che si scioglie facilmente in acqua o alcol. \u00e8 stata sviluppata all&#8217;inizio del 20\u00b0 secolo dalla sua droga madre, l&#8217;anfetamina, ed era usata originariamente in decongestionanti nasali e inalatori bronchiali. Come l&#8217;anfetamina, la metamfetamina provoca un aumento dell&#8217;attivit\u00e0 e della loquacit\u00e0, una diminuzione dell&#8217;appetito e un piacevole senso di benessere o euforia. Tuttavia, la metamfetamina differisce dall&#8217;anfetamina in quanto, a dosi comparabili, una quantit\u00e0 molto maggiore di droga entra nel cervello, rendendola uno stimolante pi\u00f9 potente. Ha anche effetti pi\u00f9 duraturi e dannosi sul sistema nervoso centrale. Queste caratteristiche la rendono una droga con un alto potenziale di abuso diffuso.<\/p>\n<p>Crystal Meth 97% Pure \u00e8 molto potente e altamente coinvolgente che colpisce il sistema c.nervoso. Crystal meth \u00e8 una droga dall&#8217;aspetto frammentato in vetro. Come sapete Pure Chem \u00e8 qui per fornirvi la migliore e pi\u00f9 pura nella sua forma migliore,<\/p>\n<p>Buona qualit\u00e0 Crystal Meth online: E &#8216;completamente capito che <a href=\"https:\/\/it.wikipedia.org\/wiki\/Metanfetamina\">le persone<\/a> non rapidamente fiducia la qualit\u00e0 di Crystal Meth on-line venduti on-line perch\u00e9 non possono esaminare fisicamente. Ma non \u00e8 la stessa cosa con i fornitori di Crystal Meth online. I prodotti qui sono fedeli alla loro descrizione con la manutenzione di alta qualit\u00e0 fatta sotto la supervisione degli esperti.<\/p>\n<p>Veloce &amp; Spedizione discreta: La consegna del Crystal Meth online dopo aver ricevuto l&#8217;ordine \u00e8 fatto entro i tempi promessi. Il team di spedizione mette tutto il suo impegno nel rendere la spedizione e la procedura di consegna liscia e veloce. Ci si pu\u00f2 anche aspettare servizi eccellenti quando si acquista Crystal Meth online dal professionista sulla piattaforma online.<\/p>\n","protected":false},"excerpt":{"rendered":"<p>Metalli di cristallo blu 98% di purezza per 1 kg o pi\u00f9 contattateci nella casella di posta elettronica<br \/>\ncrystal meths 97% di purezza per 1 kg o pi\u00f9 si prega di contattare noi inbox<\/p>\n","protected":false},"featured_media":9175,"comment_status":"open","ping_status":"closed","template":"","meta":{"_acf_changed":false,"_monsterinsights_skip_tracking":false,"_monsterinsights_sitenote_active":false,"_monsterinsights_sitenote_note":"","_monsterinsights_sitenote_category":0},"product_brand":[],"product_cat":[53],"product_tag":[],"class_list":{"0":"post-9174","1":"product","2":"type-product","3":"status-publish","4":"has-post-thumbnail","6":"product_cat-research-chemicals","8":"first","9":"instock","10":"featured","11":"shipping-taxable","12":"purchasable","13":"product-type-variable","14":"has-default-attributes"},"acf":[],"yoast_head":"<!-- This site is optimized with the Yoast SEO plugin v27.2 - https:\/\/yoast.com\/product\/yoast-seo-wordpress\/ -->\n<title>Metanfetamine in vendita online | Global Meds Inc.<\/title>\n<meta name=\"description\" content=\"Metanfetamine in vendita online. Vendiamo Metanfetamine della migliore qualit\u00e0. Vi invitiamo a contattarci per ulteriori informazioni e prezzi.\" \/>\n<meta name=\"robots\" content=\"index, follow, max-snippet:-1, max-image-preview:large, max-video-preview:-1\" \/>\n<link rel=\"canonical\" href=\"https:\/\/globalmedsonlineinc.com\/it\/product\/research-chemicals\/crystal-meth\/\" \/>\n<meta property=\"og:locale\" content=\"it_IT\" \/>\n<meta property=\"og:type\" content=\"article\" \/>\n<meta property=\"og:title\" content=\"Metanfetamine in vendita online | Global Meds Inc.\" \/>\n<meta property=\"og:description\" content=\"Metanfetamine in vendita online. Vendiamo Metanfetamine della migliore qualit\u00e0. Vi invitiamo a contattarci per ulteriori informazioni e prezzi.\" \/>\n<meta property=\"og:url\" content=\"https:\/\/globalmedsonlineinc.com\/it\/product\/research-chemicals\/crystal-meth\/\" \/>\n<meta property=\"og:site_name\" content=\"Global Meds Inc\" \/>\n<meta property=\"article:modified_time\" content=\"2024-02-20T11:22:10+00:00\" \/>\n<meta property=\"og:image\" content=\"https:\/\/globalmedsonlineinc.com\/it\/content\/media\/uploads\/sites\/9\/2021\/07\/Blue-crystal-meths.jpg\" \/>\n\t<meta property=\"og:image:width\" content=\"1200\" \/>\n\t<meta property=\"og:image:height\" content=\"1200\" \/>\n\t<meta property=\"og:image:type\" content=\"image\/jpeg\" \/>\n<meta name=\"twitter:card\" content=\"summary_large_image\" \/>\n<meta name=\"twitter:label1\" content=\"Tempo di lettura stimato\" \/>\n\t<meta name=\"twitter:data1\" content=\"2 minuti\" \/>\n<script type=\"application\/ld+json\" class=\"yoast-schema-graph\">{\"@context\":\"https:\/\/schema.org\",\"@graph\":[{\"@type\":\"WebPage\",\"@id\":\"https:\/\/globalmedsonlineinc.com\/it\/product\/research-chemicals\/crystal-meth\/\",\"url\":\"https:\/\/globalmedsonlineinc.com\/it\/product\/research-chemicals\/crystal-meth\/\",\"name\":\"Metanfetamine in vendita online | Global Meds Inc.\",\"isPartOf\":{\"@id\":\"https:\/\/globalmedsonlineinc.com\/it\/#website\"},\"primaryImageOfPage\":{\"@id\":\"https:\/\/globalmedsonlineinc.com\/it\/product\/research-chemicals\/crystal-meth\/#primaryimage\"},\"image\":{\"@id\":\"https:\/\/globalmedsonlineinc.com\/it\/product\/research-chemicals\/crystal-meth\/#primaryimage\"},\"thumbnailUrl\":\"https:\/\/globalmedsonlineinc.com\/it\/content\/media\/uploads\/sites\/9\/2021\/07\/Blue-crystal-meths.jpg\",\"datePublished\":\"2021-07-02T20:01:10+00:00\",\"dateModified\":\"2024-02-20T11:22:10+00:00\",\"description\":\"Metanfetamine in vendita online. Vendiamo Metanfetamine della migliore qualit\u00e0. Vi invitiamo a contattarci per ulteriori informazioni e prezzi.\",\"breadcrumb\":{\"@id\":\"https:\/\/globalmedsonlineinc.com\/it\/product\/research-chemicals\/crystal-meth\/#breadcrumb\"},\"inLanguage\":\"it-IT\",\"potentialAction\":[{\"@type\":\"ReadAction\",\"target\":[\"https:\/\/globalmedsonlineinc.com\/it\/product\/research-chemicals\/crystal-meth\/\"]}]},{\"@type\":\"ImageObject\",\"inLanguage\":\"it-IT\",\"@id\":\"https:\/\/globalmedsonlineinc.com\/it\/product\/research-chemicals\/crystal-meth\/#primaryimage\",\"url\":\"https:\/\/globalmedsonlineinc.com\/it\/content\/media\/uploads\/sites\/9\/2021\/07\/Blue-crystal-meths.jpg\",\"contentUrl\":\"https:\/\/globalmedsonlineinc.com\/it\/content\/media\/uploads\/sites\/9\/2021\/07\/Blue-crystal-meths.jpg\",\"width\":1200,\"height\":1200,\"caption\":\"Metanfetamine in vendita online\"},{\"@type\":\"BreadcrumbList\",\"@id\":\"https:\/\/globalmedsonlineinc.com\/it\/product\/research-chemicals\/crystal-meth\/#breadcrumb\",\"itemListElement\":[{\"@type\":\"ListItem\",\"position\":1,\"name\":\"Home\",\"item\":\"https:\/\/globalmedsonlineinc.com\/it\/\"},{\"@type\":\"ListItem\",\"position\":2,\"name\":\"Prodotti\",\"item\":\"https:\/\/globalmedsonlineinc.com\/it\/prodotti\/\"},{\"@type\":\"ListItem\",\"position\":3,\"name\":\"Comprare Crystal Meth online\"}]},{\"@type\":\"WebSite\",\"@id\":\"https:\/\/globalmedsonlineinc.com\/it\/#website\",\"url\":\"https:\/\/globalmedsonlineinc.com\/it\/\",\"name\":\"Global Meds Inc\",\"description\":\"\",\"publisher\":{\"@id\":\"https:\/\/globalmedsonlineinc.com\/it\/#organization\"},\"potentialAction\":[{\"@type\":\"SearchAction\",\"target\":{\"@type\":\"EntryPoint\",\"urlTemplate\":\"https:\/\/globalmedsonlineinc.com\/it\/?s={search_term_string}\"},\"query-input\":{\"@type\":\"PropertyValueSpecification\",\"valueRequired\":true,\"valueName\":\"search_term_string\"}}],\"inLanguage\":\"it-IT\"},{\"@type\":\"Organization\",\"@id\":\"https:\/\/globalmedsonlineinc.com\/it\/#organization\",\"name\":\"Global Meds Inc.\",\"url\":\"https:\/\/globalmedsonlineinc.com\/it\/\",\"logo\":{\"@type\":\"ImageObject\",\"inLanguage\":\"it-IT\",\"@id\":\"https:\/\/globalmedsonlineinc.com\/it\/#\/schema\/logo\/image\/\",\"url\":\"https:\/\/globalmedsonlineinc.com\/it\/content\/media\/uploads\/sites\/9\/2021\/06\/globalmedsonlineincLogoShop20210630123730.00.png\",\"contentUrl\":\"https:\/\/globalmedsonlineinc.com\/it\/content\/media\/uploads\/sites\/9\/2021\/06\/globalmedsonlineincLogoShop20210630123730.00.png\",\"width\":450,\"height\":117,\"caption\":\"Global Meds Inc.\"},\"image\":{\"@id\":\"https:\/\/globalmedsonlineinc.com\/it\/#\/schema\/logo\/image\/\"}}]}<\/script>\n<!-- \/ Yoast SEO plugin. -->","yoast_head_json":{"title":"Metanfetamine in vendita online | Global Meds Inc.","description":"Metanfetamine in vendita online. Vendiamo Metanfetamine della migliore qualit\u00e0. Vi invitiamo a contattarci per ulteriori informazioni e prezzi.","robots":{"index":"index","follow":"follow","max-snippet":"max-snippet:-1","max-image-preview":"max-image-preview:large","max-video-preview":"max-video-preview:-1"},"canonical":"https:\/\/globalmedsonlineinc.com\/it\/product\/research-chemicals\/crystal-meth\/","og_locale":"it_IT","og_type":"article","og_title":"Metanfetamine in vendita online | Global Meds Inc.","og_description":"Metanfetamine in vendita online. Vendiamo Metanfetamine della migliore qualit\u00e0. Vi invitiamo a contattarci per ulteriori informazioni e prezzi.","og_url":"https:\/\/globalmedsonlineinc.com\/it\/product\/research-chemicals\/crystal-meth\/","og_site_name":"Global Meds Inc","article_modified_time":"2024-02-20T11:22:10+00:00","og_image":[{"width":1200,"height":1200,"url":"https:\/\/globalmedsonlineinc.com\/it\/content\/media\/uploads\/sites\/9\/2021\/07\/Blue-crystal-meths.jpg","type":"image\/jpeg"}],"twitter_card":"summary_large_image","twitter_misc":{"Tempo di lettura stimato":"2 minuti"},"schema":{"@context":"https:\/\/schema.org","@graph":[{"@type":"WebPage","@id":"https:\/\/globalmedsonlineinc.com\/it\/product\/research-chemicals\/crystal-meth\/","url":"https:\/\/globalmedsonlineinc.com\/it\/product\/research-chemicals\/crystal-meth\/","name":"Metanfetamine in vendita online | Global Meds Inc.","isPartOf":{"@id":"https:\/\/globalmedsonlineinc.com\/it\/#website"},"primaryImageOfPage":{"@id":"https:\/\/globalmedsonlineinc.com\/it\/product\/research-chemicals\/crystal-meth\/#primaryimage"},"image":{"@id":"https:\/\/globalmedsonlineinc.com\/it\/product\/research-chemicals\/crystal-meth\/#primaryimage"},"thumbnailUrl":"https:\/\/globalmedsonlineinc.com\/it\/content\/media\/uploads\/sites\/9\/2021\/07\/Blue-crystal-meths.jpg","datePublished":"2021-07-02T20:01:10+00:00","dateModified":"2024-02-20T11:22:10+00:00","description":"Metanfetamine in vendita online. Vendiamo Metanfetamine della migliore qualit\u00e0. Vi invitiamo a contattarci per ulteriori informazioni e prezzi.","breadcrumb":{"@id":"https:\/\/globalmedsonlineinc.com\/it\/product\/research-chemicals\/crystal-meth\/#breadcrumb"},"inLanguage":"it-IT","potentialAction":[{"@type":"ReadAction","target":["https:\/\/globalmedsonlineinc.com\/it\/product\/research-chemicals\/crystal-meth\/"]}]},{"@type":"ImageObject","inLanguage":"it-IT","@id":"https:\/\/globalmedsonlineinc.com\/it\/product\/research-chemicals\/crystal-meth\/#primaryimage","url":"https:\/\/globalmedsonlineinc.com\/it\/content\/media\/uploads\/sites\/9\/2021\/07\/Blue-crystal-meths.jpg","contentUrl":"https:\/\/globalmedsonlineinc.com\/it\/content\/media\/uploads\/sites\/9\/2021\/07\/Blue-crystal-meths.jpg","width":1200,"height":1200,"caption":"Metanfetamine in vendita online"},{"@type":"BreadcrumbList","@id":"https:\/\/globalmedsonlineinc.com\/it\/product\/research-chemicals\/crystal-meth\/#breadcrumb","itemListElement":[{"@type":"ListItem","position":1,"name":"Home","item":"https:\/\/globalmedsonlineinc.com\/it\/"},{"@type":"ListItem","position":2,"name":"Prodotti","item":"https:\/\/globalmedsonlineinc.com\/it\/prodotti\/"},{"@type":"ListItem","position":3,"name":"Comprare Crystal Meth online"}]},{"@type":"WebSite","@id":"https:\/\/globalmedsonlineinc.com\/it\/#website","url":"https:\/\/globalmedsonlineinc.com\/it\/","name":"Global Meds Inc","description":"","publisher":{"@id":"https:\/\/globalmedsonlineinc.com\/it\/#organization"},"potentialAction":[{"@type":"SearchAction","target":{"@type":"EntryPoint","urlTemplate":"https:\/\/globalmedsonlineinc.com\/it\/?s={search_term_string}"},"query-input":{"@type":"PropertyValueSpecification","valueRequired":true,"valueName":"search_term_string"}}],"inLanguage":"it-IT"},{"@type":"Organization","@id":"https:\/\/globalmedsonlineinc.com\/it\/#organization","name":"Global Meds Inc.","url":"https:\/\/globalmedsonlineinc.com\/it\/","logo":{"@type":"ImageObject","inLanguage":"it-IT","@id":"https:\/\/globalmedsonlineinc.com\/it\/#\/schema\/logo\/image\/","url":"https:\/\/globalmedsonlineinc.com\/it\/content\/media\/uploads\/sites\/9\/2021\/06\/globalmedsonlineincLogoShop20210630123730.00.png","contentUrl":"https:\/\/globalmedsonlineinc.com\/it\/content\/media\/uploads\/sites\/9\/2021\/06\/globalmedsonlineincLogoShop20210630123730.00.png","width":450,"height":117,"caption":"Global Meds Inc."},"image":{"@id":"https:\/\/globalmedsonlineinc.com\/it\/#\/schema\/logo\/image\/"}}]}},"_links":{"self":[{"href":"https:\/\/globalmedsonlineinc.com\/it\/wp-json\/wp\/v2\/product\/9174","targetHints":{"allow":["GET"]}}],"collection":[{"href":"https:\/\/globalmedsonlineinc.com\/it\/wp-json\/wp\/v2\/product"}],"about":[{"href":"https:\/\/globalmedsonlineinc.com\/it\/wp-json\/wp\/v2\/types\/product"}],"replies":[{"embeddable":true,"href":"https:\/\/globalmedsonlineinc.com\/it\/wp-json\/wp\/v2\/comments?post=9174"}],"wp:featuredmedia":[{"embeddable":true,"href":"https:\/\/globalmedsonlineinc.com\/it\/wp-json\/wp\/v2\/media\/9175"}],"wp:attachment":[{"href":"https:\/\/globalmedsonlineinc.com\/it\/wp-json\/wp\/v2\/media?parent=9174"}],"wp:term":[{"taxonomy":"product_brand","embeddable":true,"href":"https:\/\/globalmedsonlineinc.com\/it\/wp-json\/wp\/v2\/product_brand?post=9174"},{"taxonomy":"product_cat","embeddable":true,"href":"https:\/\/globalmedsonlineinc.com\/it\/wp-json\/wp\/v2\/product_cat?post=9174"},{"taxonomy":"product_tag","embeddable":true,"href":"https:\/\/globalmedsonlineinc.com\/it\/wp-json\/wp\/v2\/product_tag?post=9174"}],"curies":[{"name":"wp","href":"https:\/\/api.w.org\/{rel}","templated":true}]}}