{"id":9166,"date":"2021-07-02T19:34:28","date_gmt":"2021-07-02T19:34:28","guid":{"rendered":"https:\/\/globalmedsonlineinc.com\/it\/?post_type=product&#038;p=9166"},"modified":"2024-02-20T11:28:24","modified_gmt":"2024-02-20T11:28:24","slug":"amphetamine","status":"publish","type":"product","link":"https:\/\/globalmedsonlineinc.com\/it\/product\/research-chemicals\/amphetamine\/","title":{"rendered":"Comprare amphetamine in polvere online"},"content":{"rendered":"<h1>Polvere di Anfetamine in vendita online<\/h1>\n<p><a href=\"https:\/\/globalmedsonlineinc.com\/it\/product\/research-chemicals\/amphetamine\/\">Polvere di Anfetamine in vendita<\/a> online. Acquista polvere di Amphetamine online nel Regno Unito, Europa, UE, vendita per corrispondenza Polvere di Amphetamine, le Amphetamine sono farmaci stimolanti, il che significa che accelerano i messaggi che viaggiano tra il cervello e il corpo.<\/p>\n<p>Le <em>amfetamine<\/em> sono droghe stimolanti, il che significa che accelerano i messaggi che viaggiano tra il cervello e il corpo.<\/p>\n<p>Potresti anche essere interessato a informazioni sugli effetti e gli effetti sulla salute della <em>polvere di Amphetamine<\/em>. Pu\u00f2 verificarsi allo stesso modo di molti farmaci diversi<\/p>\n<p>Alcuni tipi di Amphetamine sono prescritti legalmente dai medici per il trattamento di condizioni come il disturbo da deficit di attenzione e iperattivit\u00e0 (ADHD) e la narcolessia (in cui una persona ha un bisogno incontrollabile di dormire). Altri tipi di anfetamine come la speed sono prodotti e venduti illegalmente. La forma pi\u00f9 potente, la metanfetamina di cristallo (ghiaccio), \u00e8 trattata in una scheda informativa separata.<\/p>\n<p>L&#8217;aspetto delle Amphetamine varia. Questi farmaci possono essere sotto forma di polvere, compresse, cristalli e capsule. Possono essere confezionati in &#8220;foil&#8221; (foglio di alluminio), sacchetti di plastica o palloncini se venduti illegalmente.<\/p>\n<p>La polvere di Amphetamine pu\u00f2 variare di colore dal bianco al marrone, a volte pu\u00f2 avere tracce di grigio o rosa. Ha un odore forte e un sapore amaro. Le capsule e le compresse di anfetamine variano considerevolmente in dimensioni e colore.<\/p>\n<p>Anfetamine -Le Amphetamine prodotte illegalmente possono essere una <a href=\"https:\/\/it.wikipedia.org\/wiki\/Amfetamina\">miscela<\/a> di droghe, agenti leganti, caffeina e zucchero. Possono essere aggiunte anche nuove sostanze psicoattive.<\/p>\n<h6>Nomi gergali<\/h6>\n<p>Velocit\u00e0, veloce, su, tomaie, louee, goey, mago.<\/p>\n<h6>Come vengono utilizzati?<\/h6>\n<p>Le anfetamine vengono generalmente ingerite, iniettate o fumate. Vengono anche sniffati.<\/p>\n<h6>Effetti delle anfetamine<\/h6>\n<p>Le anfetamine colpiscono tutti in modo diverso, in base a:<\/p>\n<ul>\n<li>Taglia, peso e salute<\/li>\n<li>Se la persona \u00e8 abituata a prenderlo<\/li>\n<li>Se altri farmaci vengono assunti nello stesso periodo<\/li>\n<li>L&#8217;importo prelevato<\/li>\n<li>La forza del farmaco (varia da lotto a lotto con farmaci prodotti illegalmente)<\/li>\n<\/ul>\n<p>Gli effetti delle anfetamine possono essere avvertiti immediatamente (se iniettate o fumate) o entro 30 minuti (se sniffate o ingerite).<\/p>\n<p>Possono verificarsi i seguenti effetti:<\/p>\n<ul>\n<li>Felicit\u00e0 e fiducia<\/li>\n<li>Parlare di pi\u00f9 e sentirsi energici<\/li>\n<li>Ripetere cose semplici come prurito e graffi<\/li>\n<li>Pupille grandi e secchezza delle fauci<\/li>\n<li>Battito cardiaco accelerato e respiro<\/li>\n<li>Digrignamento dei denti<\/li>\n<li>Appetito ridotto<\/li>\n<li>Sudorazione eccessiva<\/li>\n<li>Aumento del desiderio sessuale<\/li>\n<\/ul>\n<p>Overdose<\/p>\n<p>Se ne viene assunta una grande quantit\u00e0 o un lotto forte, potrebbe anche causare un sovradosaggio. Se si verifica uno dei seguenti effetti, \u00e8 necessario chiamare immediatamente un&#8217;ambulanza componendo il triplo zero (000). Gli agenti delle ambulanze non hanno bisogno di coinvolgere la polizia.<\/p>\n<p>Battito cardiaco accelerato<br \/>\nSi adatta<br \/>\nSvenire<br \/>\nIctus, infarto e morte<\/p>\n<p>Sniffare anfetamine pu\u00f2 danneggiare il passaggio nasale e causare sangue dal naso.<\/p>\n<p>L&#8217;iniezione di anfetamine e la condivisione di aghi possono aumentare il rischio di:<\/p>\n<p>Epatite B<br \/>\nEpatite C<br \/>\nHIV\/AIDS<br \/>\nTetano<br \/>\nVenendo gi\u00f9<\/p>\n<p>Nei 2-4 giorni successivi all&#8217;uso di anfetamine, si possono verificare i seguenti effetti:<\/p>\n<p>Sonno irrequieto e stanchezza<br \/>\nMal di testa<br \/>\nVertigini e visione offuscata<br \/>\nParanoia, allucinazioni e confusione<br \/>\nIrritabilit\u00e0, sbalzi d&#8217;umore e depressione<\/p>\n<p>L\u2019uso di un farmaco depressivo come l\u2019alcol, le benzodiazepine o la cannabis per alleviare gli effetti \u201cdiscendenti\u201d pu\u00f2 provocare un ciclo di dipendenza da entrambi i tipi di farmaci.<\/p>\n<p>Effetti a lungo termine<\/p>\n<p>L&#8217;uso regolare di anfetamine pu\u00f2 eventualmente causare:<\/p>\n<p>Appetito ridotto e perdita di peso estrema<br \/>\nSonno agitato<br \/>\nSecchezza delle fauci e problemi dentali<br \/>\nRaffreddore e influenza regolari<br \/>\nDifficolt\u00e0 a concentrarsi<br \/>\nRespirazione difficoltosa<br \/>\nRigidit\u00e0 muscolare<br \/>\nAnsia e paranoie<br \/>\nDepressione<br \/>\nProblemi cardiaci e renali<br \/>\nAumento del rischio di ictus<br \/>\n\u00c8 necessario usarne di pi\u00f9 per ottenere lo stesso effetto<br \/>\nDipendenza dalle anfetamine<br \/>\nProblemi finanziari, lavorativi e sociali<br \/>\nPsicosi da anfetamine<\/p>\n<p>Dosi elevate e un uso frequente e intenso possono anche creare una \u201cpsicosi da anfetamine\u201d, caratterizzata da deliri paranoici, allucinazioni e comportamenti aggressivi o violenti fuori dal carattere. Questi sintomi di solito scompaiono pochi giorni dopo che la persona ha smesso di usare anfetamine.<\/p>\n<p>Miscelazione di anfetamine con altri farmaci<\/p>\n<p>Gli effetti dell&#8217;assunzione di anfetamine con altre droghe &#8211; compresi i farmaci da banco o prescritti &#8211; possono essere imprevedibili e pericolosi, e potrebbero causare:<\/p>\n<p><strong>Afetamine + alcuni antidepressivi:<\/strong> pressione sanguigna elevata, che pu\u00f2 portare a battito cardiaco irregolare, insufficienza cardiaca e ictus.<a href=\"http:\/\/www.druginfo.adf.org.au\/drug-facts\/amphetamines#references\"><sup>4<\/sup><\/a><\/p>\n<p><strong>Amfetamine + alcool, cannabis o benzodiazepine:<\/strong> il corpo \u00e8 sottoposto a un alto grado di stress nel tentativo di gestire gli effetti contrastanti di entrambi i tipi di droga, il che pu\u00f2 portare a un&#8217;overdose.<\/p>\n<h6>Ritorno<\/h6>\n<p>Smettere con le anfetamine dopo averle usate per molto tempo \u00e8 impegnativo perch\u00e9 il corpo deve abituarsi a funzionare senza di esse. I sintomi dell&#8217;astinenza dovrebbero calmarsi dopo una settimana e scomparire per lo pi\u00f9 dopo un mese. I sintomi includono:<\/p>\n<ul>\n<li>Voglia di anfetamine<\/li>\n<li>Aumento dell&#8217;appetito<\/li>\n<li>Confusione e irritabilit\u00e0<\/li>\n<li>Accordi e dolori<\/li>\n<li>Sfinimento<\/li>\n<li>Sonno agitato e incubi<\/li>\n<li>Ansia, depressione e paranoia<br \/>\nPolvere di anfetamina di buona qualit\u00e0 online: E &#8216;completamente capito che la gente non si fidano rapidamente la qualit\u00e0 della polvere di anfetamina venduti online perch\u00e9 non possono esaminare fisicamente. Ma non \u00e8 la stessa cosa con i fornitori online di anfetamina in polvere. I prodotti qui sono fedeli alla loro descrizione con una manutenzione di alta qualit\u00e0 fatta sotto la supervisione degli esperti.Veloce &amp; Spedizione discreta: La consegna della polvere di anfetamina online dopo aver ricevuto l&#8217;ordine viene effettuata nei tempi promessi. Il team di spedizione mette tutto il suo impegno nel rendere la procedura di spedizione e consegna liscia e veloce. Puoi anche aspettarti servizi eccellenti quando acquisti anfetamina in polvere online dal professionista della piattaforma online.<\/li>\n<\/ul>\n","protected":false},"excerpt":{"rendered":"<p>La polvere di anfetamina \u00e8 un potente stimolatore del sistema nervoso centrale (cervello e nervi del midollo spinale) e ha un ruolo medicinale in diverse malattie. \u00c8 anche altamente coinvolgente e ha una storia di abuso.<\/p>\n<p>L&#8217;amphetamine in polvere \u00e8 usata a livello medico per trattare il disturbo da deficit di attenzione e iperattivit\u00e0<\/p>\n","protected":false},"featured_media":9167,"comment_status":"open","ping_status":"closed","template":"","meta":{"_acf_changed":false,"_monsterinsights_skip_tracking":false,"_monsterinsights_sitenote_active":false,"_monsterinsights_sitenote_note":"","_monsterinsights_sitenote_category":0},"product_brand":[],"product_cat":[53],"product_tag":[632,334,629,630,634,633,631],"class_list":{"0":"post-9166","1":"product","2":"type-product","3":"status-publish","4":"has-post-thumbnail","6":"product_cat-research-chemicals","7":"product_tag-acquista-amphetamine-powder-online","8":"product_tag-amphetamine-powder","9":"product_tag-amphetamine-powder-in-vendita","10":"product_tag-comprare-amphetamine-powder-online","11":"product_tag-dove-acquistare-amphetamine-powder-online","12":"product_tag-il-miglior-posto-per-comprare-amphetamine-powder-online","13":"product_tag-ordinare-amphetamine-powder-online","15":"first","16":"instock","17":"shipping-taxable","18":"purchasable","19":"product-type-variable","20":"has-default-attributes"},"acf":[],"yoast_head":"<!-- This site is optimized with the Yoast SEO plugin v27.2 - https:\/\/yoast.com\/product\/yoast-seo-wordpress\/ -->\n<title>Polvere di Anfetamine in vendita online | Global Meds Inc.<\/title>\n<meta name=\"description\" content=\"Polvere di Anfetamine in vendita online. Vendiamo polvere di anfetamine della migliore qualit\u00e0. Vi invitiamo a contattarci per ulteriori informazioni e prezzi.\" \/>\n<meta name=\"robots\" content=\"index, follow, max-snippet:-1, max-image-preview:large, max-video-preview:-1\" \/>\n<link rel=\"canonical\" href=\"https:\/\/globalmedsonlineinc.com\/it\/product\/research-chemicals\/amphetamine\/\" \/>\n<meta property=\"og:locale\" content=\"it_IT\" \/>\n<meta property=\"og:type\" content=\"article\" \/>\n<meta property=\"og:title\" content=\"Polvere di Anfetamine in vendita online | Global Meds Inc.\" \/>\n<meta property=\"og:description\" content=\"Polvere di Anfetamine in vendita online. Vendiamo polvere di anfetamine della migliore qualit\u00e0. Vi invitiamo a contattarci per ulteriori informazioni e prezzi.\" \/>\n<meta property=\"og:url\" content=\"https:\/\/globalmedsonlineinc.com\/it\/product\/research-chemicals\/amphetamine\/\" \/>\n<meta property=\"og:site_name\" content=\"Global Meds Inc\" \/>\n<meta property=\"article:modified_time\" content=\"2024-02-20T11:28:24+00:00\" \/>\n<meta property=\"og:image\" content=\"https:\/\/globalmedsonlineinc.com\/it\/content\/media\/uploads\/sites\/9\/2021\/07\/Buy-Amphetamine-Powder.jpg\" \/>\n\t<meta property=\"og:image:width\" content=\"1200\" \/>\n\t<meta property=\"og:image:height\" content=\"1200\" \/>\n\t<meta property=\"og:image:type\" content=\"image\/jpeg\" \/>\n<meta name=\"twitter:card\" content=\"summary_large_image\" \/>\n<meta name=\"twitter:label1\" content=\"Tempo di lettura stimato\" \/>\n\t<meta name=\"twitter:data1\" content=\"5 minuti\" \/>\n<script type=\"application\/ld+json\" class=\"yoast-schema-graph\">{\"@context\":\"https:\/\/schema.org\",\"@graph\":[{\"@type\":\"WebPage\",\"@id\":\"https:\/\/globalmedsonlineinc.com\/it\/product\/research-chemicals\/amphetamine\/\",\"url\":\"https:\/\/globalmedsonlineinc.com\/it\/product\/research-chemicals\/amphetamine\/\",\"name\":\"Polvere di Anfetamine in vendita online | Global Meds Inc.\",\"isPartOf\":{\"@id\":\"https:\/\/globalmedsonlineinc.com\/it\/#website\"},\"primaryImageOfPage\":{\"@id\":\"https:\/\/globalmedsonlineinc.com\/it\/product\/research-chemicals\/amphetamine\/#primaryimage\"},\"image\":{\"@id\":\"https:\/\/globalmedsonlineinc.com\/it\/product\/research-chemicals\/amphetamine\/#primaryimage\"},\"thumbnailUrl\":\"https:\/\/globalmedsonlineinc.com\/it\/content\/media\/uploads\/sites\/9\/2021\/07\/Buy-Amphetamine-Powder.jpg\",\"datePublished\":\"2021-07-02T19:34:28+00:00\",\"dateModified\":\"2024-02-20T11:28:24+00:00\",\"description\":\"Polvere di Anfetamine in vendita online. Vendiamo polvere di anfetamine della migliore qualit\u00e0. Vi invitiamo a contattarci per ulteriori informazioni e prezzi.\",\"breadcrumb\":{\"@id\":\"https:\/\/globalmedsonlineinc.com\/it\/product\/research-chemicals\/amphetamine\/#breadcrumb\"},\"inLanguage\":\"it-IT\",\"potentialAction\":[{\"@type\":\"ReadAction\",\"target\":[\"https:\/\/globalmedsonlineinc.com\/it\/product\/research-chemicals\/amphetamine\/\"]}]},{\"@type\":\"ImageObject\",\"inLanguage\":\"it-IT\",\"@id\":\"https:\/\/globalmedsonlineinc.com\/it\/product\/research-chemicals\/amphetamine\/#primaryimage\",\"url\":\"https:\/\/globalmedsonlineinc.com\/it\/content\/media\/uploads\/sites\/9\/2021\/07\/Buy-Amphetamine-Powder.jpg\",\"contentUrl\":\"https:\/\/globalmedsonlineinc.com\/it\/content\/media\/uploads\/sites\/9\/2021\/07\/Buy-Amphetamine-Powder.jpg\",\"width\":1200,\"height\":1200,\"caption\":\"Polvere di Amphetamine in vendita online\"},{\"@type\":\"BreadcrumbList\",\"@id\":\"https:\/\/globalmedsonlineinc.com\/it\/product\/research-chemicals\/amphetamine\/#breadcrumb\",\"itemListElement\":[{\"@type\":\"ListItem\",\"position\":1,\"name\":\"Home\",\"item\":\"https:\/\/globalmedsonlineinc.com\/it\/\"},{\"@type\":\"ListItem\",\"position\":2,\"name\":\"Prodotti\",\"item\":\"https:\/\/globalmedsonlineinc.com\/it\/prodotti\/\"},{\"@type\":\"ListItem\",\"position\":3,\"name\":\"Comprare amphetamine in polvere online\"}]},{\"@type\":\"WebSite\",\"@id\":\"https:\/\/globalmedsonlineinc.com\/it\/#website\",\"url\":\"https:\/\/globalmedsonlineinc.com\/it\/\",\"name\":\"Global Meds Inc\",\"description\":\"\",\"publisher\":{\"@id\":\"https:\/\/globalmedsonlineinc.com\/it\/#organization\"},\"potentialAction\":[{\"@type\":\"SearchAction\",\"target\":{\"@type\":\"EntryPoint\",\"urlTemplate\":\"https:\/\/globalmedsonlineinc.com\/it\/?s={search_term_string}\"},\"query-input\":{\"@type\":\"PropertyValueSpecification\",\"valueRequired\":true,\"valueName\":\"search_term_string\"}}],\"inLanguage\":\"it-IT\"},{\"@type\":\"Organization\",\"@id\":\"https:\/\/globalmedsonlineinc.com\/it\/#organization\",\"name\":\"Global Meds Inc.\",\"url\":\"https:\/\/globalmedsonlineinc.com\/it\/\",\"logo\":{\"@type\":\"ImageObject\",\"inLanguage\":\"it-IT\",\"@id\":\"https:\/\/globalmedsonlineinc.com\/it\/#\/schema\/logo\/image\/\",\"url\":\"https:\/\/globalmedsonlineinc.com\/it\/content\/media\/uploads\/sites\/9\/2021\/06\/globalmedsonlineincLogoShop20210630123730.00.png\",\"contentUrl\":\"https:\/\/globalmedsonlineinc.com\/it\/content\/media\/uploads\/sites\/9\/2021\/06\/globalmedsonlineincLogoShop20210630123730.00.png\",\"width\":450,\"height\":117,\"caption\":\"Global Meds Inc.\"},\"image\":{\"@id\":\"https:\/\/globalmedsonlineinc.com\/it\/#\/schema\/logo\/image\/\"}}]}<\/script>\n<!-- \/ Yoast SEO plugin. -->","yoast_head_json":{"title":"Polvere di Anfetamine in vendita online | Global Meds Inc.","description":"Polvere di Anfetamine in vendita online. Vendiamo polvere di anfetamine della migliore qualit\u00e0. Vi invitiamo a contattarci per ulteriori informazioni e prezzi.","robots":{"index":"index","follow":"follow","max-snippet":"max-snippet:-1","max-image-preview":"max-image-preview:large","max-video-preview":"max-video-preview:-1"},"canonical":"https:\/\/globalmedsonlineinc.com\/it\/product\/research-chemicals\/amphetamine\/","og_locale":"it_IT","og_type":"article","og_title":"Polvere di Anfetamine in vendita online | Global Meds Inc.","og_description":"Polvere di Anfetamine in vendita online. Vendiamo polvere di anfetamine della migliore qualit\u00e0. Vi invitiamo a contattarci per ulteriori informazioni e prezzi.","og_url":"https:\/\/globalmedsonlineinc.com\/it\/product\/research-chemicals\/amphetamine\/","og_site_name":"Global Meds Inc","article_modified_time":"2024-02-20T11:28:24+00:00","og_image":[{"width":1200,"height":1200,"url":"https:\/\/globalmedsonlineinc.com\/it\/content\/media\/uploads\/sites\/9\/2021\/07\/Buy-Amphetamine-Powder.jpg","type":"image\/jpeg"}],"twitter_card":"summary_large_image","twitter_misc":{"Tempo di lettura stimato":"5 minuti"},"schema":{"@context":"https:\/\/schema.org","@graph":[{"@type":"WebPage","@id":"https:\/\/globalmedsonlineinc.com\/it\/product\/research-chemicals\/amphetamine\/","url":"https:\/\/globalmedsonlineinc.com\/it\/product\/research-chemicals\/amphetamine\/","name":"Polvere di Anfetamine in vendita online | Global Meds Inc.","isPartOf":{"@id":"https:\/\/globalmedsonlineinc.com\/it\/#website"},"primaryImageOfPage":{"@id":"https:\/\/globalmedsonlineinc.com\/it\/product\/research-chemicals\/amphetamine\/#primaryimage"},"image":{"@id":"https:\/\/globalmedsonlineinc.com\/it\/product\/research-chemicals\/amphetamine\/#primaryimage"},"thumbnailUrl":"https:\/\/globalmedsonlineinc.com\/it\/content\/media\/uploads\/sites\/9\/2021\/07\/Buy-Amphetamine-Powder.jpg","datePublished":"2021-07-02T19:34:28+00:00","dateModified":"2024-02-20T11:28:24+00:00","description":"Polvere di Anfetamine in vendita online. Vendiamo polvere di anfetamine della migliore qualit\u00e0. Vi invitiamo a contattarci per ulteriori informazioni e prezzi.","breadcrumb":{"@id":"https:\/\/globalmedsonlineinc.com\/it\/product\/research-chemicals\/amphetamine\/#breadcrumb"},"inLanguage":"it-IT","potentialAction":[{"@type":"ReadAction","target":["https:\/\/globalmedsonlineinc.com\/it\/product\/research-chemicals\/amphetamine\/"]}]},{"@type":"ImageObject","inLanguage":"it-IT","@id":"https:\/\/globalmedsonlineinc.com\/it\/product\/research-chemicals\/amphetamine\/#primaryimage","url":"https:\/\/globalmedsonlineinc.com\/it\/content\/media\/uploads\/sites\/9\/2021\/07\/Buy-Amphetamine-Powder.jpg","contentUrl":"https:\/\/globalmedsonlineinc.com\/it\/content\/media\/uploads\/sites\/9\/2021\/07\/Buy-Amphetamine-Powder.jpg","width":1200,"height":1200,"caption":"Polvere di Amphetamine in vendita online"},{"@type":"BreadcrumbList","@id":"https:\/\/globalmedsonlineinc.com\/it\/product\/research-chemicals\/amphetamine\/#breadcrumb","itemListElement":[{"@type":"ListItem","position":1,"name":"Home","item":"https:\/\/globalmedsonlineinc.com\/it\/"},{"@type":"ListItem","position":2,"name":"Prodotti","item":"https:\/\/globalmedsonlineinc.com\/it\/prodotti\/"},{"@type":"ListItem","position":3,"name":"Comprare amphetamine in polvere online"}]},{"@type":"WebSite","@id":"https:\/\/globalmedsonlineinc.com\/it\/#website","url":"https:\/\/globalmedsonlineinc.com\/it\/","name":"Global Meds Inc","description":"","publisher":{"@id":"https:\/\/globalmedsonlineinc.com\/it\/#organization"},"potentialAction":[{"@type":"SearchAction","target":{"@type":"EntryPoint","urlTemplate":"https:\/\/globalmedsonlineinc.com\/it\/?s={search_term_string}"},"query-input":{"@type":"PropertyValueSpecification","valueRequired":true,"valueName":"search_term_string"}}],"inLanguage":"it-IT"},{"@type":"Organization","@id":"https:\/\/globalmedsonlineinc.com\/it\/#organization","name":"Global Meds Inc.","url":"https:\/\/globalmedsonlineinc.com\/it\/","logo":{"@type":"ImageObject","inLanguage":"it-IT","@id":"https:\/\/globalmedsonlineinc.com\/it\/#\/schema\/logo\/image\/","url":"https:\/\/globalmedsonlineinc.com\/it\/content\/media\/uploads\/sites\/9\/2021\/06\/globalmedsonlineincLogoShop20210630123730.00.png","contentUrl":"https:\/\/globalmedsonlineinc.com\/it\/content\/media\/uploads\/sites\/9\/2021\/06\/globalmedsonlineincLogoShop20210630123730.00.png","width":450,"height":117,"caption":"Global Meds Inc."},"image":{"@id":"https:\/\/globalmedsonlineinc.com\/it\/#\/schema\/logo\/image\/"}}]}},"_links":{"self":[{"href":"https:\/\/globalmedsonlineinc.com\/it\/wp-json\/wp\/v2\/product\/9166","targetHints":{"allow":["GET"]}}],"collection":[{"href":"https:\/\/globalmedsonlineinc.com\/it\/wp-json\/wp\/v2\/product"}],"about":[{"href":"https:\/\/globalmedsonlineinc.com\/it\/wp-json\/wp\/v2\/types\/product"}],"replies":[{"embeddable":true,"href":"https:\/\/globalmedsonlineinc.com\/it\/wp-json\/wp\/v2\/comments?post=9166"}],"wp:featuredmedia":[{"embeddable":true,"href":"https:\/\/globalmedsonlineinc.com\/it\/wp-json\/wp\/v2\/media\/9167"}],"wp:attachment":[{"href":"https:\/\/globalmedsonlineinc.com\/it\/wp-json\/wp\/v2\/media?parent=9166"}],"wp:term":[{"taxonomy":"product_brand","embeddable":true,"href":"https:\/\/globalmedsonlineinc.com\/it\/wp-json\/wp\/v2\/product_brand?post=9166"},{"taxonomy":"product_cat","embeddable":true,"href":"https:\/\/globalmedsonlineinc.com\/it\/wp-json\/wp\/v2\/product_cat?post=9166"},{"taxonomy":"product_tag","embeddable":true,"href":"https:\/\/globalmedsonlineinc.com\/it\/wp-json\/wp\/v2\/product_tag?post=9166"}],"curies":[{"name":"wp","href":"https:\/\/api.w.org\/{rel}","templated":true}]}}