{"id":9155,"date":"2021-07-02T19:16:12","date_gmt":"2021-07-02T19:16:12","guid":{"rendered":"https:\/\/globalmedsonlineinc.com\/it\/?post_type=product&#038;p=9155"},"modified":"2024-02-20T11:28:38","modified_gmt":"2024-02-20T11:28:38","slug":"mephedrone-4-mmc","status":"publish","type":"product","link":"https:\/\/globalmedsonlineinc.com\/it\/product\/research-chemicals\/mephedrone-4-mmc\/","title":{"rendered":"Comprare Mephedrone (4-MMC) online"},"content":{"rendered":"<h1>Mefedrone (4-MMC) in vendita online<\/h1>\n<p><a href=\"https:\/\/globalmedsonlineinc.com\/it\/product\/research-chemicals\/mephedrone-4-mmc\/\">Mefedrone (4-MMC) in vendita<\/a> online. Il mefedrone \u00e8 uno specialista della consegna di monoammine. \u00c8 un composto chirale ed entrambi i suoi enantiomeri mostrano un&#8217;intensit\u00e0 comparativa come substrati ai trasportatori di dopamina. Il R-mefedrone \u00e8 significativamente meno potente del S-mefedrone come substrato ai trasportatori della serotonina.<\/p>\n<p>L&#8217;ossigeno cheto rende Mephedrone (4-MMC) pi\u00f9 idrofilo rispetto alle metilamfetamine di confronto, che pu\u00f2 chiarire i dosaggi pi\u00f9 elevati necessari per realizzare un impatto comparativo, come Mephedrone (4-MMC) \u00e8 <a href=\"https:\/\/it.wikipedia.org\/wiki\/Mefedrone\">meno<\/a> pronto ad attraversare il sangue-mente ostruzione. acquisto mefedrone sul web<\/p>\n<p>Il mefedrone (4-MMC) \u00e8 spesso bruciato insieme al liquore. Un&#8217;indagine sui topi ha analizzato la collaborazione tra queste due sostanze e si \u00e8 concentrata sulle propriet\u00e0 psicostimolanti e premianti del 4-MMC. Si \u00e8 scoperto che il liquore a basse porzioni (non energizzante) ha migliorato fondamentalmente gli impatti psicostimolanti del 4-MMC. Questo impatto \u00e8 stato interceduto da un aumento della dopamina sinaptica, come aloperidolo, ma non ketanserin, aveva la possibilit\u00e0 di ostacolare il potenziamento da liquore. Inoltre, le propriet\u00e0 remunerative del 4-MMC sono state migliorate da una porzione bassa e non compensativa di liquore. M-CAT richiesta online dove acquistare modesto 4-MMC sul web, acquisto mefedrone sul web<\/p>\n<p>Il mefedrone (4-MMC) online \u00e8 una delle tante droghe di moda o sballi legittimi che sono stati contabilizzati ultimamente, compresi i sintetici artificiali come la cannabis ingegnerizzata e le sostanze semilavorate come la metilesanamina. Questi farmaci sono principalmente evoluti per sfuggire al controllo delle leggi contro i farmaci illegali, il che ha procurato loro il nome di droghe architetto. Come indicato dall&#8217;European Monitoring Center for Drugs and Drug Addiction, l&#8217;unione del mefedrone \u00e8 stata ritratta per la prima volta nel 1929 da Saem de Burnaga Sanchez nel Bulletin de la Soci\u00e9t\u00e9 Chimique de France sotto il nome di &#8220;Toluyl-alpha-monomethylaminoethylcetone&#8221;, tuttavia il composto \u00e8 rimasto un risultato oscuro del mondo accademico fino al 2003, quando \u00e8 stato &#8220;riscoperto&#8221; e distribuito da un fisico clandestino sul sito The Hive sotto il nom de plume.&#8221; &#8220;Motor ha postato sulla pagina web: &#8220;Sono stato esausto negli ultimi due giorni e ho avuto un sacco di reagenti in giro, cos\u00ec ho pensato di fare un po&#8217; di 1-(4-methylphenyl)- 2-methylaminopropanone hydrochloride o 4-methylmethcathinone&#8221;, prima di descrivere che dopo averla presa, il cliente ha avuto una &#8220;favolosa sensazione di prosperit\u00e0 che non ho mai ottenuto da nessun farmaco ad eccezione della mia cara Ecstasy&#8221;. Nelle interviste, Kinetic \u00e8 stato descritto come un &#8220;matematico che promuoveva pillole sonnifere per una grande organizzazione di droghe&#8221; e ha espresso che viveva in Israele quando ha riscoperto il mefedrone.<\/p>\n<p>I fornitori professionali seguono sempre i loro doveri e responsabilit\u00e0 verso i clienti seriamente.I prezzi alla farmacia online per l&#8217;acquisto di Mephedrone (4-MMC) o qualsiasi altro prodotto correlato \u00e8 ragionevole e accessibile da tutti. Non c&#8217;\u00e8 bisogno di spendere una fortuna per acquistare questi prodotti.<\/p>\n<p>Buona qualit\u00e0 Mephedrone (4-MMC) polvere online: E &#8216;completamente capito che la gente non rapidamente fiducia la qualit\u00e0 di Mephedrone (4-MMC) in polvere venduti online perch\u00e9 non possono esaminare fisicamente. Ma non \u00e8 la stessa cosa con Online Mephedrone (4-MMC) polvere fornitori online. I prodotti qui sono fedeli alla loro descrizione con la manutenzione di alta qualit\u00e0 fatta sotto la supervisione degli esperti.<\/p>\n<p>Veloce &amp; Spedizione discreta: La consegna del Mephedrone (4-MMC) online dopo aver ricevuto l&#8217;ordine viene effettuata nei tempi promessi. Il team di spedizione mette tutto il suo impegno nel rendere la procedura di spedizione e consegna liscia e veloce. Si pu\u00f2 anche aspettare servizi eccellenti quando si acquista Mephedrone (4-MMC) online dal professionista sulla piattaforma online.<\/p>\n","protected":false},"excerpt":{"rendered":"<p>Il mefedrone pu\u00f2 presentarsi sotto forma di capsule, compresse o polvere bianca che gli utenti possono inghiottire, sniffare, iniettare, fumare o usare per via rettale.Quando assunto per via orale, gli utenti hanno riferito di poter sentire gli effetti entro 15-45 minuti; quando sniffato<\/p>\n<p>Il mefedrone \u00e8 una delle centinaia di designer drugs o legal highs che sono state segnalate negli ultimi anni, tra cui sostanze chimiche artificiali come la cannabis sintetica e sostanze semisintetiche come la metilesanamina.<\/p>\n","protected":false},"featured_media":9165,"comment_status":"open","ping_status":"closed","template":"","meta":{"_acf_changed":false,"_monsterinsights_skip_tracking":false,"_monsterinsights_sitenote_active":false,"_monsterinsights_sitenote_note":"","_monsterinsights_sitenote_category":0},"product_brand":[],"product_cat":[53],"product_tag":[653,673,674,649,650,651,652,637,636,635,639,638,644,645,643,642,640,641,647,675,676,677,678,646,656,654,657,658,648,659,661,662,664,663,667,660,665,666,655,668,669,670,671,672,679],"class_list":{"0":"post-9155","1":"product","2":"type-product","3":"status-publish","4":"has-post-thumbnail","6":"product_cat-research-chemicals","7":"product_tag-abuso-di-mefedrone","8":"product_tag-che-cosa-e-mefedrone","9":"product_tag-che-cosa-e-mefedrone-trovato-in","10":"product_tag-come-fare-mefedrone","11":"product_tag-come-fare-mefedrone-a-casa","12":"product_tag-come-fare-mefedrone-cibo-per-piante","13":"product_tag-come-fare-mefedrone-passo-dopo-passo","14":"product_tag-comprare-4-mmc-economico-online","15":"product_tag-comprare-4-mmc-economico-per-uso-personale","16":"product_tag-comprare-4-mmc-online","17":"product_tag-comprare-m-cat-online","18":"product_tag-comprare-mefedrone-economico-online","19":"product_tag-comprare-mefedrone-in-polvere-online","20":"product_tag-comprare-mefedrone-online","21":"product_tag-comprare-mefedrone-online-consegna-il-giorno-successivo","22":"product_tag-comprare-mefedrone-online-in-canada","23":"product_tag-comprare-mefedrone-per-usi-diversi","24":"product_tag-comprare-mefedrone-per-uso-vegetale","25":"product_tag-definire-mefedrone","26":"product_tag-dove-acquistare-a-buon-mercato-4-mmc-on-line","27":"product_tag-dove-acquistare-a-buon-mercato-mefedrone-on-line","28":"product_tag-dove-acquistare-mefedrone","29":"product_tag-dove-acquistare-mefedrone-per-uso-personale","30":"product_tag-economico-4-mmc-online","31":"product_tag-mefedrone-bluelight","32":"product_tag-mefedrone-cattiva-esperienza","33":"product_tag-mefedrone-coronavirus","34":"product_tag-mefedrone-cristalli-vs-polvere","35":"product_tag-mefedrone-di-alta-qualita-online","36":"product_tag-mefedrone-effetti","37":"product_tag-mefedrone-in-vendita-online","38":"product_tag-mefedrone-in-vendita-usa","39":"product_tag-mefedrone-legale","40":"product_tag-mefedrone-legge","41":"product_tag-mefedrone-nomi-di-strada","42":"product_tag-mefedrone-per-uso-personale","43":"product_tag-mefedrone-plant-food","44":"product_tag-mefedrone-plant-food-in-vendita","45":"product_tag-mefedrone-sali-da-bagno-dove-acquistare","46":"product_tag-mefedrone-sintesi","47":"product_tag-ordine-m-cat-online","48":"product_tag-ordine-mefedrone-online","49":"product_tag-pianta-alimentare-mefedrone","50":"product_tag-prodotti-contenenti-mefedrone","51":"product_tag-quali-sali-da-bagno-contengono-mefedrone","53":"first","54":"instock","55":"sale","56":"featured","57":"shipping-taxable","58":"purchasable","59":"product-type-variable","60":"has-default-attributes"},"acf":[],"yoast_head":"<!-- This site is optimized with the Yoast SEO plugin v27.2 - https:\/\/yoast.com\/product\/yoast-seo-wordpress\/ -->\n<title>Mefedrone (4-MMC) in vendita online | Global Meds Inc.<\/title>\n<meta name=\"description\" content=\"Mefedrone (4-MMC) in vendita online. Vendiamo la polvere di mefedrone della migliore qualit\u00e0. Vi invitiamo a contattarci per ulteriori informazioni.\" \/>\n<meta name=\"robots\" content=\"index, follow, max-snippet:-1, max-image-preview:large, max-video-preview:-1\" \/>\n<link rel=\"canonical\" href=\"https:\/\/globalmedsonlineinc.com\/it\/product\/research-chemicals\/mephedrone-4-mmc\/\" \/>\n<meta property=\"og:locale\" content=\"it_IT\" \/>\n<meta property=\"og:type\" content=\"article\" \/>\n<meta property=\"og:title\" content=\"Mefedrone (4-MMC) in vendita online | Global Meds Inc.\" \/>\n<meta property=\"og:description\" content=\"Mefedrone (4-MMC) in vendita online. Vendiamo la polvere di mefedrone della migliore qualit\u00e0. Vi invitiamo a contattarci per ulteriori informazioni.\" \/>\n<meta property=\"og:url\" content=\"https:\/\/globalmedsonlineinc.com\/it\/product\/research-chemicals\/mephedrone-4-mmc\/\" \/>\n<meta property=\"og:site_name\" content=\"Global Meds Inc\" \/>\n<meta property=\"article:modified_time\" content=\"2024-02-20T11:28:38+00:00\" \/>\n<meta property=\"og:image\" content=\"https:\/\/globalmedsonlineinc.com\/it\/content\/media\/uploads\/sites\/9\/2021\/07\/MEPHEDRONE-PILLS.jpg\" \/>\n\t<meta property=\"og:image:width\" content=\"1200\" \/>\n\t<meta property=\"og:image:height\" content=\"1200\" \/>\n\t<meta property=\"og:image:type\" content=\"image\/jpeg\" \/>\n<meta name=\"twitter:card\" content=\"summary_large_image\" \/>\n<meta name=\"twitter:label1\" content=\"Tempo di lettura stimato\" \/>\n\t<meta name=\"twitter:data1\" content=\"4 minuti\" \/>\n<script type=\"application\/ld+json\" class=\"yoast-schema-graph\">{\"@context\":\"https:\/\/schema.org\",\"@graph\":[{\"@type\":\"WebPage\",\"@id\":\"https:\/\/globalmedsonlineinc.com\/it\/product\/research-chemicals\/mephedrone-4-mmc\/\",\"url\":\"https:\/\/globalmedsonlineinc.com\/it\/product\/research-chemicals\/mephedrone-4-mmc\/\",\"name\":\"Mefedrone (4-MMC) in vendita online | Global Meds Inc.\",\"isPartOf\":{\"@id\":\"https:\/\/globalmedsonlineinc.com\/it\/#website\"},\"primaryImageOfPage\":{\"@id\":\"https:\/\/globalmedsonlineinc.com\/it\/product\/research-chemicals\/mephedrone-4-mmc\/#primaryimage\"},\"image\":{\"@id\":\"https:\/\/globalmedsonlineinc.com\/it\/product\/research-chemicals\/mephedrone-4-mmc\/#primaryimage\"},\"thumbnailUrl\":\"https:\/\/globalmedsonlineinc.com\/it\/content\/media\/uploads\/sites\/9\/2021\/07\/MEPHEDRONE-PILLS.jpg\",\"datePublished\":\"2021-07-02T19:16:12+00:00\",\"dateModified\":\"2024-02-20T11:28:38+00:00\",\"description\":\"Mefedrone (4-MMC) in vendita online. Vendiamo la polvere di mefedrone della migliore qualit\u00e0. Vi invitiamo a contattarci per ulteriori informazioni.\",\"breadcrumb\":{\"@id\":\"https:\/\/globalmedsonlineinc.com\/it\/product\/research-chemicals\/mephedrone-4-mmc\/#breadcrumb\"},\"inLanguage\":\"it-IT\",\"potentialAction\":[{\"@type\":\"ReadAction\",\"target\":[\"https:\/\/globalmedsonlineinc.com\/it\/product\/research-chemicals\/mephedrone-4-mmc\/\"]}]},{\"@type\":\"ImageObject\",\"inLanguage\":\"it-IT\",\"@id\":\"https:\/\/globalmedsonlineinc.com\/it\/product\/research-chemicals\/mephedrone-4-mmc\/#primaryimage\",\"url\":\"https:\/\/globalmedsonlineinc.com\/it\/content\/media\/uploads\/sites\/9\/2021\/07\/MEPHEDRONE-PILLS.jpg\",\"contentUrl\":\"https:\/\/globalmedsonlineinc.com\/it\/content\/media\/uploads\/sites\/9\/2021\/07\/MEPHEDRONE-PILLS.jpg\",\"width\":1200,\"height\":1200,\"caption\":\"Mefedrone (4-MMC) in vendita online\"},{\"@type\":\"BreadcrumbList\",\"@id\":\"https:\/\/globalmedsonlineinc.com\/it\/product\/research-chemicals\/mephedrone-4-mmc\/#breadcrumb\",\"itemListElement\":[{\"@type\":\"ListItem\",\"position\":1,\"name\":\"Home\",\"item\":\"https:\/\/globalmedsonlineinc.com\/it\/\"},{\"@type\":\"ListItem\",\"position\":2,\"name\":\"Prodotti\",\"item\":\"https:\/\/globalmedsonlineinc.com\/it\/prodotti\/\"},{\"@type\":\"ListItem\",\"position\":3,\"name\":\"Comprare Mephedrone (4-MMC) online\"}]},{\"@type\":\"WebSite\",\"@id\":\"https:\/\/globalmedsonlineinc.com\/it\/#website\",\"url\":\"https:\/\/globalmedsonlineinc.com\/it\/\",\"name\":\"Global Meds Inc\",\"description\":\"\",\"publisher\":{\"@id\":\"https:\/\/globalmedsonlineinc.com\/it\/#organization\"},\"potentialAction\":[{\"@type\":\"SearchAction\",\"target\":{\"@type\":\"EntryPoint\",\"urlTemplate\":\"https:\/\/globalmedsonlineinc.com\/it\/?s={search_term_string}\"},\"query-input\":{\"@type\":\"PropertyValueSpecification\",\"valueRequired\":true,\"valueName\":\"search_term_string\"}}],\"inLanguage\":\"it-IT\"},{\"@type\":\"Organization\",\"@id\":\"https:\/\/globalmedsonlineinc.com\/it\/#organization\",\"name\":\"Global Meds Inc.\",\"url\":\"https:\/\/globalmedsonlineinc.com\/it\/\",\"logo\":{\"@type\":\"ImageObject\",\"inLanguage\":\"it-IT\",\"@id\":\"https:\/\/globalmedsonlineinc.com\/it\/#\/schema\/logo\/image\/\",\"url\":\"https:\/\/globalmedsonlineinc.com\/it\/content\/media\/uploads\/sites\/9\/2021\/06\/globalmedsonlineincLogoShop20210630123730.00.png\",\"contentUrl\":\"https:\/\/globalmedsonlineinc.com\/it\/content\/media\/uploads\/sites\/9\/2021\/06\/globalmedsonlineincLogoShop20210630123730.00.png\",\"width\":450,\"height\":117,\"caption\":\"Global Meds Inc.\"},\"image\":{\"@id\":\"https:\/\/globalmedsonlineinc.com\/it\/#\/schema\/logo\/image\/\"}}]}<\/script>\n<!-- \/ Yoast SEO plugin. -->","yoast_head_json":{"title":"Mefedrone (4-MMC) in vendita online | Global Meds Inc.","description":"Mefedrone (4-MMC) in vendita online. Vendiamo la polvere di mefedrone della migliore qualit\u00e0. Vi invitiamo a contattarci per ulteriori informazioni.","robots":{"index":"index","follow":"follow","max-snippet":"max-snippet:-1","max-image-preview":"max-image-preview:large","max-video-preview":"max-video-preview:-1"},"canonical":"https:\/\/globalmedsonlineinc.com\/it\/product\/research-chemicals\/mephedrone-4-mmc\/","og_locale":"it_IT","og_type":"article","og_title":"Mefedrone (4-MMC) in vendita online | Global Meds Inc.","og_description":"Mefedrone (4-MMC) in vendita online. Vendiamo la polvere di mefedrone della migliore qualit\u00e0. Vi invitiamo a contattarci per ulteriori informazioni.","og_url":"https:\/\/globalmedsonlineinc.com\/it\/product\/research-chemicals\/mephedrone-4-mmc\/","og_site_name":"Global Meds Inc","article_modified_time":"2024-02-20T11:28:38+00:00","og_image":[{"width":1200,"height":1200,"url":"https:\/\/globalmedsonlineinc.com\/it\/content\/media\/uploads\/sites\/9\/2021\/07\/MEPHEDRONE-PILLS.jpg","type":"image\/jpeg"}],"twitter_card":"summary_large_image","twitter_misc":{"Tempo di lettura stimato":"4 minuti"},"schema":{"@context":"https:\/\/schema.org","@graph":[{"@type":"WebPage","@id":"https:\/\/globalmedsonlineinc.com\/it\/product\/research-chemicals\/mephedrone-4-mmc\/","url":"https:\/\/globalmedsonlineinc.com\/it\/product\/research-chemicals\/mephedrone-4-mmc\/","name":"Mefedrone (4-MMC) in vendita online | Global Meds Inc.","isPartOf":{"@id":"https:\/\/globalmedsonlineinc.com\/it\/#website"},"primaryImageOfPage":{"@id":"https:\/\/globalmedsonlineinc.com\/it\/product\/research-chemicals\/mephedrone-4-mmc\/#primaryimage"},"image":{"@id":"https:\/\/globalmedsonlineinc.com\/it\/product\/research-chemicals\/mephedrone-4-mmc\/#primaryimage"},"thumbnailUrl":"https:\/\/globalmedsonlineinc.com\/it\/content\/media\/uploads\/sites\/9\/2021\/07\/MEPHEDRONE-PILLS.jpg","datePublished":"2021-07-02T19:16:12+00:00","dateModified":"2024-02-20T11:28:38+00:00","description":"Mefedrone (4-MMC) in vendita online. Vendiamo la polvere di mefedrone della migliore qualit\u00e0. Vi invitiamo a contattarci per ulteriori informazioni.","breadcrumb":{"@id":"https:\/\/globalmedsonlineinc.com\/it\/product\/research-chemicals\/mephedrone-4-mmc\/#breadcrumb"},"inLanguage":"it-IT","potentialAction":[{"@type":"ReadAction","target":["https:\/\/globalmedsonlineinc.com\/it\/product\/research-chemicals\/mephedrone-4-mmc\/"]}]},{"@type":"ImageObject","inLanguage":"it-IT","@id":"https:\/\/globalmedsonlineinc.com\/it\/product\/research-chemicals\/mephedrone-4-mmc\/#primaryimage","url":"https:\/\/globalmedsonlineinc.com\/it\/content\/media\/uploads\/sites\/9\/2021\/07\/MEPHEDRONE-PILLS.jpg","contentUrl":"https:\/\/globalmedsonlineinc.com\/it\/content\/media\/uploads\/sites\/9\/2021\/07\/MEPHEDRONE-PILLS.jpg","width":1200,"height":1200,"caption":"Mefedrone (4-MMC) in vendita online"},{"@type":"BreadcrumbList","@id":"https:\/\/globalmedsonlineinc.com\/it\/product\/research-chemicals\/mephedrone-4-mmc\/#breadcrumb","itemListElement":[{"@type":"ListItem","position":1,"name":"Home","item":"https:\/\/globalmedsonlineinc.com\/it\/"},{"@type":"ListItem","position":2,"name":"Prodotti","item":"https:\/\/globalmedsonlineinc.com\/it\/prodotti\/"},{"@type":"ListItem","position":3,"name":"Comprare Mephedrone (4-MMC) online"}]},{"@type":"WebSite","@id":"https:\/\/globalmedsonlineinc.com\/it\/#website","url":"https:\/\/globalmedsonlineinc.com\/it\/","name":"Global Meds Inc","description":"","publisher":{"@id":"https:\/\/globalmedsonlineinc.com\/it\/#organization"},"potentialAction":[{"@type":"SearchAction","target":{"@type":"EntryPoint","urlTemplate":"https:\/\/globalmedsonlineinc.com\/it\/?s={search_term_string}"},"query-input":{"@type":"PropertyValueSpecification","valueRequired":true,"valueName":"search_term_string"}}],"inLanguage":"it-IT"},{"@type":"Organization","@id":"https:\/\/globalmedsonlineinc.com\/it\/#organization","name":"Global Meds Inc.","url":"https:\/\/globalmedsonlineinc.com\/it\/","logo":{"@type":"ImageObject","inLanguage":"it-IT","@id":"https:\/\/globalmedsonlineinc.com\/it\/#\/schema\/logo\/image\/","url":"https:\/\/globalmedsonlineinc.com\/it\/content\/media\/uploads\/sites\/9\/2021\/06\/globalmedsonlineincLogoShop20210630123730.00.png","contentUrl":"https:\/\/globalmedsonlineinc.com\/it\/content\/media\/uploads\/sites\/9\/2021\/06\/globalmedsonlineincLogoShop20210630123730.00.png","width":450,"height":117,"caption":"Global Meds Inc."},"image":{"@id":"https:\/\/globalmedsonlineinc.com\/it\/#\/schema\/logo\/image\/"}}]}},"_links":{"self":[{"href":"https:\/\/globalmedsonlineinc.com\/it\/wp-json\/wp\/v2\/product\/9155","targetHints":{"allow":["GET"]}}],"collection":[{"href":"https:\/\/globalmedsonlineinc.com\/it\/wp-json\/wp\/v2\/product"}],"about":[{"href":"https:\/\/globalmedsonlineinc.com\/it\/wp-json\/wp\/v2\/types\/product"}],"replies":[{"embeddable":true,"href":"https:\/\/globalmedsonlineinc.com\/it\/wp-json\/wp\/v2\/comments?post=9155"}],"wp:featuredmedia":[{"embeddable":true,"href":"https:\/\/globalmedsonlineinc.com\/it\/wp-json\/wp\/v2\/media\/9165"}],"wp:attachment":[{"href":"https:\/\/globalmedsonlineinc.com\/it\/wp-json\/wp\/v2\/media?parent=9155"}],"wp:term":[{"taxonomy":"product_brand","embeddable":true,"href":"https:\/\/globalmedsonlineinc.com\/it\/wp-json\/wp\/v2\/product_brand?post=9155"},{"taxonomy":"product_cat","embeddable":true,"href":"https:\/\/globalmedsonlineinc.com\/it\/wp-json\/wp\/v2\/product_cat?post=9155"},{"taxonomy":"product_tag","embeddable":true,"href":"https:\/\/globalmedsonlineinc.com\/it\/wp-json\/wp\/v2\/product_tag?post=9155"}],"curies":[{"name":"wp","href":"https:\/\/api.w.org\/{rel}","templated":true}]}}