{"id":9144,"date":"2021-07-02T18:37:54","date_gmt":"2021-07-02T18:37:54","guid":{"rendered":"https:\/\/globalmedsonlineinc.com\/it\/?post_type=product&#038;p=9144"},"modified":"2024-02-20T11:31:49","modified_gmt":"2024-02-20T11:31:49","slug":"fentanyl-patches","status":"publish","type":"product","link":"https:\/\/globalmedsonlineinc.com\/it\/product\/pain-killers\/fentanyl-patches\/","title":{"rendered":"Comprare Fentanyl Cerotti online"},"content":{"rendered":"<h1>Cerotti Fentanyl in vendita online<\/h1>\n<p><a href=\"https:\/\/globalmedsonlineinc.com\/it\/product\/pain-killers\/fentanyl-patches\/\">Cerotti Fentanyl in vendita online<\/a>. Fentanyl \u00e8 un potente analgesico oppioide sintetico con rapida insorgenza e breve durata d&#8217;azione. \u00c8 un potente agonista dei recettori \u00b5-opioidi. Storicamente, \u00e8 stato <a href=\"https:\/\/it.wikipedia.org\/wiki\/Fentanyl\">usato<\/a> per trattare il dolore di rottura ed \u00e8 comunemente usato come analgesico nelle impostazioni di pretrattamento e come anestetico in combinazione con una benzodiazepina. Poich\u00e9 diversi produttori usano il fentanyl come ingrediente principale nei loro antidolorifici di marca, questo farmaco \u00e8 disponibile sia in forme a lunga che a breve durata d&#8217;azione. Al giorno d&#8217;oggi, puoi ordinare cerotti di fentanyl a buon mercato, pillole, e anche confezioni iniettabili a seconda della tua condizione e della forma pi\u00f9 appropriata.<\/p>\n<p>Ci sono certe situazioni che tutti affrontano quando \u00e8 necessario un intervento chirurgico. Per mantenere le sensazioni dolorose al minimo, il tuo operatore sanitario raccomander\u00e0 l&#8217;uso di anestetici specifici, di solito oppiacei, per bloccare alcuni segnali nel SNC per un breve periodo di tempo durante l&#8217;intervento. Il fentanyl \u00e8 uno di questi farmaci che \u00e8 anche comunemente usato come efficace antidolorifico. In combinazione con il pentanolo di sodio il fentanyl \u00e8 usato per i pazienti prima degli interventi chirurgici, per le donne per alleviare il dolore durante il travaglio e in altri casi quando \u00e8 necessario per alleviare il dolore per un breve periodo di tempo. Puoi ordinare fentanyl economico senza ricetta online in varie forme e dosi e usarlo anche a casa come un potente anestetico e antidolorifico. Con noi puoi sempre acquistare cerotti di fentanyl facilmente online.<\/p>\n<p>Potete mettervi direttamente in contatto con la farmacia online attraverso il suo sito ufficiale e condividere i dettagli del vostro ordine per i cerotti di Fentanyl seguendo il pagamento per lo stesso usando le opzioni di pagamento disponibili.<\/p>\n<p>Il team di dirigenti si occuper\u00e0 dei dettagli del vostro ordine e cercher\u00e0 di completarlo il prima possibile. Il team di imballaggio imballer\u00e0 il tuo ordine con la massima precisione assicurandosi che non venga danneggiato durante il trasporto.<\/p>\n<p>Se avete preso la decisione di comprare i cerotti di Fentanyl online, allora connettetevi con la Farmacia Online oggi stesso e fate il vostro ordine. Il tuo ordine sar\u00e0 completato a breve dai membri del team.<\/p>\n<p>Il cerotto di fentanyl 100mcg (noto anche come fentanil) \u00e8 un potente farmaco antidolorifico oppioide sintetico con una rapida insorgenza e una breve durata d&#8217;azione. \u00c8 un forte agonista dei recettori \u03bc-opioidi. Si stima che il Fentanyl sia tra 50 e 100 volte pi\u00f9 potente della morfina.<\/p>\n<p>Fentanyl 100mcg cerotto \u00e8 stato fatto da Paul Janssen nel 1960, dopo l&#8217;inizio medico di petidina (noto anche come meperidina, commercializzato come Demerol) diversi anni prima. Janssen ha sviluppato il fentanyl testando gli analoghi del farmaco strutturalmente correlato petidina per l&#8217;attivit\u00e0 oppioide.<\/p>\n<p>L&#8217;uso diffuso del fentanyl innesc\u00f2 la produzione di fentanyl citrato (il sale formato combinando fentanyl e acido citrico in una stechiometria 1:1), che entr\u00f2 nell&#8217;uso medico come anestetico generale con il nome commerciale Sublimaze negli anni &#8217;60. In seguito, molti altri analoghi del fentanil sono stati sviluppati e introdotti nella pratica medica, compresi sufentanil, alfentanil, remifentanil e lofentanil.<\/p>\n<p>Fentanyl 100mcg patch A met\u00e0 degli anni &#8217;90, il fentanyl \u00e8 stato introdotto per uso palliativo con il cerotto di fentanyl, seguito nel decennio successivo dall&#8217;introduzione del lecca-lecca di fentanyl, compresse dissolventi, e spray sublinguale che vengono riassorbiti attraverso la pelle all&#8217;interno della bocca.A partire dal 2012 il fentanyl era l&#8217;oppioide sintetico pi\u00f9 usato in medicina.Nel 2013, 1700 chilogrammi sono stati utilizzati a livello globale.<\/p>\n<p>Il Fentanyl \u00e8 anche usato come droga ricreativa, e questo uso ha portato a migliaia di morti per overdose ogni anno negli ultimi anni. I decessi sono stati causati anche da un uso medico improprio. Il Fentanyl ha un indice terapeutico relativamente ampio (270) che lo rende un anestetico chirurgico molto sicuro se monitorato attentamente; tuttavia, la sua estrema potenza richiede misurazioni accurate di fentanyl altamente diluito in soluzione; tentare di misurare accuratamente una dose di fentanyl puro in polvere \u00e8 impraticabile senza attrezzature scientifiche avanzate in quanto una dose efficace e una dose letale di fentanyl in polvere messe una accanto all&#8217;altra sarebbero difficili o impossibili da differenziare a occhio nudo<\/p>\n<p>Fentanyl Pills, Powder, Patches, Liquid, tutti disponibili, Ordina ora online con noi.<\/p>\n<p>Toppe di Fentanyl di buona qualit\u00e0 online: \u00c8 del tutto comprensibile che la gente non si fidi rapidamente della qualit\u00e0 dei cerotti di Fentanyl venduti online perch\u00e9 non possono esaminarli fisicamente. Ma non \u00e8 la stessa cosa con i fornitori di Fentanyl Patches online. I prodotti qui sono fedeli alla loro descrizione con una manutenzione di alta qualit\u00e0 fatta sotto la supervisione degli esperti.<\/p>\n<p>Veloce &amp; Spedizione discreta: La consegna del Fentanyl Patches online dopo aver ricevuto l&#8217;ordine \u00e8 fatta entro i tempi promessi. Il team di spedizione mette tutto il suo impegno nel rendere la procedura di spedizione e consegna liscia e veloce. Si pu\u00f2 anche aspettare servizi eccellenti quando si acquista Fentanyl Patches online dal professionista sulla piattaforma online.<\/p>\n","protected":false},"excerpt":{"rendered":"<p>Il Fentanyl \u00e8 una medicina usata per il sollievo del dolore cronico. Il cerotto contiene un serbatoio del farmaco che viene rilasciato lentamente per fornire un controllo del dolore 24 ore su 24.<\/p>\n","protected":false},"featured_media":9145,"comment_status":"open","ping_status":"closed","template":"","meta":{"_acf_changed":false,"_monsterinsights_skip_tracking":false,"_monsterinsights_sitenote_active":false,"_monsterinsights_sitenote_note":"","_monsterinsights_sitenote_category":0},"product_brand":[],"product_cat":[52],"product_tag":[682,713,684,691,680,681,694,710,712,683,698,697,707,711,717,716,704,701,702,703,686,714,689,693,708,709,699,696,690,706,715,692,687,688,685,695,705,700],"class_list":{"0":"post-9144","1":"product","2":"type-product","3":"status-publish","4":"has-post-thumbnail","6":"product_cat-pain-killers","7":"product_tag-12-5-mcg-cerotti-fentanyl","8":"product_tag-a-cosa-servono-i-cerotti-di-fentanyl","9":"product_tag-applicare-cerotti-fentanyl","10":"product_tag-cerotti-di-fentanyl-50-mg","11":"product_tag-cerotti-di-fentanyl-da-100-mg","12":"product_tag-cerotti-di-fentanyl-da-100-microgrammi","13":"product_tag-cerotti-di-fentanyl-per-il-dolore","14":"product_tag-cerotti-di-fentanyl-teva","15":"product_tag-cerotti-di-fentanyl-watson","16":"product_tag-cerotti-fentanyl-apotex","17":"product_tag-cerotti-fentanyl-prezzo-di-strada","18":"product_tag-cerotti-fentanyl-richiamati","19":"product_tag-cerotti-fentanyl-sandoz","20":"product_tag-cerotti-transdermici-di-fentanyl","21":"product_tag-che-forza-hanno-i-cerotti-di-fentanyl","22":"product_tag-che-programma-sono-i-cerotti-di-fentanyl","23":"product_tag-come-fumare-cerotti-fentanyl","24":"product_tag-come-funzionano-i-cerotti-fentanyl","25":"product_tag-come-smaltire-i-cerotti-fentanyl","26":"product_tag-come-sparare-cerotti-fentanyl","27":"product_tag-comprare-cerotti-fentanyl","28":"product_tag-cosa-sono-i-cerotti-di-fentanyl","29":"product_tag-diversi-tipi-di-cerotti-fentanyl","30":"product_tag-dosi-di-cerotti-di-fentanyl","31":"product_tag-effetti-collaterali-dei-cerotti-di-fentanyl","32":"product_tag-effetti-collaterali-dei-cerotti-di-fentanyl-negli-anziani","33":"product_tag-forza-cerotti-fentanyl","34":"product_tag-i-cerotti-di-fentanyl-forniscono-un-sollievo-immediato-del-dolore-e-non-richiedono-farmaci-adiuvanti","35":"product_tag-i-cerotti-di-fentanyl-ti-fanno-sballare","36":"product_tag-immagini-di-cerotti-fentanyl","37":"product_tag-in-che-mg-arrivano-i-cerotti-di-fentanyl","38":"product_tag-marche-di-cerotti-di-fentanyl","39":"product_tag-masticare-cerotti-fentanyl","40":"product_tag-masticare-cerotti-fentanyl-non-gel","41":"product_tag-modo-migliore-per-abusare-di-cerotti-fentanyl","42":"product_tag-overdose-di-cerotti-di-fentanyl","43":"product_tag-produttori-di-cerotti-fentanyl","44":"product_tag-ritiro-cerotti-fentanyl","46":"first","47":"instock","48":"featured","49":"shipping-taxable","50":"purchasable","51":"product-type-variable","52":"has-default-attributes"},"acf":[],"yoast_head":"<!-- This site is optimized with the Yoast SEO plugin v27.2 - https:\/\/yoast.com\/product\/yoast-seo-wordpress\/ -->\n<title>Cerotti di Fentanyl in vendita online | Global Meds Inc.<\/title>\n<meta name=\"description\" content=\"Fentanyl Patches in vendita online. Vendiamo il cerotto al Fentanil della migliore qualit\u00e0. Vi invitiamo a contattarci per ulteriori informazioni e prezzi.\" \/>\n<meta name=\"robots\" content=\"index, follow, max-snippet:-1, max-image-preview:large, max-video-preview:-1\" \/>\n<link rel=\"canonical\" href=\"https:\/\/globalmedsonlineinc.com\/it\/product\/pain-killers\/fentanyl-patches\/\" \/>\n<meta property=\"og:locale\" content=\"it_IT\" \/>\n<meta property=\"og:type\" content=\"article\" \/>\n<meta property=\"og:title\" content=\"Cerotti di Fentanyl in vendita online | Global Meds Inc.\" \/>\n<meta property=\"og:description\" content=\"Fentanyl Patches in vendita online. Vendiamo il cerotto al Fentanil della migliore qualit\u00e0. Vi invitiamo a contattarci per ulteriori informazioni e prezzi.\" \/>\n<meta property=\"og:url\" content=\"https:\/\/globalmedsonlineinc.com\/it\/product\/pain-killers\/fentanyl-patches\/\" \/>\n<meta property=\"og:site_name\" content=\"Global Meds Inc\" \/>\n<meta property=\"article:modified_time\" content=\"2024-02-20T11:31:49+00:00\" \/>\n<meta property=\"og:image\" content=\"https:\/\/globalmedsonlineinc.com\/it\/content\/media\/uploads\/sites\/9\/2021\/07\/Fentanyl-100mcg-patch.jpg\" \/>\n\t<meta property=\"og:image:width\" content=\"1200\" \/>\n\t<meta property=\"og:image:height\" content=\"1200\" \/>\n\t<meta property=\"og:image:type\" content=\"image\/jpeg\" \/>\n<meta name=\"twitter:card\" content=\"summary_large_image\" \/>\n<meta name=\"twitter:label1\" content=\"Tempo di lettura stimato\" \/>\n\t<meta name=\"twitter:data1\" content=\"5 minuti\" \/>\n<script type=\"application\/ld+json\" class=\"yoast-schema-graph\">{\"@context\":\"https:\/\/schema.org\",\"@graph\":[{\"@type\":\"WebPage\",\"@id\":\"https:\/\/globalmedsonlineinc.com\/it\/product\/pain-killers\/fentanyl-patches\/\",\"url\":\"https:\/\/globalmedsonlineinc.com\/it\/product\/pain-killers\/fentanyl-patches\/\",\"name\":\"Cerotti di Fentanyl in vendita online | Global Meds Inc.\",\"isPartOf\":{\"@id\":\"https:\/\/globalmedsonlineinc.com\/it\/#website\"},\"primaryImageOfPage\":{\"@id\":\"https:\/\/globalmedsonlineinc.com\/it\/product\/pain-killers\/fentanyl-patches\/#primaryimage\"},\"image\":{\"@id\":\"https:\/\/globalmedsonlineinc.com\/it\/product\/pain-killers\/fentanyl-patches\/#primaryimage\"},\"thumbnailUrl\":\"https:\/\/globalmedsonlineinc.com\/it\/content\/media\/uploads\/sites\/9\/2021\/07\/Fentanyl-100mcg-patch.jpg\",\"datePublished\":\"2021-07-02T18:37:54+00:00\",\"dateModified\":\"2024-02-20T11:31:49+00:00\",\"description\":\"Fentanyl Patches in vendita online. Vendiamo il cerotto al Fentanil della migliore qualit\u00e0. Vi invitiamo a contattarci per ulteriori informazioni e prezzi.\",\"breadcrumb\":{\"@id\":\"https:\/\/globalmedsonlineinc.com\/it\/product\/pain-killers\/fentanyl-patches\/#breadcrumb\"},\"inLanguage\":\"it-IT\",\"potentialAction\":[{\"@type\":\"ReadAction\",\"target\":[\"https:\/\/globalmedsonlineinc.com\/it\/product\/pain-killers\/fentanyl-patches\/\"]}]},{\"@type\":\"ImageObject\",\"inLanguage\":\"it-IT\",\"@id\":\"https:\/\/globalmedsonlineinc.com\/it\/product\/pain-killers\/fentanyl-patches\/#primaryimage\",\"url\":\"https:\/\/globalmedsonlineinc.com\/it\/content\/media\/uploads\/sites\/9\/2021\/07\/Fentanyl-100mcg-patch.jpg\",\"contentUrl\":\"https:\/\/globalmedsonlineinc.com\/it\/content\/media\/uploads\/sites\/9\/2021\/07\/Fentanyl-100mcg-patch.jpg\",\"width\":1200,\"height\":1200,\"caption\":\"Cerotti di Fentanyl in vendita online\"},{\"@type\":\"BreadcrumbList\",\"@id\":\"https:\/\/globalmedsonlineinc.com\/it\/product\/pain-killers\/fentanyl-patches\/#breadcrumb\",\"itemListElement\":[{\"@type\":\"ListItem\",\"position\":1,\"name\":\"Home\",\"item\":\"https:\/\/globalmedsonlineinc.com\/it\/\"},{\"@type\":\"ListItem\",\"position\":2,\"name\":\"Prodotti\",\"item\":\"https:\/\/globalmedsonlineinc.com\/it\/prodotti\/\"},{\"@type\":\"ListItem\",\"position\":3,\"name\":\"Comprare Fentanyl Cerotti online\"}]},{\"@type\":\"WebSite\",\"@id\":\"https:\/\/globalmedsonlineinc.com\/it\/#website\",\"url\":\"https:\/\/globalmedsonlineinc.com\/it\/\",\"name\":\"Global Meds Inc\",\"description\":\"\",\"publisher\":{\"@id\":\"https:\/\/globalmedsonlineinc.com\/it\/#organization\"},\"potentialAction\":[{\"@type\":\"SearchAction\",\"target\":{\"@type\":\"EntryPoint\",\"urlTemplate\":\"https:\/\/globalmedsonlineinc.com\/it\/?s={search_term_string}\"},\"query-input\":{\"@type\":\"PropertyValueSpecification\",\"valueRequired\":true,\"valueName\":\"search_term_string\"}}],\"inLanguage\":\"it-IT\"},{\"@type\":\"Organization\",\"@id\":\"https:\/\/globalmedsonlineinc.com\/it\/#organization\",\"name\":\"Global Meds Inc.\",\"url\":\"https:\/\/globalmedsonlineinc.com\/it\/\",\"logo\":{\"@type\":\"ImageObject\",\"inLanguage\":\"it-IT\",\"@id\":\"https:\/\/globalmedsonlineinc.com\/it\/#\/schema\/logo\/image\/\",\"url\":\"https:\/\/globalmedsonlineinc.com\/it\/content\/media\/uploads\/sites\/9\/2021\/06\/globalmedsonlineincLogoShop20210630123730.00.png\",\"contentUrl\":\"https:\/\/globalmedsonlineinc.com\/it\/content\/media\/uploads\/sites\/9\/2021\/06\/globalmedsonlineincLogoShop20210630123730.00.png\",\"width\":450,\"height\":117,\"caption\":\"Global Meds Inc.\"},\"image\":{\"@id\":\"https:\/\/globalmedsonlineinc.com\/it\/#\/schema\/logo\/image\/\"}}]}<\/script>\n<!-- \/ Yoast SEO plugin. -->","yoast_head_json":{"title":"Cerotti di Fentanyl in vendita online | Global Meds Inc.","description":"Fentanyl Patches in vendita online. Vendiamo il cerotto al Fentanil della migliore qualit\u00e0. Vi invitiamo a contattarci per ulteriori informazioni e prezzi.","robots":{"index":"index","follow":"follow","max-snippet":"max-snippet:-1","max-image-preview":"max-image-preview:large","max-video-preview":"max-video-preview:-1"},"canonical":"https:\/\/globalmedsonlineinc.com\/it\/product\/pain-killers\/fentanyl-patches\/","og_locale":"it_IT","og_type":"article","og_title":"Cerotti di Fentanyl in vendita online | Global Meds Inc.","og_description":"Fentanyl Patches in vendita online. Vendiamo il cerotto al Fentanil della migliore qualit\u00e0. Vi invitiamo a contattarci per ulteriori informazioni e prezzi.","og_url":"https:\/\/globalmedsonlineinc.com\/it\/product\/pain-killers\/fentanyl-patches\/","og_site_name":"Global Meds Inc","article_modified_time":"2024-02-20T11:31:49+00:00","og_image":[{"width":1200,"height":1200,"url":"https:\/\/globalmedsonlineinc.com\/it\/content\/media\/uploads\/sites\/9\/2021\/07\/Fentanyl-100mcg-patch.jpg","type":"image\/jpeg"}],"twitter_card":"summary_large_image","twitter_misc":{"Tempo di lettura stimato":"5 minuti"},"schema":{"@context":"https:\/\/schema.org","@graph":[{"@type":"WebPage","@id":"https:\/\/globalmedsonlineinc.com\/it\/product\/pain-killers\/fentanyl-patches\/","url":"https:\/\/globalmedsonlineinc.com\/it\/product\/pain-killers\/fentanyl-patches\/","name":"Cerotti di Fentanyl in vendita online | Global Meds Inc.","isPartOf":{"@id":"https:\/\/globalmedsonlineinc.com\/it\/#website"},"primaryImageOfPage":{"@id":"https:\/\/globalmedsonlineinc.com\/it\/product\/pain-killers\/fentanyl-patches\/#primaryimage"},"image":{"@id":"https:\/\/globalmedsonlineinc.com\/it\/product\/pain-killers\/fentanyl-patches\/#primaryimage"},"thumbnailUrl":"https:\/\/globalmedsonlineinc.com\/it\/content\/media\/uploads\/sites\/9\/2021\/07\/Fentanyl-100mcg-patch.jpg","datePublished":"2021-07-02T18:37:54+00:00","dateModified":"2024-02-20T11:31:49+00:00","description":"Fentanyl Patches in vendita online. Vendiamo il cerotto al Fentanil della migliore qualit\u00e0. Vi invitiamo a contattarci per ulteriori informazioni e prezzi.","breadcrumb":{"@id":"https:\/\/globalmedsonlineinc.com\/it\/product\/pain-killers\/fentanyl-patches\/#breadcrumb"},"inLanguage":"it-IT","potentialAction":[{"@type":"ReadAction","target":["https:\/\/globalmedsonlineinc.com\/it\/product\/pain-killers\/fentanyl-patches\/"]}]},{"@type":"ImageObject","inLanguage":"it-IT","@id":"https:\/\/globalmedsonlineinc.com\/it\/product\/pain-killers\/fentanyl-patches\/#primaryimage","url":"https:\/\/globalmedsonlineinc.com\/it\/content\/media\/uploads\/sites\/9\/2021\/07\/Fentanyl-100mcg-patch.jpg","contentUrl":"https:\/\/globalmedsonlineinc.com\/it\/content\/media\/uploads\/sites\/9\/2021\/07\/Fentanyl-100mcg-patch.jpg","width":1200,"height":1200,"caption":"Cerotti di Fentanyl in vendita online"},{"@type":"BreadcrumbList","@id":"https:\/\/globalmedsonlineinc.com\/it\/product\/pain-killers\/fentanyl-patches\/#breadcrumb","itemListElement":[{"@type":"ListItem","position":1,"name":"Home","item":"https:\/\/globalmedsonlineinc.com\/it\/"},{"@type":"ListItem","position":2,"name":"Prodotti","item":"https:\/\/globalmedsonlineinc.com\/it\/prodotti\/"},{"@type":"ListItem","position":3,"name":"Comprare Fentanyl Cerotti online"}]},{"@type":"WebSite","@id":"https:\/\/globalmedsonlineinc.com\/it\/#website","url":"https:\/\/globalmedsonlineinc.com\/it\/","name":"Global Meds Inc","description":"","publisher":{"@id":"https:\/\/globalmedsonlineinc.com\/it\/#organization"},"potentialAction":[{"@type":"SearchAction","target":{"@type":"EntryPoint","urlTemplate":"https:\/\/globalmedsonlineinc.com\/it\/?s={search_term_string}"},"query-input":{"@type":"PropertyValueSpecification","valueRequired":true,"valueName":"search_term_string"}}],"inLanguage":"it-IT"},{"@type":"Organization","@id":"https:\/\/globalmedsonlineinc.com\/it\/#organization","name":"Global Meds Inc.","url":"https:\/\/globalmedsonlineinc.com\/it\/","logo":{"@type":"ImageObject","inLanguage":"it-IT","@id":"https:\/\/globalmedsonlineinc.com\/it\/#\/schema\/logo\/image\/","url":"https:\/\/globalmedsonlineinc.com\/it\/content\/media\/uploads\/sites\/9\/2021\/06\/globalmedsonlineincLogoShop20210630123730.00.png","contentUrl":"https:\/\/globalmedsonlineinc.com\/it\/content\/media\/uploads\/sites\/9\/2021\/06\/globalmedsonlineincLogoShop20210630123730.00.png","width":450,"height":117,"caption":"Global Meds Inc."},"image":{"@id":"https:\/\/globalmedsonlineinc.com\/it\/#\/schema\/logo\/image\/"}}]}},"_links":{"self":[{"href":"https:\/\/globalmedsonlineinc.com\/it\/wp-json\/wp\/v2\/product\/9144","targetHints":{"allow":["GET"]}}],"collection":[{"href":"https:\/\/globalmedsonlineinc.com\/it\/wp-json\/wp\/v2\/product"}],"about":[{"href":"https:\/\/globalmedsonlineinc.com\/it\/wp-json\/wp\/v2\/types\/product"}],"replies":[{"embeddable":true,"href":"https:\/\/globalmedsonlineinc.com\/it\/wp-json\/wp\/v2\/comments?post=9144"}],"wp:featuredmedia":[{"embeddable":true,"href":"https:\/\/globalmedsonlineinc.com\/it\/wp-json\/wp\/v2\/media\/9145"}],"wp:attachment":[{"href":"https:\/\/globalmedsonlineinc.com\/it\/wp-json\/wp\/v2\/media?parent=9144"}],"wp:term":[{"taxonomy":"product_brand","embeddable":true,"href":"https:\/\/globalmedsonlineinc.com\/it\/wp-json\/wp\/v2\/product_brand?post=9144"},{"taxonomy":"product_cat","embeddable":true,"href":"https:\/\/globalmedsonlineinc.com\/it\/wp-json\/wp\/v2\/product_cat?post=9144"},{"taxonomy":"product_tag","embeddable":true,"href":"https:\/\/globalmedsonlineinc.com\/it\/wp-json\/wp\/v2\/product_tag?post=9144"}],"curies":[{"name":"wp","href":"https:\/\/api.w.org\/{rel}","templated":true}]}}