{"id":9137,"date":"2021-07-02T18:28:09","date_gmt":"2021-07-02T18:28:09","guid":{"rendered":"https:\/\/globalmedsonlineinc.com\/it\/?post_type=product&#038;p=9137"},"modified":"2024-02-20T11:32:42","modified_gmt":"2024-02-20T11:32:42","slug":"fentanyl-pillole","status":"publish","type":"product","link":"https:\/\/globalmedsonlineinc.com\/it\/product\/pain-killers\/fentanyl-pillole\/","title":{"rendered":"Comprare Fentanyl pillole online"},"content":{"rendered":"<h1>Pillole di Fentanyl in vendita online senza ricetta<\/h1>\n<p><a href=\"https:\/\/globalmedsonlineinc.com\/it\/product\/pain-killers\/fentanyl-pills\/\">Pillole di Fentanyl in vendita online<\/a> senza ricetta. Fentanyl Pills (altrimenti chiamato fentanil) \u00e8 un potente, <a href=\"https:\/\/it.wikipedia.org\/wiki\/Fentanyl\">prodotto<\/a> antidolorifico narcotico con un inizio veloce e un breve arco di attivit\u00e0. \u00c8 un potente agonista dei recettori \u03bc-narcotici. Il Fentanyl \u00e8 valutato per essere da 50 a pi\u00f9 volte pi\u00f9 intenso della morfina.<\/p>\n<p>Le pillole di fentanyl sono state prodotte per la prima volta da Paul Janssen nel 1960, dopo che la petidina (altrimenti chiamata meperidina, presentata come Demerol) era stata portata in medicina molto tempo prima. Janssen ha creato il fentanyl vagliando gli analoghi della petidina, farmaco fondamentalmente correlato, per l&#8217;azione narcotica. L&#8217;ampio utilizzo del fentanyl ha dato il via alla creazione del citrato di fentanyl (il sale creato unendo fentanyl ed estratto di agrumi in una stechiometria 1:1), che \u00e8 entrato in uso clinico come sedativo generale durante gli anni &#8217;60 sotto il marchio commerciale Sublimaze. Quindi, numerosi altri analoghi del fentanyl sono stati formati e portati nel lavoro clinico, tra cui sufentanil, alfentanil, remifentanil e lofentanil. Acquisto di pillole di Fentanyl online<\/p>\n<p>Fentanyl pillole durante gli anni &#8217;90, il fentanyl \u00e8 stato presentato per uso palliativo con il fentanyl fix, continuato nel decennio successivo dalla presentazione delle caramelle di fentanyl, compresse dissolventi, e spruzzi sublinguali, che vengono ingeriti attraverso la pelle in bocca.Nel 2012, il fentanyl \u00e8 stato il narcotico pi\u00f9 regolarmente utilizzato in medicina.Nel 2013, 1700 chilogrammi sono stati utilizzati in tutto il mondo.<\/p>\n<p>Il Fentanyl online \u00e8 inoltre utilizzato come farmaco sportivo, e questo utilizzo ha portato a molti passaggi in eccesso ogni anno ultimamente. I decessi sono inoltre avvenuti a causa di un uso clinico inappropriato. Il Fentanyl ha un file moderatamente ampio (270) che lo rende un sedativo eccezionalmente protetto con un&#8217;attenta osservazione; in ogni caso, la sua forza limite richiede caute stime di fentanyl profondamente indebolito in accordo; tentare di misurare precisamente una porzione di polvere di fentanyl non adulterata \u00e8 irragionevole senza hardware logico all&#8217;avanguardia, come una porzione vitale e una porzione mortale di polvere di fentanyl messa una accanto all&#8217;altra sarebbe fastidiosa o difficile da riconoscere con l&#8217;occhio non controllato.<\/p>\n<p>Buona qualit\u00e0 Fentanyl pillole online: \u00c8 completamente compreso che la gente non si fida rapidamente della qualit\u00e0 delle pillole di Fentanyl vendute online perch\u00e9 non possono esaminarle fisicamente. Ma non \u00e8 la stessa cosa con i fornitori di Fentanyl online. I prodotti qui sono fedeli alla loro descrizione con una manutenzione di alta qualit\u00e0 fatta sotto la supervisione degli esperti.<\/p>\n<p>Veloce &amp; Spedizione discreta: La consegna delle pillole di Fentanyl online dopo aver ricevuto l&#8217;ordine \u00e8 fatta entro i tempi promessi. Il team di spedizione mette tutto il suo impegno nel rendere la procedura di spedizione e consegna liscia e veloce. Potete anche aspettarvi servizi eccellenti quando comprate le pillole di Fentanyl online dal professionista sulla piattaforma online.<\/p>\n","protected":false},"excerpt":{"rendered":"<p>Pillole di Fentanyl A met\u00e0 degli anni &#8217;90, il fentanyl \u00e8 stato introdotto per uso palliativo con il cerotto di fentanyl, seguito nel decennio successivo dall&#8217;introduzione del lecca-lecca di fentanyl, delle compresse dissolventi e dello spray sublinguale che vengono riassorbiti attraverso la pelle all&#8217;interno della bocca.<\/p>\n","protected":false},"featured_media":9138,"comment_status":"open","ping_status":"closed","template":"","meta":{"_acf_changed":false,"_monsterinsights_skip_tracking":false,"_monsterinsights_sitenote_active":false,"_monsterinsights_sitenote_note":"","_monsterinsights_sitenote_category":0},"product_brand":[],"product_cat":[52],"product_tag":[733,718,737,727,728,729,726,720,721,722,738,739,740,725,224,225,226,227,228,229,230,231,232,735,731,719,730,732,734,723,724,736],"class_list":{"0":"post-9137","1":"product","2":"type-product","3":"status-publish","4":"has-post-thumbnail","6":"product_cat-pain-killers","7":"product_tag-acquisto-fentanyl-liquido-online","8":"product_tag-bottiglia-di-pillole-di-fentanyl","9":"product_tag-che-cosa-sono-le-pillole-di-fentanyl","10":"product_tag-come-acquistare-fentanyl-liquido-online","11":"product_tag-come-acquistare-le-pillole-di-fentanyl-online","12":"product_tag-come-fare-le-pillole-di-fentanyl","13":"product_tag-come-funzionano-le-pillole-di-fentanyl","14":"product_tag-comprare-fentanyl-liquido-online","15":"product_tag-comprare-pillole-di-fentanyl","16":"product_tag-comprare-pillole-di-fentanyl-online","17":"product_tag-dove-acquistare-fentanyl-liquido-on-line","18":"product_tag-dove-acquistare-pillole-di-fentanyl-on-line","19":"product_tag-dove-ottenere-pillole-di-fentanyl","20":"product_tag-fentanyl-liquido-in-vendita","21":"product_tag-fentanyl-pills-canada","22":"product_tag-fentanyl-pills-contact","23":"product_tag-fentanyl-pills-for-sale","24":"product_tag-fentanyl-pills-high","25":"product_tag-fentanyl-pills-how-long-does-it-take-to-work","26":"product_tag-fentanyl-pills-mg","27":"product_tag-fentanyl-pills-retailers","28":"product_tag-fentanyl-pills-street-value","29":"product_tag-fentanyl-without-prescription","30":"product_tag-il-posto-migliore-per-acquistare-fentanyl-liquido-on-line","31":"product_tag-immagini-delle-pillole-di-fentanyl","32":"product_tag-marche-di-pillole-di-fentanyl","33":"product_tag-ordine-fentanyl-liquido-online","34":"product_tag-prescrizione-per-le-pillole-di-fentanyl","35":"product_tag-qualita-fentanyl-pillole-a-basso-costo","36":"product_tag-si-possono-fumare-pillole-di-fentanyl","37":"product_tag-si-possono-prendere-pillole-di-fentanyl-e-idrocodone-insieme","38":"product_tag-usi-di-pillole-di-fentanyl","40":"first","41":"instock","42":"sale","43":"shipping-taxable","44":"purchasable","45":"product-type-variable","46":"has-default-attributes"},"acf":[],"yoast_head":"<!-- This site is optimized with the Yoast SEO plugin v27.2 - https:\/\/yoast.com\/product\/yoast-seo-wordpress\/ -->\n<title>Fentanyl pillole per la vendita online | Global Meds Inc.<\/title>\n<meta name=\"description\" content=\"Fentanyl pillole in vendita online senza prescrizione. Vendiamo pillole di Fentanil della migliore qualit\u00e0. Vi invitiamo a contattarci per ulteriori informazioni.\" \/>\n<meta name=\"robots\" content=\"index, follow, max-snippet:-1, max-image-preview:large, max-video-preview:-1\" \/>\n<link rel=\"canonical\" href=\"https:\/\/globalmedsonlineinc.com\/it\/product\/pain-killers\/fentanyl-pillole\/\" \/>\n<meta property=\"og:locale\" content=\"it_IT\" \/>\n<meta property=\"og:type\" content=\"article\" \/>\n<meta property=\"og:title\" content=\"Fentanyl pillole per la vendita online | Global Meds Inc.\" \/>\n<meta property=\"og:description\" content=\"Fentanyl pillole in vendita online senza prescrizione. Vendiamo pillole di Fentanil della migliore qualit\u00e0. Vi invitiamo a contattarci per ulteriori informazioni.\" \/>\n<meta property=\"og:url\" content=\"https:\/\/globalmedsonlineinc.com\/it\/product\/pain-killers\/fentanyl-pillole\/\" \/>\n<meta property=\"og:site_name\" content=\"Global Meds Inc\" \/>\n<meta property=\"article:modified_time\" content=\"2024-02-20T11:32:42+00:00\" \/>\n<meta property=\"og:image\" content=\"https:\/\/globalmedsonlineinc.com\/it\/content\/media\/uploads\/sites\/9\/2021\/07\/FENTANYL-Pills.jpg\" \/>\n\t<meta property=\"og:image:width\" content=\"1200\" \/>\n\t<meta property=\"og:image:height\" content=\"1200\" \/>\n\t<meta property=\"og:image:type\" content=\"image\/jpeg\" \/>\n<meta name=\"twitter:card\" content=\"summary_large_image\" \/>\n<meta name=\"twitter:label1\" content=\"Tempo di lettura stimato\" \/>\n\t<meta name=\"twitter:data1\" content=\"3 minuti\" \/>\n<script type=\"application\/ld+json\" class=\"yoast-schema-graph\">{\"@context\":\"https:\/\/schema.org\",\"@graph\":[{\"@type\":\"WebPage\",\"@id\":\"https:\/\/globalmedsonlineinc.com\/it\/product\/pain-killers\/fentanyl-pillole\/\",\"url\":\"https:\/\/globalmedsonlineinc.com\/it\/product\/pain-killers\/fentanyl-pillole\/\",\"name\":\"Fentanyl pillole per la vendita online | Global Meds Inc.\",\"isPartOf\":{\"@id\":\"https:\/\/globalmedsonlineinc.com\/it\/#website\"},\"primaryImageOfPage\":{\"@id\":\"https:\/\/globalmedsonlineinc.com\/it\/product\/pain-killers\/fentanyl-pillole\/#primaryimage\"},\"image\":{\"@id\":\"https:\/\/globalmedsonlineinc.com\/it\/product\/pain-killers\/fentanyl-pillole\/#primaryimage\"},\"thumbnailUrl\":\"https:\/\/globalmedsonlineinc.com\/it\/content\/media\/uploads\/sites\/9\/2021\/07\/FENTANYL-Pills.jpg\",\"datePublished\":\"2021-07-02T18:28:09+00:00\",\"dateModified\":\"2024-02-20T11:32:42+00:00\",\"description\":\"Fentanyl pillole in vendita online senza prescrizione. Vendiamo pillole di Fentanil della migliore qualit\u00e0. Vi invitiamo a contattarci per ulteriori informazioni.\",\"breadcrumb\":{\"@id\":\"https:\/\/globalmedsonlineinc.com\/it\/product\/pain-killers\/fentanyl-pillole\/#breadcrumb\"},\"inLanguage\":\"it-IT\",\"potentialAction\":[{\"@type\":\"ReadAction\",\"target\":[\"https:\/\/globalmedsonlineinc.com\/it\/product\/pain-killers\/fentanyl-pillole\/\"]}]},{\"@type\":\"ImageObject\",\"inLanguage\":\"it-IT\",\"@id\":\"https:\/\/globalmedsonlineinc.com\/it\/product\/pain-killers\/fentanyl-pillole\/#primaryimage\",\"url\":\"https:\/\/globalmedsonlineinc.com\/it\/content\/media\/uploads\/sites\/9\/2021\/07\/FENTANYL-Pills.jpg\",\"contentUrl\":\"https:\/\/globalmedsonlineinc.com\/it\/content\/media\/uploads\/sites\/9\/2021\/07\/FENTANYL-Pills.jpg\",\"width\":1200,\"height\":1200,\"caption\":\"Fentanyl pills for sale online without prescription\"},{\"@type\":\"BreadcrumbList\",\"@id\":\"https:\/\/globalmedsonlineinc.com\/it\/product\/pain-killers\/fentanyl-pillole\/#breadcrumb\",\"itemListElement\":[{\"@type\":\"ListItem\",\"position\":1,\"name\":\"Home\",\"item\":\"https:\/\/globalmedsonlineinc.com\/it\/\"},{\"@type\":\"ListItem\",\"position\":2,\"name\":\"Prodotti\",\"item\":\"https:\/\/globalmedsonlineinc.com\/it\/prodotti\/\"},{\"@type\":\"ListItem\",\"position\":3,\"name\":\"Comprare Fentanyl pillole online\"}]},{\"@type\":\"WebSite\",\"@id\":\"https:\/\/globalmedsonlineinc.com\/it\/#website\",\"url\":\"https:\/\/globalmedsonlineinc.com\/it\/\",\"name\":\"Global Meds Inc\",\"description\":\"\",\"publisher\":{\"@id\":\"https:\/\/globalmedsonlineinc.com\/it\/#organization\"},\"potentialAction\":[{\"@type\":\"SearchAction\",\"target\":{\"@type\":\"EntryPoint\",\"urlTemplate\":\"https:\/\/globalmedsonlineinc.com\/it\/?s={search_term_string}\"},\"query-input\":{\"@type\":\"PropertyValueSpecification\",\"valueRequired\":true,\"valueName\":\"search_term_string\"}}],\"inLanguage\":\"it-IT\"},{\"@type\":\"Organization\",\"@id\":\"https:\/\/globalmedsonlineinc.com\/it\/#organization\",\"name\":\"Global Meds Inc.\",\"url\":\"https:\/\/globalmedsonlineinc.com\/it\/\",\"logo\":{\"@type\":\"ImageObject\",\"inLanguage\":\"it-IT\",\"@id\":\"https:\/\/globalmedsonlineinc.com\/it\/#\/schema\/logo\/image\/\",\"url\":\"https:\/\/globalmedsonlineinc.com\/it\/content\/media\/uploads\/sites\/9\/2021\/06\/globalmedsonlineincLogoShop20210630123730.00.png\",\"contentUrl\":\"https:\/\/globalmedsonlineinc.com\/it\/content\/media\/uploads\/sites\/9\/2021\/06\/globalmedsonlineincLogoShop20210630123730.00.png\",\"width\":450,\"height\":117,\"caption\":\"Global Meds Inc.\"},\"image\":{\"@id\":\"https:\/\/globalmedsonlineinc.com\/it\/#\/schema\/logo\/image\/\"}}]}<\/script>\n<!-- \/ Yoast SEO plugin. -->","yoast_head_json":{"title":"Fentanyl pillole per la vendita online | Global Meds Inc.","description":"Fentanyl pillole in vendita online senza prescrizione. Vendiamo pillole di Fentanil della migliore qualit\u00e0. Vi invitiamo a contattarci per ulteriori informazioni.","robots":{"index":"index","follow":"follow","max-snippet":"max-snippet:-1","max-image-preview":"max-image-preview:large","max-video-preview":"max-video-preview:-1"},"canonical":"https:\/\/globalmedsonlineinc.com\/it\/product\/pain-killers\/fentanyl-pillole\/","og_locale":"it_IT","og_type":"article","og_title":"Fentanyl pillole per la vendita online | Global Meds Inc.","og_description":"Fentanyl pillole in vendita online senza prescrizione. Vendiamo pillole di Fentanil della migliore qualit\u00e0. Vi invitiamo a contattarci per ulteriori informazioni.","og_url":"https:\/\/globalmedsonlineinc.com\/it\/product\/pain-killers\/fentanyl-pillole\/","og_site_name":"Global Meds Inc","article_modified_time":"2024-02-20T11:32:42+00:00","og_image":[{"width":1200,"height":1200,"url":"https:\/\/globalmedsonlineinc.com\/it\/content\/media\/uploads\/sites\/9\/2021\/07\/FENTANYL-Pills.jpg","type":"image\/jpeg"}],"twitter_card":"summary_large_image","twitter_misc":{"Tempo di lettura stimato":"3 minuti"},"schema":{"@context":"https:\/\/schema.org","@graph":[{"@type":"WebPage","@id":"https:\/\/globalmedsonlineinc.com\/it\/product\/pain-killers\/fentanyl-pillole\/","url":"https:\/\/globalmedsonlineinc.com\/it\/product\/pain-killers\/fentanyl-pillole\/","name":"Fentanyl pillole per la vendita online | Global Meds Inc.","isPartOf":{"@id":"https:\/\/globalmedsonlineinc.com\/it\/#website"},"primaryImageOfPage":{"@id":"https:\/\/globalmedsonlineinc.com\/it\/product\/pain-killers\/fentanyl-pillole\/#primaryimage"},"image":{"@id":"https:\/\/globalmedsonlineinc.com\/it\/product\/pain-killers\/fentanyl-pillole\/#primaryimage"},"thumbnailUrl":"https:\/\/globalmedsonlineinc.com\/it\/content\/media\/uploads\/sites\/9\/2021\/07\/FENTANYL-Pills.jpg","datePublished":"2021-07-02T18:28:09+00:00","dateModified":"2024-02-20T11:32:42+00:00","description":"Fentanyl pillole in vendita online senza prescrizione. Vendiamo pillole di Fentanil della migliore qualit\u00e0. Vi invitiamo a contattarci per ulteriori informazioni.","breadcrumb":{"@id":"https:\/\/globalmedsonlineinc.com\/it\/product\/pain-killers\/fentanyl-pillole\/#breadcrumb"},"inLanguage":"it-IT","potentialAction":[{"@type":"ReadAction","target":["https:\/\/globalmedsonlineinc.com\/it\/product\/pain-killers\/fentanyl-pillole\/"]}]},{"@type":"ImageObject","inLanguage":"it-IT","@id":"https:\/\/globalmedsonlineinc.com\/it\/product\/pain-killers\/fentanyl-pillole\/#primaryimage","url":"https:\/\/globalmedsonlineinc.com\/it\/content\/media\/uploads\/sites\/9\/2021\/07\/FENTANYL-Pills.jpg","contentUrl":"https:\/\/globalmedsonlineinc.com\/it\/content\/media\/uploads\/sites\/9\/2021\/07\/FENTANYL-Pills.jpg","width":1200,"height":1200,"caption":"Fentanyl pills for sale online without prescription"},{"@type":"BreadcrumbList","@id":"https:\/\/globalmedsonlineinc.com\/it\/product\/pain-killers\/fentanyl-pillole\/#breadcrumb","itemListElement":[{"@type":"ListItem","position":1,"name":"Home","item":"https:\/\/globalmedsonlineinc.com\/it\/"},{"@type":"ListItem","position":2,"name":"Prodotti","item":"https:\/\/globalmedsonlineinc.com\/it\/prodotti\/"},{"@type":"ListItem","position":3,"name":"Comprare Fentanyl pillole online"}]},{"@type":"WebSite","@id":"https:\/\/globalmedsonlineinc.com\/it\/#website","url":"https:\/\/globalmedsonlineinc.com\/it\/","name":"Global Meds Inc","description":"","publisher":{"@id":"https:\/\/globalmedsonlineinc.com\/it\/#organization"},"potentialAction":[{"@type":"SearchAction","target":{"@type":"EntryPoint","urlTemplate":"https:\/\/globalmedsonlineinc.com\/it\/?s={search_term_string}"},"query-input":{"@type":"PropertyValueSpecification","valueRequired":true,"valueName":"search_term_string"}}],"inLanguage":"it-IT"},{"@type":"Organization","@id":"https:\/\/globalmedsonlineinc.com\/it\/#organization","name":"Global Meds Inc.","url":"https:\/\/globalmedsonlineinc.com\/it\/","logo":{"@type":"ImageObject","inLanguage":"it-IT","@id":"https:\/\/globalmedsonlineinc.com\/it\/#\/schema\/logo\/image\/","url":"https:\/\/globalmedsonlineinc.com\/it\/content\/media\/uploads\/sites\/9\/2021\/06\/globalmedsonlineincLogoShop20210630123730.00.png","contentUrl":"https:\/\/globalmedsonlineinc.com\/it\/content\/media\/uploads\/sites\/9\/2021\/06\/globalmedsonlineincLogoShop20210630123730.00.png","width":450,"height":117,"caption":"Global Meds Inc."},"image":{"@id":"https:\/\/globalmedsonlineinc.com\/it\/#\/schema\/logo\/image\/"}}]}},"_links":{"self":[{"href":"https:\/\/globalmedsonlineinc.com\/it\/wp-json\/wp\/v2\/product\/9137","targetHints":{"allow":["GET"]}}],"collection":[{"href":"https:\/\/globalmedsonlineinc.com\/it\/wp-json\/wp\/v2\/product"}],"about":[{"href":"https:\/\/globalmedsonlineinc.com\/it\/wp-json\/wp\/v2\/types\/product"}],"replies":[{"embeddable":true,"href":"https:\/\/globalmedsonlineinc.com\/it\/wp-json\/wp\/v2\/comments?post=9137"}],"wp:featuredmedia":[{"embeddable":true,"href":"https:\/\/globalmedsonlineinc.com\/it\/wp-json\/wp\/v2\/media\/9138"}],"wp:attachment":[{"href":"https:\/\/globalmedsonlineinc.com\/it\/wp-json\/wp\/v2\/media?parent=9137"}],"wp:term":[{"taxonomy":"product_brand","embeddable":true,"href":"https:\/\/globalmedsonlineinc.com\/it\/wp-json\/wp\/v2\/product_brand?post=9137"},{"taxonomy":"product_cat","embeddable":true,"href":"https:\/\/globalmedsonlineinc.com\/it\/wp-json\/wp\/v2\/product_cat?post=9137"},{"taxonomy":"product_tag","embeddable":true,"href":"https:\/\/globalmedsonlineinc.com\/it\/wp-json\/wp\/v2\/product_tag?post=9137"}],"curies":[{"name":"wp","href":"https:\/\/api.w.org\/{rel}","templated":true}]}}