{"id":9130,"date":"2021-07-02T18:18:52","date_gmt":"2021-07-02T18:18:52","guid":{"rendered":"https:\/\/globalmedsonlineinc.com\/it\/?post_type=product&#038;p=9130"},"modified":"2024-02-20T11:34:01","modified_gmt":"2024-02-20T11:34:01","slug":"dilaudid","status":"publish","type":"product","link":"https:\/\/globalmedsonlineinc.com\/it\/product\/pain-killers\/dilaudid\/","title":{"rendered":"Comprare Dilaudid pillole online"},"content":{"rendered":"<h1>Pillole Dilaudid in vendita online senza ricetta<\/h1>\n<p><a href=\"https:\/\/globalmedsonlineinc.com\/it\/product\/pain-killers\/dilaudid\/\">Pillole Dilaudid in vendita online<\/a> senza prescrizione medica. Acquista Dilaudid 8 mg, Hydromorphone \u00e8 un farmaco antidolorifico oppioide. Un oppioide \u00e8 talvolta chiamato narcotico.<\/p>\n<p>Dilaudid 8 mg \u00e8 usato per trattare il dolore <a href=\"https:\/\/en.wikipedia.org\/wiki\/Hydromorphone\">da moderato<\/a> a grave.<\/p>\n<p>La forma a rilascio prolungato di questo medicinale \u00e8 per il trattamento 24 ore su 24 del dolore da moderato a severo. Questa forma di Dilaudid 8 mg non deve essere utilizzata al bisogno per il dolore.<\/p>\n<p>Dilaudid 8 mg di idromorfone pu\u00f2 essere utilizzato anche per scopi non elencati in questa guida ai farmaci.<\/p>\n<h6>Qual \u200b\u200b\u00e8 l&#8217;informazione pi\u00f9 importante che dovrei sapere sull&#8217;idromorfone?<\/h6>\n<p>Non dovresti assumere idromorfone se hai gravi problemi respiratori o un blocco nello stomaco o nell&#8217;intestino.<\/p>\n<p><b>Dilaudid 8 mg di idromorfone pu\u00f2 rallentare o interrompere la respirazione e pu\u00f2 creare assuefazione.<\/b>\u00a0Usa solo la dose prescritta e ingoia una pillola intera a rilascio prolungato per evitare una dose potenzialmente fatale. Non condividere mai Dilaudid 8 mg con un&#8217;altra persona.<\/p>\n<figure class=\"promo-box vmig slideshow ga-event\" data-ga_event-category=\"Slideshow\" data-ga_event-action=\"SS-Promo-Impression\" data-ga_event-label=\"SS: BPCO: potresti essere A rischio?\" data-ga_event-noninteraction=\"true\"><figcaption><\/figcaption><\/figure>\n<p><strong>L&#8217;USO IMPROPRIO DI MEDICINALI NARCOTICI PU CAUSARE DIPENDENZA, OVERDOSE O MORTE, specialmente in un bambino o in un&#8217;altra persona che usa il medicinale senza prescrizione medica.<\/strong><\/p>\n<p><strong>Dilaudid 8 mg pu\u00f2 causare sintomi di astinenza potenzialmente letali in un neonato se la madre ha assunto questo medicinale durante la gravidanza.<\/strong><\/p>\n<p><b>Non bere alcolici.<\/b>\u00a0Potrebbero verificarsi effetti collaterali pericolosi o la morte.<\/p>\n<p>Cosa dovrei discutere con il mio medico prima di usare l&#8217;idromorfone?<\/p>\n<p>Non dovresti prendere questo medicinale se hai mai avuto una reazione allergica all&#8217;idromorfone o ad altri farmaci narcotici o se hai:<\/p>\n<ul>\n<li>asma grave o problemi respiratori;<\/li>\n<li>un blocco nello stomaco o nell&#8217;intestino; o<\/li>\n<li>un&#8217;ostruzione intestinale chiamata ileo paralitico.<\/li>\n<\/ul>\n<p>Dilaudid 8 mg di idromorfone se ha usato un inibitore MAO negli ultimi 14 giorni. Potrebbe verificarsi una pericolosa interazione farmacologica. Gli inibitori MAO includono isocarboxazid, linezolid, iniezione di blu di metilene, fenelzina, rasagilina, selegilina, tranilcipromina e altri.<\/p>\n<p>Alcuni medicinali possono interagire con l&#8217;idromorfone e causare una condizione grave chiamata sindrome serotoninergica. Assicurati che il tuo medico sappia se prendi anche medicine per la depressione, le malattie mentali, il morbo di Parkinson, l&#8217;emicrania, le infezioni gravi o la prevenzione di nausea e vomito. Chiedi al tuo medico prima di apportare modifiche a come o quando prendi i farmaci.<\/p>\n<p>Potrebbe non essere in grado di assumere Dilaudid 8 mg idromorfone se NON \u00e8 gi\u00e0 in trattamento con un medicinale antidolorifico oppioide (narcotico) simile e se lo sopporta. Parlate con il vostro medico se non siete sicuri di essere tolleranti agli oppioidi.<\/p>\n<p>Per assicurarti che l&#8217;idromorfone sia sicuro per te, informi il medico se hai:<\/p>\n<ul>\n<li>qualsiasi tipo di problema respiratorio o malattia polmonare;<\/li>\n<li>una storia di trauma cranico, tumore al cervello o convulsioni;<\/li>\n<li>una storia di abuso di droghe, dipendenza da alcol o malattie mentali;<\/li>\n<li>problemi di minzione;<\/li>\n<li>malattie epatiche o renali;<\/li>\n<li>allergia ai solfiti;<\/li>\n<li>Morbo di Addison o altri disturbi della ghiandola surrenale;<\/li>\n<li>problemi alla cistifellea, al pancreas o alla tiroide; o<\/li>\n<li>se usi un sedativo come il Valium (diazepam, alprazolam, lorazepam, Ativan, Klonopin, Restoril, Tranxene, Versed, Xanax e altri).<\/li>\n<\/ul>\n<p>Buona qualit\u00e0 Dilaudid pillole online: Si capisce perfettamente che la gente non si fida rapidamente della qualit\u00e0 delle pillole di Dilaudid vendute online perch\u00e9 non possono esaminarle fisicamente. Ma non \u00e8 la stessa cosa con i fornitori di Dilaudid online. I prodotti qui sono fedeli alla loro descrizione con una manutenzione di alta qualit\u00e0 fatta sotto la supervisione degli esperti.<\/p>\n<p>Veloce &amp; Spedizione discreta: La consegna delle pillole di Dilaudid online dopo aver ricevuto l&#8217;ordine avviene entro i tempi promessi. Il team di spedizione mette tutto il suo impegno nel rendere la procedura di spedizione e consegna liscia e veloce. Potete anche aspettarvi servizi eccellenti quando comprate le pillole di Dilaudid online dal professionista sulla piattaforma online.<\/p>\n","protected":false},"excerpt":{"rendered":"<p><b>Dilaudid 8 mg Hydromorphone pu\u00f2 rallentare o fermare la respirazione, e pu\u00f2 formare l&#8217;abitudine.<\/b> Usare solo la dose prescritta, e ingoiare una pillola a rilascio prolungato intera per evitare una dose potenzialmente fatale. Non condividere mai Dilaudid 8 mg con un&#8217;altra persona.<\/p>\n","protected":false},"featured_media":9136,"comment_status":"open","ping_status":"closed","template":"","meta":{"_acf_changed":false,"_monsterinsights_skip_tracking":false,"_monsterinsights_sitenote_active":false,"_monsterinsights_sitenote_note":"","_monsterinsights_sitenote_category":0},"product_brand":[],"product_cat":[52],"product_tag":[745,743,741,742,747,746,744],"class_list":{"0":"post-9130","1":"product","2":"type-product","3":"status-publish","4":"has-post-thumbnail","6":"product_cat-pain-killers","7":"product_tag-acquisto-dilaudid-8-mg-online","8":"product_tag-come-comprare-dilaudid-8-mg-online","9":"product_tag-comprare-dilaudid-8-mg-online","10":"product_tag-dilaudid-8-mg-in-vendita","11":"product_tag-dove-comprare-dilaudid-8-mg-online","12":"product_tag-il-posto-migliore-per-comprare-dilaudid-8-mg-online","13":"product_tag-ordine-dilaudid-8-mg-online","15":"first","16":"instock","17":"shipping-taxable","18":"purchasable","19":"product-type-variable","20":"has-default-attributes"},"acf":[],"yoast_head":"<!-- This site is optimized with the Yoast SEO plugin v27.2 - https:\/\/yoast.com\/product\/yoast-seo-wordpress\/ -->\n<title>Dilaudid pillole per la vendita online | Global Meds Inc.<\/title>\n<meta name=\"description\" content=\"Dilaudid pillole in vendita online senza prescrizione. Vendiamo le pillole Dilaudid della migliore qualit\u00e0. Vi invitiamo a contattarci per ulteriori informazioni.\" \/>\n<meta name=\"robots\" content=\"index, follow, max-snippet:-1, max-image-preview:large, max-video-preview:-1\" \/>\n<link rel=\"canonical\" href=\"https:\/\/globalmedsonlineinc.com\/it\/product\/pain-killers\/dilaudid\/\" \/>\n<meta property=\"og:locale\" content=\"it_IT\" \/>\n<meta property=\"og:type\" content=\"article\" \/>\n<meta property=\"og:title\" content=\"Dilaudid pillole per la vendita online | Global Meds Inc.\" \/>\n<meta property=\"og:description\" content=\"Dilaudid pillole in vendita online senza prescrizione. Vendiamo le pillole Dilaudid della migliore qualit\u00e0. Vi invitiamo a contattarci per ulteriori informazioni.\" \/>\n<meta property=\"og:url\" content=\"https:\/\/globalmedsonlineinc.com\/it\/product\/pain-killers\/dilaudid\/\" \/>\n<meta property=\"og:site_name\" content=\"Global Meds Inc\" \/>\n<meta property=\"article:modified_time\" content=\"2024-02-20T11:34:01+00:00\" \/>\n<meta property=\"og:image\" content=\"https:\/\/globalmedsonlineinc.com\/it\/content\/media\/uploads\/sites\/9\/2021\/07\/Buy-Dilaudid-8-mg.jpg\" \/>\n\t<meta property=\"og:image:width\" content=\"1200\" \/>\n\t<meta property=\"og:image:height\" content=\"1200\" \/>\n\t<meta property=\"og:image:type\" content=\"image\/jpeg\" \/>\n<meta name=\"twitter:card\" content=\"summary_large_image\" \/>\n<meta name=\"twitter:label1\" content=\"Tempo di lettura stimato\" \/>\n\t<meta name=\"twitter:data1\" content=\"4 minuti\" \/>\n<script type=\"application\/ld+json\" class=\"yoast-schema-graph\">{\"@context\":\"https:\/\/schema.org\",\"@graph\":[{\"@type\":\"WebPage\",\"@id\":\"https:\/\/globalmedsonlineinc.com\/it\/product\/pain-killers\/dilaudid\/\",\"url\":\"https:\/\/globalmedsonlineinc.com\/it\/product\/pain-killers\/dilaudid\/\",\"name\":\"Dilaudid pillole per la vendita online | Global Meds Inc.\",\"isPartOf\":{\"@id\":\"https:\/\/globalmedsonlineinc.com\/it\/#website\"},\"primaryImageOfPage\":{\"@id\":\"https:\/\/globalmedsonlineinc.com\/it\/product\/pain-killers\/dilaudid\/#primaryimage\"},\"image\":{\"@id\":\"https:\/\/globalmedsonlineinc.com\/it\/product\/pain-killers\/dilaudid\/#primaryimage\"},\"thumbnailUrl\":\"https:\/\/globalmedsonlineinc.com\/it\/content\/media\/uploads\/sites\/9\/2021\/07\/Buy-Dilaudid-8-mg.jpg\",\"datePublished\":\"2021-07-02T18:18:52+00:00\",\"dateModified\":\"2024-02-20T11:34:01+00:00\",\"description\":\"Dilaudid pillole in vendita online senza prescrizione. Vendiamo le pillole Dilaudid della migliore qualit\u00e0. Vi invitiamo a contattarci per ulteriori informazioni.\",\"breadcrumb\":{\"@id\":\"https:\/\/globalmedsonlineinc.com\/it\/product\/pain-killers\/dilaudid\/#breadcrumb\"},\"inLanguage\":\"it-IT\",\"potentialAction\":[{\"@type\":\"ReadAction\",\"target\":[\"https:\/\/globalmedsonlineinc.com\/it\/product\/pain-killers\/dilaudid\/\"]}]},{\"@type\":\"ImageObject\",\"inLanguage\":\"it-IT\",\"@id\":\"https:\/\/globalmedsonlineinc.com\/it\/product\/pain-killers\/dilaudid\/#primaryimage\",\"url\":\"https:\/\/globalmedsonlineinc.com\/it\/content\/media\/uploads\/sites\/9\/2021\/07\/Buy-Dilaudid-8-mg.jpg\",\"contentUrl\":\"https:\/\/globalmedsonlineinc.com\/it\/content\/media\/uploads\/sites\/9\/2021\/07\/Buy-Dilaudid-8-mg.jpg\",\"width\":1200,\"height\":1200,\"caption\":\"Dilaudid pills for sale online without prescription\"},{\"@type\":\"BreadcrumbList\",\"@id\":\"https:\/\/globalmedsonlineinc.com\/it\/product\/pain-killers\/dilaudid\/#breadcrumb\",\"itemListElement\":[{\"@type\":\"ListItem\",\"position\":1,\"name\":\"Home\",\"item\":\"https:\/\/globalmedsonlineinc.com\/it\/\"},{\"@type\":\"ListItem\",\"position\":2,\"name\":\"Prodotti\",\"item\":\"https:\/\/globalmedsonlineinc.com\/it\/prodotti\/\"},{\"@type\":\"ListItem\",\"position\":3,\"name\":\"Comprare Dilaudid pillole online\"}]},{\"@type\":\"WebSite\",\"@id\":\"https:\/\/globalmedsonlineinc.com\/it\/#website\",\"url\":\"https:\/\/globalmedsonlineinc.com\/it\/\",\"name\":\"Global Meds Inc\",\"description\":\"\",\"publisher\":{\"@id\":\"https:\/\/globalmedsonlineinc.com\/it\/#organization\"},\"potentialAction\":[{\"@type\":\"SearchAction\",\"target\":{\"@type\":\"EntryPoint\",\"urlTemplate\":\"https:\/\/globalmedsonlineinc.com\/it\/?s={search_term_string}\"},\"query-input\":{\"@type\":\"PropertyValueSpecification\",\"valueRequired\":true,\"valueName\":\"search_term_string\"}}],\"inLanguage\":\"it-IT\"},{\"@type\":\"Organization\",\"@id\":\"https:\/\/globalmedsonlineinc.com\/it\/#organization\",\"name\":\"Global Meds Inc.\",\"url\":\"https:\/\/globalmedsonlineinc.com\/it\/\",\"logo\":{\"@type\":\"ImageObject\",\"inLanguage\":\"it-IT\",\"@id\":\"https:\/\/globalmedsonlineinc.com\/it\/#\/schema\/logo\/image\/\",\"url\":\"https:\/\/globalmedsonlineinc.com\/it\/content\/media\/uploads\/sites\/9\/2021\/06\/globalmedsonlineincLogoShop20210630123730.00.png\",\"contentUrl\":\"https:\/\/globalmedsonlineinc.com\/it\/content\/media\/uploads\/sites\/9\/2021\/06\/globalmedsonlineincLogoShop20210630123730.00.png\",\"width\":450,\"height\":117,\"caption\":\"Global Meds Inc.\"},\"image\":{\"@id\":\"https:\/\/globalmedsonlineinc.com\/it\/#\/schema\/logo\/image\/\"}}]}<\/script>\n<!-- \/ Yoast SEO plugin. -->","yoast_head_json":{"title":"Dilaudid pillole per la vendita online | Global Meds Inc.","description":"Dilaudid pillole in vendita online senza prescrizione. Vendiamo le pillole Dilaudid della migliore qualit\u00e0. Vi invitiamo a contattarci per ulteriori informazioni.","robots":{"index":"index","follow":"follow","max-snippet":"max-snippet:-1","max-image-preview":"max-image-preview:large","max-video-preview":"max-video-preview:-1"},"canonical":"https:\/\/globalmedsonlineinc.com\/it\/product\/pain-killers\/dilaudid\/","og_locale":"it_IT","og_type":"article","og_title":"Dilaudid pillole per la vendita online | Global Meds Inc.","og_description":"Dilaudid pillole in vendita online senza prescrizione. Vendiamo le pillole Dilaudid della migliore qualit\u00e0. Vi invitiamo a contattarci per ulteriori informazioni.","og_url":"https:\/\/globalmedsonlineinc.com\/it\/product\/pain-killers\/dilaudid\/","og_site_name":"Global Meds Inc","article_modified_time":"2024-02-20T11:34:01+00:00","og_image":[{"width":1200,"height":1200,"url":"https:\/\/globalmedsonlineinc.com\/it\/content\/media\/uploads\/sites\/9\/2021\/07\/Buy-Dilaudid-8-mg.jpg","type":"image\/jpeg"}],"twitter_card":"summary_large_image","twitter_misc":{"Tempo di lettura stimato":"4 minuti"},"schema":{"@context":"https:\/\/schema.org","@graph":[{"@type":"WebPage","@id":"https:\/\/globalmedsonlineinc.com\/it\/product\/pain-killers\/dilaudid\/","url":"https:\/\/globalmedsonlineinc.com\/it\/product\/pain-killers\/dilaudid\/","name":"Dilaudid pillole per la vendita online | Global Meds Inc.","isPartOf":{"@id":"https:\/\/globalmedsonlineinc.com\/it\/#website"},"primaryImageOfPage":{"@id":"https:\/\/globalmedsonlineinc.com\/it\/product\/pain-killers\/dilaudid\/#primaryimage"},"image":{"@id":"https:\/\/globalmedsonlineinc.com\/it\/product\/pain-killers\/dilaudid\/#primaryimage"},"thumbnailUrl":"https:\/\/globalmedsonlineinc.com\/it\/content\/media\/uploads\/sites\/9\/2021\/07\/Buy-Dilaudid-8-mg.jpg","datePublished":"2021-07-02T18:18:52+00:00","dateModified":"2024-02-20T11:34:01+00:00","description":"Dilaudid pillole in vendita online senza prescrizione. Vendiamo le pillole Dilaudid della migliore qualit\u00e0. Vi invitiamo a contattarci per ulteriori informazioni.","breadcrumb":{"@id":"https:\/\/globalmedsonlineinc.com\/it\/product\/pain-killers\/dilaudid\/#breadcrumb"},"inLanguage":"it-IT","potentialAction":[{"@type":"ReadAction","target":["https:\/\/globalmedsonlineinc.com\/it\/product\/pain-killers\/dilaudid\/"]}]},{"@type":"ImageObject","inLanguage":"it-IT","@id":"https:\/\/globalmedsonlineinc.com\/it\/product\/pain-killers\/dilaudid\/#primaryimage","url":"https:\/\/globalmedsonlineinc.com\/it\/content\/media\/uploads\/sites\/9\/2021\/07\/Buy-Dilaudid-8-mg.jpg","contentUrl":"https:\/\/globalmedsonlineinc.com\/it\/content\/media\/uploads\/sites\/9\/2021\/07\/Buy-Dilaudid-8-mg.jpg","width":1200,"height":1200,"caption":"Dilaudid pills for sale online without prescription"},{"@type":"BreadcrumbList","@id":"https:\/\/globalmedsonlineinc.com\/it\/product\/pain-killers\/dilaudid\/#breadcrumb","itemListElement":[{"@type":"ListItem","position":1,"name":"Home","item":"https:\/\/globalmedsonlineinc.com\/it\/"},{"@type":"ListItem","position":2,"name":"Prodotti","item":"https:\/\/globalmedsonlineinc.com\/it\/prodotti\/"},{"@type":"ListItem","position":3,"name":"Comprare Dilaudid pillole online"}]},{"@type":"WebSite","@id":"https:\/\/globalmedsonlineinc.com\/it\/#website","url":"https:\/\/globalmedsonlineinc.com\/it\/","name":"Global Meds Inc","description":"","publisher":{"@id":"https:\/\/globalmedsonlineinc.com\/it\/#organization"},"potentialAction":[{"@type":"SearchAction","target":{"@type":"EntryPoint","urlTemplate":"https:\/\/globalmedsonlineinc.com\/it\/?s={search_term_string}"},"query-input":{"@type":"PropertyValueSpecification","valueRequired":true,"valueName":"search_term_string"}}],"inLanguage":"it-IT"},{"@type":"Organization","@id":"https:\/\/globalmedsonlineinc.com\/it\/#organization","name":"Global Meds Inc.","url":"https:\/\/globalmedsonlineinc.com\/it\/","logo":{"@type":"ImageObject","inLanguage":"it-IT","@id":"https:\/\/globalmedsonlineinc.com\/it\/#\/schema\/logo\/image\/","url":"https:\/\/globalmedsonlineinc.com\/it\/content\/media\/uploads\/sites\/9\/2021\/06\/globalmedsonlineincLogoShop20210630123730.00.png","contentUrl":"https:\/\/globalmedsonlineinc.com\/it\/content\/media\/uploads\/sites\/9\/2021\/06\/globalmedsonlineincLogoShop20210630123730.00.png","width":450,"height":117,"caption":"Global Meds Inc."},"image":{"@id":"https:\/\/globalmedsonlineinc.com\/it\/#\/schema\/logo\/image\/"}}]}},"_links":{"self":[{"href":"https:\/\/globalmedsonlineinc.com\/it\/wp-json\/wp\/v2\/product\/9130","targetHints":{"allow":["GET"]}}],"collection":[{"href":"https:\/\/globalmedsonlineinc.com\/it\/wp-json\/wp\/v2\/product"}],"about":[{"href":"https:\/\/globalmedsonlineinc.com\/it\/wp-json\/wp\/v2\/types\/product"}],"replies":[{"embeddable":true,"href":"https:\/\/globalmedsonlineinc.com\/it\/wp-json\/wp\/v2\/comments?post=9130"}],"wp:featuredmedia":[{"embeddable":true,"href":"https:\/\/globalmedsonlineinc.com\/it\/wp-json\/wp\/v2\/media\/9136"}],"wp:attachment":[{"href":"https:\/\/globalmedsonlineinc.com\/it\/wp-json\/wp\/v2\/media?parent=9130"}],"wp:term":[{"taxonomy":"product_brand","embeddable":true,"href":"https:\/\/globalmedsonlineinc.com\/it\/wp-json\/wp\/v2\/product_brand?post=9130"},{"taxonomy":"product_cat","embeddable":true,"href":"https:\/\/globalmedsonlineinc.com\/it\/wp-json\/wp\/v2\/product_cat?post=9130"},{"taxonomy":"product_tag","embeddable":true,"href":"https:\/\/globalmedsonlineinc.com\/it\/wp-json\/wp\/v2\/product_tag?post=9130"}],"curies":[{"name":"wp","href":"https:\/\/api.w.org\/{rel}","templated":true}]}}