{"id":9111,"date":"2021-07-02T17:36:17","date_gmt":"2021-07-02T17:36:17","guid":{"rendered":"https:\/\/globalmedsonlineinc.com\/it\/?post_type=product&#038;p=9111"},"modified":"2024-02-20T11:39:05","modified_gmt":"2024-02-20T11:39:05","slug":"percocet","status":"publish","type":"product","link":"https:\/\/globalmedsonlineinc.com\/it\/product\/pain-killers\/percocet\/","title":{"rendered":"Comprare Percocet pillole online"},"content":{"rendered":"<h1>Percocet pillole in vendita online senza ricetta<\/h1>\n<p><span class=\"MUxGbd wuQ4Ob WZ8Tjf\"><a href=\"https:\/\/globalmedsonlineinc.com\/it\/product\/pain-killers\/percocet\/\">Percocet pillole in vendita online<\/a> senza ricetta. <\/span><em>Acquista Percocet<\/em> Online con bitcoins | No RX .\u00a0\u00a0<em>Acquistare Percocet<\/em> senza ricetta online.\u00a0\u00a0<em>percocet 10 325<\/em> in vendita.\u00a0<em>Acquisto<\/em><\/p>\n<p>Alta qualit\u00e0 generica e originale <em>Percocet<\/em>. Cheap Pills Online Without Prescription NOW. Trusted RX approvato. 100% sicuro e anonimo.\u00a0<em>Acquisto<\/em><\/p>\n<p>PERCOCET 10\/325 \u00e8 classificato nella classe di farmaci che sono fatti dalla combinazione di due o pi\u00f9 sali per migliorare la loro capacit\u00e0 di lavoro.<\/p>\n<p>Acquisto Percocet, Acquisto Percocet USA, Acquisto Percocet all&#8217;ingrosso, Acquisto Percocet Canada<\/p>\n<p>Questo farmaco combinato \u00e8 usato per aiutare ad alleviare il dolore da moderato a <a href=\"https:\/\/it.wikipedia.org\/wiki\/Percocet\">grave<\/a>. Contiene un analgesico oppioide (narcotico) (ossicodone) e un analgesico non oppioide (acetaminofene). L&#8217;ossicodone agisce nel cervello per cambiare il modo in cui il tuo corpo sente e risponde al dolore. L&#8217;acetaminofene pu\u00f2 anche ridurre la febbre.<\/p>\n<p>Buona qualit\u00e0 Percocet pillole online: \u00c8 completamente compreso che la gente non si fida rapidamente della qualit\u00e0 delle pillole di Percocet online vendute online perch\u00e9 non possono esaminarlo fisicamente. Ma non \u00e8 la stessa cosa con i fornitori di Percocet online. I prodotti qui sono fedeli alla loro descrizione con una manutenzione di alta qualit\u00e0 fatta sotto la supervisione degli esperti.<\/p>\n<p>Veloce &amp; Spedizione discreta: La consegna delle pillole di Percocet online dopo aver ricevuto l&#8217;ordine \u00e8 fatta entro i tempi promessi. Il team di spedizione mette tutto il suo impegno nel rendere la procedura di spedizione e consegna liscia e veloce. Potete anche aspettarvi servizi eccellenti quando comprate Percocet online dal professionista sulla piattaforma online.<\/p>\n","protected":false},"excerpt":{"rendered":"<p>Questo farmaco \u00e8 usato per trattare il dolore da moderato a grave.<\/p>\n","protected":false},"featured_media":9112,"comment_status":"open","ping_status":"closed","template":"","meta":{"_acf_changed":false,"_monsterinsights_skip_tracking":false,"_monsterinsights_sitenote_active":false,"_monsterinsights_sitenote_note":"","_monsterinsights_sitenote_category":0},"product_brand":[],"product_cat":[52],"product_tag":[761,758,757,763,762,759,760],"class_list":{"0":"post-9111","1":"product","2":"type-product","3":"status-publish","4":"has-post-thumbnail","6":"product_cat-pain-killers","7":"product_tag-acquisto-percocet-10-325-online","8":"product_tag-come-comprare-percocet-10-325-online","9":"product_tag-comprare-percocet-10-325-online","10":"product_tag-dove-comprare-percocet-10-325-online","11":"product_tag-il-miglior-posto-per-comprare-percocet-10-325-online","12":"product_tag-ordine-percocet-10-325-online","13":"product_tag-percocet-10-325-in-vendita","15":"first","16":"instock","17":"shipping-taxable","18":"purchasable","19":"product-type-variable","20":"has-default-attributes"},"acf":[],"yoast_head":"<!-- This site is optimized with the Yoast SEO plugin v27.2 - https:\/\/yoast.com\/product\/yoast-seo-wordpress\/ -->\n<title>Percocet pillole in vendita online | Global Meds Inc.<\/title>\n<meta name=\"description\" content=\"Percocet pillole in vendita online senza prescrizione. Vendiamo le pillole Percocet della migliore qualit\u00e0. Vi invitiamo a contattarci per ulteriori informazioni.\" \/>\n<meta name=\"robots\" content=\"index, follow, max-snippet:-1, max-image-preview:large, max-video-preview:-1\" \/>\n<link rel=\"canonical\" href=\"https:\/\/globalmedsonlineinc.com\/it\/product\/pain-killers\/percocet\/\" \/>\n<meta property=\"og:locale\" content=\"it_IT\" \/>\n<meta property=\"og:type\" content=\"article\" \/>\n<meta property=\"og:title\" content=\"Percocet pillole in vendita online | Global Meds Inc.\" \/>\n<meta property=\"og:description\" content=\"Percocet pillole in vendita online senza prescrizione. Vendiamo le pillole Percocet della migliore qualit\u00e0. Vi invitiamo a contattarci per ulteriori informazioni.\" \/>\n<meta property=\"og:url\" content=\"https:\/\/globalmedsonlineinc.com\/it\/product\/pain-killers\/percocet\/\" \/>\n<meta property=\"og:site_name\" content=\"Global Meds Inc\" \/>\n<meta property=\"article:modified_time\" content=\"2024-02-20T11:39:05+00:00\" \/>\n<meta property=\"og:image\" content=\"https:\/\/globalmedsonlineinc.com\/it\/content\/media\/uploads\/sites\/9\/2021\/07\/Buy-PERCOCET-10-mg.jpg\" \/>\n\t<meta property=\"og:image:width\" content=\"1200\" \/>\n\t<meta property=\"og:image:height\" content=\"1200\" \/>\n\t<meta property=\"og:image:type\" content=\"image\/jpeg\" \/>\n<meta name=\"twitter:card\" content=\"summary_large_image\" \/>\n<meta name=\"twitter:label1\" content=\"Tempo di lettura stimato\" \/>\n\t<meta name=\"twitter:data1\" content=\"2 minuti\" \/>\n<script type=\"application\/ld+json\" class=\"yoast-schema-graph\">{\"@context\":\"https:\/\/schema.org\",\"@graph\":[{\"@type\":\"WebPage\",\"@id\":\"https:\/\/globalmedsonlineinc.com\/it\/product\/pain-killers\/percocet\/\",\"url\":\"https:\/\/globalmedsonlineinc.com\/it\/product\/pain-killers\/percocet\/\",\"name\":\"Percocet pillole in vendita online | Global Meds Inc.\",\"isPartOf\":{\"@id\":\"https:\/\/globalmedsonlineinc.com\/it\/#website\"},\"primaryImageOfPage\":{\"@id\":\"https:\/\/globalmedsonlineinc.com\/it\/product\/pain-killers\/percocet\/#primaryimage\"},\"image\":{\"@id\":\"https:\/\/globalmedsonlineinc.com\/it\/product\/pain-killers\/percocet\/#primaryimage\"},\"thumbnailUrl\":\"https:\/\/globalmedsonlineinc.com\/it\/content\/media\/uploads\/sites\/9\/2021\/07\/Buy-PERCOCET-10-mg.jpg\",\"datePublished\":\"2021-07-02T17:36:17+00:00\",\"dateModified\":\"2024-02-20T11:39:05+00:00\",\"description\":\"Percocet pillole in vendita online senza prescrizione. Vendiamo le pillole Percocet della migliore qualit\u00e0. Vi invitiamo a contattarci per ulteriori informazioni.\",\"breadcrumb\":{\"@id\":\"https:\/\/globalmedsonlineinc.com\/it\/product\/pain-killers\/percocet\/#breadcrumb\"},\"inLanguage\":\"it-IT\",\"potentialAction\":[{\"@type\":\"ReadAction\",\"target\":[\"https:\/\/globalmedsonlineinc.com\/it\/product\/pain-killers\/percocet\/\"]}]},{\"@type\":\"ImageObject\",\"inLanguage\":\"it-IT\",\"@id\":\"https:\/\/globalmedsonlineinc.com\/it\/product\/pain-killers\/percocet\/#primaryimage\",\"url\":\"https:\/\/globalmedsonlineinc.com\/it\/content\/media\/uploads\/sites\/9\/2021\/07\/Buy-PERCOCET-10-mg.jpg\",\"contentUrl\":\"https:\/\/globalmedsonlineinc.com\/it\/content\/media\/uploads\/sites\/9\/2021\/07\/Buy-PERCOCET-10-mg.jpg\",\"width\":1200,\"height\":1200,\"caption\":\"Percocet pillole in vendita online senza prescrizione\"},{\"@type\":\"BreadcrumbList\",\"@id\":\"https:\/\/globalmedsonlineinc.com\/it\/product\/pain-killers\/percocet\/#breadcrumb\",\"itemListElement\":[{\"@type\":\"ListItem\",\"position\":1,\"name\":\"Home\",\"item\":\"https:\/\/globalmedsonlineinc.com\/it\/\"},{\"@type\":\"ListItem\",\"position\":2,\"name\":\"Prodotti\",\"item\":\"https:\/\/globalmedsonlineinc.com\/it\/prodotti\/\"},{\"@type\":\"ListItem\",\"position\":3,\"name\":\"Comprare Percocet pillole online\"}]},{\"@type\":\"WebSite\",\"@id\":\"https:\/\/globalmedsonlineinc.com\/it\/#website\",\"url\":\"https:\/\/globalmedsonlineinc.com\/it\/\",\"name\":\"Global Meds Inc\",\"description\":\"\",\"publisher\":{\"@id\":\"https:\/\/globalmedsonlineinc.com\/it\/#organization\"},\"potentialAction\":[{\"@type\":\"SearchAction\",\"target\":{\"@type\":\"EntryPoint\",\"urlTemplate\":\"https:\/\/globalmedsonlineinc.com\/it\/?s={search_term_string}\"},\"query-input\":{\"@type\":\"PropertyValueSpecification\",\"valueRequired\":true,\"valueName\":\"search_term_string\"}}],\"inLanguage\":\"it-IT\"},{\"@type\":\"Organization\",\"@id\":\"https:\/\/globalmedsonlineinc.com\/it\/#organization\",\"name\":\"Global Meds Inc.\",\"url\":\"https:\/\/globalmedsonlineinc.com\/it\/\",\"logo\":{\"@type\":\"ImageObject\",\"inLanguage\":\"it-IT\",\"@id\":\"https:\/\/globalmedsonlineinc.com\/it\/#\/schema\/logo\/image\/\",\"url\":\"https:\/\/globalmedsonlineinc.com\/it\/content\/media\/uploads\/sites\/9\/2021\/06\/globalmedsonlineincLogoShop20210630123730.00.png\",\"contentUrl\":\"https:\/\/globalmedsonlineinc.com\/it\/content\/media\/uploads\/sites\/9\/2021\/06\/globalmedsonlineincLogoShop20210630123730.00.png\",\"width\":450,\"height\":117,\"caption\":\"Global Meds Inc.\"},\"image\":{\"@id\":\"https:\/\/globalmedsonlineinc.com\/it\/#\/schema\/logo\/image\/\"}}]}<\/script>\n<!-- \/ Yoast SEO plugin. -->","yoast_head_json":{"title":"Percocet pillole in vendita online | Global Meds Inc.","description":"Percocet pillole in vendita online senza prescrizione. Vendiamo le pillole Percocet della migliore qualit\u00e0. Vi invitiamo a contattarci per ulteriori informazioni.","robots":{"index":"index","follow":"follow","max-snippet":"max-snippet:-1","max-image-preview":"max-image-preview:large","max-video-preview":"max-video-preview:-1"},"canonical":"https:\/\/globalmedsonlineinc.com\/it\/product\/pain-killers\/percocet\/","og_locale":"it_IT","og_type":"article","og_title":"Percocet pillole in vendita online | Global Meds Inc.","og_description":"Percocet pillole in vendita online senza prescrizione. Vendiamo le pillole Percocet della migliore qualit\u00e0. Vi invitiamo a contattarci per ulteriori informazioni.","og_url":"https:\/\/globalmedsonlineinc.com\/it\/product\/pain-killers\/percocet\/","og_site_name":"Global Meds Inc","article_modified_time":"2024-02-20T11:39:05+00:00","og_image":[{"width":1200,"height":1200,"url":"https:\/\/globalmedsonlineinc.com\/it\/content\/media\/uploads\/sites\/9\/2021\/07\/Buy-PERCOCET-10-mg.jpg","type":"image\/jpeg"}],"twitter_card":"summary_large_image","twitter_misc":{"Tempo di lettura stimato":"2 minuti"},"schema":{"@context":"https:\/\/schema.org","@graph":[{"@type":"WebPage","@id":"https:\/\/globalmedsonlineinc.com\/it\/product\/pain-killers\/percocet\/","url":"https:\/\/globalmedsonlineinc.com\/it\/product\/pain-killers\/percocet\/","name":"Percocet pillole in vendita online | Global Meds Inc.","isPartOf":{"@id":"https:\/\/globalmedsonlineinc.com\/it\/#website"},"primaryImageOfPage":{"@id":"https:\/\/globalmedsonlineinc.com\/it\/product\/pain-killers\/percocet\/#primaryimage"},"image":{"@id":"https:\/\/globalmedsonlineinc.com\/it\/product\/pain-killers\/percocet\/#primaryimage"},"thumbnailUrl":"https:\/\/globalmedsonlineinc.com\/it\/content\/media\/uploads\/sites\/9\/2021\/07\/Buy-PERCOCET-10-mg.jpg","datePublished":"2021-07-02T17:36:17+00:00","dateModified":"2024-02-20T11:39:05+00:00","description":"Percocet pillole in vendita online senza prescrizione. Vendiamo le pillole Percocet della migliore qualit\u00e0. Vi invitiamo a contattarci per ulteriori informazioni.","breadcrumb":{"@id":"https:\/\/globalmedsonlineinc.com\/it\/product\/pain-killers\/percocet\/#breadcrumb"},"inLanguage":"it-IT","potentialAction":[{"@type":"ReadAction","target":["https:\/\/globalmedsonlineinc.com\/it\/product\/pain-killers\/percocet\/"]}]},{"@type":"ImageObject","inLanguage":"it-IT","@id":"https:\/\/globalmedsonlineinc.com\/it\/product\/pain-killers\/percocet\/#primaryimage","url":"https:\/\/globalmedsonlineinc.com\/it\/content\/media\/uploads\/sites\/9\/2021\/07\/Buy-PERCOCET-10-mg.jpg","contentUrl":"https:\/\/globalmedsonlineinc.com\/it\/content\/media\/uploads\/sites\/9\/2021\/07\/Buy-PERCOCET-10-mg.jpg","width":1200,"height":1200,"caption":"Percocet pillole in vendita online senza prescrizione"},{"@type":"BreadcrumbList","@id":"https:\/\/globalmedsonlineinc.com\/it\/product\/pain-killers\/percocet\/#breadcrumb","itemListElement":[{"@type":"ListItem","position":1,"name":"Home","item":"https:\/\/globalmedsonlineinc.com\/it\/"},{"@type":"ListItem","position":2,"name":"Prodotti","item":"https:\/\/globalmedsonlineinc.com\/it\/prodotti\/"},{"@type":"ListItem","position":3,"name":"Comprare Percocet pillole online"}]},{"@type":"WebSite","@id":"https:\/\/globalmedsonlineinc.com\/it\/#website","url":"https:\/\/globalmedsonlineinc.com\/it\/","name":"Global Meds Inc","description":"","publisher":{"@id":"https:\/\/globalmedsonlineinc.com\/it\/#organization"},"potentialAction":[{"@type":"SearchAction","target":{"@type":"EntryPoint","urlTemplate":"https:\/\/globalmedsonlineinc.com\/it\/?s={search_term_string}"},"query-input":{"@type":"PropertyValueSpecification","valueRequired":true,"valueName":"search_term_string"}}],"inLanguage":"it-IT"},{"@type":"Organization","@id":"https:\/\/globalmedsonlineinc.com\/it\/#organization","name":"Global Meds Inc.","url":"https:\/\/globalmedsonlineinc.com\/it\/","logo":{"@type":"ImageObject","inLanguage":"it-IT","@id":"https:\/\/globalmedsonlineinc.com\/it\/#\/schema\/logo\/image\/","url":"https:\/\/globalmedsonlineinc.com\/it\/content\/media\/uploads\/sites\/9\/2021\/06\/globalmedsonlineincLogoShop20210630123730.00.png","contentUrl":"https:\/\/globalmedsonlineinc.com\/it\/content\/media\/uploads\/sites\/9\/2021\/06\/globalmedsonlineincLogoShop20210630123730.00.png","width":450,"height":117,"caption":"Global Meds Inc."},"image":{"@id":"https:\/\/globalmedsonlineinc.com\/it\/#\/schema\/logo\/image\/"}}]}},"_links":{"self":[{"href":"https:\/\/globalmedsonlineinc.com\/it\/wp-json\/wp\/v2\/product\/9111","targetHints":{"allow":["GET"]}}],"collection":[{"href":"https:\/\/globalmedsonlineinc.com\/it\/wp-json\/wp\/v2\/product"}],"about":[{"href":"https:\/\/globalmedsonlineinc.com\/it\/wp-json\/wp\/v2\/types\/product"}],"replies":[{"embeddable":true,"href":"https:\/\/globalmedsonlineinc.com\/it\/wp-json\/wp\/v2\/comments?post=9111"}],"wp:featuredmedia":[{"embeddable":true,"href":"https:\/\/globalmedsonlineinc.com\/it\/wp-json\/wp\/v2\/media\/9112"}],"wp:attachment":[{"href":"https:\/\/globalmedsonlineinc.com\/it\/wp-json\/wp\/v2\/media?parent=9111"}],"wp:term":[{"taxonomy":"product_brand","embeddable":true,"href":"https:\/\/globalmedsonlineinc.com\/it\/wp-json\/wp\/v2\/product_brand?post=9111"},{"taxonomy":"product_cat","embeddable":true,"href":"https:\/\/globalmedsonlineinc.com\/it\/wp-json\/wp\/v2\/product_cat?post=9111"},{"taxonomy":"product_tag","embeddable":true,"href":"https:\/\/globalmedsonlineinc.com\/it\/wp-json\/wp\/v2\/product_tag?post=9111"}],"curies":[{"name":"wp","href":"https:\/\/api.w.org\/{rel}","templated":true}]}}