{"id":9106,"date":"2021-07-02T17:26:15","date_gmt":"2021-07-02T17:26:15","guid":{"rendered":"https:\/\/globalmedsonlineinc.com\/it\/?post_type=product&#038;p=9106"},"modified":"2024-02-20T11:39:19","modified_gmt":"2024-02-20T11:39:19","slug":"methadone","status":"publish","type":"product","link":"https:\/\/globalmedsonlineinc.com\/it\/product\/pain-killers\/methadone\/","title":{"rendered":"Comprare pillole di Methadone online"},"content":{"rendered":"<h2>Pillole di metadone in vendita online senza ricetta<\/h2>\n<p><a href=\"https:\/\/globalmedsonlineinc.com\/it\/product\/pain-killers\/methadone\/\">Pillole di metadone in vendita online<\/a> senza ricetta, Il metadone \u00e8 un farmaco oppioide a lunga durata d&#8217;azione che viene utilizzato per sostituire gli oppioidi a breve durata d&#8217;azione che qualcuno pu\u00f2 essere dipendente, come l&#8217;eroina, ossicodone, fentanyl, o idromorfone. Ad azione prolungata significa che il farmaco agisce pi\u00f9 lentamente nel corpo e per un periodo di tempo pi\u00f9 lungo. Gli effetti del metadone durano da 24 a 36 ore. Al contrario, una persona che usa oppioidi a breve durata d&#8217;azione per evitare l&#8217;astinenza deve prendere tre o quattro volte al giorno. Acquistare pillole di metadone sul web<\/p>\n<p>Quando il metadone \u00e8 preso alla giusta dose, previene i sintomi di astinenza e riduce il desiderio di droga senza far sentire la persona alta (euforica) o assonnata. Questo riduce i danni associati all&#8217;abuso di oppioidi e d\u00e0 alle persone che sono dipendenti da oppioidi una possibilit\u00e0 di stabilizzare la loro vita. Questo trattamento \u00e8 noto come terapia di mantenimento con metadone, che \u00e8 un tipo di terapia con agonisti oppioidi. La terapia del metadone per la dipendenza da oppioidi funziona in modo simile alla buprenorfina, <a href=\"https:\/\/en.wikipedia.org\/wiki\/Methadone\">un&#8217;altra<\/a> terapia agonista oppioide. Comprare pillole di metadone online<\/p>\n<p>Soffri di dolore? Ora puoi ottenere i tuoi farmaci per il dolore dalla comodit\u00e0 della tua casa o dell&#8217;ufficio, vendiamo le migliori pillole mediche per il sollievo dal dolore e molte altre condizioni come; Xanax, Oxycontin, Oxycodone, Dilaudid, Demerol, Metadone (Dolofina, Methadose), Roxycodone, Diazepam, Ritalin, Percocet, Concerta, Tramadol, Adderall, Hydrocodone, Morphine. Abbiamo un record del 100% di consegne di successo.<\/p>\n<p>Abbiamo farmaci per il trattamento del mal di schiena cronico, tosse, ansia, disturbo di panico, depressione, disfunzione erettile, disfunzione sessuale, narcolessia, obesit\u00e0, depressione, affaticamento, perdita di peso supplemento e pi\u00f9 online (nessuna prescrizione necessaria) acquistare pillole di metadone online<\/p>\n<p>&#8211; Nessuna prescrizione necessaria<br \/>\n&#8211; Consegna espressa durante la notte o il giorno successivo<br \/>\n&#8211; Il pacchetto \u00e8 sigillato in modo molto discreto, avvolto con un foglio di alluminio, sicuro e protetto<br \/>\n&#8211; Nessuna firma richiesta quando il pacchetto arriva<br \/>\n&#8211; Servizio clienti e supporto al 100%.<br \/>\n&#8211; Garanzia di rimborso<br \/>\n&#8211; Offriamo un servizio di consegna porta a porta<br \/>\n&#8211; Prezzi eccellenti e imbattibili.<\/p>\n<p>Avvolgiamo accuratamente i pacchetti con tungsteno e carta carbone per saltare le macchine a raggi X della dogana negli aeroporti. I pacchetti sono splendidamente avvolti con carte da imballaggio dall&#8217;esterno.<\/p>\n<h6>Dolofina (Metadone)<\/h6>\n<p>Dolophine Methadone 10MG, questo farmaco \u00e8 usato per trattare il dolore grave in corso (come a causa del cancro).\u00a0Il metadone appartiene a una classe di farmaci noti come analgesici oppiodi (narcotici). Funziona nel cervello per cambiare il modo in cui il tuo corpo si sente e risponde al dolore.<\/p>\n<p>Dolophine Methadone 10MG, Non usare questo farmaco per alleviare il dolore che \u00e8 lieve o che andr\u00e0 via in pochi giorni (come il dolore da un intervento chirurgico). Questo farmaco non \u00e8 per uso occasionale (&#8220;come necessario&#8221;).<\/p>\n<p>Dolophine Methadone 10MG, questo farmaco \u00e8 anche usato per trattare la dipendenza da oppiodi (come l&#8217;eriodo) come parte di un programma di trattamento approvato. Aiuta a prevenire i sintomi di astinenza causati dall&#8217;interruzione di altri oppioidi.<\/p>\n<h6>Come usare Dolofina (Metadone) 10MG<\/h6>\n<p>Vedi anche la sezione Avvertenze.<\/p>\n<p>Legga la guida e il foglio informativo per il paziente di Dolophine Methadone 10MG, se disponibili presso il suo farmacista, prima di iniziare a usare il metadone e ogni volta che ottiene una ricarica. Se ha delle domande, chieda al suo medico o al suo farmacista.<\/p>\n<p>Dolophine Methadone 10MG, Prendi questo farmaco per bocca su un programma regolare come indicato dal vostro medico e non come necessario per il dolore improvviso (breakthrough). Si pu\u00f2 prendere questo farmaco con o senza cibo. Se avete nausea, pu\u00f2 aiutare a prendere questo farmaco con il cibo. Chiedete al vostro medico o farmacista su altri modi per diminuire la nausea (come sdraiarsi per 1 a 2 ore con il minor movimento della testa possibile).<\/p>\n<p>Se si utilizza la forma liquida di questo farmaco, misurare la dose con attenzione utilizzando uno speciale dispositivo di misurazione \/ cucchiaio. Non usate un cucchiaio domestico perch\u00e9 potreste non ottenere la dose corretta.<\/p>\n<p>Il dosaggio \u00e8 basato sulla tua condizione medica e sulla risposta al trattamento.<\/p>\n<p>Dolophine Methadone 10MG, questo farmaco \u00e8 usato per trattare il dolore grave in corso (come a causa del cancro).\u00a0Il metadone appartiene ad una classe di farmaci noti come analgesici oppiodi (narcotici). Questo farmaco pu\u00f2 causare reazioni di astinenza, specialmente se \u00e8 stato usato regolarmente per molto tempo o in dosi elevate. In questi casi, i sintomi di astinenza (come irrequietezza, occhi che lacrimano, rumore che scorre, nausea, sudorazione, dolori muscolari) possono verificarsi se si smette improvvisamente di usare questo farmaco. Per prevenire reazioni di astinenza, il medico pu\u00f2 ridurre la dose gradualmente. Consultate il vostro medico o farmacista per maggiori dettagli, e segnalate qualsiasi reazione di astinenza subito.<\/p>\n<p>Anche se aiuta molte persone, questo farmaco pu\u00f2 talvolta causare addizione. Questo rischio pu\u00f2 essere pi\u00f9 alto se avete un disturbo da uso di sostanze (come l&#8217;uso eccessivo o la dipendenza da droghe\/alcol). Prendi questo farmaco esattamente come prescritto per abbassare il rischio di dipendenza. L&#8217;interruzione del trattamento di mantenimento con metadone ha un alto rischio di ritorno all&#8217;abuso di Dolophine Methadone 10MG. Chieda al suo medico o farmacista per maggiori dettagli.<\/p>\n<p>Informi il medico se la sua condizione persiste o peggiora.\u00a0Dolofina (Metadone) 10MG.<\/p>\n<p>pillole di metadone in vendita, metadone in vendita, metadone in vendita online, compresse di metadone in vendita, metadone in vendita senza ricetta, metadone valore di strada, Acquisto pillole di metadone sul web.<\/p>\n<p>Methadone pillole online di buona qualit\u00e0: Si capisce perfettamente che la gente non si fida rapidamente della qualit\u00e0 delle pillole di Methadone vendute online perch\u00e9 non possono esaminarle fisicamente. Ma non \u00e8 la stessa cosa con i fornitori di pillole di Methadone online. I prodotti qui sono fedeli alla loro descrizione con una manutenzione di alta qualit\u00e0 fatta sotto la supervisione degli esperti.<\/p>\n<p>Veloce &amp; Spedizione discreta: La consegna delle pillole di Methadone online dopo aver ricevuto l&#8217;ordine viene effettuata entro i tempi promessi. Il team di spedizione mette tutto il suo impegno nel rendere la procedura di spedizione e consegna liscia e veloce. Potete anche aspettarvi servizi eccellenti quando comprate le pillole di metadone online dal professionista sulla piattaforma online.<\/p>\n","protected":false},"excerpt":{"rendered":"<p>Il METHADONE \u00e8 un antidolorifico. Viene usato per trattare il dolore grave. Il farmaco \u00e8 anche usato per prevenire i sintomi di astinenza nelle persone dipendenti da altre droghe<\/p>\n","protected":false},"featured_media":9107,"comment_status":"open","ping_status":"closed","template":"","meta":{"_acf_changed":false,"_monsterinsights_skip_tracking":false,"_monsterinsights_sitenote_active":false,"_monsterinsights_sitenote_note":"","_monsterinsights_sitenote_category":0},"product_brand":[],"product_cat":[52],"product_tag":[764,771,766,768,767,765,769,770],"class_list":{"0":"post-9106","1":"product","2":"type-product","3":"status-publish","4":"has-post-thumbnail","6":"product_cat-pain-killers","7":"product_tag-come-ottenere-il-metadone","8":"product_tag-compresse-di-metadone-in-vendita","9":"product_tag-metadone-in-vendita","10":"product_tag-metadone-in-vendita-online","11":"product_tag-metadone-in-vendita-senza-ricetta","12":"product_tag-pillole-di-metadone-10mg","13":"product_tag-pillole-di-metadone-in-vendita","14":"product_tag-valore-stradale-del-metadone","16":"first","17":"instock","18":"shipping-taxable","19":"purchasable","20":"product-type-variable","21":"has-default-attributes"},"acf":[],"yoast_head":"<!-- This site is optimized with the Yoast SEO plugin v27.2 - https:\/\/yoast.com\/product\/yoast-seo-wordpress\/ -->\n<title>Pillole di metadone in vendita online | Global Meds Inc.<\/title>\n<meta name=\"description\" content=\"Pillole di Methadone in vendita online senza prescrizione. Vendiamo pillole di metadone della migliore qualit\u00e0. Vi invitiamo a contattarci per ulteriori informazioni.\" \/>\n<meta name=\"robots\" content=\"index, follow, max-snippet:-1, max-image-preview:large, max-video-preview:-1\" \/>\n<link rel=\"canonical\" href=\"https:\/\/globalmedsonlineinc.com\/it\/product\/pain-killers\/methadone\/\" \/>\n<meta property=\"og:locale\" content=\"it_IT\" \/>\n<meta property=\"og:type\" content=\"article\" \/>\n<meta property=\"og:title\" content=\"Pillole di metadone in vendita online | Global Meds Inc.\" \/>\n<meta property=\"og:description\" content=\"Pillole di Methadone in vendita online senza prescrizione. Vendiamo pillole di metadone della migliore qualit\u00e0. Vi invitiamo a contattarci per ulteriori informazioni.\" \/>\n<meta property=\"og:url\" content=\"https:\/\/globalmedsonlineinc.com\/it\/product\/pain-killers\/methadone\/\" \/>\n<meta property=\"og:site_name\" content=\"Global Meds Inc\" \/>\n<meta property=\"article:modified_time\" content=\"2024-02-20T11:39:19+00:00\" \/>\n<meta property=\"og:image\" content=\"https:\/\/globalmedsonlineinc.com\/it\/content\/media\/uploads\/sites\/9\/2021\/07\/Dolophine-Methadone-10-MG.jpg\" \/>\n\t<meta property=\"og:image:width\" content=\"1200\" \/>\n\t<meta property=\"og:image:height\" content=\"1200\" \/>\n\t<meta property=\"og:image:type\" content=\"image\/jpeg\" \/>\n<meta name=\"twitter:card\" content=\"summary_large_image\" \/>\n<meta name=\"twitter:label1\" content=\"Tempo di lettura stimato\" \/>\n\t<meta name=\"twitter:data1\" content=\"5 minuti\" \/>\n<script type=\"application\/ld+json\" class=\"yoast-schema-graph\">{\"@context\":\"https:\/\/schema.org\",\"@graph\":[{\"@type\":\"WebPage\",\"@id\":\"https:\/\/globalmedsonlineinc.com\/it\/product\/pain-killers\/methadone\/\",\"url\":\"https:\/\/globalmedsonlineinc.com\/it\/product\/pain-killers\/methadone\/\",\"name\":\"Pillole di metadone in vendita online | Global Meds Inc.\",\"isPartOf\":{\"@id\":\"https:\/\/globalmedsonlineinc.com\/it\/#website\"},\"primaryImageOfPage\":{\"@id\":\"https:\/\/globalmedsonlineinc.com\/it\/product\/pain-killers\/methadone\/#primaryimage\"},\"image\":{\"@id\":\"https:\/\/globalmedsonlineinc.com\/it\/product\/pain-killers\/methadone\/#primaryimage\"},\"thumbnailUrl\":\"https:\/\/globalmedsonlineinc.com\/it\/content\/media\/uploads\/sites\/9\/2021\/07\/Dolophine-Methadone-10-MG.jpg\",\"datePublished\":\"2021-07-02T17:26:15+00:00\",\"dateModified\":\"2024-02-20T11:39:19+00:00\",\"description\":\"Pillole di Methadone in vendita online senza prescrizione. Vendiamo pillole di metadone della migliore qualit\u00e0. Vi invitiamo a contattarci per ulteriori informazioni.\",\"breadcrumb\":{\"@id\":\"https:\/\/globalmedsonlineinc.com\/it\/product\/pain-killers\/methadone\/#breadcrumb\"},\"inLanguage\":\"it-IT\",\"potentialAction\":[{\"@type\":\"ReadAction\",\"target\":[\"https:\/\/globalmedsonlineinc.com\/it\/product\/pain-killers\/methadone\/\"]}]},{\"@type\":\"ImageObject\",\"inLanguage\":\"it-IT\",\"@id\":\"https:\/\/globalmedsonlineinc.com\/it\/product\/pain-killers\/methadone\/#primaryimage\",\"url\":\"https:\/\/globalmedsonlineinc.com\/it\/content\/media\/uploads\/sites\/9\/2021\/07\/Dolophine-Methadone-10-MG.jpg\",\"contentUrl\":\"https:\/\/globalmedsonlineinc.com\/it\/content\/media\/uploads\/sites\/9\/2021\/07\/Dolophine-Methadone-10-MG.jpg\",\"width\":1200,\"height\":1200,\"caption\":\"Pillole di metadone in vendita online senza prescrizione\"},{\"@type\":\"BreadcrumbList\",\"@id\":\"https:\/\/globalmedsonlineinc.com\/it\/product\/pain-killers\/methadone\/#breadcrumb\",\"itemListElement\":[{\"@type\":\"ListItem\",\"position\":1,\"name\":\"Home\",\"item\":\"https:\/\/globalmedsonlineinc.com\/it\/\"},{\"@type\":\"ListItem\",\"position\":2,\"name\":\"Prodotti\",\"item\":\"https:\/\/globalmedsonlineinc.com\/it\/prodotti\/\"},{\"@type\":\"ListItem\",\"position\":3,\"name\":\"Comprare pillole di Methadone online\"}]},{\"@type\":\"WebSite\",\"@id\":\"https:\/\/globalmedsonlineinc.com\/it\/#website\",\"url\":\"https:\/\/globalmedsonlineinc.com\/it\/\",\"name\":\"Global Meds Inc\",\"description\":\"\",\"publisher\":{\"@id\":\"https:\/\/globalmedsonlineinc.com\/it\/#organization\"},\"potentialAction\":[{\"@type\":\"SearchAction\",\"target\":{\"@type\":\"EntryPoint\",\"urlTemplate\":\"https:\/\/globalmedsonlineinc.com\/it\/?s={search_term_string}\"},\"query-input\":{\"@type\":\"PropertyValueSpecification\",\"valueRequired\":true,\"valueName\":\"search_term_string\"}}],\"inLanguage\":\"it-IT\"},{\"@type\":\"Organization\",\"@id\":\"https:\/\/globalmedsonlineinc.com\/it\/#organization\",\"name\":\"Global Meds Inc.\",\"url\":\"https:\/\/globalmedsonlineinc.com\/it\/\",\"logo\":{\"@type\":\"ImageObject\",\"inLanguage\":\"it-IT\",\"@id\":\"https:\/\/globalmedsonlineinc.com\/it\/#\/schema\/logo\/image\/\",\"url\":\"https:\/\/globalmedsonlineinc.com\/it\/content\/media\/uploads\/sites\/9\/2021\/06\/globalmedsonlineincLogoShop20210630123730.00.png\",\"contentUrl\":\"https:\/\/globalmedsonlineinc.com\/it\/content\/media\/uploads\/sites\/9\/2021\/06\/globalmedsonlineincLogoShop20210630123730.00.png\",\"width\":450,\"height\":117,\"caption\":\"Global Meds Inc.\"},\"image\":{\"@id\":\"https:\/\/globalmedsonlineinc.com\/it\/#\/schema\/logo\/image\/\"}}]}<\/script>\n<!-- \/ Yoast SEO plugin. -->","yoast_head_json":{"title":"Pillole di metadone in vendita online | Global Meds Inc.","description":"Pillole di Methadone in vendita online senza prescrizione. Vendiamo pillole di metadone della migliore qualit\u00e0. Vi invitiamo a contattarci per ulteriori informazioni.","robots":{"index":"index","follow":"follow","max-snippet":"max-snippet:-1","max-image-preview":"max-image-preview:large","max-video-preview":"max-video-preview:-1"},"canonical":"https:\/\/globalmedsonlineinc.com\/it\/product\/pain-killers\/methadone\/","og_locale":"it_IT","og_type":"article","og_title":"Pillole di metadone in vendita online | Global Meds Inc.","og_description":"Pillole di Methadone in vendita online senza prescrizione. Vendiamo pillole di metadone della migliore qualit\u00e0. Vi invitiamo a contattarci per ulteriori informazioni.","og_url":"https:\/\/globalmedsonlineinc.com\/it\/product\/pain-killers\/methadone\/","og_site_name":"Global Meds Inc","article_modified_time":"2024-02-20T11:39:19+00:00","og_image":[{"width":1200,"height":1200,"url":"https:\/\/globalmedsonlineinc.com\/it\/content\/media\/uploads\/sites\/9\/2021\/07\/Dolophine-Methadone-10-MG.jpg","type":"image\/jpeg"}],"twitter_card":"summary_large_image","twitter_misc":{"Tempo di lettura stimato":"5 minuti"},"schema":{"@context":"https:\/\/schema.org","@graph":[{"@type":"WebPage","@id":"https:\/\/globalmedsonlineinc.com\/it\/product\/pain-killers\/methadone\/","url":"https:\/\/globalmedsonlineinc.com\/it\/product\/pain-killers\/methadone\/","name":"Pillole di metadone in vendita online | Global Meds Inc.","isPartOf":{"@id":"https:\/\/globalmedsonlineinc.com\/it\/#website"},"primaryImageOfPage":{"@id":"https:\/\/globalmedsonlineinc.com\/it\/product\/pain-killers\/methadone\/#primaryimage"},"image":{"@id":"https:\/\/globalmedsonlineinc.com\/it\/product\/pain-killers\/methadone\/#primaryimage"},"thumbnailUrl":"https:\/\/globalmedsonlineinc.com\/it\/content\/media\/uploads\/sites\/9\/2021\/07\/Dolophine-Methadone-10-MG.jpg","datePublished":"2021-07-02T17:26:15+00:00","dateModified":"2024-02-20T11:39:19+00:00","description":"Pillole di Methadone in vendita online senza prescrizione. Vendiamo pillole di metadone della migliore qualit\u00e0. Vi invitiamo a contattarci per ulteriori informazioni.","breadcrumb":{"@id":"https:\/\/globalmedsonlineinc.com\/it\/product\/pain-killers\/methadone\/#breadcrumb"},"inLanguage":"it-IT","potentialAction":[{"@type":"ReadAction","target":["https:\/\/globalmedsonlineinc.com\/it\/product\/pain-killers\/methadone\/"]}]},{"@type":"ImageObject","inLanguage":"it-IT","@id":"https:\/\/globalmedsonlineinc.com\/it\/product\/pain-killers\/methadone\/#primaryimage","url":"https:\/\/globalmedsonlineinc.com\/it\/content\/media\/uploads\/sites\/9\/2021\/07\/Dolophine-Methadone-10-MG.jpg","contentUrl":"https:\/\/globalmedsonlineinc.com\/it\/content\/media\/uploads\/sites\/9\/2021\/07\/Dolophine-Methadone-10-MG.jpg","width":1200,"height":1200,"caption":"Pillole di metadone in vendita online senza prescrizione"},{"@type":"BreadcrumbList","@id":"https:\/\/globalmedsonlineinc.com\/it\/product\/pain-killers\/methadone\/#breadcrumb","itemListElement":[{"@type":"ListItem","position":1,"name":"Home","item":"https:\/\/globalmedsonlineinc.com\/it\/"},{"@type":"ListItem","position":2,"name":"Prodotti","item":"https:\/\/globalmedsonlineinc.com\/it\/prodotti\/"},{"@type":"ListItem","position":3,"name":"Comprare pillole di Methadone online"}]},{"@type":"WebSite","@id":"https:\/\/globalmedsonlineinc.com\/it\/#website","url":"https:\/\/globalmedsonlineinc.com\/it\/","name":"Global Meds Inc","description":"","publisher":{"@id":"https:\/\/globalmedsonlineinc.com\/it\/#organization"},"potentialAction":[{"@type":"SearchAction","target":{"@type":"EntryPoint","urlTemplate":"https:\/\/globalmedsonlineinc.com\/it\/?s={search_term_string}"},"query-input":{"@type":"PropertyValueSpecification","valueRequired":true,"valueName":"search_term_string"}}],"inLanguage":"it-IT"},{"@type":"Organization","@id":"https:\/\/globalmedsonlineinc.com\/it\/#organization","name":"Global Meds Inc.","url":"https:\/\/globalmedsonlineinc.com\/it\/","logo":{"@type":"ImageObject","inLanguage":"it-IT","@id":"https:\/\/globalmedsonlineinc.com\/it\/#\/schema\/logo\/image\/","url":"https:\/\/globalmedsonlineinc.com\/it\/content\/media\/uploads\/sites\/9\/2021\/06\/globalmedsonlineincLogoShop20210630123730.00.png","contentUrl":"https:\/\/globalmedsonlineinc.com\/it\/content\/media\/uploads\/sites\/9\/2021\/06\/globalmedsonlineincLogoShop20210630123730.00.png","width":450,"height":117,"caption":"Global Meds Inc."},"image":{"@id":"https:\/\/globalmedsonlineinc.com\/it\/#\/schema\/logo\/image\/"}}]}},"_links":{"self":[{"href":"https:\/\/globalmedsonlineinc.com\/it\/wp-json\/wp\/v2\/product\/9106","targetHints":{"allow":["GET"]}}],"collection":[{"href":"https:\/\/globalmedsonlineinc.com\/it\/wp-json\/wp\/v2\/product"}],"about":[{"href":"https:\/\/globalmedsonlineinc.com\/it\/wp-json\/wp\/v2\/types\/product"}],"replies":[{"embeddable":true,"href":"https:\/\/globalmedsonlineinc.com\/it\/wp-json\/wp\/v2\/comments?post=9106"}],"wp:featuredmedia":[{"embeddable":true,"href":"https:\/\/globalmedsonlineinc.com\/it\/wp-json\/wp\/v2\/media\/9107"}],"wp:attachment":[{"href":"https:\/\/globalmedsonlineinc.com\/it\/wp-json\/wp\/v2\/media?parent=9106"}],"wp:term":[{"taxonomy":"product_brand","embeddable":true,"href":"https:\/\/globalmedsonlineinc.com\/it\/wp-json\/wp\/v2\/product_brand?post=9106"},{"taxonomy":"product_cat","embeddable":true,"href":"https:\/\/globalmedsonlineinc.com\/it\/wp-json\/wp\/v2\/product_cat?post=9106"},{"taxonomy":"product_tag","embeddable":true,"href":"https:\/\/globalmedsonlineinc.com\/it\/wp-json\/wp\/v2\/product_tag?post=9106"}],"curies":[{"name":"wp","href":"https:\/\/api.w.org\/{rel}","templated":true}]}}