{"id":9098,"date":"2021-07-02T17:16:05","date_gmt":"2021-07-02T17:16:05","guid":{"rendered":"https:\/\/globalmedsonlineinc.com\/it\/?post_type=product&#038;p=9098"},"modified":"2024-02-20T11:41:09","modified_gmt":"2024-02-20T11:41:09","slug":"adderall","status":"publish","type":"product","link":"https:\/\/globalmedsonlineinc.com\/it\/product\/pain-killers\/adderall\/","title":{"rendered":"Comprare pillole di Adderall online"},"content":{"rendered":"<h1>Pillole di Adderall in vendita online senza ricetta<\/h1>\n<p><a href=\"https:\/\/globalmedsonlineinc.com\/it\/product\/pain-killers\/adderall\/\">Pillole Adderall in vendita<\/a> online senza ricetta. Adderall 30 MG \u00e8 un tipo di droga che si forma combinando e dextroamphetamine. Questi due componenti servono come stimolanti primari del sistema nervoso. Inoltre, questi stimolanti hanno un impatto sulle sostanze chimiche del cervello e sui nervi per controllare gli impulsi e l&#8217;iperattivit\u00e0. Il farmaco \u00e8 fondamentalmente usato per curare la narcolessia e il disturbo di iperattivit\u00e0 (ADHD). Il suo consumo \u00e8 consentito in determinati paesi, soprattutto in Canada e negli Stati Uniti.<\/p>\n<p>Il pi\u00f9 grande problema in <em>Acquista Adderall 30Mg<\/em> online si riduce a questa parola che inizia con WE Ogni figlia o figlio \u00e8 nato con una memoria decente<\/p>\n<p><em>Acquista Adderall 30mg<\/em>. Nessuna prescrizione richiesta. Spedizione sicura e discreta al 100%. Consegna notturna disponibile. Garanzia di rimborso.<\/p>\n<p>\u00c8 possibile <em>acquistare Adderall<\/em> pillole online senza prescrizione, adderall sul computer aperto, Posso <em>acquistare Adderall<\/em> online?<\/p>\n<h6><strong>Precauzioni relative al dosaggio:<\/strong><\/h6>\n<p>Ci potrebbe essere bisogno di prendere Adderall XR in una persona, ma uno deve consultare il medico prima della prima dose se lui \/ lei ha la tiroide iperattiva, moderata a grave pressione alta, glaucoma, qualsiasi malattia di cuore o anche se una persona era tossicodipendente o alcol in precedenza. Le persone sono anche consigliate di non abusare del suo dosaggio in quanto potrebbe causare gravi effetti collaterali sul cuore o peggio ancora, la morte.<\/p>\n<h6><strong>Successo positivo:<\/strong><\/h6>\n<p>Come consumare farmaci di qualsiasi tipo hanno effetti sia negativi che positivi. Adderall 30 MG ha pure. Questo \u00e8 stato osservato che l&#8217;utilizzo per un periodo pi\u00f9 breve come indicato dal medico, ha un impatto positivo sulla salute della persona a causa della prevenzione dei sintomi ADHD. Succede perch\u00e9:<\/p>\n<ul>\n<li style=\"list-style-type: none\">\n<ul>\n<li>Aumenta la presenza di neurotrasmettitori nel <a href=\"https:\/\/it.wikipedia.org\/wiki\/Adderall\">nostro<\/a> cervello come la dopamina e la norepinefrina. Inoltre, queste sostanze chimiche specifiche nella funzione del cervello come per aumentare i livelli di energia, la vigilanza e l&#8217;attenzione pure.<\/li>\n<\/ul>\n<\/li>\n<\/ul>\n<p>.<\/p>\n<ul>\n<li>Il farmaco pu\u00f2 aumentare la frequenza cardiaca e mantiene il flusso di sangue ai muscoli.<\/li>\n<li>L&#8217;uso costante di esso come consigliato dai medici pu\u00f2 generare maggiore energia e rinvigorimento che si dice sia simile al consumo di cocaina.<\/li>\n<\/ul>\n<h6><strong>Esito negativo:<\/strong><\/h6>\n<p>Since it is one of the sensitive drugs and consuming Adderall 30 MG even after expert\u2019s prescription might impact negatively on health.<\/p>\n<ul>\n<li>Irritability<\/li>\n<li>Unhealthy weight loss due to appetite suppression<\/li>\n<li>Restlessness and disturbed sleep patterns<\/li>\n<li>Severe cardiac issues<\/li>\n<\/ul>\n<h6><strong>Punti da tenere a mente:<\/strong><\/h6>\n<p>Inoltre, prima di prendere Adderall 30 MG ci sono alcuni punti da considerare.<\/p>\n<p>I ricercatori hanno suggerito alle persone di non consumarlo se hanno usato l&#8217;inibitore MAO tra cui linezoild, iniezione di blu di metilene, isocarboxazid, rasagilina e altri negli ultimi 14 giorni come pu\u00f2 risultare in interazione di droga intensa che \u00e8 senza dubbio non sano.<\/p>\n<p>Inoltre, una persona con allergie ai farmaci stimolanti dovrebbe evitarlo o se lei\/lui ha gi\u00e0 a che fare con:<\/p>\n<ul>\n<li style=\"list-style-type: none\">\n<ul>\n<li>Malattia cardiaca o coronarica grave<\/li>\n<li>Pressione sanguigna (da normale ad alta)<\/li>\n<\/ul>\n<\/li>\n<\/ul>\n<p>.<\/p>\n<ul>\n<li>Ansia e tensione intense<\/li>\n<li>Dipendenza da droghe o alcol<\/li>\n<\/ul>\n<h6><strong>Cosa succede se una persona \u00e8 dipendente da Adderall XR?<br \/>\nLa dipendenza da tale farmaco avrebbe due tipi di risultato cio\u00e8 psicologico e fisico.<\/strong><\/h6>\n<p>Una persona lo troverebbe psicologicamente dipendente o dipendente da esso se lo prende su base giornaliera e diventa parte della sua vita. Inoltre, meno accesso ad esso a causa di qualsiasi motivo potrebbe essere inquietante e lo stress o il mal di testa si verificherebbe frequentemente alle persone psicologicamente dipendenti.<\/p>\n<p>Inoltre, in primo luogo, per le persone psicologicamente dipendenti il consumo ha spesso raggiunto livelli pericolosi e devono continuare la sua assunzione anche se significa mettere a rischio la loro vita. Tuttavia, in questo caso, una cura \u00e8 disponibile. Questa abitudine pu\u00f2 essere migliorata da un trattamento psicologico per cambiare i modelli di comportamento. Una terapia chiamata terapia cognitiva comportamentale potrebbe essere utile, secondo gli esperti.<\/p>\n<p>In secondo luogo, quando la persona \u00e8 abituata a disponibilit\u00e0 di pi\u00f9 alto livello di dopamina nel suo cervello e limitando Adderall XR in tal caso potrebbe cadere il livello di dopamina e persona poi affronta:<\/p>\n\n<ul>\n<li>Depressione o stanchezza<\/li>\n<li>Dormire in modo anormale o rimanere sveglio per ore insolite<\/li>\n<\/ul>\n<p>.<br \/>\n\u00c8 pertinente menzionare qui che questa dipendenza fisica pu\u00f2 <a href=\"https:\/\/cs.wikipedia.org\/wiki\/Adderall\">sollecitare<\/a> impulso a consumare pi\u00f9 per rimanere soddisfatti che potrebbe portare una persona verso diversi effetti e over dose.<\/p>\n<p>Tuttavia, consumarli solo dopo il parere di un esperto o misurando ogni possibile precauzione pu\u00f2 impedire alle persone di avere esiti negativi<\/p>\n<p>Buona qualit\u00e0 Adderall pillole online: E &#8216;completamente capito che la gente non rapidamente fiducia la qualit\u00e0 delle pillole Adderall online venduti online perch\u00e9 non possono esaminare fisicamente. Ma non \u00e8 la stessa cosa con i fornitori di pillole Adderall online. I prodotti qui sono fedeli alla loro descrizione con una manutenzione di alta qualit\u00e0 fatta sotto la supervisione degli esperti.<\/p>\n<p>Veloce &amp; Spedizione discreta: La consegna delle pillole di Adderall online dopo aver ricevuto l&#8217;ordine avviene entro i tempi promessi. Il team di spedizione mette tutto il suo impegno nel rendere la procedura di spedizione e consegna liscia e veloce. Potete anche aspettarvi servizi eccellenti quando comprate le pillole di Adderall online dal professionista sulla piattaforma online.<\/p>\n","protected":false},"excerpt":{"rendered":"<p>Adderall 30 MG \u00e8 un tipo di droga che si forma combinando e destroanfetamina. Questi due componenti servono come stimolanti primari di un sistema nervoso. Inoltre, questi stimolanti hanno un impatto sulle sostanze chimiche del cervello e sui nervi per controllare gli impulsi e l&#8217;iperattivit\u00e0<\/p>\n","protected":false},"featured_media":9100,"comment_status":"open","ping_status":"closed","template":"","meta":{"_acf_changed":false,"_monsterinsights_skip_tracking":false,"_monsterinsights_sitenote_active":false,"_monsterinsights_sitenote_note":"","_monsterinsights_sitenote_category":0},"product_brand":[],"product_cat":[52],"product_tag":[776,772,774,773,778,777,775],"class_list":{"0":"post-9098","1":"product","2":"type-product","3":"status-publish","4":"has-post-thumbnail","6":"product_cat-pain-killers","7":"product_tag-acquisto-adderall-30-mg-online","8":"product_tag-adderall-30-mg-in-vendita","9":"product_tag-come-comprare-adderall-30-mg-online","10":"product_tag-comprare-adderall-30-mg-online","11":"product_tag-dove-comprare-adderall-30-mg-online","12":"product_tag-il-posto-migliore-per-comprare-adderall-30-mg-online","13":"product_tag-ordine-adderall-30-mg-online","15":"first","16":"instock","17":"shipping-taxable","18":"purchasable","19":"product-type-variable"},"acf":[],"yoast_head":"<!-- This site is optimized with the Yoast SEO plugin v27.2 - https:\/\/yoast.com\/product\/yoast-seo-wordpress\/ -->\n<title>Adderall pillole per la vendita online | Global Meds Inc.<\/title>\n<meta name=\"description\" content=\"Adderall pillole in vendita online senza prescrizione. Vendiamo le pillole Adderall della migliore qualit\u00e0. Vi invitiamo a contattarci per ulteriori informazioni.\" \/>\n<meta name=\"robots\" content=\"index, follow, max-snippet:-1, max-image-preview:large, max-video-preview:-1\" \/>\n<link rel=\"canonical\" href=\"https:\/\/globalmedsonlineinc.com\/it\/product\/pain-killers\/adderall\/\" \/>\n<meta property=\"og:locale\" content=\"it_IT\" \/>\n<meta property=\"og:type\" content=\"article\" \/>\n<meta property=\"og:title\" content=\"Adderall pillole per la vendita online | Global Meds Inc.\" \/>\n<meta property=\"og:description\" content=\"Adderall pillole in vendita online senza prescrizione. Vendiamo le pillole Adderall della migliore qualit\u00e0. Vi invitiamo a contattarci per ulteriori informazioni.\" \/>\n<meta property=\"og:url\" content=\"https:\/\/globalmedsonlineinc.com\/it\/product\/pain-killers\/adderall\/\" \/>\n<meta property=\"og:site_name\" content=\"Global Meds Inc\" \/>\n<meta property=\"article:modified_time\" content=\"2024-02-20T11:41:09+00:00\" \/>\n<meta property=\"og:image\" content=\"https:\/\/globalmedsonlineinc.com\/it\/content\/media\/uploads\/sites\/9\/2021\/07\/Buy-Adderall-30-MG.jpg\" \/>\n\t<meta property=\"og:image:width\" content=\"1200\" \/>\n\t<meta property=\"og:image:height\" content=\"1200\" \/>\n\t<meta property=\"og:image:type\" content=\"image\/jpeg\" \/>\n<meta name=\"twitter:card\" content=\"summary_large_image\" \/>\n<meta name=\"twitter:label1\" content=\"Tempo di lettura stimato\" \/>\n\t<meta name=\"twitter:data1\" content=\"5 minuti\" \/>\n<script type=\"application\/ld+json\" class=\"yoast-schema-graph\">{\"@context\":\"https:\/\/schema.org\",\"@graph\":[{\"@type\":\"WebPage\",\"@id\":\"https:\/\/globalmedsonlineinc.com\/it\/product\/pain-killers\/adderall\/\",\"url\":\"https:\/\/globalmedsonlineinc.com\/it\/product\/pain-killers\/adderall\/\",\"name\":\"Adderall pillole per la vendita online | Global Meds Inc.\",\"isPartOf\":{\"@id\":\"https:\/\/globalmedsonlineinc.com\/it\/#website\"},\"primaryImageOfPage\":{\"@id\":\"https:\/\/globalmedsonlineinc.com\/it\/product\/pain-killers\/adderall\/#primaryimage\"},\"image\":{\"@id\":\"https:\/\/globalmedsonlineinc.com\/it\/product\/pain-killers\/adderall\/#primaryimage\"},\"thumbnailUrl\":\"https:\/\/globalmedsonlineinc.com\/it\/content\/media\/uploads\/sites\/9\/2021\/07\/Buy-Adderall-30-MG.jpg\",\"datePublished\":\"2021-07-02T17:16:05+00:00\",\"dateModified\":\"2024-02-20T11:41:09+00:00\",\"description\":\"Adderall pillole in vendita online senza prescrizione. Vendiamo le pillole Adderall della migliore qualit\u00e0. Vi invitiamo a contattarci per ulteriori informazioni.\",\"breadcrumb\":{\"@id\":\"https:\/\/globalmedsonlineinc.com\/it\/product\/pain-killers\/adderall\/#breadcrumb\"},\"inLanguage\":\"it-IT\",\"potentialAction\":[{\"@type\":\"ReadAction\",\"target\":[\"https:\/\/globalmedsonlineinc.com\/it\/product\/pain-killers\/adderall\/\"]}]},{\"@type\":\"ImageObject\",\"inLanguage\":\"it-IT\",\"@id\":\"https:\/\/globalmedsonlineinc.com\/it\/product\/pain-killers\/adderall\/#primaryimage\",\"url\":\"https:\/\/globalmedsonlineinc.com\/it\/content\/media\/uploads\/sites\/9\/2021\/07\/Buy-Adderall-30-MG.jpg\",\"contentUrl\":\"https:\/\/globalmedsonlineinc.com\/it\/content\/media\/uploads\/sites\/9\/2021\/07\/Buy-Adderall-30-MG.jpg\",\"width\":1200,\"height\":1200,\"caption\":\"Adderall pillole per la vendita online senza prescrizione\"},{\"@type\":\"BreadcrumbList\",\"@id\":\"https:\/\/globalmedsonlineinc.com\/it\/product\/pain-killers\/adderall\/#breadcrumb\",\"itemListElement\":[{\"@type\":\"ListItem\",\"position\":1,\"name\":\"Home\",\"item\":\"https:\/\/globalmedsonlineinc.com\/it\/\"},{\"@type\":\"ListItem\",\"position\":2,\"name\":\"Prodotti\",\"item\":\"https:\/\/globalmedsonlineinc.com\/it\/prodotti\/\"},{\"@type\":\"ListItem\",\"position\":3,\"name\":\"Comprare pillole di Adderall online\"}]},{\"@type\":\"WebSite\",\"@id\":\"https:\/\/globalmedsonlineinc.com\/it\/#website\",\"url\":\"https:\/\/globalmedsonlineinc.com\/it\/\",\"name\":\"Global Meds Inc\",\"description\":\"\",\"publisher\":{\"@id\":\"https:\/\/globalmedsonlineinc.com\/it\/#organization\"},\"potentialAction\":[{\"@type\":\"SearchAction\",\"target\":{\"@type\":\"EntryPoint\",\"urlTemplate\":\"https:\/\/globalmedsonlineinc.com\/it\/?s={search_term_string}\"},\"query-input\":{\"@type\":\"PropertyValueSpecification\",\"valueRequired\":true,\"valueName\":\"search_term_string\"}}],\"inLanguage\":\"it-IT\"},{\"@type\":\"Organization\",\"@id\":\"https:\/\/globalmedsonlineinc.com\/it\/#organization\",\"name\":\"Global Meds Inc.\",\"url\":\"https:\/\/globalmedsonlineinc.com\/it\/\",\"logo\":{\"@type\":\"ImageObject\",\"inLanguage\":\"it-IT\",\"@id\":\"https:\/\/globalmedsonlineinc.com\/it\/#\/schema\/logo\/image\/\",\"url\":\"https:\/\/globalmedsonlineinc.com\/it\/content\/media\/uploads\/sites\/9\/2021\/06\/globalmedsonlineincLogoShop20210630123730.00.png\",\"contentUrl\":\"https:\/\/globalmedsonlineinc.com\/it\/content\/media\/uploads\/sites\/9\/2021\/06\/globalmedsonlineincLogoShop20210630123730.00.png\",\"width\":450,\"height\":117,\"caption\":\"Global Meds Inc.\"},\"image\":{\"@id\":\"https:\/\/globalmedsonlineinc.com\/it\/#\/schema\/logo\/image\/\"}}]}<\/script>\n<!-- \/ Yoast SEO plugin. -->","yoast_head_json":{"title":"Adderall pillole per la vendita online | Global Meds Inc.","description":"Adderall pillole in vendita online senza prescrizione. Vendiamo le pillole Adderall della migliore qualit\u00e0. Vi invitiamo a contattarci per ulteriori informazioni.","robots":{"index":"index","follow":"follow","max-snippet":"max-snippet:-1","max-image-preview":"max-image-preview:large","max-video-preview":"max-video-preview:-1"},"canonical":"https:\/\/globalmedsonlineinc.com\/it\/product\/pain-killers\/adderall\/","og_locale":"it_IT","og_type":"article","og_title":"Adderall pillole per la vendita online | Global Meds Inc.","og_description":"Adderall pillole in vendita online senza prescrizione. Vendiamo le pillole Adderall della migliore qualit\u00e0. Vi invitiamo a contattarci per ulteriori informazioni.","og_url":"https:\/\/globalmedsonlineinc.com\/it\/product\/pain-killers\/adderall\/","og_site_name":"Global Meds Inc","article_modified_time":"2024-02-20T11:41:09+00:00","og_image":[{"width":1200,"height":1200,"url":"https:\/\/globalmedsonlineinc.com\/it\/content\/media\/uploads\/sites\/9\/2021\/07\/Buy-Adderall-30-MG.jpg","type":"image\/jpeg"}],"twitter_card":"summary_large_image","twitter_misc":{"Tempo di lettura stimato":"5 minuti"},"schema":{"@context":"https:\/\/schema.org","@graph":[{"@type":"WebPage","@id":"https:\/\/globalmedsonlineinc.com\/it\/product\/pain-killers\/adderall\/","url":"https:\/\/globalmedsonlineinc.com\/it\/product\/pain-killers\/adderall\/","name":"Adderall pillole per la vendita online | Global Meds Inc.","isPartOf":{"@id":"https:\/\/globalmedsonlineinc.com\/it\/#website"},"primaryImageOfPage":{"@id":"https:\/\/globalmedsonlineinc.com\/it\/product\/pain-killers\/adderall\/#primaryimage"},"image":{"@id":"https:\/\/globalmedsonlineinc.com\/it\/product\/pain-killers\/adderall\/#primaryimage"},"thumbnailUrl":"https:\/\/globalmedsonlineinc.com\/it\/content\/media\/uploads\/sites\/9\/2021\/07\/Buy-Adderall-30-MG.jpg","datePublished":"2021-07-02T17:16:05+00:00","dateModified":"2024-02-20T11:41:09+00:00","description":"Adderall pillole in vendita online senza prescrizione. Vendiamo le pillole Adderall della migliore qualit\u00e0. Vi invitiamo a contattarci per ulteriori informazioni.","breadcrumb":{"@id":"https:\/\/globalmedsonlineinc.com\/it\/product\/pain-killers\/adderall\/#breadcrumb"},"inLanguage":"it-IT","potentialAction":[{"@type":"ReadAction","target":["https:\/\/globalmedsonlineinc.com\/it\/product\/pain-killers\/adderall\/"]}]},{"@type":"ImageObject","inLanguage":"it-IT","@id":"https:\/\/globalmedsonlineinc.com\/it\/product\/pain-killers\/adderall\/#primaryimage","url":"https:\/\/globalmedsonlineinc.com\/it\/content\/media\/uploads\/sites\/9\/2021\/07\/Buy-Adderall-30-MG.jpg","contentUrl":"https:\/\/globalmedsonlineinc.com\/it\/content\/media\/uploads\/sites\/9\/2021\/07\/Buy-Adderall-30-MG.jpg","width":1200,"height":1200,"caption":"Adderall pillole per la vendita online senza prescrizione"},{"@type":"BreadcrumbList","@id":"https:\/\/globalmedsonlineinc.com\/it\/product\/pain-killers\/adderall\/#breadcrumb","itemListElement":[{"@type":"ListItem","position":1,"name":"Home","item":"https:\/\/globalmedsonlineinc.com\/it\/"},{"@type":"ListItem","position":2,"name":"Prodotti","item":"https:\/\/globalmedsonlineinc.com\/it\/prodotti\/"},{"@type":"ListItem","position":3,"name":"Comprare pillole di Adderall online"}]},{"@type":"WebSite","@id":"https:\/\/globalmedsonlineinc.com\/it\/#website","url":"https:\/\/globalmedsonlineinc.com\/it\/","name":"Global Meds Inc","description":"","publisher":{"@id":"https:\/\/globalmedsonlineinc.com\/it\/#organization"},"potentialAction":[{"@type":"SearchAction","target":{"@type":"EntryPoint","urlTemplate":"https:\/\/globalmedsonlineinc.com\/it\/?s={search_term_string}"},"query-input":{"@type":"PropertyValueSpecification","valueRequired":true,"valueName":"search_term_string"}}],"inLanguage":"it-IT"},{"@type":"Organization","@id":"https:\/\/globalmedsonlineinc.com\/it\/#organization","name":"Global Meds Inc.","url":"https:\/\/globalmedsonlineinc.com\/it\/","logo":{"@type":"ImageObject","inLanguage":"it-IT","@id":"https:\/\/globalmedsonlineinc.com\/it\/#\/schema\/logo\/image\/","url":"https:\/\/globalmedsonlineinc.com\/it\/content\/media\/uploads\/sites\/9\/2021\/06\/globalmedsonlineincLogoShop20210630123730.00.png","contentUrl":"https:\/\/globalmedsonlineinc.com\/it\/content\/media\/uploads\/sites\/9\/2021\/06\/globalmedsonlineincLogoShop20210630123730.00.png","width":450,"height":117,"caption":"Global Meds Inc."},"image":{"@id":"https:\/\/globalmedsonlineinc.com\/it\/#\/schema\/logo\/image\/"}}]}},"_links":{"self":[{"href":"https:\/\/globalmedsonlineinc.com\/it\/wp-json\/wp\/v2\/product\/9098","targetHints":{"allow":["GET"]}}],"collection":[{"href":"https:\/\/globalmedsonlineinc.com\/it\/wp-json\/wp\/v2\/product"}],"about":[{"href":"https:\/\/globalmedsonlineinc.com\/it\/wp-json\/wp\/v2\/types\/product"}],"replies":[{"embeddable":true,"href":"https:\/\/globalmedsonlineinc.com\/it\/wp-json\/wp\/v2\/comments?post=9098"}],"wp:featuredmedia":[{"embeddable":true,"href":"https:\/\/globalmedsonlineinc.com\/it\/wp-json\/wp\/v2\/media\/9100"}],"wp:attachment":[{"href":"https:\/\/globalmedsonlineinc.com\/it\/wp-json\/wp\/v2\/media?parent=9098"}],"wp:term":[{"taxonomy":"product_brand","embeddable":true,"href":"https:\/\/globalmedsonlineinc.com\/it\/wp-json\/wp\/v2\/product_brand?post=9098"},{"taxonomy":"product_cat","embeddable":true,"href":"https:\/\/globalmedsonlineinc.com\/it\/wp-json\/wp\/v2\/product_cat?post=9098"},{"taxonomy":"product_tag","embeddable":true,"href":"https:\/\/globalmedsonlineinc.com\/it\/wp-json\/wp\/v2\/product_tag?post=9098"}],"curies":[{"name":"wp","href":"https:\/\/api.w.org\/{rel}","templated":true}]}}