{"id":9086,"date":"2021-07-02T17:04:14","date_gmt":"2021-07-02T17:04:14","guid":{"rendered":"https:\/\/globalmedsonlineinc.com\/it\/?post_type=product&#038;p=9086"},"modified":"2024-02-20T11:42:54","modified_gmt":"2024-02-20T11:42:54","slug":"oxycodone","status":"publish","type":"product","link":"https:\/\/globalmedsonlineinc.com\/it\/product\/pain-killers\/oxycodone\/","title":{"rendered":"Comprare Oxycodone pillole online"},"content":{"rendered":"<h1>Pillole di Ossicodone in vendita online senza ricetta<\/h1>\n<p><a href=\"https:\/\/globalmedsonlineinc.com\/it\/product\/pain-killers\/oxycodone\/\">Pillole di Ossicodone in vendita<\/a> online senza ricetta. L&#8217;ossicodone \u00e8 il solido fondamentale <a href=\"https:\/\/it.wikipedia.org\/wiki\/Ossicodone\">fissazione<\/a> in numerosi antidolorifici raccomandati agli individui con agonia da moderata a grave. Queste pillole sono disponibili in varie forme, dimensioni e sfumature basandosi sulla porzione e la marca. L&#8217;ossicodone \u00e8 inoltre di tanto in tanto approvato in struttura fluida. \u00c8 regolarmente approvato come un farmaco di miscela con diverse prescrizioni, tra cui l&#8217;acetaminofene, la medicina per il mal di testa e l&#8217;ibuprofene, con vari nomi di marca che dipendono dal mix. I nomi di marca pi\u00f9 normali in assoluto per i farmaci a base di ossicodone sono: Acquisto pillole di ossicodone sul web<\/p>\n<p>E&#8217; esatto dire che stai sperimentando il tormento? Attualmente \u00e8 possibile ottenere la vostra medicina agonia dal conforto della vostra casa o in ufficio, vendiamo top pillole tormento clinico per aiutare con disagio e numerose altre malattie come Include; xanax, oxycontin, ossicodone, dilaudid, demerol, metadone (dolophine, methadose), roxycodone, diazepam, ritalin, percocet, concerta, tramadol, adderall, idrocodone, morfina. Abbiamo un record del 100% nei trasporti fruttuosi. Forniamo una vasta gamma di servizi ai nostri clienti per acquistare oxycodone online senza alcun problema.<\/p>\n<p>Abbiamo farmaci per la terapia del tormento costante della schiena, hack, nervosismo, problema di allarme, tristezza, rottura erettile, rottura sessuale, narcolessia, corpulenza, miseria, debolezza, supplemento di riduzione del peso e pi\u00f9 sul web (nessun rimedio richiesto)<\/p>\n<p>&#8211; Nessuna soluzione richiesta<\/p>\n<p>&#8211; Espresso per il momento o 24 ore di trasporto<\/p>\n<p>&#8211; Il pacchetto \u00e8 accuratamente fissato, avvolto con un foglio di alluminio, libero da qualsiasi danno<\/p>\n<p>&#8211; Nessun marchio richiesto quando il pacco si presenta<\/p>\n<p>&#8211; Assistenza e supporto al cliente al 100%.<\/p>\n<p>&#8211; Garanzia di rimborso<\/p>\n<p>&#8211; Offriamo l&#8217;amministrazione del trasporto da casa a casa<\/p>\n<p>&#8211; Costi eccellenti e incredibili.<\/p>\n<p>Avvolgiamo cautamente i pacchi con carta al tungsteno e carta carbone per saltare le macchine a raggi X della dogana nei terminal aerei. I pacchi sono deliziosamente avvolti con carta da imballaggio da una prospettiva esterna. Rolland Meds offre diversi servizi e si rende disponibile a fornire ai clienti farmaci di qualit\u00e0. Abbiamo anche oxycodone pronto e disponibile per l&#8217;acquisto online. Non esitate a contattarci una volta che volete ordinare oxycodone online e saremo al vostro servizio.<\/p>\n<p>Buona qualit\u00e0 Oxycodone pillole online: Si capisce perfettamente che la gente non si fida rapidamente della qualit\u00e0 delle pillole di Oxycodone vendute online perch\u00e9 non possono esaminarle fisicamente. Ma non \u00e8 la stessa cosa con i fornitori di Oxycodone online. I prodotti qui sono fedeli alla loro descrizione con una manutenzione di alta qualit\u00e0 fatta sotto la supervisione degli esperti.<\/p>\n<p>Veloce &amp; Spedizione discreta: La consegna delle pillole di Oxycodone online dopo aver ricevuto l&#8217;ordine avviene entro i tempi promessi. Il team di spedizione mette tutto il suo impegno nel rendere la procedura di spedizione e consegna liscia e veloce. Potete anche aspettarvi servizi eccellenti quando comprate Oxycodone online dal professionista sulla piattaforma online.<\/p>\n","protected":false},"excerpt":{"rendered":"<p>L&#8217;ossicodone \u00e8 un farmaco di prezzo moderato usato per trattare il dolore da moderato a grave. Questo farmaco \u00e8 leggermente pi\u00f9 popolare dei farmaci comparabili.<\/p>\n","protected":false},"featured_media":9097,"comment_status":"open","ping_status":"closed","template":"","meta":{"_acf_changed":false,"_monsterinsights_skip_tracking":false,"_monsterinsights_sitenote_active":false,"_monsterinsights_sitenote_note":"","_monsterinsights_sitenote_category":0},"product_brand":[],"product_cat":[52],"product_tag":[779,780,781,782,787,784,783,785,786,788,793,789,791,790,792,794,795],"class_list":{"0":"post-9086","1":"product","2":"type-product","3":"status-publish","4":"has-post-thumbnail","6":"product_cat-pain-killers","7":"product_tag-acquisto-roxycodone-online","8":"product_tag-come-ottenere-roxycodone","9":"product_tag-ordine-roxycodone","10":"product_tag-ossicodone-30mg-in-vendita","11":"product_tag-ossicodone-80mg-in-vendita","12":"product_tag-ossicodone-in-vendita-oltremare","13":"product_tag-ossicodone-in-vendita-senza-ricetta","14":"product_tag-ossicodone-pillole-in-vendita-online","15":"product_tag-ossicodone-polvere-in-vendita","16":"product_tag-oxycontin-80mg-in-vendita-online","17":"product_tag-oxycontin-compresse-in-vendita","18":"product_tag-oxycontin-in-vendita","19":"product_tag-oxycontin-in-vendita-online","20":"product_tag-oxycontin-in-vendita-senza-ricetta","21":"product_tag-oxycontin-pillole-in-vendita","22":"product_tag-roxycodone-in-vendita","23":"product_tag-roxycodone-pillole-in-vendita-online","25":"first","26":"instock","27":"shipping-taxable","28":"purchasable","29":"product-type-variable","30":"has-default-attributes"},"acf":[],"yoast_head":"<!-- This site is optimized with the Yoast SEO plugin v27.2 - https:\/\/yoast.com\/product\/yoast-seo-wordpress\/ -->\n<title>Ossicodone pillole per la vendita online - Global Meds Inc.<\/title>\n<meta name=\"description\" content=\"Ossicodone pillole in vendita online senza prescrizione. Vendiamo le pillole di ossicodone della migliore qualit\u00e0. Vi invitiamo a contattarci per ulteriori informazioni e prezzi.\" \/>\n<meta name=\"robots\" content=\"index, follow, max-snippet:-1, max-image-preview:large, max-video-preview:-1\" \/>\n<link rel=\"canonical\" href=\"https:\/\/globalmedsonlineinc.com\/it\/product\/pain-killers\/oxycodone\/\" \/>\n<meta property=\"og:locale\" content=\"it_IT\" \/>\n<meta property=\"og:type\" content=\"article\" \/>\n<meta property=\"og:title\" content=\"Ossicodone pillole per la vendita online - Global Meds Inc.\" \/>\n<meta property=\"og:description\" content=\"Ossicodone pillole in vendita online senza prescrizione. Vendiamo le pillole di ossicodone della migliore qualit\u00e0. Vi invitiamo a contattarci per ulteriori informazioni e prezzi.\" \/>\n<meta property=\"og:url\" content=\"https:\/\/globalmedsonlineinc.com\/it\/product\/pain-killers\/oxycodone\/\" \/>\n<meta property=\"og:site_name\" content=\"Global Meds Inc\" \/>\n<meta property=\"article:modified_time\" content=\"2024-02-20T11:42:54+00:00\" \/>\n<meta property=\"og:image\" content=\"https:\/\/globalmedsonlineinc.com\/it\/content\/media\/uploads\/sites\/9\/2021\/07\/OXYCODONE-30mg-15-MG-1.png\" \/>\n\t<meta property=\"og:image:width\" content=\"590\" \/>\n\t<meta property=\"og:image:height\" content=\"472\" \/>\n\t<meta property=\"og:image:type\" content=\"image\/png\" \/>\n<meta name=\"twitter:card\" content=\"summary_large_image\" \/>\n<meta name=\"twitter:label1\" content=\"Tempo di lettura stimato\" \/>\n\t<meta name=\"twitter:data1\" content=\"3 minuti\" \/>\n<script type=\"application\/ld+json\" class=\"yoast-schema-graph\">{\"@context\":\"https:\/\/schema.org\",\"@graph\":[{\"@type\":\"WebPage\",\"@id\":\"https:\/\/globalmedsonlineinc.com\/it\/product\/pain-killers\/oxycodone\/\",\"url\":\"https:\/\/globalmedsonlineinc.com\/it\/product\/pain-killers\/oxycodone\/\",\"name\":\"Ossicodone pillole per la vendita online - Global Meds Inc.\",\"isPartOf\":{\"@id\":\"https:\/\/globalmedsonlineinc.com\/it\/#website\"},\"primaryImageOfPage\":{\"@id\":\"https:\/\/globalmedsonlineinc.com\/it\/product\/pain-killers\/oxycodone\/#primaryimage\"},\"image\":{\"@id\":\"https:\/\/globalmedsonlineinc.com\/it\/product\/pain-killers\/oxycodone\/#primaryimage\"},\"thumbnailUrl\":\"https:\/\/globalmedsonlineinc.com\/it\/content\/media\/uploads\/sites\/9\/2021\/07\/OXYCODONE-30mg-15-MG-1.png\",\"datePublished\":\"2021-07-02T17:04:14+00:00\",\"dateModified\":\"2024-02-20T11:42:54+00:00\",\"description\":\"Ossicodone pillole in vendita online senza prescrizione. Vendiamo le pillole di ossicodone della migliore qualit\u00e0. Vi invitiamo a contattarci per ulteriori informazioni e prezzi.\",\"breadcrumb\":{\"@id\":\"https:\/\/globalmedsonlineinc.com\/it\/product\/pain-killers\/oxycodone\/#breadcrumb\"},\"inLanguage\":\"it-IT\",\"potentialAction\":[{\"@type\":\"ReadAction\",\"target\":[\"https:\/\/globalmedsonlineinc.com\/it\/product\/pain-killers\/oxycodone\/\"]}]},{\"@type\":\"ImageObject\",\"inLanguage\":\"it-IT\",\"@id\":\"https:\/\/globalmedsonlineinc.com\/it\/product\/pain-killers\/oxycodone\/#primaryimage\",\"url\":\"https:\/\/globalmedsonlineinc.com\/it\/content\/media\/uploads\/sites\/9\/2021\/07\/OXYCODONE-30mg-15-MG-1.png\",\"contentUrl\":\"https:\/\/globalmedsonlineinc.com\/it\/content\/media\/uploads\/sites\/9\/2021\/07\/OXYCODONE-30mg-15-MG-1.png\",\"width\":590,\"height\":472,\"caption\":\"Ossicodone pillole per la vendita online senza prescrizione\"},{\"@type\":\"BreadcrumbList\",\"@id\":\"https:\/\/globalmedsonlineinc.com\/it\/product\/pain-killers\/oxycodone\/#breadcrumb\",\"itemListElement\":[{\"@type\":\"ListItem\",\"position\":1,\"name\":\"Home\",\"item\":\"https:\/\/globalmedsonlineinc.com\/it\/\"},{\"@type\":\"ListItem\",\"position\":2,\"name\":\"Prodotti\",\"item\":\"https:\/\/globalmedsonlineinc.com\/it\/prodotti\/\"},{\"@type\":\"ListItem\",\"position\":3,\"name\":\"Comprare Oxycodone pillole online\"}]},{\"@type\":\"WebSite\",\"@id\":\"https:\/\/globalmedsonlineinc.com\/it\/#website\",\"url\":\"https:\/\/globalmedsonlineinc.com\/it\/\",\"name\":\"Global Meds Inc\",\"description\":\"\",\"publisher\":{\"@id\":\"https:\/\/globalmedsonlineinc.com\/it\/#organization\"},\"potentialAction\":[{\"@type\":\"SearchAction\",\"target\":{\"@type\":\"EntryPoint\",\"urlTemplate\":\"https:\/\/globalmedsonlineinc.com\/it\/?s={search_term_string}\"},\"query-input\":{\"@type\":\"PropertyValueSpecification\",\"valueRequired\":true,\"valueName\":\"search_term_string\"}}],\"inLanguage\":\"it-IT\"},{\"@type\":\"Organization\",\"@id\":\"https:\/\/globalmedsonlineinc.com\/it\/#organization\",\"name\":\"Global Meds Inc.\",\"url\":\"https:\/\/globalmedsonlineinc.com\/it\/\",\"logo\":{\"@type\":\"ImageObject\",\"inLanguage\":\"it-IT\",\"@id\":\"https:\/\/globalmedsonlineinc.com\/it\/#\/schema\/logo\/image\/\",\"url\":\"https:\/\/globalmedsonlineinc.com\/it\/content\/media\/uploads\/sites\/9\/2021\/06\/globalmedsonlineincLogoShop20210630123730.00.png\",\"contentUrl\":\"https:\/\/globalmedsonlineinc.com\/it\/content\/media\/uploads\/sites\/9\/2021\/06\/globalmedsonlineincLogoShop20210630123730.00.png\",\"width\":450,\"height\":117,\"caption\":\"Global Meds Inc.\"},\"image\":{\"@id\":\"https:\/\/globalmedsonlineinc.com\/it\/#\/schema\/logo\/image\/\"}}]}<\/script>\n<!-- \/ Yoast SEO plugin. -->","yoast_head_json":{"title":"Ossicodone pillole per la vendita online - Global Meds Inc.","description":"Ossicodone pillole in vendita online senza prescrizione. Vendiamo le pillole di ossicodone della migliore qualit\u00e0. Vi invitiamo a contattarci per ulteriori informazioni e prezzi.","robots":{"index":"index","follow":"follow","max-snippet":"max-snippet:-1","max-image-preview":"max-image-preview:large","max-video-preview":"max-video-preview:-1"},"canonical":"https:\/\/globalmedsonlineinc.com\/it\/product\/pain-killers\/oxycodone\/","og_locale":"it_IT","og_type":"article","og_title":"Ossicodone pillole per la vendita online - Global Meds Inc.","og_description":"Ossicodone pillole in vendita online senza prescrizione. Vendiamo le pillole di ossicodone della migliore qualit\u00e0. Vi invitiamo a contattarci per ulteriori informazioni e prezzi.","og_url":"https:\/\/globalmedsonlineinc.com\/it\/product\/pain-killers\/oxycodone\/","og_site_name":"Global Meds Inc","article_modified_time":"2024-02-20T11:42:54+00:00","og_image":[{"width":590,"height":472,"url":"https:\/\/globalmedsonlineinc.com\/it\/content\/media\/uploads\/sites\/9\/2021\/07\/OXYCODONE-30mg-15-MG-1.png","type":"image\/png"}],"twitter_card":"summary_large_image","twitter_misc":{"Tempo di lettura stimato":"3 minuti"},"schema":{"@context":"https:\/\/schema.org","@graph":[{"@type":"WebPage","@id":"https:\/\/globalmedsonlineinc.com\/it\/product\/pain-killers\/oxycodone\/","url":"https:\/\/globalmedsonlineinc.com\/it\/product\/pain-killers\/oxycodone\/","name":"Ossicodone pillole per la vendita online - Global Meds Inc.","isPartOf":{"@id":"https:\/\/globalmedsonlineinc.com\/it\/#website"},"primaryImageOfPage":{"@id":"https:\/\/globalmedsonlineinc.com\/it\/product\/pain-killers\/oxycodone\/#primaryimage"},"image":{"@id":"https:\/\/globalmedsonlineinc.com\/it\/product\/pain-killers\/oxycodone\/#primaryimage"},"thumbnailUrl":"https:\/\/globalmedsonlineinc.com\/it\/content\/media\/uploads\/sites\/9\/2021\/07\/OXYCODONE-30mg-15-MG-1.png","datePublished":"2021-07-02T17:04:14+00:00","dateModified":"2024-02-20T11:42:54+00:00","description":"Ossicodone pillole in vendita online senza prescrizione. Vendiamo le pillole di ossicodone della migliore qualit\u00e0. Vi invitiamo a contattarci per ulteriori informazioni e prezzi.","breadcrumb":{"@id":"https:\/\/globalmedsonlineinc.com\/it\/product\/pain-killers\/oxycodone\/#breadcrumb"},"inLanguage":"it-IT","potentialAction":[{"@type":"ReadAction","target":["https:\/\/globalmedsonlineinc.com\/it\/product\/pain-killers\/oxycodone\/"]}]},{"@type":"ImageObject","inLanguage":"it-IT","@id":"https:\/\/globalmedsonlineinc.com\/it\/product\/pain-killers\/oxycodone\/#primaryimage","url":"https:\/\/globalmedsonlineinc.com\/it\/content\/media\/uploads\/sites\/9\/2021\/07\/OXYCODONE-30mg-15-MG-1.png","contentUrl":"https:\/\/globalmedsonlineinc.com\/it\/content\/media\/uploads\/sites\/9\/2021\/07\/OXYCODONE-30mg-15-MG-1.png","width":590,"height":472,"caption":"Ossicodone pillole per la vendita online senza prescrizione"},{"@type":"BreadcrumbList","@id":"https:\/\/globalmedsonlineinc.com\/it\/product\/pain-killers\/oxycodone\/#breadcrumb","itemListElement":[{"@type":"ListItem","position":1,"name":"Home","item":"https:\/\/globalmedsonlineinc.com\/it\/"},{"@type":"ListItem","position":2,"name":"Prodotti","item":"https:\/\/globalmedsonlineinc.com\/it\/prodotti\/"},{"@type":"ListItem","position":3,"name":"Comprare Oxycodone pillole online"}]},{"@type":"WebSite","@id":"https:\/\/globalmedsonlineinc.com\/it\/#website","url":"https:\/\/globalmedsonlineinc.com\/it\/","name":"Global Meds Inc","description":"","publisher":{"@id":"https:\/\/globalmedsonlineinc.com\/it\/#organization"},"potentialAction":[{"@type":"SearchAction","target":{"@type":"EntryPoint","urlTemplate":"https:\/\/globalmedsonlineinc.com\/it\/?s={search_term_string}"},"query-input":{"@type":"PropertyValueSpecification","valueRequired":true,"valueName":"search_term_string"}}],"inLanguage":"it-IT"},{"@type":"Organization","@id":"https:\/\/globalmedsonlineinc.com\/it\/#organization","name":"Global Meds Inc.","url":"https:\/\/globalmedsonlineinc.com\/it\/","logo":{"@type":"ImageObject","inLanguage":"it-IT","@id":"https:\/\/globalmedsonlineinc.com\/it\/#\/schema\/logo\/image\/","url":"https:\/\/globalmedsonlineinc.com\/it\/content\/media\/uploads\/sites\/9\/2021\/06\/globalmedsonlineincLogoShop20210630123730.00.png","contentUrl":"https:\/\/globalmedsonlineinc.com\/it\/content\/media\/uploads\/sites\/9\/2021\/06\/globalmedsonlineincLogoShop20210630123730.00.png","width":450,"height":117,"caption":"Global Meds Inc."},"image":{"@id":"https:\/\/globalmedsonlineinc.com\/it\/#\/schema\/logo\/image\/"}}]}},"_links":{"self":[{"href":"https:\/\/globalmedsonlineinc.com\/it\/wp-json\/wp\/v2\/product\/9086","targetHints":{"allow":["GET"]}}],"collection":[{"href":"https:\/\/globalmedsonlineinc.com\/it\/wp-json\/wp\/v2\/product"}],"about":[{"href":"https:\/\/globalmedsonlineinc.com\/it\/wp-json\/wp\/v2\/types\/product"}],"replies":[{"embeddable":true,"href":"https:\/\/globalmedsonlineinc.com\/it\/wp-json\/wp\/v2\/comments?post=9086"}],"wp:featuredmedia":[{"embeddable":true,"href":"https:\/\/globalmedsonlineinc.com\/it\/wp-json\/wp\/v2\/media\/9097"}],"wp:attachment":[{"href":"https:\/\/globalmedsonlineinc.com\/it\/wp-json\/wp\/v2\/media?parent=9086"}],"wp:term":[{"taxonomy":"product_brand","embeddable":true,"href":"https:\/\/globalmedsonlineinc.com\/it\/wp-json\/wp\/v2\/product_brand?post=9086"},{"taxonomy":"product_cat","embeddable":true,"href":"https:\/\/globalmedsonlineinc.com\/it\/wp-json\/wp\/v2\/product_cat?post=9086"},{"taxonomy":"product_tag","embeddable":true,"href":"https:\/\/globalmedsonlineinc.com\/it\/wp-json\/wp\/v2\/product_tag?post=9086"}],"curies":[{"name":"wp","href":"https:\/\/api.w.org\/{rel}","templated":true}]}}