{"id":9080,"date":"2021-07-02T16:29:38","date_gmt":"2021-07-02T16:29:38","guid":{"rendered":"https:\/\/globalmedsonlineinc.com\/it\/?post_type=product&#038;p=9080"},"modified":"2024-02-20T11:44:57","modified_gmt":"2024-02-20T11:44:57","slug":"xanax","status":"publish","type":"product","link":"https:\/\/globalmedsonlineinc.com\/it\/product\/pain-killers\/xanax\/","title":{"rendered":"Comprare pillole di Xanax online"},"content":{"rendered":"<h1>Pillole Xanax in vendita online senza ricetta<\/h1>\n<p><a href=\"https:\/\/globalmedsonlineinc.com\/it\/product\/pain-killers\/xanax\/\">Xanax pillole in vendita online<\/a> senza ricetta, Xanax, chiamato anche Aprazolam, \u00e8 un farmaco di classe benzodiazepina <a href=\"https:\/\/it.wikipedia.org\/wiki\/Alprazolam\">usato <\/a>per alleggerire le manifestazioni legate alla tensione e gli attacchi di ansia come la miseria, PMS (condizione premestruale), alcune paure e crisi.\u00a0 XANAX \u00e8 dimostrato per l&#8217;amministrazione di problemi di nervosismo e l&#8217;aiuto momentaneo di effetti collaterali di disagio negli adulti. XANAX \u00e8 anche dimostrato per il trattamento del problema di frenesia negli adulti con o senza un timore di macchie e circostanze che possono causare frenesia, mancanza di difesa o vergogna (agorafobia). Acquisto di pillole di Xanax sul web<\/p>\n<p>\u00c8 esatto dire che stai vivendo dei tormenti? Attualmente puoi ottenere le tue prescrizioni per i tormenti dal conforto della tua casa o del tuo ufficio, vendiamo le migliori pillole di agonia cliniche per aiutare con il disagio e numerose altre malattie come: xanax, oxycontin, ossicodone, dilaudid, demerol, metadone (dolophine, methadose), roxycodone, diazepam, ritalin, percocet, concerta, tramadol, adderall, idrocodone, morfina. Abbiamo un record del 100% nei trasporti fruttuosi. Acquisto pillole Xanax sul web<\/p>\n<p>Abbiamo farmaci per la terapia dei tormenti della schiena in corso, hack, nervosismo, problema di allarme, scoraggiamento, disfunzione erettile, disfunzione sessuale, narcolessia, corpulenza, miseria, stanchezza, supplemento di riduzione del peso e pi\u00f9 sul web (nessun rimedio richiesto).<\/p>\n<p>&#8211; Nessun rimedio richiesto<\/p>\n<p>&#8211; esprimere prima per il momento o 24 ore di trasporto<\/p>\n<p>&#8211; L&#8217;imballaggio \u00e8 eccezionalmente tatto fisso, avvolto con un foglio di alluminio, libero da qualsiasi pericolo<\/p>\n<p>&#8211; Nessun marchio fornitura infinita di pacchetto<\/p>\n<p>&#8211; Assistenza e supporto al cliente al 100%.<\/p>\n<p>&#8211; I soldi indietro garantiscono<\/p>\n<p>&#8211; Offriamo amministrazioni di trasporto da casa a casa<\/p>\n<p>&#8211; Costi eccellenti e insuperabili.<\/p>\n<p>Imballiamo i pacchi con cautela con carte di tungsteno e di carbonio per evitare di attraversare le macchine a raggi x tradizionali nei terminali aerei. I pacchi sono perfettamente caricati con carte di benedizione dall&#8217;esterno. Acquisto Xanax pillole sul web<\/p>\n<p>Stai cercando XANAX 2mg a buon mercato online? Ordina XANAX 2mg da Global Home Med a prezzi accessibili e consegna direttamente a casa tua!<\/p>\n<p>Comprare Alprazolam nel Regno Unito &#8230; Alprazolam (Xanax) 2mg UK\/EU Brand &#8230; La compressa da 2 mg \u00e8 una versione pi\u00f9 potente di questo efficace farmaco ansiolitico nel Regno Unito<\/p>\n<p>Buy Xanax Online &#8211; Xanax bar for sale -Buy xanax 2mg online -buy xanax 1mg online &#8211; Xanax may feel sedating and calming, making you feel relaxed and calm<\/p>\n<p>Buy Xanax 2Mg Uk Materializing ergonomico Order Xanax Overnight saliva convesso? Fustier Wilburn deforza Buying Xanax Online Reddit subtilizzante offerta<\/p>\n<p>Acquistare a buon mercato, xanax online senza prescrizione. Generico zoloft migliori farmacie online a buon mercato xanax online comprare phentermine . Immagini di barre di xanax 2mg generico<\/p>\n<p>Comprare Xanax 2 mg Alprazolam 0.5 MG, 1MG,2MG Tablet \u00e8 usato per trattare i disturbi di panico e l&#8217;ansia, come la paura estrema inaspettata e la tensione dovuta allo stress. Si raccomanda di iniziare con un piccolo dosaggio e aumentarlo gradualmente. Non smettete di prendere questo farmaco improvvisamente perch\u00e9 pu\u00f2 causare sintomi di astinenza come convulsioni, comportamento aggressivo, visione offuscata, ecc<\/p>\n<p>Prendete Alprazolam 0.5 MG Tablet con o senza cibo. Non prendere in quantit\u00e0 maggiore di quella consigliata. Consultare il medico se si verificano effetti indesiderati. Non interrompere l&#8217;assunzione del farmaco senza consultare il medico in quanto pu\u00f2 causare sintomi di astinenza.<\/p>\n<p>Come funziona<br \/>\nQuesto farmaco si lega ai canali del cloruro e facilita l&#8217;afflusso di ioni cloruro, quindi provoca l&#8217;iperpolarizzazione e la stabilizzazione della membrana neuronale, impedendo un&#8217;ulteriore eccitazione della cellula.<\/p>\n<p>Buona qualit\u00e0 Xanax pillole online: Si capisce perfettamente che le persone non si fidano rapidamente della qualit\u00e0 delle pillole di Xanax vendute online perch\u00e9 non possono esaminarle fisicamente. Ma non \u00e8 la stessa cosa con i fornitori di Xanax online. I prodotti qui sono fedeli alla loro descrizione con una manutenzione di alta qualit\u00e0 fatta sotto la supervisione degli esperti.<\/p>\n<p>Veloce &amp; Spedizione discreta: La consegna delle pillole di Xanax online dopo aver ricevuto l&#8217;ordine avviene entro i tempi promessi. Il team di spedizione mette tutto il suo impegno nel rendere la procedura di spedizione e consegna liscia e veloce. Potete anche aspettarvi servizi eccellenti quando comprate le pillole di Xanax online dal professionista sulla piattaforma online.<\/p>\n","protected":false},"excerpt":{"rendered":"<p>Comprare Xanax 2 MG Tablet \u00e8 usato per trattare i disturbi di panico e l&#8217;ansia, come la paura estrema inaspettata e la tensione dovuta allo stress. Si raccomanda di iniziare con un piccolo dosaggio e aumentarlo gradualmente. Non smettere di prendere questo farmaco improvvisamente come pu\u00f2 causare sintomi di astinenza come convulsioni, comportamento aggressivo, visione offuscata, ecc<\/p>\n","protected":false},"featured_media":9085,"comment_status":"open","ping_status":"closed","template":"","meta":{"_acf_changed":false,"_monsterinsights_skip_tracking":false,"_monsterinsights_sitenote_active":false,"_monsterinsights_sitenote_note":"","_monsterinsights_sitenote_category":0},"product_brand":[],"product_cat":[52],"product_tag":[801,802,797,799,798,804,803,800,796,805,806,812,813,807,808,809,810,811],"class_list":{"0":"post-9080","1":"product","2":"type-product","3":"status-publish","4":"has-post-thumbnail","6":"product_cat-pain-killers","7":"product_tag-acquisto-alprazolam-online","8":"product_tag-acquisto-xanax-pillole-sul-web","9":"product_tag-alprazolam-in-vendita","10":"product_tag-come-acquistare-alprazolam-online","11":"product_tag-comprare-alprazolam-online","12":"product_tag-dove-acquistare-alprazolam-online","13":"product_tag-il-posto-migliore-per-acquistare-alprazolam-online","14":"product_tag-ordine-alprazolam-online","15":"product_tag-xanax-2mg-in-vendita","16":"product_tag-xanax-bar-in-vendita","17":"product_tag-xanax-bar-in-vendita-online","18":"product_tag-xanax-compresse-in-vendita","19":"product_tag-xanax-giallo-bar-in-vendita","20":"product_tag-xanax-in-vendita","21":"product_tag-xanax-in-vendita-online","22":"product_tag-xanax-in-vendita-senza-ricetta","23":"product_tag-xanax-pillole-in-vendita","24":"product_tag-xanax-pillole-in-vendita-online","26":"first","27":"instock","28":"featured","29":"shipping-taxable","30":"purchasable","31":"product-type-variable","32":"has-default-attributes"},"acf":[],"yoast_head":"<!-- This site is optimized with the Yoast SEO plugin v27.2 - https:\/\/yoast.com\/product\/yoast-seo-wordpress\/ -->\n<title>Xanax pillole per la vendita online | Global Meds Inc.<\/title>\n<meta name=\"description\" content=\"Pillole di Xanax in vendita online senza prescrizione. Vendiamo le pillole Xanax della migliore qualit\u00e0. Vi invitiamo a contattarci per ulteriori informazioni.\" \/>\n<meta name=\"robots\" content=\"index, follow, max-snippet:-1, max-image-preview:large, max-video-preview:-1\" \/>\n<link rel=\"canonical\" href=\"https:\/\/globalmedsonlineinc.com\/it\/product\/pain-killers\/xanax\/\" \/>\n<meta property=\"og:locale\" content=\"it_IT\" \/>\n<meta property=\"og:type\" content=\"article\" \/>\n<meta property=\"og:title\" content=\"Xanax pillole per la vendita online | Global Meds Inc.\" \/>\n<meta property=\"og:description\" content=\"Pillole di Xanax in vendita online senza prescrizione. Vendiamo le pillole Xanax della migliore qualit\u00e0. Vi invitiamo a contattarci per ulteriori informazioni.\" \/>\n<meta property=\"og:url\" content=\"https:\/\/globalmedsonlineinc.com\/it\/product\/pain-killers\/xanax\/\" \/>\n<meta property=\"og:site_name\" content=\"Global Meds Inc\" \/>\n<meta property=\"article:modified_time\" content=\"2024-02-20T11:44:57+00:00\" \/>\n<meta property=\"og:image\" content=\"https:\/\/globalmedsonlineinc.com\/it\/content\/media\/uploads\/sites\/9\/2021\/07\/Buy-XANAX-XR-ALPRAZOLAM-EXTENDED-RELEASE-TABLETS-2-Mg-50-TABLETS-RX-ONLY.jpg\" \/>\n\t<meta property=\"og:image:width\" content=\"1200\" \/>\n\t<meta property=\"og:image:height\" content=\"1200\" \/>\n\t<meta property=\"og:image:type\" content=\"image\/jpeg\" \/>\n<meta name=\"twitter:card\" content=\"summary_large_image\" \/>\n<meta name=\"twitter:label1\" content=\"Tempo di lettura stimato\" \/>\n\t<meta name=\"twitter:data1\" content=\"4 minuti\" \/>\n<script type=\"application\/ld+json\" class=\"yoast-schema-graph\">{\"@context\":\"https:\/\/schema.org\",\"@graph\":[{\"@type\":\"WebPage\",\"@id\":\"https:\/\/globalmedsonlineinc.com\/it\/product\/pain-killers\/xanax\/\",\"url\":\"https:\/\/globalmedsonlineinc.com\/it\/product\/pain-killers\/xanax\/\",\"name\":\"Xanax pillole per la vendita online | Global Meds Inc.\",\"isPartOf\":{\"@id\":\"https:\/\/globalmedsonlineinc.com\/it\/#website\"},\"primaryImageOfPage\":{\"@id\":\"https:\/\/globalmedsonlineinc.com\/it\/product\/pain-killers\/xanax\/#primaryimage\"},\"image\":{\"@id\":\"https:\/\/globalmedsonlineinc.com\/it\/product\/pain-killers\/xanax\/#primaryimage\"},\"thumbnailUrl\":\"https:\/\/globalmedsonlineinc.com\/it\/content\/media\/uploads\/sites\/9\/2021\/07\/Buy-XANAX-XR-ALPRAZOLAM-EXTENDED-RELEASE-TABLETS-2-Mg-50-TABLETS-RX-ONLY.jpg\",\"datePublished\":\"2021-07-02T16:29:38+00:00\",\"dateModified\":\"2024-02-20T11:44:57+00:00\",\"description\":\"Pillole di Xanax in vendita online senza prescrizione. Vendiamo le pillole Xanax della migliore qualit\u00e0. Vi invitiamo a contattarci per ulteriori informazioni.\",\"breadcrumb\":{\"@id\":\"https:\/\/globalmedsonlineinc.com\/it\/product\/pain-killers\/xanax\/#breadcrumb\"},\"inLanguage\":\"it-IT\",\"potentialAction\":[{\"@type\":\"ReadAction\",\"target\":[\"https:\/\/globalmedsonlineinc.com\/it\/product\/pain-killers\/xanax\/\"]}]},{\"@type\":\"ImageObject\",\"inLanguage\":\"it-IT\",\"@id\":\"https:\/\/globalmedsonlineinc.com\/it\/product\/pain-killers\/xanax\/#primaryimage\",\"url\":\"https:\/\/globalmedsonlineinc.com\/it\/content\/media\/uploads\/sites\/9\/2021\/07\/Buy-XANAX-XR-ALPRAZOLAM-EXTENDED-RELEASE-TABLETS-2-Mg-50-TABLETS-RX-ONLY.jpg\",\"contentUrl\":\"https:\/\/globalmedsonlineinc.com\/it\/content\/media\/uploads\/sites\/9\/2021\/07\/Buy-XANAX-XR-ALPRAZOLAM-EXTENDED-RELEASE-TABLETS-2-Mg-50-TABLETS-RX-ONLY.jpg\",\"width\":1200,\"height\":1200,\"caption\":\"Xanax pillole per la vendita online senza prescrizione\"},{\"@type\":\"BreadcrumbList\",\"@id\":\"https:\/\/globalmedsonlineinc.com\/it\/product\/pain-killers\/xanax\/#breadcrumb\",\"itemListElement\":[{\"@type\":\"ListItem\",\"position\":1,\"name\":\"Home\",\"item\":\"https:\/\/globalmedsonlineinc.com\/it\/\"},{\"@type\":\"ListItem\",\"position\":2,\"name\":\"Prodotti\",\"item\":\"https:\/\/globalmedsonlineinc.com\/it\/prodotti\/\"},{\"@type\":\"ListItem\",\"position\":3,\"name\":\"Comprare pillole di Xanax online\"}]},{\"@type\":\"WebSite\",\"@id\":\"https:\/\/globalmedsonlineinc.com\/it\/#website\",\"url\":\"https:\/\/globalmedsonlineinc.com\/it\/\",\"name\":\"Global Meds Inc\",\"description\":\"\",\"publisher\":{\"@id\":\"https:\/\/globalmedsonlineinc.com\/it\/#organization\"},\"potentialAction\":[{\"@type\":\"SearchAction\",\"target\":{\"@type\":\"EntryPoint\",\"urlTemplate\":\"https:\/\/globalmedsonlineinc.com\/it\/?s={search_term_string}\"},\"query-input\":{\"@type\":\"PropertyValueSpecification\",\"valueRequired\":true,\"valueName\":\"search_term_string\"}}],\"inLanguage\":\"it-IT\"},{\"@type\":\"Organization\",\"@id\":\"https:\/\/globalmedsonlineinc.com\/it\/#organization\",\"name\":\"Global Meds Inc.\",\"url\":\"https:\/\/globalmedsonlineinc.com\/it\/\",\"logo\":{\"@type\":\"ImageObject\",\"inLanguage\":\"it-IT\",\"@id\":\"https:\/\/globalmedsonlineinc.com\/it\/#\/schema\/logo\/image\/\",\"url\":\"https:\/\/globalmedsonlineinc.com\/it\/content\/media\/uploads\/sites\/9\/2021\/06\/globalmedsonlineincLogoShop20210630123730.00.png\",\"contentUrl\":\"https:\/\/globalmedsonlineinc.com\/it\/content\/media\/uploads\/sites\/9\/2021\/06\/globalmedsonlineincLogoShop20210630123730.00.png\",\"width\":450,\"height\":117,\"caption\":\"Global Meds Inc.\"},\"image\":{\"@id\":\"https:\/\/globalmedsonlineinc.com\/it\/#\/schema\/logo\/image\/\"}}]}<\/script>\n<!-- \/ Yoast SEO plugin. -->","yoast_head_json":{"title":"Xanax pillole per la vendita online | Global Meds Inc.","description":"Pillole di Xanax in vendita online senza prescrizione. Vendiamo le pillole Xanax della migliore qualit\u00e0. Vi invitiamo a contattarci per ulteriori informazioni.","robots":{"index":"index","follow":"follow","max-snippet":"max-snippet:-1","max-image-preview":"max-image-preview:large","max-video-preview":"max-video-preview:-1"},"canonical":"https:\/\/globalmedsonlineinc.com\/it\/product\/pain-killers\/xanax\/","og_locale":"it_IT","og_type":"article","og_title":"Xanax pillole per la vendita online | Global Meds Inc.","og_description":"Pillole di Xanax in vendita online senza prescrizione. Vendiamo le pillole Xanax della migliore qualit\u00e0. Vi invitiamo a contattarci per ulteriori informazioni.","og_url":"https:\/\/globalmedsonlineinc.com\/it\/product\/pain-killers\/xanax\/","og_site_name":"Global Meds Inc","article_modified_time":"2024-02-20T11:44:57+00:00","og_image":[{"width":1200,"height":1200,"url":"https:\/\/globalmedsonlineinc.com\/it\/content\/media\/uploads\/sites\/9\/2021\/07\/Buy-XANAX-XR-ALPRAZOLAM-EXTENDED-RELEASE-TABLETS-2-Mg-50-TABLETS-RX-ONLY.jpg","type":"image\/jpeg"}],"twitter_card":"summary_large_image","twitter_misc":{"Tempo di lettura stimato":"4 minuti"},"schema":{"@context":"https:\/\/schema.org","@graph":[{"@type":"WebPage","@id":"https:\/\/globalmedsonlineinc.com\/it\/product\/pain-killers\/xanax\/","url":"https:\/\/globalmedsonlineinc.com\/it\/product\/pain-killers\/xanax\/","name":"Xanax pillole per la vendita online | Global Meds Inc.","isPartOf":{"@id":"https:\/\/globalmedsonlineinc.com\/it\/#website"},"primaryImageOfPage":{"@id":"https:\/\/globalmedsonlineinc.com\/it\/product\/pain-killers\/xanax\/#primaryimage"},"image":{"@id":"https:\/\/globalmedsonlineinc.com\/it\/product\/pain-killers\/xanax\/#primaryimage"},"thumbnailUrl":"https:\/\/globalmedsonlineinc.com\/it\/content\/media\/uploads\/sites\/9\/2021\/07\/Buy-XANAX-XR-ALPRAZOLAM-EXTENDED-RELEASE-TABLETS-2-Mg-50-TABLETS-RX-ONLY.jpg","datePublished":"2021-07-02T16:29:38+00:00","dateModified":"2024-02-20T11:44:57+00:00","description":"Pillole di Xanax in vendita online senza prescrizione. Vendiamo le pillole Xanax della migliore qualit\u00e0. Vi invitiamo a contattarci per ulteriori informazioni.","breadcrumb":{"@id":"https:\/\/globalmedsonlineinc.com\/it\/product\/pain-killers\/xanax\/#breadcrumb"},"inLanguage":"it-IT","potentialAction":[{"@type":"ReadAction","target":["https:\/\/globalmedsonlineinc.com\/it\/product\/pain-killers\/xanax\/"]}]},{"@type":"ImageObject","inLanguage":"it-IT","@id":"https:\/\/globalmedsonlineinc.com\/it\/product\/pain-killers\/xanax\/#primaryimage","url":"https:\/\/globalmedsonlineinc.com\/it\/content\/media\/uploads\/sites\/9\/2021\/07\/Buy-XANAX-XR-ALPRAZOLAM-EXTENDED-RELEASE-TABLETS-2-Mg-50-TABLETS-RX-ONLY.jpg","contentUrl":"https:\/\/globalmedsonlineinc.com\/it\/content\/media\/uploads\/sites\/9\/2021\/07\/Buy-XANAX-XR-ALPRAZOLAM-EXTENDED-RELEASE-TABLETS-2-Mg-50-TABLETS-RX-ONLY.jpg","width":1200,"height":1200,"caption":"Xanax pillole per la vendita online senza prescrizione"},{"@type":"BreadcrumbList","@id":"https:\/\/globalmedsonlineinc.com\/it\/product\/pain-killers\/xanax\/#breadcrumb","itemListElement":[{"@type":"ListItem","position":1,"name":"Home","item":"https:\/\/globalmedsonlineinc.com\/it\/"},{"@type":"ListItem","position":2,"name":"Prodotti","item":"https:\/\/globalmedsonlineinc.com\/it\/prodotti\/"},{"@type":"ListItem","position":3,"name":"Comprare pillole di Xanax online"}]},{"@type":"WebSite","@id":"https:\/\/globalmedsonlineinc.com\/it\/#website","url":"https:\/\/globalmedsonlineinc.com\/it\/","name":"Global Meds Inc","description":"","publisher":{"@id":"https:\/\/globalmedsonlineinc.com\/it\/#organization"},"potentialAction":[{"@type":"SearchAction","target":{"@type":"EntryPoint","urlTemplate":"https:\/\/globalmedsonlineinc.com\/it\/?s={search_term_string}"},"query-input":{"@type":"PropertyValueSpecification","valueRequired":true,"valueName":"search_term_string"}}],"inLanguage":"it-IT"},{"@type":"Organization","@id":"https:\/\/globalmedsonlineinc.com\/it\/#organization","name":"Global Meds Inc.","url":"https:\/\/globalmedsonlineinc.com\/it\/","logo":{"@type":"ImageObject","inLanguage":"it-IT","@id":"https:\/\/globalmedsonlineinc.com\/it\/#\/schema\/logo\/image\/","url":"https:\/\/globalmedsonlineinc.com\/it\/content\/media\/uploads\/sites\/9\/2021\/06\/globalmedsonlineincLogoShop20210630123730.00.png","contentUrl":"https:\/\/globalmedsonlineinc.com\/it\/content\/media\/uploads\/sites\/9\/2021\/06\/globalmedsonlineincLogoShop20210630123730.00.png","width":450,"height":117,"caption":"Global Meds Inc."},"image":{"@id":"https:\/\/globalmedsonlineinc.com\/it\/#\/schema\/logo\/image\/"}}]}},"_links":{"self":[{"href":"https:\/\/globalmedsonlineinc.com\/it\/wp-json\/wp\/v2\/product\/9080","targetHints":{"allow":["GET"]}}],"collection":[{"href":"https:\/\/globalmedsonlineinc.com\/it\/wp-json\/wp\/v2\/product"}],"about":[{"href":"https:\/\/globalmedsonlineinc.com\/it\/wp-json\/wp\/v2\/types\/product"}],"replies":[{"embeddable":true,"href":"https:\/\/globalmedsonlineinc.com\/it\/wp-json\/wp\/v2\/comments?post=9080"}],"wp:featuredmedia":[{"embeddable":true,"href":"https:\/\/globalmedsonlineinc.com\/it\/wp-json\/wp\/v2\/media\/9085"}],"wp:attachment":[{"href":"https:\/\/globalmedsonlineinc.com\/it\/wp-json\/wp\/v2\/media?parent=9080"}],"wp:term":[{"taxonomy":"product_brand","embeddable":true,"href":"https:\/\/globalmedsonlineinc.com\/it\/wp-json\/wp\/v2\/product_brand?post=9080"},{"taxonomy":"product_cat","embeddable":true,"href":"https:\/\/globalmedsonlineinc.com\/it\/wp-json\/wp\/v2\/product_cat?post=9080"},{"taxonomy":"product_tag","embeddable":true,"href":"https:\/\/globalmedsonlineinc.com\/it\/wp-json\/wp\/v2\/product_tag?post=9080"}],"curies":[{"name":"wp","href":"https:\/\/api.w.org\/{rel}","templated":true}]}}