{"id":8978,"date":"2021-06-30T20:58:46","date_gmt":"2021-06-30T20:58:46","guid":{"rendered":"https:\/\/globalmedsonlineinc.com\/it\/?post_type=product&#038;p=8978"},"modified":"2024-02-20T11:56:51","modified_gmt":"2024-02-20T11:56:51","slug":"comprare-phenobarbital-phenobarbital-luminal","status":"publish","type":"product","link":"https:\/\/globalmedsonlineinc.com\/it\/product\/nembutal-pentobarbital\/comprare-phenobarbital-phenobarbital-luminal\/","title":{"rendered":"Comprare Fenobarbital (Fenobarbital) \/ Luminal"},"content":{"rendered":"<h1 class=\"tt\">Compresse di Fenobarbital in vendita online<\/h1>\n<p class=\"tt\"><a href=\"https:\/\/globalmedsonlineinc.com\/it\/product\/nembutal-pentobarbital\/buy-phenobarbital-phenobarbital-luminal\/\">Compresse di Fenobarbital in vendita online<\/a>. Global Meds Inc \u00e8 una farmacia affidabile che <a href=\"https:\/\/it.wikipedia.org\/wiki\/Fenobarbital\">aiuta<\/a> le persone a ricevere le loro medicine e farmaci in modo conveniente. Se siete disposti a comprare Phenobarbital Luminal online, allora non perdete nessuna occasione di visitarci online. Stiamo vendendo questo farmaco a prezzi accessibili qui.<\/p>\n<p>La nostra farmacia online \u00e8 stato coerente nel fornire ai clienti con i farmaci di alta qualit\u00e0. Tutti i farmaci sono consegnati qui entro il tempo assegnato ai clienti. Non intratteniamo alcun ritardo nel nostro lavoro e siamo veloci con ogni elaborazione. Se siete alla ricerca di una farmacia online come noi, quindi connettersi con noi oggi e ordine di acquistare Phenobarbital Luminal online al miglior prezzo e ottenere consegnato presto!<\/p>\n<p class=\"tt\">Come possiamo aiutarvi a utilizzare in modo sicuro Phenobarbital Luminal?<br \/>\nPhenobarbital Luminal \u00e8 un farmaco efficace che \u00e8 ampiamente utilizzato per controllare alcuni tipi di crisi. Si pu\u00f2 anche utilizzare questo farmaco per il trattamento di ansia, problemi di sonno, e altri. E &#8216;molto importante parlare con il medico prima di utilizzare questo farmaco. Parlate con il vostro medico per i dettagli completi e poi iniziare il farmaco su Phenobarbital Luminal.<\/p>\n<p>La nostra farmacia online d\u00e0 una guida ai farmaci insieme a tutti i prodotti. Pertanto, \u00e8 possibile seguire le indicazioni e fare uso di questo farmaco in modo sicuro.Siamo qui per aiutarvi a comprare Phenobarbital Luminal online in modo semplice. Raggiungere a noi oggi e usufruire dei benefici di questo farmaco. Siamo qui per servirvi con supporto costante.<\/p>\n<p>Buona qualit\u00e0 Phenobarbital Luminal online: E &#8216;completamente capito che la gente non rapidamente fiducia la qualit\u00e0 di Phenobarbital Luminal online venduto online perch\u00e9 non possono esaminare fisicamente. Ma non \u00e8 la stessa cosa con i fornitori online Phenobarbital Luminal online. I prodotti qui sono fedeli alla loro descrizione con la manutenzione di alta qualit\u00e0 fatta sotto la supervisione degli esperti.<\/p>\n<p>Veloce &amp; Spedizione discreta: La consegna del Phenobarbital Luminal online dopo aver ricevuto l&#8217;ordine \u00e8 fatto entro i tempi promessi. Il team di spedizione mette tutto il suo impegno nel rendere la spedizione e la procedura di consegna liscia e veloce. Si pu\u00f2 anche aspettare servizi eccellenti quando si acquista Phenobarbital Luminal online dal professionista sulla piattaforma online.<\/p>\n","protected":false},"excerpt":{"rendered":"<p><strong>Dove posso acquistare Phenobarbital Luminal al miglior prezzo?<\/strong><\/p>\n<p>Ora \u00e8 possibile effettuare l&#8217;acquisto per Phenobarbital Luminal a Nembutal Online Pharmacy. Il vostro ordine per Phenobarbital Luminal in vendita sar\u00e0 completato nel pi\u00f9 breve tempo possibile. Tutto quello che devi fare \u00e8 chiamarci, mandarci un sms o un&#8217;email oggi stesso e farti consegnare i farmaci al pi\u00f9 presto. Collegati ora!<\/p>\n","protected":false},"featured_media":8995,"comment_status":"closed","ping_status":"closed","template":"","meta":{"_acf_changed":false,"_monsterinsights_skip_tracking":false,"_monsterinsights_sitenote_active":false,"_monsterinsights_sitenote_note":"","_monsterinsights_sitenote_category":0},"product_brand":[],"product_cat":[87],"product_tag":[],"class_list":{"0":"post-8978","1":"product","2":"type-product","3":"status-publish","4":"has-post-thumbnail","6":"product_cat-nembutal-pentobarbital","8":"first","9":"instock","10":"shipping-taxable","11":"purchasable","12":"product-type-variable","13":"has-default-attributes"},"acf":[],"yoast_head":"<!-- This site is optimized with the Yoast SEO plugin v27.2 - https:\/\/yoast.com\/product\/yoast-seo-wordpress\/ -->\n<title>Compresse di Fenobarbital in vendita online | Global Meds Inc.<\/title>\n<meta name=\"description\" content=\"Compresse di Fenobarbital in vendita online. Vendiamo compresse di fenobarbital della migliore qualit\u00e0. Vi invitiamo a contattarci per ulteriori informazioni e prezzi.\" \/>\n<meta name=\"robots\" content=\"index, follow, max-snippet:-1, max-image-preview:large, max-video-preview:-1\" \/>\n<link rel=\"canonical\" href=\"https:\/\/globalmedsonlineinc.com\/it\/product\/nembutal-pentobarbital\/comprare-phenobarbital-phenobarbital-luminal\/\" \/>\n<meta property=\"og:locale\" content=\"it_IT\" \/>\n<meta property=\"og:type\" content=\"article\" \/>\n<meta property=\"og:title\" content=\"Compresse di Fenobarbital in vendita online | Global Meds Inc.\" \/>\n<meta property=\"og:description\" content=\"Compresse di Fenobarbital in vendita online. Vendiamo compresse di fenobarbital della migliore qualit\u00e0. Vi invitiamo a contattarci per ulteriori informazioni e prezzi.\" \/>\n<meta property=\"og:url\" content=\"https:\/\/globalmedsonlineinc.com\/it\/product\/nembutal-pentobarbital\/comprare-phenobarbital-phenobarbital-luminal\/\" \/>\n<meta property=\"og:site_name\" content=\"Global Meds Inc\" \/>\n<meta property=\"article:modified_time\" content=\"2024-02-20T11:56:51+00:00\" \/>\n<meta property=\"og:image\" content=\"https:\/\/globalmedsonlineinc.com\/it\/content\/media\/uploads\/sites\/9\/2021\/06\/PhenobarbitalLuminal.jpg\" \/>\n\t<meta property=\"og:image:width\" content=\"600\" \/>\n\t<meta property=\"og:image:height\" content=\"600\" \/>\n\t<meta property=\"og:image:type\" content=\"image\/jpeg\" \/>\n<meta name=\"twitter:card\" content=\"summary_large_image\" \/>\n<meta name=\"twitter:label1\" content=\"Tempo di lettura stimato\" \/>\n\t<meta name=\"twitter:data1\" content=\"3 minuti\" \/>\n<script type=\"application\/ld+json\" class=\"yoast-schema-graph\">{\"@context\":\"https:\/\/schema.org\",\"@graph\":[{\"@type\":\"WebPage\",\"@id\":\"https:\/\/globalmedsonlineinc.com\/it\/product\/nembutal-pentobarbital\/comprare-phenobarbital-phenobarbital-luminal\/\",\"url\":\"https:\/\/globalmedsonlineinc.com\/it\/product\/nembutal-pentobarbital\/comprare-phenobarbital-phenobarbital-luminal\/\",\"name\":\"Compresse di Fenobarbital in vendita online | Global Meds Inc.\",\"isPartOf\":{\"@id\":\"https:\/\/globalmedsonlineinc.com\/it\/#website\"},\"primaryImageOfPage\":{\"@id\":\"https:\/\/globalmedsonlineinc.com\/it\/product\/nembutal-pentobarbital\/comprare-phenobarbital-phenobarbital-luminal\/#primaryimage\"},\"image\":{\"@id\":\"https:\/\/globalmedsonlineinc.com\/it\/product\/nembutal-pentobarbital\/comprare-phenobarbital-phenobarbital-luminal\/#primaryimage\"},\"thumbnailUrl\":\"https:\/\/globalmedsonlineinc.com\/it\/content\/media\/uploads\/sites\/9\/2021\/06\/PhenobarbitalLuminal.jpg\",\"datePublished\":\"2021-06-30T20:58:46+00:00\",\"dateModified\":\"2024-02-20T11:56:51+00:00\",\"description\":\"Compresse di Fenobarbital in vendita online. Vendiamo compresse di fenobarbital della migliore qualit\u00e0. Vi invitiamo a contattarci per ulteriori informazioni e prezzi.\",\"breadcrumb\":{\"@id\":\"https:\/\/globalmedsonlineinc.com\/it\/product\/nembutal-pentobarbital\/comprare-phenobarbital-phenobarbital-luminal\/#breadcrumb\"},\"inLanguage\":\"it-IT\",\"potentialAction\":[{\"@type\":\"ReadAction\",\"target\":[\"https:\/\/globalmedsonlineinc.com\/it\/product\/nembutal-pentobarbital\/comprare-phenobarbital-phenobarbital-luminal\/\"]}]},{\"@type\":\"ImageObject\",\"inLanguage\":\"it-IT\",\"@id\":\"https:\/\/globalmedsonlineinc.com\/it\/product\/nembutal-pentobarbital\/comprare-phenobarbital-phenobarbital-luminal\/#primaryimage\",\"url\":\"https:\/\/globalmedsonlineinc.com\/it\/content\/media\/uploads\/sites\/9\/2021\/06\/PhenobarbitalLuminal.jpg\",\"contentUrl\":\"https:\/\/globalmedsonlineinc.com\/it\/content\/media\/uploads\/sites\/9\/2021\/06\/PhenobarbitalLuminal.jpg\",\"width\":600,\"height\":600,\"caption\":\"Compresse di Fenobarbital in vendita online\"},{\"@type\":\"BreadcrumbList\",\"@id\":\"https:\/\/globalmedsonlineinc.com\/it\/product\/nembutal-pentobarbital\/comprare-phenobarbital-phenobarbital-luminal\/#breadcrumb\",\"itemListElement\":[{\"@type\":\"ListItem\",\"position\":1,\"name\":\"Home\",\"item\":\"https:\/\/globalmedsonlineinc.com\/it\/\"},{\"@type\":\"ListItem\",\"position\":2,\"name\":\"Prodotti\",\"item\":\"https:\/\/globalmedsonlineinc.com\/it\/prodotti\/\"},{\"@type\":\"ListItem\",\"position\":3,\"name\":\"Comprare Fenobarbital (Fenobarbital) \/ Luminal\"}]},{\"@type\":\"WebSite\",\"@id\":\"https:\/\/globalmedsonlineinc.com\/it\/#website\",\"url\":\"https:\/\/globalmedsonlineinc.com\/it\/\",\"name\":\"Global Meds Inc\",\"description\":\"\",\"publisher\":{\"@id\":\"https:\/\/globalmedsonlineinc.com\/it\/#organization\"},\"potentialAction\":[{\"@type\":\"SearchAction\",\"target\":{\"@type\":\"EntryPoint\",\"urlTemplate\":\"https:\/\/globalmedsonlineinc.com\/it\/?s={search_term_string}\"},\"query-input\":{\"@type\":\"PropertyValueSpecification\",\"valueRequired\":true,\"valueName\":\"search_term_string\"}}],\"inLanguage\":\"it-IT\"},{\"@type\":\"Organization\",\"@id\":\"https:\/\/globalmedsonlineinc.com\/it\/#organization\",\"name\":\"Global Meds Inc.\",\"url\":\"https:\/\/globalmedsonlineinc.com\/it\/\",\"logo\":{\"@type\":\"ImageObject\",\"inLanguage\":\"it-IT\",\"@id\":\"https:\/\/globalmedsonlineinc.com\/it\/#\/schema\/logo\/image\/\",\"url\":\"https:\/\/globalmedsonlineinc.com\/it\/content\/media\/uploads\/sites\/9\/2021\/06\/globalmedsonlineincLogoShop20210630123730.00.png\",\"contentUrl\":\"https:\/\/globalmedsonlineinc.com\/it\/content\/media\/uploads\/sites\/9\/2021\/06\/globalmedsonlineincLogoShop20210630123730.00.png\",\"width\":450,\"height\":117,\"caption\":\"Global Meds Inc.\"},\"image\":{\"@id\":\"https:\/\/globalmedsonlineinc.com\/it\/#\/schema\/logo\/image\/\"}}]}<\/script>\n<!-- \/ Yoast SEO plugin. -->","yoast_head_json":{"title":"Compresse di Fenobarbital in vendita online | Global Meds Inc.","description":"Compresse di Fenobarbital in vendita online. Vendiamo compresse di fenobarbital della migliore qualit\u00e0. Vi invitiamo a contattarci per ulteriori informazioni e prezzi.","robots":{"index":"index","follow":"follow","max-snippet":"max-snippet:-1","max-image-preview":"max-image-preview:large","max-video-preview":"max-video-preview:-1"},"canonical":"https:\/\/globalmedsonlineinc.com\/it\/product\/nembutal-pentobarbital\/comprare-phenobarbital-phenobarbital-luminal\/","og_locale":"it_IT","og_type":"article","og_title":"Compresse di Fenobarbital in vendita online | Global Meds Inc.","og_description":"Compresse di Fenobarbital in vendita online. Vendiamo compresse di fenobarbital della migliore qualit\u00e0. Vi invitiamo a contattarci per ulteriori informazioni e prezzi.","og_url":"https:\/\/globalmedsonlineinc.com\/it\/product\/nembutal-pentobarbital\/comprare-phenobarbital-phenobarbital-luminal\/","og_site_name":"Global Meds Inc","article_modified_time":"2024-02-20T11:56:51+00:00","og_image":[{"width":600,"height":600,"url":"https:\/\/globalmedsonlineinc.com\/it\/content\/media\/uploads\/sites\/9\/2021\/06\/PhenobarbitalLuminal.jpg","type":"image\/jpeg"}],"twitter_card":"summary_large_image","twitter_misc":{"Tempo di lettura stimato":"3 minuti"},"schema":{"@context":"https:\/\/schema.org","@graph":[{"@type":"WebPage","@id":"https:\/\/globalmedsonlineinc.com\/it\/product\/nembutal-pentobarbital\/comprare-phenobarbital-phenobarbital-luminal\/","url":"https:\/\/globalmedsonlineinc.com\/it\/product\/nembutal-pentobarbital\/comprare-phenobarbital-phenobarbital-luminal\/","name":"Compresse di Fenobarbital in vendita online | Global Meds Inc.","isPartOf":{"@id":"https:\/\/globalmedsonlineinc.com\/it\/#website"},"primaryImageOfPage":{"@id":"https:\/\/globalmedsonlineinc.com\/it\/product\/nembutal-pentobarbital\/comprare-phenobarbital-phenobarbital-luminal\/#primaryimage"},"image":{"@id":"https:\/\/globalmedsonlineinc.com\/it\/product\/nembutal-pentobarbital\/comprare-phenobarbital-phenobarbital-luminal\/#primaryimage"},"thumbnailUrl":"https:\/\/globalmedsonlineinc.com\/it\/content\/media\/uploads\/sites\/9\/2021\/06\/PhenobarbitalLuminal.jpg","datePublished":"2021-06-30T20:58:46+00:00","dateModified":"2024-02-20T11:56:51+00:00","description":"Compresse di Fenobarbital in vendita online. Vendiamo compresse di fenobarbital della migliore qualit\u00e0. Vi invitiamo a contattarci per ulteriori informazioni e prezzi.","breadcrumb":{"@id":"https:\/\/globalmedsonlineinc.com\/it\/product\/nembutal-pentobarbital\/comprare-phenobarbital-phenobarbital-luminal\/#breadcrumb"},"inLanguage":"it-IT","potentialAction":[{"@type":"ReadAction","target":["https:\/\/globalmedsonlineinc.com\/it\/product\/nembutal-pentobarbital\/comprare-phenobarbital-phenobarbital-luminal\/"]}]},{"@type":"ImageObject","inLanguage":"it-IT","@id":"https:\/\/globalmedsonlineinc.com\/it\/product\/nembutal-pentobarbital\/comprare-phenobarbital-phenobarbital-luminal\/#primaryimage","url":"https:\/\/globalmedsonlineinc.com\/it\/content\/media\/uploads\/sites\/9\/2021\/06\/PhenobarbitalLuminal.jpg","contentUrl":"https:\/\/globalmedsonlineinc.com\/it\/content\/media\/uploads\/sites\/9\/2021\/06\/PhenobarbitalLuminal.jpg","width":600,"height":600,"caption":"Compresse di Fenobarbital in vendita online"},{"@type":"BreadcrumbList","@id":"https:\/\/globalmedsonlineinc.com\/it\/product\/nembutal-pentobarbital\/comprare-phenobarbital-phenobarbital-luminal\/#breadcrumb","itemListElement":[{"@type":"ListItem","position":1,"name":"Home","item":"https:\/\/globalmedsonlineinc.com\/it\/"},{"@type":"ListItem","position":2,"name":"Prodotti","item":"https:\/\/globalmedsonlineinc.com\/it\/prodotti\/"},{"@type":"ListItem","position":3,"name":"Comprare Fenobarbital (Fenobarbital) \/ Luminal"}]},{"@type":"WebSite","@id":"https:\/\/globalmedsonlineinc.com\/it\/#website","url":"https:\/\/globalmedsonlineinc.com\/it\/","name":"Global Meds Inc","description":"","publisher":{"@id":"https:\/\/globalmedsonlineinc.com\/it\/#organization"},"potentialAction":[{"@type":"SearchAction","target":{"@type":"EntryPoint","urlTemplate":"https:\/\/globalmedsonlineinc.com\/it\/?s={search_term_string}"},"query-input":{"@type":"PropertyValueSpecification","valueRequired":true,"valueName":"search_term_string"}}],"inLanguage":"it-IT"},{"@type":"Organization","@id":"https:\/\/globalmedsonlineinc.com\/it\/#organization","name":"Global Meds Inc.","url":"https:\/\/globalmedsonlineinc.com\/it\/","logo":{"@type":"ImageObject","inLanguage":"it-IT","@id":"https:\/\/globalmedsonlineinc.com\/it\/#\/schema\/logo\/image\/","url":"https:\/\/globalmedsonlineinc.com\/it\/content\/media\/uploads\/sites\/9\/2021\/06\/globalmedsonlineincLogoShop20210630123730.00.png","contentUrl":"https:\/\/globalmedsonlineinc.com\/it\/content\/media\/uploads\/sites\/9\/2021\/06\/globalmedsonlineincLogoShop20210630123730.00.png","width":450,"height":117,"caption":"Global Meds Inc."},"image":{"@id":"https:\/\/globalmedsonlineinc.com\/it\/#\/schema\/logo\/image\/"}}]}},"_links":{"self":[{"href":"https:\/\/globalmedsonlineinc.com\/it\/wp-json\/wp\/v2\/product\/8978","targetHints":{"allow":["GET"]}}],"collection":[{"href":"https:\/\/globalmedsonlineinc.com\/it\/wp-json\/wp\/v2\/product"}],"about":[{"href":"https:\/\/globalmedsonlineinc.com\/it\/wp-json\/wp\/v2\/types\/product"}],"replies":[{"embeddable":true,"href":"https:\/\/globalmedsonlineinc.com\/it\/wp-json\/wp\/v2\/comments?post=8978"}],"wp:featuredmedia":[{"embeddable":true,"href":"https:\/\/globalmedsonlineinc.com\/it\/wp-json\/wp\/v2\/media\/8995"}],"wp:attachment":[{"href":"https:\/\/globalmedsonlineinc.com\/it\/wp-json\/wp\/v2\/media?parent=8978"}],"wp:term":[{"taxonomy":"product_brand","embeddable":true,"href":"https:\/\/globalmedsonlineinc.com\/it\/wp-json\/wp\/v2\/product_brand?post=8978"},{"taxonomy":"product_cat","embeddable":true,"href":"https:\/\/globalmedsonlineinc.com\/it\/wp-json\/wp\/v2\/product_cat?post=8978"},{"taxonomy":"product_tag","embeddable":true,"href":"https:\/\/globalmedsonlineinc.com\/it\/wp-json\/wp\/v2\/product_tag?post=8978"}],"curies":[{"name":"wp","href":"https:\/\/api.w.org\/{rel}","templated":true}]}}