{"id":8973,"date":"2021-06-30T20:56:09","date_gmt":"2021-06-30T20:56:09","guid":{"rendered":"https:\/\/globalmedsonlineinc.com\/it\/?post_type=product&#038;p=8973"},"modified":"2024-02-20T11:57:18","modified_gmt":"2024-02-20T11:57:18","slug":"comprare-seconal-sodium-online","status":"publish","type":"product","link":"https:\/\/globalmedsonlineinc.com\/it\/product\/nembutal-pentobarbital\/comprare-seconal-sodium-online\/","title":{"rendered":"Comprare Seconal Sodium online"},"content":{"rendered":"<h1 class=\"tt\">Sodio Seconale in vendita online<\/h1>\n<p class=\"tt\"><a href=\"https:\/\/globalmedsonlineinc.com\/it\/product\/nembutal-pentobarbital\/buy-seconal-sodium\/\">Sodio Seconale in vendita online<\/a>. Global Meds Inc \u00e8 ora disponibile con Seconal Sodium ai migliori prezzi. Se si desidera acquistare Seconal Sodium online, poi colpire le vostre esigenze alla nostra farmacia online oggi e farli compiuti in un breve lasso di tempo. Tutto quello che dovete fare \u00e8 ordinare Seconal Sodium e i membri del nostro team lo prepareranno e lo imballeranno per voi seguito da consegna tempestiva. Siamo una farmacia professionale e affidabile che ha lavorato costantemente in questo settore per decenni. Si pu\u00f2 contare su di noi in termini di ottenere i migliori farmaci di qualit\u00e0 e <a href=\"https:\/\/it.wikipedia.org\/wiki\/Secobarbital\">che<\/a> troppo entro il periodo di tempo indicato.<\/p>\n<p class=\"tt\">Cosa pu\u00f2 fornire Seconal Sodium? Perch\u00e9 scegliere noi per acquistarlo?<br \/>\nSeconal Sodium \u00e8 utilizzato per calmarti appena prima di un intervento chirurgico. Seconal Sodium ha un posto con una classe di farmaci noti come ipnotici barbiturici. Funziona influenzando alcune parti del cervello per calmarvi. Gli anziani dovrebbero parlare dei rischi e dei vantaggi di questo farmaco con il loro medico o specialista, proprio come altri trattamenti potenti e probabilmente pi\u00f9 sicuri. Perquisite la Guida alla Medicina fornita insieme al prodotto dalla nostra farmacia online prima di iniziare a prendere Seconal Sodium e ogni volta che si ottiene un top off. Se avete domande, consultate il vostro medico o specialista di farmaci. Prendete questo farmaco per bocca a stomaco vuoto come coordinato dal vostro medico prima dell&#8217;intervento chirurgico.<\/p>\n<p><strong>Seconal Sodium \u00e8 usato esclusivamente per le seguenti condizioni:<\/strong><\/p>\n<ul>\n<li>anestesia locale supplementare<\/li>\n<li>agente aggiuntivo per indurre l&#8217;anestesia generale<\/li>\n<\/ul>\n<p>Seconal Sodium Secobarbital in vendita su Online Nembutal Pharmacy e noi consegneremo lo stesso al vostro posto preferito il pi\u00f9 presto possibile. Permetteteci di servirvi nel miglior modo possibile. Potete contare interamente sulla nostra farmacia Nembutal online e aspettarvi il meglio da noi. Siamo sempre disponibili per i nostri clienti significativi nel realizzare i loro bisogni e le loro esigenze. Contattateci subito!<\/p>\n<p>Buona qualit\u00e0 Sodio Seconal online: E &#8216;completamente capito che la gente non rapidamente fiducia la qualit\u00e0 del Sodio Seconal venduto online perch\u00e9 non possono esaminare fisicamente. Ma non \u00e8 la stessa cosa con i fornitori online Seconal Sodium online. I prodotti qui sono fedeli alla loro descrizione con la manutenzione di alta qualit\u00e0 fatta sotto la supervisione degli esperti.<\/p>\n<p>Veloce &amp; Spedizione discreta: La consegna del Sodio Seconal online dopo aver ricevuto l&#8217;ordine \u00e8 fatto entro i tempi promessi. Il team di spedizione mette tutti i loro sforzi nel rendere la spedizione e la procedura di consegna liscia e veloce. Si pu\u00f2 anche aspettare servizi eccellenti quando si acquista Sodio Seconal online dal professionista sulla piattaforma online.<\/p>\n","protected":false},"excerpt":{"rendered":"<p><strong>Entrare in contatto con la Farmacia Nembutal online<\/strong><\/p>\n<p>La Farmacia Nembutal online \u00e8 disponibile per tutte le persone in tutto il mondo. Puoi raggiungerci in qualsiasi momento e ovunque. Rispondiamo sempre ai nostri clienti in pochi istanti e li aiutiamo con le loro domande. Una volta che abbiamo ricevuto i dettagli dell&#8217;ordine da voi, iniziamo l&#8217;imballaggio dello stesso nel momento successivo. Ci assicuriamo che tutte le medicine raggiungano i nostri clienti in un imballaggio sicuro e adeguato senza essere danneggiate. Con noi, non dovete preoccuparvi n\u00e9 della qualit\u00e0 delle medicine n\u00e9 dello stato di consegna. Siamo presenti per prendere tutte le responsabilit\u00e0. Da qui riceverete solo il meglio per la vostra salute. Si pu\u00f2 dare una chiamata, e-mail o testo a noi. Compra Seconal Sodium Secobarbital 100mg oggi e ricevilo in un breve periodo di tempo dalla farmacia online Nembutal.<\/p>\n","protected":false},"featured_media":8994,"comment_status":"closed","ping_status":"closed","template":"","meta":{"_acf_changed":false,"_monsterinsights_skip_tracking":false,"_monsterinsights_sitenote_active":false,"_monsterinsights_sitenote_note":"","_monsterinsights_sitenote_category":0},"product_brand":[],"product_cat":[87],"product_tag":[],"class_list":{"0":"post-8973","1":"product","2":"type-product","3":"status-publish","4":"has-post-thumbnail","6":"product_cat-nembutal-pentobarbital","8":"first","9":"instock","10":"shipping-taxable","11":"purchasable","12":"product-type-variable","13":"has-default-attributes"},"acf":[],"yoast_head":"<!-- This site is optimized with the Yoast SEO plugin v27.2 - https:\/\/yoast.com\/product\/yoast-seo-wordpress\/ -->\n<title>Sodio Seconale in vendita online - Global Meds Inc.<\/title>\n<meta name=\"description\" content=\"Sodio Seconale in vendita online. Vendiamo sodio seconale della migliore qualit\u00e0. Vi invitiamo a contattarci per ulteriori informazioni e prezzi.\" \/>\n<meta name=\"robots\" content=\"index, follow, max-snippet:-1, max-image-preview:large, max-video-preview:-1\" \/>\n<link rel=\"canonical\" href=\"https:\/\/globalmedsonlineinc.com\/it\/product\/nembutal-pentobarbital\/comprare-seconal-sodium-online\/\" \/>\n<meta property=\"og:locale\" content=\"it_IT\" \/>\n<meta property=\"og:type\" content=\"article\" \/>\n<meta property=\"og:title\" content=\"Sodio Seconale in vendita online - Global Meds Inc.\" \/>\n<meta property=\"og:description\" content=\"Sodio Seconale in vendita online. Vendiamo sodio seconale della migliore qualit\u00e0. Vi invitiamo a contattarci per ulteriori informazioni e prezzi.\" \/>\n<meta property=\"og:url\" content=\"https:\/\/globalmedsonlineinc.com\/it\/product\/nembutal-pentobarbital\/comprare-seconal-sodium-online\/\" \/>\n<meta property=\"og:site_name\" content=\"Global Meds Inc\" \/>\n<meta property=\"article:modified_time\" content=\"2024-02-20T11:57:18+00:00\" \/>\n<meta property=\"og:image\" content=\"https:\/\/globalmedsonlineinc.com\/it\/content\/media\/uploads\/sites\/9\/2021\/06\/seconal-sodium.jpg\" \/>\n\t<meta property=\"og:image:width\" content=\"600\" \/>\n\t<meta property=\"og:image:height\" content=\"600\" \/>\n\t<meta property=\"og:image:type\" content=\"image\/jpeg\" \/>\n<meta name=\"twitter:card\" content=\"summary_large_image\" \/>\n<meta name=\"twitter:label1\" content=\"Tempo di lettura stimato\" \/>\n\t<meta name=\"twitter:data1\" content=\"3 minuti\" \/>\n<script type=\"application\/ld+json\" class=\"yoast-schema-graph\">{\"@context\":\"https:\/\/schema.org\",\"@graph\":[{\"@type\":\"WebPage\",\"@id\":\"https:\/\/globalmedsonlineinc.com\/it\/product\/nembutal-pentobarbital\/comprare-seconal-sodium-online\/\",\"url\":\"https:\/\/globalmedsonlineinc.com\/it\/product\/nembutal-pentobarbital\/comprare-seconal-sodium-online\/\",\"name\":\"Sodio Seconale in vendita online - Global Meds Inc.\",\"isPartOf\":{\"@id\":\"https:\/\/globalmedsonlineinc.com\/it\/#website\"},\"primaryImageOfPage\":{\"@id\":\"https:\/\/globalmedsonlineinc.com\/it\/product\/nembutal-pentobarbital\/comprare-seconal-sodium-online\/#primaryimage\"},\"image\":{\"@id\":\"https:\/\/globalmedsonlineinc.com\/it\/product\/nembutal-pentobarbital\/comprare-seconal-sodium-online\/#primaryimage\"},\"thumbnailUrl\":\"https:\/\/globalmedsonlineinc.com\/it\/content\/media\/uploads\/sites\/9\/2021\/06\/seconal-sodium.jpg\",\"datePublished\":\"2021-06-30T20:56:09+00:00\",\"dateModified\":\"2024-02-20T11:57:18+00:00\",\"description\":\"Sodio Seconale in vendita online. Vendiamo sodio seconale della migliore qualit\u00e0. Vi invitiamo a contattarci per ulteriori informazioni e prezzi.\",\"breadcrumb\":{\"@id\":\"https:\/\/globalmedsonlineinc.com\/it\/product\/nembutal-pentobarbital\/comprare-seconal-sodium-online\/#breadcrumb\"},\"inLanguage\":\"it-IT\",\"potentialAction\":[{\"@type\":\"ReadAction\",\"target\":[\"https:\/\/globalmedsonlineinc.com\/it\/product\/nembutal-pentobarbital\/comprare-seconal-sodium-online\/\"]}]},{\"@type\":\"ImageObject\",\"inLanguage\":\"it-IT\",\"@id\":\"https:\/\/globalmedsonlineinc.com\/it\/product\/nembutal-pentobarbital\/comprare-seconal-sodium-online\/#primaryimage\",\"url\":\"https:\/\/globalmedsonlineinc.com\/it\/content\/media\/uploads\/sites\/9\/2021\/06\/seconal-sodium.jpg\",\"contentUrl\":\"https:\/\/globalmedsonlineinc.com\/it\/content\/media\/uploads\/sites\/9\/2021\/06\/seconal-sodium.jpg\",\"width\":600,\"height\":600,\"caption\":\"Sodio Seconale in vendita online\"},{\"@type\":\"BreadcrumbList\",\"@id\":\"https:\/\/globalmedsonlineinc.com\/it\/product\/nembutal-pentobarbital\/comprare-seconal-sodium-online\/#breadcrumb\",\"itemListElement\":[{\"@type\":\"ListItem\",\"position\":1,\"name\":\"Home\",\"item\":\"https:\/\/globalmedsonlineinc.com\/it\/\"},{\"@type\":\"ListItem\",\"position\":2,\"name\":\"Prodotti\",\"item\":\"https:\/\/globalmedsonlineinc.com\/it\/prodotti\/\"},{\"@type\":\"ListItem\",\"position\":3,\"name\":\"Comprare Seconal Sodium online\"}]},{\"@type\":\"WebSite\",\"@id\":\"https:\/\/globalmedsonlineinc.com\/it\/#website\",\"url\":\"https:\/\/globalmedsonlineinc.com\/it\/\",\"name\":\"Global Meds Inc\",\"description\":\"\",\"publisher\":{\"@id\":\"https:\/\/globalmedsonlineinc.com\/it\/#organization\"},\"potentialAction\":[{\"@type\":\"SearchAction\",\"target\":{\"@type\":\"EntryPoint\",\"urlTemplate\":\"https:\/\/globalmedsonlineinc.com\/it\/?s={search_term_string}\"},\"query-input\":{\"@type\":\"PropertyValueSpecification\",\"valueRequired\":true,\"valueName\":\"search_term_string\"}}],\"inLanguage\":\"it-IT\"},{\"@type\":\"Organization\",\"@id\":\"https:\/\/globalmedsonlineinc.com\/it\/#organization\",\"name\":\"Global Meds Inc.\",\"url\":\"https:\/\/globalmedsonlineinc.com\/it\/\",\"logo\":{\"@type\":\"ImageObject\",\"inLanguage\":\"it-IT\",\"@id\":\"https:\/\/globalmedsonlineinc.com\/it\/#\/schema\/logo\/image\/\",\"url\":\"https:\/\/globalmedsonlineinc.com\/it\/content\/media\/uploads\/sites\/9\/2021\/06\/globalmedsonlineincLogoShop20210630123730.00.png\",\"contentUrl\":\"https:\/\/globalmedsonlineinc.com\/it\/content\/media\/uploads\/sites\/9\/2021\/06\/globalmedsonlineincLogoShop20210630123730.00.png\",\"width\":450,\"height\":117,\"caption\":\"Global Meds Inc.\"},\"image\":{\"@id\":\"https:\/\/globalmedsonlineinc.com\/it\/#\/schema\/logo\/image\/\"}}]}<\/script>\n<!-- \/ Yoast SEO plugin. -->","yoast_head_json":{"title":"Sodio Seconale in vendita online - Global Meds Inc.","description":"Sodio Seconale in vendita online. Vendiamo sodio seconale della migliore qualit\u00e0. Vi invitiamo a contattarci per ulteriori informazioni e prezzi.","robots":{"index":"index","follow":"follow","max-snippet":"max-snippet:-1","max-image-preview":"max-image-preview:large","max-video-preview":"max-video-preview:-1"},"canonical":"https:\/\/globalmedsonlineinc.com\/it\/product\/nembutal-pentobarbital\/comprare-seconal-sodium-online\/","og_locale":"it_IT","og_type":"article","og_title":"Sodio Seconale in vendita online - Global Meds Inc.","og_description":"Sodio Seconale in vendita online. Vendiamo sodio seconale della migliore qualit\u00e0. Vi invitiamo a contattarci per ulteriori informazioni e prezzi.","og_url":"https:\/\/globalmedsonlineinc.com\/it\/product\/nembutal-pentobarbital\/comprare-seconal-sodium-online\/","og_site_name":"Global Meds Inc","article_modified_time":"2024-02-20T11:57:18+00:00","og_image":[{"width":600,"height":600,"url":"https:\/\/globalmedsonlineinc.com\/it\/content\/media\/uploads\/sites\/9\/2021\/06\/seconal-sodium.jpg","type":"image\/jpeg"}],"twitter_card":"summary_large_image","twitter_misc":{"Tempo di lettura stimato":"3 minuti"},"schema":{"@context":"https:\/\/schema.org","@graph":[{"@type":"WebPage","@id":"https:\/\/globalmedsonlineinc.com\/it\/product\/nembutal-pentobarbital\/comprare-seconal-sodium-online\/","url":"https:\/\/globalmedsonlineinc.com\/it\/product\/nembutal-pentobarbital\/comprare-seconal-sodium-online\/","name":"Sodio Seconale in vendita online - Global Meds Inc.","isPartOf":{"@id":"https:\/\/globalmedsonlineinc.com\/it\/#website"},"primaryImageOfPage":{"@id":"https:\/\/globalmedsonlineinc.com\/it\/product\/nembutal-pentobarbital\/comprare-seconal-sodium-online\/#primaryimage"},"image":{"@id":"https:\/\/globalmedsonlineinc.com\/it\/product\/nembutal-pentobarbital\/comprare-seconal-sodium-online\/#primaryimage"},"thumbnailUrl":"https:\/\/globalmedsonlineinc.com\/it\/content\/media\/uploads\/sites\/9\/2021\/06\/seconal-sodium.jpg","datePublished":"2021-06-30T20:56:09+00:00","dateModified":"2024-02-20T11:57:18+00:00","description":"Sodio Seconale in vendita online. Vendiamo sodio seconale della migliore qualit\u00e0. Vi invitiamo a contattarci per ulteriori informazioni e prezzi.","breadcrumb":{"@id":"https:\/\/globalmedsonlineinc.com\/it\/product\/nembutal-pentobarbital\/comprare-seconal-sodium-online\/#breadcrumb"},"inLanguage":"it-IT","potentialAction":[{"@type":"ReadAction","target":["https:\/\/globalmedsonlineinc.com\/it\/product\/nembutal-pentobarbital\/comprare-seconal-sodium-online\/"]}]},{"@type":"ImageObject","inLanguage":"it-IT","@id":"https:\/\/globalmedsonlineinc.com\/it\/product\/nembutal-pentobarbital\/comprare-seconal-sodium-online\/#primaryimage","url":"https:\/\/globalmedsonlineinc.com\/it\/content\/media\/uploads\/sites\/9\/2021\/06\/seconal-sodium.jpg","contentUrl":"https:\/\/globalmedsonlineinc.com\/it\/content\/media\/uploads\/sites\/9\/2021\/06\/seconal-sodium.jpg","width":600,"height":600,"caption":"Sodio Seconale in vendita online"},{"@type":"BreadcrumbList","@id":"https:\/\/globalmedsonlineinc.com\/it\/product\/nembutal-pentobarbital\/comprare-seconal-sodium-online\/#breadcrumb","itemListElement":[{"@type":"ListItem","position":1,"name":"Home","item":"https:\/\/globalmedsonlineinc.com\/it\/"},{"@type":"ListItem","position":2,"name":"Prodotti","item":"https:\/\/globalmedsonlineinc.com\/it\/prodotti\/"},{"@type":"ListItem","position":3,"name":"Comprare Seconal Sodium online"}]},{"@type":"WebSite","@id":"https:\/\/globalmedsonlineinc.com\/it\/#website","url":"https:\/\/globalmedsonlineinc.com\/it\/","name":"Global Meds Inc","description":"","publisher":{"@id":"https:\/\/globalmedsonlineinc.com\/it\/#organization"},"potentialAction":[{"@type":"SearchAction","target":{"@type":"EntryPoint","urlTemplate":"https:\/\/globalmedsonlineinc.com\/it\/?s={search_term_string}"},"query-input":{"@type":"PropertyValueSpecification","valueRequired":true,"valueName":"search_term_string"}}],"inLanguage":"it-IT"},{"@type":"Organization","@id":"https:\/\/globalmedsonlineinc.com\/it\/#organization","name":"Global Meds Inc.","url":"https:\/\/globalmedsonlineinc.com\/it\/","logo":{"@type":"ImageObject","inLanguage":"it-IT","@id":"https:\/\/globalmedsonlineinc.com\/it\/#\/schema\/logo\/image\/","url":"https:\/\/globalmedsonlineinc.com\/it\/content\/media\/uploads\/sites\/9\/2021\/06\/globalmedsonlineincLogoShop20210630123730.00.png","contentUrl":"https:\/\/globalmedsonlineinc.com\/it\/content\/media\/uploads\/sites\/9\/2021\/06\/globalmedsonlineincLogoShop20210630123730.00.png","width":450,"height":117,"caption":"Global Meds Inc."},"image":{"@id":"https:\/\/globalmedsonlineinc.com\/it\/#\/schema\/logo\/image\/"}}]}},"_links":{"self":[{"href":"https:\/\/globalmedsonlineinc.com\/it\/wp-json\/wp\/v2\/product\/8973","targetHints":{"allow":["GET"]}}],"collection":[{"href":"https:\/\/globalmedsonlineinc.com\/it\/wp-json\/wp\/v2\/product"}],"about":[{"href":"https:\/\/globalmedsonlineinc.com\/it\/wp-json\/wp\/v2\/types\/product"}],"replies":[{"embeddable":true,"href":"https:\/\/globalmedsonlineinc.com\/it\/wp-json\/wp\/v2\/comments?post=8973"}],"wp:featuredmedia":[{"embeddable":true,"href":"https:\/\/globalmedsonlineinc.com\/it\/wp-json\/wp\/v2\/media\/8994"}],"wp:attachment":[{"href":"https:\/\/globalmedsonlineinc.com\/it\/wp-json\/wp\/v2\/media?parent=8973"}],"wp:term":[{"taxonomy":"product_brand","embeddable":true,"href":"https:\/\/globalmedsonlineinc.com\/it\/wp-json\/wp\/v2\/product_brand?post=8973"},{"taxonomy":"product_cat","embeddable":true,"href":"https:\/\/globalmedsonlineinc.com\/it\/wp-json\/wp\/v2\/product_cat?post=8973"},{"taxonomy":"product_tag","embeddable":true,"href":"https:\/\/globalmedsonlineinc.com\/it\/wp-json\/wp\/v2\/product_tag?post=8973"}],"curies":[{"name":"wp","href":"https:\/\/api.w.org\/{rel}","templated":true}]}}