{"id":8927,"date":"2021-06-30T20:43:54","date_gmt":"2021-06-30T20:43:54","guid":{"rendered":"https:\/\/globalmedsonlineinc.com\/it\/?post_type=product&#038;p=8927"},"modified":"2024-02-20T11:59:06","modified_gmt":"2024-02-20T11:59:06","slug":"comprare-pentobarbital-sodium-liquido-orale-online","status":"publish","type":"product","link":"https:\/\/globalmedsonlineinc.com\/it\/product\/nembutal-pentobarbital\/comprare-pentobarbital-sodium-liquido-orale-online\/","title":{"rendered":"Comprare Pentobarbital Sodium (Liquido) (Orale) Online"},"content":{"rendered":"<h1 class=\"tt\">Pentobarbital sodico soluzione liquida orale in vendita online<\/h1>\n<p><a href=\"https:\/\/globalmedsonlineinc.com\/it\/product\/nembutal-pentobarbital\/buy-pentobarbital-sodium-liquid-oral-online\/\">Pentobarbital sodico soluzione liquida orale<\/a> in vendita online. NEMBUTAL Sodium Solution (pentobarbital sodium injection) \u00e8 una soluzione sterile per iniezione endovenosa o intramuscolare. Ogni mL contiene pentobarbital sodio 50 mg, in un veicolo di glicole propilenico, 40%, alcol, 10% e acqua per iniezione, a volume. Il pH \u00e8 regolato a circa 9,5 con acido cloridrico e\/o idrossido di sodio. Questo farmaco \u00e8 per l&#8217;iniezione in un muscolo o una vena. Comprare Pentobarbital Sodium Online, Pentobarbital per l&#8217;eutanasia, gruppo Pentobarbital Sodium, Pentobarbital Sodium liquido, Pentobarbital Sodium per eutanasia animale.<\/p>\n<p>Sodio pentobarbital acquisto online \u00e8 ora possibile a Nembutal Group. \u00c8 ora possibile mettere in ordine di acquistare Pentobarbital Sodium Injection e ottenere consegnato al <a href=\"https:\/\/it.wikipedia.org\/wiki\/Pentobarbital\">vostro<\/a> indirizzo entro i tempi promessi. Contattateci ora! Pentobarbital per eutanasia, Pentobarbital sodico liquido, Pentobarbital sodico per eutanasia animale,<\/p>\n<p class=\"tt\"><strong>Che cos&#8217;\u00e8 il Pentobarbital e i suoi usi? <\/strong><\/p>\n<p>Il pentobarbital \u00e8 un barbiturico che agisce come depressore, o sedativo, usato a breve termine per trattare l&#8217;insonnia. Pentobarbital \u00e8 anche usato come un trattamento di emergenza per le convulsioni, e per causare i pazienti ad addormentarsi per la chirurgia. Comprare pentobarbital sodio online, Pentobarbital per l&#8217;eutanasia, pentobarbital sodico per l&#8217;eutanasia degli animali.<\/p>\n<p>In dosi elevate, il pentobarbital causa la morte per arresto respiratorio. E &#8216;utilizzato per l&#8217;eutanasia veterinaria ed \u00e8 usato da alcuni stati degli Stati Uniti e il governo federale degli Stati Uniti per le esecuzioni di criminali condannati. Comprare Pentobarbital Sodium Online<sup id=\"cite_ref-2\" class=\"reference\"><\/sup><\/p>\n<p>Pentobarbital pu\u00f2 causare la morte se usato in dosi elevate. \u00c8 usato per l&#8217;eutanasia per gli esseri umani cos\u00ec come gli animali. \u00c8 anche usato da solo, o in combinazione con agenti complementari come la fenitoina, in soluzioni iniettabili commerciali per l&#8217;eutanasia degli animali.<\/p>\n<p><strong>Pentobarbital per eutanasia<\/strong><\/p>\n<p>Il Pentobarbital (Nembutal) \u00e8 un barbiturico sedativo-ipnotico a breve durata d&#8217;azione che \u00e8 ampiamente utilizzato nella pratica veterinaria per l&#8217;anestesia e l&#8217;eutanasia. \u00c8 anche raccomandato come un farmaco per l&#8217;eutanasia o il suicidio assistito a causa della sua rapida insorgenza del coma e la percezione di una morte pacifica. Comprare Pentobarbital Sodium Online<\/p>\n<p><strong>Come viene somministrato il pentobarbital sodico?<\/strong><\/p>\n<div id=\"_joT9X9rQHMb1gQa08rz4CA32\" class=\"gy6Qzb oNjtBb V1sL5c\" aria-labelledby=\"_joT9X9rQHMb1gQa08rz4CA33\">\n<div>\n<div id=\"_joT9X9rQHMb1gQa08rz4CA34\" class=\"y8URue\" data-hveid=\"CBEQDA\" data-ved=\"2ahUKEwjaz5v_oZbuAhXGesAKHTQ5D48Qu04oAXoECBEQDA\">\n<div class=\"mod\" data-md=\"61\">\n<div class=\"LGOjhe\" role=\"heading\" data-attrid=\"wa:\/description\" data-hveid=\"CAsQAA\"><span class=\"ILfuVd NA6bn\"><span class=\"hgKElc\">Pentobarbital pu\u00f2 essere somministrato per via intraperitoneale o intravenosa. Quando viene usato come anestetico generale, il pentobarbital pu\u00f2 essere somministrato come bolo (Borkowski et al., 1990) o CRI. Le soluzioni commerciali contengono comunemente glicole propilenico, che pu\u00f2 causare dolore all&#8217;iniezione e tromboflebite. Comprare Pentobarbital Sodium Online<\/span><\/span><\/div>\n<\/div>\n<\/div>\n<\/div>\n<\/div>\n\n\n","protected":false},"excerpt":{"rendered":"<p>L&#8217;iniezione di pentobarbital sodico \u00e8 una soluzione sterile per iniezione endovenosa o intramuscolare. Ogni mL contiene pentobarbital sodico 50 mg, in un veicolo di glicole propilenico, 40%, alcol, 10% e acqua per iniezione, a volume. Il pH \u00e8 regolato a circa 9,5 con acido cloridrico e\/o idrossido di sodio.<\/p>\n","protected":false},"featured_media":8969,"comment_status":"open","ping_status":"closed","template":"","meta":{"_acf_changed":false,"_monsterinsights_skip_tracking":false,"_monsterinsights_sitenote_active":false,"_monsterinsights_sitenote_note":"","_monsterinsights_sitenote_category":0},"product_brand":[],"product_cat":[87],"product_tag":[814,815,816,817,818,862,863,864,858,857,859,860,861,849,96,97,822,856,854,855,851,865,823,825,846,852,827,847,830,831,832,834,835,826,836,837,838,828,853,829,839,840,841,842,843,833,844,845,848,819,821,820,850],"class_list":{"0":"post-8927","1":"product","2":"type-product","3":"status-publish","4":"has-post-thumbnail","6":"product_cat-nembutal-pentobarbital","7":"product_tag-comprare-nembutal-pentobarbital-sodio","8":"product_tag-comprare-pentobarbital-sodio","9":"product_tag-comprare-pentobarbital-sodio-2021","10":"product_tag-comprare-pentobarbital-sodio-pentobarbital-sale-sodico","11":"product_tag-comprare-pentobarbital-sodio-uk","12":"product_tag-dove-comprare-pentobarbital-sodio","13":"product_tag-dove-comprare-pentobarbital-sodio-per-i-cani","14":"product_tag-dove-ottenere-pentobarbital-sodio","15":"product_tag-dove-posso-comprare-pentobarbital-di-sodio","16":"product_tag-dove-posso-comprare-pentobarbital-di-sodio-nembutal","17":"product_tag-dove-posso-comprare-pentobarbital-di-sodio-sonniferi","18":"product_tag-dove-posso-comprare-pentobarbital-sodio","19":"product_tag-dove-si-puo-comprare-pentobarbital-sodio","20":"product_tag-fenobarbital-sodio-endovena","21":"product_tag-nembutal","22":"product_tag-pentobarbital","23":"product_tag-pentobarbital-de-sodio-dose-letale","24":"product_tag-pentobarbital-di-sodio-durata-di-conservazione","25":"product_tag-pentobarbital-di-sodio-per-leutanasia","26":"product_tag-pentobarbital-di-sodio-produttori","27":"product_tag-pentobarbital-sodio-nembutal","28":"product_tag-pentobarbital-sodio-acquistare","29":"product_tag-pentobarbital-sodio-anestesia","30":"product_tag-pentobarbital-sodio-cina","31":"product_tag-pentobarbital-sodio-compresse","32":"product_tag-pentobarbital-sodio-costo","33":"product_tag-pentobarbital-sodio-dosaggio","34":"product_tag-pentobarbital-sodio-dove-acquistare","35":"product_tag-pentobarbital-sodio-gruppo","36":"product_tag-pentobarbital-sodio-iniezione-per-cani","37":"product_tag-pentobarbital-sodio-iniezione-per-gli-esseri-umani","38":"product_tag-pentobarbital-sodio-iniezione-usp","39":"product_tag-pentobarbital-sodio-liquido","40":"product_tag-pentobarbital-sodio-morte","41":"product_tag-pentobarbital-sodio-nz","42":"product_tag-pentobarbital-sodio-orale","43":"product_tag-pentobarbital-sodio-over-the-counter","44":"product_tag-pentobarbital-sodio-per-cani","45":"product_tag-pentobarbital-sodio-per-eutanasia-animale","46":"product_tag-pentobarbital-sodio-per-gli-esseri-umani","47":"product_tag-pentobarbital-sodio-pillole","48":"product_tag-pentobarbital-sodio-polvere","49":"product_tag-pentobarbital-sodio-prescrizione","50":"product_tag-pentobarbital-sodio-prezzo","51":"product_tag-pentobarbital-sodio-sale","52":"product_tag-pentobarbital-sodio-soluzione-iniettabile","53":"product_tag-pentobarbital-sodio-sonnifero","54":"product_tag-pentobarbital-sodio-sonnifero-over-the-counter","55":"product_tag-pentobarbital-uso","56":"product_tag-posso-comprare-pentobarbital","57":"product_tag-puoi-comprare-pentobarbital-sodio","58":"product_tag-puoi-comprare-pentobarbital-sodio-al-banco","59":"product_tag-sodio","61":"first","62":"instock","63":"shipping-taxable","64":"purchasable","65":"product-type-variable","66":"has-default-attributes"},"acf":[],"yoast_head":"<!-- This site is optimized with the Yoast SEO plugin v27.2 - https:\/\/yoast.com\/product\/yoast-seo-wordpress\/ -->\n<title>Pentobarbital sodico soluzione in vendita online | Global Meds Inc.<\/title>\n<meta name=\"description\" content=\"Pentobarbital sodico soluzione liquida orale in vendita online. Vendiamo sodio pentobarbital della migliore qualit\u00e0. Vi invitiamo a contattarci per ulteriori informazioni e prezzi.\" \/>\n<meta name=\"robots\" content=\"index, follow, max-snippet:-1, max-image-preview:large, max-video-preview:-1\" \/>\n<link rel=\"canonical\" href=\"https:\/\/globalmedsonlineinc.com\/it\/product\/nembutal-pentobarbital\/comprare-pentobarbital-sodium-liquido-orale-online\/\" \/>\n<meta property=\"og:locale\" content=\"it_IT\" \/>\n<meta property=\"og:type\" content=\"article\" \/>\n<meta property=\"og:title\" content=\"Pentobarbital sodico soluzione in vendita online | Global Meds Inc.\" \/>\n<meta property=\"og:description\" content=\"Pentobarbital sodico soluzione liquida orale in vendita online. Vendiamo sodio pentobarbital della migliore qualit\u00e0. Vi invitiamo a contattarci per ulteriori informazioni e prezzi.\" \/>\n<meta property=\"og:url\" content=\"https:\/\/globalmedsonlineinc.com\/it\/product\/nembutal-pentobarbital\/comprare-pentobarbital-sodium-liquido-orale-online\/\" \/>\n<meta property=\"og:site_name\" content=\"Global Meds Inc\" \/>\n<meta property=\"article:modified_time\" content=\"2024-02-20T11:59:06+00:00\" \/>\n<meta property=\"og:image\" content=\"https:\/\/globalmedsonlineinc.com\/it\/content\/media\/uploads\/sites\/9\/2021\/06\/Pentobarbital-sodium.jpg\" \/>\n\t<meta property=\"og:image:width\" content=\"600\" \/>\n\t<meta property=\"og:image:height\" content=\"600\" \/>\n\t<meta property=\"og:image:type\" content=\"image\/jpeg\" \/>\n<meta name=\"twitter:card\" content=\"summary_large_image\" \/>\n<meta name=\"twitter:label1\" content=\"Tempo di lettura stimato\" \/>\n\t<meta name=\"twitter:data1\" content=\"3 minuti\" \/>\n<script type=\"application\/ld+json\" class=\"yoast-schema-graph\">{\"@context\":\"https:\/\/schema.org\",\"@graph\":[{\"@type\":\"WebPage\",\"@id\":\"https:\/\/globalmedsonlineinc.com\/it\/product\/nembutal-pentobarbital\/comprare-pentobarbital-sodium-liquido-orale-online\/\",\"url\":\"https:\/\/globalmedsonlineinc.com\/it\/product\/nembutal-pentobarbital\/comprare-pentobarbital-sodium-liquido-orale-online\/\",\"name\":\"Pentobarbital sodico soluzione in vendita online | Global Meds Inc.\",\"isPartOf\":{\"@id\":\"https:\/\/globalmedsonlineinc.com\/it\/#website\"},\"primaryImageOfPage\":{\"@id\":\"https:\/\/globalmedsonlineinc.com\/it\/product\/nembutal-pentobarbital\/comprare-pentobarbital-sodium-liquido-orale-online\/#primaryimage\"},\"image\":{\"@id\":\"https:\/\/globalmedsonlineinc.com\/it\/product\/nembutal-pentobarbital\/comprare-pentobarbital-sodium-liquido-orale-online\/#primaryimage\"},\"thumbnailUrl\":\"https:\/\/globalmedsonlineinc.com\/it\/content\/media\/uploads\/sites\/9\/2021\/06\/Pentobarbital-sodium.jpg\",\"datePublished\":\"2021-06-30T20:43:54+00:00\",\"dateModified\":\"2024-02-20T11:59:06+00:00\",\"description\":\"Pentobarbital sodico soluzione liquida orale in vendita online. Vendiamo sodio pentobarbital della migliore qualit\u00e0. Vi invitiamo a contattarci per ulteriori informazioni e prezzi.\",\"breadcrumb\":{\"@id\":\"https:\/\/globalmedsonlineinc.com\/it\/product\/nembutal-pentobarbital\/comprare-pentobarbital-sodium-liquido-orale-online\/#breadcrumb\"},\"inLanguage\":\"it-IT\",\"potentialAction\":[{\"@type\":\"ReadAction\",\"target\":[\"https:\/\/globalmedsonlineinc.com\/it\/product\/nembutal-pentobarbital\/comprare-pentobarbital-sodium-liquido-orale-online\/\"]}]},{\"@type\":\"ImageObject\",\"inLanguage\":\"it-IT\",\"@id\":\"https:\/\/globalmedsonlineinc.com\/it\/product\/nembutal-pentobarbital\/comprare-pentobarbital-sodium-liquido-orale-online\/#primaryimage\",\"url\":\"https:\/\/globalmedsonlineinc.com\/it\/content\/media\/uploads\/sites\/9\/2021\/06\/Pentobarbital-sodium.jpg\",\"contentUrl\":\"https:\/\/globalmedsonlineinc.com\/it\/content\/media\/uploads\/sites\/9\/2021\/06\/Pentobarbital-sodium.jpg\",\"width\":600,\"height\":600,\"caption\":\"Pentobarbital sodico soluzione liquida orale in vendita online\"},{\"@type\":\"BreadcrumbList\",\"@id\":\"https:\/\/globalmedsonlineinc.com\/it\/product\/nembutal-pentobarbital\/comprare-pentobarbital-sodium-liquido-orale-online\/#breadcrumb\",\"itemListElement\":[{\"@type\":\"ListItem\",\"position\":1,\"name\":\"Home\",\"item\":\"https:\/\/globalmedsonlineinc.com\/it\/\"},{\"@type\":\"ListItem\",\"position\":2,\"name\":\"Prodotti\",\"item\":\"https:\/\/globalmedsonlineinc.com\/it\/prodotti\/\"},{\"@type\":\"ListItem\",\"position\":3,\"name\":\"Comprare Pentobarbital Sodium (Liquido) (Orale) Online\"}]},{\"@type\":\"WebSite\",\"@id\":\"https:\/\/globalmedsonlineinc.com\/it\/#website\",\"url\":\"https:\/\/globalmedsonlineinc.com\/it\/\",\"name\":\"Global Meds Inc\",\"description\":\"\",\"publisher\":{\"@id\":\"https:\/\/globalmedsonlineinc.com\/it\/#organization\"},\"potentialAction\":[{\"@type\":\"SearchAction\",\"target\":{\"@type\":\"EntryPoint\",\"urlTemplate\":\"https:\/\/globalmedsonlineinc.com\/it\/?s={search_term_string}\"},\"query-input\":{\"@type\":\"PropertyValueSpecification\",\"valueRequired\":true,\"valueName\":\"search_term_string\"}}],\"inLanguage\":\"it-IT\"},{\"@type\":\"Organization\",\"@id\":\"https:\/\/globalmedsonlineinc.com\/it\/#organization\",\"name\":\"Global Meds Inc.\",\"url\":\"https:\/\/globalmedsonlineinc.com\/it\/\",\"logo\":{\"@type\":\"ImageObject\",\"inLanguage\":\"it-IT\",\"@id\":\"https:\/\/globalmedsonlineinc.com\/it\/#\/schema\/logo\/image\/\",\"url\":\"https:\/\/globalmedsonlineinc.com\/it\/content\/media\/uploads\/sites\/9\/2021\/06\/globalmedsonlineincLogoShop20210630123730.00.png\",\"contentUrl\":\"https:\/\/globalmedsonlineinc.com\/it\/content\/media\/uploads\/sites\/9\/2021\/06\/globalmedsonlineincLogoShop20210630123730.00.png\",\"width\":450,\"height\":117,\"caption\":\"Global Meds Inc.\"},\"image\":{\"@id\":\"https:\/\/globalmedsonlineinc.com\/it\/#\/schema\/logo\/image\/\"}}]}<\/script>\n<!-- \/ Yoast SEO plugin. -->","yoast_head_json":{"title":"Pentobarbital sodico soluzione in vendita online | Global Meds Inc.","description":"Pentobarbital sodico soluzione liquida orale in vendita online. Vendiamo sodio pentobarbital della migliore qualit\u00e0. Vi invitiamo a contattarci per ulteriori informazioni e prezzi.","robots":{"index":"index","follow":"follow","max-snippet":"max-snippet:-1","max-image-preview":"max-image-preview:large","max-video-preview":"max-video-preview:-1"},"canonical":"https:\/\/globalmedsonlineinc.com\/it\/product\/nembutal-pentobarbital\/comprare-pentobarbital-sodium-liquido-orale-online\/","og_locale":"it_IT","og_type":"article","og_title":"Pentobarbital sodico soluzione in vendita online | Global Meds Inc.","og_description":"Pentobarbital sodico soluzione liquida orale in vendita online. Vendiamo sodio pentobarbital della migliore qualit\u00e0. Vi invitiamo a contattarci per ulteriori informazioni e prezzi.","og_url":"https:\/\/globalmedsonlineinc.com\/it\/product\/nembutal-pentobarbital\/comprare-pentobarbital-sodium-liquido-orale-online\/","og_site_name":"Global Meds Inc","article_modified_time":"2024-02-20T11:59:06+00:00","og_image":[{"width":600,"height":600,"url":"https:\/\/globalmedsonlineinc.com\/it\/content\/media\/uploads\/sites\/9\/2021\/06\/Pentobarbital-sodium.jpg","type":"image\/jpeg"}],"twitter_card":"summary_large_image","twitter_misc":{"Tempo di lettura stimato":"3 minuti"},"schema":{"@context":"https:\/\/schema.org","@graph":[{"@type":"WebPage","@id":"https:\/\/globalmedsonlineinc.com\/it\/product\/nembutal-pentobarbital\/comprare-pentobarbital-sodium-liquido-orale-online\/","url":"https:\/\/globalmedsonlineinc.com\/it\/product\/nembutal-pentobarbital\/comprare-pentobarbital-sodium-liquido-orale-online\/","name":"Pentobarbital sodico soluzione in vendita online | Global Meds Inc.","isPartOf":{"@id":"https:\/\/globalmedsonlineinc.com\/it\/#website"},"primaryImageOfPage":{"@id":"https:\/\/globalmedsonlineinc.com\/it\/product\/nembutal-pentobarbital\/comprare-pentobarbital-sodium-liquido-orale-online\/#primaryimage"},"image":{"@id":"https:\/\/globalmedsonlineinc.com\/it\/product\/nembutal-pentobarbital\/comprare-pentobarbital-sodium-liquido-orale-online\/#primaryimage"},"thumbnailUrl":"https:\/\/globalmedsonlineinc.com\/it\/content\/media\/uploads\/sites\/9\/2021\/06\/Pentobarbital-sodium.jpg","datePublished":"2021-06-30T20:43:54+00:00","dateModified":"2024-02-20T11:59:06+00:00","description":"Pentobarbital sodico soluzione liquida orale in vendita online. Vendiamo sodio pentobarbital della migliore qualit\u00e0. Vi invitiamo a contattarci per ulteriori informazioni e prezzi.","breadcrumb":{"@id":"https:\/\/globalmedsonlineinc.com\/it\/product\/nembutal-pentobarbital\/comprare-pentobarbital-sodium-liquido-orale-online\/#breadcrumb"},"inLanguage":"it-IT","potentialAction":[{"@type":"ReadAction","target":["https:\/\/globalmedsonlineinc.com\/it\/product\/nembutal-pentobarbital\/comprare-pentobarbital-sodium-liquido-orale-online\/"]}]},{"@type":"ImageObject","inLanguage":"it-IT","@id":"https:\/\/globalmedsonlineinc.com\/it\/product\/nembutal-pentobarbital\/comprare-pentobarbital-sodium-liquido-orale-online\/#primaryimage","url":"https:\/\/globalmedsonlineinc.com\/it\/content\/media\/uploads\/sites\/9\/2021\/06\/Pentobarbital-sodium.jpg","contentUrl":"https:\/\/globalmedsonlineinc.com\/it\/content\/media\/uploads\/sites\/9\/2021\/06\/Pentobarbital-sodium.jpg","width":600,"height":600,"caption":"Pentobarbital sodico soluzione liquida orale in vendita online"},{"@type":"BreadcrumbList","@id":"https:\/\/globalmedsonlineinc.com\/it\/product\/nembutal-pentobarbital\/comprare-pentobarbital-sodium-liquido-orale-online\/#breadcrumb","itemListElement":[{"@type":"ListItem","position":1,"name":"Home","item":"https:\/\/globalmedsonlineinc.com\/it\/"},{"@type":"ListItem","position":2,"name":"Prodotti","item":"https:\/\/globalmedsonlineinc.com\/it\/prodotti\/"},{"@type":"ListItem","position":3,"name":"Comprare Pentobarbital Sodium (Liquido) (Orale) Online"}]},{"@type":"WebSite","@id":"https:\/\/globalmedsonlineinc.com\/it\/#website","url":"https:\/\/globalmedsonlineinc.com\/it\/","name":"Global Meds Inc","description":"","publisher":{"@id":"https:\/\/globalmedsonlineinc.com\/it\/#organization"},"potentialAction":[{"@type":"SearchAction","target":{"@type":"EntryPoint","urlTemplate":"https:\/\/globalmedsonlineinc.com\/it\/?s={search_term_string}"},"query-input":{"@type":"PropertyValueSpecification","valueRequired":true,"valueName":"search_term_string"}}],"inLanguage":"it-IT"},{"@type":"Organization","@id":"https:\/\/globalmedsonlineinc.com\/it\/#organization","name":"Global Meds Inc.","url":"https:\/\/globalmedsonlineinc.com\/it\/","logo":{"@type":"ImageObject","inLanguage":"it-IT","@id":"https:\/\/globalmedsonlineinc.com\/it\/#\/schema\/logo\/image\/","url":"https:\/\/globalmedsonlineinc.com\/it\/content\/media\/uploads\/sites\/9\/2021\/06\/globalmedsonlineincLogoShop20210630123730.00.png","contentUrl":"https:\/\/globalmedsonlineinc.com\/it\/content\/media\/uploads\/sites\/9\/2021\/06\/globalmedsonlineincLogoShop20210630123730.00.png","width":450,"height":117,"caption":"Global Meds Inc."},"image":{"@id":"https:\/\/globalmedsonlineinc.com\/it\/#\/schema\/logo\/image\/"}}]}},"_links":{"self":[{"href":"https:\/\/globalmedsonlineinc.com\/it\/wp-json\/wp\/v2\/product\/8927","targetHints":{"allow":["GET"]}}],"collection":[{"href":"https:\/\/globalmedsonlineinc.com\/it\/wp-json\/wp\/v2\/product"}],"about":[{"href":"https:\/\/globalmedsonlineinc.com\/it\/wp-json\/wp\/v2\/types\/product"}],"replies":[{"embeddable":true,"href":"https:\/\/globalmedsonlineinc.com\/it\/wp-json\/wp\/v2\/comments?post=8927"}],"wp:featuredmedia":[{"embeddable":true,"href":"https:\/\/globalmedsonlineinc.com\/it\/wp-json\/wp\/v2\/media\/8969"}],"wp:attachment":[{"href":"https:\/\/globalmedsonlineinc.com\/it\/wp-json\/wp\/v2\/media?parent=8927"}],"wp:term":[{"taxonomy":"product_brand","embeddable":true,"href":"https:\/\/globalmedsonlineinc.com\/it\/wp-json\/wp\/v2\/product_brand?post=8927"},{"taxonomy":"product_cat","embeddable":true,"href":"https:\/\/globalmedsonlineinc.com\/it\/wp-json\/wp\/v2\/product_cat?post=8927"},{"taxonomy":"product_tag","embeddable":true,"href":"https:\/\/globalmedsonlineinc.com\/it\/wp-json\/wp\/v2\/product_tag?post=8927"}],"curies":[{"name":"wp","href":"https:\/\/api.w.org\/{rel}","templated":true}]}}