{"id":8926,"date":"2021-06-30T20:43:38","date_gmt":"2021-06-30T20:43:38","guid":{"rendered":"https:\/\/globalmedsonlineinc.com\/it\/?post_type=product&#038;p=8926"},"modified":"2024-02-20T12:01:13","modified_gmt":"2024-02-20T12:01:13","slug":"buy-nembutal-powder","status":"publish","type":"product","link":"https:\/\/globalmedsonlineinc.com\/it\/product\/nembutal-pentobarbital\/buy-nembutal-powder\/","title":{"rendered":"Comprare Nembutal Polvere online"},"content":{"rendered":"<h1 class=\"tt\">Polvere di Nembutal in vendita online<\/h1>\n<p><a href=\"https:\/\/globalmedsonlineinc.com\/it\/product\/nembutal-pentobarbital\/buy-nembutal-powder\/\">Nembutal polvere in vendita online<\/a>. Online Nembutal Pharmacy \u00e8 una farmacia professionale disponibile con medicine e farmaci di alta qualit\u00e0 nel mercato online. Se siete disposti a comprare Nembutal Powder online dai migliori fornitori di Nembutal Powder, allora la nostra farmacia \u00e8 il posto giusto per realizzarlo. Collegatevi con noi oggi e ottenere le vostre esigenze completato <a href=\"https:\/\/it.wikipedia.org\/wiki\/Pentobarbital\">brevemente<\/a>. Il tuo farmaco ti raggiunger\u00e0 nella tua posizione preferita. Ordina per comprare Nembutal polvere online al miglior prezzo ora!<\/p>\n<p class=\"tt\"><strong>Come si pu\u00f2 trarre beneficio dall&#8217;uso di Nembutal in polvere? <\/strong><\/p>\n<p>Nembutal Powder \u00e8 noto per indurre il sonno nei pazienti che soffrono di problemi di sonno come l&#8217;insonnia o difficolt\u00e0 a dormire. Se per caso, avete gli stessi scopi da soddisfare, allora \u00e8 la decisione giusta per acquistare Nembutal Powder online dalla nostra farmacia online.<\/p>\n<p class=\"tt\">Qual \u00e8 il posto giusto per comprare Nembutal Polvere online?<br \/>\nNon importa se stai acquistando Nembutal Polvere per la prima volta o se sei un acquirente che ritorna, la Farmacia Nembutal online sar\u00e0 sempre il posto giusto per te per completare l&#8217;acquisto.Con anni di esperienza, capiamo la mentalit\u00e0 dei clienti e li forniamo secondo le loro aspettative. Le tue informazioni di pagamento e i dettagli della persona sono completamente al sicuro con noi. Non riveliamo nessuno dei dettagli a nessuno. Ci\u00f2 significa che si pu\u00f2 facilmente acquistare Nembutal polvere online al miglior prezzo da noi.<\/p>\n<p>Sarete sempre davanti agli altri se fare l&#8217;acquisto dalla nostra farmacia online. Abbiamo guadagnato un sacco di potenziali clienti in un periodo di tempo. Se volete ottenere il meglio, allora non perdete nessuna occasione per entrare in contatto con noi.<\/p>\n<p>Buona qualit\u00e0 nembutal polvere online: E &#8216;completamente capito che la gente non si fidano rapidamente la qualit\u00e0 della polvere nembutal venduto online perch\u00e9 non possono esaminare fisicamente. Ma non \u00e8 la stessa cosa con i fornitori online di polvere di nembutal. I prodotti qui sono fedeli alla loro descrizione con una manutenzione di alta qualit\u00e0 fatta sotto la supervisione degli esperti.<\/p>\n<p>Veloce &amp; Spedizione discreta: La consegna della polvere di nembutal online dopo aver ricevuto l&#8217;ordine viene effettuata nei tempi promessi. Il team di spedizione mette tutto il suo impegno nel rendere la procedura di spedizione e consegna liscia e veloce. Potete anche aspettarvi servizi eccellenti quando comprate la polvere di nembutal online dal professionista sulla piattaforma online.<\/p>\n","protected":false},"excerpt":{"rendered":"<p>La farmacia online Nembutal \u00e8 ora raggiungibile da casa tua. Invia il tuo ordine e Nembutal Powder in vendita ai migliori prezzi disponibili qui. La consegna sar\u00e0 effettuata in un breve lasso di tempo.<\/p>\n","protected":false},"featured_media":8967,"comment_status":"open","ping_status":"closed","template":"","meta":{"_acf_changed":false,"_monsterinsights_skip_tracking":false,"_monsterinsights_sitenote_active":false,"_monsterinsights_sitenote_note":"","_monsterinsights_sitenote_category":0},"product_brand":[],"product_cat":[87],"product_tag":[],"class_list":{"0":"post-8926","1":"product","2":"type-product","3":"status-publish","4":"has-post-thumbnail","6":"product_cat-nembutal-pentobarbital","8":"first","9":"instock","10":"featured","11":"shipping-taxable","12":"purchasable","13":"product-type-variable","14":"has-default-attributes"},"acf":[],"yoast_head":"<!-- This site is optimized with the Yoast SEO plugin v27.2 - https:\/\/yoast.com\/product\/yoast-seo-wordpress\/ -->\n<title>Nembutal polvere in vendita online | Global Meds Inc.<\/title>\n<meta name=\"description\" content=\"Nembutal polvere in vendita online. Vendiamo la polvere di Nembutal della migliore qualit\u00e0. Vi invitiamo a contattarci per ulteriori informazioni e prezzi.\" \/>\n<meta name=\"robots\" content=\"index, follow, max-snippet:-1, max-image-preview:large, max-video-preview:-1\" \/>\n<link rel=\"canonical\" href=\"https:\/\/globalmedsonlineinc.com\/it\/product\/nembutal-pentobarbital\/buy-nembutal-powder\/\" \/>\n<meta property=\"og:locale\" content=\"it_IT\" \/>\n<meta property=\"og:type\" content=\"article\" \/>\n<meta property=\"og:title\" content=\"Nembutal polvere in vendita online | Global Meds Inc.\" \/>\n<meta property=\"og:description\" content=\"Nembutal polvere in vendita online. Vendiamo la polvere di Nembutal della migliore qualit\u00e0. Vi invitiamo a contattarci per ulteriori informazioni e prezzi.\" \/>\n<meta property=\"og:url\" content=\"https:\/\/globalmedsonlineinc.com\/it\/product\/nembutal-pentobarbital\/buy-nembutal-powder\/\" \/>\n<meta property=\"og:site_name\" content=\"Global Meds Inc\" \/>\n<meta property=\"article:modified_time\" content=\"2024-02-20T12:01:13+00:00\" \/>\n<meta property=\"og:image\" content=\"https:\/\/globalmedsonlineinc.com\/it\/content\/media\/uploads\/sites\/9\/2021\/06\/nembutal-powder.jpg\" \/>\n\t<meta property=\"og:image:width\" content=\"600\" \/>\n\t<meta property=\"og:image:height\" content=\"600\" \/>\n\t<meta property=\"og:image:type\" content=\"image\/jpeg\" \/>\n<meta name=\"twitter:card\" content=\"summary_large_image\" \/>\n<meta name=\"twitter:label1\" content=\"Tempo di lettura stimato\" \/>\n\t<meta name=\"twitter:data1\" content=\"3 minuti\" \/>\n<script type=\"application\/ld+json\" class=\"yoast-schema-graph\">{\"@context\":\"https:\/\/schema.org\",\"@graph\":[{\"@type\":\"WebPage\",\"@id\":\"https:\/\/globalmedsonlineinc.com\/it\/product\/nembutal-pentobarbital\/buy-nembutal-powder\/\",\"url\":\"https:\/\/globalmedsonlineinc.com\/it\/product\/nembutal-pentobarbital\/buy-nembutal-powder\/\",\"name\":\"Nembutal polvere in vendita online | Global Meds Inc.\",\"isPartOf\":{\"@id\":\"https:\/\/globalmedsonlineinc.com\/it\/#website\"},\"primaryImageOfPage\":{\"@id\":\"https:\/\/globalmedsonlineinc.com\/it\/product\/nembutal-pentobarbital\/buy-nembutal-powder\/#primaryimage\"},\"image\":{\"@id\":\"https:\/\/globalmedsonlineinc.com\/it\/product\/nembutal-pentobarbital\/buy-nembutal-powder\/#primaryimage\"},\"thumbnailUrl\":\"https:\/\/globalmedsonlineinc.com\/it\/content\/media\/uploads\/sites\/9\/2021\/06\/nembutal-powder.jpg\",\"datePublished\":\"2021-06-30T20:43:38+00:00\",\"dateModified\":\"2024-02-20T12:01:13+00:00\",\"description\":\"Nembutal polvere in vendita online. Vendiamo la polvere di Nembutal della migliore qualit\u00e0. Vi invitiamo a contattarci per ulteriori informazioni e prezzi.\",\"breadcrumb\":{\"@id\":\"https:\/\/globalmedsonlineinc.com\/it\/product\/nembutal-pentobarbital\/buy-nembutal-powder\/#breadcrumb\"},\"inLanguage\":\"it-IT\",\"potentialAction\":[{\"@type\":\"ReadAction\",\"target\":[\"https:\/\/globalmedsonlineinc.com\/it\/product\/nembutal-pentobarbital\/buy-nembutal-powder\/\"]}]},{\"@type\":\"ImageObject\",\"inLanguage\":\"it-IT\",\"@id\":\"https:\/\/globalmedsonlineinc.com\/it\/product\/nembutal-pentobarbital\/buy-nembutal-powder\/#primaryimage\",\"url\":\"https:\/\/globalmedsonlineinc.com\/it\/content\/media\/uploads\/sites\/9\/2021\/06\/nembutal-powder.jpg\",\"contentUrl\":\"https:\/\/globalmedsonlineinc.com\/it\/content\/media\/uploads\/sites\/9\/2021\/06\/nembutal-powder.jpg\",\"width\":600,\"height\":600,\"caption\":\"Nembutal polvere in vendita online\"},{\"@type\":\"BreadcrumbList\",\"@id\":\"https:\/\/globalmedsonlineinc.com\/it\/product\/nembutal-pentobarbital\/buy-nembutal-powder\/#breadcrumb\",\"itemListElement\":[{\"@type\":\"ListItem\",\"position\":1,\"name\":\"Home\",\"item\":\"https:\/\/globalmedsonlineinc.com\/it\/\"},{\"@type\":\"ListItem\",\"position\":2,\"name\":\"Prodotti\",\"item\":\"https:\/\/globalmedsonlineinc.com\/it\/prodotti\/\"},{\"@type\":\"ListItem\",\"position\":3,\"name\":\"Comprare Nembutal Polvere online\"}]},{\"@type\":\"WebSite\",\"@id\":\"https:\/\/globalmedsonlineinc.com\/it\/#website\",\"url\":\"https:\/\/globalmedsonlineinc.com\/it\/\",\"name\":\"Global Meds Inc\",\"description\":\"\",\"publisher\":{\"@id\":\"https:\/\/globalmedsonlineinc.com\/it\/#organization\"},\"potentialAction\":[{\"@type\":\"SearchAction\",\"target\":{\"@type\":\"EntryPoint\",\"urlTemplate\":\"https:\/\/globalmedsonlineinc.com\/it\/?s={search_term_string}\"},\"query-input\":{\"@type\":\"PropertyValueSpecification\",\"valueRequired\":true,\"valueName\":\"search_term_string\"}}],\"inLanguage\":\"it-IT\"},{\"@type\":\"Organization\",\"@id\":\"https:\/\/globalmedsonlineinc.com\/it\/#organization\",\"name\":\"Global Meds Inc.\",\"url\":\"https:\/\/globalmedsonlineinc.com\/it\/\",\"logo\":{\"@type\":\"ImageObject\",\"inLanguage\":\"it-IT\",\"@id\":\"https:\/\/globalmedsonlineinc.com\/it\/#\/schema\/logo\/image\/\",\"url\":\"https:\/\/globalmedsonlineinc.com\/it\/content\/media\/uploads\/sites\/9\/2021\/06\/globalmedsonlineincLogoShop20210630123730.00.png\",\"contentUrl\":\"https:\/\/globalmedsonlineinc.com\/it\/content\/media\/uploads\/sites\/9\/2021\/06\/globalmedsonlineincLogoShop20210630123730.00.png\",\"width\":450,\"height\":117,\"caption\":\"Global Meds Inc.\"},\"image\":{\"@id\":\"https:\/\/globalmedsonlineinc.com\/it\/#\/schema\/logo\/image\/\"}}]}<\/script>\n<!-- \/ Yoast SEO plugin. -->","yoast_head_json":{"title":"Nembutal polvere in vendita online | Global Meds Inc.","description":"Nembutal polvere in vendita online. Vendiamo la polvere di Nembutal della migliore qualit\u00e0. Vi invitiamo a contattarci per ulteriori informazioni e prezzi.","robots":{"index":"index","follow":"follow","max-snippet":"max-snippet:-1","max-image-preview":"max-image-preview:large","max-video-preview":"max-video-preview:-1"},"canonical":"https:\/\/globalmedsonlineinc.com\/it\/product\/nembutal-pentobarbital\/buy-nembutal-powder\/","og_locale":"it_IT","og_type":"article","og_title":"Nembutal polvere in vendita online | Global Meds Inc.","og_description":"Nembutal polvere in vendita online. Vendiamo la polvere di Nembutal della migliore qualit\u00e0. Vi invitiamo a contattarci per ulteriori informazioni e prezzi.","og_url":"https:\/\/globalmedsonlineinc.com\/it\/product\/nembutal-pentobarbital\/buy-nembutal-powder\/","og_site_name":"Global Meds Inc","article_modified_time":"2024-02-20T12:01:13+00:00","og_image":[{"width":600,"height":600,"url":"https:\/\/globalmedsonlineinc.com\/it\/content\/media\/uploads\/sites\/9\/2021\/06\/nembutal-powder.jpg","type":"image\/jpeg"}],"twitter_card":"summary_large_image","twitter_misc":{"Tempo di lettura stimato":"3 minuti"},"schema":{"@context":"https:\/\/schema.org","@graph":[{"@type":"WebPage","@id":"https:\/\/globalmedsonlineinc.com\/it\/product\/nembutal-pentobarbital\/buy-nembutal-powder\/","url":"https:\/\/globalmedsonlineinc.com\/it\/product\/nembutal-pentobarbital\/buy-nembutal-powder\/","name":"Nembutal polvere in vendita online | Global Meds Inc.","isPartOf":{"@id":"https:\/\/globalmedsonlineinc.com\/it\/#website"},"primaryImageOfPage":{"@id":"https:\/\/globalmedsonlineinc.com\/it\/product\/nembutal-pentobarbital\/buy-nembutal-powder\/#primaryimage"},"image":{"@id":"https:\/\/globalmedsonlineinc.com\/it\/product\/nembutal-pentobarbital\/buy-nembutal-powder\/#primaryimage"},"thumbnailUrl":"https:\/\/globalmedsonlineinc.com\/it\/content\/media\/uploads\/sites\/9\/2021\/06\/nembutal-powder.jpg","datePublished":"2021-06-30T20:43:38+00:00","dateModified":"2024-02-20T12:01:13+00:00","description":"Nembutal polvere in vendita online. Vendiamo la polvere di Nembutal della migliore qualit\u00e0. Vi invitiamo a contattarci per ulteriori informazioni e prezzi.","breadcrumb":{"@id":"https:\/\/globalmedsonlineinc.com\/it\/product\/nembutal-pentobarbital\/buy-nembutal-powder\/#breadcrumb"},"inLanguage":"it-IT","potentialAction":[{"@type":"ReadAction","target":["https:\/\/globalmedsonlineinc.com\/it\/product\/nembutal-pentobarbital\/buy-nembutal-powder\/"]}]},{"@type":"ImageObject","inLanguage":"it-IT","@id":"https:\/\/globalmedsonlineinc.com\/it\/product\/nembutal-pentobarbital\/buy-nembutal-powder\/#primaryimage","url":"https:\/\/globalmedsonlineinc.com\/it\/content\/media\/uploads\/sites\/9\/2021\/06\/nembutal-powder.jpg","contentUrl":"https:\/\/globalmedsonlineinc.com\/it\/content\/media\/uploads\/sites\/9\/2021\/06\/nembutal-powder.jpg","width":600,"height":600,"caption":"Nembutal polvere in vendita online"},{"@type":"BreadcrumbList","@id":"https:\/\/globalmedsonlineinc.com\/it\/product\/nembutal-pentobarbital\/buy-nembutal-powder\/#breadcrumb","itemListElement":[{"@type":"ListItem","position":1,"name":"Home","item":"https:\/\/globalmedsonlineinc.com\/it\/"},{"@type":"ListItem","position":2,"name":"Prodotti","item":"https:\/\/globalmedsonlineinc.com\/it\/prodotti\/"},{"@type":"ListItem","position":3,"name":"Comprare Nembutal Polvere online"}]},{"@type":"WebSite","@id":"https:\/\/globalmedsonlineinc.com\/it\/#website","url":"https:\/\/globalmedsonlineinc.com\/it\/","name":"Global Meds Inc","description":"","publisher":{"@id":"https:\/\/globalmedsonlineinc.com\/it\/#organization"},"potentialAction":[{"@type":"SearchAction","target":{"@type":"EntryPoint","urlTemplate":"https:\/\/globalmedsonlineinc.com\/it\/?s={search_term_string}"},"query-input":{"@type":"PropertyValueSpecification","valueRequired":true,"valueName":"search_term_string"}}],"inLanguage":"it-IT"},{"@type":"Organization","@id":"https:\/\/globalmedsonlineinc.com\/it\/#organization","name":"Global Meds Inc.","url":"https:\/\/globalmedsonlineinc.com\/it\/","logo":{"@type":"ImageObject","inLanguage":"it-IT","@id":"https:\/\/globalmedsonlineinc.com\/it\/#\/schema\/logo\/image\/","url":"https:\/\/globalmedsonlineinc.com\/it\/content\/media\/uploads\/sites\/9\/2021\/06\/globalmedsonlineincLogoShop20210630123730.00.png","contentUrl":"https:\/\/globalmedsonlineinc.com\/it\/content\/media\/uploads\/sites\/9\/2021\/06\/globalmedsonlineincLogoShop20210630123730.00.png","width":450,"height":117,"caption":"Global Meds Inc."},"image":{"@id":"https:\/\/globalmedsonlineinc.com\/it\/#\/schema\/logo\/image\/"}}]}},"_links":{"self":[{"href":"https:\/\/globalmedsonlineinc.com\/it\/wp-json\/wp\/v2\/product\/8926","targetHints":{"allow":["GET"]}}],"collection":[{"href":"https:\/\/globalmedsonlineinc.com\/it\/wp-json\/wp\/v2\/product"}],"about":[{"href":"https:\/\/globalmedsonlineinc.com\/it\/wp-json\/wp\/v2\/types\/product"}],"replies":[{"embeddable":true,"href":"https:\/\/globalmedsonlineinc.com\/it\/wp-json\/wp\/v2\/comments?post=8926"}],"wp:featuredmedia":[{"embeddable":true,"href":"https:\/\/globalmedsonlineinc.com\/it\/wp-json\/wp\/v2\/media\/8967"}],"wp:attachment":[{"href":"https:\/\/globalmedsonlineinc.com\/it\/wp-json\/wp\/v2\/media?parent=8926"}],"wp:term":[{"taxonomy":"product_brand","embeddable":true,"href":"https:\/\/globalmedsonlineinc.com\/it\/wp-json\/wp\/v2\/product_brand?post=8926"},{"taxonomy":"product_cat","embeddable":true,"href":"https:\/\/globalmedsonlineinc.com\/it\/wp-json\/wp\/v2\/product_cat?post=8926"},{"taxonomy":"product_tag","embeddable":true,"href":"https:\/\/globalmedsonlineinc.com\/it\/wp-json\/wp\/v2\/product_tag?post=8926"}],"curies":[{"name":"wp","href":"https:\/\/api.w.org\/{rel}","templated":true}]}}