{"id":8924,"date":"2021-06-30T20:43:12","date_gmt":"2021-06-30T20:43:12","guid":{"rendered":"https:\/\/globalmedsonlineinc.com\/it\/?post_type=product&#038;p=8924"},"modified":"2024-02-20T12:04:00","modified_gmt":"2024-02-20T12:04:00","slug":"comprare-nembutal-capsule-online","status":"publish","type":"product","link":"https:\/\/globalmedsonlineinc.com\/it\/product\/nembutal-pentobarbital\/comprare-nembutal-capsule-online\/","title":{"rendered":"Comprare Nembutal Capsule Online"},"content":{"rendered":"<h1><strong>Capsule di Nembutal in vendita online<\/strong><\/h1>\n<p><a href=\"https:\/\/globalmedsonlineinc.com\/it\/product\/nembutal-pentobarbital\/buy-nembutal-capsules-online\/\">Capsule di Nembutal in vendita online<\/a>. Incontra i migliori fornitori e rivenditori di capsule di Nembutal nella nostra farmacia online di Nembutal<\/p>\n<p>Stai trovando una farmacia online affidabile e professionale che pu\u00f2 aiutarti a comprare Nembutal Capsule online al miglior prezzo? Se s\u00ec, allora siete sicuramente venuti nel posto giusto. Siamo una farmacia online riconosciuta e conosciuta con il nome di Farmacia Nembutal online. Essendo i migliori venditori e fornitori nel mercato online, abbiamo guadagnato <a href=\"https:\/\/it.wikipedia.org\/wiki\/Pentobarbital\">un<\/a> sacco di clienti fedeli che regolarmente fanno l&#8217;acquisto per Nembutal Capsule dalla nostra farmacia online.<\/p>\n<p>Anche se state comprando Nembutal Capsule per la prima volta dalla nostra farmacia online, non preoccupatevi di nulla. Otterrete solo il meglio da qui. Siamo sempre qui per aiutarvi a comprare Nembutal Capsule online in modo conveniente. Stiamo seguendo i corretti standard del settore e fornendo ai nostri clienti i loro prodotti nello stesso modo. Nessun compromesso viene fatto con la qualit\u00e0, l&#8217;imballaggio o la consegna delle capsule Nembutal dalla nostra farmacia online. Se non vedete l&#8217;ora di acquistare Nembutal Capsule, allora contattateci oggi stesso e soddisfate le vostre richieste in un breve periodo.<\/p>\n<p class=\"tt\"><strong>Perch\u00e9 scegliere la farmacia online di Nembutal \u00e8 la decisione migliore per acquistare le capsule di Nembutal?<br \/>\nSe volete le capsule di Nembutal in modo preciso con la qualit\u00e0 controllata e la possibilit\u00e0 di consegna rapida, allora sceglierci \u00e8 sempre la scelta migliore. La farmacia online di Nembutal vende la migliore qualit\u00e0 di capsule di Nembutal a prezzi accessibili in tutto il mondo. Una cosa che ci tiene in pista \u00e8 che non usiamo intermediari nel nostro processo di transazione. Comunichiamo direttamente ai clienti e completiamo il loro ordine in tempo.<\/strong><\/p>\n<p>Per aver lavorato in questo settore per un lungo periodo, siamo stati apprezzati dai nostri clienti sotto forma di recensioni e feedback positivi. Il nostro team assicura che Nembutal Capsule sta raggiungendo i clienti in modo sicuro e protetto. Con ogni prodotto, forniamo un set di istruzioni allegato. Queste istruzioni vi aiuteranno a gestire il vostro farmaco su Nembutal Capsule in modo protetto.<\/p>\n<p>I nostri eccellenti servizi sono sempre disponibili per voi. Si pu\u00f2 afferrare pi\u00f9 informazioni sul farmaco su Nembutal Capsule con l&#8217;aiuto della nostra farmacia online. In precedenza, la gente lottava con l&#8217;acquisto di Nembutal Capsule. Ma con l&#8217;avanzamento del tempo, la nostra farmacia online \u00e8 arrivata con i prodotti Nembutal. Potete comprarli in qualsiasi momento e ovunque.<\/p>\n<p>Capsule di nembutal di buona qualit\u00e0 online: Si capisce perfettamente che le persone non si fidano rapidamente della qualit\u00e0 delle capsule di nembutal vendute online perch\u00e9 non possono esaminarle fisicamente. Ma non \u00e8 la stessa cosa con Online nembutal capsule online fornitori. I prodotti qui sono fedeli alla loro descrizione con una manutenzione di alta qualit\u00e0 fatta sotto la supervisione degli esperti.<\/p>\n<p>Veloce &amp; Spedizione discreta: La consegna delle capsule di nembutal online dopo aver ricevuto l&#8217;ordine viene effettuata nei tempi promessi. Il team di spedizione mette tutto il suo impegno nel rendere la procedura di spedizione e consegna liscia e veloce. Potete anche aspettarvi servizi eccellenti quando comprate le capsule di nembutal online dal professionista sulla piattaforma online.<\/p>\n","protected":false},"excerpt":{"rendered":"<p><strong>Come fare un ordine per le capsule Nembutal online?<\/strong><\/p>\n<p>Sul nostro sito ufficiale, \u00e8 possibile aggiungere il vostro requisito per acquistare Nembutal Capsule online al miglior prezzo e ottenere compiuto in un breve periodo di tempo. Il vostro ordine \u00e8 la nostra responsabilit\u00e0. Contattateci oggi e ottenere Nembutal Capsule in vendita nel modo pi\u00f9 semplice!<\/p>\n","protected":false},"featured_media":8961,"comment_status":"closed","ping_status":"closed","template":"","meta":{"_acf_changed":false,"_monsterinsights_skip_tracking":false,"_monsterinsights_sitenote_active":false,"_monsterinsights_sitenote_note":"","_monsterinsights_sitenote_category":0},"product_brand":[],"product_cat":[87],"product_tag":[],"class_list":{"0":"post-8924","1":"product","2":"type-product","3":"status-publish","4":"has-post-thumbnail","6":"product_cat-nembutal-pentobarbital","8":"first","9":"instock","10":"featured","11":"shipping-taxable","12":"purchasable","13":"product-type-variable","14":"has-default-attributes"},"acf":[],"yoast_head":"<!-- This site is optimized with the Yoast SEO plugin v27.2 - https:\/\/yoast.com\/product\/yoast-seo-wordpress\/ -->\n<title>Nembutal capsule in vendita online | Global Meds Inc.<\/title>\n<meta name=\"description\" content=\"Nembutal capsule in vendita online. Se state cercando come acquistare le capsule di Nembutal, allora siete nel posto giusto per acquistare le capsule di Nembutal online.\" \/>\n<meta name=\"robots\" content=\"index, follow, max-snippet:-1, max-image-preview:large, max-video-preview:-1\" \/>\n<link rel=\"canonical\" href=\"https:\/\/globalmedsonlineinc.com\/it\/product\/nembutal-pentobarbital\/comprare-nembutal-capsule-online\/\" \/>\n<meta property=\"og:locale\" content=\"it_IT\" \/>\n<meta property=\"og:type\" content=\"article\" \/>\n<meta property=\"og:title\" content=\"Nembutal capsule in vendita online | Global Meds Inc.\" \/>\n<meta property=\"og:description\" content=\"Nembutal capsule in vendita online. Se state cercando come acquistare le capsule di Nembutal, allora siete nel posto giusto per acquistare le capsule di Nembutal online.\" \/>\n<meta property=\"og:url\" content=\"https:\/\/globalmedsonlineinc.com\/it\/product\/nembutal-pentobarbital\/comprare-nembutal-capsule-online\/\" \/>\n<meta property=\"og:site_name\" content=\"Global Meds Inc\" \/>\n<meta property=\"article:modified_time\" content=\"2024-02-20T12:04:00+00:00\" \/>\n<meta property=\"og:image\" content=\"https:\/\/globalmedsonlineinc.com\/it\/content\/media\/uploads\/sites\/9\/2021\/06\/nembutal-capsules.jpg\" \/>\n\t<meta property=\"og:image:width\" content=\"600\" \/>\n\t<meta property=\"og:image:height\" content=\"600\" \/>\n\t<meta property=\"og:image:type\" content=\"image\/jpeg\" \/>\n<meta name=\"twitter:card\" content=\"summary_large_image\" \/>\n<meta name=\"twitter:label1\" content=\"Tempo di lettura stimato\" \/>\n\t<meta name=\"twitter:data1\" content=\"3 minuti\" \/>\n<script type=\"application\/ld+json\" class=\"yoast-schema-graph\">{\"@context\":\"https:\/\/schema.org\",\"@graph\":[{\"@type\":\"WebPage\",\"@id\":\"https:\/\/globalmedsonlineinc.com\/it\/product\/nembutal-pentobarbital\/comprare-nembutal-capsule-online\/\",\"url\":\"https:\/\/globalmedsonlineinc.com\/it\/product\/nembutal-pentobarbital\/comprare-nembutal-capsule-online\/\",\"name\":\"Nembutal capsule in vendita online | Global Meds Inc.\",\"isPartOf\":{\"@id\":\"https:\/\/globalmedsonlineinc.com\/it\/#website\"},\"primaryImageOfPage\":{\"@id\":\"https:\/\/globalmedsonlineinc.com\/it\/product\/nembutal-pentobarbital\/comprare-nembutal-capsule-online\/#primaryimage\"},\"image\":{\"@id\":\"https:\/\/globalmedsonlineinc.com\/it\/product\/nembutal-pentobarbital\/comprare-nembutal-capsule-online\/#primaryimage\"},\"thumbnailUrl\":\"https:\/\/globalmedsonlineinc.com\/it\/content\/media\/uploads\/sites\/9\/2021\/06\/nembutal-capsules.jpg\",\"datePublished\":\"2021-06-30T20:43:12+00:00\",\"dateModified\":\"2024-02-20T12:04:00+00:00\",\"description\":\"Nembutal capsule in vendita online. Se state cercando come acquistare le capsule di Nembutal, allora siete nel posto giusto per acquistare le capsule di Nembutal online.\",\"breadcrumb\":{\"@id\":\"https:\/\/globalmedsonlineinc.com\/it\/product\/nembutal-pentobarbital\/comprare-nembutal-capsule-online\/#breadcrumb\"},\"inLanguage\":\"it-IT\",\"potentialAction\":[{\"@type\":\"ReadAction\",\"target\":[\"https:\/\/globalmedsonlineinc.com\/it\/product\/nembutal-pentobarbital\/comprare-nembutal-capsule-online\/\"]}]},{\"@type\":\"ImageObject\",\"inLanguage\":\"it-IT\",\"@id\":\"https:\/\/globalmedsonlineinc.com\/it\/product\/nembutal-pentobarbital\/comprare-nembutal-capsule-online\/#primaryimage\",\"url\":\"https:\/\/globalmedsonlineinc.com\/it\/content\/media\/uploads\/sites\/9\/2021\/06\/nembutal-capsules.jpg\",\"contentUrl\":\"https:\/\/globalmedsonlineinc.com\/it\/content\/media\/uploads\/sites\/9\/2021\/06\/nembutal-capsules.jpg\",\"width\":600,\"height\":600,\"caption\":\"Capsule di Nembutal in vendita online\"},{\"@type\":\"BreadcrumbList\",\"@id\":\"https:\/\/globalmedsonlineinc.com\/it\/product\/nembutal-pentobarbital\/comprare-nembutal-capsule-online\/#breadcrumb\",\"itemListElement\":[{\"@type\":\"ListItem\",\"position\":1,\"name\":\"Home\",\"item\":\"https:\/\/globalmedsonlineinc.com\/it\/\"},{\"@type\":\"ListItem\",\"position\":2,\"name\":\"Prodotti\",\"item\":\"https:\/\/globalmedsonlineinc.com\/it\/prodotti\/\"},{\"@type\":\"ListItem\",\"position\":3,\"name\":\"Comprare Nembutal Capsule Online\"}]},{\"@type\":\"WebSite\",\"@id\":\"https:\/\/globalmedsonlineinc.com\/it\/#website\",\"url\":\"https:\/\/globalmedsonlineinc.com\/it\/\",\"name\":\"Global Meds Inc\",\"description\":\"\",\"publisher\":{\"@id\":\"https:\/\/globalmedsonlineinc.com\/it\/#organization\"},\"potentialAction\":[{\"@type\":\"SearchAction\",\"target\":{\"@type\":\"EntryPoint\",\"urlTemplate\":\"https:\/\/globalmedsonlineinc.com\/it\/?s={search_term_string}\"},\"query-input\":{\"@type\":\"PropertyValueSpecification\",\"valueRequired\":true,\"valueName\":\"search_term_string\"}}],\"inLanguage\":\"it-IT\"},{\"@type\":\"Organization\",\"@id\":\"https:\/\/globalmedsonlineinc.com\/it\/#organization\",\"name\":\"Global Meds Inc.\",\"url\":\"https:\/\/globalmedsonlineinc.com\/it\/\",\"logo\":{\"@type\":\"ImageObject\",\"inLanguage\":\"it-IT\",\"@id\":\"https:\/\/globalmedsonlineinc.com\/it\/#\/schema\/logo\/image\/\",\"url\":\"https:\/\/globalmedsonlineinc.com\/it\/content\/media\/uploads\/sites\/9\/2021\/06\/globalmedsonlineincLogoShop20210630123730.00.png\",\"contentUrl\":\"https:\/\/globalmedsonlineinc.com\/it\/content\/media\/uploads\/sites\/9\/2021\/06\/globalmedsonlineincLogoShop20210630123730.00.png\",\"width\":450,\"height\":117,\"caption\":\"Global Meds Inc.\"},\"image\":{\"@id\":\"https:\/\/globalmedsonlineinc.com\/it\/#\/schema\/logo\/image\/\"}}]}<\/script>\n<!-- \/ Yoast SEO plugin. -->","yoast_head_json":{"title":"Nembutal capsule in vendita online | Global Meds Inc.","description":"Nembutal capsule in vendita online. Se state cercando come acquistare le capsule di Nembutal, allora siete nel posto giusto per acquistare le capsule di Nembutal online.","robots":{"index":"index","follow":"follow","max-snippet":"max-snippet:-1","max-image-preview":"max-image-preview:large","max-video-preview":"max-video-preview:-1"},"canonical":"https:\/\/globalmedsonlineinc.com\/it\/product\/nembutal-pentobarbital\/comprare-nembutal-capsule-online\/","og_locale":"it_IT","og_type":"article","og_title":"Nembutal capsule in vendita online | Global Meds Inc.","og_description":"Nembutal capsule in vendita online. Se state cercando come acquistare le capsule di Nembutal, allora siete nel posto giusto per acquistare le capsule di Nembutal online.","og_url":"https:\/\/globalmedsonlineinc.com\/it\/product\/nembutal-pentobarbital\/comprare-nembutal-capsule-online\/","og_site_name":"Global Meds Inc","article_modified_time":"2024-02-20T12:04:00+00:00","og_image":[{"width":600,"height":600,"url":"https:\/\/globalmedsonlineinc.com\/it\/content\/media\/uploads\/sites\/9\/2021\/06\/nembutal-capsules.jpg","type":"image\/jpeg"}],"twitter_card":"summary_large_image","twitter_misc":{"Tempo di lettura stimato":"3 minuti"},"schema":{"@context":"https:\/\/schema.org","@graph":[{"@type":"WebPage","@id":"https:\/\/globalmedsonlineinc.com\/it\/product\/nembutal-pentobarbital\/comprare-nembutal-capsule-online\/","url":"https:\/\/globalmedsonlineinc.com\/it\/product\/nembutal-pentobarbital\/comprare-nembutal-capsule-online\/","name":"Nembutal capsule in vendita online | Global Meds Inc.","isPartOf":{"@id":"https:\/\/globalmedsonlineinc.com\/it\/#website"},"primaryImageOfPage":{"@id":"https:\/\/globalmedsonlineinc.com\/it\/product\/nembutal-pentobarbital\/comprare-nembutal-capsule-online\/#primaryimage"},"image":{"@id":"https:\/\/globalmedsonlineinc.com\/it\/product\/nembutal-pentobarbital\/comprare-nembutal-capsule-online\/#primaryimage"},"thumbnailUrl":"https:\/\/globalmedsonlineinc.com\/it\/content\/media\/uploads\/sites\/9\/2021\/06\/nembutal-capsules.jpg","datePublished":"2021-06-30T20:43:12+00:00","dateModified":"2024-02-20T12:04:00+00:00","description":"Nembutal capsule in vendita online. Se state cercando come acquistare le capsule di Nembutal, allora siete nel posto giusto per acquistare le capsule di Nembutal online.","breadcrumb":{"@id":"https:\/\/globalmedsonlineinc.com\/it\/product\/nembutal-pentobarbital\/comprare-nembutal-capsule-online\/#breadcrumb"},"inLanguage":"it-IT","potentialAction":[{"@type":"ReadAction","target":["https:\/\/globalmedsonlineinc.com\/it\/product\/nembutal-pentobarbital\/comprare-nembutal-capsule-online\/"]}]},{"@type":"ImageObject","inLanguage":"it-IT","@id":"https:\/\/globalmedsonlineinc.com\/it\/product\/nembutal-pentobarbital\/comprare-nembutal-capsule-online\/#primaryimage","url":"https:\/\/globalmedsonlineinc.com\/it\/content\/media\/uploads\/sites\/9\/2021\/06\/nembutal-capsules.jpg","contentUrl":"https:\/\/globalmedsonlineinc.com\/it\/content\/media\/uploads\/sites\/9\/2021\/06\/nembutal-capsules.jpg","width":600,"height":600,"caption":"Capsule di Nembutal in vendita online"},{"@type":"BreadcrumbList","@id":"https:\/\/globalmedsonlineinc.com\/it\/product\/nembutal-pentobarbital\/comprare-nembutal-capsule-online\/#breadcrumb","itemListElement":[{"@type":"ListItem","position":1,"name":"Home","item":"https:\/\/globalmedsonlineinc.com\/it\/"},{"@type":"ListItem","position":2,"name":"Prodotti","item":"https:\/\/globalmedsonlineinc.com\/it\/prodotti\/"},{"@type":"ListItem","position":3,"name":"Comprare Nembutal Capsule Online"}]},{"@type":"WebSite","@id":"https:\/\/globalmedsonlineinc.com\/it\/#website","url":"https:\/\/globalmedsonlineinc.com\/it\/","name":"Global Meds Inc","description":"","publisher":{"@id":"https:\/\/globalmedsonlineinc.com\/it\/#organization"},"potentialAction":[{"@type":"SearchAction","target":{"@type":"EntryPoint","urlTemplate":"https:\/\/globalmedsonlineinc.com\/it\/?s={search_term_string}"},"query-input":{"@type":"PropertyValueSpecification","valueRequired":true,"valueName":"search_term_string"}}],"inLanguage":"it-IT"},{"@type":"Organization","@id":"https:\/\/globalmedsonlineinc.com\/it\/#organization","name":"Global Meds Inc.","url":"https:\/\/globalmedsonlineinc.com\/it\/","logo":{"@type":"ImageObject","inLanguage":"it-IT","@id":"https:\/\/globalmedsonlineinc.com\/it\/#\/schema\/logo\/image\/","url":"https:\/\/globalmedsonlineinc.com\/it\/content\/media\/uploads\/sites\/9\/2021\/06\/globalmedsonlineincLogoShop20210630123730.00.png","contentUrl":"https:\/\/globalmedsonlineinc.com\/it\/content\/media\/uploads\/sites\/9\/2021\/06\/globalmedsonlineincLogoShop20210630123730.00.png","width":450,"height":117,"caption":"Global Meds Inc."},"image":{"@id":"https:\/\/globalmedsonlineinc.com\/it\/#\/schema\/logo\/image\/"}}]}},"_links":{"self":[{"href":"https:\/\/globalmedsonlineinc.com\/it\/wp-json\/wp\/v2\/product\/8924","targetHints":{"allow":["GET"]}}],"collection":[{"href":"https:\/\/globalmedsonlineinc.com\/it\/wp-json\/wp\/v2\/product"}],"about":[{"href":"https:\/\/globalmedsonlineinc.com\/it\/wp-json\/wp\/v2\/types\/product"}],"replies":[{"embeddable":true,"href":"https:\/\/globalmedsonlineinc.com\/it\/wp-json\/wp\/v2\/comments?post=8924"}],"wp:featuredmedia":[{"embeddable":true,"href":"https:\/\/globalmedsonlineinc.com\/it\/wp-json\/wp\/v2\/media\/8961"}],"wp:attachment":[{"href":"https:\/\/globalmedsonlineinc.com\/it\/wp-json\/wp\/v2\/media?parent=8924"}],"wp:term":[{"taxonomy":"product_brand","embeddable":true,"href":"https:\/\/globalmedsonlineinc.com\/it\/wp-json\/wp\/v2\/product_brand?post=8924"},{"taxonomy":"product_cat","embeddable":true,"href":"https:\/\/globalmedsonlineinc.com\/it\/wp-json\/wp\/v2\/product_cat?post=8924"},{"taxonomy":"product_tag","embeddable":true,"href":"https:\/\/globalmedsonlineinc.com\/it\/wp-json\/wp\/v2\/product_tag?post=8924"}],"curies":[{"name":"wp","href":"https:\/\/api.w.org\/{rel}","templated":true}]}}