{"id":8923,"date":"2021-06-30T20:43:06","date_gmt":"2021-06-30T20:43:06","guid":{"rendered":"https:\/\/globalmedsonlineinc.com\/it\/?post_type=product&#038;p=8923"},"modified":"2024-02-20T12:05:03","modified_gmt":"2024-02-20T12:05:03","slug":"comprare-butalbital-online","status":"publish","type":"product","link":"https:\/\/globalmedsonlineinc.com\/it\/product\/nembutal-pentobarbital\/comprare-butalbital-online\/","title":{"rendered":"Comprare Butalbital online"},"content":{"rendered":"<h1>Butalbital in vendita online senza ricetta<\/h1>\n<p class=\"tt\"><a href=\"https:\/\/globalmedsonlineinc.com\/it\/product\/nembutal-pentobarbital\/buy-butalbital-online\/\">Butalbital in vendita online<\/a> senza ricetta. Comprare Butalbital online senza ricetta dalla migliore farmacia online<\/p>\n<p>Online Nembutal Pharmacy \u00e8 una onorata farmacia online conosciuta per la sua professionalit\u00e0 e la qualit\u00e0 dei farmaci. Qui, \u00e8 possibile acquistare Butalbital online senza prescrizione convenientemente. Siamo coerenti con la vendita del prodotto di alta qualit\u00e0 ai clienti a livello globale. Ci prendiamo cura di ogni bisogno e requisito dei nostri clienti e sempre completarli all&#8217;interno del <a href=\"https:\/\/en.wikipedia.org\/wiki\/Butalbital\">tempo<\/a>.<\/p>\n<p>Si pu\u00f2 immediatamente entrare in contatto con noi attraverso la piattaforma online e ricevere i farmaci destinati in un breve lasso di tempo. Ordina Butalbital online oggi!<\/p>\n<p class=\"tt\"><strong>Come Butalbital ti fa bene? <\/strong><\/p>\n<p>Butalbital \u00e8 un farmaco a breve termine. \u00c8 possibile utilizzare comodamente questo farmaco in combinazione con altri farmaci come il paracetamolo (acetaminofene) o l&#8217;aspirina per il trattamento del dolore e del mal di testa. \u00c8 stato anche approvato per il trattamento di mal di testa da tensione.<\/p>\n<p>Per acquistare Butalbital online al miglior prezzo, \u00e8 possibile iniziare con l&#8217;aggiunta al carrello. <a href=\"https:\/\/it.wikipedia.org\/wiki\/Butalbital\">Una<\/a> volta che l&#8217;aggiunta \u00e8 fatta, si pu\u00f2 andare oltre con il completamento del pagamento. Abbiamo fornito una serie di gateway di pagamento. Potete scegliere quello adatto ed effettuare il pagamento per il vostro prodotto.<\/p>\n<p>Dove effettuare un ordine per Butalbital Online al miglior prezzo?<br \/>\nSe vi \u00e8 stato prescritto con Butalbital, allora \u00e8 il momento di acquistare Butalbital in vendita a Nembutal Online Pharmacy.Connect con la nostra farmacia online \u00e8 diventata la cosa pi\u00f9 semplice mai. Abbiamo un sito web molto semplice e user-friendly per rendere i nostri clienti si sentono a proprio agio durante l&#8217;ordine dei loro prodotti.<\/p>\n<p>Buona qualit\u00e0 Butalbital online: E &#8216;completamente capito che la gente non si fidano rapidamente la qualit\u00e0 del Butalbital venduto online perch\u00e9 non possono esaminare fisicamente. Ma non \u00e8 la stessa cosa con i fornitori online Butalbital online. I prodotti qui sono fedeli alla loro descrizione con la manutenzione di alta qualit\u00e0 fatta sotto la supervisione degli esperti.<\/p>\n<p>Veloce &amp; Spedizione discreta: La consegna del Butalbital online dopo aver ricevuto l&#8217;ordine \u00e8 fatto entro i tempi promessi. Il team di spedizione mette tutto il suo impegno nel rendere la spedizione e la procedura di consegna liscia e veloce. Ci si pu\u00f2 anche aspettare servizi eccellenti quando si acquista Butalbital online dal professionista sulla piattaforma online.<\/p>\n","protected":false},"excerpt":{"rendered":"<p>Nel momento in cui il vostro ordine viene effettuato, sar\u00e0 ricevuto dalla nostra farmacia online. Lo terremo in priorit\u00e0 e lo realizzeremo il pi\u00f9 presto possibile. Di solito prendiamo una settimana di tempo nella consegna dei prodotti e comprende solo i giorni lavorativi. In una questione di una settimana di tempo, si ricever\u00e0 Butalbital nel modo migliore. Colpisci il tuo ordine subito!<\/p>\n","protected":false},"featured_media":8959,"comment_status":"closed","ping_status":"closed","template":"","meta":{"_acf_changed":false,"_monsterinsights_skip_tracking":false,"_monsterinsights_sitenote_active":false,"_monsterinsights_sitenote_note":"","_monsterinsights_sitenote_category":0},"product_brand":[],"product_cat":[87],"product_tag":[],"class_list":{"0":"post-8923","1":"product","2":"type-product","3":"status-publish","4":"has-post-thumbnail","6":"product_cat-nembutal-pentobarbital","8":"first","9":"instock","10":"featured","11":"shipping-taxable","12":"purchasable","13":"product-type-variable","14":"has-default-attributes"},"acf":[],"yoast_head":"<!-- This site is optimized with the Yoast SEO plugin v27.2 - https:\/\/yoast.com\/product\/yoast-seo-wordpress\/ -->\n<title>Butalbital in vendita online senza prescrizione | Global Meds Inc.<\/title>\n<meta name=\"description\" content=\"Butalbital in vendita online senza prescrizione. Vendiamo pillole di Butalbital della migliore qualit\u00e0. Vi invitiamo a contattarci per ulteriori informazioni.\" \/>\n<meta name=\"robots\" content=\"index, follow, max-snippet:-1, max-image-preview:large, max-video-preview:-1\" \/>\n<link rel=\"canonical\" href=\"https:\/\/globalmedsonlineinc.com\/it\/product\/nembutal-pentobarbital\/comprare-butalbital-online\/\" \/>\n<meta property=\"og:locale\" content=\"it_IT\" \/>\n<meta property=\"og:type\" content=\"article\" \/>\n<meta property=\"og:title\" content=\"Butalbital in vendita online senza prescrizione | Global Meds Inc.\" \/>\n<meta property=\"og:description\" content=\"Butalbital in vendita online senza prescrizione. Vendiamo pillole di Butalbital della migliore qualit\u00e0. Vi invitiamo a contattarci per ulteriori informazioni.\" \/>\n<meta property=\"og:url\" content=\"https:\/\/globalmedsonlineinc.com\/it\/product\/nembutal-pentobarbital\/comprare-butalbital-online\/\" \/>\n<meta property=\"og:site_name\" content=\"Global Meds Inc\" \/>\n<meta property=\"article:modified_time\" content=\"2024-02-20T12:05:03+00:00\" \/>\n<meta property=\"og:image\" content=\"https:\/\/globalmedsonlineinc.com\/it\/content\/media\/uploads\/sites\/9\/2021\/06\/Butalbital.jpg\" \/>\n\t<meta property=\"og:image:width\" content=\"600\" \/>\n\t<meta property=\"og:image:height\" content=\"600\" \/>\n\t<meta property=\"og:image:type\" content=\"image\/jpeg\" \/>\n<meta name=\"twitter:card\" content=\"summary_large_image\" \/>\n<meta name=\"twitter:label1\" content=\"Tempo di lettura stimato\" \/>\n\t<meta name=\"twitter:data1\" content=\"3 minuti\" \/>\n<script type=\"application\/ld+json\" class=\"yoast-schema-graph\">{\"@context\":\"https:\/\/schema.org\",\"@graph\":[{\"@type\":\"WebPage\",\"@id\":\"https:\/\/globalmedsonlineinc.com\/it\/product\/nembutal-pentobarbital\/comprare-butalbital-online\/\",\"url\":\"https:\/\/globalmedsonlineinc.com\/it\/product\/nembutal-pentobarbital\/comprare-butalbital-online\/\",\"name\":\"Butalbital in vendita online senza prescrizione | Global Meds Inc.\",\"isPartOf\":{\"@id\":\"https:\/\/globalmedsonlineinc.com\/it\/#website\"},\"primaryImageOfPage\":{\"@id\":\"https:\/\/globalmedsonlineinc.com\/it\/product\/nembutal-pentobarbital\/comprare-butalbital-online\/#primaryimage\"},\"image\":{\"@id\":\"https:\/\/globalmedsonlineinc.com\/it\/product\/nembutal-pentobarbital\/comprare-butalbital-online\/#primaryimage\"},\"thumbnailUrl\":\"https:\/\/globalmedsonlineinc.com\/it\/content\/media\/uploads\/sites\/9\/2021\/06\/Butalbital.jpg\",\"datePublished\":\"2021-06-30T20:43:06+00:00\",\"dateModified\":\"2024-02-20T12:05:03+00:00\",\"description\":\"Butalbital in vendita online senza prescrizione. Vendiamo pillole di Butalbital della migliore qualit\u00e0. Vi invitiamo a contattarci per ulteriori informazioni.\",\"breadcrumb\":{\"@id\":\"https:\/\/globalmedsonlineinc.com\/it\/product\/nembutal-pentobarbital\/comprare-butalbital-online\/#breadcrumb\"},\"inLanguage\":\"it-IT\",\"potentialAction\":[{\"@type\":\"ReadAction\",\"target\":[\"https:\/\/globalmedsonlineinc.com\/it\/product\/nembutal-pentobarbital\/comprare-butalbital-online\/\"]}]},{\"@type\":\"ImageObject\",\"inLanguage\":\"it-IT\",\"@id\":\"https:\/\/globalmedsonlineinc.com\/it\/product\/nembutal-pentobarbital\/comprare-butalbital-online\/#primaryimage\",\"url\":\"https:\/\/globalmedsonlineinc.com\/it\/content\/media\/uploads\/sites\/9\/2021\/06\/Butalbital.jpg\",\"contentUrl\":\"https:\/\/globalmedsonlineinc.com\/it\/content\/media\/uploads\/sites\/9\/2021\/06\/Butalbital.jpg\",\"width\":600,\"height\":600,\"caption\":\"Butalbital for sale online without prescription\"},{\"@type\":\"BreadcrumbList\",\"@id\":\"https:\/\/globalmedsonlineinc.com\/it\/product\/nembutal-pentobarbital\/comprare-butalbital-online\/#breadcrumb\",\"itemListElement\":[{\"@type\":\"ListItem\",\"position\":1,\"name\":\"Home\",\"item\":\"https:\/\/globalmedsonlineinc.com\/it\/\"},{\"@type\":\"ListItem\",\"position\":2,\"name\":\"Prodotti\",\"item\":\"https:\/\/globalmedsonlineinc.com\/it\/prodotti\/\"},{\"@type\":\"ListItem\",\"position\":3,\"name\":\"Comprare Butalbital online\"}]},{\"@type\":\"WebSite\",\"@id\":\"https:\/\/globalmedsonlineinc.com\/it\/#website\",\"url\":\"https:\/\/globalmedsonlineinc.com\/it\/\",\"name\":\"Global Meds Inc\",\"description\":\"\",\"publisher\":{\"@id\":\"https:\/\/globalmedsonlineinc.com\/it\/#organization\"},\"potentialAction\":[{\"@type\":\"SearchAction\",\"target\":{\"@type\":\"EntryPoint\",\"urlTemplate\":\"https:\/\/globalmedsonlineinc.com\/it\/?s={search_term_string}\"},\"query-input\":{\"@type\":\"PropertyValueSpecification\",\"valueRequired\":true,\"valueName\":\"search_term_string\"}}],\"inLanguage\":\"it-IT\"},{\"@type\":\"Organization\",\"@id\":\"https:\/\/globalmedsonlineinc.com\/it\/#organization\",\"name\":\"Global Meds Inc.\",\"url\":\"https:\/\/globalmedsonlineinc.com\/it\/\",\"logo\":{\"@type\":\"ImageObject\",\"inLanguage\":\"it-IT\",\"@id\":\"https:\/\/globalmedsonlineinc.com\/it\/#\/schema\/logo\/image\/\",\"url\":\"https:\/\/globalmedsonlineinc.com\/it\/content\/media\/uploads\/sites\/9\/2021\/06\/globalmedsonlineincLogoShop20210630123730.00.png\",\"contentUrl\":\"https:\/\/globalmedsonlineinc.com\/it\/content\/media\/uploads\/sites\/9\/2021\/06\/globalmedsonlineincLogoShop20210630123730.00.png\",\"width\":450,\"height\":117,\"caption\":\"Global Meds Inc.\"},\"image\":{\"@id\":\"https:\/\/globalmedsonlineinc.com\/it\/#\/schema\/logo\/image\/\"}}]}<\/script>\n<!-- \/ Yoast SEO plugin. -->","yoast_head_json":{"title":"Butalbital in vendita online senza prescrizione | Global Meds Inc.","description":"Butalbital in vendita online senza prescrizione. Vendiamo pillole di Butalbital della migliore qualit\u00e0. Vi invitiamo a contattarci per ulteriori informazioni.","robots":{"index":"index","follow":"follow","max-snippet":"max-snippet:-1","max-image-preview":"max-image-preview:large","max-video-preview":"max-video-preview:-1"},"canonical":"https:\/\/globalmedsonlineinc.com\/it\/product\/nembutal-pentobarbital\/comprare-butalbital-online\/","og_locale":"it_IT","og_type":"article","og_title":"Butalbital in vendita online senza prescrizione | Global Meds Inc.","og_description":"Butalbital in vendita online senza prescrizione. Vendiamo pillole di Butalbital della migliore qualit\u00e0. Vi invitiamo a contattarci per ulteriori informazioni.","og_url":"https:\/\/globalmedsonlineinc.com\/it\/product\/nembutal-pentobarbital\/comprare-butalbital-online\/","og_site_name":"Global Meds Inc","article_modified_time":"2024-02-20T12:05:03+00:00","og_image":[{"width":600,"height":600,"url":"https:\/\/globalmedsonlineinc.com\/it\/content\/media\/uploads\/sites\/9\/2021\/06\/Butalbital.jpg","type":"image\/jpeg"}],"twitter_card":"summary_large_image","twitter_misc":{"Tempo di lettura stimato":"3 minuti"},"schema":{"@context":"https:\/\/schema.org","@graph":[{"@type":"WebPage","@id":"https:\/\/globalmedsonlineinc.com\/it\/product\/nembutal-pentobarbital\/comprare-butalbital-online\/","url":"https:\/\/globalmedsonlineinc.com\/it\/product\/nembutal-pentobarbital\/comprare-butalbital-online\/","name":"Butalbital in vendita online senza prescrizione | Global Meds Inc.","isPartOf":{"@id":"https:\/\/globalmedsonlineinc.com\/it\/#website"},"primaryImageOfPage":{"@id":"https:\/\/globalmedsonlineinc.com\/it\/product\/nembutal-pentobarbital\/comprare-butalbital-online\/#primaryimage"},"image":{"@id":"https:\/\/globalmedsonlineinc.com\/it\/product\/nembutal-pentobarbital\/comprare-butalbital-online\/#primaryimage"},"thumbnailUrl":"https:\/\/globalmedsonlineinc.com\/it\/content\/media\/uploads\/sites\/9\/2021\/06\/Butalbital.jpg","datePublished":"2021-06-30T20:43:06+00:00","dateModified":"2024-02-20T12:05:03+00:00","description":"Butalbital in vendita online senza prescrizione. Vendiamo pillole di Butalbital della migliore qualit\u00e0. Vi invitiamo a contattarci per ulteriori informazioni.","breadcrumb":{"@id":"https:\/\/globalmedsonlineinc.com\/it\/product\/nembutal-pentobarbital\/comprare-butalbital-online\/#breadcrumb"},"inLanguage":"it-IT","potentialAction":[{"@type":"ReadAction","target":["https:\/\/globalmedsonlineinc.com\/it\/product\/nembutal-pentobarbital\/comprare-butalbital-online\/"]}]},{"@type":"ImageObject","inLanguage":"it-IT","@id":"https:\/\/globalmedsonlineinc.com\/it\/product\/nembutal-pentobarbital\/comprare-butalbital-online\/#primaryimage","url":"https:\/\/globalmedsonlineinc.com\/it\/content\/media\/uploads\/sites\/9\/2021\/06\/Butalbital.jpg","contentUrl":"https:\/\/globalmedsonlineinc.com\/it\/content\/media\/uploads\/sites\/9\/2021\/06\/Butalbital.jpg","width":600,"height":600,"caption":"Butalbital for sale online without prescription"},{"@type":"BreadcrumbList","@id":"https:\/\/globalmedsonlineinc.com\/it\/product\/nembutal-pentobarbital\/comprare-butalbital-online\/#breadcrumb","itemListElement":[{"@type":"ListItem","position":1,"name":"Home","item":"https:\/\/globalmedsonlineinc.com\/it\/"},{"@type":"ListItem","position":2,"name":"Prodotti","item":"https:\/\/globalmedsonlineinc.com\/it\/prodotti\/"},{"@type":"ListItem","position":3,"name":"Comprare Butalbital online"}]},{"@type":"WebSite","@id":"https:\/\/globalmedsonlineinc.com\/it\/#website","url":"https:\/\/globalmedsonlineinc.com\/it\/","name":"Global Meds Inc","description":"","publisher":{"@id":"https:\/\/globalmedsonlineinc.com\/it\/#organization"},"potentialAction":[{"@type":"SearchAction","target":{"@type":"EntryPoint","urlTemplate":"https:\/\/globalmedsonlineinc.com\/it\/?s={search_term_string}"},"query-input":{"@type":"PropertyValueSpecification","valueRequired":true,"valueName":"search_term_string"}}],"inLanguage":"it-IT"},{"@type":"Organization","@id":"https:\/\/globalmedsonlineinc.com\/it\/#organization","name":"Global Meds Inc.","url":"https:\/\/globalmedsonlineinc.com\/it\/","logo":{"@type":"ImageObject","inLanguage":"it-IT","@id":"https:\/\/globalmedsonlineinc.com\/it\/#\/schema\/logo\/image\/","url":"https:\/\/globalmedsonlineinc.com\/it\/content\/media\/uploads\/sites\/9\/2021\/06\/globalmedsonlineincLogoShop20210630123730.00.png","contentUrl":"https:\/\/globalmedsonlineinc.com\/it\/content\/media\/uploads\/sites\/9\/2021\/06\/globalmedsonlineincLogoShop20210630123730.00.png","width":450,"height":117,"caption":"Global Meds Inc."},"image":{"@id":"https:\/\/globalmedsonlineinc.com\/it\/#\/schema\/logo\/image\/"}}]}},"_links":{"self":[{"href":"https:\/\/globalmedsonlineinc.com\/it\/wp-json\/wp\/v2\/product\/8923","targetHints":{"allow":["GET"]}}],"collection":[{"href":"https:\/\/globalmedsonlineinc.com\/it\/wp-json\/wp\/v2\/product"}],"about":[{"href":"https:\/\/globalmedsonlineinc.com\/it\/wp-json\/wp\/v2\/types\/product"}],"replies":[{"embeddable":true,"href":"https:\/\/globalmedsonlineinc.com\/it\/wp-json\/wp\/v2\/comments?post=8923"}],"wp:featuredmedia":[{"embeddable":true,"href":"https:\/\/globalmedsonlineinc.com\/it\/wp-json\/wp\/v2\/media\/8959"}],"wp:attachment":[{"href":"https:\/\/globalmedsonlineinc.com\/it\/wp-json\/wp\/v2\/media?parent=8923"}],"wp:term":[{"taxonomy":"product_brand","embeddable":true,"href":"https:\/\/globalmedsonlineinc.com\/it\/wp-json\/wp\/v2\/product_brand?post=8923"},{"taxonomy":"product_cat","embeddable":true,"href":"https:\/\/globalmedsonlineinc.com\/it\/wp-json\/wp\/v2\/product_cat?post=8923"},{"taxonomy":"product_tag","embeddable":true,"href":"https:\/\/globalmedsonlineinc.com\/it\/wp-json\/wp\/v2\/product_tag?post=8923"}],"curies":[{"name":"wp","href":"https:\/\/api.w.org\/{rel}","templated":true}]}}