{"id":10551,"date":"2021-11-01T08:45:47","date_gmt":"2021-11-01T08:45:47","guid":{"rendered":"https:\/\/globalmedsonlineinc.com\/it\/?post_type=product&#038;p=10551"},"modified":"2024-02-20T10:55:00","modified_gmt":"2024-02-20T10:55:00","slug":"comprare-gamma-idrossibutirrato-ghb-polvere-online","status":"publish","type":"product","link":"https:\/\/globalmedsonlineinc.com\/it\/product\/research-chemicals\/comprare-gamma-idrossibutirrato-ghb-polvere-online\/","title":{"rendered":"Comprare Gamma Idrossibutirrato (GHB) Polvere online"},"content":{"rendered":"<h1><strong>Acquista Gamma Idrossibutirrato (GHB) Polvere online<\/strong><\/h1>\n<p>Comprare <a href=\"https:\/\/globalmedsonlineinc.com\/it\/product\/research-chemicals\/comprare-gamma-idrossibutirrato-ghb-polvere-online\/\">Gamma Idrossibutirrato (GHB)<\/a> Polvere online. L&#8217;acido gamma-idrossibutirrico o acido \u03b3-idrossibutirrico (GHB), noto anche come acido 4-idrossibutanoico, \u00e8 un neurotrasmettitore naturale e una droga psicoattiva. \u00c8 un precursore di GABA, glutammato e glicina in alcune aree del cervello. Agisce sul recettore del GHB ed \u00e8 un debole agonista del recettore GABAB. Il GHB \u00e8 stato usato in ambito medico come anestetico generale e come trattamento per cataplessia, narcolessia e alcolismo. \u00c8 anche usato illegalmente come intossicante, come potenziatore di prestazioni atletiche, come droga da stupro e come droga ricreativa. Comprare Gamma Idrossibutirrato (GHB) Polvere online<\/p>\n<p>\u00c8 comunemente usato sotto forma di sale, come il \u03b3-idrossibutirrato di sodio (NaGHB, ossibato di sodio, o Xyrem) o \u03b3-idrossibutirrato di potassio (KGHB, ossibato di potassio). Il GHB \u00e8 anche prodotto come risultato della fermentazione, e si trova in piccole quantit\u00e0 in alcune birre e vini, carne di manzo e piccoli agrumi.<\/p>\n<p>Siamo fornitori professionali che seguono sempre seriamente i loro doveri e responsabilit\u00e0 verso i clienti. I prezzi presso i fornitori online per l&#8217;acquisto di Gamma Hydroxybutyrate (GHB) Online o qualsiasi <a href=\"https:\/\/it.wikipedia.org\/wiki\/Droga_da_stupro#GHB\">altro<\/a> prodotto correlato \u00e8 ragionevole e conveniente per tutti. Non c&#8217;\u00e8 bisogno di spendere una fortuna per acquistare questi prodotti.<\/p>\n<p>Il team di dirigenti si occuper\u00e0 dei dettagli del tuo ordine e cercher\u00e0 di completarlo nel pi\u00f9 breve tempo possibile. Il team di imballaggio imballer\u00e0 il vostro ordine con la massima precisione assicurandosi che non si danneggi durante il trasporto. Quindi puoi vedere come \u00e8 facile con noi. \u00c8 possibile ordinare Gamma Hydroxybutyrate (GHB) Online a USA, Europa, Australia, USA, CINA, Canada e perch\u00e9 no in tutto il mondo.<\/p>\n<p>E &#8216;passato il tempo in cui uno usato per lottare davvero difficile da comprare Gamma Hydroxybutyrate (GHB) Online presso i negozi offline viaggiando chilometri e solo se sono disponibili. Ma con l&#8217;avanzamento del tempo e della tecnologia, la modalit\u00e0 online \u00e8 arrivata. Si pu\u00f2 facilmente contattare un negozio utilizzando i vostri dispositivi proprio al vostro posto e ordinare Gamma Hydroxybutyrate (GHB) Online. Non c&#8217;\u00e8 bisogno di viaggiare ovunque pi\u00f9 si pu\u00f2 sempre ordinare Gamma Hydroxybutyrate (GHB) on-line con noi.<\/p>\n","protected":false},"excerpt":{"rendered":"<p>Compra Gamma Idrossibutirrato (GHB) in polvere online. La nostra polvere di GHB \u00e8 testata al 100% in laboratorio. Spediamo la nostra polvere di GHB in modo discreto ed espresso a livello internazionale.<\/p>\n","protected":false},"featured_media":10552,"comment_status":"open","ping_status":"closed","template":"","meta":{"_acf_changed":false,"_monsterinsights_skip_tracking":false,"_monsterinsights_sitenote_active":false,"_monsterinsights_sitenote_note":"","_monsterinsights_sitenote_category":0},"product_brand":[],"product_cat":[53],"product_tag":[],"class_list":{"0":"post-10551","1":"product","2":"type-product","3":"status-publish","4":"has-post-thumbnail","6":"product_cat-research-chemicals","8":"first","9":"instock","10":"shipping-taxable","11":"purchasable","12":"product-type-simple"},"acf":[],"yoast_head":"<!-- This site is optimized with the Yoast SEO plugin v27.2 - https:\/\/yoast.com\/product\/yoast-seo-wordpress\/ -->\n<title>Comprare Gamma Idrossibutirrato (GHB) Polvere online - Global Meds Inc<\/title>\n<meta name=\"description\" content=\"Compra Gamma Idrossibutirrato (GHB) in polvere online. Vendiamo la polvere GHB della migliore qualit\u00e0. Vi invitiamo a contattarci per ulteriori informazioni.\" \/>\n<meta name=\"robots\" content=\"index, follow, max-snippet:-1, max-image-preview:large, max-video-preview:-1\" \/>\n<link rel=\"canonical\" href=\"https:\/\/globalmedsonlineinc.com\/it\/product\/research-chemicals\/comprare-gamma-idrossibutirrato-ghb-polvere-online\/\" \/>\n<meta property=\"og:locale\" content=\"it_IT\" \/>\n<meta property=\"og:type\" content=\"article\" \/>\n<meta property=\"og:title\" content=\"Comprare Gamma Idrossibutirrato (GHB) Polvere online - Global Meds Inc\" \/>\n<meta property=\"og:description\" content=\"Compra Gamma Idrossibutirrato (GHB) in polvere online. Vendiamo la polvere GHB della migliore qualit\u00e0. Vi invitiamo a contattarci per ulteriori informazioni.\" \/>\n<meta property=\"og:url\" content=\"https:\/\/globalmedsonlineinc.com\/it\/product\/research-chemicals\/comprare-gamma-idrossibutirrato-ghb-polvere-online\/\" \/>\n<meta property=\"og:site_name\" content=\"Global Meds Inc\" \/>\n<meta property=\"article:modified_time\" content=\"2024-02-20T10:55:00+00:00\" \/>\n<meta property=\"og:image\" content=\"https:\/\/globalmedsonlineinc.com\/it\/content\/media\/uploads\/sites\/9\/2021\/11\/Gamma-hydroxybutyrate-powder.jpg\" \/>\n\t<meta property=\"og:image:width\" content=\"600\" \/>\n\t<meta property=\"og:image:height\" content=\"600\" \/>\n\t<meta property=\"og:image:type\" content=\"image\/jpeg\" \/>\n<meta name=\"twitter:card\" content=\"summary_large_image\" \/>\n<meta name=\"twitter:label1\" content=\"Tempo di lettura stimato\" \/>\n\t<meta name=\"twitter:data1\" content=\"2 minuti\" \/>\n<script type=\"application\/ld+json\" class=\"yoast-schema-graph\">{\"@context\":\"https:\/\/schema.org\",\"@graph\":[{\"@type\":\"WebPage\",\"@id\":\"https:\/\/globalmedsonlineinc.com\/it\/product\/research-chemicals\/comprare-gamma-idrossibutirrato-ghb-polvere-online\/\",\"url\":\"https:\/\/globalmedsonlineinc.com\/it\/product\/research-chemicals\/comprare-gamma-idrossibutirrato-ghb-polvere-online\/\",\"name\":\"Comprare Gamma Idrossibutirrato (GHB) Polvere online - Global Meds Inc\",\"isPartOf\":{\"@id\":\"https:\/\/globalmedsonlineinc.com\/it\/#website\"},\"primaryImageOfPage\":{\"@id\":\"https:\/\/globalmedsonlineinc.com\/it\/product\/research-chemicals\/comprare-gamma-idrossibutirrato-ghb-polvere-online\/#primaryimage\"},\"image\":{\"@id\":\"https:\/\/globalmedsonlineinc.com\/it\/product\/research-chemicals\/comprare-gamma-idrossibutirrato-ghb-polvere-online\/#primaryimage\"},\"thumbnailUrl\":\"https:\/\/globalmedsonlineinc.com\/it\/content\/media\/uploads\/sites\/9\/2021\/11\/Gamma-hydroxybutyrate-powder.jpg\",\"datePublished\":\"2021-11-01T08:45:47+00:00\",\"dateModified\":\"2024-02-20T10:55:00+00:00\",\"description\":\"Compra Gamma Idrossibutirrato (GHB) in polvere online. Vendiamo la polvere GHB della migliore qualit\u00e0. Vi invitiamo a contattarci per ulteriori informazioni.\",\"breadcrumb\":{\"@id\":\"https:\/\/globalmedsonlineinc.com\/it\/product\/research-chemicals\/comprare-gamma-idrossibutirrato-ghb-polvere-online\/#breadcrumb\"},\"inLanguage\":\"it-IT\",\"potentialAction\":[{\"@type\":\"ReadAction\",\"target\":[\"https:\/\/globalmedsonlineinc.com\/it\/product\/research-chemicals\/comprare-gamma-idrossibutirrato-ghb-polvere-online\/\"]}]},{\"@type\":\"ImageObject\",\"inLanguage\":\"it-IT\",\"@id\":\"https:\/\/globalmedsonlineinc.com\/it\/product\/research-chemicals\/comprare-gamma-idrossibutirrato-ghb-polvere-online\/#primaryimage\",\"url\":\"https:\/\/globalmedsonlineinc.com\/it\/content\/media\/uploads\/sites\/9\/2021\/11\/Gamma-hydroxybutyrate-powder.jpg\",\"contentUrl\":\"https:\/\/globalmedsonlineinc.com\/it\/content\/media\/uploads\/sites\/9\/2021\/11\/Gamma-hydroxybutyrate-powder.jpg\",\"width\":600,\"height\":600,\"caption\":\"Comprare Gamma Idrossibutirrato (GHB) Polvere online\"},{\"@type\":\"BreadcrumbList\",\"@id\":\"https:\/\/globalmedsonlineinc.com\/it\/product\/research-chemicals\/comprare-gamma-idrossibutirrato-ghb-polvere-online\/#breadcrumb\",\"itemListElement\":[{\"@type\":\"ListItem\",\"position\":1,\"name\":\"Home\",\"item\":\"https:\/\/globalmedsonlineinc.com\/it\/\"},{\"@type\":\"ListItem\",\"position\":2,\"name\":\"Prodotti\",\"item\":\"https:\/\/globalmedsonlineinc.com\/it\/prodotti\/\"},{\"@type\":\"ListItem\",\"position\":3,\"name\":\"Comprare Gamma Idrossibutirrato (GHB) Polvere online\"}]},{\"@type\":\"WebSite\",\"@id\":\"https:\/\/globalmedsonlineinc.com\/it\/#website\",\"url\":\"https:\/\/globalmedsonlineinc.com\/it\/\",\"name\":\"Global Meds Inc\",\"description\":\"\",\"publisher\":{\"@id\":\"https:\/\/globalmedsonlineinc.com\/it\/#organization\"},\"potentialAction\":[{\"@type\":\"SearchAction\",\"target\":{\"@type\":\"EntryPoint\",\"urlTemplate\":\"https:\/\/globalmedsonlineinc.com\/it\/?s={search_term_string}\"},\"query-input\":{\"@type\":\"PropertyValueSpecification\",\"valueRequired\":true,\"valueName\":\"search_term_string\"}}],\"inLanguage\":\"it-IT\"},{\"@type\":\"Organization\",\"@id\":\"https:\/\/globalmedsonlineinc.com\/it\/#organization\",\"name\":\"Global Meds Inc.\",\"url\":\"https:\/\/globalmedsonlineinc.com\/it\/\",\"logo\":{\"@type\":\"ImageObject\",\"inLanguage\":\"it-IT\",\"@id\":\"https:\/\/globalmedsonlineinc.com\/it\/#\/schema\/logo\/image\/\",\"url\":\"https:\/\/globalmedsonlineinc.com\/it\/content\/media\/uploads\/sites\/9\/2021\/06\/globalmedsonlineincLogoShop20210630123730.00.png\",\"contentUrl\":\"https:\/\/globalmedsonlineinc.com\/it\/content\/media\/uploads\/sites\/9\/2021\/06\/globalmedsonlineincLogoShop20210630123730.00.png\",\"width\":450,\"height\":117,\"caption\":\"Global Meds Inc.\"},\"image\":{\"@id\":\"https:\/\/globalmedsonlineinc.com\/it\/#\/schema\/logo\/image\/\"}}]}<\/script>\n<!-- \/ Yoast SEO plugin. -->","yoast_head_json":{"title":"Comprare Gamma Idrossibutirrato (GHB) Polvere online - Global Meds Inc","description":"Compra Gamma Idrossibutirrato (GHB) in polvere online. Vendiamo la polvere GHB della migliore qualit\u00e0. Vi invitiamo a contattarci per ulteriori informazioni.","robots":{"index":"index","follow":"follow","max-snippet":"max-snippet:-1","max-image-preview":"max-image-preview:large","max-video-preview":"max-video-preview:-1"},"canonical":"https:\/\/globalmedsonlineinc.com\/it\/product\/research-chemicals\/comprare-gamma-idrossibutirrato-ghb-polvere-online\/","og_locale":"it_IT","og_type":"article","og_title":"Comprare Gamma Idrossibutirrato (GHB) Polvere online - Global Meds Inc","og_description":"Compra Gamma Idrossibutirrato (GHB) in polvere online. Vendiamo la polvere GHB della migliore qualit\u00e0. Vi invitiamo a contattarci per ulteriori informazioni.","og_url":"https:\/\/globalmedsonlineinc.com\/it\/product\/research-chemicals\/comprare-gamma-idrossibutirrato-ghb-polvere-online\/","og_site_name":"Global Meds Inc","article_modified_time":"2024-02-20T10:55:00+00:00","og_image":[{"width":600,"height":600,"url":"https:\/\/globalmedsonlineinc.com\/it\/content\/media\/uploads\/sites\/9\/2021\/11\/Gamma-hydroxybutyrate-powder.jpg","type":"image\/jpeg"}],"twitter_card":"summary_large_image","twitter_misc":{"Tempo di lettura stimato":"2 minuti"},"schema":{"@context":"https:\/\/schema.org","@graph":[{"@type":"WebPage","@id":"https:\/\/globalmedsonlineinc.com\/it\/product\/research-chemicals\/comprare-gamma-idrossibutirrato-ghb-polvere-online\/","url":"https:\/\/globalmedsonlineinc.com\/it\/product\/research-chemicals\/comprare-gamma-idrossibutirrato-ghb-polvere-online\/","name":"Comprare Gamma Idrossibutirrato (GHB) Polvere online - Global Meds Inc","isPartOf":{"@id":"https:\/\/globalmedsonlineinc.com\/it\/#website"},"primaryImageOfPage":{"@id":"https:\/\/globalmedsonlineinc.com\/it\/product\/research-chemicals\/comprare-gamma-idrossibutirrato-ghb-polvere-online\/#primaryimage"},"image":{"@id":"https:\/\/globalmedsonlineinc.com\/it\/product\/research-chemicals\/comprare-gamma-idrossibutirrato-ghb-polvere-online\/#primaryimage"},"thumbnailUrl":"https:\/\/globalmedsonlineinc.com\/it\/content\/media\/uploads\/sites\/9\/2021\/11\/Gamma-hydroxybutyrate-powder.jpg","datePublished":"2021-11-01T08:45:47+00:00","dateModified":"2024-02-20T10:55:00+00:00","description":"Compra Gamma Idrossibutirrato (GHB) in polvere online. Vendiamo la polvere GHB della migliore qualit\u00e0. Vi invitiamo a contattarci per ulteriori informazioni.","breadcrumb":{"@id":"https:\/\/globalmedsonlineinc.com\/it\/product\/research-chemicals\/comprare-gamma-idrossibutirrato-ghb-polvere-online\/#breadcrumb"},"inLanguage":"it-IT","potentialAction":[{"@type":"ReadAction","target":["https:\/\/globalmedsonlineinc.com\/it\/product\/research-chemicals\/comprare-gamma-idrossibutirrato-ghb-polvere-online\/"]}]},{"@type":"ImageObject","inLanguage":"it-IT","@id":"https:\/\/globalmedsonlineinc.com\/it\/product\/research-chemicals\/comprare-gamma-idrossibutirrato-ghb-polvere-online\/#primaryimage","url":"https:\/\/globalmedsonlineinc.com\/it\/content\/media\/uploads\/sites\/9\/2021\/11\/Gamma-hydroxybutyrate-powder.jpg","contentUrl":"https:\/\/globalmedsonlineinc.com\/it\/content\/media\/uploads\/sites\/9\/2021\/11\/Gamma-hydroxybutyrate-powder.jpg","width":600,"height":600,"caption":"Comprare Gamma Idrossibutirrato (GHB) Polvere online"},{"@type":"BreadcrumbList","@id":"https:\/\/globalmedsonlineinc.com\/it\/product\/research-chemicals\/comprare-gamma-idrossibutirrato-ghb-polvere-online\/#breadcrumb","itemListElement":[{"@type":"ListItem","position":1,"name":"Home","item":"https:\/\/globalmedsonlineinc.com\/it\/"},{"@type":"ListItem","position":2,"name":"Prodotti","item":"https:\/\/globalmedsonlineinc.com\/it\/prodotti\/"},{"@type":"ListItem","position":3,"name":"Comprare Gamma Idrossibutirrato (GHB) Polvere online"}]},{"@type":"WebSite","@id":"https:\/\/globalmedsonlineinc.com\/it\/#website","url":"https:\/\/globalmedsonlineinc.com\/it\/","name":"Global Meds Inc","description":"","publisher":{"@id":"https:\/\/globalmedsonlineinc.com\/it\/#organization"},"potentialAction":[{"@type":"SearchAction","target":{"@type":"EntryPoint","urlTemplate":"https:\/\/globalmedsonlineinc.com\/it\/?s={search_term_string}"},"query-input":{"@type":"PropertyValueSpecification","valueRequired":true,"valueName":"search_term_string"}}],"inLanguage":"it-IT"},{"@type":"Organization","@id":"https:\/\/globalmedsonlineinc.com\/it\/#organization","name":"Global Meds Inc.","url":"https:\/\/globalmedsonlineinc.com\/it\/","logo":{"@type":"ImageObject","inLanguage":"it-IT","@id":"https:\/\/globalmedsonlineinc.com\/it\/#\/schema\/logo\/image\/","url":"https:\/\/globalmedsonlineinc.com\/it\/content\/media\/uploads\/sites\/9\/2021\/06\/globalmedsonlineincLogoShop20210630123730.00.png","contentUrl":"https:\/\/globalmedsonlineinc.com\/it\/content\/media\/uploads\/sites\/9\/2021\/06\/globalmedsonlineincLogoShop20210630123730.00.png","width":450,"height":117,"caption":"Global Meds Inc."},"image":{"@id":"https:\/\/globalmedsonlineinc.com\/it\/#\/schema\/logo\/image\/"}}]}},"_links":{"self":[{"href":"https:\/\/globalmedsonlineinc.com\/it\/wp-json\/wp\/v2\/product\/10551","targetHints":{"allow":["GET"]}}],"collection":[{"href":"https:\/\/globalmedsonlineinc.com\/it\/wp-json\/wp\/v2\/product"}],"about":[{"href":"https:\/\/globalmedsonlineinc.com\/it\/wp-json\/wp\/v2\/types\/product"}],"replies":[{"embeddable":true,"href":"https:\/\/globalmedsonlineinc.com\/it\/wp-json\/wp\/v2\/comments?post=10551"}],"wp:featuredmedia":[{"embeddable":true,"href":"https:\/\/globalmedsonlineinc.com\/it\/wp-json\/wp\/v2\/media\/10552"}],"wp:attachment":[{"href":"https:\/\/globalmedsonlineinc.com\/it\/wp-json\/wp\/v2\/media?parent=10551"}],"wp:term":[{"taxonomy":"product_brand","embeddable":true,"href":"https:\/\/globalmedsonlineinc.com\/it\/wp-json\/wp\/v2\/product_brand?post=10551"},{"taxonomy":"product_cat","embeddable":true,"href":"https:\/\/globalmedsonlineinc.com\/it\/wp-json\/wp\/v2\/product_cat?post=10551"},{"taxonomy":"product_tag","embeddable":true,"href":"https:\/\/globalmedsonlineinc.com\/it\/wp-json\/wp\/v2\/product_tag?post=10551"}],"curies":[{"name":"wp","href":"https:\/\/api.w.org\/{rel}","templated":true}]}}