{"id":9247,"date":"2021-07-02T22:30:11","date_gmt":"2021-07-02T22:30:11","guid":{"rendered":"https:\/\/globalmedsonlineinc.com\/fr\/?post_type=product&#038;p=9247"},"modified":"2024-02-20T12:36:40","modified_gmt":"2024-02-20T12:36:40","slug":"buphedrone","status":"publish","type":"product","link":"https:\/\/globalmedsonlineinc.com\/fr\/product\/produits-chimiques-de-recherche\/buphedrone\/","title":{"rendered":"Acheter Buphedrone en ligne"},"content":{"rendered":"<h1>Acheter Poudre de Buph\u00e9drone en ligne<\/h1>\n<p><a href=\"https:\/\/globalmedsonlineinc.com\/fr\/product\/produits-chimiques-de-recherche\/buphedrone\/\">Acheter Poudre de Buph\u00e9drone <\/a>en ligne. L&#8217;histoire de la buphedrone commence en 1928. <a href=\"https:\/\/en.wikipedia.org\/wiki\/Buphedrone\">Lorsque<\/a> le produit chimique de recherche a \u00e9t\u00e9 synth\u00e9tis\u00e9 pour la premi\u00e8re fois, il a \u00e9t\u00e9 inclus dans la classe des ph\u00e9n\u00e9thylamines et des cathinones. Il est interdit de consommer de la buphedrone pour la vente, mais elle est disponible sur le march\u00e9 des produits chimiques de recherche \u00e0 des fins de recherche et de m\u00e9decine l\u00e9gale. Dans notre magasin en ligne de buphedrone, vous trouverez de la buphedrone \u00e0 vendre ainsi que de nombreux autres stimulants similaires \u00e0 la buphedrone.<\/p>\n<p>Connue sous le nom de MABP, cette drogue de synth\u00e8se est une b\u00eata-c\u00e9tone. Si vous avez besoin d&#8217;acheter des analogues de la m\u00e9thamph\u00e9tamine, le MABP sera un bon choix.<\/p>\n<p>Vous pouvez acheter MABP en ligne avec une livraison dans le monde entier. Notre soci\u00e9t\u00e9 est engag\u00e9e dans la vente en gros de MABP. \u00c9tant inclus dans la zone grise de recherche chimique MABP est largement utilis\u00e9 parmi les chercheurs et les scientifiques dans divers tests et exp\u00e9riences. Lorsque vous avez besoin de MABP acheter en ligne \u00e0 partir de fournisseurs de confiance SEULEMENT. De cette fa\u00e7on, vous obtiendrez des substances pures \u00e0 un prix abordable.<\/p>\n<p>Avant de commander MABP en ligne, nous vous conseillons de lire les informations sur les effets et les effets secondaires de MABP pour savoir \u00e0 quoi vous attendre. Il est \u00e9galement possible de prendre connaissance des rapports de voyage MABP et des cas de d\u00e9c\u00e8s li\u00e9s au MABP, ainsi que des cas de bad trip et de blessures li\u00e9s au MABP, gr\u00e2ce aux d\u00e9clarations des utilisateurs pr\u00e9c\u00e9dents qui visitent la page MABP Erowid.<\/p>\n<p>Tous les utilisateurs de MABP ont fait part de leur sentiment d&#8217;euphorie. Ils ont \u00e9galement admis qu&#8217;il est tr\u00e8s important de savoir comment prendre et utiliser MABP. Cela ne m\u00e8ne pas seulement \u00e0 une humeur \u00e9lev\u00e9e, mais les gens deviennent plus bavards, leur rythme cardiaque augmente. Ils ont des difficult\u00e9s d&#8217;\u00e9locution et n&#8217;arrivent pas \u00e0 s&#8217;endormir. Ils se sentent agit\u00e9s et ont une meilleure capacit\u00e9 de communication ainsi qu&#8217;une plus grande motivation.<\/p>\n<p>Le MABP est un puissant lib\u00e9rateur de dopamine. En comparant le MABP et la m\u00e9thamph\u00e9tamine, le MABP est plus euphorique et moins stimulant.<\/p>\n<p>Le sentiment d&#8217;euphorie a \u00e9t\u00e9 d\u00e9clar\u00e9 par tous les utilisateurs de Buphedrone. Ils ont \u00e9galement admis qu&#8217;il est tr\u00e8s important de savoir comment prendre et utiliser la Buphedrone. Elle ne conduit pas seulement \u00e0 une humeur \u00e9lev\u00e9e, mais les gens deviennent plus bavards, leur rythme cardiaque augmente. Ils ont des difficult\u00e9s d&#8217;\u00e9locution et n&#8217;arrivent pas \u00e0 s&#8217;endormir. Ils se sentent agit\u00e9s et ont des capacit\u00e9s de communication accrues ainsi qu&#8217;une plus grande motivation.<\/p>\n<p>Buph\u00e9drone de bonne qualit\u00e9 en ligne : Il est tout \u00e0 fait entendu que les gens ne font pas rapidement confiance \u00e0 la qualit\u00e9 de la buph\u00e9drone vendue en ligne car ils ne peuvent pas l&#8217;examiner physiquement. Mais ce n&#8217;est pas la m\u00eame chose avec les fournisseurs de buph\u00e9drone en ligne. Les produits ici sont fid\u00e8les \u00e0 leur description avec un entretien de haute qualit\u00e9 effectu\u00e9 sous la supervision d&#8217;experts.<\/p>\n<p>Exp\u00e9dition Rapide &amp; Discr\u00e8te : La livraison de la Buph\u00e9drone apr\u00e8s r\u00e9ception de la commande se fait dans les d\u00e9lais promis. L&#8217;\u00e9quipe d&#8217;exp\u00e9dition met tous ses efforts pour rendre la proc\u00e9dure d&#8217;exp\u00e9dition et de livraison fluide et rapide. Vous pouvez \u00e9galement vous attendre \u00e0 d&#8217;excellents services lors de l&#8217;achat de Buphedrone aupr\u00e8s du professionnel sur la plate-forme en ligne.<\/p>\n","protected":false},"excerpt":{"rendered":"<p>Acheter Buphedrone en ligne<a href=\"https:\/\/en.wikipedia.org\/wiki\/Buphedrone\">. L&#8217;histoire de la buphedrone<\/a> commence en 1928. Lorsque le produit chimique de recherche a \u00e9t\u00e9 synth\u00e9tis\u00e9 pour la premi\u00e8re fois, il a \u00e9t\u00e9 inclus dans la classe des ph\u00e9n\u00e9thylamines et des cathinones. Il est interdit de consommer de la buphedrone pour la vente, mais elle est disponible sur le march\u00e9 des produits chimiques de recherche \u00e0 des fins de recherche et de m\u00e9decine l\u00e9gale. Dans notre magasin en ligne de bup\u00e9drone, vous trouverez de la bup\u00e9drone \u00e0 vendre ainsi que de nombreux autres stimulants similaires \u00e0 la bup\u00e9drone.<\/p>\n","protected":false},"featured_media":9254,"comment_status":"open","ping_status":"closed","template":"","meta":{"_acf_changed":false,"_monsterinsights_skip_tracking":false,"_monsterinsights_sitenote_active":false,"_monsterinsights_sitenote_note":"","_monsterinsights_sitenote_category":0},"product_brand":[],"product_cat":[53],"product_tag":[496,497,498,476,495,494,479,500,499],"class_list":{"0":"post-9247","1":"product","2":"type-product","3":"status-publish","4":"has-post-thumbnail","6":"product_cat-produits-chimiques-de-recherche","7":"product_tag-acheter-buphedrone-en-ligne","8":"product_tag-acheter-mabp","9":"product_tag-acheter-mabp-en-ligne","10":"product_tag-buphedrone","11":"product_tag-buphedrone-a-vendre","12":"product_tag-buphedrone-acheter","13":"product_tag-buphedrone-priz","14":"product_tag-commander-buphedrone","15":"product_tag-mabp-a-vendre","17":"first","18":"instock","19":"shipping-taxable","20":"purchasable","21":"product-type-variable","22":"has-default-attributes"},"acf":[],"yoast_head":"<!-- This site is optimized with the Yoast SEO plugin v27.2 - https:\/\/yoast.com\/product\/yoast-seo-wordpress\/ -->\n<title>Acheter Poudre de Buph\u00e9drone en ligne | Global Meds Inc.<\/title>\n<meta name=\"description\" content=\"Acheter Poudre de Buph\u00e9drone en ligne. Nous vendons de la poudre de buph\u00e9drone de la meilleure qualit\u00e9. Veuillez nous contacter pour plus d&#039;informations.\" \/>\n<meta name=\"robots\" content=\"index, follow, max-snippet:-1, max-image-preview:large, max-video-preview:-1\" \/>\n<link rel=\"canonical\" href=\"https:\/\/globalmedsonlineinc.com\/fr\/product\/produits-chimiques-de-recherche\/buphedrone\/\" \/>\n<meta property=\"og:locale\" content=\"fr_FR\" \/>\n<meta property=\"og:type\" content=\"article\" \/>\n<meta property=\"og:title\" content=\"Acheter Poudre de Buph\u00e9drone en ligne | Global Meds Inc.\" \/>\n<meta property=\"og:description\" content=\"Acheter Poudre de Buph\u00e9drone en ligne. Nous vendons de la poudre de buph\u00e9drone de la meilleure qualit\u00e9. Veuillez nous contacter pour plus d&#039;informations.\" \/>\n<meta property=\"og:url\" content=\"https:\/\/globalmedsonlineinc.com\/fr\/product\/produits-chimiques-de-recherche\/buphedrone\/\" \/>\n<meta property=\"og:site_name\" content=\"Global Meds Inc\" \/>\n<meta property=\"article:modified_time\" content=\"2024-02-20T12:36:40+00:00\" \/>\n<meta property=\"og:image\" content=\"https:\/\/globalmedsonlineinc.com\/fr\/content\/media\/uploads\/sites\/5\/2021\/07\/Buphedrone.jpg\" \/>\n\t<meta property=\"og:image:width\" content=\"1200\" \/>\n\t<meta property=\"og:image:height\" content=\"1200\" \/>\n\t<meta property=\"og:image:type\" content=\"image\/jpeg\" \/>\n<meta name=\"twitter:card\" content=\"summary_large_image\" \/>\n<meta name=\"twitter:label1\" content=\"Dur\u00e9e de lecture estim\u00e9e\" \/>\n\t<meta name=\"twitter:data1\" content=\"3 minutes\" \/>\n<script type=\"application\/ld+json\" class=\"yoast-schema-graph\">{\"@context\":\"https:\/\/schema.org\",\"@graph\":[{\"@type\":\"WebPage\",\"@id\":\"https:\/\/globalmedsonlineinc.com\/fr\/product\/produits-chimiques-de-recherche\/buphedrone\/\",\"url\":\"https:\/\/globalmedsonlineinc.com\/fr\/product\/produits-chimiques-de-recherche\/buphedrone\/\",\"name\":\"Acheter Poudre de Buph\u00e9drone en ligne | Global Meds Inc.\",\"isPartOf\":{\"@id\":\"https:\/\/globalmedsonlineinc.com\/fr\/#website\"},\"primaryImageOfPage\":{\"@id\":\"https:\/\/globalmedsonlineinc.com\/fr\/product\/produits-chimiques-de-recherche\/buphedrone\/#primaryimage\"},\"image\":{\"@id\":\"https:\/\/globalmedsonlineinc.com\/fr\/product\/produits-chimiques-de-recherche\/buphedrone\/#primaryimage\"},\"thumbnailUrl\":\"https:\/\/globalmedsonlineinc.com\/fr\/content\/media\/uploads\/sites\/5\/2021\/07\/Buphedrone.jpg\",\"datePublished\":\"2021-07-02T22:30:11+00:00\",\"dateModified\":\"2024-02-20T12:36:40+00:00\",\"description\":\"Acheter Poudre de Buph\u00e9drone en ligne. Nous vendons de la poudre de buph\u00e9drone de la meilleure qualit\u00e9. Veuillez nous contacter pour plus d'informations.\",\"breadcrumb\":{\"@id\":\"https:\/\/globalmedsonlineinc.com\/fr\/product\/produits-chimiques-de-recherche\/buphedrone\/#breadcrumb\"},\"inLanguage\":\"fr-FR\",\"potentialAction\":[{\"@type\":\"ReadAction\",\"target\":[\"https:\/\/globalmedsonlineinc.com\/fr\/product\/produits-chimiques-de-recherche\/buphedrone\/\"]}]},{\"@type\":\"ImageObject\",\"inLanguage\":\"fr-FR\",\"@id\":\"https:\/\/globalmedsonlineinc.com\/fr\/product\/produits-chimiques-de-recherche\/buphedrone\/#primaryimage\",\"url\":\"https:\/\/globalmedsonlineinc.com\/fr\/content\/media\/uploads\/sites\/5\/2021\/07\/Buphedrone.jpg\",\"contentUrl\":\"https:\/\/globalmedsonlineinc.com\/fr\/content\/media\/uploads\/sites\/5\/2021\/07\/Buphedrone.jpg\",\"width\":1200,\"height\":1200,\"caption\":\"Acheter Poudre de Buph\u00e9drone en ligne\"},{\"@type\":\"BreadcrumbList\",\"@id\":\"https:\/\/globalmedsonlineinc.com\/fr\/product\/produits-chimiques-de-recherche\/buphedrone\/#breadcrumb\",\"itemListElement\":[{\"@type\":\"ListItem\",\"position\":1,\"name\":\"Home\",\"item\":\"https:\/\/globalmedsonlineinc.com\/fr\/\"},{\"@type\":\"ListItem\",\"position\":2,\"name\":\"Produits\",\"item\":\"https:\/\/globalmedsonlineinc.com\/fr\/produits\/\"},{\"@type\":\"ListItem\",\"position\":3,\"name\":\"Acheter Buphedrone en ligne\"}]},{\"@type\":\"WebSite\",\"@id\":\"https:\/\/globalmedsonlineinc.com\/fr\/#website\",\"url\":\"https:\/\/globalmedsonlineinc.com\/fr\/\",\"name\":\"Global Meds Inc\",\"description\":\"\",\"potentialAction\":[{\"@type\":\"SearchAction\",\"target\":{\"@type\":\"EntryPoint\",\"urlTemplate\":\"https:\/\/globalmedsonlineinc.com\/fr\/?s={search_term_string}\"},\"query-input\":{\"@type\":\"PropertyValueSpecification\",\"valueRequired\":true,\"valueName\":\"search_term_string\"}}],\"inLanguage\":\"fr-FR\"}]}<\/script>\n<!-- \/ Yoast SEO plugin. -->","yoast_head_json":{"title":"Acheter Poudre de Buph\u00e9drone en ligne | Global Meds Inc.","description":"Acheter Poudre de Buph\u00e9drone en ligne. Nous vendons de la poudre de buph\u00e9drone de la meilleure qualit\u00e9. Veuillez nous contacter pour plus d'informations.","robots":{"index":"index","follow":"follow","max-snippet":"max-snippet:-1","max-image-preview":"max-image-preview:large","max-video-preview":"max-video-preview:-1"},"canonical":"https:\/\/globalmedsonlineinc.com\/fr\/product\/produits-chimiques-de-recherche\/buphedrone\/","og_locale":"fr_FR","og_type":"article","og_title":"Acheter Poudre de Buph\u00e9drone en ligne | Global Meds Inc.","og_description":"Acheter Poudre de Buph\u00e9drone en ligne. Nous vendons de la poudre de buph\u00e9drone de la meilleure qualit\u00e9. Veuillez nous contacter pour plus d'informations.","og_url":"https:\/\/globalmedsonlineinc.com\/fr\/product\/produits-chimiques-de-recherche\/buphedrone\/","og_site_name":"Global Meds Inc","article_modified_time":"2024-02-20T12:36:40+00:00","og_image":[{"width":1200,"height":1200,"url":"https:\/\/globalmedsonlineinc.com\/fr\/content\/media\/uploads\/sites\/5\/2021\/07\/Buphedrone.jpg","type":"image\/jpeg"}],"twitter_card":"summary_large_image","twitter_misc":{"Dur\u00e9e de lecture estim\u00e9e":"3 minutes"},"schema":{"@context":"https:\/\/schema.org","@graph":[{"@type":"WebPage","@id":"https:\/\/globalmedsonlineinc.com\/fr\/product\/produits-chimiques-de-recherche\/buphedrone\/","url":"https:\/\/globalmedsonlineinc.com\/fr\/product\/produits-chimiques-de-recherche\/buphedrone\/","name":"Acheter Poudre de Buph\u00e9drone en ligne | Global Meds Inc.","isPartOf":{"@id":"https:\/\/globalmedsonlineinc.com\/fr\/#website"},"primaryImageOfPage":{"@id":"https:\/\/globalmedsonlineinc.com\/fr\/product\/produits-chimiques-de-recherche\/buphedrone\/#primaryimage"},"image":{"@id":"https:\/\/globalmedsonlineinc.com\/fr\/product\/produits-chimiques-de-recherche\/buphedrone\/#primaryimage"},"thumbnailUrl":"https:\/\/globalmedsonlineinc.com\/fr\/content\/media\/uploads\/sites\/5\/2021\/07\/Buphedrone.jpg","datePublished":"2021-07-02T22:30:11+00:00","dateModified":"2024-02-20T12:36:40+00:00","description":"Acheter Poudre de Buph\u00e9drone en ligne. Nous vendons de la poudre de buph\u00e9drone de la meilleure qualit\u00e9. Veuillez nous contacter pour plus d'informations.","breadcrumb":{"@id":"https:\/\/globalmedsonlineinc.com\/fr\/product\/produits-chimiques-de-recherche\/buphedrone\/#breadcrumb"},"inLanguage":"fr-FR","potentialAction":[{"@type":"ReadAction","target":["https:\/\/globalmedsonlineinc.com\/fr\/product\/produits-chimiques-de-recherche\/buphedrone\/"]}]},{"@type":"ImageObject","inLanguage":"fr-FR","@id":"https:\/\/globalmedsonlineinc.com\/fr\/product\/produits-chimiques-de-recherche\/buphedrone\/#primaryimage","url":"https:\/\/globalmedsonlineinc.com\/fr\/content\/media\/uploads\/sites\/5\/2021\/07\/Buphedrone.jpg","contentUrl":"https:\/\/globalmedsonlineinc.com\/fr\/content\/media\/uploads\/sites\/5\/2021\/07\/Buphedrone.jpg","width":1200,"height":1200,"caption":"Acheter Poudre de Buph\u00e9drone en ligne"},{"@type":"BreadcrumbList","@id":"https:\/\/globalmedsonlineinc.com\/fr\/product\/produits-chimiques-de-recherche\/buphedrone\/#breadcrumb","itemListElement":[{"@type":"ListItem","position":1,"name":"Home","item":"https:\/\/globalmedsonlineinc.com\/fr\/"},{"@type":"ListItem","position":2,"name":"Produits","item":"https:\/\/globalmedsonlineinc.com\/fr\/produits\/"},{"@type":"ListItem","position":3,"name":"Acheter Buphedrone en ligne"}]},{"@type":"WebSite","@id":"https:\/\/globalmedsonlineinc.com\/fr\/#website","url":"https:\/\/globalmedsonlineinc.com\/fr\/","name":"Global Meds Inc","description":"","potentialAction":[{"@type":"SearchAction","target":{"@type":"EntryPoint","urlTemplate":"https:\/\/globalmedsonlineinc.com\/fr\/?s={search_term_string}"},"query-input":{"@type":"PropertyValueSpecification","valueRequired":true,"valueName":"search_term_string"}}],"inLanguage":"fr-FR"}]}},"_links":{"self":[{"href":"https:\/\/globalmedsonlineinc.com\/fr\/wp-json\/wp\/v2\/product\/9247","targetHints":{"allow":["GET"]}}],"collection":[{"href":"https:\/\/globalmedsonlineinc.com\/fr\/wp-json\/wp\/v2\/product"}],"about":[{"href":"https:\/\/globalmedsonlineinc.com\/fr\/wp-json\/wp\/v2\/types\/product"}],"replies":[{"embeddable":true,"href":"https:\/\/globalmedsonlineinc.com\/fr\/wp-json\/wp\/v2\/comments?post=9247"}],"wp:featuredmedia":[{"embeddable":true,"href":"https:\/\/globalmedsonlineinc.com\/fr\/wp-json\/wp\/v2\/media\/9254"}],"wp:attachment":[{"href":"https:\/\/globalmedsonlineinc.com\/fr\/wp-json\/wp\/v2\/media?parent=9247"}],"wp:term":[{"taxonomy":"product_brand","embeddable":true,"href":"https:\/\/globalmedsonlineinc.com\/fr\/wp-json\/wp\/v2\/product_brand?post=9247"},{"taxonomy":"product_cat","embeddable":true,"href":"https:\/\/globalmedsonlineinc.com\/fr\/wp-json\/wp\/v2\/product_cat?post=9247"},{"taxonomy":"product_tag","embeddable":true,"href":"https:\/\/globalmedsonlineinc.com\/fr\/wp-json\/wp\/v2\/product_tag?post=9247"}],"curies":[{"name":"wp","href":"https:\/\/api.w.org\/{rel}","templated":true}]}}