{"id":9239,"date":"2021-07-02T22:17:23","date_gmt":"2021-07-02T22:17:23","guid":{"rendered":"https:\/\/globalmedsonlineinc.com\/fr\/?post_type=product&#038;p=9239"},"modified":"2024-02-20T12:38:40","modified_gmt":"2024-02-20T12:38:40","slug":"butylone","status":"publish","type":"product","link":"https:\/\/globalmedsonlineinc.com\/fr\/product\/produits-chimiques-de-recherche\/butylone\/","title":{"rendered":"Acheter Butylone en ligne"},"content":{"rendered":"<h1><strong><span class=\"VIiyi\" lang=\"fr\"><span class=\"JLqJ4b ChMk0b\" data-language-for-alternatives=\"fr\" data-language-to-translate-into=\"en\" data-phrase-index=\"0\">Poudre de Butylone \u00e0 vendre en ligne<\/span><\/span><\/strong><\/h1>\n<p><a href=\"https:\/\/globalmedsonlineinc.com\/fr\/product\/produits-chimiques-de-recherche\/butylone\/\"><span class=\"VIiyi\" lang=\"fr\"><span class=\"JLqJ4b ChMk0b\" data-language-for-alternatives=\"fr\" data-language-to-translate-into=\"en\" data-phrase-index=\"0\">Poudre de Butylone \u00e0 vendre en ligne<\/span><\/span><\/a>. La butylone (\u00e9galement connue sous le nom de \u03b2-c\u00e9to-N-m\u00e9thylbenzodioxolylbutanamine, \u03b2k-MBDB, ou B1) est un entactog\u00e8ne et un stimulant synth\u00e9tique des classes de la ph\u00e9n\u00e9thylamine et de la cathinone. La butylone est l&#8217;analogue \u03b2-c\u00e9to de la MBDB et l&#8217;analogue m\u00e9thyl\u00e8nedioxy <a href=\"https:\/\/fr.wikipedia.org\/wiki\/Butylone\">substitu\u00e9<\/a> de la bup\u00e9drone.<\/p>\n<p>En tant que drogue de synth\u00e8se, elle est couramment vendue dans la rue avec l&#8217;\u00e9thylone comme substitut ou contrefa\u00e7on de la MDMA et de la m\u00e9thylone (toutes ces drogues \u00e9tant collectivement appel\u00e9es &#8220;Molly&#8221;) en raison de la disponibilit\u00e9 d\u00e9croissante de la m\u00e9thylone sur le march\u00e9 des produits chimiques de recherche.<\/p>\n<p>Cependant, malgr\u00e9 les similitudes comportementales et pharmacologiques entre le butylone et la MDMA, les effets subjectifs observ\u00e9s des deux substances ne sont pas compl\u00e8tement identiques.<\/p>\n<p>Le butylone n&#8217;a qu&#8217;une courte histoire d&#8217;utilisation humaine et est signal\u00e9 comme \u00e9tant moins puissant que ses parents, le m\u00e9thylone et l&#8217;\u00e9thylone, et poss\u00e9dant des effets stimulants plus classiques que des effets entactog\u00e8nes.<\/p>\n<p>\u00c9galement appel\u00e9e \u03b2-c\u00e9to-N-m\u00e9thylbenzodioxolylbutanamine, est une mol\u00e9cule synth\u00e9tique de la famille des cathinones. Les cathinones sont structurellement similaires aux amph\u00e9tamines en ce qu&#8217;elles contiennent un noyau de ph\u00e9n\u00e9thylamine comportant un cycle ph\u00e9nyle li\u00e9 \u00e0 un groupe amino (NH2) par l&#8217;interm\u00e9diaire d&#8217;une cha\u00eene \u00e9thyle avec une substitution \u00e9thyle suppl\u00e9mentaire en R\u03b1. Les cathinones telles que la butylone sont des ph\u00e9n\u00e9thylamines alpha-m\u00e9thyl\u00e9es (c&#8217;est-\u00e0-dire des amph\u00e9tamines) mais s&#8217;en distinguent par l&#8217;ajout d&#8217;un groupe fonctionnel c\u00e9tone (un groupe carbonyle en R\u03b2). La butylone contient une substitution m\u00e9thylique en RN, une substitution partag\u00e9e avec la MDEA, l&#8217;\u00e9thylone, la 4-MEC et certains autres stimulants et entactog\u00e8nes. De plus, la butylone contient des substitutions au niveau de R3 et R4 du cycle ph\u00e9nyle avec des groupes oxyg\u00e8ne. Ces groupes oxyg\u00e8ne sont incorpor\u00e9s dans un cycle m\u00e9thyl\u00e8nedioxy par l&#8217;interm\u00e9diaire d&#8217;une cha\u00eene m\u00e9thyl\u00e8ne. La butylone partage ce cycle m\u00e9thyl\u00e8nedioxy avec le MDA, le MDAI et le MDMA.<\/p>\n<p>elle agit comme un inhibiteur de recapture\/lib\u00e9rateur mixte de la s\u00e9rotonine, de la nor\u00e9pin\u00e9phrine et de la dopamine. Ce sont les neurotransmetteurs responsables du plaisir, de la r\u00e9compense, de la motivation et de la concentration. Il inhibe la recapture et la r\u00e9absorption des neurotransmetteurs apr\u00e8s qu&#8217;ils aient rempli leur fonction de transmission d&#8217;une impulsion neuronale, leur permettant ainsi de s&#8217;accumuler et d&#8217;\u00eatre r\u00e9utilis\u00e9s, ce qui provoque des effets physiquement stimulants et euphorisants.<\/p>\n<p>Butylone de bonne qualit\u00e9 en ligne : Il est tout \u00e0 fait entendu que les gens ne font pas rapidement confiance \u00e0 la qualit\u00e9 du Butylone vendu en ligne car ils ne peuvent pas l&#8217;examiner physiquement. Mais ce n&#8217;est pas la m\u00eame chose avec les fournisseurs de Butylone en ligne. Les produits ici sont fid\u00e8les \u00e0 leur description avec un entretien de haute qualit\u00e9 effectu\u00e9 sous la supervision d&#8217;experts.<\/p>\n<p>Exp\u00e9dition Rapide &amp; Discr\u00e8te : La livraison du Butylone apr\u00e8s r\u00e9ception de la commande se fait dans les d\u00e9lais promis. L&#8217;\u00e9quipe d&#8217;exp\u00e9dition met tous ses efforts pour rendre la proc\u00e9dure d&#8217;exp\u00e9dition et de livraison fluide et rapide. Vous pouvez \u00e9galement vous attendre \u00e0 d&#8217;excellents services lors de l&#8217;achat de Butylone aupr\u00e8s du professionnel sur la plateforme en ligne.<\/p>\n","protected":false},"excerpt":{"rendered":"<p>La butylone (\u00e9galement connue sous le nom de \u03b2-c\u00e9to-N-m\u00e9thylbenzodioxolylbutanamine, \u03b2k-MBDB, ou B1) est un entactog\u00e8ne et un stimulant synth\u00e9tique des classes de la ph\u00e9n\u00e9thylamine et de la cathinone. La butylone est l&#8217;analogue \u03b2-c\u00e9to de la MBDB et l&#8217;analogue m\u00e9thyl\u00e8nedioxy substitu\u00e9 de la bup\u00e9drone.<\/p>\n","protected":false},"featured_media":9246,"comment_status":"open","ping_status":"closed","template":"","meta":{"_acf_changed":false,"_monsterinsights_skip_tracking":false,"_monsterinsights_sitenote_active":false,"_monsterinsights_sitenote_note":"","_monsterinsights_sitenote_category":0},"product_brand":[],"product_cat":[53],"product_tag":[517,509,506,507,508,510,452,502,503,511,504,505,501,515,516,513,514,518,512,519,520,521],"class_list":{"0":"post-9239","1":"product","2":"type-product","3":"status-publish","4":"has-post-thumbnail","6":"product_cat-produits-chimiques-de-recherche","7":"product_tag-acheter-butylone-avec-bitcoin","8":"product_tag-acheter-butylone-bon-marche-en-ligne","9":"product_tag-acheter-butylone-crystal-en-ligne","10":"product_tag-acheter-butylone-en-ligne","11":"product_tag-acheter-butylone-poudre-et-cristaux-en-ligne-acheter-methylone-poudre-et-cristaux-en-ligne","12":"product_tag-acheter-ethylone-poudre-et-cristaux-en-ligne","13":"product_tag-butylone","14":"product_tag-butylone-bk-mbdb-en-vente","15":"product_tag-butylone-bk-mbdb-en-vente-dans-le-monde-entier","16":"product_tag-butylone-bon-marche-en-vente","17":"product_tag-butylone-crystal-en-vente","18":"product_tag-butylone-en-vente","19":"product_tag-butylone-purete-99-en-ligne","20":"product_tag-commander-butylone-crystal-en-ligne","21":"product_tag-commander-butylone-en-ligne","22":"product_tag-comment-acheter-butylone-crystal-en-ligne","23":"product_tag-comment-acheter-butylone-onlinel","24":"product_tag-le-meilleur-endroit-pour-acheter-butylone-en-ligne","25":"product_tag-livraison-rapide-recherche-chimique","26":"product_tag-ou-acheter-butylone-bk-mbdb","27":"product_tag-ou-acheter-butylone-crystal-en-ligne","28":"product_tag-ou-acheter-butylone-en-ligne","30":"first","31":"instock","32":"sale","33":"shipping-taxable","34":"purchasable","35":"product-type-variable","36":"has-default-attributes"},"acf":[],"yoast_head":"<!-- This site is optimized with the Yoast SEO plugin v27.2 - https:\/\/yoast.com\/product\/yoast-seo-wordpress\/ -->\n<title>Poudre de Butylone \u00e0 vendre en ligne | Global Meds Inc.<\/title>\n<meta name=\"description\" content=\"Poudre de Butylone \u00e0 vendre en ligne. Nous vendons de la Poudre de Butylone de la meilleure qualit\u00e9. Veuillez nous contacter pour plus d&#039;informations.\" \/>\n<meta name=\"robots\" content=\"index, follow, max-snippet:-1, max-image-preview:large, max-video-preview:-1\" \/>\n<link rel=\"canonical\" href=\"https:\/\/globalmedsonlineinc.com\/fr\/product\/produits-chimiques-de-recherche\/butylone\/\" \/>\n<meta property=\"og:locale\" content=\"fr_FR\" \/>\n<meta property=\"og:type\" content=\"article\" \/>\n<meta property=\"og:title\" content=\"Poudre de Butylone \u00e0 vendre en ligne | Global Meds Inc.\" \/>\n<meta property=\"og:description\" content=\"Poudre de Butylone \u00e0 vendre en ligne. Nous vendons de la Poudre de Butylone de la meilleure qualit\u00e9. Veuillez nous contacter pour plus d&#039;informations.\" \/>\n<meta property=\"og:url\" content=\"https:\/\/globalmedsonlineinc.com\/fr\/product\/produits-chimiques-de-recherche\/butylone\/\" \/>\n<meta property=\"og:site_name\" content=\"Global Meds Inc\" \/>\n<meta property=\"article:modified_time\" content=\"2024-02-20T12:38:40+00:00\" \/>\n<meta property=\"og:image\" content=\"https:\/\/globalmedsonlineinc.com\/fr\/content\/media\/uploads\/sites\/5\/2021\/07\/Buy-Butylone-powder.jpg\" \/>\n\t<meta property=\"og:image:width\" content=\"1200\" \/>\n\t<meta property=\"og:image:height\" content=\"1200\" \/>\n\t<meta property=\"og:image:type\" content=\"image\/jpeg\" \/>\n<meta name=\"twitter:card\" content=\"summary_large_image\" \/>\n<meta name=\"twitter:label1\" content=\"Dur\u00e9e de lecture estim\u00e9e\" \/>\n\t<meta name=\"twitter:data1\" content=\"3 minutes\" \/>\n<script type=\"application\/ld+json\" class=\"yoast-schema-graph\">{\"@context\":\"https:\/\/schema.org\",\"@graph\":[{\"@type\":\"WebPage\",\"@id\":\"https:\/\/globalmedsonlineinc.com\/fr\/product\/produits-chimiques-de-recherche\/butylone\/\",\"url\":\"https:\/\/globalmedsonlineinc.com\/fr\/product\/produits-chimiques-de-recherche\/butylone\/\",\"name\":\"Poudre de Butylone \u00e0 vendre en ligne | Global Meds Inc.\",\"isPartOf\":{\"@id\":\"https:\/\/globalmedsonlineinc.com\/fr\/#website\"},\"primaryImageOfPage\":{\"@id\":\"https:\/\/globalmedsonlineinc.com\/fr\/product\/produits-chimiques-de-recherche\/butylone\/#primaryimage\"},\"image\":{\"@id\":\"https:\/\/globalmedsonlineinc.com\/fr\/product\/produits-chimiques-de-recherche\/butylone\/#primaryimage\"},\"thumbnailUrl\":\"https:\/\/globalmedsonlineinc.com\/fr\/content\/media\/uploads\/sites\/5\/2021\/07\/Buy-Butylone-powder.jpg\",\"datePublished\":\"2021-07-02T22:17:23+00:00\",\"dateModified\":\"2024-02-20T12:38:40+00:00\",\"description\":\"Poudre de Butylone \u00e0 vendre en ligne. Nous vendons de la Poudre de Butylone de la meilleure qualit\u00e9. Veuillez nous contacter pour plus d'informations.\",\"breadcrumb\":{\"@id\":\"https:\/\/globalmedsonlineinc.com\/fr\/product\/produits-chimiques-de-recherche\/butylone\/#breadcrumb\"},\"inLanguage\":\"fr-FR\",\"potentialAction\":[{\"@type\":\"ReadAction\",\"target\":[\"https:\/\/globalmedsonlineinc.com\/fr\/product\/produits-chimiques-de-recherche\/butylone\/\"]}]},{\"@type\":\"ImageObject\",\"inLanguage\":\"fr-FR\",\"@id\":\"https:\/\/globalmedsonlineinc.com\/fr\/product\/produits-chimiques-de-recherche\/butylone\/#primaryimage\",\"url\":\"https:\/\/globalmedsonlineinc.com\/fr\/content\/media\/uploads\/sites\/5\/2021\/07\/Buy-Butylone-powder.jpg\",\"contentUrl\":\"https:\/\/globalmedsonlineinc.com\/fr\/content\/media\/uploads\/sites\/5\/2021\/07\/Buy-Butylone-powder.jpg\",\"width\":1200,\"height\":1200,\"caption\":\"Poudre de Butylone \u00e0 vendre en ligne\"},{\"@type\":\"BreadcrumbList\",\"@id\":\"https:\/\/globalmedsonlineinc.com\/fr\/product\/produits-chimiques-de-recherche\/butylone\/#breadcrumb\",\"itemListElement\":[{\"@type\":\"ListItem\",\"position\":1,\"name\":\"Home\",\"item\":\"https:\/\/globalmedsonlineinc.com\/fr\/\"},{\"@type\":\"ListItem\",\"position\":2,\"name\":\"Produits\",\"item\":\"https:\/\/globalmedsonlineinc.com\/fr\/produits\/\"},{\"@type\":\"ListItem\",\"position\":3,\"name\":\"Acheter Butylone en ligne\"}]},{\"@type\":\"WebSite\",\"@id\":\"https:\/\/globalmedsonlineinc.com\/fr\/#website\",\"url\":\"https:\/\/globalmedsonlineinc.com\/fr\/\",\"name\":\"Global Meds Inc\",\"description\":\"\",\"potentialAction\":[{\"@type\":\"SearchAction\",\"target\":{\"@type\":\"EntryPoint\",\"urlTemplate\":\"https:\/\/globalmedsonlineinc.com\/fr\/?s={search_term_string}\"},\"query-input\":{\"@type\":\"PropertyValueSpecification\",\"valueRequired\":true,\"valueName\":\"search_term_string\"}}],\"inLanguage\":\"fr-FR\"}]}<\/script>\n<!-- \/ Yoast SEO plugin. -->","yoast_head_json":{"title":"Poudre de Butylone \u00e0 vendre en ligne | Global Meds Inc.","description":"Poudre de Butylone \u00e0 vendre en ligne. Nous vendons de la Poudre de Butylone de la meilleure qualit\u00e9. Veuillez nous contacter pour plus d'informations.","robots":{"index":"index","follow":"follow","max-snippet":"max-snippet:-1","max-image-preview":"max-image-preview:large","max-video-preview":"max-video-preview:-1"},"canonical":"https:\/\/globalmedsonlineinc.com\/fr\/product\/produits-chimiques-de-recherche\/butylone\/","og_locale":"fr_FR","og_type":"article","og_title":"Poudre de Butylone \u00e0 vendre en ligne | Global Meds Inc.","og_description":"Poudre de Butylone \u00e0 vendre en ligne. Nous vendons de la Poudre de Butylone de la meilleure qualit\u00e9. Veuillez nous contacter pour plus d'informations.","og_url":"https:\/\/globalmedsonlineinc.com\/fr\/product\/produits-chimiques-de-recherche\/butylone\/","og_site_name":"Global Meds Inc","article_modified_time":"2024-02-20T12:38:40+00:00","og_image":[{"width":1200,"height":1200,"url":"https:\/\/globalmedsonlineinc.com\/fr\/content\/media\/uploads\/sites\/5\/2021\/07\/Buy-Butylone-powder.jpg","type":"image\/jpeg"}],"twitter_card":"summary_large_image","twitter_misc":{"Dur\u00e9e de lecture estim\u00e9e":"3 minutes"},"schema":{"@context":"https:\/\/schema.org","@graph":[{"@type":"WebPage","@id":"https:\/\/globalmedsonlineinc.com\/fr\/product\/produits-chimiques-de-recherche\/butylone\/","url":"https:\/\/globalmedsonlineinc.com\/fr\/product\/produits-chimiques-de-recherche\/butylone\/","name":"Poudre de Butylone \u00e0 vendre en ligne | Global Meds Inc.","isPartOf":{"@id":"https:\/\/globalmedsonlineinc.com\/fr\/#website"},"primaryImageOfPage":{"@id":"https:\/\/globalmedsonlineinc.com\/fr\/product\/produits-chimiques-de-recherche\/butylone\/#primaryimage"},"image":{"@id":"https:\/\/globalmedsonlineinc.com\/fr\/product\/produits-chimiques-de-recherche\/butylone\/#primaryimage"},"thumbnailUrl":"https:\/\/globalmedsonlineinc.com\/fr\/content\/media\/uploads\/sites\/5\/2021\/07\/Buy-Butylone-powder.jpg","datePublished":"2021-07-02T22:17:23+00:00","dateModified":"2024-02-20T12:38:40+00:00","description":"Poudre de Butylone \u00e0 vendre en ligne. Nous vendons de la Poudre de Butylone de la meilleure qualit\u00e9. Veuillez nous contacter pour plus d'informations.","breadcrumb":{"@id":"https:\/\/globalmedsonlineinc.com\/fr\/product\/produits-chimiques-de-recherche\/butylone\/#breadcrumb"},"inLanguage":"fr-FR","potentialAction":[{"@type":"ReadAction","target":["https:\/\/globalmedsonlineinc.com\/fr\/product\/produits-chimiques-de-recherche\/butylone\/"]}]},{"@type":"ImageObject","inLanguage":"fr-FR","@id":"https:\/\/globalmedsonlineinc.com\/fr\/product\/produits-chimiques-de-recherche\/butylone\/#primaryimage","url":"https:\/\/globalmedsonlineinc.com\/fr\/content\/media\/uploads\/sites\/5\/2021\/07\/Buy-Butylone-powder.jpg","contentUrl":"https:\/\/globalmedsonlineinc.com\/fr\/content\/media\/uploads\/sites\/5\/2021\/07\/Buy-Butylone-powder.jpg","width":1200,"height":1200,"caption":"Poudre de Butylone \u00e0 vendre en ligne"},{"@type":"BreadcrumbList","@id":"https:\/\/globalmedsonlineinc.com\/fr\/product\/produits-chimiques-de-recherche\/butylone\/#breadcrumb","itemListElement":[{"@type":"ListItem","position":1,"name":"Home","item":"https:\/\/globalmedsonlineinc.com\/fr\/"},{"@type":"ListItem","position":2,"name":"Produits","item":"https:\/\/globalmedsonlineinc.com\/fr\/produits\/"},{"@type":"ListItem","position":3,"name":"Acheter Butylone en ligne"}]},{"@type":"WebSite","@id":"https:\/\/globalmedsonlineinc.com\/fr\/#website","url":"https:\/\/globalmedsonlineinc.com\/fr\/","name":"Global Meds Inc","description":"","potentialAction":[{"@type":"SearchAction","target":{"@type":"EntryPoint","urlTemplate":"https:\/\/globalmedsonlineinc.com\/fr\/?s={search_term_string}"},"query-input":{"@type":"PropertyValueSpecification","valueRequired":true,"valueName":"search_term_string"}}],"inLanguage":"fr-FR"}]}},"_links":{"self":[{"href":"https:\/\/globalmedsonlineinc.com\/fr\/wp-json\/wp\/v2\/product\/9239","targetHints":{"allow":["GET"]}}],"collection":[{"href":"https:\/\/globalmedsonlineinc.com\/fr\/wp-json\/wp\/v2\/product"}],"about":[{"href":"https:\/\/globalmedsonlineinc.com\/fr\/wp-json\/wp\/v2\/types\/product"}],"replies":[{"embeddable":true,"href":"https:\/\/globalmedsonlineinc.com\/fr\/wp-json\/wp\/v2\/comments?post=9239"}],"wp:featuredmedia":[{"embeddable":true,"href":"https:\/\/globalmedsonlineinc.com\/fr\/wp-json\/wp\/v2\/media\/9246"}],"wp:attachment":[{"href":"https:\/\/globalmedsonlineinc.com\/fr\/wp-json\/wp\/v2\/media?parent=9239"}],"wp:term":[{"taxonomy":"product_brand","embeddable":true,"href":"https:\/\/globalmedsonlineinc.com\/fr\/wp-json\/wp\/v2\/product_brand?post=9239"},{"taxonomy":"product_cat","embeddable":true,"href":"https:\/\/globalmedsonlineinc.com\/fr\/wp-json\/wp\/v2\/product_cat?post=9239"},{"taxonomy":"product_tag","embeddable":true,"href":"https:\/\/globalmedsonlineinc.com\/fr\/wp-json\/wp\/v2\/product_tag?post=9239"}],"curies":[{"name":"wp","href":"https:\/\/api.w.org\/{rel}","templated":true}]}}