{"id":9223,"date":"2021-07-02T21:32:15","date_gmt":"2021-07-02T21:32:15","guid":{"rendered":"https:\/\/globalmedsonlineinc.com\/fr\/?post_type=product&#038;p=9223"},"modified":"2024-02-20T12:41:40","modified_gmt":"2024-02-20T12:41:40","slug":"mdai","status":"publish","type":"product","link":"https:\/\/globalmedsonlineinc.com\/fr\/product\/produits-chimiques-de-recherche\/mdai\/","title":{"rendered":"Achetez MDAI en ligne"},"content":{"rendered":"<h1><span class=\"VIiyi\" lang=\"fr\"><span class=\"JLqJ4b ChMk0b\" data-language-for-alternatives=\"fr\" data-language-to-translate-into=\"en\" data-phrase-index=\"1\">Cristal MDAI \u00e0 vendre en ligne<\/span><\/span><\/h1>\n<p><a href=\"https:\/\/globalmedsonlineinc.com\/fr\/product\/produits-chimiques-de-recherche\/mdai\/\">Cristal MDAI \u00e0 vendre en ligne<\/a>. Le MDAI et toutes les autres ph\u00e9n\u00e9thylamines vendues sur ce site sont propos\u00e9s pour la recherche et les applications scientifiques. L&#8217;examen synth\u00e9tique appel\u00e9 MDA.I est un m\u00e9dicament d&#8217;architecte avec des impacts physiologiques et psychoactifs possibles et a l&#8217;\u00e9quation subatomique C10H11NO2 &#8211; HCl. Le poids de l&#8217;\u00e9quation a la valeur 213,7 g\/mol. Achetez MDAI sur le web.<\/p>\n<p>Les filiales de la ph\u00e9n\u00e9thylamine, par exemple le 5,6-m\u00e9thyl\u00e8nedioxy-2-aminoindan, peuvent avoir des propri\u00e9t\u00e9s \u00e9nergisantes et entactog\u00e8nes. Achetez du MDAI sur le web.<\/p>\n<p>Le 6,7-Dihydro-5H-indeno[5,6-d]-1,3-dioxol-6-amine, monohydrochlorure et tout autre m\u00e9dicament cr\u00e9ateur vendu sur ce site sont propos\u00e9s pour la recherche et les applications mesurables.<\/p>\n<p>Veuillez conserver cette ph\u00e9n\u00e9thylamine dans un endroit frais et sec. La s\u00e9curit\u00e9 du compos\u00e9 de ph\u00e9n\u00e9thylamine MDA.I est de 2 ans dans des conditions de capacit\u00e9 l\u00e9gitimes. Achetez MDA.I sur le web.<\/p>\n<p>Pourquoi acheter du MDA.I chez nous ?<\/p>\n<p>\u2605 Nous avons une longue histoire d&#8217;\u00e9change sur le march\u00e9, <a href=\"https:\/\/en.wikipedia.org\/wiki\/MDAI#:~:text=MDAI%20(5%2C6-methylenedioxy,produces%20entactogen%20effects%20in%20humans.\">vous<\/a> profiterez donc de notre exp\u00e9rience.<\/p>\n<p>\u2605 MDAI a \u00e9t\u00e9 test\u00e9 et v\u00e9rifi\u00e9.<\/p>\n<p>\u2605 Vous pouvez acheter MDAI en utilisant Bitcoin, MoneyGram et Western Union ou par virement bancaire.<\/p>\n<p>Que recevez-vous lorsque vous achetez MDA.I chez nous ?<\/p>\n<p>&#8211; Une pochette fixe en aluminium contenant la 6,7-dihydro-5H-indeno[5,6-d]-1,3-dioxole-6-amine, monohydrochlorure de recherche synth\u00e9tique de la plus grande qualit\u00e9.<\/p>\n<p>&#8211; Recette pure et solide comme du verre<\/p>\n<p>&#8211; \u226598% d&#8217;immacul\u00e9<\/p>\n<p>Nous offrons un service acc\u00e9l\u00e9r\u00e9 entre 1 et 2 jours universellement. Nos envois sont 100% soign\u00e9s et express, ce qui garantit la s\u00e9curit\u00e9 de tous les clients et de toutes les liasses d&#8217;envois, et fait de nos affaires un v\u00e9ritable triomphe.<\/p>\n<p>MDAI de bonne qualit\u00e9 en ligne : Il est tout \u00e0 fait entendu que les gens ne font pas rapidement confiance \u00e0 la qualit\u00e9 du MDAI en ligne vendu en ligne car ils ne peuvent pas l&#8217;examiner physiquement. Mais ce n&#8217;est pas la m\u00eame chose avec les fournisseurs en ligne Online MDAI. Les produits ici sont fid\u00e8les \u00e0 leur description avec un entretien de haute qualit\u00e9 effectu\u00e9 sous la supervision d&#8217;experts.<\/p>\n<p>Exp\u00e9dition Rapide &amp; Discr\u00e8te : La livraison du MDAI en ligne apr\u00e8s r\u00e9ception de la commande se fait dans les d\u00e9lais promis. L&#8217;\u00e9quipe d&#8217;exp\u00e9dition met tous ses efforts pour rendre la proc\u00e9dure d&#8217;exp\u00e9dition et de livraison fluide et rapide. Vous pouvez \u00e9galement vous attendre \u00e0 d&#8217;excellents services lors de l&#8217;achat de MDAI en ligne aupr\u00e8s du professionnel sur la plate-forme en ligne.<\/p>\n","protected":false},"excerpt":{"rendered":"<p>Le MDAI vendu en ligne a pour nom complet IUPAC 6,7-dihydro-5H-indeno[5,6-d]-1,3-dioxol-6-amine, monohydrochloride qui appartient \u00e0 une classe de produits chimiques de recherche de type ph\u00e9n\u00e9thylamine.<br \/>\nLe MDAI pourrait avoir des propri\u00e9t\u00e9s entactog\u00e8nes et stimulantes.<\/p>\n","protected":false},"featured_media":9230,"comment_status":"open","ping_status":"closed","template":"","meta":{"_acf_changed":false,"_monsterinsights_skip_tracking":false,"_monsterinsights_sitenote_active":false,"_monsterinsights_sitenote_note":"","_monsterinsights_sitenote_category":0},"product_brand":[],"product_cat":[53],"product_tag":[523,529,530,524,525,527,526,528],"class_list":{"0":"post-9223","1":"product","2":"type-product","3":"status-publish","4":"has-post-thumbnail","6":"product_cat-produits-chimiques-de-recherche","7":"product_tag-acheter-mdai-en-ligne","8":"product_tag-commander-mdai","9":"product_tag-commander-mdai-en-ligne","10":"product_tag-comment-obtenir-mdai","11":"product_tag-mdai-a-vendre","12":"product_tag-mdai-a-vendre-a-letranger","13":"product_tag-mdai-a-vendre-sans-ordonnance","14":"product_tag-mdai-valeur-marchande","16":"first","17":"instock","18":"shipping-taxable","19":"purchasable","20":"product-type-variable","21":"has-default-attributes"},"acf":[],"yoast_head":"<!-- This site is optimized with the Yoast SEO plugin v27.2 - https:\/\/yoast.com\/product\/yoast-seo-wordpress\/ -->\n<title>Cristal MDAI \u00e0 vendre en ligne | Global Meds Inc.<\/title>\n<meta name=\"description\" content=\"Cristal MDAI \u00e0 vendre en ligne. Nous vendons du cristal MDAI de la meilleure qualit\u00e9. Veuillez nous contacter pour plus d&#039;informations et les tarifs.\" \/>\n<meta name=\"robots\" content=\"index, follow, max-snippet:-1, max-image-preview:large, max-video-preview:-1\" \/>\n<link rel=\"canonical\" href=\"https:\/\/globalmedsonlineinc.com\/fr\/product\/produits-chimiques-de-recherche\/mdai\/\" \/>\n<meta property=\"og:locale\" content=\"fr_FR\" \/>\n<meta property=\"og:type\" content=\"article\" \/>\n<meta property=\"og:title\" content=\"Cristal MDAI \u00e0 vendre en ligne | Global Meds Inc.\" \/>\n<meta property=\"og:description\" content=\"Cristal MDAI \u00e0 vendre en ligne. Nous vendons du cristal MDAI de la meilleure qualit\u00e9. Veuillez nous contacter pour plus d&#039;informations et les tarifs.\" \/>\n<meta property=\"og:url\" content=\"https:\/\/globalmedsonlineinc.com\/fr\/product\/produits-chimiques-de-recherche\/mdai\/\" \/>\n<meta property=\"og:site_name\" content=\"Global Meds Inc\" \/>\n<meta property=\"article:modified_time\" content=\"2024-02-20T12:41:40+00:00\" \/>\n<meta property=\"og:image\" content=\"https:\/\/globalmedsonlineinc.com\/fr\/content\/media\/uploads\/sites\/5\/2021\/07\/MDAI.jpg\" \/>\n\t<meta property=\"og:image:width\" content=\"1200\" \/>\n\t<meta property=\"og:image:height\" content=\"1200\" \/>\n\t<meta property=\"og:image:type\" content=\"image\/jpeg\" \/>\n<meta name=\"twitter:card\" content=\"summary_large_image\" \/>\n<meta name=\"twitter:label1\" content=\"Dur\u00e9e de lecture estim\u00e9e\" \/>\n\t<meta name=\"twitter:data1\" content=\"3 minutes\" \/>\n<script type=\"application\/ld+json\" class=\"yoast-schema-graph\">{\"@context\":\"https:\/\/schema.org\",\"@graph\":[{\"@type\":\"WebPage\",\"@id\":\"https:\/\/globalmedsonlineinc.com\/fr\/product\/produits-chimiques-de-recherche\/mdai\/\",\"url\":\"https:\/\/globalmedsonlineinc.com\/fr\/product\/produits-chimiques-de-recherche\/mdai\/\",\"name\":\"Cristal MDAI \u00e0 vendre en ligne | Global Meds Inc.\",\"isPartOf\":{\"@id\":\"https:\/\/globalmedsonlineinc.com\/fr\/#website\"},\"primaryImageOfPage\":{\"@id\":\"https:\/\/globalmedsonlineinc.com\/fr\/product\/produits-chimiques-de-recherche\/mdai\/#primaryimage\"},\"image\":{\"@id\":\"https:\/\/globalmedsonlineinc.com\/fr\/product\/produits-chimiques-de-recherche\/mdai\/#primaryimage\"},\"thumbnailUrl\":\"https:\/\/globalmedsonlineinc.com\/fr\/content\/media\/uploads\/sites\/5\/2021\/07\/MDAI.jpg\",\"datePublished\":\"2021-07-02T21:32:15+00:00\",\"dateModified\":\"2024-02-20T12:41:40+00:00\",\"description\":\"Cristal MDAI \u00e0 vendre en ligne. Nous vendons du cristal MDAI de la meilleure qualit\u00e9. Veuillez nous contacter pour plus d'informations et les tarifs.\",\"breadcrumb\":{\"@id\":\"https:\/\/globalmedsonlineinc.com\/fr\/product\/produits-chimiques-de-recherche\/mdai\/#breadcrumb\"},\"inLanguage\":\"fr-FR\",\"potentialAction\":[{\"@type\":\"ReadAction\",\"target\":[\"https:\/\/globalmedsonlineinc.com\/fr\/product\/produits-chimiques-de-recherche\/mdai\/\"]}]},{\"@type\":\"ImageObject\",\"inLanguage\":\"fr-FR\",\"@id\":\"https:\/\/globalmedsonlineinc.com\/fr\/product\/produits-chimiques-de-recherche\/mdai\/#primaryimage\",\"url\":\"https:\/\/globalmedsonlineinc.com\/fr\/content\/media\/uploads\/sites\/5\/2021\/07\/MDAI.jpg\",\"contentUrl\":\"https:\/\/globalmedsonlineinc.com\/fr\/content\/media\/uploads\/sites\/5\/2021\/07\/MDAI.jpg\",\"width\":1200,\"height\":1200,\"caption\":\"Cristal MDAI \u00e0 vendre en ligne\"},{\"@type\":\"BreadcrumbList\",\"@id\":\"https:\/\/globalmedsonlineinc.com\/fr\/product\/produits-chimiques-de-recherche\/mdai\/#breadcrumb\",\"itemListElement\":[{\"@type\":\"ListItem\",\"position\":1,\"name\":\"Home\",\"item\":\"https:\/\/globalmedsonlineinc.com\/fr\/\"},{\"@type\":\"ListItem\",\"position\":2,\"name\":\"Produits\",\"item\":\"https:\/\/globalmedsonlineinc.com\/fr\/produits\/\"},{\"@type\":\"ListItem\",\"position\":3,\"name\":\"Achetez MDAI en ligne\"}]},{\"@type\":\"WebSite\",\"@id\":\"https:\/\/globalmedsonlineinc.com\/fr\/#website\",\"url\":\"https:\/\/globalmedsonlineinc.com\/fr\/\",\"name\":\"Global Meds Inc\",\"description\":\"\",\"potentialAction\":[{\"@type\":\"SearchAction\",\"target\":{\"@type\":\"EntryPoint\",\"urlTemplate\":\"https:\/\/globalmedsonlineinc.com\/fr\/?s={search_term_string}\"},\"query-input\":{\"@type\":\"PropertyValueSpecification\",\"valueRequired\":true,\"valueName\":\"search_term_string\"}}],\"inLanguage\":\"fr-FR\"}]}<\/script>\n<!-- \/ Yoast SEO plugin. -->","yoast_head_json":{"title":"Cristal MDAI \u00e0 vendre en ligne | Global Meds Inc.","description":"Cristal MDAI \u00e0 vendre en ligne. Nous vendons du cristal MDAI de la meilleure qualit\u00e9. Veuillez nous contacter pour plus d'informations et les tarifs.","robots":{"index":"index","follow":"follow","max-snippet":"max-snippet:-1","max-image-preview":"max-image-preview:large","max-video-preview":"max-video-preview:-1"},"canonical":"https:\/\/globalmedsonlineinc.com\/fr\/product\/produits-chimiques-de-recherche\/mdai\/","og_locale":"fr_FR","og_type":"article","og_title":"Cristal MDAI \u00e0 vendre en ligne | Global Meds Inc.","og_description":"Cristal MDAI \u00e0 vendre en ligne. Nous vendons du cristal MDAI de la meilleure qualit\u00e9. Veuillez nous contacter pour plus d'informations et les tarifs.","og_url":"https:\/\/globalmedsonlineinc.com\/fr\/product\/produits-chimiques-de-recherche\/mdai\/","og_site_name":"Global Meds Inc","article_modified_time":"2024-02-20T12:41:40+00:00","og_image":[{"width":1200,"height":1200,"url":"https:\/\/globalmedsonlineinc.com\/fr\/content\/media\/uploads\/sites\/5\/2021\/07\/MDAI.jpg","type":"image\/jpeg"}],"twitter_card":"summary_large_image","twitter_misc":{"Dur\u00e9e de lecture estim\u00e9e":"3 minutes"},"schema":{"@context":"https:\/\/schema.org","@graph":[{"@type":"WebPage","@id":"https:\/\/globalmedsonlineinc.com\/fr\/product\/produits-chimiques-de-recherche\/mdai\/","url":"https:\/\/globalmedsonlineinc.com\/fr\/product\/produits-chimiques-de-recherche\/mdai\/","name":"Cristal MDAI \u00e0 vendre en ligne | Global Meds Inc.","isPartOf":{"@id":"https:\/\/globalmedsonlineinc.com\/fr\/#website"},"primaryImageOfPage":{"@id":"https:\/\/globalmedsonlineinc.com\/fr\/product\/produits-chimiques-de-recherche\/mdai\/#primaryimage"},"image":{"@id":"https:\/\/globalmedsonlineinc.com\/fr\/product\/produits-chimiques-de-recherche\/mdai\/#primaryimage"},"thumbnailUrl":"https:\/\/globalmedsonlineinc.com\/fr\/content\/media\/uploads\/sites\/5\/2021\/07\/MDAI.jpg","datePublished":"2021-07-02T21:32:15+00:00","dateModified":"2024-02-20T12:41:40+00:00","description":"Cristal MDAI \u00e0 vendre en ligne. Nous vendons du cristal MDAI de la meilleure qualit\u00e9. Veuillez nous contacter pour plus d'informations et les tarifs.","breadcrumb":{"@id":"https:\/\/globalmedsonlineinc.com\/fr\/product\/produits-chimiques-de-recherche\/mdai\/#breadcrumb"},"inLanguage":"fr-FR","potentialAction":[{"@type":"ReadAction","target":["https:\/\/globalmedsonlineinc.com\/fr\/product\/produits-chimiques-de-recherche\/mdai\/"]}]},{"@type":"ImageObject","inLanguage":"fr-FR","@id":"https:\/\/globalmedsonlineinc.com\/fr\/product\/produits-chimiques-de-recherche\/mdai\/#primaryimage","url":"https:\/\/globalmedsonlineinc.com\/fr\/content\/media\/uploads\/sites\/5\/2021\/07\/MDAI.jpg","contentUrl":"https:\/\/globalmedsonlineinc.com\/fr\/content\/media\/uploads\/sites\/5\/2021\/07\/MDAI.jpg","width":1200,"height":1200,"caption":"Cristal MDAI \u00e0 vendre en ligne"},{"@type":"BreadcrumbList","@id":"https:\/\/globalmedsonlineinc.com\/fr\/product\/produits-chimiques-de-recherche\/mdai\/#breadcrumb","itemListElement":[{"@type":"ListItem","position":1,"name":"Home","item":"https:\/\/globalmedsonlineinc.com\/fr\/"},{"@type":"ListItem","position":2,"name":"Produits","item":"https:\/\/globalmedsonlineinc.com\/fr\/produits\/"},{"@type":"ListItem","position":3,"name":"Achetez MDAI en ligne"}]},{"@type":"WebSite","@id":"https:\/\/globalmedsonlineinc.com\/fr\/#website","url":"https:\/\/globalmedsonlineinc.com\/fr\/","name":"Global Meds Inc","description":"","potentialAction":[{"@type":"SearchAction","target":{"@type":"EntryPoint","urlTemplate":"https:\/\/globalmedsonlineinc.com\/fr\/?s={search_term_string}"},"query-input":{"@type":"PropertyValueSpecification","valueRequired":true,"valueName":"search_term_string"}}],"inLanguage":"fr-FR"}]}},"_links":{"self":[{"href":"https:\/\/globalmedsonlineinc.com\/fr\/wp-json\/wp\/v2\/product\/9223","targetHints":{"allow":["GET"]}}],"collection":[{"href":"https:\/\/globalmedsonlineinc.com\/fr\/wp-json\/wp\/v2\/product"}],"about":[{"href":"https:\/\/globalmedsonlineinc.com\/fr\/wp-json\/wp\/v2\/types\/product"}],"replies":[{"embeddable":true,"href":"https:\/\/globalmedsonlineinc.com\/fr\/wp-json\/wp\/v2\/comments?post=9223"}],"wp:featuredmedia":[{"embeddable":true,"href":"https:\/\/globalmedsonlineinc.com\/fr\/wp-json\/wp\/v2\/media\/9230"}],"wp:attachment":[{"href":"https:\/\/globalmedsonlineinc.com\/fr\/wp-json\/wp\/v2\/media?parent=9223"}],"wp:term":[{"taxonomy":"product_brand","embeddable":true,"href":"https:\/\/globalmedsonlineinc.com\/fr\/wp-json\/wp\/v2\/product_brand?post=9223"},{"taxonomy":"product_cat","embeddable":true,"href":"https:\/\/globalmedsonlineinc.com\/fr\/wp-json\/wp\/v2\/product_cat?post=9223"},{"taxonomy":"product_tag","embeddable":true,"href":"https:\/\/globalmedsonlineinc.com\/fr\/wp-json\/wp\/v2\/product_tag?post=9223"}],"curies":[{"name":"wp","href":"https:\/\/api.w.org\/{rel}","templated":true}]}}