{"id":9208,"date":"2021-07-02T21:05:42","date_gmt":"2021-07-02T21:05:42","guid":{"rendered":"https:\/\/globalmedsonlineinc.com\/fr\/?post_type=product&#038;p=9208"},"modified":"2024-02-20T12:44:04","modified_gmt":"2024-02-20T12:44:04","slug":"jwh-250","status":"publish","type":"product","link":"https:\/\/globalmedsonlineinc.com\/fr\/product\/produits-chimiques-de-recherche\/jwh-250\/","title":{"rendered":"Achetez JWH-250 en ligne"},"content":{"rendered":"<h1><span class=\"VIiyi\" lang=\"fr\"><span class=\"JLqJ4b ChMk0b\" data-language-for-alternatives=\"fr\" data-language-to-translate-into=\"en\" data-phrase-index=\"0\">Poudre JWH-250 \u00e0 vendre en ligne<\/span><\/span><\/h1>\n<p><a href=\"https:\/\/globalmedsonlineinc.com\/fr\/product\/produits-chimiques-de-recherche\/jwh-250\/\"><span class=\"VIiyi\" lang=\"fr\"><span class=\"JLqJ4b ChMk0b\" data-language-for-alternatives=\"fr\" data-language-to-translate-into=\"en\" data-phrase-index=\"0\">Poudre JWH-250 \u00e0 vendre en ligne<\/span><\/span><\/a>. Le JWH-250 est un agoniste des r\u00e9cepteurs cannabino\u00efdes manufactur\u00e9s qui a \u00e9t\u00e9 identifi\u00e9 dans des articles depuis la derni\u00e8re partie des ann\u00e9es 2000. Il a \u00e9t\u00e9 cr\u00e9\u00e9 par le Dr John W. Huffman et un rapport \u00e0 son sujet a \u00e9t\u00e9 distribu\u00e9 en 2005 par Huffman et al.<\/p>\n<p>Le m\u00e9dicament est un ph\u00e9nylac\u00e9tylindole et il agit comme un agoniste des r\u00e9cepteurs CB1 et CB2. Il a une partialit\u00e9 de ~11 nM sur CB1 et de ~33 nM sur CB2.<\/p>\n<p>Quelques ann\u00e9es apr\u00e8s avoir \u00e9t\u00e9 mentionn\u00e9 pour la premi\u00e8re fois dans les \u00e9crits, le JWH-250 est arriv\u00e9 sur le march\u00e9, la premi\u00e8re identification ayant \u00e9t\u00e9 faite par la police allemande en mai 2009. Ils ont d\u00e9couvert le m\u00e9dicament dans un m\u00e9lange naturel destin\u00e9 \u00e0 \u00eatre fum\u00e9. Acheter du JWH-250 sur le web<\/p>\n<p>Le m\u00e9dicament a \u00e9galement \u00e9t\u00e9 d\u00e9couvert dans des poudres et des m\u00e9langes vendus sur Internet \u00e0 des analystes au Japon. Ces exemples contenaient 77 \u00e0 165 mg pour chaque article.<\/p>\n<p>En raison de la mani\u00e8re dont il a \u00e9t\u00e9 vendu, il est presque certain que des personnes sont entr\u00e9es en contact avec le JWH-250 sans le savoir.<\/p>\n<p>Masse molaire : 335,439 g\/mol<\/p>\n<p>Id. ChEMBL : 188031<\/p>\n<p>ChemSpider ID : 23256117<\/p>\n<p>PubChem CID : 44397540<\/p>\n<p>Recette : C22H25NO2<\/p>\n<p>Bonne qualit\u00e9 JWH-250 en ligne : Il est tout \u00e0 fait entendu que les gens ne font pas rapidement confiance \u00e0 la qualit\u00e9 du JWH-250 en ligne vendu en ligne car ils ne peuvent pas l&#8217;examiner physiquement. Mais ce n&#8217;est pas la m\u00eame chose avec les fournisseurs en ligne Online JWH-250. Les produits ici sont fid\u00e8les \u00e0 leur description avec un entretien de haute qualit\u00e9 effectu\u00e9 sous la supervision d&#8217;experts.<\/p>\n<p>Exp\u00e9dition rapide et discr\u00e8te : La livraison du JWH-250 en ligne apr\u00e8s r\u00e9ception de la commande se fait dans les d\u00e9lais promis. L&#8217;\u00e9quipe d&#8217;exp\u00e9dition met tous ses efforts pour rendre la proc\u00e9dure d&#8217;exp\u00e9dition et de livraison fluide et rapide. Vous pouvez \u00e9galement vous attendre \u00e0 d&#8217;excellents services lorsque vous achetez JWH-250 en ligne aupr\u00e8s du professionnel sur la plate-forme en ligne.<\/p>\n","protected":false},"excerpt":{"rendered":"<p>Achetez <a href=\"https:\/\/en.wikipedia.org\/wiki\/JWH-250\">JWH-250<\/a> sur le web. Le JWH-250 est un agoniste des r\u00e9cepteurs cannabino\u00efdes manufactur\u00e9s qui a \u00e9t\u00e9 identifi\u00e9 dans des articles depuis la derni\u00e8re partie des ann\u00e9es 2000. Il a \u00e9t\u00e9 cr\u00e9\u00e9 par le Dr. John W. Huffman et un rapport \u00e0 son sujet a \u00e9t\u00e9 distribu\u00e9 en 2005 par Huffman et al.<\/p>\n","protected":false},"featured_media":9213,"comment_status":"open","ping_status":"closed","template":"","meta":{"_acf_changed":false,"_monsterinsights_skip_tracking":false,"_monsterinsights_sitenote_active":false,"_monsterinsights_sitenote_note":"","_monsterinsights_sitenote_category":0},"product_brand":[],"product_cat":[53],"product_tag":[584,585,586,587,588,559,560,590,562,589,563,565,564,561,566,593,567,568,572,575,570,592,591,577,569,581,579,571,573,574,580,594,578,576,558,582,596,598,597,599,595,583],"class_list":{"0":"post-9208","1":"product","2":"type-product","3":"status-publish","4":"has-post-thumbnail","6":"product_cat-produits-chimiques-de-recherche","7":"product_tag-achat-de-jwh-250","8":"product_tag-achat-de-jwh-250-a-prix-modique","9":"product_tag-achat-de-jwh-250-disponible-a-lachat","10":"product_tag-achat-de-jwh-250-pour-usage-individuel","11":"product_tag-achat-de-jwh-250-sur-le-web","12":"product_tag-acheter-jwh-250","13":"product_tag-acheter-jwh-250-a-des-prix-abordables","14":"product_tag-acheter-jwh-250-a-prix-modique","15":"product_tag-acheter-jwh-250-en-ligne","16":"product_tag-acheter-jwh-250-en-masse","17":"product_tag-acheter-jwh-250-legitime-pour-la-vente-page-web","18":"product_tag-acheter-jwh-250-modeste-en-ligne","19":"product_tag-acheter-jwh-250-modeste-pour-lusage-des-plantes","20":"product_tag-acheter-jwh-250-pour-usage-personnel","21":"product_tag-acheter-mephedrone-modeste-en-ligne","22":"product_tag-boutique-jwh-250","23":"product_tag-comment-acheter-jwh-250-bon-marche-dans-le-monde-entier","24":"product_tag-comment-acheter-jwh-250-modeste-dans-le-monde-entier","25":"product_tag-jwh-250-a-vendre","26":"product_tag-jwh-250-achat","27":"product_tag-jwh-250-affaire","28":"product_tag-jwh-250-de-qualite-a-la-vente","29":"product_tag-jwh-250-de-qualite-disponible-a-lachat","30":"product_tag-jwh-250-demande","31":"product_tag-jwh-250-disponible-a-lachat","32":"product_tag-jwh-250-en-gros","33":"product_tag-jwh-250-magasin","34":"product_tag-jwh-250-medicament-a-vendre","35":"product_tag-jwh-250-medicament-disponible-a-lachat","36":"product_tag-jwh-250-nourriture-vegetale-a-vendre","37":"product_tag-jwh-250-ou-acheter","38":"product_tag-jwh-250-pur","39":"product_tag-jwh-250-sels-de-douche-disponibles-a-lachat","40":"product_tag-jwh-250-sites-dachat","41":"product_tag-meilleur-endroit-pour-acheter-jwh-250","42":"product_tag-mjwh-250-fournisseurs","43":"product_tag-ou-acheter-jwh-250","44":"product_tag-ou-acheter-jwh-250-a-prix-modique","45":"product_tag-ou-acheter-jwh-250-pour-un-usage-individuel","46":"product_tag-ou-puis-je-acheter-jwh-250","47":"product_tag-ou-trouver-jwh-250-disponible-a-lachat","48":"product_tag-page-dachat-de-jwh-250-disponible-a-lachat","50":"first","51":"instock","52":"sale","53":"shipping-taxable","54":"purchasable","55":"product-type-variable","56":"has-default-attributes"},"acf":[],"yoast_head":"<!-- This site is optimized with the Yoast SEO plugin v27.2 - https:\/\/yoast.com\/product\/yoast-seo-wordpress\/ -->\n<title>Poudre JWH-250 \u00e0 vendre en ligne | Global Meds Inc.<\/title>\n<meta name=\"description\" content=\"Poudre JWH-250 \u00e0 vendre en ligne. Nous vendons de la poudre JWH-250 de la meilleure qualit\u00e9. Veuillez nous contacter pour plus d&#039;informations et les tarifs.\" \/>\n<meta name=\"robots\" content=\"index, follow, max-snippet:-1, max-image-preview:large, max-video-preview:-1\" \/>\n<link rel=\"canonical\" href=\"https:\/\/globalmedsonlineinc.com\/fr\/product\/produits-chimiques-de-recherche\/jwh-250\/\" \/>\n<meta property=\"og:locale\" content=\"fr_FR\" \/>\n<meta property=\"og:type\" content=\"article\" \/>\n<meta property=\"og:title\" content=\"Poudre JWH-250 \u00e0 vendre en ligne | Global Meds Inc.\" \/>\n<meta property=\"og:description\" content=\"Poudre JWH-250 \u00e0 vendre en ligne. Nous vendons de la poudre JWH-250 de la meilleure qualit\u00e9. Veuillez nous contacter pour plus d&#039;informations et les tarifs.\" \/>\n<meta property=\"og:url\" content=\"https:\/\/globalmedsonlineinc.com\/fr\/product\/produits-chimiques-de-recherche\/jwh-250\/\" \/>\n<meta property=\"og:site_name\" content=\"Global Meds Inc\" \/>\n<meta property=\"article:modified_time\" content=\"2024-02-20T12:44:04+00:00\" \/>\n<meta property=\"og:image\" content=\"https:\/\/globalmedsonlineinc.com\/fr\/content\/media\/uploads\/sites\/5\/2021\/07\/jwh-250.jpg\" \/>\n\t<meta property=\"og:image:width\" content=\"1200\" \/>\n\t<meta property=\"og:image:height\" content=\"1200\" \/>\n\t<meta property=\"og:image:type\" content=\"image\/jpeg\" \/>\n<meta name=\"twitter:card\" content=\"summary_large_image\" \/>\n<meta name=\"twitter:label1\" content=\"Dur\u00e9e de lecture estim\u00e9e\" \/>\n\t<meta name=\"twitter:data1\" content=\"2 minutes\" \/>\n<script type=\"application\/ld+json\" class=\"yoast-schema-graph\">{\"@context\":\"https:\/\/schema.org\",\"@graph\":[{\"@type\":\"WebPage\",\"@id\":\"https:\/\/globalmedsonlineinc.com\/fr\/product\/produits-chimiques-de-recherche\/jwh-250\/\",\"url\":\"https:\/\/globalmedsonlineinc.com\/fr\/product\/produits-chimiques-de-recherche\/jwh-250\/\",\"name\":\"Poudre JWH-250 \u00e0 vendre en ligne | Global Meds Inc.\",\"isPartOf\":{\"@id\":\"https:\/\/globalmedsonlineinc.com\/fr\/#website\"},\"primaryImageOfPage\":{\"@id\":\"https:\/\/globalmedsonlineinc.com\/fr\/product\/produits-chimiques-de-recherche\/jwh-250\/#primaryimage\"},\"image\":{\"@id\":\"https:\/\/globalmedsonlineinc.com\/fr\/product\/produits-chimiques-de-recherche\/jwh-250\/#primaryimage\"},\"thumbnailUrl\":\"https:\/\/globalmedsonlineinc.com\/fr\/content\/media\/uploads\/sites\/5\/2021\/07\/jwh-250.jpg\",\"datePublished\":\"2021-07-02T21:05:42+00:00\",\"dateModified\":\"2024-02-20T12:44:04+00:00\",\"description\":\"Poudre JWH-250 \u00e0 vendre en ligne. Nous vendons de la poudre JWH-250 de la meilleure qualit\u00e9. Veuillez nous contacter pour plus d'informations et les tarifs.\",\"breadcrumb\":{\"@id\":\"https:\/\/globalmedsonlineinc.com\/fr\/product\/produits-chimiques-de-recherche\/jwh-250\/#breadcrumb\"},\"inLanguage\":\"fr-FR\",\"potentialAction\":[{\"@type\":\"ReadAction\",\"target\":[\"https:\/\/globalmedsonlineinc.com\/fr\/product\/produits-chimiques-de-recherche\/jwh-250\/\"]}]},{\"@type\":\"ImageObject\",\"inLanguage\":\"fr-FR\",\"@id\":\"https:\/\/globalmedsonlineinc.com\/fr\/product\/produits-chimiques-de-recherche\/jwh-250\/#primaryimage\",\"url\":\"https:\/\/globalmedsonlineinc.com\/fr\/content\/media\/uploads\/sites\/5\/2021\/07\/jwh-250.jpg\",\"contentUrl\":\"https:\/\/globalmedsonlineinc.com\/fr\/content\/media\/uploads\/sites\/5\/2021\/07\/jwh-250.jpg\",\"width\":1200,\"height\":1200,\"caption\":\"Poudre JWH-250 \u00e0 vendre en ligne\"},{\"@type\":\"BreadcrumbList\",\"@id\":\"https:\/\/globalmedsonlineinc.com\/fr\/product\/produits-chimiques-de-recherche\/jwh-250\/#breadcrumb\",\"itemListElement\":[{\"@type\":\"ListItem\",\"position\":1,\"name\":\"Home\",\"item\":\"https:\/\/globalmedsonlineinc.com\/fr\/\"},{\"@type\":\"ListItem\",\"position\":2,\"name\":\"Produits\",\"item\":\"https:\/\/globalmedsonlineinc.com\/fr\/produits\/\"},{\"@type\":\"ListItem\",\"position\":3,\"name\":\"Achetez JWH-250 en ligne\"}]},{\"@type\":\"WebSite\",\"@id\":\"https:\/\/globalmedsonlineinc.com\/fr\/#website\",\"url\":\"https:\/\/globalmedsonlineinc.com\/fr\/\",\"name\":\"Global Meds Inc\",\"description\":\"\",\"potentialAction\":[{\"@type\":\"SearchAction\",\"target\":{\"@type\":\"EntryPoint\",\"urlTemplate\":\"https:\/\/globalmedsonlineinc.com\/fr\/?s={search_term_string}\"},\"query-input\":{\"@type\":\"PropertyValueSpecification\",\"valueRequired\":true,\"valueName\":\"search_term_string\"}}],\"inLanguage\":\"fr-FR\"}]}<\/script>\n<!-- \/ Yoast SEO plugin. -->","yoast_head_json":{"title":"Poudre JWH-250 \u00e0 vendre en ligne | Global Meds Inc.","description":"Poudre JWH-250 \u00e0 vendre en ligne. Nous vendons de la poudre JWH-250 de la meilleure qualit\u00e9. Veuillez nous contacter pour plus d'informations et les tarifs.","robots":{"index":"index","follow":"follow","max-snippet":"max-snippet:-1","max-image-preview":"max-image-preview:large","max-video-preview":"max-video-preview:-1"},"canonical":"https:\/\/globalmedsonlineinc.com\/fr\/product\/produits-chimiques-de-recherche\/jwh-250\/","og_locale":"fr_FR","og_type":"article","og_title":"Poudre JWH-250 \u00e0 vendre en ligne | Global Meds Inc.","og_description":"Poudre JWH-250 \u00e0 vendre en ligne. Nous vendons de la poudre JWH-250 de la meilleure qualit\u00e9. Veuillez nous contacter pour plus d'informations et les tarifs.","og_url":"https:\/\/globalmedsonlineinc.com\/fr\/product\/produits-chimiques-de-recherche\/jwh-250\/","og_site_name":"Global Meds Inc","article_modified_time":"2024-02-20T12:44:04+00:00","og_image":[{"width":1200,"height":1200,"url":"https:\/\/globalmedsonlineinc.com\/fr\/content\/media\/uploads\/sites\/5\/2021\/07\/jwh-250.jpg","type":"image\/jpeg"}],"twitter_card":"summary_large_image","twitter_misc":{"Dur\u00e9e de lecture estim\u00e9e":"2 minutes"},"schema":{"@context":"https:\/\/schema.org","@graph":[{"@type":"WebPage","@id":"https:\/\/globalmedsonlineinc.com\/fr\/product\/produits-chimiques-de-recherche\/jwh-250\/","url":"https:\/\/globalmedsonlineinc.com\/fr\/product\/produits-chimiques-de-recherche\/jwh-250\/","name":"Poudre JWH-250 \u00e0 vendre en ligne | Global Meds Inc.","isPartOf":{"@id":"https:\/\/globalmedsonlineinc.com\/fr\/#website"},"primaryImageOfPage":{"@id":"https:\/\/globalmedsonlineinc.com\/fr\/product\/produits-chimiques-de-recherche\/jwh-250\/#primaryimage"},"image":{"@id":"https:\/\/globalmedsonlineinc.com\/fr\/product\/produits-chimiques-de-recherche\/jwh-250\/#primaryimage"},"thumbnailUrl":"https:\/\/globalmedsonlineinc.com\/fr\/content\/media\/uploads\/sites\/5\/2021\/07\/jwh-250.jpg","datePublished":"2021-07-02T21:05:42+00:00","dateModified":"2024-02-20T12:44:04+00:00","description":"Poudre JWH-250 \u00e0 vendre en ligne. Nous vendons de la poudre JWH-250 de la meilleure qualit\u00e9. Veuillez nous contacter pour plus d'informations et les tarifs.","breadcrumb":{"@id":"https:\/\/globalmedsonlineinc.com\/fr\/product\/produits-chimiques-de-recherche\/jwh-250\/#breadcrumb"},"inLanguage":"fr-FR","potentialAction":[{"@type":"ReadAction","target":["https:\/\/globalmedsonlineinc.com\/fr\/product\/produits-chimiques-de-recherche\/jwh-250\/"]}]},{"@type":"ImageObject","inLanguage":"fr-FR","@id":"https:\/\/globalmedsonlineinc.com\/fr\/product\/produits-chimiques-de-recherche\/jwh-250\/#primaryimage","url":"https:\/\/globalmedsonlineinc.com\/fr\/content\/media\/uploads\/sites\/5\/2021\/07\/jwh-250.jpg","contentUrl":"https:\/\/globalmedsonlineinc.com\/fr\/content\/media\/uploads\/sites\/5\/2021\/07\/jwh-250.jpg","width":1200,"height":1200,"caption":"Poudre JWH-250 \u00e0 vendre en ligne"},{"@type":"BreadcrumbList","@id":"https:\/\/globalmedsonlineinc.com\/fr\/product\/produits-chimiques-de-recherche\/jwh-250\/#breadcrumb","itemListElement":[{"@type":"ListItem","position":1,"name":"Home","item":"https:\/\/globalmedsonlineinc.com\/fr\/"},{"@type":"ListItem","position":2,"name":"Produits","item":"https:\/\/globalmedsonlineinc.com\/fr\/produits\/"},{"@type":"ListItem","position":3,"name":"Achetez JWH-250 en ligne"}]},{"@type":"WebSite","@id":"https:\/\/globalmedsonlineinc.com\/fr\/#website","url":"https:\/\/globalmedsonlineinc.com\/fr\/","name":"Global Meds Inc","description":"","potentialAction":[{"@type":"SearchAction","target":{"@type":"EntryPoint","urlTemplate":"https:\/\/globalmedsonlineinc.com\/fr\/?s={search_term_string}"},"query-input":{"@type":"PropertyValueSpecification","valueRequired":true,"valueName":"search_term_string"}}],"inLanguage":"fr-FR"}]}},"_links":{"self":[{"href":"https:\/\/globalmedsonlineinc.com\/fr\/wp-json\/wp\/v2\/product\/9208","targetHints":{"allow":["GET"]}}],"collection":[{"href":"https:\/\/globalmedsonlineinc.com\/fr\/wp-json\/wp\/v2\/product"}],"about":[{"href":"https:\/\/globalmedsonlineinc.com\/fr\/wp-json\/wp\/v2\/types\/product"}],"replies":[{"embeddable":true,"href":"https:\/\/globalmedsonlineinc.com\/fr\/wp-json\/wp\/v2\/comments?post=9208"}],"wp:featuredmedia":[{"embeddable":true,"href":"https:\/\/globalmedsonlineinc.com\/fr\/wp-json\/wp\/v2\/media\/9213"}],"wp:attachment":[{"href":"https:\/\/globalmedsonlineinc.com\/fr\/wp-json\/wp\/v2\/media?parent=9208"}],"wp:term":[{"taxonomy":"product_brand","embeddable":true,"href":"https:\/\/globalmedsonlineinc.com\/fr\/wp-json\/wp\/v2\/product_brand?post=9208"},{"taxonomy":"product_cat","embeddable":true,"href":"https:\/\/globalmedsonlineinc.com\/fr\/wp-json\/wp\/v2\/product_cat?post=9208"},{"taxonomy":"product_tag","embeddable":true,"href":"https:\/\/globalmedsonlineinc.com\/fr\/wp-json\/wp\/v2\/product_tag?post=9208"}],"curies":[{"name":"wp","href":"https:\/\/api.w.org\/{rel}","templated":true}]}}