{"id":9188,"date":"2021-07-02T20:30:30","date_gmt":"2021-07-02T20:30:30","guid":{"rendered":"https:\/\/globalmedsonlineinc.com\/fr\/?post_type=product&#038;p=9188"},"modified":"2024-02-20T12:48:35","modified_gmt":"2024-02-20T12:48:35","slug":"methylone","status":"publish","type":"product","link":"https:\/\/globalmedsonlineinc.com\/fr\/product\/produits-chimiques-de-recherche\/methylone\/","title":{"rendered":"Achetez du m\u00e9thylone en ligne"},"content":{"rendered":"<h1><span class=\"VIiyi\" lang=\"fr\"><span class=\"JLqJ4b ChMk0b C1N51c\" data-language-for-alternatives=\"fr\" data-language-to-translate-into=\"en\" data-phrase-index=\"0\">Cristaux de M\u00e9thylone \u00e0 vendre en ligne<\/span><\/span><\/h1>\n<p><a href=\"https:\/\/globalmedsonlineinc.com\/fr\/product\/produits-chimiques-de-recherche\/methylone\/\"><span class=\"VIiyi\" lang=\"fr\"><span class=\"JLqJ4b ChMk0b C1N51c\" data-language-for-alternatives=\"fr\" data-language-to-translate-into=\"en\" data-phrase-index=\"0\">Cristaux de M\u00e9thylone \u00e0 vendre en ligne<\/span><\/span><\/a>. Achetez la m\u00e9thylone (Bk-MDMA) bon march\u00e9 en ligne &#8211; Global drug Nous offrons la poudre et les <em>cristaux<\/em> de Bk-MDMA bon march\u00e9 au Royaume-Uni,<br \/>\nEurope, Allemagne, Russie, USA qui avec tr\u00e8s haute qualit\u00e9.<\/p>\n<p>La m\u00e9thylone est une drogue chimique dont la structure est tr\u00e8s similaire \u00e0 celle de la MDMA et dont les effets sont comparables.<\/p>\n<p>La m\u00e9thylone est un stimulant avec un l\u00e9ger effet hallucinog\u00e8ne. Comme il s&#8217;agit d&#8217;une substance relativement nouvelle, on l&#8217;appelle un produit chimique de recherche. Il est recommand\u00e9 de traiter la m\u00e9thylone avec prudence : en raison de sa courte existence, peu de recherches ont \u00e9t\u00e9 men\u00e9es et on ne sait pas grand-chose des effets \u00e0 long terme ou des taux de d\u00e9pendance.<\/p>\n<p>Habituellement, elle est propos\u00e9e sous forme de poudre, mais des comprim\u00e9s sont \u00e9galement en circulation. Comme pour le XTC, ces comprim\u00e9s peuvent diff\u00e9rer par leur taille, leur couleur et leur force.<\/p>\n<p>La m\u00e9thylone peut \u00eatre achet\u00e9e chez First Trust Chemical sous l&#8217;une des trois formes suivantes : gros cristaux (notre plus populaire), poudre pharmaceutique fine ou petits cristaux. Veuillez consulter notre liste d&#8217;autres produits fins disponibles d\u00e8s maintenant. First Trust Chemical est votre fournisseur de produits de haute qualit\u00e9 et <a href=\"https:\/\/fr.wikipedia.org\/wiki\/M\u00e9thylone\">vous<\/a> pouvez acheter d\u00e8s maintenant.<\/p>\n<h6>Votre compte sera trait\u00e9 avec soin pour acheter de la METHYLONE<\/h6>\n<p>Toutes les demandes de vente sont gard\u00e9es confidentielles. Lorsque vous devenez client, les informations de votre compte ne sont jamais partag\u00e9es ou distribu\u00e9es. Nous pouvons vous poser des questions avant de proc\u00e9der \u00e0 la vente que vous demandez, mais c&#8217;est pour votre propre s\u00e9curit\u00e9. First Trust Chemical veut \u00eatre connu pour sa haute qualit\u00e9 et la satisfaction de ses clients.<\/p>\n<p>Une fois que votre achat est approuv\u00e9 par First Trust Chemical pour acheter . Votre livraison est garantie. Nous ne promettons pas la vente d&#8217;une commande que nous ne pouvons pas livrer.<\/p>\n<p>La m\u00e9thylone est une drogue chimique dont la structure est tr\u00e8s similaire \u00e0 celle de la MDMA et dont les effets sont comparables. C&#8217;est un stimulant avec un l\u00e9ger effet hallucinog\u00e8ne. Comme il s&#8217;agit d&#8217;une substance relativement nouvelle, on l&#8217;appelle un produit chimique de recherche. Il est recommand\u00e9 de traiter la m\u00e9thylone avec prudence : en raison de sa courte existence, peu de recherches ont \u00e9t\u00e9 men\u00e9es et on ne sait pas grand-chose des effets \u00e0 long terme ou des taux de d\u00e9pendance.<\/p>\n<p>Habituellement, elle est propos\u00e9e sous forme de poudre, mais des comprim\u00e9s sont \u00e9galement en circulation. Comme pour le XTC, ces comprim\u00e9s peuvent diff\u00e9rer en taille, couleur et force.<\/p>\n<p>M\u00e9thylone de bonne qualit\u00e9 en ligne : Il est tout \u00e0 fait entendu que les gens ne font pas rapidement confiance \u00e0 la qualit\u00e9 du m\u00e9thylone en ligne vendu en ligne car ils ne peuvent pas l&#8217;examiner physiquement. Mais ce n&#8217;est pas la m\u00eame chose avec les fournisseurs en ligne de Methylone en ligne. Les produits ici sont fid\u00e8les \u00e0 leur description avec un entretien de haute qualit\u00e9 effectu\u00e9 sous la supervision d&#8217;experts.<\/p>\n<p>Exp\u00e9dition Rapide &amp; Discr\u00e8te : La livraison du Methylone en ligne apr\u00e8s r\u00e9ception de la commande se fait dans les d\u00e9lais promis. L&#8217;\u00e9quipe d&#8217;exp\u00e9dition met tous ses efforts pour rendre la proc\u00e9dure d&#8217;exp\u00e9dition et de livraison fluide et rapide. Vous pouvez \u00e9galement vous attendre \u00e0 d&#8217;excellents services lors de l&#8217;achat de Methylone en ligne aupr\u00e8s du professionnel sur la plate-forme en ligne.<\/p>\n","protected":false},"excerpt":{"rendered":"<p>Le m\u00e9thylone est un stimulant avec un l\u00e9ger effet hallucinog\u00e8ne. Comme il s&#8217;agit d&#8217;une substance relativement nouvelle, on l&#8217;appelle un produit chimique de recherche. Il est recommand\u00e9 de traiter la m\u00e9thylone avec prudence : en raison de sa courte existence, peu de recherches ont \u00e9t\u00e9 men\u00e9es et on ne sait pas grand-chose des effets \u00e0 long terme ou des taux de d\u00e9pendance.<\/p>\n","protected":false},"featured_media":9195,"comment_status":"open","ping_status":"closed","template":"","meta":{"_acf_changed":false,"_monsterinsights_skip_tracking":false,"_monsterinsights_sitenote_active":false,"_monsterinsights_sitenote_note":"","_monsterinsights_sitenote_category":0},"product_brand":[],"product_cat":[53],"product_tag":[612,615,613,350,614,616],"class_list":{"0":"post-9188","1":"product","2":"type-product","3":"status-publish","4":"has-post-thumbnail","6":"product_cat-produits-chimiques-de-recherche","7":"product_tag-acheter-methylone-en-ligne","8":"product_tag-commander-methylone-en-ligne","9":"product_tag-comment-acheter-methylone-en-ligne","10":"product_tag-methylone","11":"product_tag-methylone-a-vendre","12":"product_tag-ou-acheter-methylone-en-ligne","14":"first","15":"instock","16":"shipping-taxable","17":"purchasable","18":"product-type-variable","19":"has-default-attributes"},"acf":[],"yoast_head":"<!-- This site is optimized with the Yoast SEO plugin v27.2 - https:\/\/yoast.com\/product\/yoast-seo-wordpress\/ -->\n<title>Cristaux de M\u00e9thylone \u00e0 vendre en ligne - Global Meds Inc.<\/title>\n<meta name=\"description\" content=\"Cristaux de M\u00e9thylone \u00e0 vendre en ligne. Nous vendons des Cristaux de M\u00e9thylone de la meilleure qualit\u00e9. Veuillez nous contacter pour plus d&#039;informations.\" \/>\n<meta name=\"robots\" content=\"index, follow, max-snippet:-1, max-image-preview:large, max-video-preview:-1\" \/>\n<link rel=\"canonical\" href=\"https:\/\/globalmedsonlineinc.com\/fr\/product\/produits-chimiques-de-recherche\/methylone\/\" \/>\n<meta property=\"og:locale\" content=\"fr_FR\" \/>\n<meta property=\"og:type\" content=\"article\" \/>\n<meta property=\"og:title\" content=\"Cristaux de M\u00e9thylone \u00e0 vendre en ligne - Global Meds Inc.\" \/>\n<meta property=\"og:description\" content=\"Cristaux de M\u00e9thylone \u00e0 vendre en ligne. Nous vendons des Cristaux de M\u00e9thylone de la meilleure qualit\u00e9. Veuillez nous contacter pour plus d&#039;informations.\" \/>\n<meta property=\"og:url\" content=\"https:\/\/globalmedsonlineinc.com\/fr\/product\/produits-chimiques-de-recherche\/methylone\/\" \/>\n<meta property=\"og:site_name\" content=\"Global Meds Inc\" \/>\n<meta property=\"article:modified_time\" content=\"2024-02-20T12:48:35+00:00\" \/>\n<meta property=\"og:image\" content=\"https:\/\/globalmedsonlineinc.com\/fr\/content\/media\/uploads\/sites\/5\/2021\/07\/Buy-METHYLONE-CRYSTAL.jpg\" \/>\n\t<meta property=\"og:image:width\" content=\"1200\" \/>\n\t<meta property=\"og:image:height\" content=\"1200\" \/>\n\t<meta property=\"og:image:type\" content=\"image\/jpeg\" \/>\n<meta name=\"twitter:card\" content=\"summary_large_image\" \/>\n<meta name=\"twitter:label1\" content=\"Dur\u00e9e de lecture estim\u00e9e\" \/>\n\t<meta name=\"twitter:data1\" content=\"3 minutes\" \/>\n<script type=\"application\/ld+json\" class=\"yoast-schema-graph\">{\"@context\":\"https:\/\/schema.org\",\"@graph\":[{\"@type\":\"WebPage\",\"@id\":\"https:\/\/globalmedsonlineinc.com\/fr\/product\/produits-chimiques-de-recherche\/methylone\/\",\"url\":\"https:\/\/globalmedsonlineinc.com\/fr\/product\/produits-chimiques-de-recherche\/methylone\/\",\"name\":\"Cristaux de M\u00e9thylone \u00e0 vendre en ligne - Global Meds Inc.\",\"isPartOf\":{\"@id\":\"https:\/\/globalmedsonlineinc.com\/fr\/#website\"},\"primaryImageOfPage\":{\"@id\":\"https:\/\/globalmedsonlineinc.com\/fr\/product\/produits-chimiques-de-recherche\/methylone\/#primaryimage\"},\"image\":{\"@id\":\"https:\/\/globalmedsonlineinc.com\/fr\/product\/produits-chimiques-de-recherche\/methylone\/#primaryimage\"},\"thumbnailUrl\":\"https:\/\/globalmedsonlineinc.com\/fr\/content\/media\/uploads\/sites\/5\/2021\/07\/Buy-METHYLONE-CRYSTAL.jpg\",\"datePublished\":\"2021-07-02T20:30:30+00:00\",\"dateModified\":\"2024-02-20T12:48:35+00:00\",\"description\":\"Cristaux de M\u00e9thylone \u00e0 vendre en ligne. Nous vendons des Cristaux de M\u00e9thylone de la meilleure qualit\u00e9. Veuillez nous contacter pour plus d'informations.\",\"breadcrumb\":{\"@id\":\"https:\/\/globalmedsonlineinc.com\/fr\/product\/produits-chimiques-de-recherche\/methylone\/#breadcrumb\"},\"inLanguage\":\"fr-FR\",\"potentialAction\":[{\"@type\":\"ReadAction\",\"target\":[\"https:\/\/globalmedsonlineinc.com\/fr\/product\/produits-chimiques-de-recherche\/methylone\/\"]}]},{\"@type\":\"ImageObject\",\"inLanguage\":\"fr-FR\",\"@id\":\"https:\/\/globalmedsonlineinc.com\/fr\/product\/produits-chimiques-de-recherche\/methylone\/#primaryimage\",\"url\":\"https:\/\/globalmedsonlineinc.com\/fr\/content\/media\/uploads\/sites\/5\/2021\/07\/Buy-METHYLONE-CRYSTAL.jpg\",\"contentUrl\":\"https:\/\/globalmedsonlineinc.com\/fr\/content\/media\/uploads\/sites\/5\/2021\/07\/Buy-METHYLONE-CRYSTAL.jpg\",\"width\":1200,\"height\":1200,\"caption\":\"Cristaux de M\u00e9thylone \u00e0 vendre en ligne\"},{\"@type\":\"BreadcrumbList\",\"@id\":\"https:\/\/globalmedsonlineinc.com\/fr\/product\/produits-chimiques-de-recherche\/methylone\/#breadcrumb\",\"itemListElement\":[{\"@type\":\"ListItem\",\"position\":1,\"name\":\"Home\",\"item\":\"https:\/\/globalmedsonlineinc.com\/fr\/\"},{\"@type\":\"ListItem\",\"position\":2,\"name\":\"Produits\",\"item\":\"https:\/\/globalmedsonlineinc.com\/fr\/produits\/\"},{\"@type\":\"ListItem\",\"position\":3,\"name\":\"Achetez du m\u00e9thylone en ligne\"}]},{\"@type\":\"WebSite\",\"@id\":\"https:\/\/globalmedsonlineinc.com\/fr\/#website\",\"url\":\"https:\/\/globalmedsonlineinc.com\/fr\/\",\"name\":\"Global Meds Inc\",\"description\":\"\",\"potentialAction\":[{\"@type\":\"SearchAction\",\"target\":{\"@type\":\"EntryPoint\",\"urlTemplate\":\"https:\/\/globalmedsonlineinc.com\/fr\/?s={search_term_string}\"},\"query-input\":{\"@type\":\"PropertyValueSpecification\",\"valueRequired\":true,\"valueName\":\"search_term_string\"}}],\"inLanguage\":\"fr-FR\"}]}<\/script>\n<!-- \/ Yoast SEO plugin. -->","yoast_head_json":{"title":"Cristaux de M\u00e9thylone \u00e0 vendre en ligne - Global Meds Inc.","description":"Cristaux de M\u00e9thylone \u00e0 vendre en ligne. Nous vendons des Cristaux de M\u00e9thylone de la meilleure qualit\u00e9. Veuillez nous contacter pour plus d'informations.","robots":{"index":"index","follow":"follow","max-snippet":"max-snippet:-1","max-image-preview":"max-image-preview:large","max-video-preview":"max-video-preview:-1"},"canonical":"https:\/\/globalmedsonlineinc.com\/fr\/product\/produits-chimiques-de-recherche\/methylone\/","og_locale":"fr_FR","og_type":"article","og_title":"Cristaux de M\u00e9thylone \u00e0 vendre en ligne - Global Meds Inc.","og_description":"Cristaux de M\u00e9thylone \u00e0 vendre en ligne. Nous vendons des Cristaux de M\u00e9thylone de la meilleure qualit\u00e9. Veuillez nous contacter pour plus d'informations.","og_url":"https:\/\/globalmedsonlineinc.com\/fr\/product\/produits-chimiques-de-recherche\/methylone\/","og_site_name":"Global Meds Inc","article_modified_time":"2024-02-20T12:48:35+00:00","og_image":[{"width":1200,"height":1200,"url":"https:\/\/globalmedsonlineinc.com\/fr\/content\/media\/uploads\/sites\/5\/2021\/07\/Buy-METHYLONE-CRYSTAL.jpg","type":"image\/jpeg"}],"twitter_card":"summary_large_image","twitter_misc":{"Dur\u00e9e de lecture estim\u00e9e":"3 minutes"},"schema":{"@context":"https:\/\/schema.org","@graph":[{"@type":"WebPage","@id":"https:\/\/globalmedsonlineinc.com\/fr\/product\/produits-chimiques-de-recherche\/methylone\/","url":"https:\/\/globalmedsonlineinc.com\/fr\/product\/produits-chimiques-de-recherche\/methylone\/","name":"Cristaux de M\u00e9thylone \u00e0 vendre en ligne - Global Meds Inc.","isPartOf":{"@id":"https:\/\/globalmedsonlineinc.com\/fr\/#website"},"primaryImageOfPage":{"@id":"https:\/\/globalmedsonlineinc.com\/fr\/product\/produits-chimiques-de-recherche\/methylone\/#primaryimage"},"image":{"@id":"https:\/\/globalmedsonlineinc.com\/fr\/product\/produits-chimiques-de-recherche\/methylone\/#primaryimage"},"thumbnailUrl":"https:\/\/globalmedsonlineinc.com\/fr\/content\/media\/uploads\/sites\/5\/2021\/07\/Buy-METHYLONE-CRYSTAL.jpg","datePublished":"2021-07-02T20:30:30+00:00","dateModified":"2024-02-20T12:48:35+00:00","description":"Cristaux de M\u00e9thylone \u00e0 vendre en ligne. Nous vendons des Cristaux de M\u00e9thylone de la meilleure qualit\u00e9. Veuillez nous contacter pour plus d'informations.","breadcrumb":{"@id":"https:\/\/globalmedsonlineinc.com\/fr\/product\/produits-chimiques-de-recherche\/methylone\/#breadcrumb"},"inLanguage":"fr-FR","potentialAction":[{"@type":"ReadAction","target":["https:\/\/globalmedsonlineinc.com\/fr\/product\/produits-chimiques-de-recherche\/methylone\/"]}]},{"@type":"ImageObject","inLanguage":"fr-FR","@id":"https:\/\/globalmedsonlineinc.com\/fr\/product\/produits-chimiques-de-recherche\/methylone\/#primaryimage","url":"https:\/\/globalmedsonlineinc.com\/fr\/content\/media\/uploads\/sites\/5\/2021\/07\/Buy-METHYLONE-CRYSTAL.jpg","contentUrl":"https:\/\/globalmedsonlineinc.com\/fr\/content\/media\/uploads\/sites\/5\/2021\/07\/Buy-METHYLONE-CRYSTAL.jpg","width":1200,"height":1200,"caption":"Cristaux de M\u00e9thylone \u00e0 vendre en ligne"},{"@type":"BreadcrumbList","@id":"https:\/\/globalmedsonlineinc.com\/fr\/product\/produits-chimiques-de-recherche\/methylone\/#breadcrumb","itemListElement":[{"@type":"ListItem","position":1,"name":"Home","item":"https:\/\/globalmedsonlineinc.com\/fr\/"},{"@type":"ListItem","position":2,"name":"Produits","item":"https:\/\/globalmedsonlineinc.com\/fr\/produits\/"},{"@type":"ListItem","position":3,"name":"Achetez du m\u00e9thylone en ligne"}]},{"@type":"WebSite","@id":"https:\/\/globalmedsonlineinc.com\/fr\/#website","url":"https:\/\/globalmedsonlineinc.com\/fr\/","name":"Global Meds Inc","description":"","potentialAction":[{"@type":"SearchAction","target":{"@type":"EntryPoint","urlTemplate":"https:\/\/globalmedsonlineinc.com\/fr\/?s={search_term_string}"},"query-input":{"@type":"PropertyValueSpecification","valueRequired":true,"valueName":"search_term_string"}}],"inLanguage":"fr-FR"}]}},"_links":{"self":[{"href":"https:\/\/globalmedsonlineinc.com\/fr\/wp-json\/wp\/v2\/product\/9188","targetHints":{"allow":["GET"]}}],"collection":[{"href":"https:\/\/globalmedsonlineinc.com\/fr\/wp-json\/wp\/v2\/product"}],"about":[{"href":"https:\/\/globalmedsonlineinc.com\/fr\/wp-json\/wp\/v2\/types\/product"}],"replies":[{"embeddable":true,"href":"https:\/\/globalmedsonlineinc.com\/fr\/wp-json\/wp\/v2\/comments?post=9188"}],"wp:featuredmedia":[{"embeddable":true,"href":"https:\/\/globalmedsonlineinc.com\/fr\/wp-json\/wp\/v2\/media\/9195"}],"wp:attachment":[{"href":"https:\/\/globalmedsonlineinc.com\/fr\/wp-json\/wp\/v2\/media?parent=9188"}],"wp:term":[{"taxonomy":"product_brand","embeddable":true,"href":"https:\/\/globalmedsonlineinc.com\/fr\/wp-json\/wp\/v2\/product_brand?post=9188"},{"taxonomy":"product_cat","embeddable":true,"href":"https:\/\/globalmedsonlineinc.com\/fr\/wp-json\/wp\/v2\/product_cat?post=9188"},{"taxonomy":"product_tag","embeddable":true,"href":"https:\/\/globalmedsonlineinc.com\/fr\/wp-json\/wp\/v2\/product_tag?post=9188"}],"curies":[{"name":"wp","href":"https:\/\/api.w.org\/{rel}","templated":true}]}}