{"id":9180,"date":"2021-07-02T20:17:48","date_gmt":"2021-07-02T20:17:48","guid":{"rendered":"https:\/\/globalmedsonlineinc.com\/fr\/?post_type=product&#038;p=9180"},"modified":"2025-11-29T18:49:53","modified_gmt":"2025-11-29T18:49:53","slug":"ketamine","status":"publish","type":"product","link":"https:\/\/globalmedsonlineinc.com\/fr\/product\/produits-chimiques-de-recherche\/ketamine\/","title":{"rendered":"Achetez de la k\u00e9tamine en ligne"},"content":{"rendered":"<h1>Achetez de la k\u00e9tamine HCl injectable en ligne \u2013 K\u00e9tamine HCl de haute puret\u00e9 pour la recherche et l&#8217;usage m\u00e9dical<\/h1>\n<p>Vous souhaitez <a href=\"https:\/\/globalmedsonlineinc.com\/fr\/product\/produits-chimiques-de-recherche\/ketamine\/\">Acheter de la k\u00e9tamine HCl injectable en ligne<\/a> ? Chez Global Meds Inc., nous proposons de la k\u00e9tamine de qualit\u00e9 sup\u00e9rieure sous diff\u00e9rentes formes : cristaux, poudre, liquide et comprim\u00e9s. En tant que fournisseur fiable de produits chimiques de recherche, notre k\u00e9tamine pure est certifi\u00e9e en laboratoire, ce qui la rend id\u00e9ale pour les \u00e9tudes scientifiques, la gestion de la douleur et les applications th\u00e9rapeutiques. Gr\u00e2ce \u00e0 un emballage discret et une livraison internationale, commander de la k\u00e9tamine en ligne n&#8217;a jamais \u00e9t\u00e9 aussi simple et s\u00fbr.<\/p>\n<p>Que vous envisagiez d&#8217;utiliser la k\u00e9tamine pour traiter la d\u00e9pression, soulager les douleurs chroniques ou induire une anesth\u00e9sie, nos produits offrent des r\u00e9sultats constants. \u00c0 partir de 200\u00a0\u20ac seulement, d\u00e9couvrez notre s\u00e9lection ci-dessous et optimisez vos recherches d\u00e8s aujourd&#8217;hui.<\/p>\n<p>Qu&#8217;est-ce que la k\u00e9tamine\u00a0? Comprendre ce produit chimique de recherche polyvalent<\/p>\n<p>La k\u00e9tamine HCl (\u00e9galement connue sous le nom de K\u00e9talar) est un puissant anesth\u00e9sique dissociatif qui a acquis une grande importance dans les domaines m\u00e9dical et de la recherche. D\u00e9velopp\u00e9e initialement dans les ann\u00e9es 1960, la k\u00e9tamine agit en bloquant les r\u00e9cepteurs NMDA du cerveau, inhibant ainsi les signaux de douleur et induisant un \u00e9tat de s\u00e9dation ou de dissociation. Contrairement aux anesth\u00e9siques traditionnels, la k\u00e9tamine pr\u00e9serve les fonctions vitales telles que la respiration et le rythme cardiaque, ce qui en fait un choix privil\u00e9gi\u00e9 en situation d&#8217;urgence et en chirurgie.<\/p>\n<p>\u00c0 faibles doses, la k\u00e9tamine pure est disponible en ligne pour ses effets antid\u00e9presseurs rapides, soulageant souvent en quelques heures les d\u00e9pressions et l&#8217;anxi\u00e9t\u00e9 r\u00e9sistantes aux traitements. \u00c0 doses plus \u00e9lev\u00e9es, elle peut induire le fameux \u00ab\u00a0K-hole\u00a0\u00bb, une exp\u00e9rience de sortie de corps profonde utilis\u00e9e dans la recherche sur les psych\u00e9d\u00e9liques. Notre k\u00e9tamine, disponible \u00e0 la vente en ligne, provient de fournisseurs certifi\u00e9s, garantissant une puret\u00e9 sup\u00e9rieure \u00e0 99\u00a0% pour des exp\u00e9rimentations pr\u00e9cises.<\/p>\n<p>Information cl\u00e9 sur le prix de la k\u00e9tamine\u00a0: Bien que les prix de la k\u00e9tamine \u00e0 usage r\u00e9cr\u00e9atif fluctuent, nos produits de qualit\u00e9 laboratoire offrent une qualit\u00e9 sup\u00e9rieure \u00e0 des prix comp\u00e9titifs, vous faisant gagner du temps et vous \u00e9vitant des tracas.<\/p>\n<p>Formes de k\u00e9tamine disponibles \u2013 Choisissez le format id\u00e9al<\/p>\n<p>Nous proposons une gamme compl\u00e8te de k\u00e9tamine sous diff\u00e9rentes formes pour r\u00e9pondre \u00e0 vos besoins\u00a0:<\/p>\n<p>Cristaux de chlorhydrate de k\u00e9tamine\u00a0: Forme cristalline ultra-pure pour un dosage pr\u00e9cis dans le cadre de la recherche. Id\u00e9ale pour l\u2019achat de k\u00e9tamine l\u00e9gale en ligne avec un minimum d\u2019impuret\u00e9s.<\/p>\n<p>Poudre de k\u00e9tamine\u00a0: K\u00e9tamine HCL injectable finement broy\u00e9e, disponible \u00e0 la vente. Polyvalente, elle peut \u00eatre administr\u00e9e par voie orale ou intranasale dans le cadre d\u2019\u00e9tudes sur la douleur ou les troubles de l\u2019humeur.<\/p>\n<p>K\u00e9tamine liquide\u00a0: Solution injectable pour des simulations d\u2019anesth\u00e9sie \u00e0 action rapide. Id\u00e9ale pour la vente de k\u00e9tamine liquide dans le cadre d\u2019essais cliniques.<\/p>\n<p>Comprim\u00e9s de k\u00e9tamine\u00a0: Comprim\u00e9s pratiques pour une administration orale contr\u00f4l\u00e9e, parfaits pour les exp\u00e9riences de dosage de la k\u00e9tamine dans le traitement de la d\u00e9pression.<\/p>\n<p>Tous nos produits sont conditionn\u00e9s dans des emballages s\u00e9curis\u00e9s et discrets, disponibles en petites quantit\u00e9s pour la recherche ou en gros. Conseil\u00a0: Pour acheter de la k\u00e9tamine en ligne, faites confiance \u00e0 Global Meds Inc.\u00a0: gage d\u2019authenticit\u00e9 et de conformit\u00e9.<\/p>\n<p>Bienfaits de la k\u00e9tamine \u2013 Du soulagement de la douleur aux avanc\u00e9es majeures en mati\u00e8re de sant\u00e9 mentale<\/p>\n<p>Pourquoi choisir notre k\u00e9tamine en ligne\u00a0? Voici ce qui distingue nos produits\u00a0:<\/p>\n<p>Soulagement rapide de la d\u00e9pression\u00a0: La k\u00e9tamine, utilis\u00e9e pour traiter la d\u00e9pression et l\u2019anxi\u00e9t\u00e9, agit plus rapidement que les ISRS. Des \u00e9tudes ont d\u00e9montr\u00e9 un taux de r\u00e9ponse de 70\u00a0% chez les patients bipolaires ne r\u00e9pondant pas aux traitements classiques.<\/p>\n<p>Gestion sup\u00e9rieure de la douleur\u00a0: Elle r\u00e9duit les besoins en morphine postop\u00e9ratoires jusqu\u2019\u00e0 40\u00a0%, minimisant ainsi les naus\u00e9es et les vomissements. La k\u00e9tamine est particuli\u00e8rement efficace contre les douleurs chroniques, comme le syndrome douloureux r\u00e9gional complexe.<\/p>\n<p>Polyvalence pour la recherche\u00a0: Ses effets sur la fonction cardiaque, les hallucinations et la dissociation peuvent \u00eatre \u00e9tudi\u00e9s sans alt\u00e9rer les r\u00e9flexes respiratoires \u2013 un point crucial pour les \u00e9tudes sur la s\u00e9dation en soins intensifs.<\/p>\n<p>Action rapide\u00a0: Les effets se font sentir en 30\u00a0secondes (injection) \u00e0 5\u00a0minutes (voie orale) et durent de 25 \u00e0 60\u00a0minutes pour des s\u00e9ances efficaces.<\/p>\n<p>Nos clients appr\u00e9cient particuli\u00e8rement la sensation de bien-\u00eatre g\u00e9n\u00e9ral et de l\u00e9g\u00e8ret\u00e9, mais la s\u00e9curit\u00e9 reste leur priorit\u00e9. Avec la k\u00e9tamine pure de Global Meds, vous b\u00e9n\u00e9ficiez de bienfaits scientifiquement prouv\u00e9s, sans les risques li\u00e9s \u00e0 l\u2019usage illicite de drogues.<\/p>\n<p>Guide de dosage de la k\u00e9tamine pour une utilisation s\u00e9curitaire en recherche<\/p>\n<p>Un dosage appropri\u00e9 de k\u00e9tamine est essentiel pour des r\u00e9sultats optimaux et une utilisation en toute s\u00e9curit\u00e9. Voici un guide rapide (consultez un professionnel pour des conseils personnalis\u00e9s)\u00a0:<\/p>\n<p>Remarque\u00a0: Commencez par une faible dose et surveillez les effets. Achetez de la k\u00e9tamine en poudre en ligne en quantit\u00e9s mesur\u00e9es afin d\u2019\u00e9viter tout surdosage.<\/p>\n<p>La s\u00e9curit\u00e9 avant tout \u2013 Effets secondaires potentiels et bonnes pratiques<\/p>\n<p>Bien que la k\u00e9tamine soit g\u00e9n\u00e9ralement bien tol\u00e9r\u00e9e, la connaissance des effets secondaires garantit une utilisation responsable\u00a0:<\/p>\n<p>Fr\u00e9quents\u00a0: Somnolence, hypertension art\u00e9rielle, hallucinations l\u00e9g\u00e8res ou confusion.<\/p>\n<p>Doses plus \u00e9lev\u00e9es\u00a0: Exp\u00e9riences intenses de \u00ab\u00a0K-hole\u00a0\u00bb avec naus\u00e9es, vomissements ou d\u00e9tachement de la r\u00e9alit\u00e9. En cas de vomissements, mettez-vous en position de repos et appelez les secours.<\/p>\n<p>Pr\u00e9cautions\u00a0: Ne pas utiliser sans surveillance\u00a0; \u00e9viter de m\u00e9langer avec des d\u00e9presseurs. Un \u00e9tat d\u2019esprit positif renforce les effets b\u00e9n\u00e9fiques \u2013 utilisez la k\u00e9tamine pour traiter l\u2019anxi\u00e9t\u00e9 \u00e0 des fins th\u00e9rapeutiques, et non comme une \u00e9chappatoire.<\/p>\n<p>Nos commandes de k\u00e9tamine en ligne incluent des consignes de s\u00e9curit\u00e9. En tant que produits chimiques de recherche, ils sont destin\u00e9s \u00e0 un usage en laboratoire uniquement \u2013 \u200b\u200brespectez toujours la r\u00e9glementation locale.<\/p>\n<p>Pourquoi acheter de la k\u00e9tamine chez Global Meds Inc. ?<\/p>\n<p>Puret\u00e9 certifi\u00e9e : Chaque lot est test\u00e9 pour d\u00e9tecter toute contamination \u2013 sans additifs, uniquement de la k\u00e9tamine pure de qualit\u00e9 sup\u00e9rieure.<\/p>\n<p>Livraison discr\u00e8te et rapide : Livraison internationale en emballage neutre, sous 3 \u00e0 7 jours.<\/p>\n<p>Prix comp\u00e9titifs : \u00c0 partir de 200 \u20ac pour une premi\u00e8re commande jusqu&#8217;\u00e0 1\u00a0350 \u20ac pour les commandes en gros \u2013 un meilleur rapport qualit\u00e9-prix que le march\u00e9 noir.<\/p>\n<p>Assistance experte : Des questions sur la k\u00e9tamine HCL en cristaux ou la livraison ? Notre \u00e9quipe est disponible 24h\/24 et 7j\/7.<\/p>\n<p>N&#8217;acceptez pas de fournisseurs de qualit\u00e9 inf\u00e9rieure. Commandez votre k\u00e9tamine d\u00e8s aujourd&#8217;hui et rejoignez les milliers de clients satisfaits.<\/p>\n<p>Pr\u00eat \u00e0 acheter de la k\u00e9tamine pure en ligne ? Ajoutez-la \u00e0 votre panier et constatez la diff\u00e9rence. Pour toute demande de commande en gros ou personnalis\u00e9e, contactez-nous \u00e0 [email protected]<\/p>\n<p>Avertissement : Ces produits sont destin\u00e9s \u00e0 la recherche uniquement. Ne pas consommer sans avis m\u00e9dical. Global Meds Inc. encourage une consommation responsable et des choix \u00e9clair\u00e9s pour la sant\u00e9.<\/p>\n","protected":false},"excerpt":{"rendered":"<p>Il a \u00e9t\u00e9 d\u00e9montr\u00e9 que la k\u00e9tamine est suffisante pour traiter le d\u00e9couragement chez les patients atteints de troubles bipolaires qui n&#8217;ont pas r\u00e9pondu aux antid\u00e9presseurs.<\/p>\n","protected":false},"featured_media":9181,"comment_status":"open","ping_status":"closed","template":"","meta":{"_acf_changed":false,"_monsterinsights_skip_tracking":false,"_monsterinsights_sitenote_active":false,"_monsterinsights_sitenote_note":"","_monsterinsights_sitenote_category":0},"product_brand":[],"product_cat":[53],"product_tag":[617,620,618,621,622,619],"class_list":{"0":"post-9180","1":"product","2":"type-product","3":"status-publish","4":"has-post-thumbnail","6":"product_cat-produits-chimiques-de-recherche","7":"product_tag-acheter-du-chlorhydrate-de-ketamine-en-ligne","8":"product_tag-commander-du-chlorhydrate-de-ketamine-en-ligne","9":"product_tag-comment-acheter-du-chlorhydrate-de-ketamine-en-ligne","10":"product_tag-le-meilleur-endroit-pour-acheter-du-chlorhydrate-de-ketamine-en-ligne","11":"product_tag-ou-acheter-du-chlorhydrate-de-ketamine-en-ligne","12":"product_tag-vente-de-chlorhydrate-de-ketamine","14":"first","15":"instock","16":"shipping-taxable","17":"purchasable","18":"product-type-variable","19":"has-default-attributes"},"acf":[],"yoast_head":"<!-- This site is optimized with the Yoast SEO plugin v27.2 - https:\/\/yoast.com\/product\/yoast-seo-wordpress\/ -->\n<title>Acheter de la k\u00e9tamine HCl injectable en ligne | Global Meds Inc<\/title>\n<meta name=\"description\" content=\"Achetez de la k\u00e9tamine HCl de haute qualit\u00e9 en ligne chez Global Meds Inc. \u2013 cristaux purs, poudre, liquide et comprim\u00e9s pour la recherche et l&#039;usage m\u00e9dical. Livraison rapide et discr\u00e8te dans le monde entier. D\u00e9couvrez la k\u00e9tamine pour le traitement de la d\u00e9pression, le soulagement de la douleur et l&#039;anesth\u00e9sie. \u00c0 partir de 200 \u20ac. Commandez d\u00e8s maintenant et b\u00e9n\u00e9ficiez d&#039;une puret\u00e9 certifi\u00e9e !\" \/>\n<meta name=\"robots\" content=\"index, follow, max-snippet:-1, max-image-preview:large, max-video-preview:-1\" \/>\n<link rel=\"canonical\" href=\"https:\/\/globalmedsonlineinc.com\/fr\/product\/produits-chimiques-de-recherche\/ketamine\/\" \/>\n<meta property=\"og:locale\" content=\"fr_FR\" \/>\n<meta property=\"og:type\" content=\"article\" \/>\n<meta property=\"og:title\" content=\"Acheter de la k\u00e9tamine HCl injectable en ligne | Global Meds Inc\" \/>\n<meta property=\"og:description\" content=\"Achetez de la k\u00e9tamine HCl de haute qualit\u00e9 en ligne chez Global Meds Inc. \u2013 cristaux purs, poudre, liquide et comprim\u00e9s pour la recherche et l&#039;usage m\u00e9dical. Livraison rapide et discr\u00e8te dans le monde entier. D\u00e9couvrez la k\u00e9tamine pour le traitement de la d\u00e9pression, le soulagement de la douleur et l&#039;anesth\u00e9sie. \u00c0 partir de 200 \u20ac. Commandez d\u00e8s maintenant et b\u00e9n\u00e9ficiez d&#039;une puret\u00e9 certifi\u00e9e !\" \/>\n<meta property=\"og:url\" content=\"https:\/\/globalmedsonlineinc.com\/fr\/product\/produits-chimiques-de-recherche\/ketamine\/\" \/>\n<meta property=\"og:site_name\" content=\"Global Meds Inc\" \/>\n<meta property=\"article:modified_time\" content=\"2025-11-29T18:49:53+00:00\" \/>\n<meta property=\"og:image\" content=\"https:\/\/globalmedsonlineinc.com\/fr\/content\/media\/uploads\/sites\/5\/2021\/07\/Ketamine-HCL-for-Sale.jpg\" \/>\n\t<meta property=\"og:image:width\" content=\"1200\" \/>\n\t<meta property=\"og:image:height\" content=\"1200\" \/>\n\t<meta property=\"og:image:type\" content=\"image\/jpeg\" \/>\n<meta name=\"twitter:card\" content=\"summary_large_image\" \/>\n<meta name=\"twitter:label1\" content=\"Dur\u00e9e de lecture estim\u00e9e\" \/>\n\t<meta name=\"twitter:data1\" content=\"6 minutes\" \/>\n<script type=\"application\/ld+json\" class=\"yoast-schema-graph\">{\"@context\":\"https:\/\/schema.org\",\"@graph\":[{\"@type\":\"WebPage\",\"@id\":\"https:\/\/globalmedsonlineinc.com\/fr\/product\/produits-chimiques-de-recherche\/ketamine\/\",\"url\":\"https:\/\/globalmedsonlineinc.com\/fr\/product\/produits-chimiques-de-recherche\/ketamine\/\",\"name\":\"Acheter de la k\u00e9tamine HCl injectable en ligne | Global Meds Inc\",\"isPartOf\":{\"@id\":\"https:\/\/globalmedsonlineinc.com\/fr\/#website\"},\"primaryImageOfPage\":{\"@id\":\"https:\/\/globalmedsonlineinc.com\/fr\/product\/produits-chimiques-de-recherche\/ketamine\/#primaryimage\"},\"image\":{\"@id\":\"https:\/\/globalmedsonlineinc.com\/fr\/product\/produits-chimiques-de-recherche\/ketamine\/#primaryimage\"},\"thumbnailUrl\":\"https:\/\/globalmedsonlineinc.com\/fr\/content\/media\/uploads\/sites\/5\/2021\/07\/Ketamine-HCL-for-Sale.jpg\",\"datePublished\":\"2021-07-02T20:17:48+00:00\",\"dateModified\":\"2025-11-29T18:49:53+00:00\",\"description\":\"Achetez de la k\u00e9tamine HCl de haute qualit\u00e9 en ligne chez Global Meds Inc. \u2013 cristaux purs, poudre, liquide et comprim\u00e9s pour la recherche et l'usage m\u00e9dical. Livraison rapide et discr\u00e8te dans le monde entier. D\u00e9couvrez la k\u00e9tamine pour le traitement de la d\u00e9pression, le soulagement de la douleur et l'anesth\u00e9sie. \u00c0 partir de 200 \u20ac. Commandez d\u00e8s maintenant et b\u00e9n\u00e9ficiez d'une puret\u00e9 certifi\u00e9e !\",\"breadcrumb\":{\"@id\":\"https:\/\/globalmedsonlineinc.com\/fr\/product\/produits-chimiques-de-recherche\/ketamine\/#breadcrumb\"},\"inLanguage\":\"fr-FR\",\"potentialAction\":[{\"@type\":\"ReadAction\",\"target\":[\"https:\/\/globalmedsonlineinc.com\/fr\/product\/produits-chimiques-de-recherche\/ketamine\/\"]}]},{\"@type\":\"ImageObject\",\"inLanguage\":\"fr-FR\",\"@id\":\"https:\/\/globalmedsonlineinc.com\/fr\/product\/produits-chimiques-de-recherche\/ketamine\/#primaryimage\",\"url\":\"https:\/\/globalmedsonlineinc.com\/fr\/content\/media\/uploads\/sites\/5\/2021\/07\/Ketamine-HCL-for-Sale.jpg\",\"contentUrl\":\"https:\/\/globalmedsonlineinc.com\/fr\/content\/media\/uploads\/sites\/5\/2021\/07\/Ketamine-HCL-for-Sale.jpg\",\"width\":1200,\"height\":1200,\"caption\":\"Acheter de la k\u00e9tamine HCl injectable en ligne\"},{\"@type\":\"BreadcrumbList\",\"@id\":\"https:\/\/globalmedsonlineinc.com\/fr\/product\/produits-chimiques-de-recherche\/ketamine\/#breadcrumb\",\"itemListElement\":[{\"@type\":\"ListItem\",\"position\":1,\"name\":\"Home\",\"item\":\"https:\/\/globalmedsonlineinc.com\/fr\/\"},{\"@type\":\"ListItem\",\"position\":2,\"name\":\"Produits\",\"item\":\"https:\/\/globalmedsonlineinc.com\/fr\/produits\/\"},{\"@type\":\"ListItem\",\"position\":3,\"name\":\"Achetez de la k\u00e9tamine en ligne\"}]},{\"@type\":\"WebSite\",\"@id\":\"https:\/\/globalmedsonlineinc.com\/fr\/#website\",\"url\":\"https:\/\/globalmedsonlineinc.com\/fr\/\",\"name\":\"Global Meds Inc\",\"description\":\"\",\"potentialAction\":[{\"@type\":\"SearchAction\",\"target\":{\"@type\":\"EntryPoint\",\"urlTemplate\":\"https:\/\/globalmedsonlineinc.com\/fr\/?s={search_term_string}\"},\"query-input\":{\"@type\":\"PropertyValueSpecification\",\"valueRequired\":true,\"valueName\":\"search_term_string\"}}],\"inLanguage\":\"fr-FR\"}]}<\/script>\n<!-- \/ Yoast SEO plugin. -->","yoast_head_json":{"title":"Acheter de la k\u00e9tamine HCl injectable en ligne | Global Meds Inc","description":"Achetez de la k\u00e9tamine HCl de haute qualit\u00e9 en ligne chez Global Meds Inc. \u2013 cristaux purs, poudre, liquide et comprim\u00e9s pour la recherche et l'usage m\u00e9dical. Livraison rapide et discr\u00e8te dans le monde entier. D\u00e9couvrez la k\u00e9tamine pour le traitement de la d\u00e9pression, le soulagement de la douleur et l'anesth\u00e9sie. \u00c0 partir de 200 \u20ac. Commandez d\u00e8s maintenant et b\u00e9n\u00e9ficiez d'une puret\u00e9 certifi\u00e9e !","robots":{"index":"index","follow":"follow","max-snippet":"max-snippet:-1","max-image-preview":"max-image-preview:large","max-video-preview":"max-video-preview:-1"},"canonical":"https:\/\/globalmedsonlineinc.com\/fr\/product\/produits-chimiques-de-recherche\/ketamine\/","og_locale":"fr_FR","og_type":"article","og_title":"Acheter de la k\u00e9tamine HCl injectable en ligne | Global Meds Inc","og_description":"Achetez de la k\u00e9tamine HCl de haute qualit\u00e9 en ligne chez Global Meds Inc. \u2013 cristaux purs, poudre, liquide et comprim\u00e9s pour la recherche et l'usage m\u00e9dical. Livraison rapide et discr\u00e8te dans le monde entier. D\u00e9couvrez la k\u00e9tamine pour le traitement de la d\u00e9pression, le soulagement de la douleur et l'anesth\u00e9sie. \u00c0 partir de 200 \u20ac. Commandez d\u00e8s maintenant et b\u00e9n\u00e9ficiez d'une puret\u00e9 certifi\u00e9e !","og_url":"https:\/\/globalmedsonlineinc.com\/fr\/product\/produits-chimiques-de-recherche\/ketamine\/","og_site_name":"Global Meds Inc","article_modified_time":"2025-11-29T18:49:53+00:00","og_image":[{"width":1200,"height":1200,"url":"https:\/\/globalmedsonlineinc.com\/fr\/content\/media\/uploads\/sites\/5\/2021\/07\/Ketamine-HCL-for-Sale.jpg","type":"image\/jpeg"}],"twitter_card":"summary_large_image","twitter_misc":{"Dur\u00e9e de lecture estim\u00e9e":"6 minutes"},"schema":{"@context":"https:\/\/schema.org","@graph":[{"@type":"WebPage","@id":"https:\/\/globalmedsonlineinc.com\/fr\/product\/produits-chimiques-de-recherche\/ketamine\/","url":"https:\/\/globalmedsonlineinc.com\/fr\/product\/produits-chimiques-de-recherche\/ketamine\/","name":"Acheter de la k\u00e9tamine HCl injectable en ligne | Global Meds Inc","isPartOf":{"@id":"https:\/\/globalmedsonlineinc.com\/fr\/#website"},"primaryImageOfPage":{"@id":"https:\/\/globalmedsonlineinc.com\/fr\/product\/produits-chimiques-de-recherche\/ketamine\/#primaryimage"},"image":{"@id":"https:\/\/globalmedsonlineinc.com\/fr\/product\/produits-chimiques-de-recherche\/ketamine\/#primaryimage"},"thumbnailUrl":"https:\/\/globalmedsonlineinc.com\/fr\/content\/media\/uploads\/sites\/5\/2021\/07\/Ketamine-HCL-for-Sale.jpg","datePublished":"2021-07-02T20:17:48+00:00","dateModified":"2025-11-29T18:49:53+00:00","description":"Achetez de la k\u00e9tamine HCl de haute qualit\u00e9 en ligne chez Global Meds Inc. \u2013 cristaux purs, poudre, liquide et comprim\u00e9s pour la recherche et l'usage m\u00e9dical. Livraison rapide et discr\u00e8te dans le monde entier. D\u00e9couvrez la k\u00e9tamine pour le traitement de la d\u00e9pression, le soulagement de la douleur et l'anesth\u00e9sie. \u00c0 partir de 200 \u20ac. Commandez d\u00e8s maintenant et b\u00e9n\u00e9ficiez d'une puret\u00e9 certifi\u00e9e !","breadcrumb":{"@id":"https:\/\/globalmedsonlineinc.com\/fr\/product\/produits-chimiques-de-recherche\/ketamine\/#breadcrumb"},"inLanguage":"fr-FR","potentialAction":[{"@type":"ReadAction","target":["https:\/\/globalmedsonlineinc.com\/fr\/product\/produits-chimiques-de-recherche\/ketamine\/"]}]},{"@type":"ImageObject","inLanguage":"fr-FR","@id":"https:\/\/globalmedsonlineinc.com\/fr\/product\/produits-chimiques-de-recherche\/ketamine\/#primaryimage","url":"https:\/\/globalmedsonlineinc.com\/fr\/content\/media\/uploads\/sites\/5\/2021\/07\/Ketamine-HCL-for-Sale.jpg","contentUrl":"https:\/\/globalmedsonlineinc.com\/fr\/content\/media\/uploads\/sites\/5\/2021\/07\/Ketamine-HCL-for-Sale.jpg","width":1200,"height":1200,"caption":"Acheter de la k\u00e9tamine HCl injectable en ligne"},{"@type":"BreadcrumbList","@id":"https:\/\/globalmedsonlineinc.com\/fr\/product\/produits-chimiques-de-recherche\/ketamine\/#breadcrumb","itemListElement":[{"@type":"ListItem","position":1,"name":"Home","item":"https:\/\/globalmedsonlineinc.com\/fr\/"},{"@type":"ListItem","position":2,"name":"Produits","item":"https:\/\/globalmedsonlineinc.com\/fr\/produits\/"},{"@type":"ListItem","position":3,"name":"Achetez de la k\u00e9tamine en ligne"}]},{"@type":"WebSite","@id":"https:\/\/globalmedsonlineinc.com\/fr\/#website","url":"https:\/\/globalmedsonlineinc.com\/fr\/","name":"Global Meds Inc","description":"","potentialAction":[{"@type":"SearchAction","target":{"@type":"EntryPoint","urlTemplate":"https:\/\/globalmedsonlineinc.com\/fr\/?s={search_term_string}"},"query-input":{"@type":"PropertyValueSpecification","valueRequired":true,"valueName":"search_term_string"}}],"inLanguage":"fr-FR"}]}},"_links":{"self":[{"href":"https:\/\/globalmedsonlineinc.com\/fr\/wp-json\/wp\/v2\/product\/9180","targetHints":{"allow":["GET"]}}],"collection":[{"href":"https:\/\/globalmedsonlineinc.com\/fr\/wp-json\/wp\/v2\/product"}],"about":[{"href":"https:\/\/globalmedsonlineinc.com\/fr\/wp-json\/wp\/v2\/types\/product"}],"replies":[{"embeddable":true,"href":"https:\/\/globalmedsonlineinc.com\/fr\/wp-json\/wp\/v2\/comments?post=9180"}],"wp:featuredmedia":[{"embeddable":true,"href":"https:\/\/globalmedsonlineinc.com\/fr\/wp-json\/wp\/v2\/media\/9181"}],"wp:attachment":[{"href":"https:\/\/globalmedsonlineinc.com\/fr\/wp-json\/wp\/v2\/media?parent=9180"}],"wp:term":[{"taxonomy":"product_brand","embeddable":true,"href":"https:\/\/globalmedsonlineinc.com\/fr\/wp-json\/wp\/v2\/product_brand?post=9180"},{"taxonomy":"product_cat","embeddable":true,"href":"https:\/\/globalmedsonlineinc.com\/fr\/wp-json\/wp\/v2\/product_cat?post=9180"},{"taxonomy":"product_tag","embeddable":true,"href":"https:\/\/globalmedsonlineinc.com\/fr\/wp-json\/wp\/v2\/product_tag?post=9180"}],"curies":[{"name":"wp","href":"https:\/\/api.w.org\/{rel}","templated":true}]}}