{"id":9144,"date":"2021-07-02T18:37:54","date_gmt":"2021-07-02T18:37:54","guid":{"rendered":"https:\/\/globalmedsonlineinc.com\/fr\/?post_type=product&#038;p=9144"},"modified":"2025-11-29T18:41:06","modified_gmt":"2025-11-29T18:41:06","slug":"les-patchs-de-fentanyl","status":"publish","type":"product","link":"https:\/\/globalmedsonlineinc.com\/fr\/product\/anti-douleurs\/les-patchs-de-fentanyl\/","title":{"rendered":"Achetez des patchs de fentanyl en ligne"},"content":{"rendered":"<h1>Achetez des patchs de fentanyl en ligne \u2013 Soulagement efficace de la douleur chronique avec livraison discr\u00e8te<\/h1>\n<p><a href=\"https:\/\/globalmedsonlineinc.com\/fr\/product\/anti-douleurs\/les-patchs-de-fentanyl\/\">Achetez des patchs de fentanyl en ligne<\/a>. Vous souffrez de douleurs chroniques persistantes que les m\u00e9dicaments sans ordonnance ne parviennent pas \u00e0 soulager\u00a0? Les patchs de fentanyl offrent une solution puissante et durable pour la gestion des douleurs intenses. Figurant parmi les opio\u00efdes synth\u00e9tiques les plus puissants disponibles \u2013 jusqu\u2019\u00e0 100 fois plus puissants que la morphine \u2013 ces patchs transdermiques procurent un soulagement continu gr\u00e2ce \u00e0 leur technologie de lib\u00e9ration prolong\u00e9e. Chez Global Meds Online Inc., nous simplifions l\u2019achat de patchs de fentanyl en ligne gr\u00e2ce \u00e0 une livraison rapide et discr\u00e8te dans le monde entier et \u00e0 un contr\u00f4le qualit\u00e9 rigoureux effectu\u00e9 par des experts.<\/p>\n<p>Que ce soit pour g\u00e9rer des douleurs aigu\u00ebs, des douleurs post-op\u00e9ratoires ou pour des soins palliatifs, nos patchs de fentanyl sont con\u00e7us pour une utilisation s\u00fbre et efficace sous contr\u00f4le m\u00e9dical. D\u00e9couvrez notre gamme de dosages, notamment le patch \u00e0 100\u00a0mcg, et constatez la diff\u00e9rence\u00a0: des produits pharmaceutiques de qualit\u00e9 sup\u00e9rieure livr\u00e9s directement chez vous.<\/p>\n<p>Que sont les patchs de fentanyl et comment fonctionnent-ils\u00a0?<\/p>\n<p>Les patchs de fentanyl, \u00e9galement appel\u00e9s syst\u00e8mes transdermiques de fentanyl, sont des dispositifs d\u2019administration innovants, dot\u00e9s d\u2019un r\u00e9servoir, qui adh\u00e8rent \u00e0 la peau pour une lib\u00e9ration continue d\u2019opio\u00efdes. D\u00e9velopp\u00e9 dans les ann\u00e9es\u00a01960 par le Dr\u00a0Paul Janssen et perfectionn\u00e9 sous forme de patch au milieu des ann\u00e9es\u00a01990, le fentanyl agit comme un puissant agoniste des r\u00e9cepteurs \u03bc-opio\u00efdes, procurant un soulagement cibl\u00e9 gr\u00e2ce \u00e0 une action rapide et de courte dur\u00e9e.<\/p>\n<p>Contrairement aux analg\u00e9siques oraux, ces patchs contournent le syst\u00e8me digestif, assurant une lib\u00e9ration constante pendant 72\u00a0heures. Id\u00e9aux pour le traitement de la douleur chronique, ils permettent aux patients de maintenir leurs activit\u00e9s quotidiennes sans avoir \u00e0 prendre des comprim\u00e9s r\u00e9guli\u00e8rement. Principales indications des patchs de fentanyl\u00a0:<\/p>\n<p>Gestion de la douleur chronique intense chez l\u2019adulte.<\/p>\n<p>Acc\u00e8s douloureux paroxystiques chez les personnes tol\u00e9rantes aux opio\u00efdes.<\/p>\n<p>Analg\u00e9sie pr\u00e9op\u00e9ratoire et adjuvant \u00e0 l\u2019anesth\u00e9sie pendant la chirurgie.<\/p>\n<p>Soulagement de la douleur pendant l\u2019accouchement en milieu contr\u00f4l\u00e9.<\/p>\n<p>Avec un index th\u00e9rapeutique \u00e9lev\u00e9 (jusqu&#8217;\u00e0 270 sous surveillance), les patchs de fentanyl sont une option fiable en milieu m\u00e9dical \u00e0 travers le monde\u00a0: plus de 1\u00a0700\u00a0kg ont \u00e9t\u00e9 utilis\u00e9s dans le monde entier rien qu&#8217;en 2013.<\/p>\n<p>Concentrations disponibles et recommandations posologiques<\/p>\n<p>Nos patchs de fentanyl sont disponibles en concentrations fiables de 100\u00a0\u00b5g, id\u00e9ales pour les douleurs mod\u00e9r\u00e9es \u00e0 s\u00e9v\u00e8res. La posologie doit toujours \u00eatre personnalis\u00e9e par un professionnel de sant\u00e9 en fonction de votre tol\u00e9rance et de votre \u00e9tat\u00a0:<\/p>\n<p>Appliquez un patch sur une peau propre, s\u00e8che et non irrit\u00e9e (par exemple, le haut du bras ou le dos).<\/p>\n<p>Renouvelez le patch toutes les 72\u00a0heures pour \u00e9viter les risques de sevrage ou de surdosage.<\/p>\n<p>Commencez par une faible dose et augmentez-la progressivement\u00a0; ne coupez ni ne m\u00e2chez jamais les patchs.<\/p>\n<p>Pour ceux qui recherchent des alternatives, nous proposons \u00e9galement du fentanyl sous forme de comprim\u00e9s, d&#8217;injections et de pastilles, mais les patchs se distinguent par leur praticit\u00e9 dans le cadre d&#8217;une prise en charge de la douleur au long cours.<\/p>\n<p>Principaux avantages des patchs de fentanyl pour le soulagement de la douleur<\/p>\n<p>Pourquoi choisir les patchs de fentanyl en ligne chez Global Meds\u00a0? Voici ce qui les distingue\u00a0:<\/p>\n<p>Soulagement de la douleur 24h\/24 et 7j\/7\u00a0: Leur formule \u00e0 lib\u00e9ration prolong\u00e9e \u00e9limine les fluctuations de la douleur pour un soulagement constant.<\/p>\n<p>Puissante efficacit\u00e9\u00a0: 50 \u00e0 100 fois plus puissants que la morphine, ils soulagent m\u00eame les douleurs chroniques les plus intenses.<\/p>\n<p>Discrets et pratiques\u00a0: Leur adh\u00e9sif cutan\u00e9 assure une application invisible, id\u00e9al pour les personnes actives.<\/p>\n<p>Efficacit\u00e9 prouv\u00e9e\u00a0: Utilis\u00e9s en milieu hospitalier pour l\u2019anesth\u00e9sie et les soins palliatifs, ils agissent rapidement en cas d\u2019urgence.<\/p>\n<p>Qualit\u00e9 garantie\u00a0: Test\u00e9s en laboratoire, leur emballage inviolable garantit un transport en toute s\u00e9curit\u00e9.<\/p>\n<p>\u00c0 partir de 238,00\u00a0\u20ac jusqu\u2019\u00e0 480,00\u00a0\u20ac (selon la quantit\u00e9), nos patchs offrent un excellent rapport qualit\u00e9-prix sans compromis sur la s\u00e9curit\u00e9.<\/p>\n<p>Effets secondaires potentiels et pr\u00e9cautions importantes<\/p>\n<p>Bien que tr\u00e8s efficaces, les patchs de fentanyl n\u00e9cessitent une utilisation responsable en raison de leur puissance. Les effets secondaires courants incluent la somnolence, les naus\u00e9es, la constipation et une irritation cutan\u00e9e au site d\u2019application. Des risques graves, comme la d\u00e9pression respiratoire ou le surdosage, peuvent survenir, surtout en cas de mauvaise utilisation. Respectez donc scrupuleusement les doses prescrites.<\/p>\n<p>Pr\u00e9cautions d&#8217;emploi des patchs de fentanyl\u00a0:<\/p>\n<p>Consultez un m\u00e9decin avant utilisation. Ce traitement n&#8217;est pas adapt\u00e9 aux douleurs l\u00e9g\u00e8res ni aux patients n&#8217;ayant jamais pris d&#8217;opio\u00efdes.<\/p>\n<p>Conservez-les hors de port\u00e9e des enfants et \u00e9vitez l&#8217;exposition \u00e0 la chaleur (par exemple, les saunas) pour pr\u00e9venir une lib\u00e9ration rapide.<\/p>\n<p>Surveillez les signes de d\u00e9pendance\u00a0; r\u00e9duisez progressivement la dose en cas d&#8217;arr\u00eat.<\/p>\n<p>\u00c9vitez la consommation d&#8217;alcool et de s\u00e9datifs pour pr\u00e9venir l&#8217;amplification des effets.<\/p>\n<p>Chez Global Meds, votre sant\u00e9 est notre priorit\u00e9. Nos produits sont destin\u00e9s exclusivement \u00e0 des besoins m\u00e9dicaux l\u00e9gitimes. Si vous souffrez de douleurs intenses, consultez un professionnel de sant\u00e9 d\u00e8s aujourd&#8217;hui.<\/p>\n<p>Commandez vos patchs de fentanyl en ligne d\u00e8s aujourd&#8217;hui\u00a0! Livraison rapide et s\u00e9curis\u00e9e.<\/p>\n<p>Pr\u00eat \u00e0 soulager vos douleurs chroniques\u00a0? Achetez vos patchs de fentanyl en toute confiance chez Global Meds Online Inc. Choisissez la quantit\u00e9, effectuez un paiement s\u00e9curis\u00e9 et notre \u00e9quipe s&#8217;occupe du reste\u00a0: emballage discret et livraison express dans le monde entier.<\/p>\n<p>Mots-cl\u00e9s pour le r\u00e9f\u00e9rencement\u00a0: patchs de fentanyl \u00e0 vendre, acheter des patchs de fentanyl en ligne, patchs contre la douleur chronique, syst\u00e8me transdermique de fentanyl, opio\u00efde pour la gestion de la douleur intense.<\/p>\n<p>Avertissement\u00a0: Le fentanyl est une substance contr\u00f4l\u00e9e de cat\u00e9gorie II. Ce contenu est fourni \u00e0 titre informatif uniquement\u00a0; suivez toujours les recommandations m\u00e9dicales.<\/p>\n","protected":false},"excerpt":{"rendered":"<p>Le fentanyl est un m\u00e9dicament utilis\u00e9 pour le soulagement de la douleur chronique. Le patch contient un r\u00e9servoir de m\u00e9dicament qui est lib\u00e9r\u00e9 lentement pour assurer un contr\u00f4le de la douleur 24 heures sur 24.<\/p>\n","protected":false},"featured_media":9145,"comment_status":"open","ping_status":"closed","template":"","meta":{"_acf_changed":false,"_monsterinsights_skip_tracking":false,"_monsterinsights_sitenote_active":false,"_monsterinsights_sitenote_note":"","_monsterinsights_sitenote_category":0},"product_brand":[],"product_cat":[52],"product_tag":[701,699,253,674,255,256,258,675,687,690,688,689,259,694,695,691,679,678,677,671,672,673,681,676,680,682,693,692,684,685,700,702,703,683,686,696,698,697],"class_list":{"0":"post-9144","1":"product","2":"type-product","3":"status-publish","4":"has-post-thumbnail","6":"product_cat-anti-douleurs","7":"product_tag-a-quelle-dose-les-timbres-de-fentanyl-sont-ils-vendus","8":"product_tag-a-quoi-servent-les-timbres-de-fentanyl","9":"product_tag-apotex-fentanyl-patches","10":"product_tag-appliquer-fentanyl-patches","11":"product_tag-best-way-to-abuse-fentanyl-patches","12":"product_tag-buy-fentanyl-patches","13":"product_tag-chewing-non-gel-fentanyl-patches","14":"product_tag-chewing-patchs-fentanyl","15":"product_tag-comment-fonctionnent-les-patchs-de-fentanyl","16":"product_tag-comment-fumer-les-patchs-de-fentanyl","17":"product_tag-comment-se-debarrasser-des-patchs-de-fentanyl","18":"product_tag-comment-tirer-sur-les-patchs-de-fentanyl","19":"product_tag-different-types-of-fentanyl-patches","20":"product_tag-effets-secondaires-des-timbres-de-fentanyl","21":"product_tag-effets-secondaires-des-timbres-de-fentanyl-chez-les-personnes-agees","22":"product_tag-fabricants-des-patchs-de-fentanyl","23":"product_tag-les-doses-de-patchs-de-fentanyl","24":"product_tag-les-marques-de-patchs-de-fentanyl","25":"product_tag-les-patchs-de-fentanyl-50-mg","26":"product_tag-les-patchs-de-fentanyl-a-100-mg","27":"product_tag-les-patchs-de-fentanyl-a-100-microgrammes","28":"product_tag-les-patchs-de-fentanyl-a-12-5-mcg-fentanyl-patches","29":"product_tag-les-patchs-de-fentanyl-en-surdose","30":"product_tag-les-patchs-de-fentanyl-font-ils-planer","31":"product_tag-les-patchs-de-fentanyl-pour-la-douleur","32":"product_tag-les-patchs-de-fentanyl-procurent-un-soulagement-immediat-de-la-douleur-et-ne-necessitent-pas-de-medicaments-adjuvants","33":"product_tag-patchs-de-fentanyl-sandoz","34":"product_tag-photos-des-patchs-de-fentanyl","35":"product_tag-prix-de-vente-des-patchs-de-fentanyl","36":"product_tag-puissance-des-patchs-de-fentanyl","37":"product_tag-quest-ce-que-les-timbres-de-fentanyl","38":"product_tag-quel-est-le-calendrier-des-timbres-de-fentanyl","39":"product_tag-quelle-est-la-force-des-timbres-de-fentanyl","40":"product_tag-rappel-des-patchs-de-fentanyl","41":"product_tag-sevrage-des-patchs-de-fentanyl","42":"product_tag-timbres-de-fentanyl-de-teva","43":"product_tag-timbres-de-fentanyl-de-watson","44":"product_tag-timbres-de-fentanyl-transdermiques","46":"first","47":"instock","48":"shipping-taxable","49":"purchasable","50":"product-type-variable","51":"has-default-attributes"},"acf":[],"yoast_head":"<!-- This site is optimized with the Yoast SEO plugin v27.2 - https:\/\/yoast.com\/product\/yoast-seo-wordpress\/ -->\n<title>Achetez des patchs de fentanyl en ligne | Global Meds Inc.<\/title>\n<meta name=\"description\" content=\"Achetez des patchs de fentanyl en ligne pour un soulagement efficace des douleurs chroniques. 100 mcg, diffusion transdermique prolong\u00e9e pour un contr\u00f4le de la douleur pendant 72 heures. Livraison discr\u00e8te \u00e0 partir de 238 \u20ac. Commandez rapidement et en toute s\u00e9curit\u00e9 chez Global Meds Inc.\" \/>\n<meta name=\"robots\" content=\"index, follow, max-snippet:-1, max-image-preview:large, max-video-preview:-1\" \/>\n<link rel=\"canonical\" href=\"https:\/\/globalmedsonlineinc.com\/fr\/product\/anti-douleurs\/les-patchs-de-fentanyl\/\" \/>\n<meta property=\"og:locale\" content=\"fr_FR\" \/>\n<meta property=\"og:type\" content=\"article\" \/>\n<meta property=\"og:title\" content=\"Achetez des patchs de fentanyl en ligne | Global Meds Inc.\" \/>\n<meta property=\"og:description\" content=\"Achetez des patchs de fentanyl en ligne pour un soulagement efficace des douleurs chroniques. 100 mcg, diffusion transdermique prolong\u00e9e pour un contr\u00f4le de la douleur pendant 72 heures. Livraison discr\u00e8te \u00e0 partir de 238 \u20ac. Commandez rapidement et en toute s\u00e9curit\u00e9 chez Global Meds Inc.\" \/>\n<meta property=\"og:url\" content=\"https:\/\/globalmedsonlineinc.com\/fr\/product\/anti-douleurs\/les-patchs-de-fentanyl\/\" \/>\n<meta property=\"og:site_name\" content=\"Global Meds Inc\" \/>\n<meta property=\"article:modified_time\" content=\"2025-11-29T18:41:06+00:00\" \/>\n<meta property=\"og:image\" content=\"https:\/\/globalmedsonlineinc.com\/fr\/content\/media\/uploads\/sites\/5\/2021\/07\/Fentanyl-100mcg-patch.jpg\" \/>\n\t<meta property=\"og:image:width\" content=\"1200\" \/>\n\t<meta property=\"og:image:height\" content=\"1200\" \/>\n\t<meta property=\"og:image:type\" content=\"image\/jpeg\" \/>\n<meta name=\"twitter:card\" content=\"summary_large_image\" \/>\n<meta name=\"twitter:label1\" content=\"Dur\u00e9e de lecture estim\u00e9e\" \/>\n\t<meta name=\"twitter:data1\" content=\"5 minutes\" \/>\n<script type=\"application\/ld+json\" class=\"yoast-schema-graph\">{\"@context\":\"https:\/\/schema.org\",\"@graph\":[{\"@type\":\"WebPage\",\"@id\":\"https:\/\/globalmedsonlineinc.com\/fr\/product\/anti-douleurs\/les-patchs-de-fentanyl\/\",\"url\":\"https:\/\/globalmedsonlineinc.com\/fr\/product\/anti-douleurs\/les-patchs-de-fentanyl\/\",\"name\":\"Achetez des patchs de fentanyl en ligne | Global Meds Inc.\",\"isPartOf\":{\"@id\":\"https:\/\/globalmedsonlineinc.com\/fr\/#website\"},\"primaryImageOfPage\":{\"@id\":\"https:\/\/globalmedsonlineinc.com\/fr\/product\/anti-douleurs\/les-patchs-de-fentanyl\/#primaryimage\"},\"image\":{\"@id\":\"https:\/\/globalmedsonlineinc.com\/fr\/product\/anti-douleurs\/les-patchs-de-fentanyl\/#primaryimage\"},\"thumbnailUrl\":\"https:\/\/globalmedsonlineinc.com\/fr\/content\/media\/uploads\/sites\/5\/2021\/07\/Fentanyl-100mcg-patch.jpg\",\"datePublished\":\"2021-07-02T18:37:54+00:00\",\"dateModified\":\"2025-11-29T18:41:06+00:00\",\"description\":\"Achetez des patchs de fentanyl en ligne pour un soulagement efficace des douleurs chroniques. 100 mcg, diffusion transdermique prolong\u00e9e pour un contr\u00f4le de la douleur pendant 72 heures. Livraison discr\u00e8te \u00e0 partir de 238 \u20ac. Commandez rapidement et en toute s\u00e9curit\u00e9 chez Global Meds Inc.\",\"breadcrumb\":{\"@id\":\"https:\/\/globalmedsonlineinc.com\/fr\/product\/anti-douleurs\/les-patchs-de-fentanyl\/#breadcrumb\"},\"inLanguage\":\"fr-FR\",\"potentialAction\":[{\"@type\":\"ReadAction\",\"target\":[\"https:\/\/globalmedsonlineinc.com\/fr\/product\/anti-douleurs\/les-patchs-de-fentanyl\/\"]}]},{\"@type\":\"ImageObject\",\"inLanguage\":\"fr-FR\",\"@id\":\"https:\/\/globalmedsonlineinc.com\/fr\/product\/anti-douleurs\/les-patchs-de-fentanyl\/#primaryimage\",\"url\":\"https:\/\/globalmedsonlineinc.com\/fr\/content\/media\/uploads\/sites\/5\/2021\/07\/Fentanyl-100mcg-patch.jpg\",\"contentUrl\":\"https:\/\/globalmedsonlineinc.com\/fr\/content\/media\/uploads\/sites\/5\/2021\/07\/Fentanyl-100mcg-patch.jpg\",\"width\":1200,\"height\":1200,\"caption\":\"Achetez des patchs de fentanyl en ligne\"},{\"@type\":\"BreadcrumbList\",\"@id\":\"https:\/\/globalmedsonlineinc.com\/fr\/product\/anti-douleurs\/les-patchs-de-fentanyl\/#breadcrumb\",\"itemListElement\":[{\"@type\":\"ListItem\",\"position\":1,\"name\":\"Home\",\"item\":\"https:\/\/globalmedsonlineinc.com\/fr\/\"},{\"@type\":\"ListItem\",\"position\":2,\"name\":\"Produits\",\"item\":\"https:\/\/globalmedsonlineinc.com\/fr\/produits\/\"},{\"@type\":\"ListItem\",\"position\":3,\"name\":\"Achetez des patchs de fentanyl en ligne\"}]},{\"@type\":\"WebSite\",\"@id\":\"https:\/\/globalmedsonlineinc.com\/fr\/#website\",\"url\":\"https:\/\/globalmedsonlineinc.com\/fr\/\",\"name\":\"Global Meds Inc\",\"description\":\"\",\"potentialAction\":[{\"@type\":\"SearchAction\",\"target\":{\"@type\":\"EntryPoint\",\"urlTemplate\":\"https:\/\/globalmedsonlineinc.com\/fr\/?s={search_term_string}\"},\"query-input\":{\"@type\":\"PropertyValueSpecification\",\"valueRequired\":true,\"valueName\":\"search_term_string\"}}],\"inLanguage\":\"fr-FR\"}]}<\/script>\n<!-- \/ Yoast SEO plugin. -->","yoast_head_json":{"title":"Achetez des patchs de fentanyl en ligne | Global Meds Inc.","description":"Achetez des patchs de fentanyl en ligne pour un soulagement efficace des douleurs chroniques. 100 mcg, diffusion transdermique prolong\u00e9e pour un contr\u00f4le de la douleur pendant 72 heures. Livraison discr\u00e8te \u00e0 partir de 238 \u20ac. Commandez rapidement et en toute s\u00e9curit\u00e9 chez Global Meds Inc.","robots":{"index":"index","follow":"follow","max-snippet":"max-snippet:-1","max-image-preview":"max-image-preview:large","max-video-preview":"max-video-preview:-1"},"canonical":"https:\/\/globalmedsonlineinc.com\/fr\/product\/anti-douleurs\/les-patchs-de-fentanyl\/","og_locale":"fr_FR","og_type":"article","og_title":"Achetez des patchs de fentanyl en ligne | Global Meds Inc.","og_description":"Achetez des patchs de fentanyl en ligne pour un soulagement efficace des douleurs chroniques. 100 mcg, diffusion transdermique prolong\u00e9e pour un contr\u00f4le de la douleur pendant 72 heures. Livraison discr\u00e8te \u00e0 partir de 238 \u20ac. Commandez rapidement et en toute s\u00e9curit\u00e9 chez Global Meds Inc.","og_url":"https:\/\/globalmedsonlineinc.com\/fr\/product\/anti-douleurs\/les-patchs-de-fentanyl\/","og_site_name":"Global Meds Inc","article_modified_time":"2025-11-29T18:41:06+00:00","og_image":[{"width":1200,"height":1200,"url":"https:\/\/globalmedsonlineinc.com\/fr\/content\/media\/uploads\/sites\/5\/2021\/07\/Fentanyl-100mcg-patch.jpg","type":"image\/jpeg"}],"twitter_card":"summary_large_image","twitter_misc":{"Dur\u00e9e de lecture estim\u00e9e":"5 minutes"},"schema":{"@context":"https:\/\/schema.org","@graph":[{"@type":"WebPage","@id":"https:\/\/globalmedsonlineinc.com\/fr\/product\/anti-douleurs\/les-patchs-de-fentanyl\/","url":"https:\/\/globalmedsonlineinc.com\/fr\/product\/anti-douleurs\/les-patchs-de-fentanyl\/","name":"Achetez des patchs de fentanyl en ligne | Global Meds Inc.","isPartOf":{"@id":"https:\/\/globalmedsonlineinc.com\/fr\/#website"},"primaryImageOfPage":{"@id":"https:\/\/globalmedsonlineinc.com\/fr\/product\/anti-douleurs\/les-patchs-de-fentanyl\/#primaryimage"},"image":{"@id":"https:\/\/globalmedsonlineinc.com\/fr\/product\/anti-douleurs\/les-patchs-de-fentanyl\/#primaryimage"},"thumbnailUrl":"https:\/\/globalmedsonlineinc.com\/fr\/content\/media\/uploads\/sites\/5\/2021\/07\/Fentanyl-100mcg-patch.jpg","datePublished":"2021-07-02T18:37:54+00:00","dateModified":"2025-11-29T18:41:06+00:00","description":"Achetez des patchs de fentanyl en ligne pour un soulagement efficace des douleurs chroniques. 100 mcg, diffusion transdermique prolong\u00e9e pour un contr\u00f4le de la douleur pendant 72 heures. Livraison discr\u00e8te \u00e0 partir de 238 \u20ac. Commandez rapidement et en toute s\u00e9curit\u00e9 chez Global Meds Inc.","breadcrumb":{"@id":"https:\/\/globalmedsonlineinc.com\/fr\/product\/anti-douleurs\/les-patchs-de-fentanyl\/#breadcrumb"},"inLanguage":"fr-FR","potentialAction":[{"@type":"ReadAction","target":["https:\/\/globalmedsonlineinc.com\/fr\/product\/anti-douleurs\/les-patchs-de-fentanyl\/"]}]},{"@type":"ImageObject","inLanguage":"fr-FR","@id":"https:\/\/globalmedsonlineinc.com\/fr\/product\/anti-douleurs\/les-patchs-de-fentanyl\/#primaryimage","url":"https:\/\/globalmedsonlineinc.com\/fr\/content\/media\/uploads\/sites\/5\/2021\/07\/Fentanyl-100mcg-patch.jpg","contentUrl":"https:\/\/globalmedsonlineinc.com\/fr\/content\/media\/uploads\/sites\/5\/2021\/07\/Fentanyl-100mcg-patch.jpg","width":1200,"height":1200,"caption":"Achetez des patchs de fentanyl en ligne"},{"@type":"BreadcrumbList","@id":"https:\/\/globalmedsonlineinc.com\/fr\/product\/anti-douleurs\/les-patchs-de-fentanyl\/#breadcrumb","itemListElement":[{"@type":"ListItem","position":1,"name":"Home","item":"https:\/\/globalmedsonlineinc.com\/fr\/"},{"@type":"ListItem","position":2,"name":"Produits","item":"https:\/\/globalmedsonlineinc.com\/fr\/produits\/"},{"@type":"ListItem","position":3,"name":"Achetez des patchs de fentanyl en ligne"}]},{"@type":"WebSite","@id":"https:\/\/globalmedsonlineinc.com\/fr\/#website","url":"https:\/\/globalmedsonlineinc.com\/fr\/","name":"Global Meds Inc","description":"","potentialAction":[{"@type":"SearchAction","target":{"@type":"EntryPoint","urlTemplate":"https:\/\/globalmedsonlineinc.com\/fr\/?s={search_term_string}"},"query-input":{"@type":"PropertyValueSpecification","valueRequired":true,"valueName":"search_term_string"}}],"inLanguage":"fr-FR"}]}},"_links":{"self":[{"href":"https:\/\/globalmedsonlineinc.com\/fr\/wp-json\/wp\/v2\/product\/9144","targetHints":{"allow":["GET"]}}],"collection":[{"href":"https:\/\/globalmedsonlineinc.com\/fr\/wp-json\/wp\/v2\/product"}],"about":[{"href":"https:\/\/globalmedsonlineinc.com\/fr\/wp-json\/wp\/v2\/types\/product"}],"replies":[{"embeddable":true,"href":"https:\/\/globalmedsonlineinc.com\/fr\/wp-json\/wp\/v2\/comments?post=9144"}],"wp:featuredmedia":[{"embeddable":true,"href":"https:\/\/globalmedsonlineinc.com\/fr\/wp-json\/wp\/v2\/media\/9145"}],"wp:attachment":[{"href":"https:\/\/globalmedsonlineinc.com\/fr\/wp-json\/wp\/v2\/media?parent=9144"}],"wp:term":[{"taxonomy":"product_brand","embeddable":true,"href":"https:\/\/globalmedsonlineinc.com\/fr\/wp-json\/wp\/v2\/product_brand?post=9144"},{"taxonomy":"product_cat","embeddable":true,"href":"https:\/\/globalmedsonlineinc.com\/fr\/wp-json\/wp\/v2\/product_cat?post=9144"},{"taxonomy":"product_tag","embeddable":true,"href":"https:\/\/globalmedsonlineinc.com\/fr\/wp-json\/wp\/v2\/product_tag?post=9144"}],"curies":[{"name":"wp","href":"https:\/\/api.w.org\/{rel}","templated":true}]}}