{"id":9137,"date":"2021-07-02T18:28:09","date_gmt":"2021-07-02T18:28:09","guid":{"rendered":"https:\/\/globalmedsonlineinc.com\/fr\/?post_type=product&#038;p=9137"},"modified":"2025-11-29T18:39:53","modified_gmt":"2025-11-29T18:39:53","slug":"pilules-de-fentanyl","status":"publish","type":"product","link":"https:\/\/globalmedsonlineinc.com\/fr\/product\/anti-douleurs\/pilules-de-fentanyl\/","title":{"rendered":"Achetez des pilules de fentanyl en ligne"},"content":{"rendered":"<h1>D\u00e9couvrez la puissance du fentanyl en comprim\u00e9s : votre solution contre la douleur intense<\/h1>\n<p><a href=\"https:\/\/globalmedsonlineinc.com\/fr\/product\/anti-douleurs\/pilules-de-fentanyl\/\">Achetez du fentanyl en comprim\u00e9s en ligne sans ordonnance<\/a>. Vous recherchez du fentanyl en comprim\u00e9s pour soulager vos douleurs chroniques ou vos crises de douleur ? Chez Global Meds Inc., nous proposons du fentanyl (\u00e9galement appel\u00e9 fentanil) de qualit\u00e9 sup\u00e9rieure, un puissant narcotique de synth\u00e8se 50 \u00e0 100 fois plus puissant que la morphine. Mis au point en 1960 par Paul Janssen, cet agoniste opio\u00efde \u00e0 action rapide et de courte dur\u00e9e cible les r\u00e9cepteurs \u03bc-opio\u00efdes pour un soulagement in\u00e9gal\u00e9. Que vous ayez besoin de soins palliatifs ou d&#8217;une anesth\u00e9sie g\u00e9n\u00e9rale fiable, nos comprim\u00e9s de fentanyl vous offrent l&#8217;efficacit\u00e9 que vous m\u00e9ritez, sans ordonnance.<\/p>\n<p>En 2012, le fentanyl est devenu l&#8217;opio\u00efde de synth\u00e8se le plus prescrit au monde, avec plus de 1\u00a0700 kilogrammes utilis\u00e9s \u00e0 l&#8217;\u00e9chelle mondiale pour la seule ann\u00e9e 2013. Des patchs transdermiques apparus dans les ann\u00e9es 1990 aux formes innovantes comme les comprim\u00e9s orodispersibles et les sprays sublinguaux, acheter du fentanyl en ligne n&#8217;a jamais \u00e9t\u00e9 aussi simple et discret. Nos produits de haute qualit\u00e9 sont conserv\u00e9s sous contr\u00f4le d&#8217;experts, garantissant leur conformit\u00e9 \u00e0 la description et leur capacit\u00e9 \u00e0 r\u00e9pondre \u00e0 vos besoins en mati\u00e8re de soulagement de la douleur.<\/p>\n<p>Principaux avantages des comprim\u00e9s de fentanyl pour une gestion efficace de la douleur<\/p>\n<p>Les comprim\u00e9s de fentanyl se distinguent parmi les analg\u00e9siques opio\u00efdes par leur rapidit\u00e9 d&#8217;action et leur polyvalence. Voici pourquoi ils constituent un choix privil\u00e9gi\u00e9 pour les douleurs intenses\u00a0:<\/p>\n<p>Action ultra-rapide et soulagement puissant\u00a0: Absorption rapide par la muqueuse buccale, pour une analg\u00e9sie puissante en cas d&#8217;affections aigu\u00ebs ou chroniques \u2013 id\u00e9al pour les acc\u00e8s douloureux paroxystiques chez les patients atteints de cancer ou en p\u00e9riode post-op\u00e9ratoire.<\/p>\n<p>Large marge th\u00e9rapeutique\u00a0: Avec une marge de s\u00e9curit\u00e9 de 270, le fentanyl offre des r\u00e9sultats fiables comme anesth\u00e9sique chirurgical (comme le citrate de fentanyl commercialis\u00e9 sous la marque Sublimaze) lorsqu&#8217;il est utilis\u00e9 sous surveillance m\u00e9dicale appropri\u00e9e. Formes polyvalentes pour les soins palliatifs\u00a0: comprim\u00e9s orodispersibles, sprays sublinguaux ou sucettes \u2013 tous absorb\u00e9s efficacement sans aiguille, pour un confort accru.<\/p>\n<p>Discret et accessible\u00a0: sans ordonnance, prix de 350\u00a0\u20ac \u00e0 2\u00a0000\u00a0\u20ac selon la quantit\u00e9, et livraison rapide et confidentielle dans le monde entier.<\/p>\n<p>Contrairement aux opio\u00efdes traditionnels, le fentanyl, utilis\u00e9 pour soulager la douleur, r\u00e9duit le temps d\u2019arr\u00eat et vous aide \u00e0 retrouver une vie normale malgr\u00e9 la douleur.<\/p>\n<p>Utilisation du fentanyl\u00a0: posologie et mode d\u2019administration<\/p>\n<p>Pour un r\u00e9sultat optimal, l\u2019utilisation du fentanyl exige de la pr\u00e9cision en raison de sa forte puissance. Commencez toujours par la dose efficace la plus faible et consultez les recommandations des professionnels de sant\u00e9.<\/p>\n<p>Administration\u00a0: placez les comprim\u00e9s orodispersibles ou les sprays sublinguaux dans la joue ou sous la langue pour une absorption muqueuse rapide. \u00c9vitez d\u2019avaler pour une biodisponibilit\u00e9 maximale.<\/p>\n<p>Posologie recommand\u00e9e\u00a0: la posologie varie selon la tol\u00e9rance individuelle et l\u2019intensit\u00e9 de la douleur \u2013 elle est g\u00e9n\u00e9ralement mesur\u00e9e avec des solutions tr\u00e8s dilu\u00e9es. Ne jamais manipuler de la poudre de fentanyl pure sans \u00e9quipement de pointe, car les doses l\u00e9tales et th\u00e9rapeutiques peuvent \u00eatre identiques \u00e0 l&#8217;\u0153il nu.<\/p>\n<p>Fr\u00e9quence\u00a0: La courte dur\u00e9e d&#8217;action peut n\u00e9cessiter un ajustement posologique pour un soulagement durable\u00a0; une surveillance \u00e9troite est indispensable pour pr\u00e9venir toute accoutumance.<\/p>\n<p>Conseil\u00a0: \u00c0 associer \u00e0 des anti\u00e9m\u00e9tiques si n\u00e9cessaire, et \u00e0 conserver dans un endroit frais et sec, hors de port\u00e9e des enfants.<\/p>\n<p>La s\u00e9curit\u00e9 avant tout\u00a0: Pr\u00e9cautions et effets secondaires des comprim\u00e9s de fentanyl<\/p>\n<p>L&#8217;achat de comprim\u00e9s de fentanyl en ligne offre certes une grande facilit\u00e9, mais un usage responsable est essentiel. La puissance du fentanyl entra\u00eene des risques de surdosage dans un contexte r\u00e9cr\u00e9atif ou m\u00e9dical inappropri\u00e9. Il est donc primordial de respecter les pr\u00e9cautions suivantes\u00a0:<\/p>\n<p>Pr\u00e9vention du surdosage\u00a0: Utiliser des instruments de mesure pr\u00e9cis pour les solutions\u00a0; les sympt\u00f4mes incluent une d\u00e9pression respiratoire \u2013 consulter imm\u00e9diatement un m\u00e9decin.<\/p>\n<p>\u00c0 qui ce produit est-il d\u00e9conseill\u00e9\u00a0?\u00a0: D\u00e9conseill\u00e9 aux personnes souffrant de probl\u00e8mes respiratoires, de traumatismes cr\u00e2niens ou d&#8217;allergies aux opio\u00efdes. Les femmes enceintes ou les personnes sous IMAO doivent consulter un professionnel de sant\u00e9. Effets secondaires courants\u00a0: Possibilit\u00e9 de somnolence, de constipation ou de naus\u00e9es \u2013 bien que moins fr\u00e9quents qu\u2019avec la morphine en raison de son action cibl\u00e9e.<\/p>\n<p>Chez Global Meds Inc., nous privil\u00e9gions l\u2019information\u00a0: le fentanyl excelle dans un usage m\u00e9dical supervis\u00e9 et pr\u00e9sente un excellent profil de s\u00e9curit\u00e9 lorsqu\u2019il est dos\u00e9 correctement.<\/p>\n<p>Pourquoi choisir Global Meds Inc. pour l\u2019achat de vos comprim\u00e9s de fentanyl\u00a0?<\/p>\n<p>Marre des sources peu fiables\u00a0? Nous sommes votre partenaire de confiance pour l\u2019achat de fentanyl et nous vous proposons\u00a0:<\/p>\n<p>Politique sans ordonnance\u00a0: Commande simplifi\u00e9e pour les clients soucieux de leur confidentialit\u00e9.<\/p>\n<p>Prix comp\u00e9titifs\u00a0: Kits de d\u00e9marrage \u00e0 partir de 350\u00a0\u20ac jusqu\u2019\u00e0 des options en gros \u00e0 2\u00a0000\u00a0\u20ac \u2013 un excellent rapport qualit\u00e9-prix.<\/p>\n<p>Qualit\u00e9 garantie\u00a0: Test\u00e9s en laboratoire sous la supervision d\u2019experts pour garantir leur puret\u00e9 et leur puissance.<\/p>\n<p>Livraison rapide\u00a0: Emballage discret, livraison dans les d\u00e9lais annonc\u00e9s, partout dans le monde.<\/p>\n<p>Rejoignez les milliers de personnes qui ont trouv\u00e9 un soulagement \u2013 \u200b\u200bcommandez vos comprim\u00e9s de fentanyl d\u00e8s aujourd\u2019hui et retrouvez une vie sans douleur.<\/p>\n<p>Pr\u00eat \u00e0 acheter\u00a0? Ajoutez au panier d\u00e8s maintenant pour un paiement s\u00e9curis\u00e9. Des questions\u00a0? Contactez notre assistance pour obtenir des conseils personnalis\u00e9s.<\/p>\n","protected":false},"excerpt":{"rendered":"<p>Pilules de fentanyl Au milieu des ann\u00e9es 1990, le fentanyl a \u00e9t\u00e9 introduit pour un usage palliatif avec le patch de fentanyl, suivi dans la d\u00e9cennie suivante par l&#8217;introduction de la sucette de fentanyl, des comprim\u00e9s \u00e0 dissoudre et du spray sublingual qui sont r\u00e9sorb\u00e9s \u00e0 travers la peau \u00e0 l&#8217;int\u00e9rieur de la bouche.<\/p>\n","protected":false},"featured_media":9138,"comment_status":"open","ping_status":"closed","template":"","meta":{"_acf_changed":false,"_monsterinsights_skip_tracking":false,"_monsterinsights_sitenote_active":false,"_monsterinsights_sitenote_note":"","_monsterinsights_sitenote_category":0},"product_brand":[],"product_cat":[52],"product_tag":[707,708,706,725,723,722,724,721,711,720,704,729,705,732,733,734,709,710,726,714,712,716,713,728,718,715,717,719,727,731,730],"class_list":{"0":"post-9137","1":"product","2":"type-product","3":"status-publish","4":"has-post-thumbnail","6":"product_cat-anti-douleurs","7":"product_tag-acheter-des-pilules-de-fentanyl","8":"product_tag-acheter-des-pilules-de-fentanyl-en-ligne","9":"product_tag-acheter-fentanyl-liquid-en-ligne","10":"product_tag-commander-fentanyl-liquid-en-ligne","11":"product_tag-comment-acheter-des-pilules-de-fentanyl-en-ligne","12":"product_tag-comment-acheter-fentanyl-liquid-en-ligne","13":"product_tag-comment-fabriquer-des-pilules-de-fentanyl","14":"product_tag-comment-fonctionnent-les-pilules-de-fentanyl","15":"product_tag-fentanyl-liquid-en-vente","16":"product_tag-fentanyl-sans-ordonnance","17":"product_tag-flacon-de-pilules-de-fentanyl","18":"product_tag-le-meilleur-endroit-pour-acheter-fentanyl-liquid-en-ligne","19":"product_tag-marques-de-pilules-de-fentanyl","20":"product_tag-ou-acheter-fentanyl-liquid-en-ligne","21":"product_tag-ou-acheter-les-pilules-de-fentanyl-en-ligne","22":"product_tag-ou-obtenir-les-pilules-de-fentanyl","23":"product_tag-peut-on-fumer-des-pilules-de-fentanyl","24":"product_tag-peut-on-prendre-des-pilules-de-fentanyl-et-de-lhydrocodone-ensemble","25":"product_tag-photos-de-pilules-de-fentanyl","26":"product_tag-pilules-de-fentanyl-a-vendre","27":"product_tag-pilules-de-fentanyl-canada","28":"product_tag-pilules-de-fentanyl-combien-de-temps-faut-il-pour-agir","29":"product_tag-pilules-de-fentanyl-contact","30":"product_tag-pilules-de-fentanyl-de-qualite-a-bas-prix","31":"product_tag-pilules-de-fentanyl-detaillants","32":"product_tag-pilules-de-fentanyl-high","33":"product_tag-pilules-de-fentanyl-mg","34":"product_tag-pilules-de-fentanyl-street-value","35":"product_tag-prescription-de-pilules-de-fentanyl","36":"product_tag-quelles-sont-les-pilules-de-fentanyl","37":"product_tag-utilisations-des-pilules-de-fentanyl","39":"first","40":"instock","41":"sale","42":"shipping-taxable","43":"purchasable","44":"product-type-variable","45":"has-default-attributes"},"acf":[],"yoast_head":"<!-- This site is optimized with the Yoast SEO plugin v27.2 - https:\/\/yoast.com\/product\/yoast-seo-wordpress\/ -->\n<title>Achetez du fentanyl en comprim\u00e9s en ligne sans ordonnance | Global Meds Inc<\/title>\n<meta name=\"description\" content=\"Achetez du fentanyl en ligne sans ordonnance chez Global Meds Inc. \u2013 Un opio\u00efde synth\u00e9tique puissant pour un soulagement rapide de la douleur. Livraison discr\u00e8te, comprim\u00e9s de fentanyl de haute qualit\u00e9 \u00e0 partir de 350 \u20ac. Un dosage s\u00fbr est essentiel pour la gestion des douleurs intenses.\" \/>\n<meta name=\"robots\" content=\"index, follow, max-snippet:-1, max-image-preview:large, max-video-preview:-1\" \/>\n<link rel=\"canonical\" href=\"https:\/\/globalmedsonlineinc.com\/fr\/product\/anti-douleurs\/pilules-de-fentanyl\/\" \/>\n<meta property=\"og:locale\" content=\"fr_FR\" \/>\n<meta property=\"og:type\" content=\"article\" \/>\n<meta property=\"og:title\" content=\"Achetez du fentanyl en comprim\u00e9s en ligne sans ordonnance | Global Meds Inc\" \/>\n<meta property=\"og:description\" content=\"Achetez du fentanyl en ligne sans ordonnance chez Global Meds Inc. \u2013 Un opio\u00efde synth\u00e9tique puissant pour un soulagement rapide de la douleur. Livraison discr\u00e8te, comprim\u00e9s de fentanyl de haute qualit\u00e9 \u00e0 partir de 350 \u20ac. Un dosage s\u00fbr est essentiel pour la gestion des douleurs intenses.\" \/>\n<meta property=\"og:url\" content=\"https:\/\/globalmedsonlineinc.com\/fr\/product\/anti-douleurs\/pilules-de-fentanyl\/\" \/>\n<meta property=\"og:site_name\" content=\"Global Meds Inc\" \/>\n<meta property=\"article:modified_time\" content=\"2025-11-29T18:39:53+00:00\" \/>\n<meta property=\"og:image\" content=\"https:\/\/globalmedsonlineinc.com\/fr\/content\/media\/uploads\/sites\/5\/2021\/07\/FENTANYL-Pills.jpg\" \/>\n\t<meta property=\"og:image:width\" content=\"1200\" \/>\n\t<meta property=\"og:image:height\" content=\"1200\" \/>\n\t<meta property=\"og:image:type\" content=\"image\/jpeg\" \/>\n<meta name=\"twitter:card\" content=\"summary_large_image\" \/>\n<meta name=\"twitter:label1\" content=\"Dur\u00e9e de lecture estim\u00e9e\" \/>\n\t<meta name=\"twitter:data1\" content=\"5 minutes\" \/>\n<script type=\"application\/ld+json\" class=\"yoast-schema-graph\">{\"@context\":\"https:\/\/schema.org\",\"@graph\":[{\"@type\":\"WebPage\",\"@id\":\"https:\/\/globalmedsonlineinc.com\/fr\/product\/anti-douleurs\/pilules-de-fentanyl\/\",\"url\":\"https:\/\/globalmedsonlineinc.com\/fr\/product\/anti-douleurs\/pilules-de-fentanyl\/\",\"name\":\"Achetez du fentanyl en comprim\u00e9s en ligne sans ordonnance | Global Meds Inc\",\"isPartOf\":{\"@id\":\"https:\/\/globalmedsonlineinc.com\/fr\/#website\"},\"primaryImageOfPage\":{\"@id\":\"https:\/\/globalmedsonlineinc.com\/fr\/product\/anti-douleurs\/pilules-de-fentanyl\/#primaryimage\"},\"image\":{\"@id\":\"https:\/\/globalmedsonlineinc.com\/fr\/product\/anti-douleurs\/pilules-de-fentanyl\/#primaryimage\"},\"thumbnailUrl\":\"https:\/\/globalmedsonlineinc.com\/fr\/content\/media\/uploads\/sites\/5\/2021\/07\/FENTANYL-Pills.jpg\",\"datePublished\":\"2021-07-02T18:28:09+00:00\",\"dateModified\":\"2025-11-29T18:39:53+00:00\",\"description\":\"Achetez du fentanyl en ligne sans ordonnance chez Global Meds Inc. \u2013 Un opio\u00efde synth\u00e9tique puissant pour un soulagement rapide de la douleur. Livraison discr\u00e8te, comprim\u00e9s de fentanyl de haute qualit\u00e9 \u00e0 partir de 350 \u20ac. Un dosage s\u00fbr est essentiel pour la gestion des douleurs intenses.\",\"breadcrumb\":{\"@id\":\"https:\/\/globalmedsonlineinc.com\/fr\/product\/anti-douleurs\/pilules-de-fentanyl\/#breadcrumb\"},\"inLanguage\":\"fr-FR\",\"potentialAction\":[{\"@type\":\"ReadAction\",\"target\":[\"https:\/\/globalmedsonlineinc.com\/fr\/product\/anti-douleurs\/pilules-de-fentanyl\/\"]}]},{\"@type\":\"ImageObject\",\"inLanguage\":\"fr-FR\",\"@id\":\"https:\/\/globalmedsonlineinc.com\/fr\/product\/anti-douleurs\/pilules-de-fentanyl\/#primaryimage\",\"url\":\"https:\/\/globalmedsonlineinc.com\/fr\/content\/media\/uploads\/sites\/5\/2021\/07\/FENTANYL-Pills.jpg\",\"contentUrl\":\"https:\/\/globalmedsonlineinc.com\/fr\/content\/media\/uploads\/sites\/5\/2021\/07\/FENTANYL-Pills.jpg\",\"width\":1200,\"height\":1200,\"caption\":\"Achetez du fentanyl en comprim\u00e9s en ligne sans ordonnance\"},{\"@type\":\"BreadcrumbList\",\"@id\":\"https:\/\/globalmedsonlineinc.com\/fr\/product\/anti-douleurs\/pilules-de-fentanyl\/#breadcrumb\",\"itemListElement\":[{\"@type\":\"ListItem\",\"position\":1,\"name\":\"Home\",\"item\":\"https:\/\/globalmedsonlineinc.com\/fr\/\"},{\"@type\":\"ListItem\",\"position\":2,\"name\":\"Produits\",\"item\":\"https:\/\/globalmedsonlineinc.com\/fr\/produits\/\"},{\"@type\":\"ListItem\",\"position\":3,\"name\":\"Achetez des pilules de fentanyl en ligne\"}]},{\"@type\":\"WebSite\",\"@id\":\"https:\/\/globalmedsonlineinc.com\/fr\/#website\",\"url\":\"https:\/\/globalmedsonlineinc.com\/fr\/\",\"name\":\"Global Meds Inc\",\"description\":\"\",\"potentialAction\":[{\"@type\":\"SearchAction\",\"target\":{\"@type\":\"EntryPoint\",\"urlTemplate\":\"https:\/\/globalmedsonlineinc.com\/fr\/?s={search_term_string}\"},\"query-input\":{\"@type\":\"PropertyValueSpecification\",\"valueRequired\":true,\"valueName\":\"search_term_string\"}}],\"inLanguage\":\"fr-FR\"}]}<\/script>\n<!-- \/ Yoast SEO plugin. -->","yoast_head_json":{"title":"Achetez du fentanyl en comprim\u00e9s en ligne sans ordonnance | Global Meds Inc","description":"Achetez du fentanyl en ligne sans ordonnance chez Global Meds Inc. \u2013 Un opio\u00efde synth\u00e9tique puissant pour un soulagement rapide de la douleur. Livraison discr\u00e8te, comprim\u00e9s de fentanyl de haute qualit\u00e9 \u00e0 partir de 350 \u20ac. Un dosage s\u00fbr est essentiel pour la gestion des douleurs intenses.","robots":{"index":"index","follow":"follow","max-snippet":"max-snippet:-1","max-image-preview":"max-image-preview:large","max-video-preview":"max-video-preview:-1"},"canonical":"https:\/\/globalmedsonlineinc.com\/fr\/product\/anti-douleurs\/pilules-de-fentanyl\/","og_locale":"fr_FR","og_type":"article","og_title":"Achetez du fentanyl en comprim\u00e9s en ligne sans ordonnance | Global Meds Inc","og_description":"Achetez du fentanyl en ligne sans ordonnance chez Global Meds Inc. \u2013 Un opio\u00efde synth\u00e9tique puissant pour un soulagement rapide de la douleur. Livraison discr\u00e8te, comprim\u00e9s de fentanyl de haute qualit\u00e9 \u00e0 partir de 350 \u20ac. Un dosage s\u00fbr est essentiel pour la gestion des douleurs intenses.","og_url":"https:\/\/globalmedsonlineinc.com\/fr\/product\/anti-douleurs\/pilules-de-fentanyl\/","og_site_name":"Global Meds Inc","article_modified_time":"2025-11-29T18:39:53+00:00","og_image":[{"width":1200,"height":1200,"url":"https:\/\/globalmedsonlineinc.com\/fr\/content\/media\/uploads\/sites\/5\/2021\/07\/FENTANYL-Pills.jpg","type":"image\/jpeg"}],"twitter_card":"summary_large_image","twitter_misc":{"Dur\u00e9e de lecture estim\u00e9e":"5 minutes"},"schema":{"@context":"https:\/\/schema.org","@graph":[{"@type":"WebPage","@id":"https:\/\/globalmedsonlineinc.com\/fr\/product\/anti-douleurs\/pilules-de-fentanyl\/","url":"https:\/\/globalmedsonlineinc.com\/fr\/product\/anti-douleurs\/pilules-de-fentanyl\/","name":"Achetez du fentanyl en comprim\u00e9s en ligne sans ordonnance | Global Meds Inc","isPartOf":{"@id":"https:\/\/globalmedsonlineinc.com\/fr\/#website"},"primaryImageOfPage":{"@id":"https:\/\/globalmedsonlineinc.com\/fr\/product\/anti-douleurs\/pilules-de-fentanyl\/#primaryimage"},"image":{"@id":"https:\/\/globalmedsonlineinc.com\/fr\/product\/anti-douleurs\/pilules-de-fentanyl\/#primaryimage"},"thumbnailUrl":"https:\/\/globalmedsonlineinc.com\/fr\/content\/media\/uploads\/sites\/5\/2021\/07\/FENTANYL-Pills.jpg","datePublished":"2021-07-02T18:28:09+00:00","dateModified":"2025-11-29T18:39:53+00:00","description":"Achetez du fentanyl en ligne sans ordonnance chez Global Meds Inc. \u2013 Un opio\u00efde synth\u00e9tique puissant pour un soulagement rapide de la douleur. Livraison discr\u00e8te, comprim\u00e9s de fentanyl de haute qualit\u00e9 \u00e0 partir de 350 \u20ac. Un dosage s\u00fbr est essentiel pour la gestion des douleurs intenses.","breadcrumb":{"@id":"https:\/\/globalmedsonlineinc.com\/fr\/product\/anti-douleurs\/pilules-de-fentanyl\/#breadcrumb"},"inLanguage":"fr-FR","potentialAction":[{"@type":"ReadAction","target":["https:\/\/globalmedsonlineinc.com\/fr\/product\/anti-douleurs\/pilules-de-fentanyl\/"]}]},{"@type":"ImageObject","inLanguage":"fr-FR","@id":"https:\/\/globalmedsonlineinc.com\/fr\/product\/anti-douleurs\/pilules-de-fentanyl\/#primaryimage","url":"https:\/\/globalmedsonlineinc.com\/fr\/content\/media\/uploads\/sites\/5\/2021\/07\/FENTANYL-Pills.jpg","contentUrl":"https:\/\/globalmedsonlineinc.com\/fr\/content\/media\/uploads\/sites\/5\/2021\/07\/FENTANYL-Pills.jpg","width":1200,"height":1200,"caption":"Achetez du fentanyl en comprim\u00e9s en ligne sans ordonnance"},{"@type":"BreadcrumbList","@id":"https:\/\/globalmedsonlineinc.com\/fr\/product\/anti-douleurs\/pilules-de-fentanyl\/#breadcrumb","itemListElement":[{"@type":"ListItem","position":1,"name":"Home","item":"https:\/\/globalmedsonlineinc.com\/fr\/"},{"@type":"ListItem","position":2,"name":"Produits","item":"https:\/\/globalmedsonlineinc.com\/fr\/produits\/"},{"@type":"ListItem","position":3,"name":"Achetez des pilules de fentanyl en ligne"}]},{"@type":"WebSite","@id":"https:\/\/globalmedsonlineinc.com\/fr\/#website","url":"https:\/\/globalmedsonlineinc.com\/fr\/","name":"Global Meds Inc","description":"","potentialAction":[{"@type":"SearchAction","target":{"@type":"EntryPoint","urlTemplate":"https:\/\/globalmedsonlineinc.com\/fr\/?s={search_term_string}"},"query-input":{"@type":"PropertyValueSpecification","valueRequired":true,"valueName":"search_term_string"}}],"inLanguage":"fr-FR"}]}},"_links":{"self":[{"href":"https:\/\/globalmedsonlineinc.com\/fr\/wp-json\/wp\/v2\/product\/9137","targetHints":{"allow":["GET"]}}],"collection":[{"href":"https:\/\/globalmedsonlineinc.com\/fr\/wp-json\/wp\/v2\/product"}],"about":[{"href":"https:\/\/globalmedsonlineinc.com\/fr\/wp-json\/wp\/v2\/types\/product"}],"replies":[{"embeddable":true,"href":"https:\/\/globalmedsonlineinc.com\/fr\/wp-json\/wp\/v2\/comments?post=9137"}],"wp:featuredmedia":[{"embeddable":true,"href":"https:\/\/globalmedsonlineinc.com\/fr\/wp-json\/wp\/v2\/media\/9138"}],"wp:attachment":[{"href":"https:\/\/globalmedsonlineinc.com\/fr\/wp-json\/wp\/v2\/media?parent=9137"}],"wp:term":[{"taxonomy":"product_brand","embeddable":true,"href":"https:\/\/globalmedsonlineinc.com\/fr\/wp-json\/wp\/v2\/product_brand?post=9137"},{"taxonomy":"product_cat","embeddable":true,"href":"https:\/\/globalmedsonlineinc.com\/fr\/wp-json\/wp\/v2\/product_cat?post=9137"},{"taxonomy":"product_tag","embeddable":true,"href":"https:\/\/globalmedsonlineinc.com\/fr\/wp-json\/wp\/v2\/product_tag?post=9137"}],"curies":[{"name":"wp","href":"https:\/\/api.w.org\/{rel}","templated":true}]}}