{"id":9118,"date":"2021-07-02T17:58:41","date_gmt":"2021-07-02T17:58:41","guid":{"rendered":"https:\/\/globalmedsonlineinc.com\/fr\/?post_type=product&#038;p=9118"},"modified":"2025-11-29T18:36:21","modified_gmt":"2025-11-29T18:36:21","slug":"dextroamphetamine","status":"publish","type":"product","link":"https:\/\/globalmedsonlineinc.com\/fr\/product\/anti-douleurs\/dextroamphetamine\/","title":{"rendered":"Achetez des pilules de dextroamph\u00e9tamine en ligne"},"content":{"rendered":"<h1>Achetez de la dextroamph\u00e9tamine en ligne\u00a0: un traitement efficace contre le TDAH et la narcolepsie<\/h1>\n<p><a href=\"https:\/\/globalmedsonlineinc.com\/fr\/product\/anti-douleurs\/dextroamphetamine\/\">Achetez des comprim\u00e9s de dextroamph\u00e9tamine sans ordonnance<\/a>. Dans le monde tr\u00e9pidant d&#8217;aujourd&#8217;hui, g\u00e9rer des troubles comme le trouble du d\u00e9ficit de l&#8217;attention avec hyperactivit\u00e9 (TDAH) et la narcolepsie peut s&#8217;av\u00e9rer difficile. Si vous recherchez une solution fiable \u00e0 base de dextroamph\u00e9tamine pour am\u00e9liorer votre concentration, contr\u00f4ler vos impulsions et rester alerte tout au long de la journ\u00e9e, vous \u00eates au bon endroit. Chez Global Meds Inc., nous proposons de la dextroamph\u00e9tamine de haute qualit\u00e9 \u00e0 la vente en ligne, vous offrant ainsi un acc\u00e8s pratique et discret \u00e0 ce puissant stimulant du syst\u00e8me nerveux central. Que vous souffriez d&#8217;inattention, d&#8217;hyperactivit\u00e9 ou de somnolence diurne excessive, nos comprim\u00e9s de dextroamph\u00e9tamine sont con\u00e7us pour vous accompagner au quotidien sans compromis.<\/p>\n<p>Qu&#8217;est-ce que la dextroamph\u00e9tamine et comment agit-elle\u00a0?<\/p>\n<p>La dextroamph\u00e9tamine, souvent abr\u00e9g\u00e9e en D-AMP, est l&#8217;\u00e9nantiom\u00e8re dextrogyre de l&#8217;amph\u00e9tamine, un puissant stimulant du syst\u00e8me nerveux central (SNC). Contrairement \u00e0 la l\u00e9voamph\u00e9tamine, elle exerce des effets plus cibl\u00e9s sur le cerveau, ce qui en fait un m\u00e9dicament de choix pour des besoins neurologiques sp\u00e9cifiques. Disponible sous forme de marque et en g\u00e9n\u00e9rique, notamment sous la forme de la prodrogue lisdexamf\u00e9tamine, le sulfate de dextroamph\u00e9tamine agit en influen\u00e7ant des neurotransmetteurs cl\u00e9s\u00a0: la dopamine, la noradr\u00e9naline et la s\u00e9rotonine.<\/p>\n<p>En inhibant ou en inversant l&#8217;activit\u00e9 des prot\u00e9ines de transport et en favorisant la lib\u00e9ration de ces substances chimiques \u00e0 partir des v\u00e9sicules synaptiques, la dextroamph\u00e9tamine am\u00e9liore la communication entre les cellules c\u00e9r\u00e9brales. Ce m\u00e9canisme stimule non seulement la vigilance et la concentration, mais contribue \u00e9galement \u00e0 la sant\u00e9 c\u00e9r\u00e9brale \u00e0 long terme. Des \u00e9tudes montrent qu&#8217;une utilisation th\u00e9rapeutique r\u00e9guli\u00e8re chez les patients atteints de TDAH peut favoriser la croissance nerveuse, normaliser des structures c\u00e9r\u00e9brales comme le noyau caud\u00e9 droit et r\u00e9duire les risques associ\u00e9s \u00e0 des sympt\u00f4mes non trait\u00e9s, tels que les troubles li\u00e9s \u00e0 l&#8217;usage de substances plus tard dans la vie.<\/p>\n<p>Si vous envisagez d&#8217;acheter de la dextroamph\u00e9tamine en ligne, soyez assur\u00e9 que nos produits sont s\u00e9lectionn\u00e9s pour leur puret\u00e9 et leur efficacit\u00e9, vous aidant ainsi \u00e0 atteindre la concentration que vous m\u00e9ritez.<\/p>\n<p>Principaux avantages et utilisations de la dextroamph\u00e9tamine<\/p>\n<p>La dextroamph\u00e9tamine n&#8217;est pas un m\u00e9dicament comme les autres\u00a0: c&#8217;est un alli\u00e9 pr\u00e9cieux pour les personnes souffrant de TDAH ou de narcolepsie. Voici pourquoi elle est un choix privil\u00e9gi\u00e9 pour beaucoup\u00a0:<\/p>\n<p>Gestion du TDAH\u00a0: Am\u00e9liore la capacit\u00e9 d&#8217;attention, l&#8217;organisation des t\u00e2ches et le contr\u00f4le du comportement. Une utilisation \u00e0 long terme a \u00e9t\u00e9 associ\u00e9e \u00e0 de meilleurs r\u00e9sultats scolaires, une meilleure int\u00e9gration sociale et une plus grande estime de soi.<\/p>\n<p>Soulagement de la narcolepsie\u00a0: Combat la somnolence diurne excessive, vous permettant de rester productif et concentr\u00e9 sans avoir recours \u00e0 la caf\u00e9ine ou \u00e0 d&#8217;autres solutions temporaires.<\/p>\n<p>Utilisations hors indication\u00a0: Parfois prescrite pour la d\u00e9pression, l&#8217;ob\u00e9sit\u00e9, ou m\u00eame comme stimulant cognitif pour les professions exigeantes \u2013 toujours sous surveillance m\u00e9dicale. Profil de s\u00e9curit\u00e9 \u00e9prouv\u00e9\u00a0: Des \u00e9tudes cliniques soulignent son efficacit\u00e9 et son innocuit\u00e9 lors d\u2019une utilisation prolong\u00e9e, avec des b\u00e9n\u00e9fices se traduisant par une r\u00e9duction de l\u2019impulsivit\u00e9, une meilleure conduite et une diminution du risque d\u2019ob\u00e9sit\u00e9.<\/p>\n<p>Pour les \u00e9tudiants, les professionnels ou toute personne recherchant un traitement \u00e0 base de dextroamph\u00e9tamine pour le TDAH, ce m\u00e9dicament peut \u00eatre une v\u00e9ritable r\u00e9v\u00e9lation. De plus, son utilisation historique dans le milieu militaire confirme son efficacit\u00e9 contre la fatigue.<\/p>\n<p>Posologie recommand\u00e9e pour des r\u00e9sultats optimaux<\/p>\n<p>Pour tirer le meilleur parti des comprim\u00e9s de dextroamph\u00e9tamine, il est essentiel de respecter la posologie. Consultez toujours votre professionnel de sant\u00e9, mais voici un aper\u00e7u g\u00e9n\u00e9ral bas\u00e9 sur les recommandations habituelles\u00a0:<\/p>\n<p>Dose initiale\u00a0: G\u00e9n\u00e9ralement 1 \u00e0 3 fois par jour, la premi\u00e8re prise le matin afin de ne pas perturber le sommeil.<\/p>\n<p>Horaires des prises\u00a0: Espacez les prises suivantes de 4 \u00e0 6\u00a0heures. Les formes liquides doivent \u00eatre mesur\u00e9es avec pr\u00e9cision \u00e0 l\u2019aide d\u2019un dispositif m\u00e9dical.<\/p>\n<p>Adaptation\u00a0: Votre m\u00e9decin adaptera la posologie \u00e0 votre r\u00e9ponse et \u00e0 votre \u00e9tat de sant\u00e9. Prenez le m\u00e9dicament r\u00e9guli\u00e8rement aux m\u00eames heures pour des bienfaits constants.<\/p>\n<p>Sevrage progressif\u00a0: En cas d\u2019arr\u00eat, r\u00e9duisez la dose progressivement afin d\u2019\u00e9viter les sympt\u00f4mes de sevrage tels que la fatigue ou les changements d\u2019humeur.<\/p>\n<p>N&#8217;oubliez pas que la dextroamph\u00e9tamine comporte un risque de d\u00e9pendance, surtout en cas d&#8217;ant\u00e9c\u00e9dents de toxicomanie. Ne d\u00e9passez jamais la dose prescrite et surveillez votre tol\u00e9rance au fil du temps. Gr\u00e2ce \u00e0 notre plateforme en ligne, l&#8217;acc\u00e8s \u00e0 votre stock est simple et rapide, vous assurant ainsi de ne jamais manquer une dose.<\/p>\n<p>Effets secondaires potentiels et pr\u00e9cautions<\/p>\n<p>Comme tout m\u00e9dicament, la dextroamph\u00e9tamine peut provoquer des effets secondaires, mais la plupart sont l\u00e9gers et faciles \u00e0 g\u00e9rer. Les plus fr\u00e9quents sont les naus\u00e9es, la s\u00e9cheresse buccale, les maux de t\u00eate, l&#8217;insomnie et la perte d&#8217;app\u00e9tit, qui s&#8217;att\u00e9nuent g\u00e9n\u00e9ralement \u00e0 mesure que votre corps s&#8217;habitue. Les effets graves, tels qu&#8217;une acc\u00e9l\u00e9ration du rythme cardiaque, des sautes d&#8217;humeur ou des troubles circulatoires, sont rares, mais n\u00e9cessitent une consultation m\u00e9dicale imm\u00e9diate.<\/p>\n<p>Avant de commencer le traitement, discutez de vos ant\u00e9c\u00e9dents m\u00e9dicaux avec un m\u00e9decin, en particulier si vous souffrez de probl\u00e8mes cardiaques, d&#8217;hypertension art\u00e9rielle, de glaucome ou si vous avez des ant\u00e9c\u00e9dents familiaux de troubles mentaux. Ce traitement est d\u00e9conseill\u00e9 pendant la grossesse, l&#8217;allaitement et chez les enfants dont la croissance n&#8217;est pas surveill\u00e9e. \u00c9vitez l&#8217;alcool et soyez prudent en cas d&#8217;interactions m\u00e9dicamenteuses avec des inhibiteurs de la MAO ou des ISRS, qui pourraient entra\u00eener un syndrome s\u00e9rotoninergique.<\/p>\n<p>Chez Global Meds Inc., votre s\u00e9curit\u00e9 est notre priorit\u00e9. Notre dextroamph\u00e9tamine est vendue avec des instructions claires pour vous aider \u00e0 l&#8217;utiliser de mani\u00e8re responsable.<\/p>\n<p>Pourquoi choisir Global Meds Inc. pour vos besoins en dextroamph\u00e9tamine\u00a0?<\/p>\n<p>Acheter de la dextroamph\u00e9tamine en ligne ne devrait pas \u00eatre compliqu\u00e9. Nous proposons des prix comp\u00e9titifs, de 175,00\u00a0\u20ac \u00e0 470,00\u00a0\u20ac selon la quantit\u00e9, avec une livraison rapide et discr\u00e8te dans le monde entier. Nos produits sont test\u00e9s en laboratoire pour garantir leur qualit\u00e9 et vous assurer de recevoir exactement ce qui est promis\u00a0: sans additifs, sans tracas.<\/p>\n<p>Pr\u00eat \u00e0 reprendre le contr\u00f4le\u00a0? Achetez de la dextroamph\u00e9tamine en ligne d\u00e8s aujourd&#8217;hui et constatez la diff\u00e9rence en termes de concentration et d&#8217;\u00e9nergie. Pour des conseils personnalis\u00e9s, contactez votre professionnel de sant\u00e9. Remarque\u00a0: Ce m\u00e9dicament est soumis \u00e0 prescription m\u00e9dicale. Suivez scrupuleusement les instructions.<\/p>\n<p>Avertissement\u00a0: Global Meds Inc. fournit ces informations \u00e0 titre informatif. Consultez toujours un professionnel de sant\u00e9 pour obtenir un avis m\u00e9dical. Ne partagez pas vos m\u00e9dicaments, c&#8217;est ill\u00e9gal.<\/p>\n","protected":false},"excerpt":{"rendered":"<p>Acheter Dextroamph\u00e9tamine en ligne. Dextroamph\u00e9tamine (D-AMP) est un stimulant du syst\u00e8me nerveux central (SNC) et une amph\u00e9tamine.<\/p>\n<p>Ce m\u00e9dicament est utilis\u00e9 pour traiter le trouble d\u00e9ficitaire de l&#8217;attention avec hyperactivit\u00e9 &#8211; TDAH. Il agit en modifiant les quantit\u00e9s de certaines substances naturelles dans le cerveau. La dextroamph\u00e9tamine appartient \u00e0 une classe de m\u00e9dicaments appel\u00e9s stimulants. Elle peut aider \u00e0 augmenter votre capacit\u00e9 d&#8217;attention, \u00e0 rester concentr\u00e9 sur une activit\u00e9 et \u00e0 contr\u00f4ler les probl\u00e8mes de comportement. Elle peut \u00e9galement vous aider \u00e0 organiser vos t\u00e2ches et \u00e0 am\u00e9liorer vos capacit\u00e9s d&#8217;\u00e9coute.<\/p>\n","protected":false},"featured_media":9129,"comment_status":"open","ping_status":"closed","template":"","meta":{"_acf_changed":false,"_monsterinsights_skip_tracking":false,"_monsterinsights_sitenote_active":false,"_monsterinsights_sitenote_note":"","_monsterinsights_sitenote_category":0},"product_brand":[],"product_cat":[52],"product_tag":[741,746,742,748,747,745,744,743],"class_list":{"0":"post-9118","1":"product","2":"type-product","3":"status-publish","4":"has-post-thumbnail","6":"product_cat-anti-douleurs","7":"product_tag-acheter-de-la-dexedrine","8":"product_tag-acheter-de-la-dexedrine-en-ligne","9":"product_tag-acheter-de-la-dexedrine-en-ligne-au-canada","10":"product_tag-acheter-de-la-dexedrine-en-ligne-aux-etats-unis","11":"product_tag-acheter-de-la-dexedrine-en-ligne-en-australie","12":"product_tag-acheter-de-la-dexedrine-sans-ordonnance","13":"product_tag-acheter-des-comprimes-de-dexedrine","14":"product_tag-acheter-des-spansules-de-dexedrine-en-ligne","16":"first","17":"instock","18":"shipping-taxable","19":"purchasable","20":"product-type-variable","21":"has-default-attributes"},"acf":[],"yoast_head":"<!-- This site is optimized with the Yoast SEO plugin v27.2 - https:\/\/yoast.com\/product\/yoast-seo-wordpress\/ -->\n<title>Achetez des comprim\u00e9s de dextroamph\u00e9tamine sans ordonnance | Global Meds Inc.<\/title>\n<meta name=\"description\" content=\"Achetez de la dextroamph\u00e9tamine en ligne pour un traitement efficace du TDAH et de la narcolepsie. Comprim\u00e9s de dextroamph\u00e9tamine de haute qualit\u00e9 \u00e0 partir de 175 \u20ac, livraison rapide et discr\u00e8te. Am\u00e9liorez votre concentration et votre vigilance d\u00e8s aujourd&#039;hui chez Global Meds Inc.\" \/>\n<meta name=\"robots\" content=\"index, follow, max-snippet:-1, max-image-preview:large, max-video-preview:-1\" \/>\n<link rel=\"canonical\" href=\"https:\/\/globalmedsonlineinc.com\/fr\/product\/anti-douleurs\/dextroamphetamine\/\" \/>\n<meta property=\"og:locale\" content=\"fr_FR\" \/>\n<meta property=\"og:type\" content=\"article\" \/>\n<meta property=\"og:title\" content=\"Achetez des comprim\u00e9s de dextroamph\u00e9tamine sans ordonnance | Global Meds Inc.\" \/>\n<meta property=\"og:description\" content=\"Achetez de la dextroamph\u00e9tamine en ligne pour un traitement efficace du TDAH et de la narcolepsie. Comprim\u00e9s de dextroamph\u00e9tamine de haute qualit\u00e9 \u00e0 partir de 175 \u20ac, livraison rapide et discr\u00e8te. Am\u00e9liorez votre concentration et votre vigilance d\u00e8s aujourd&#039;hui chez Global Meds Inc.\" \/>\n<meta property=\"og:url\" content=\"https:\/\/globalmedsonlineinc.com\/fr\/product\/anti-douleurs\/dextroamphetamine\/\" \/>\n<meta property=\"og:site_name\" content=\"Global Meds Inc\" \/>\n<meta property=\"article:modified_time\" content=\"2025-11-29T18:36:21+00:00\" \/>\n<meta property=\"og:image\" content=\"https:\/\/globalmedsonlineinc.com\/fr\/content\/media\/uploads\/sites\/5\/2021\/07\/Buy-Dextroamphetamine-online.jpg\" \/>\n\t<meta property=\"og:image:width\" content=\"1200\" \/>\n\t<meta property=\"og:image:height\" content=\"1200\" \/>\n\t<meta property=\"og:image:type\" content=\"image\/jpeg\" \/>\n<meta name=\"twitter:card\" content=\"summary_large_image\" \/>\n<meta name=\"twitter:label1\" content=\"Dur\u00e9e de lecture estim\u00e9e\" \/>\n\t<meta name=\"twitter:data1\" content=\"6 minutes\" \/>\n<script type=\"application\/ld+json\" class=\"yoast-schema-graph\">{\"@context\":\"https:\/\/schema.org\",\"@graph\":[{\"@type\":\"WebPage\",\"@id\":\"https:\/\/globalmedsonlineinc.com\/fr\/product\/anti-douleurs\/dextroamphetamine\/\",\"url\":\"https:\/\/globalmedsonlineinc.com\/fr\/product\/anti-douleurs\/dextroamphetamine\/\",\"name\":\"Achetez des comprim\u00e9s de dextroamph\u00e9tamine sans ordonnance | Global Meds Inc.\",\"isPartOf\":{\"@id\":\"https:\/\/globalmedsonlineinc.com\/fr\/#website\"},\"primaryImageOfPage\":{\"@id\":\"https:\/\/globalmedsonlineinc.com\/fr\/product\/anti-douleurs\/dextroamphetamine\/#primaryimage\"},\"image\":{\"@id\":\"https:\/\/globalmedsonlineinc.com\/fr\/product\/anti-douleurs\/dextroamphetamine\/#primaryimage\"},\"thumbnailUrl\":\"https:\/\/globalmedsonlineinc.com\/fr\/content\/media\/uploads\/sites\/5\/2021\/07\/Buy-Dextroamphetamine-online.jpg\",\"datePublished\":\"2021-07-02T17:58:41+00:00\",\"dateModified\":\"2025-11-29T18:36:21+00:00\",\"description\":\"Achetez de la dextroamph\u00e9tamine en ligne pour un traitement efficace du TDAH et de la narcolepsie. Comprim\u00e9s de dextroamph\u00e9tamine de haute qualit\u00e9 \u00e0 partir de 175 \u20ac, livraison rapide et discr\u00e8te. Am\u00e9liorez votre concentration et votre vigilance d\u00e8s aujourd'hui chez Global Meds Inc.\",\"breadcrumb\":{\"@id\":\"https:\/\/globalmedsonlineinc.com\/fr\/product\/anti-douleurs\/dextroamphetamine\/#breadcrumb\"},\"inLanguage\":\"fr-FR\",\"potentialAction\":[{\"@type\":\"ReadAction\",\"target\":[\"https:\/\/globalmedsonlineinc.com\/fr\/product\/anti-douleurs\/dextroamphetamine\/\"]}]},{\"@type\":\"ImageObject\",\"inLanguage\":\"fr-FR\",\"@id\":\"https:\/\/globalmedsonlineinc.com\/fr\/product\/anti-douleurs\/dextroamphetamine\/#primaryimage\",\"url\":\"https:\/\/globalmedsonlineinc.com\/fr\/content\/media\/uploads\/sites\/5\/2021\/07\/Buy-Dextroamphetamine-online.jpg\",\"contentUrl\":\"https:\/\/globalmedsonlineinc.com\/fr\/content\/media\/uploads\/sites\/5\/2021\/07\/Buy-Dextroamphetamine-online.jpg\",\"width\":1200,\"height\":1200,\"caption\":\"Dilaudid 8 mg disponible en ligne sans ordonnance\"},{\"@type\":\"BreadcrumbList\",\"@id\":\"https:\/\/globalmedsonlineinc.com\/fr\/product\/anti-douleurs\/dextroamphetamine\/#breadcrumb\",\"itemListElement\":[{\"@type\":\"ListItem\",\"position\":1,\"name\":\"Home\",\"item\":\"https:\/\/globalmedsonlineinc.com\/fr\/\"},{\"@type\":\"ListItem\",\"position\":2,\"name\":\"Produits\",\"item\":\"https:\/\/globalmedsonlineinc.com\/fr\/produits\/\"},{\"@type\":\"ListItem\",\"position\":3,\"name\":\"Achetez des pilules de dextroamph\u00e9tamine en ligne\"}]},{\"@type\":\"WebSite\",\"@id\":\"https:\/\/globalmedsonlineinc.com\/fr\/#website\",\"url\":\"https:\/\/globalmedsonlineinc.com\/fr\/\",\"name\":\"Global Meds Inc\",\"description\":\"\",\"potentialAction\":[{\"@type\":\"SearchAction\",\"target\":{\"@type\":\"EntryPoint\",\"urlTemplate\":\"https:\/\/globalmedsonlineinc.com\/fr\/?s={search_term_string}\"},\"query-input\":{\"@type\":\"PropertyValueSpecification\",\"valueRequired\":true,\"valueName\":\"search_term_string\"}}],\"inLanguage\":\"fr-FR\"}]}<\/script>\n<!-- \/ Yoast SEO plugin. -->","yoast_head_json":{"title":"Achetez des comprim\u00e9s de dextroamph\u00e9tamine sans ordonnance | Global Meds Inc.","description":"Achetez de la dextroamph\u00e9tamine en ligne pour un traitement efficace du TDAH et de la narcolepsie. Comprim\u00e9s de dextroamph\u00e9tamine de haute qualit\u00e9 \u00e0 partir de 175 \u20ac, livraison rapide et discr\u00e8te. Am\u00e9liorez votre concentration et votre vigilance d\u00e8s aujourd'hui chez Global Meds Inc.","robots":{"index":"index","follow":"follow","max-snippet":"max-snippet:-1","max-image-preview":"max-image-preview:large","max-video-preview":"max-video-preview:-1"},"canonical":"https:\/\/globalmedsonlineinc.com\/fr\/product\/anti-douleurs\/dextroamphetamine\/","og_locale":"fr_FR","og_type":"article","og_title":"Achetez des comprim\u00e9s de dextroamph\u00e9tamine sans ordonnance | Global Meds Inc.","og_description":"Achetez de la dextroamph\u00e9tamine en ligne pour un traitement efficace du TDAH et de la narcolepsie. Comprim\u00e9s de dextroamph\u00e9tamine de haute qualit\u00e9 \u00e0 partir de 175 \u20ac, livraison rapide et discr\u00e8te. Am\u00e9liorez votre concentration et votre vigilance d\u00e8s aujourd'hui chez Global Meds Inc.","og_url":"https:\/\/globalmedsonlineinc.com\/fr\/product\/anti-douleurs\/dextroamphetamine\/","og_site_name":"Global Meds Inc","article_modified_time":"2025-11-29T18:36:21+00:00","og_image":[{"width":1200,"height":1200,"url":"https:\/\/globalmedsonlineinc.com\/fr\/content\/media\/uploads\/sites\/5\/2021\/07\/Buy-Dextroamphetamine-online.jpg","type":"image\/jpeg"}],"twitter_card":"summary_large_image","twitter_misc":{"Dur\u00e9e de lecture estim\u00e9e":"6 minutes"},"schema":{"@context":"https:\/\/schema.org","@graph":[{"@type":"WebPage","@id":"https:\/\/globalmedsonlineinc.com\/fr\/product\/anti-douleurs\/dextroamphetamine\/","url":"https:\/\/globalmedsonlineinc.com\/fr\/product\/anti-douleurs\/dextroamphetamine\/","name":"Achetez des comprim\u00e9s de dextroamph\u00e9tamine sans ordonnance | Global Meds Inc.","isPartOf":{"@id":"https:\/\/globalmedsonlineinc.com\/fr\/#website"},"primaryImageOfPage":{"@id":"https:\/\/globalmedsonlineinc.com\/fr\/product\/anti-douleurs\/dextroamphetamine\/#primaryimage"},"image":{"@id":"https:\/\/globalmedsonlineinc.com\/fr\/product\/anti-douleurs\/dextroamphetamine\/#primaryimage"},"thumbnailUrl":"https:\/\/globalmedsonlineinc.com\/fr\/content\/media\/uploads\/sites\/5\/2021\/07\/Buy-Dextroamphetamine-online.jpg","datePublished":"2021-07-02T17:58:41+00:00","dateModified":"2025-11-29T18:36:21+00:00","description":"Achetez de la dextroamph\u00e9tamine en ligne pour un traitement efficace du TDAH et de la narcolepsie. Comprim\u00e9s de dextroamph\u00e9tamine de haute qualit\u00e9 \u00e0 partir de 175 \u20ac, livraison rapide et discr\u00e8te. Am\u00e9liorez votre concentration et votre vigilance d\u00e8s aujourd'hui chez Global Meds Inc.","breadcrumb":{"@id":"https:\/\/globalmedsonlineinc.com\/fr\/product\/anti-douleurs\/dextroamphetamine\/#breadcrumb"},"inLanguage":"fr-FR","potentialAction":[{"@type":"ReadAction","target":["https:\/\/globalmedsonlineinc.com\/fr\/product\/anti-douleurs\/dextroamphetamine\/"]}]},{"@type":"ImageObject","inLanguage":"fr-FR","@id":"https:\/\/globalmedsonlineinc.com\/fr\/product\/anti-douleurs\/dextroamphetamine\/#primaryimage","url":"https:\/\/globalmedsonlineinc.com\/fr\/content\/media\/uploads\/sites\/5\/2021\/07\/Buy-Dextroamphetamine-online.jpg","contentUrl":"https:\/\/globalmedsonlineinc.com\/fr\/content\/media\/uploads\/sites\/5\/2021\/07\/Buy-Dextroamphetamine-online.jpg","width":1200,"height":1200,"caption":"Dilaudid 8 mg disponible en ligne sans ordonnance"},{"@type":"BreadcrumbList","@id":"https:\/\/globalmedsonlineinc.com\/fr\/product\/anti-douleurs\/dextroamphetamine\/#breadcrumb","itemListElement":[{"@type":"ListItem","position":1,"name":"Home","item":"https:\/\/globalmedsonlineinc.com\/fr\/"},{"@type":"ListItem","position":2,"name":"Produits","item":"https:\/\/globalmedsonlineinc.com\/fr\/produits\/"},{"@type":"ListItem","position":3,"name":"Achetez des pilules de dextroamph\u00e9tamine en ligne"}]},{"@type":"WebSite","@id":"https:\/\/globalmedsonlineinc.com\/fr\/#website","url":"https:\/\/globalmedsonlineinc.com\/fr\/","name":"Global Meds Inc","description":"","potentialAction":[{"@type":"SearchAction","target":{"@type":"EntryPoint","urlTemplate":"https:\/\/globalmedsonlineinc.com\/fr\/?s={search_term_string}"},"query-input":{"@type":"PropertyValueSpecification","valueRequired":true,"valueName":"search_term_string"}}],"inLanguage":"fr-FR"}]}},"_links":{"self":[{"href":"https:\/\/globalmedsonlineinc.com\/fr\/wp-json\/wp\/v2\/product\/9118","targetHints":{"allow":["GET"]}}],"collection":[{"href":"https:\/\/globalmedsonlineinc.com\/fr\/wp-json\/wp\/v2\/product"}],"about":[{"href":"https:\/\/globalmedsonlineinc.com\/fr\/wp-json\/wp\/v2\/types\/product"}],"replies":[{"embeddable":true,"href":"https:\/\/globalmedsonlineinc.com\/fr\/wp-json\/wp\/v2\/comments?post=9118"}],"wp:featuredmedia":[{"embeddable":true,"href":"https:\/\/globalmedsonlineinc.com\/fr\/wp-json\/wp\/v2\/media\/9129"}],"wp:attachment":[{"href":"https:\/\/globalmedsonlineinc.com\/fr\/wp-json\/wp\/v2\/media?parent=9118"}],"wp:term":[{"taxonomy":"product_brand","embeddable":true,"href":"https:\/\/globalmedsonlineinc.com\/fr\/wp-json\/wp\/v2\/product_brand?post=9118"},{"taxonomy":"product_cat","embeddable":true,"href":"https:\/\/globalmedsonlineinc.com\/fr\/wp-json\/wp\/v2\/product_cat?post=9118"},{"taxonomy":"product_tag","embeddable":true,"href":"https:\/\/globalmedsonlineinc.com\/fr\/wp-json\/wp\/v2\/product_tag?post=9118"}],"curies":[{"name":"wp","href":"https:\/\/api.w.org\/{rel}","templated":true}]}}